{"id":9907,"date":"2018-10-19T08:12:58","date_gmt":"2018-10-19T08:12:58","guid":{"rendered":"https:\/\/www.palmatin.com\/cross-laminated-timber-panel-clt-panel\/"},"modified":"2019-05-09T09:42:36","modified_gmt":"2019-05-09T09:42:36","slug":"korslimmat-tra-kl-panel","status":"publish","type":"page","link":"https:\/\/www.palmatin.com\/sv\/korslimmat-tra-kl-panel\/","title":{"rendered":"Korslimmat tr\u00e4 &#8211; KL panel"},"content":{"rendered":"<h3><\/h3>\n<p>&nbsp;<\/p>\n<p><strong>Korslimmat tr\u00e4 (KL-tr\u00e4) \u00e4r en modern, milj\u00f6v\u00e4nlig och flexibel panel.<\/strong><\/p>\n<p>KL-panelen \u00e4r en stark tr\u00e4panel med utm\u00e4rkt b\u00e4rkraft. Den passar perfekt f\u00f6r alla designbehov tack vare flexibiliteten i panelens dimensioner och mycket bra fysiska egenskaper.<\/p>\n<p>Panelen, som best\u00e5r av flera skikt av tr\u00e4 som limmats ihop, tillverkas av h\u00f6gkvalitativa material vilket s\u00e4kerst\u00e4ller att panelerna \u00e4r formstabila och har exakta m\u00e5tt.<\/p>\n<p>KL-tr\u00e4 anv\u00e4nds allm\u00e4nt fr\u00e5n bostadshus till stora byggnadsprojekt. De stora panelerna av massivt tr\u00e4 kan enkelt uppfylla de s\u00e4rskilda kraven i statiken.<\/p>\n<p>Tack vare sin h\u00f6ga b\u00e4rkraft \u00e4r den korslimmade tr\u00e4panelen ett utm\u00e4rkt val f\u00f6r h\u00f6ghus och administrativa byggnader.<\/p>\n<p>Snabb och enkel installation av huselement minskar betydligt den tid som beh\u00f6vs f\u00f6r byggnadsarbetet.<\/p>\n<p>Flexibiliteten i panelproduktionen erbjuder ett brett utbud av m\u00f6jligheter f\u00f6r b\u00e5de samtida arkitekter och f\u00f6r de som gillar traditionella byggstilar.<\/p>\n<p><strong>Anv\u00e4ndningsomr\u00e5den:<\/strong><\/p>\n<ul>\n<li>Villor och flerbostadshus<\/li>\n<li>Flerv\u00e5ningshus<\/li>\n<li>Tillbyggnad<\/li>\n<li>Stadsutveckling<\/li>\n<li>Sjukhus och skolor<\/li>\n<li>Kommersiella byggnader, kontor och industribyggnader<\/li>\n<li>Jordbruksbyggnader<\/li>\n<li>Turism och rekreationscenter<\/li>\n<li>Prefabricerade hus<\/li>\n<\/ul>\n<p><strong>Egenskaper:<\/strong><\/p>\n<ul>\n<li>Stark, v\u00e4rdebevarande konstruktion<\/li>\n<li>Extra utrymme tack vare ett tunnare element<\/li>\n<li>Flexibel design<\/li>\n<li>Utm\u00e4rkt form- och tv\u00e4rsnittsnoggrannhet<\/li>\n<li>H\u00f6gsta klassens fysiska egenskaper<\/li>\n<li>F\u00f6rberedda element, l\u00e4tt att reng\u00f6ra, dammfri installation<\/li>\n<li>Snabb installation f\u00f6r att tekniska v\u00e4ntetider uteblir p\u00e5 byggarbetsplatsen<\/li>\n<li>Naturligt och h\u00e5llbart byggmaterial<\/li>\n<li>CO2holder<\/li>\n<\/ul>\n<h3>Produktion av paneler fr\u00e5n KL-tr\u00e4<\/h3>\n<p>Fingerskarvade och hyvlade lameller placeras mot varandra, varefter lamellerna limmas ihop.<\/p>\n<h4>Panelkvalitet:<\/h4>\n<p><strong>Industriell kvalitet:<\/strong><\/p>\n<p>I ej synliga strukturer, med alla strukturella egenskaper, f\u00f6r anv\u00e4ndning i ej synliga strukturer (t.ex. under gipsskivan)<\/p>\n<ul>\n<li>De \u00f6vre lamellerna sorteras enligt kraven f\u00f6r b\u00e4rande konstruktioner i C24 enligt EN 338. H\u00f6gst 10% C16 material \u00e4r till\u00e5tet.<\/li>\n<li>F\u00e4rg\u00e4ndringar i lamellerna \u00e4r till\u00e5tna (t.ex. bl\u00e5nad), s\u00e5v\u00e4l som kvisth\u00e5l, inv\u00e4xt och k\u00e5dl\u00e5por.<\/li>\n<li>Lagade sprickor i ytterskiktet, limsp\u00e5r och tryckm\u00e4rken kan synas p\u00e5 utsidan.<\/li>\n<li>Hyvlad yta<\/li>\n<\/ul>\n<p><strong>Standardkvalitet:<\/strong><\/p>\n<p>Till\u00e4gg f\u00f6r utseendekrav<\/p>\n<ul>\n<li>Str\u00e4ngare kriterier f\u00f6r utseendekrav f\u00f6r yttre lager, i motsats till panelerna som \u00e4r sorterade efter h\u00e5rdhetskrav.<\/li>\n<li>De yttre lamellerna \u00e4r renhyvlade. Enstaka kvisth\u00e5l \u00e4r m\u00f6jliga, defekter och sm\u00e5 k\u00e5dl\u00e5por \u00e4r till\u00e5tna<\/li>\n<li>Hyvlad och lagad yta<\/li>\n<\/ul>\n<p><strong>Kvalitetet f\u00f6r bostaden<\/strong><\/p>\n<p>H\u00f6ga krav p\u00e5 synliga delar av elementet. Det h\u00f6gsta utv\u00e4rderingskriteriet f\u00f6r utseendet p\u00e5 virke anv\u00e4nds h\u00e4r. Lamellernas tjocklek \u00e4r max. 20 mm och de behandlas med limning och f\u00f6rtorkning, vilket garanterar minimal \u00f6ppning av fogarna. Lamellerna \u00e4r f\u00f6rlimmade ihop och inget lim l\u00e4ggs l\u00e4ngs lamellernas flatsida f\u00f6r att f\u00f6rhindra sprickor.<\/p>\n<p>Information:<\/p>\n<p>Tr\u00e4 \u00e4r ett naturligt material. Det kan finnas vissa variationer i ytans kvalitet, \u00e4ven n\u00e4r r\u00e5materialet v\u00e4ljs noggrannt. Utseendet p\u00e5 en KL-panel kommer fr\u00e5n det \u00f6versta skiktet.<\/p>\n<h3>Lastning och transport<\/h3>\n<p>F\u00f6r att s\u00e4kerst\u00e4lla den optimala hastigheten f\u00f6r tillverkning av KL-panelerna, b\u00f6r det planeras vid best\u00e4llning av r\u00e5varorna. Enligt denna plan \u00e4r det m\u00f6jligt att planera hela produktionen s\u00e5 att panelerna kan skickas direkt till byggnadsplatsen f\u00f6r installation. En l\u00f6sning m\u00e5ste hittas som passar b\u00e5de f\u00f6r att uppfylla kundens \u00f6nskem\u00e5l och produktionen. F\u00f6r att alltid ha tillr\u00e4cklig information om produktionen meddelar vi dig alltid flera dagar innan lastning. Vi kommer ocks\u00e5 att meddela vilka paneler som produceras f\u00f6r att f\u00f6rhindra f\u00f6rdr\u00f6jningar i installationen eller en v\u00e4ntan p\u00e5 lyftanordningar.<\/p>\n<p><strong>Transportalternativ:<\/strong><br \/>\nPaneler horisontellt p\u00e5 lastbilens golv<br \/>\nPanelerna lastas uppr\u00e4tt, dvs vertikalt<\/p>\n<p><strong>Lyftning av paneler:<\/strong><br \/>\nKL-panelerna \u00e4r f\u00f6rsedda med installationsst\u00f6d. Det betyder att panelerna har lyftband eller speciella lyftpunkter f\u00f6r att lyfta dem p\u00e5 fabriken och p\u00e5 byggarbetsplatsen.<\/p>\n","protected":false},"excerpt":{"rendered":"<p>&nbsp; Korslimmat tr\u00e4 (KL-tr\u00e4) \u00e4r en modern, milj\u00f6v\u00e4nlig och flexibel panel. KL-panelen \u00e4r en stark tr\u00e4panel med utm\u00e4rkt b\u00e4rkraft. Den passar perfekt f\u00f6r alla designbehov tack vare flexibiliteten i panelens dimensioner och mycket bra fysiska egenskaper. Panelen, som best\u00e5r av flera skikt av tr\u00e4 som limmats ihop, tillverkas av h\u00f6gkvalitativa material vilket s\u00e4kerst\u00e4ller att panelerna &hellip; <a href=\"https:\/\/www.palmatin.com\/sv\/korslimmat-tra-kl-panel\/\">Fortsatt<\/a><\/p>\n","protected":false},"author":2,"featured_media":1499,"parent":0,"menu_order":0,"comment_status":"closed","ping_status":"closed","template":"views\/template-page.blade.php","meta":{"_acf_changed":false,"footnotes":""},"class_list":["post-9907","page","type-page","status-publish","has-post-thumbnail","hentry"],"acf":[],"yoast_head":"<!-- This site is optimized with the Yoast SEO Premium plugin v27.3 (Yoast SEO v27.4) - https:\/\/yoast.com\/product\/yoast-seo-premium-wordpress\/ -->\n<title>Korslimmat tr\u00e4 - KL panel - Palmatin.com<\/title>\n<meta name=\"description\" content=\"&nbsp; Korslimmat tr\u00e4 (KL-tr\u00e4) \u00e4r en modern, milj\u00f6v\u00e4nlig och flexibel panel. KL-panelen \u00e4r en stark tr\u00e4panel med utm\u00e4rkt b\u00e4rkraft. Den passar perfekt f\u00f6r\" \/>\n<meta name=\"robots\" content=\"index, follow, max-snippet:-1, max-image-preview:large, max-video-preview:-1\" \/>\n<link rel=\"canonical\" href=\"https:\/\/www.palmatin.com\/sv\/korslimmat-tra-kl-panel\/\" \/>\n<meta property=\"og:locale\" content=\"sv_SE\" \/>\n<meta property=\"og:type\" content=\"article\" \/>\n<meta property=\"og:title\" content=\"Korslimmat tr\u00e4 - KL panel\" \/>\n<meta property=\"og:description\" content=\"&nbsp; Korslimmat tr\u00e4 (KL-tr\u00e4) \u00e4r en modern, milj\u00f6v\u00e4nlig och flexibel panel. KL-panelen \u00e4r en stark tr\u00e4panel med utm\u00e4rkt b\u00e4rkraft. Den passar perfekt f\u00f6r\" \/>\n<meta property=\"og:url\" content=\"https:\/\/www.palmatin.com\/sv\/korslimmat-tra-kl-panel\/\" \/>\n<meta property=\"og:site_name\" content=\"Palmatin.com\" \/>\n<meta property=\"article:publisher\" content=\"https:\/\/www.facebook.com\/palmatin.wooden.houses\" \/>\n<meta property=\"article:modified_time\" content=\"2019-05-09T09:42:36+00:00\" \/>\n<meta property=\"og:image\" content=\"https:\/\/www.palmatin.com\/wp-content\/uploads\/2018\/08\/log_houses.jpg\" \/>\n\t<meta property=\"og:image:width\" content=\"1920\" \/>\n\t<meta property=\"og:image:height\" content=\"300\" \/>\n\t<meta property=\"og:image:type\" content=\"image\/jpeg\" \/>\n<meta name=\"twitter:card\" content=\"summary_large_image\" \/>\n<meta name=\"twitter:site\" content=\"@palmatinhouses\" \/>\n<meta name=\"twitter:label1\" content=\"Ber\u00e4knad l\u00e4stid\" \/>\n\t<meta name=\"twitter:data1\" content=\"3 minuter\" \/>\n<script type=\"application\/ld+json\" class=\"yoast-schema-graph\">{\"@context\":\"https:\\\/\\\/schema.org\",\"@graph\":[{\"@type\":\"WebPage\",\"@id\":\"https:\\\/\\\/www.palmatin.com\\\/sv\\\/korslimmat-tra-kl-panel\\\/\",\"url\":\"https:\\\/\\\/www.palmatin.com\\\/sv\\\/korslimmat-tra-kl-panel\\\/\",\"name\":\"Korslimmat tr\u00e4 - KL panel - Palmatin.com\",\"isPartOf\":{\"@id\":\"https:\\\/\\\/www.palmatin.com\\\/sv\\\/#website\"},\"primaryImageOfPage\":{\"@id\":\"https:\\\/\\\/www.palmatin.com\\\/sv\\\/korslimmat-tra-kl-panel\\\/#primaryimage\"},\"image\":{\"@id\":\"https:\\\/\\\/www.palmatin.com\\\/sv\\\/korslimmat-tra-kl-panel\\\/#primaryimage\"},\"thumbnailUrl\":\"https:\\\/\\\/www.palmatin.com\\\/wp-content\\\/uploads\\\/2018\\\/08\\\/log_houses.jpg\",\"datePublished\":\"2018-10-19T08:12:58+00:00\",\"dateModified\":\"2019-05-09T09:42:36+00:00\",\"description\":\"&nbsp; Korslimmat tr\u00e4 (KL-tr\u00e4) \u00e4r en modern, milj\u00f6v\u00e4nlig och flexibel panel. KL-panelen \u00e4r en stark tr\u00e4panel med utm\u00e4rkt b\u00e4rkraft. Den passar perfekt f\u00f6r\",\"breadcrumb\":{\"@id\":\"https:\\\/\\\/www.palmatin.com\\\/sv\\\/korslimmat-tra-kl-panel\\\/#breadcrumb\"},\"inLanguage\":\"sv-SE\",\"potentialAction\":[{\"@type\":\"ReadAction\",\"target\":[\"https:\\\/\\\/www.palmatin.com\\\/sv\\\/korslimmat-tra-kl-panel\\\/\"]}]},{\"@type\":\"ImageObject\",\"inLanguage\":\"sv-SE\",\"@id\":\"https:\\\/\\\/www.palmatin.com\\\/sv\\\/korslimmat-tra-kl-panel\\\/#primaryimage\",\"url\":\"https:\\\/\\\/www.palmatin.com\\\/wp-content\\\/uploads\\\/2018\\\/08\\\/log_houses.jpg\",\"contentUrl\":\"https:\\\/\\\/www.palmatin.com\\\/wp-content\\\/uploads\\\/2018\\\/08\\\/log_houses.jpg\",\"width\":1920,\"height\":300,\"caption\":\"Palmatin mod\u00e8le maison en rondins, page contact\"},{\"@type\":\"BreadcrumbList\",\"@id\":\"https:\\\/\\\/www.palmatin.com\\\/sv\\\/korslimmat-tra-kl-panel\\\/#breadcrumb\",\"itemListElement\":[{\"@type\":\"ListItem\",\"position\":1,\"name\":\"Home\",\"item\":\"https:\\\/\\\/www.palmatin.com\\\/sv\\\/\"},{\"@type\":\"ListItem\",\"position\":2,\"name\":\"Korslimmat tr\u00e4 &#8211; KL panel\"}]},{\"@type\":\"WebSite\",\"@id\":\"https:\\\/\\\/www.palmatin.com\\\/sv\\\/#website\",\"url\":\"https:\\\/\\\/www.palmatin.com\\\/sv\\\/\",\"name\":\"Palmatin.com\",\"description\":\"Custom made wooden houses from project to assembly.\",\"publisher\":{\"@id\":\"https:\\\/\\\/www.palmatin.com\\\/sv\\\/#organization\"},\"inLanguage\":\"sv-SE\"},{\"@type\":[\"Organization\",\"Place\",\"HomeAndConstructionBusiness\"],\"@id\":\"https:\\\/\\\/www.palmatin.com\\\/sv\\\/#organization\",\"name\":\"Palmatin\",\"alternateName\":\"Palmatin Wooden Houses\",\"url\":\"https:\\\/\\\/www.palmatin.com\\\/sv\\\/\",\"logo\":{\"@id\":\"https:\\\/\\\/www.palmatin.com\\\/sv\\\/korslimmat-tra-kl-panel\\\/#local-main-organization-logo\"},\"image\":{\"@id\":\"https:\\\/\\\/www.palmatin.com\\\/sv\\\/korslimmat-tra-kl-panel\\\/#local-main-organization-logo\"},\"sameAs\":[\"https:\\\/\\\/www.facebook.com\\\/palmatin.wooden.houses\",\"https:\\\/\\\/x.com\\\/palmatinhouses\",\"https:\\\/\\\/www.instagram.com\\\/palmatinwoodenhouses\\\/\",\"https:\\\/\\\/www.linkedin.com\\\/company\\\/palmatin-wooden-houses\",\"https:\\\/\\\/www.pinterest.com\\\/palmatin\\\/\",\"https:\\\/\\\/www.youtube.com\\\/channel\\\/UCS3v-T7tq4sPU5YkEvukfYg\"],\"description\":\"Palmatin wooden houses are expertly crafted, sustainable prefabricated element houses and log homes renowned for their durability, energy efficiency, and elegant Nordic design. Combining traditional building techniques with modern technology, Palmatin delivers customized living spaces that blend seamlessly with nature, ensuring comfort, quality, and eco-friendly living for generations.\",\"legalName\":\"Palmatin O\u00dc\",\"foundingDate\":\"1995-05-12\",\"numberOfEmployees\":{\"@type\":\"QuantitativeValue\",\"minValue\":\"11\",\"maxValue\":\"50\"},\"address\":{\"@id\":\"https:\\\/\\\/www.palmatin.com\\\/sv\\\/korslimmat-tra-kl-panel\\\/#local-main-place-address\"},\"telephone\":[\"(+372) 605 48 95\"],\"openingHoursSpecification\":[{\"@type\":\"OpeningHoursSpecification\",\"dayOfWeek\":[\"Monday\",\"Tuesday\",\"Wednesday\",\"Thursday\",\"Friday\"],\"opens\":\"08:00\",\"closes\":\"17:00\"},{\"@type\":\"OpeningHoursSpecification\",\"dayOfWeek\":[\"Saturday\",\"Sunday\"],\"opens\":\"00:00\",\"closes\":\"00:00\"}],\"email\":\"info@palmatin.com\",\"faxNumber\":\"(+372) 605 48 92\",\"areaServed\":\"world\",\"vatID\":\"EE100240388\",\"priceRange\":\"$$$\",\"currenciesAccepted\":\"Euros\"},{\"@type\":\"PostalAddress\",\"@id\":\"https:\\\/\\\/www.palmatin.com\\\/sv\\\/korslimmat-tra-kl-panel\\\/#local-main-place-address\",\"streetAddress\":\"Tammi tee 40b\",\"addressLocality\":\"Rannamoeisa\",\"postalCode\":\"76906\",\"addressRegion\":\"Harju parish\",\"addressCountry\":\"EE\"},{\"@type\":\"ImageObject\",\"inLanguage\":\"sv-SE\",\"@id\":\"https:\\\/\\\/www.palmatin.com\\\/sv\\\/korslimmat-tra-kl-panel\\\/#local-main-organization-logo\",\"url\":\"https:\\\/\\\/www.palmatin.com\\\/wp-content\\\/uploads\\\/2022\\\/11\\\/Logo_wrt.jpg\",\"contentUrl\":\"https:\\\/\\\/www.palmatin.com\\\/wp-content\\\/uploads\\\/2022\\\/11\\\/Logo_wrt.jpg\",\"width\":1458,\"height\":857,\"caption\":\"Palmatin\"}]}<\/script>\n<meta name=\"geo.placename\" content=\"Rannamoeisa\" \/>\n<meta name=\"geo.region\" content=\"Estland\" \/>\n<!-- \/ Yoast SEO Premium plugin. -->","yoast_head_json":{"title":"Korslimmat tr\u00e4 - KL panel - Palmatin.com","description":"&nbsp; Korslimmat tr\u00e4 (KL-tr\u00e4) \u00e4r en modern, milj\u00f6v\u00e4nlig och flexibel panel. KL-panelen \u00e4r en stark tr\u00e4panel med utm\u00e4rkt b\u00e4rkraft. Den passar perfekt f\u00f6r","robots":{"index":"index","follow":"follow","max-snippet":"max-snippet:-1","max-image-preview":"max-image-preview:large","max-video-preview":"max-video-preview:-1"},"canonical":"https:\/\/www.palmatin.com\/sv\/korslimmat-tra-kl-panel\/","og_locale":"sv_SE","og_type":"article","og_title":"Korslimmat tr\u00e4 - KL panel","og_description":"&nbsp; Korslimmat tr\u00e4 (KL-tr\u00e4) \u00e4r en modern, milj\u00f6v\u00e4nlig och flexibel panel. KL-panelen \u00e4r en stark tr\u00e4panel med utm\u00e4rkt b\u00e4rkraft. Den passar perfekt f\u00f6r","og_url":"https:\/\/www.palmatin.com\/sv\/korslimmat-tra-kl-panel\/","og_site_name":"Palmatin.com","article_publisher":"https:\/\/www.facebook.com\/palmatin.wooden.houses","article_modified_time":"2019-05-09T09:42:36+00:00","og_image":[{"width":1920,"height":300,"url":"https:\/\/www.palmatin.com\/wp-content\/uploads\/2018\/08\/log_houses.jpg","type":"image\/jpeg"}],"twitter_card":"summary_large_image","twitter_site":"@palmatinhouses","twitter_misc":{"Ber\u00e4knad l\u00e4stid":"3 minuter"},"schema":{"@context":"https:\/\/schema.org","@graph":[{"@type":"WebPage","@id":"https:\/\/www.palmatin.com\/sv\/korslimmat-tra-kl-panel\/","url":"https:\/\/www.palmatin.com\/sv\/korslimmat-tra-kl-panel\/","name":"Korslimmat tr\u00e4 - KL panel - Palmatin.com","isPartOf":{"@id":"https:\/\/www.palmatin.com\/sv\/#website"},"primaryImageOfPage":{"@id":"https:\/\/www.palmatin.com\/sv\/korslimmat-tra-kl-panel\/#primaryimage"},"image":{"@id":"https:\/\/www.palmatin.com\/sv\/korslimmat-tra-kl-panel\/#primaryimage"},"thumbnailUrl":"https:\/\/www.palmatin.com\/wp-content\/uploads\/2018\/08\/log_houses.jpg","datePublished":"2018-10-19T08:12:58+00:00","dateModified":"2019-05-09T09:42:36+00:00","description":"&nbsp; Korslimmat tr\u00e4 (KL-tr\u00e4) \u00e4r en modern, milj\u00f6v\u00e4nlig och flexibel panel. KL-panelen \u00e4r en stark tr\u00e4panel med utm\u00e4rkt b\u00e4rkraft. Den passar perfekt f\u00f6r","breadcrumb":{"@id":"https:\/\/www.palmatin.com\/sv\/korslimmat-tra-kl-panel\/#breadcrumb"},"inLanguage":"sv-SE","potentialAction":[{"@type":"ReadAction","target":["https:\/\/www.palmatin.com\/sv\/korslimmat-tra-kl-panel\/"]}]},{"@type":"ImageObject","inLanguage":"sv-SE","@id":"https:\/\/www.palmatin.com\/sv\/korslimmat-tra-kl-panel\/#primaryimage","url":"https:\/\/www.palmatin.com\/wp-content\/uploads\/2018\/08\/log_houses.jpg","contentUrl":"https:\/\/www.palmatin.com\/wp-content\/uploads\/2018\/08\/log_houses.jpg","width":1920,"height":300,"caption":"Palmatin mod\u00e8le maison en rondins, page contact"},{"@type":"BreadcrumbList","@id":"https:\/\/www.palmatin.com\/sv\/korslimmat-tra-kl-panel\/#breadcrumb","itemListElement":[{"@type":"ListItem","position":1,"name":"Home","item":"https:\/\/www.palmatin.com\/sv\/"},{"@type":"ListItem","position":2,"name":"Korslimmat tr\u00e4 &#8211; KL panel"}]},{"@type":"WebSite","@id":"https:\/\/www.palmatin.com\/sv\/#website","url":"https:\/\/www.palmatin.com\/sv\/","name":"Palmatin.com","description":"Custom made wooden houses from project to assembly.","publisher":{"@id":"https:\/\/www.palmatin.com\/sv\/#organization"},"inLanguage":"sv-SE"},{"@type":["Organization","Place","HomeAndConstructionBusiness"],"@id":"https:\/\/www.palmatin.com\/sv\/#organization","name":"Palmatin","alternateName":"Palmatin Wooden Houses","url":"https:\/\/www.palmatin.com\/sv\/","logo":{"@id":"https:\/\/www.palmatin.com\/sv\/korslimmat-tra-kl-panel\/#local-main-organization-logo"},"image":{"@id":"https:\/\/www.palmatin.com\/sv\/korslimmat-tra-kl-panel\/#local-main-organization-logo"},"sameAs":["https:\/\/www.facebook.com\/palmatin.wooden.houses","https:\/\/x.com\/palmatinhouses","https:\/\/www.instagram.com\/palmatinwoodenhouses\/","https:\/\/www.linkedin.com\/company\/palmatin-wooden-houses","https:\/\/www.pinterest.com\/palmatin\/","https:\/\/www.youtube.com\/channel\/UCS3v-T7tq4sPU5YkEvukfYg"],"description":"Palmatin wooden houses are expertly crafted, sustainable prefabricated element houses and log homes renowned for their durability, energy efficiency, and elegant Nordic design. Combining traditional building techniques with modern technology, Palmatin delivers customized living spaces that blend seamlessly with nature, ensuring comfort, quality, and eco-friendly living for generations.","legalName":"Palmatin O\u00dc","foundingDate":"1995-05-12","numberOfEmployees":{"@type":"QuantitativeValue","minValue":"11","maxValue":"50"},"address":{"@id":"https:\/\/www.palmatin.com\/sv\/korslimmat-tra-kl-panel\/#local-main-place-address"},"telephone":["(+372) 605 48 95"],"openingHoursSpecification":[{"@type":"OpeningHoursSpecification","dayOfWeek":["Monday","Tuesday","Wednesday","Thursday","Friday"],"opens":"08:00","closes":"17:00"},{"@type":"OpeningHoursSpecification","dayOfWeek":["Saturday","Sunday"],"opens":"00:00","closes":"00:00"}],"email":"info@palmatin.com","faxNumber":"(+372) 605 48 92","areaServed":"world","vatID":"EE100240388","priceRange":"$$$","currenciesAccepted":"Euros"},{"@type":"PostalAddress","@id":"https:\/\/www.palmatin.com\/sv\/korslimmat-tra-kl-panel\/#local-main-place-address","streetAddress":"Tammi tee 40b","addressLocality":"Rannamoeisa","postalCode":"76906","addressRegion":"Harju parish","addressCountry":"EE"},{"@type":"ImageObject","inLanguage":"sv-SE","@id":"https:\/\/www.palmatin.com\/sv\/korslimmat-tra-kl-panel\/#local-main-organization-logo","url":"https:\/\/www.palmatin.com\/wp-content\/uploads\/2022\/11\/Logo_wrt.jpg","contentUrl":"https:\/\/www.palmatin.com\/wp-content\/uploads\/2022\/11\/Logo_wrt.jpg","width":1458,"height":857,"caption":"Palmatin"}]},"geo.placename":"Rannamoeisa","geo.region":"Estland"},"_links":{"self":[{"href":"https:\/\/www.palmatin.com\/sv\/wp-json\/wp\/v2\/pages\/9907","targetHints":{"allow":["GET"]}}],"collection":[{"href":"https:\/\/www.palmatin.com\/sv\/wp-json\/wp\/v2\/pages"}],"about":[{"href":"https:\/\/www.palmatin.com\/sv\/wp-json\/wp\/v2\/types\/page"}],"author":[{"embeddable":true,"href":"https:\/\/www.palmatin.com\/sv\/wp-json\/wp\/v2\/users\/2"}],"replies":[{"embeddable":true,"href":"https:\/\/www.palmatin.com\/sv\/wp-json\/wp\/v2\/comments?post=9907"}],"version-history":[{"count":0,"href":"https:\/\/www.palmatin.com\/sv\/wp-json\/wp\/v2\/pages\/9907\/revisions"}],"wp:featuredmedia":[{"embeddable":true,"href":"https:\/\/www.palmatin.com\/sv\/wp-json\/wp\/v2\/media\/1499"}],"wp:attachment":[{"href":"https:\/\/www.palmatin.com\/sv\/wp-json\/wp\/v2\/media?parent=9907"}],"curies":[{"name":"wp","href":"https:\/\/api.w.org\/{rel}","templated":true}]}}