{"id":1498,"date":"2018-07-02T10:23:49","date_gmt":"2018-07-02T10:23:49","guid":{"rendered":"https:\/\/www.palmatin.com\/gallery\/"},"modified":"2019-05-21T08:36:15","modified_gmt":"2019-05-21T08:36:15","slug":"galleri","status":"publish","type":"page","link":"https:\/\/www.palmatin.com\/sv\/galleri\/","title":{"rendered":"Galleri"},"content":{"rendered":"<p>H\u00e4r kan du bl\u00e4ddra i v\u00e5rt omfattande och vackra bildgalleri av timmerhus. H\u00e4r \u00e4r n\u00e5gra av v\u00e5ra timmerhusarbeten under \u00e5ren.<\/p>\n<p>V\u00e5rt bildgalleri med timmerhus har delats in i olika kategorier. H\u00e4r kan du hitta timmerhusbilder som exteri\u00f6rbilder, interi\u00f6rbilder, d\u00f6rrar och f\u00f6nster samt bilder under konstruktion.<\/p>\n<p>I bildgalleriet med exteri\u00f6rbilder av timmerhus hittar du bilder p\u00e5 utsidan av det f\u00e4rdiga huset. Bildgalleriet med interi\u00f6rbilder inneh\u00e5ller n\u00e5gra intressanta bilder p\u00e5 insidan av huset vilket f\u00f6rhoppningsvis kommer att hj\u00e4lpa dig med vissa beslut g\u00e4llande planering. I bildgalleriet med d\u00f6rrar och f\u00f6nster finns olika typer av l\u00f6sningar som du kan v\u00e4lja mellan n\u00e4r det g\u00e4ller slutf\u00f6randefasen.<\/p>\n<p>N\u00e4r du hittar ett hus du verkligen gillar och vill veta mer om dess pris och konstruktionsdetaljer har vi gjort en enkel f\u00f6rfr\u00e5ganknapp som du kan anv\u00e4nda. Den kommer att skicka oss information om bilden du tittade p\u00e5, din e-postadress och din fr\u00e5ga. Vi kommer att besvara din f\u00f6rfr\u00e5gan omg\u00e5ende, s\u00e5 det \u00e4r bara att kontakta oss.<\/p>\n<p>Klicka p\u00e5 bilden\/kategorirubriken f\u00f6r att komma in i bildgalleriet.<\/p>\n","protected":false},"excerpt":{"rendered":"<p>H\u00e4r kan du bl\u00e4ddra i v\u00e5rt omfattande och vackra bildgalleri av timmerhus. H\u00e4r \u00e4r n\u00e5gra av v\u00e5ra timmerhusarbeten under \u00e5ren. V\u00e5rt bildgalleri med timmerhus har delats in i olika kategorier. H\u00e4r kan du hitta timmerhusbilder som exteri\u00f6rbilder, interi\u00f6rbilder, d\u00f6rrar och f\u00f6nster samt bilder under konstruktion. I bildgalleriet med exteri\u00f6rbilder av timmerhus hittar du bilder p\u00e5 &hellip; <a href=\"https:\/\/www.palmatin.com\/sv\/galleri\/\">Fortsatt<\/a><\/p>\n","protected":false},"author":1,"featured_media":1499,"parent":0,"menu_order":0,"comment_status":"closed","ping_status":"closed","template":"views\/template-gallery.blade.php","meta":{"_acf_changed":false,"footnotes":""},"class_list":["post-1498","page","type-page","status-publish","has-post-thumbnail","hentry"],"acf":[],"yoast_head":"<!-- This site is optimized with the Yoast SEO Premium plugin v27.3 (Yoast SEO v27.3) - https:\/\/yoast.com\/product\/yoast-seo-premium-wordpress\/ -->\n<title>Galleri - Palmatin.com<\/title>\n<meta name=\"description\" content=\"H\u00e4r kan du hitta timmerhusbilder som exteri\u00f6rbilder, interi\u00f6rbilder, d\u00f6rrar och f\u00f6nster samt bilder under konstruktion.\" \/>\n<meta name=\"robots\" content=\"index, follow, max-snippet:-1, max-image-preview:large, max-video-preview:-1\" \/>\n<link rel=\"canonical\" href=\"https:\/\/www.palmatin.com\/sv\/galleri\/\" \/>\n<meta property=\"og:locale\" content=\"sv_SE\" \/>\n<meta property=\"og:type\" content=\"article\" \/>\n<meta property=\"og:title\" content=\"Galleri\" \/>\n<meta property=\"og:description\" content=\"H\u00e4r kan du bl\u00e4ddra i v\u00e5rt omfattande och vackra bildgalleri av timmerhus. H\u00e4r \u00e4r n\u00e5gra av v\u00e5ra timmerhusarbeten under \u00e5ren. V\u00e5rt bildgalleri med timmerhus\" \/>\n<meta property=\"og:url\" content=\"https:\/\/www.palmatin.com\/sv\/galleri\/\" \/>\n<meta property=\"og:site_name\" content=\"Palmatin.com\" \/>\n<meta property=\"article:publisher\" content=\"https:\/\/www.facebook.com\/palmatin.wooden.houses\" \/>\n<meta property=\"article:modified_time\" content=\"2019-05-21T08:36:15+00:00\" \/>\n<meta property=\"og:image\" content=\"https:\/\/www.palmatin.com\/wp-content\/uploads\/2018\/08\/log_houses.jpg\" \/>\n\t<meta property=\"og:image:width\" content=\"1920\" \/>\n\t<meta property=\"og:image:height\" content=\"300\" \/>\n\t<meta property=\"og:image:type\" content=\"image\/jpeg\" \/>\n<meta name=\"twitter:card\" content=\"summary_large_image\" \/>\n<meta name=\"twitter:site\" content=\"@palmatinhouses\" \/>\n<meta name=\"twitter:label1\" content=\"Ber\u00e4knad l\u00e4stid\" \/>\n\t<meta name=\"twitter:data1\" content=\"1 minut\" \/>\n<script type=\"application\/ld+json\" class=\"yoast-schema-graph\">{\"@context\":\"https:\\\/\\\/schema.org\",\"@graph\":[{\"@type\":\"WebPage\",\"@id\":\"https:\\\/\\\/www.palmatin.com\\\/sv\\\/galleri\\\/\",\"url\":\"https:\\\/\\\/www.palmatin.com\\\/sv\\\/galleri\\\/\",\"name\":\"Galleri - Palmatin.com\",\"isPartOf\":{\"@id\":\"https:\\\/\\\/www.palmatin.com\\\/sv\\\/#website\"},\"primaryImageOfPage\":{\"@id\":\"https:\\\/\\\/www.palmatin.com\\\/sv\\\/galleri\\\/#primaryimage\"},\"image\":{\"@id\":\"https:\\\/\\\/www.palmatin.com\\\/sv\\\/galleri\\\/#primaryimage\"},\"thumbnailUrl\":\"https:\\\/\\\/www.palmatin.com\\\/wp-content\\\/uploads\\\/2018\\\/08\\\/log_houses.jpg\",\"datePublished\":\"2018-07-02T10:23:49+00:00\",\"dateModified\":\"2019-05-21T08:36:15+00:00\",\"description\":\"H\u00e4r kan du hitta timmerhusbilder som exteri\u00f6rbilder, interi\u00f6rbilder, d\u00f6rrar och f\u00f6nster samt bilder under konstruktion.\",\"breadcrumb\":{\"@id\":\"https:\\\/\\\/www.palmatin.com\\\/sv\\\/galleri\\\/#breadcrumb\"},\"inLanguage\":\"sv-SE\",\"potentialAction\":[{\"@type\":\"ReadAction\",\"target\":[\"https:\\\/\\\/www.palmatin.com\\\/sv\\\/galleri\\\/\"]}]},{\"@type\":\"ImageObject\",\"inLanguage\":\"sv-SE\",\"@id\":\"https:\\\/\\\/www.palmatin.com\\\/sv\\\/galleri\\\/#primaryimage\",\"url\":\"https:\\\/\\\/www.palmatin.com\\\/wp-content\\\/uploads\\\/2018\\\/08\\\/log_houses.jpg\",\"contentUrl\":\"https:\\\/\\\/www.palmatin.com\\\/wp-content\\\/uploads\\\/2018\\\/08\\\/log_houses.jpg\",\"width\":1920,\"height\":300,\"caption\":\"Palmatin mod\u00e8le maison en rondins, page contact\"},{\"@type\":\"BreadcrumbList\",\"@id\":\"https:\\\/\\\/www.palmatin.com\\\/sv\\\/galleri\\\/#breadcrumb\",\"itemListElement\":[{\"@type\":\"ListItem\",\"position\":1,\"name\":\"Home\",\"item\":\"https:\\\/\\\/www.palmatin.com\\\/sv\\\/\"},{\"@type\":\"ListItem\",\"position\":2,\"name\":\"Galleri\"}]},{\"@type\":\"WebSite\",\"@id\":\"https:\\\/\\\/www.palmatin.com\\\/sv\\\/#website\",\"url\":\"https:\\\/\\\/www.palmatin.com\\\/sv\\\/\",\"name\":\"Palmatin.com\",\"description\":\"Custom made wooden houses from project to assembly.\",\"publisher\":{\"@id\":\"https:\\\/\\\/www.palmatin.com\\\/sv\\\/#organization\"},\"inLanguage\":\"sv-SE\"},{\"@type\":[\"Organization\",\"Place\",\"HomeAndConstructionBusiness\"],\"@id\":\"https:\\\/\\\/www.palmatin.com\\\/sv\\\/#organization\",\"name\":\"Palmatin\",\"alternateName\":\"Palmatin Wooden Houses\",\"url\":\"https:\\\/\\\/www.palmatin.com\\\/sv\\\/\",\"logo\":{\"@id\":\"https:\\\/\\\/www.palmatin.com\\\/sv\\\/galleri\\\/#local-main-organization-logo\"},\"image\":{\"@id\":\"https:\\\/\\\/www.palmatin.com\\\/sv\\\/galleri\\\/#local-main-organization-logo\"},\"sameAs\":[\"https:\\\/\\\/www.facebook.com\\\/palmatin.wooden.houses\",\"https:\\\/\\\/x.com\\\/palmatinhouses\",\"https:\\\/\\\/www.instagram.com\\\/palmatinwoodenhouses\\\/\",\"https:\\\/\\\/www.linkedin.com\\\/company\\\/palmatin-wooden-houses\",\"https:\\\/\\\/www.pinterest.com\\\/palmatin\\\/\",\"https:\\\/\\\/www.youtube.com\\\/channel\\\/UCS3v-T7tq4sPU5YkEvukfYg\"],\"description\":\"Palmatin wooden houses are expertly crafted, sustainable prefabricated element houses and log homes renowned for their durability, energy efficiency, and elegant Nordic design. Combining traditional building techniques with modern technology, Palmatin delivers customized living spaces that blend seamlessly with nature, ensuring comfort, quality, and eco-friendly living for generations.\",\"legalName\":\"Palmatin O\u00dc\",\"foundingDate\":\"1995-05-12\",\"numberOfEmployees\":{\"@type\":\"QuantitativeValue\",\"minValue\":\"11\",\"maxValue\":\"50\"},\"address\":{\"@id\":\"https:\\\/\\\/www.palmatin.com\\\/sv\\\/galleri\\\/#local-main-place-address\"},\"telephone\":[\"(+372) 605 48 95\"],\"openingHoursSpecification\":[{\"@type\":\"OpeningHoursSpecification\",\"dayOfWeek\":[\"Monday\",\"Tuesday\",\"Wednesday\",\"Thursday\",\"Friday\"],\"opens\":\"08:00\",\"closes\":\"17:00\"},{\"@type\":\"OpeningHoursSpecification\",\"dayOfWeek\":[\"Saturday\",\"Sunday\"],\"opens\":\"00:00\",\"closes\":\"00:00\"}],\"email\":\"info@palmatin.com\",\"faxNumber\":\"(+372) 605 48 92\",\"areaServed\":\"world\",\"vatID\":\"EE100240388\",\"priceRange\":\"$$$\",\"currenciesAccepted\":\"Euros\"},{\"@type\":\"PostalAddress\",\"@id\":\"https:\\\/\\\/www.palmatin.com\\\/sv\\\/galleri\\\/#local-main-place-address\",\"streetAddress\":\"Tammi tee 40b\",\"addressLocality\":\"Rannamoeisa\",\"postalCode\":\"76906\",\"addressRegion\":\"Harju parish\",\"addressCountry\":\"EE\"},{\"@type\":\"ImageObject\",\"inLanguage\":\"sv-SE\",\"@id\":\"https:\\\/\\\/www.palmatin.com\\\/sv\\\/galleri\\\/#local-main-organization-logo\",\"url\":\"https:\\\/\\\/www.palmatin.com\\\/wp-content\\\/uploads\\\/2022\\\/11\\\/Logo_wrt.jpg\",\"contentUrl\":\"https:\\\/\\\/www.palmatin.com\\\/wp-content\\\/uploads\\\/2022\\\/11\\\/Logo_wrt.jpg\",\"width\":1458,\"height\":857,\"caption\":\"Palmatin\"}]}<\/script>\n<meta name=\"geo.placename\" content=\"Rannamoeisa\" \/>\n<meta name=\"geo.region\" content=\"Estland\" \/>\n<!-- \/ Yoast SEO Premium plugin. -->","yoast_head_json":{"title":"Galleri - Palmatin.com","description":"H\u00e4r kan du hitta timmerhusbilder som exteri\u00f6rbilder, interi\u00f6rbilder, d\u00f6rrar och f\u00f6nster samt bilder under konstruktion.","robots":{"index":"index","follow":"follow","max-snippet":"max-snippet:-1","max-image-preview":"max-image-preview:large","max-video-preview":"max-video-preview:-1"},"canonical":"https:\/\/www.palmatin.com\/sv\/galleri\/","og_locale":"sv_SE","og_type":"article","og_title":"Galleri","og_description":"H\u00e4r kan du bl\u00e4ddra i v\u00e5rt omfattande och vackra bildgalleri av timmerhus. H\u00e4r \u00e4r n\u00e5gra av v\u00e5ra timmerhusarbeten under \u00e5ren. V\u00e5rt bildgalleri med timmerhus","og_url":"https:\/\/www.palmatin.com\/sv\/galleri\/","og_site_name":"Palmatin.com","article_publisher":"https:\/\/www.facebook.com\/palmatin.wooden.houses","article_modified_time":"2019-05-21T08:36:15+00:00","og_image":[{"width":1920,"height":300,"url":"https:\/\/www.palmatin.com\/wp-content\/uploads\/2018\/08\/log_houses.jpg","type":"image\/jpeg"}],"twitter_card":"summary_large_image","twitter_site":"@palmatinhouses","twitter_misc":{"Ber\u00e4knad l\u00e4stid":"1 minut"},"schema":{"@context":"https:\/\/schema.org","@graph":[{"@type":"WebPage","@id":"https:\/\/www.palmatin.com\/sv\/galleri\/","url":"https:\/\/www.palmatin.com\/sv\/galleri\/","name":"Galleri - Palmatin.com","isPartOf":{"@id":"https:\/\/www.palmatin.com\/sv\/#website"},"primaryImageOfPage":{"@id":"https:\/\/www.palmatin.com\/sv\/galleri\/#primaryimage"},"image":{"@id":"https:\/\/www.palmatin.com\/sv\/galleri\/#primaryimage"},"thumbnailUrl":"https:\/\/www.palmatin.com\/wp-content\/uploads\/2018\/08\/log_houses.jpg","datePublished":"2018-07-02T10:23:49+00:00","dateModified":"2019-05-21T08:36:15+00:00","description":"H\u00e4r kan du hitta timmerhusbilder som exteri\u00f6rbilder, interi\u00f6rbilder, d\u00f6rrar och f\u00f6nster samt bilder under konstruktion.","breadcrumb":{"@id":"https:\/\/www.palmatin.com\/sv\/galleri\/#breadcrumb"},"inLanguage":"sv-SE","potentialAction":[{"@type":"ReadAction","target":["https:\/\/www.palmatin.com\/sv\/galleri\/"]}]},{"@type":"ImageObject","inLanguage":"sv-SE","@id":"https:\/\/www.palmatin.com\/sv\/galleri\/#primaryimage","url":"https:\/\/www.palmatin.com\/wp-content\/uploads\/2018\/08\/log_houses.jpg","contentUrl":"https:\/\/www.palmatin.com\/wp-content\/uploads\/2018\/08\/log_houses.jpg","width":1920,"height":300,"caption":"Palmatin mod\u00e8le maison en rondins, page contact"},{"@type":"BreadcrumbList","@id":"https:\/\/www.palmatin.com\/sv\/galleri\/#breadcrumb","itemListElement":[{"@type":"ListItem","position":1,"name":"Home","item":"https:\/\/www.palmatin.com\/sv\/"},{"@type":"ListItem","position":2,"name":"Galleri"}]},{"@type":"WebSite","@id":"https:\/\/www.palmatin.com\/sv\/#website","url":"https:\/\/www.palmatin.com\/sv\/","name":"Palmatin.com","description":"Custom made wooden houses from project to assembly.","publisher":{"@id":"https:\/\/www.palmatin.com\/sv\/#organization"},"inLanguage":"sv-SE"},{"@type":["Organization","Place","HomeAndConstructionBusiness"],"@id":"https:\/\/www.palmatin.com\/sv\/#organization","name":"Palmatin","alternateName":"Palmatin Wooden Houses","url":"https:\/\/www.palmatin.com\/sv\/","logo":{"@id":"https:\/\/www.palmatin.com\/sv\/galleri\/#local-main-organization-logo"},"image":{"@id":"https:\/\/www.palmatin.com\/sv\/galleri\/#local-main-organization-logo"},"sameAs":["https:\/\/www.facebook.com\/palmatin.wooden.houses","https:\/\/x.com\/palmatinhouses","https:\/\/www.instagram.com\/palmatinwoodenhouses\/","https:\/\/www.linkedin.com\/company\/palmatin-wooden-houses","https:\/\/www.pinterest.com\/palmatin\/","https:\/\/www.youtube.com\/channel\/UCS3v-T7tq4sPU5YkEvukfYg"],"description":"Palmatin wooden houses are expertly crafted, sustainable prefabricated element houses and log homes renowned for their durability, energy efficiency, and elegant Nordic design. Combining traditional building techniques with modern technology, Palmatin delivers customized living spaces that blend seamlessly with nature, ensuring comfort, quality, and eco-friendly living for generations.","legalName":"Palmatin O\u00dc","foundingDate":"1995-05-12","numberOfEmployees":{"@type":"QuantitativeValue","minValue":"11","maxValue":"50"},"address":{"@id":"https:\/\/www.palmatin.com\/sv\/galleri\/#local-main-place-address"},"telephone":["(+372) 605 48 95"],"openingHoursSpecification":[{"@type":"OpeningHoursSpecification","dayOfWeek":["Monday","Tuesday","Wednesday","Thursday","Friday"],"opens":"08:00","closes":"17:00"},{"@type":"OpeningHoursSpecification","dayOfWeek":["Saturday","Sunday"],"opens":"00:00","closes":"00:00"}],"email":"info@palmatin.com","faxNumber":"(+372) 605 48 92","areaServed":"world","vatID":"EE100240388","priceRange":"$$$","currenciesAccepted":"Euros"},{"@type":"PostalAddress","@id":"https:\/\/www.palmatin.com\/sv\/galleri\/#local-main-place-address","streetAddress":"Tammi tee 40b","addressLocality":"Rannamoeisa","postalCode":"76906","addressRegion":"Harju parish","addressCountry":"EE"},{"@type":"ImageObject","inLanguage":"sv-SE","@id":"https:\/\/www.palmatin.com\/sv\/galleri\/#local-main-organization-logo","url":"https:\/\/www.palmatin.com\/wp-content\/uploads\/2022\/11\/Logo_wrt.jpg","contentUrl":"https:\/\/www.palmatin.com\/wp-content\/uploads\/2022\/11\/Logo_wrt.jpg","width":1458,"height":857,"caption":"Palmatin"}]},"geo.placename":"Rannamoeisa","geo.region":"Estland"},"_links":{"self":[{"href":"https:\/\/www.palmatin.com\/sv\/wp-json\/wp\/v2\/pages\/1498","targetHints":{"allow":["GET"]}}],"collection":[{"href":"https:\/\/www.palmatin.com\/sv\/wp-json\/wp\/v2\/pages"}],"about":[{"href":"https:\/\/www.palmatin.com\/sv\/wp-json\/wp\/v2\/types\/page"}],"author":[{"embeddable":true,"href":"https:\/\/www.palmatin.com\/sv\/wp-json\/wp\/v2\/users\/1"}],"replies":[{"embeddable":true,"href":"https:\/\/www.palmatin.com\/sv\/wp-json\/wp\/v2\/comments?post=1498"}],"version-history":[{"count":0,"href":"https:\/\/www.palmatin.com\/sv\/wp-json\/wp\/v2\/pages\/1498\/revisions"}],"wp:featuredmedia":[{"embeddable":true,"href":"https:\/\/www.palmatin.com\/sv\/wp-json\/wp\/v2\/media\/1499"}],"wp:attachment":[{"href":"https:\/\/www.palmatin.com\/sv\/wp-json\/wp\/v2\/media?parent=1498"}],"curies":[{"name":"wp","href":"https:\/\/api.w.org\/{rel}","templated":true}]}}