{"id":10980,"date":"2019-03-27T08:39:47","date_gmt":"2019-03-27T08:39:47","guid":{"rendered":"https:\/\/www.palmatin.com\/quote-expired\/"},"modified":"2019-05-09T09:41:56","modified_gmt":"2019-05-09T09:41:56","slug":"offert-utgatt","status":"publish","type":"page","link":"https:\/\/www.palmatin.com\/sv\/offert-utgatt\/","title":{"rendered":"Offert utg\u00e5tt"},"content":{"rendered":"<p style=\"text-align: center;\">Din offert har g\u00e5tt ut. V\u00e4nligen skicka en ny f\u00f6rfr\u00e5gan.<\/p>\n","protected":false},"excerpt":{"rendered":"<p>Din offert har g\u00e5tt ut. V\u00e4nligen skicka en ny f\u00f6rfr\u00e5gan.<\/p>\n","protected":false},"author":1,"featured_media":1499,"parent":0,"menu_order":0,"comment_status":"closed","ping_status":"closed","template":"views\/template-page.blade.php","meta":{"_acf_changed":false,"footnotes":""},"class_list":["post-10980","page","type-page","status-publish","has-post-thumbnail","hentry"],"acf":[],"yoast_head":"<!-- This site is optimized with the Yoast SEO Premium plugin v27.3 (Yoast SEO v27.4) - https:\/\/yoast.com\/product\/yoast-seo-premium-wordpress\/ -->\n<title>Offert utg\u00e5tt - Palmatin.com<\/title>\n<meta name=\"description\" content=\"Din offert har g\u00e5tt ut. V\u00e4nligen skicka en ny f\u00f6rfr\u00e5gan.\" \/>\n<meta name=\"robots\" content=\"index, follow, max-snippet:-1, max-image-preview:large, max-video-preview:-1\" \/>\n<link rel=\"canonical\" href=\"https:\/\/www.palmatin.com\/sv\/offert-utgatt\/\" \/>\n<meta property=\"og:locale\" content=\"sv_SE\" \/>\n<meta property=\"og:type\" content=\"article\" \/>\n<meta property=\"og:title\" content=\"Offert utg\u00e5tt\" \/>\n<meta property=\"og:description\" content=\"Din offert har g\u00e5tt ut. V\u00e4nligen skicka en ny f\u00f6rfr\u00e5gan.\" \/>\n<meta property=\"og:url\" content=\"https:\/\/www.palmatin.com\/sv\/offert-utgatt\/\" \/>\n<meta property=\"og:site_name\" content=\"Palmatin.com\" \/>\n<meta property=\"article:publisher\" content=\"https:\/\/www.facebook.com\/palmatin.wooden.houses\" \/>\n<meta property=\"article:modified_time\" content=\"2019-05-09T09:41:56+00:00\" \/>\n<meta property=\"og:image\" content=\"https:\/\/www.palmatin.com\/wp-content\/uploads\/2018\/08\/log_houses.jpg\" \/>\n\t<meta property=\"og:image:width\" content=\"1920\" \/>\n\t<meta property=\"og:image:height\" content=\"300\" \/>\n\t<meta property=\"og:image:type\" content=\"image\/jpeg\" \/>\n<meta name=\"twitter:card\" content=\"summary_large_image\" \/>\n<meta name=\"twitter:site\" content=\"@palmatinhouses\" \/>\n<script type=\"application\/ld+json\" class=\"yoast-schema-graph\">{\"@context\":\"https:\\\/\\\/schema.org\",\"@graph\":[{\"@type\":\"WebPage\",\"@id\":\"https:\\\/\\\/www.palmatin.com\\\/sv\\\/offert-utgatt\\\/\",\"url\":\"https:\\\/\\\/www.palmatin.com\\\/sv\\\/offert-utgatt\\\/\",\"name\":\"Offert utg\u00e5tt - Palmatin.com\",\"isPartOf\":{\"@id\":\"https:\\\/\\\/www.palmatin.com\\\/sv\\\/#website\"},\"primaryImageOfPage\":{\"@id\":\"https:\\\/\\\/www.palmatin.com\\\/sv\\\/offert-utgatt\\\/#primaryimage\"},\"image\":{\"@id\":\"https:\\\/\\\/www.palmatin.com\\\/sv\\\/offert-utgatt\\\/#primaryimage\"},\"thumbnailUrl\":\"https:\\\/\\\/www.palmatin.com\\\/wp-content\\\/uploads\\\/2018\\\/08\\\/log_houses.jpg\",\"datePublished\":\"2019-03-27T08:39:47+00:00\",\"dateModified\":\"2019-05-09T09:41:56+00:00\",\"description\":\"Din offert har g\u00e5tt ut. V\u00e4nligen skicka en ny f\u00f6rfr\u00e5gan.\",\"breadcrumb\":{\"@id\":\"https:\\\/\\\/www.palmatin.com\\\/sv\\\/offert-utgatt\\\/#breadcrumb\"},\"inLanguage\":\"sv-SE\",\"potentialAction\":[{\"@type\":\"ReadAction\",\"target\":[\"https:\\\/\\\/www.palmatin.com\\\/sv\\\/offert-utgatt\\\/\"]}]},{\"@type\":\"ImageObject\",\"inLanguage\":\"sv-SE\",\"@id\":\"https:\\\/\\\/www.palmatin.com\\\/sv\\\/offert-utgatt\\\/#primaryimage\",\"url\":\"https:\\\/\\\/www.palmatin.com\\\/wp-content\\\/uploads\\\/2018\\\/08\\\/log_houses.jpg\",\"contentUrl\":\"https:\\\/\\\/www.palmatin.com\\\/wp-content\\\/uploads\\\/2018\\\/08\\\/log_houses.jpg\",\"width\":1920,\"height\":300,\"caption\":\"Palmatin mod\u00e8le maison en rondins, page contact\"},{\"@type\":\"BreadcrumbList\",\"@id\":\"https:\\\/\\\/www.palmatin.com\\\/sv\\\/offert-utgatt\\\/#breadcrumb\",\"itemListElement\":[{\"@type\":\"ListItem\",\"position\":1,\"name\":\"Home\",\"item\":\"https:\\\/\\\/www.palmatin.com\\\/sv\\\/\"},{\"@type\":\"ListItem\",\"position\":2,\"name\":\"Offert utg\u00e5tt\"}]},{\"@type\":\"WebSite\",\"@id\":\"https:\\\/\\\/www.palmatin.com\\\/sv\\\/#website\",\"url\":\"https:\\\/\\\/www.palmatin.com\\\/sv\\\/\",\"name\":\"Palmatin.com\",\"description\":\"Custom made wooden houses from project to assembly.\",\"publisher\":{\"@id\":\"https:\\\/\\\/www.palmatin.com\\\/sv\\\/#organization\"},\"inLanguage\":\"sv-SE\"},{\"@type\":[\"Organization\",\"Place\",\"HomeAndConstructionBusiness\"],\"@id\":\"https:\\\/\\\/www.palmatin.com\\\/sv\\\/#organization\",\"name\":\"Palmatin\",\"alternateName\":\"Palmatin Wooden Houses\",\"url\":\"https:\\\/\\\/www.palmatin.com\\\/sv\\\/\",\"logo\":{\"@id\":\"https:\\\/\\\/www.palmatin.com\\\/sv\\\/offert-utgatt\\\/#local-main-organization-logo\"},\"image\":{\"@id\":\"https:\\\/\\\/www.palmatin.com\\\/sv\\\/offert-utgatt\\\/#local-main-organization-logo\"},\"sameAs\":[\"https:\\\/\\\/www.facebook.com\\\/palmatin.wooden.houses\",\"https:\\\/\\\/x.com\\\/palmatinhouses\",\"https:\\\/\\\/www.instagram.com\\\/palmatinwoodenhouses\\\/\",\"https:\\\/\\\/www.linkedin.com\\\/company\\\/palmatin-wooden-houses\",\"https:\\\/\\\/www.pinterest.com\\\/palmatin\\\/\",\"https:\\\/\\\/www.youtube.com\\\/channel\\\/UCS3v-T7tq4sPU5YkEvukfYg\"],\"description\":\"Palmatin wooden houses are expertly crafted, sustainable prefabricated element houses and log homes renowned for their durability, energy efficiency, and elegant Nordic design. Combining traditional building techniques with modern technology, Palmatin delivers customized living spaces that blend seamlessly with nature, ensuring comfort, quality, and eco-friendly living for generations.\",\"legalName\":\"Palmatin O\u00dc\",\"foundingDate\":\"1995-05-12\",\"numberOfEmployees\":{\"@type\":\"QuantitativeValue\",\"minValue\":\"11\",\"maxValue\":\"50\"},\"address\":{\"@id\":\"https:\\\/\\\/www.palmatin.com\\\/sv\\\/offert-utgatt\\\/#local-main-place-address\"},\"telephone\":[\"(+372) 605 48 95\"],\"openingHoursSpecification\":[{\"@type\":\"OpeningHoursSpecification\",\"dayOfWeek\":[\"Monday\",\"Tuesday\",\"Wednesday\",\"Thursday\",\"Friday\"],\"opens\":\"08:00\",\"closes\":\"17:00\"},{\"@type\":\"OpeningHoursSpecification\",\"dayOfWeek\":[\"Saturday\",\"Sunday\"],\"opens\":\"00:00\",\"closes\":\"00:00\"}],\"email\":\"info@palmatin.com\",\"faxNumber\":\"(+372) 605 48 92\",\"areaServed\":\"world\",\"vatID\":\"EE100240388\",\"priceRange\":\"$$$\",\"currenciesAccepted\":\"Euros\"},{\"@type\":\"PostalAddress\",\"@id\":\"https:\\\/\\\/www.palmatin.com\\\/sv\\\/offert-utgatt\\\/#local-main-place-address\",\"streetAddress\":\"Tammi tee 40b\",\"addressLocality\":\"Rannamoeisa\",\"postalCode\":\"76906\",\"addressRegion\":\"Harju parish\",\"addressCountry\":\"EE\"},{\"@type\":\"ImageObject\",\"inLanguage\":\"sv-SE\",\"@id\":\"https:\\\/\\\/www.palmatin.com\\\/sv\\\/offert-utgatt\\\/#local-main-organization-logo\",\"url\":\"https:\\\/\\\/www.palmatin.com\\\/wp-content\\\/uploads\\\/2022\\\/11\\\/Logo_wrt.jpg\",\"contentUrl\":\"https:\\\/\\\/www.palmatin.com\\\/wp-content\\\/uploads\\\/2022\\\/11\\\/Logo_wrt.jpg\",\"width\":1458,\"height\":857,\"caption\":\"Palmatin\"}]}<\/script>\n<meta name=\"geo.placename\" content=\"Rannamoeisa\" \/>\n<meta name=\"geo.region\" content=\"Estland\" \/>\n<!-- \/ Yoast SEO Premium plugin. -->","yoast_head_json":{"title":"Offert utg\u00e5tt - Palmatin.com","description":"Din offert har g\u00e5tt ut. V\u00e4nligen skicka en ny f\u00f6rfr\u00e5gan.","robots":{"index":"index","follow":"follow","max-snippet":"max-snippet:-1","max-image-preview":"max-image-preview:large","max-video-preview":"max-video-preview:-1"},"canonical":"https:\/\/www.palmatin.com\/sv\/offert-utgatt\/","og_locale":"sv_SE","og_type":"article","og_title":"Offert utg\u00e5tt","og_description":"Din offert har g\u00e5tt ut. V\u00e4nligen skicka en ny f\u00f6rfr\u00e5gan.","og_url":"https:\/\/www.palmatin.com\/sv\/offert-utgatt\/","og_site_name":"Palmatin.com","article_publisher":"https:\/\/www.facebook.com\/palmatin.wooden.houses","article_modified_time":"2019-05-09T09:41:56+00:00","og_image":[{"width":1920,"height":300,"url":"https:\/\/www.palmatin.com\/wp-content\/uploads\/2018\/08\/log_houses.jpg","type":"image\/jpeg"}],"twitter_card":"summary_large_image","twitter_site":"@palmatinhouses","schema":{"@context":"https:\/\/schema.org","@graph":[{"@type":"WebPage","@id":"https:\/\/www.palmatin.com\/sv\/offert-utgatt\/","url":"https:\/\/www.palmatin.com\/sv\/offert-utgatt\/","name":"Offert utg\u00e5tt - Palmatin.com","isPartOf":{"@id":"https:\/\/www.palmatin.com\/sv\/#website"},"primaryImageOfPage":{"@id":"https:\/\/www.palmatin.com\/sv\/offert-utgatt\/#primaryimage"},"image":{"@id":"https:\/\/www.palmatin.com\/sv\/offert-utgatt\/#primaryimage"},"thumbnailUrl":"https:\/\/www.palmatin.com\/wp-content\/uploads\/2018\/08\/log_houses.jpg","datePublished":"2019-03-27T08:39:47+00:00","dateModified":"2019-05-09T09:41:56+00:00","description":"Din offert har g\u00e5tt ut. V\u00e4nligen skicka en ny f\u00f6rfr\u00e5gan.","breadcrumb":{"@id":"https:\/\/www.palmatin.com\/sv\/offert-utgatt\/#breadcrumb"},"inLanguage":"sv-SE","potentialAction":[{"@type":"ReadAction","target":["https:\/\/www.palmatin.com\/sv\/offert-utgatt\/"]}]},{"@type":"ImageObject","inLanguage":"sv-SE","@id":"https:\/\/www.palmatin.com\/sv\/offert-utgatt\/#primaryimage","url":"https:\/\/www.palmatin.com\/wp-content\/uploads\/2018\/08\/log_houses.jpg","contentUrl":"https:\/\/www.palmatin.com\/wp-content\/uploads\/2018\/08\/log_houses.jpg","width":1920,"height":300,"caption":"Palmatin mod\u00e8le maison en rondins, page contact"},{"@type":"BreadcrumbList","@id":"https:\/\/www.palmatin.com\/sv\/offert-utgatt\/#breadcrumb","itemListElement":[{"@type":"ListItem","position":1,"name":"Home","item":"https:\/\/www.palmatin.com\/sv\/"},{"@type":"ListItem","position":2,"name":"Offert utg\u00e5tt"}]},{"@type":"WebSite","@id":"https:\/\/www.palmatin.com\/sv\/#website","url":"https:\/\/www.palmatin.com\/sv\/","name":"Palmatin.com","description":"Custom made wooden houses from project to assembly.","publisher":{"@id":"https:\/\/www.palmatin.com\/sv\/#organization"},"inLanguage":"sv-SE"},{"@type":["Organization","Place","HomeAndConstructionBusiness"],"@id":"https:\/\/www.palmatin.com\/sv\/#organization","name":"Palmatin","alternateName":"Palmatin Wooden Houses","url":"https:\/\/www.palmatin.com\/sv\/","logo":{"@id":"https:\/\/www.palmatin.com\/sv\/offert-utgatt\/#local-main-organization-logo"},"image":{"@id":"https:\/\/www.palmatin.com\/sv\/offert-utgatt\/#local-main-organization-logo"},"sameAs":["https:\/\/www.facebook.com\/palmatin.wooden.houses","https:\/\/x.com\/palmatinhouses","https:\/\/www.instagram.com\/palmatinwoodenhouses\/","https:\/\/www.linkedin.com\/company\/palmatin-wooden-houses","https:\/\/www.pinterest.com\/palmatin\/","https:\/\/www.youtube.com\/channel\/UCS3v-T7tq4sPU5YkEvukfYg"],"description":"Palmatin wooden houses are expertly crafted, sustainable prefabricated element houses and log homes renowned for their durability, energy efficiency, and elegant Nordic design. Combining traditional building techniques with modern technology, Palmatin delivers customized living spaces that blend seamlessly with nature, ensuring comfort, quality, and eco-friendly living for generations.","legalName":"Palmatin O\u00dc","foundingDate":"1995-05-12","numberOfEmployees":{"@type":"QuantitativeValue","minValue":"11","maxValue":"50"},"address":{"@id":"https:\/\/www.palmatin.com\/sv\/offert-utgatt\/#local-main-place-address"},"telephone":["(+372) 605 48 95"],"openingHoursSpecification":[{"@type":"OpeningHoursSpecification","dayOfWeek":["Monday","Tuesday","Wednesday","Thursday","Friday"],"opens":"08:00","closes":"17:00"},{"@type":"OpeningHoursSpecification","dayOfWeek":["Saturday","Sunday"],"opens":"00:00","closes":"00:00"}],"email":"info@palmatin.com","faxNumber":"(+372) 605 48 92","areaServed":"world","vatID":"EE100240388","priceRange":"$$$","currenciesAccepted":"Euros"},{"@type":"PostalAddress","@id":"https:\/\/www.palmatin.com\/sv\/offert-utgatt\/#local-main-place-address","streetAddress":"Tammi tee 40b","addressLocality":"Rannamoeisa","postalCode":"76906","addressRegion":"Harju parish","addressCountry":"EE"},{"@type":"ImageObject","inLanguage":"sv-SE","@id":"https:\/\/www.palmatin.com\/sv\/offert-utgatt\/#local-main-organization-logo","url":"https:\/\/www.palmatin.com\/wp-content\/uploads\/2022\/11\/Logo_wrt.jpg","contentUrl":"https:\/\/www.palmatin.com\/wp-content\/uploads\/2022\/11\/Logo_wrt.jpg","width":1458,"height":857,"caption":"Palmatin"}]},"geo.placename":"Rannamoeisa","geo.region":"Estland"},"_links":{"self":[{"href":"https:\/\/www.palmatin.com\/sv\/wp-json\/wp\/v2\/pages\/10980","targetHints":{"allow":["GET"]}}],"collection":[{"href":"https:\/\/www.palmatin.com\/sv\/wp-json\/wp\/v2\/pages"}],"about":[{"href":"https:\/\/www.palmatin.com\/sv\/wp-json\/wp\/v2\/types\/page"}],"author":[{"embeddable":true,"href":"https:\/\/www.palmatin.com\/sv\/wp-json\/wp\/v2\/users\/1"}],"replies":[{"embeddable":true,"href":"https:\/\/www.palmatin.com\/sv\/wp-json\/wp\/v2\/comments?post=10980"}],"version-history":[{"count":0,"href":"https:\/\/www.palmatin.com\/sv\/wp-json\/wp\/v2\/pages\/10980\/revisions"}],"wp:featuredmedia":[{"embeddable":true,"href":"https:\/\/www.palmatin.com\/sv\/wp-json\/wp\/v2\/media\/1499"}],"wp:attachment":[{"href":"https:\/\/www.palmatin.com\/sv\/wp-json\/wp\/v2\/media?parent=10980"}],"curies":[{"name":"wp","href":"https:\/\/api.w.org\/{rel}","templated":true}]}}