{"id":100493,"date":"2023-11-23T06:59:26","date_gmt":"2023-11-23T06:59:26","guid":{"rendered":"https:\/\/www.palmatin.com\/kup-skandynawskie-domy-prefabrykowane-w-wielkiej-brytanii\/"},"modified":"2023-11-24T12:35:26","modified_gmt":"2023-11-24T12:35:26","slug":"kup-skandynawskie-domy-prefabrykowane-w-wielkiej-brytanii","status":"publish","type":"page","link":"https:\/\/www.palmatin.com\/pl\/kup-skandynawskie-domy-prefabrykowane-w-wielkiej-brytanii\/","title":{"rendered":"Kup skandynawskie domy prefabrykowane w Wielkiej Brytanii"},"content":{"rendered":"<p data-pm-slice=\"1 1 []\">Jedn\u0105 z kluczowych zalet dom\u00f3w prefabrykowanych jest ich podej\u015bcie projektowe. Poniewa\u017c s\u0105 one budowane w fabryce, prefabrykaty mog\u0105 by\u0107 projektowane z poziomem precyzji i dba\u0142o\u015bci o szczeg\u00f3\u0142y, kt\u00f3ry jest niemo\u017cliwy do osi\u0105gni\u0119cia przy u\u017cyciu tradycyjnych metod budowy na miejscu. Pozwala to na tworzenie dom\u00f3w, kt\u00f3re s\u0105 naprawd\u0119 inspirowane najnowszymi pomys\u0142ami w zakresie projektowania wn\u0119trz.<\/p>\n","protected":false},"excerpt":{"rendered":"<p>Jedn\u0105 z kluczowych zalet dom\u00f3w prefabrykowanych jest ich podej\u015bcie projektowe. Poniewa\u017c s\u0105 one budowane w fabryce, prefabrykaty mog\u0105 by\u0107 projektowane z poziomem precyzji i dba\u0142o\u015bci o szczeg\u00f3\u0142y, kt\u00f3ry jest niemo\u017cliwy do osi\u0105gni\u0119cia przy u\u017cyciu tradycyjnych metod budowy na miejscu. Pozwala to na tworzenie dom\u00f3w, kt\u00f3re s\u0105 naprawd\u0119 inspirowane najnowszymi pomys\u0142ami w zakresie projektowania wn\u0119trz.<\/p>\n","protected":false},"author":1,"featured_media":100476,"parent":0,"menu_order":0,"comment_status":"closed","ping_status":"closed","template":"views\/template-content-blocks.blade.php","meta":{"_acf_changed":false,"footnotes":""},"class_list":["post-100493","page","type-page","status-publish","has-post-thumbnail","hentry"],"acf":[],"yoast_head":"<!-- This site is optimized with the Yoast SEO Premium plugin v27.3 (Yoast SEO v27.3) - https:\/\/yoast.com\/product\/yoast-seo-premium-wordpress\/ -->\n<title>Dom prefabrykowany, dostosuj wed\u0142ug potrzeb - Domy drewniane<\/title>\n<meta name=\"description\" content=\"Dom prefabrykowany to nowoczesny spos\u00f3b na budow\u0119 zr\u00f3wnowa\u017conego domu. Przeczytaj o opcjach dostosowywania, sprawd\u017a plany i uk\u0142ady.\" \/>\n<meta name=\"robots\" content=\"index, follow, max-snippet:-1, max-image-preview:large, max-video-preview:-1\" \/>\n<link rel=\"canonical\" href=\"https:\/\/www.palmatin.com\/pl\/kup-skandynawskie-domy-prefabrykowane-w-wielkiej-brytanii\/\" \/>\n<meta property=\"og:locale\" content=\"pl_PL\" \/>\n<meta property=\"og:type\" content=\"article\" \/>\n<meta property=\"og:title\" content=\"Kup skandynawskie domy prefabrykowane w Wielkiej Brytanii\" \/>\n<meta property=\"og:description\" content=\"Jedn\u0105 z kluczowych zalet dom\u00f3w prefabrykowanych jest ich podej\u015bcie projektowe. Poniewa\u017c s\u0105 one budowane w fabryce, prefabrykaty mog\u0105 by\u0107 projektowane z\" \/>\n<meta property=\"og:url\" content=\"https:\/\/www.palmatin.com\/pl\/kup-skandynawskie-domy-prefabrykowane-w-wielkiej-brytanii\/\" \/>\n<meta property=\"og:site_name\" content=\"Palmatin.com\" \/>\n<meta property=\"article:publisher\" content=\"https:\/\/www.facebook.com\/palmatin.wooden.houses\" \/>\n<meta property=\"article:modified_time\" content=\"2023-11-24T12:35:26+00:00\" \/>\n<meta property=\"og:image\" content=\"https:\/\/www.palmatin.com\/wp-content\/uploads\/2018\/08\/prefab_house.jpg\" \/>\n\t<meta property=\"og:image:width\" content=\"1920\" \/>\n\t<meta property=\"og:image:height\" content=\"300\" \/>\n\t<meta property=\"og:image:type\" content=\"image\/jpeg\" \/>\n<meta name=\"twitter:card\" content=\"summary_large_image\" \/>\n<meta name=\"twitter:site\" content=\"@palmatinhouses\" \/>\n<meta name=\"twitter:label1\" content=\"Szacowany czas czytania\" \/>\n\t<meta name=\"twitter:data1\" content=\"1 minuta\" \/>\n<script type=\"application\/ld+json\" class=\"yoast-schema-graph\">{\"@context\":\"https:\\\/\\\/schema.org\",\"@graph\":[{\"@type\":\"WebPage\",\"@id\":\"https:\\\/\\\/www.palmatin.com\\\/pl\\\/kup-skandynawskie-domy-prefabrykowane-w-wielkiej-brytanii\\\/\",\"url\":\"https:\\\/\\\/www.palmatin.com\\\/pl\\\/kup-skandynawskie-domy-prefabrykowane-w-wielkiej-brytanii\\\/\",\"name\":\"Dom prefabrykowany, dostosuj wed\u0142ug potrzeb - Domy drewniane\",\"isPartOf\":{\"@id\":\"https:\\\/\\\/www.palmatin.com\\\/pl\\\/#website\"},\"primaryImageOfPage\":{\"@id\":\"https:\\\/\\\/www.palmatin.com\\\/pl\\\/kup-skandynawskie-domy-prefabrykowane-w-wielkiej-brytanii\\\/#primaryimage\"},\"image\":{\"@id\":\"https:\\\/\\\/www.palmatin.com\\\/pl\\\/kup-skandynawskie-domy-prefabrykowane-w-wielkiej-brytanii\\\/#primaryimage\"},\"thumbnailUrl\":\"https:\\\/\\\/www.palmatin.com\\\/wp-content\\\/uploads\\\/2018\\\/08\\\/prefab_house.jpg\",\"datePublished\":\"2023-11-23T06:59:26+00:00\",\"dateModified\":\"2023-11-24T12:35:26+00:00\",\"description\":\"Dom prefabrykowany to nowoczesny spos\u00f3b na budow\u0119 zr\u00f3wnowa\u017conego domu. Przeczytaj o opcjach dostosowywania, sprawd\u017a plany i uk\u0142ady.\",\"breadcrumb\":{\"@id\":\"https:\\\/\\\/www.palmatin.com\\\/pl\\\/kup-skandynawskie-domy-prefabrykowane-w-wielkiej-brytanii\\\/#breadcrumb\"},\"inLanguage\":\"pl-PL\",\"potentialAction\":[{\"@type\":\"ReadAction\",\"target\":[\"https:\\\/\\\/www.palmatin.com\\\/pl\\\/kup-skandynawskie-domy-prefabrykowane-w-wielkiej-brytanii\\\/\"]}]},{\"@type\":\"ImageObject\",\"inLanguage\":\"pl-PL\",\"@id\":\"https:\\\/\\\/www.palmatin.com\\\/pl\\\/kup-skandynawskie-domy-prefabrykowane-w-wielkiej-brytanii\\\/#primaryimage\",\"url\":\"https:\\\/\\\/www.palmatin.com\\\/wp-content\\\/uploads\\\/2018\\\/08\\\/prefab_house.jpg\",\"contentUrl\":\"https:\\\/\\\/www.palmatin.com\\\/wp-content\\\/uploads\\\/2018\\\/08\\\/prefab_house.jpg\",\"width\":1920,\"height\":300},{\"@type\":\"BreadcrumbList\",\"@id\":\"https:\\\/\\\/www.palmatin.com\\\/pl\\\/kup-skandynawskie-domy-prefabrykowane-w-wielkiej-brytanii\\\/#breadcrumb\",\"itemListElement\":[{\"@type\":\"ListItem\",\"position\":1,\"name\":\"Home\",\"item\":\"https:\\\/\\\/www.palmatin.com\\\/pl\\\/\"},{\"@type\":\"ListItem\",\"position\":2,\"name\":\"Kup skandynawskie domy prefabrykowane w Wielkiej Brytanii\"}]},{\"@type\":\"WebSite\",\"@id\":\"https:\\\/\\\/www.palmatin.com\\\/pl\\\/#website\",\"url\":\"https:\\\/\\\/www.palmatin.com\\\/pl\\\/\",\"name\":\"Palmatin.com\",\"description\":\"Custom made wooden houses from project to assembly.\",\"publisher\":{\"@id\":\"https:\\\/\\\/www.palmatin.com\\\/pl\\\/#organization\"},\"inLanguage\":\"pl-PL\"},{\"@type\":[\"Organization\",\"Place\",\"HomeAndConstructionBusiness\"],\"@id\":\"https:\\\/\\\/www.palmatin.com\\\/pl\\\/#organization\",\"name\":\"Palmatin\",\"alternateName\":\"Palmatin Wooden Houses\",\"url\":\"https:\\\/\\\/www.palmatin.com\\\/pl\\\/\",\"logo\":{\"@id\":\"https:\\\/\\\/www.palmatin.com\\\/pl\\\/kup-skandynawskie-domy-prefabrykowane-w-wielkiej-brytanii\\\/#local-main-organization-logo\"},\"image\":{\"@id\":\"https:\\\/\\\/www.palmatin.com\\\/pl\\\/kup-skandynawskie-domy-prefabrykowane-w-wielkiej-brytanii\\\/#local-main-organization-logo\"},\"sameAs\":[\"https:\\\/\\\/www.facebook.com\\\/palmatin.wooden.houses\",\"https:\\\/\\\/x.com\\\/palmatinhouses\",\"https:\\\/\\\/www.instagram.com\\\/palmatinwoodenhouses\\\/\",\"https:\\\/\\\/www.linkedin.com\\\/company\\\/palmatin-wooden-houses\",\"https:\\\/\\\/www.pinterest.com\\\/palmatin\\\/\",\"https:\\\/\\\/www.youtube.com\\\/channel\\\/UCS3v-T7tq4sPU5YkEvukfYg\"],\"description\":\"Palmatin wooden houses are expertly crafted, sustainable prefabricated element houses and log homes renowned for their durability, energy efficiency, and elegant Nordic design. Combining traditional building techniques with modern technology, Palmatin delivers customized living spaces that blend seamlessly with nature, ensuring comfort, quality, and eco-friendly living for generations.\",\"legalName\":\"Palmatin O\u00dc\",\"foundingDate\":\"1995-05-12\",\"numberOfEmployees\":{\"@type\":\"QuantitativeValue\",\"minValue\":\"11\",\"maxValue\":\"50\"},\"address\":{\"@id\":\"https:\\\/\\\/www.palmatin.com\\\/pl\\\/kup-skandynawskie-domy-prefabrykowane-w-wielkiej-brytanii\\\/#local-main-place-address\"},\"telephone\":[\"(+372) 605 48 95\"],\"openingHoursSpecification\":[{\"@type\":\"OpeningHoursSpecification\",\"dayOfWeek\":[\"Monday\",\"Tuesday\",\"Wednesday\",\"Thursday\",\"Friday\"],\"opens\":\"08:00\",\"closes\":\"17:00\"},{\"@type\":\"OpeningHoursSpecification\",\"dayOfWeek\":[\"Saturday\",\"Sunday\"],\"opens\":\"00:00\",\"closes\":\"00:00\"}],\"email\":\"info@palmatin.com\",\"faxNumber\":\"(+372) 605 48 92\",\"areaServed\":\"world\",\"vatID\":\"EE100240388\",\"priceRange\":\"$$$\",\"currenciesAccepted\":\"Euros\"},{\"@type\":\"PostalAddress\",\"@id\":\"https:\\\/\\\/www.palmatin.com\\\/pl\\\/kup-skandynawskie-domy-prefabrykowane-w-wielkiej-brytanii\\\/#local-main-place-address\",\"streetAddress\":\"Tammi tee 40b\",\"addressLocality\":\"Rannamoeisa\",\"postalCode\":\"76906\",\"addressRegion\":\"Harju parish\",\"addressCountry\":\"EE\"},{\"@type\":\"ImageObject\",\"inLanguage\":\"pl-PL\",\"@id\":\"https:\\\/\\\/www.palmatin.com\\\/pl\\\/kup-skandynawskie-domy-prefabrykowane-w-wielkiej-brytanii\\\/#local-main-organization-logo\",\"url\":\"https:\\\/\\\/www.palmatin.com\\\/wp-content\\\/uploads\\\/2022\\\/11\\\/Logo_wrt.jpg\",\"contentUrl\":\"https:\\\/\\\/www.palmatin.com\\\/wp-content\\\/uploads\\\/2022\\\/11\\\/Logo_wrt.jpg\",\"width\":1458,\"height\":857,\"caption\":\"Palmatin\"}]}<\/script>\n<meta name=\"geo.placename\" content=\"Rannamoeisa\" \/>\n<meta name=\"geo.region\" content=\"Estonia\" \/>\n<!-- \/ Yoast SEO Premium plugin. -->","yoast_head_json":{"title":"Dom prefabrykowany, dostosuj wed\u0142ug potrzeb - Domy drewniane","description":"Dom prefabrykowany to nowoczesny spos\u00f3b na budow\u0119 zr\u00f3wnowa\u017conego domu. Przeczytaj o opcjach dostosowywania, sprawd\u017a plany i uk\u0142ady.","robots":{"index":"index","follow":"follow","max-snippet":"max-snippet:-1","max-image-preview":"max-image-preview:large","max-video-preview":"max-video-preview:-1"},"canonical":"https:\/\/www.palmatin.com\/pl\/kup-skandynawskie-domy-prefabrykowane-w-wielkiej-brytanii\/","og_locale":"pl_PL","og_type":"article","og_title":"Kup skandynawskie domy prefabrykowane w Wielkiej Brytanii","og_description":"Jedn\u0105 z kluczowych zalet dom\u00f3w prefabrykowanych jest ich podej\u015bcie projektowe. Poniewa\u017c s\u0105 one budowane w fabryce, prefabrykaty mog\u0105 by\u0107 projektowane z","og_url":"https:\/\/www.palmatin.com\/pl\/kup-skandynawskie-domy-prefabrykowane-w-wielkiej-brytanii\/","og_site_name":"Palmatin.com","article_publisher":"https:\/\/www.facebook.com\/palmatin.wooden.houses","article_modified_time":"2023-11-24T12:35:26+00:00","og_image":[{"width":1920,"height":300,"url":"https:\/\/www.palmatin.com\/wp-content\/uploads\/2018\/08\/prefab_house.jpg","type":"image\/jpeg"}],"twitter_card":"summary_large_image","twitter_site":"@palmatinhouses","twitter_misc":{"Szacowany czas czytania":"1 minuta"},"schema":{"@context":"https:\/\/schema.org","@graph":[{"@type":"WebPage","@id":"https:\/\/www.palmatin.com\/pl\/kup-skandynawskie-domy-prefabrykowane-w-wielkiej-brytanii\/","url":"https:\/\/www.palmatin.com\/pl\/kup-skandynawskie-domy-prefabrykowane-w-wielkiej-brytanii\/","name":"Dom prefabrykowany, dostosuj wed\u0142ug potrzeb - Domy drewniane","isPartOf":{"@id":"https:\/\/www.palmatin.com\/pl\/#website"},"primaryImageOfPage":{"@id":"https:\/\/www.palmatin.com\/pl\/kup-skandynawskie-domy-prefabrykowane-w-wielkiej-brytanii\/#primaryimage"},"image":{"@id":"https:\/\/www.palmatin.com\/pl\/kup-skandynawskie-domy-prefabrykowane-w-wielkiej-brytanii\/#primaryimage"},"thumbnailUrl":"https:\/\/www.palmatin.com\/wp-content\/uploads\/2018\/08\/prefab_house.jpg","datePublished":"2023-11-23T06:59:26+00:00","dateModified":"2023-11-24T12:35:26+00:00","description":"Dom prefabrykowany to nowoczesny spos\u00f3b na budow\u0119 zr\u00f3wnowa\u017conego domu. Przeczytaj o opcjach dostosowywania, sprawd\u017a plany i uk\u0142ady.","breadcrumb":{"@id":"https:\/\/www.palmatin.com\/pl\/kup-skandynawskie-domy-prefabrykowane-w-wielkiej-brytanii\/#breadcrumb"},"inLanguage":"pl-PL","potentialAction":[{"@type":"ReadAction","target":["https:\/\/www.palmatin.com\/pl\/kup-skandynawskie-domy-prefabrykowane-w-wielkiej-brytanii\/"]}]},{"@type":"ImageObject","inLanguage":"pl-PL","@id":"https:\/\/www.palmatin.com\/pl\/kup-skandynawskie-domy-prefabrykowane-w-wielkiej-brytanii\/#primaryimage","url":"https:\/\/www.palmatin.com\/wp-content\/uploads\/2018\/08\/prefab_house.jpg","contentUrl":"https:\/\/www.palmatin.com\/wp-content\/uploads\/2018\/08\/prefab_house.jpg","width":1920,"height":300},{"@type":"BreadcrumbList","@id":"https:\/\/www.palmatin.com\/pl\/kup-skandynawskie-domy-prefabrykowane-w-wielkiej-brytanii\/#breadcrumb","itemListElement":[{"@type":"ListItem","position":1,"name":"Home","item":"https:\/\/www.palmatin.com\/pl\/"},{"@type":"ListItem","position":2,"name":"Kup skandynawskie domy prefabrykowane w Wielkiej Brytanii"}]},{"@type":"WebSite","@id":"https:\/\/www.palmatin.com\/pl\/#website","url":"https:\/\/www.palmatin.com\/pl\/","name":"Palmatin.com","description":"Custom made wooden houses from project to assembly.","publisher":{"@id":"https:\/\/www.palmatin.com\/pl\/#organization"},"inLanguage":"pl-PL"},{"@type":["Organization","Place","HomeAndConstructionBusiness"],"@id":"https:\/\/www.palmatin.com\/pl\/#organization","name":"Palmatin","alternateName":"Palmatin Wooden Houses","url":"https:\/\/www.palmatin.com\/pl\/","logo":{"@id":"https:\/\/www.palmatin.com\/pl\/kup-skandynawskie-domy-prefabrykowane-w-wielkiej-brytanii\/#local-main-organization-logo"},"image":{"@id":"https:\/\/www.palmatin.com\/pl\/kup-skandynawskie-domy-prefabrykowane-w-wielkiej-brytanii\/#local-main-organization-logo"},"sameAs":["https:\/\/www.facebook.com\/palmatin.wooden.houses","https:\/\/x.com\/palmatinhouses","https:\/\/www.instagram.com\/palmatinwoodenhouses\/","https:\/\/www.linkedin.com\/company\/palmatin-wooden-houses","https:\/\/www.pinterest.com\/palmatin\/","https:\/\/www.youtube.com\/channel\/UCS3v-T7tq4sPU5YkEvukfYg"],"description":"Palmatin wooden houses are expertly crafted, sustainable prefabricated element houses and log homes renowned for their durability, energy efficiency, and elegant Nordic design. Combining traditional building techniques with modern technology, Palmatin delivers customized living spaces that blend seamlessly with nature, ensuring comfort, quality, and eco-friendly living for generations.","legalName":"Palmatin O\u00dc","foundingDate":"1995-05-12","numberOfEmployees":{"@type":"QuantitativeValue","minValue":"11","maxValue":"50"},"address":{"@id":"https:\/\/www.palmatin.com\/pl\/kup-skandynawskie-domy-prefabrykowane-w-wielkiej-brytanii\/#local-main-place-address"},"telephone":["(+372) 605 48 95"],"openingHoursSpecification":[{"@type":"OpeningHoursSpecification","dayOfWeek":["Monday","Tuesday","Wednesday","Thursday","Friday"],"opens":"08:00","closes":"17:00"},{"@type":"OpeningHoursSpecification","dayOfWeek":["Saturday","Sunday"],"opens":"00:00","closes":"00:00"}],"email":"info@palmatin.com","faxNumber":"(+372) 605 48 92","areaServed":"world","vatID":"EE100240388","priceRange":"$$$","currenciesAccepted":"Euros"},{"@type":"PostalAddress","@id":"https:\/\/www.palmatin.com\/pl\/kup-skandynawskie-domy-prefabrykowane-w-wielkiej-brytanii\/#local-main-place-address","streetAddress":"Tammi tee 40b","addressLocality":"Rannamoeisa","postalCode":"76906","addressRegion":"Harju parish","addressCountry":"EE"},{"@type":"ImageObject","inLanguage":"pl-PL","@id":"https:\/\/www.palmatin.com\/pl\/kup-skandynawskie-domy-prefabrykowane-w-wielkiej-brytanii\/#local-main-organization-logo","url":"https:\/\/www.palmatin.com\/wp-content\/uploads\/2022\/11\/Logo_wrt.jpg","contentUrl":"https:\/\/www.palmatin.com\/wp-content\/uploads\/2022\/11\/Logo_wrt.jpg","width":1458,"height":857,"caption":"Palmatin"}]},"geo.placename":"Rannamoeisa","geo.region":"Estonia"},"_links":{"self":[{"href":"https:\/\/www.palmatin.com\/pl\/wp-json\/wp\/v2\/pages\/100493","targetHints":{"allow":["GET"]}}],"collection":[{"href":"https:\/\/www.palmatin.com\/pl\/wp-json\/wp\/v2\/pages"}],"about":[{"href":"https:\/\/www.palmatin.com\/pl\/wp-json\/wp\/v2\/types\/page"}],"author":[{"embeddable":true,"href":"https:\/\/www.palmatin.com\/pl\/wp-json\/wp\/v2\/users\/1"}],"replies":[{"embeddable":true,"href":"https:\/\/www.palmatin.com\/pl\/wp-json\/wp\/v2\/comments?post=100493"}],"version-history":[{"count":0,"href":"https:\/\/www.palmatin.com\/pl\/wp-json\/wp\/v2\/pages\/100493\/revisions"}],"wp:featuredmedia":[{"embeddable":true,"href":"https:\/\/www.palmatin.com\/pl\/wp-json\/wp\/v2\/media\/100476"}],"wp:attachment":[{"href":"https:\/\/www.palmatin.com\/pl\/wp-json\/wp\/v2\/media?parent=100493"}],"curies":[{"name":"wp","href":"https:\/\/api.w.org\/{rel}","templated":true}]}}