{"id":100492,"date":"2023-11-23T06:58:58","date_gmt":"2023-11-23T06:58:58","guid":{"rendered":"https:\/\/www.palmatin.com\/galeria\/"},"modified":"2023-11-23T14:07:57","modified_gmt":"2023-11-23T14:07:57","slug":"galeria","status":"publish","type":"page","link":"https:\/\/www.palmatin.com\/pl\/galeria\/","title":{"rendered":"Galeria"},"content":{"rendered":"<p>Tutaj mo\u017cesz przegl\u0105da\u0107 nasz\u0105 obszern\u0105 i pi\u0119kn\u0105 galeri\u0119 zdj\u0119\u0107 dom\u00f3w z bali. Oto niekt\u00f3re z naszych realizacji dom\u00f3w z bali na przestrzeni lat.<\/p>\n<p>Nasza galeria zdj\u0119\u0107 dom\u00f3w z bali zosta\u0142a podzielona na r\u00f3\u017cne kategorie. Tutaj mo\u017cna znale\u017a\u0107 zdj\u0119cia dom\u00f3w z bali, takie jak: zdj\u0119cia zewn\u0119trzne, zdj\u0119cia wn\u0119trz, zdj\u0119cia drzwi i okien, zdj\u0119cia w budowie.<\/p>\n<p>W galerii zdj\u0119\u0107 zewn\u0119trznych dom\u00f3w z bali znajdziesz zdj\u0119cia gotowych dom\u00f3w z zewn\u0105trz. Galeria wn\u0119trz dom\u00f3w z bali zawiera kilka interesuj\u0105cych zdj\u0119\u0107 wn\u0119trz, kt\u00f3re, miejmy nadziej\u0119, pomog\u0105 w podj\u0119ciu decyzji dotycz\u0105cych planowania. W galerii drzwi i okien dost\u0119pne s\u0105 r\u00f3\u017cne rodzaje rozwi\u0105za\u0144 wyko\u0144czeniowych.<\/p>\n<p>Gdy znajdziesz dom, kt\u00f3ry naprawd\u0119 Ci si\u0119 podoba i chcesz dowiedzie\u0107 si\u0119 wi\u0119cej o jego cenach i szczeg\u00f3\u0142ach konstrukcyjnych, udost\u0119pnili\u015bmy prosty przycisk zapytania. Prze\u015ble nam informacje o ogl\u0105danym obrazie, adres e-mail i pytanie. Odpowiemy na Twoje zapytanie niezw\u0142ocznie, wi\u0119c \u015bmia\u0142o, skontaktuj si\u0119 z nami.<\/p>\n","protected":false},"excerpt":{"rendered":"<p>Tutaj mo\u017cesz przegl\u0105da\u0107 nasz\u0105 obszern\u0105 i pi\u0119kn\u0105 galeri\u0119 zdj\u0119\u0107 dom\u00f3w z bali. Oto niekt\u00f3re z naszych realizacji dom\u00f3w z bali na przestrzeni lat. Nasza galeria zdj\u0119\u0107 dom\u00f3w z bali zosta\u0142a podzielona na r\u00f3\u017cne kategorie. Tutaj mo\u017cna znale\u017a\u0107 zdj\u0119cia dom\u00f3w z bali, takie jak: zdj\u0119cia zewn\u0119trzne, zdj\u0119cia wn\u0119trz, zdj\u0119cia drzwi i okien, zdj\u0119cia w budowie. W &hellip; <a href=\"https:\/\/www.palmatin.com\/pl\/galeria\/\">Continued<\/a><\/p>\n","protected":false},"author":1,"featured_media":100179,"parent":0,"menu_order":0,"comment_status":"closed","ping_status":"closed","template":"views\/template-gallery.blade.php","meta":{"_acf_changed":false,"footnotes":""},"class_list":["post-100492","page","type-page","status-publish","has-post-thumbnail","hentry"],"acf":[],"yoast_head":"<!-- This site is optimized with the Yoast SEO Premium plugin v27.3 (Yoast SEO v27.4) - https:\/\/yoast.com\/product\/yoast-seo-premium-wordpress\/ -->\n<title>Galeria zdj\u0119\u0107 dom\u00f3w z bali z pi\u0119knymi zdj\u0119ciami dom\u00f3w z bali<\/title>\n<meta name=\"description\" content=\"Odkryj pi\u0119kne domy z bali - Obrazy z r\u00f3\u017cnych wn\u0119trz dom\u00f3w z bali, dom\u00f3w z bali na zewn\u0105trz i w budowie o domach zbudowanych przez Palmatin\" \/>\n<meta name=\"robots\" content=\"index, follow, max-snippet:-1, max-image-preview:large, max-video-preview:-1\" \/>\n<link rel=\"canonical\" href=\"https:\/\/www.palmatin.com\/pl\/galeria\/\" \/>\n<meta property=\"og:locale\" content=\"pl_PL\" \/>\n<meta property=\"og:type\" content=\"article\" \/>\n<meta property=\"og:title\" content=\"Galeria\" \/>\n<meta property=\"og:description\" content=\"Tutaj mo\u017cesz przegl\u0105da\u0107 nasz\u0105 obszern\u0105 i pi\u0119kn\u0105 galeri\u0119 zdj\u0119\u0107 dom\u00f3w z bali. Oto niekt\u00f3re z naszych realizacji dom\u00f3w z bali na przestrzeni lat. Nasza\" \/>\n<meta property=\"og:url\" content=\"https:\/\/www.palmatin.com\/pl\/galeria\/\" \/>\n<meta property=\"og:site_name\" content=\"Palmatin.com\" \/>\n<meta property=\"article:publisher\" content=\"https:\/\/www.facebook.com\/palmatin.wooden.houses\" \/>\n<meta property=\"article:modified_time\" content=\"2023-11-23T14:07:57+00:00\" \/>\n<meta property=\"og:image\" content=\"https:\/\/www.palmatin.com\/wp-content\/uploads\/2018\/08\/log_houses.jpg\" \/>\n\t<meta property=\"og:image:width\" content=\"1920\" \/>\n\t<meta property=\"og:image:height\" content=\"300\" \/>\n\t<meta property=\"og:image:type\" content=\"image\/jpeg\" \/>\n<meta name=\"twitter:card\" content=\"summary_large_image\" \/>\n<meta name=\"twitter:site\" content=\"@palmatinhouses\" \/>\n<meta name=\"twitter:label1\" content=\"Szacowany czas czytania\" \/>\n\t<meta name=\"twitter:data1\" content=\"1 minuta\" \/>\n<script type=\"application\/ld+json\" class=\"yoast-schema-graph\">{\"@context\":\"https:\\\/\\\/schema.org\",\"@graph\":[{\"@type\":\"WebPage\",\"@id\":\"https:\\\/\\\/www.palmatin.com\\\/pl\\\/galeria\\\/\",\"url\":\"https:\\\/\\\/www.palmatin.com\\\/pl\\\/galeria\\\/\",\"name\":\"Galeria zdj\u0119\u0107 dom\u00f3w z bali z pi\u0119knymi zdj\u0119ciami dom\u00f3w z bali\",\"isPartOf\":{\"@id\":\"https:\\\/\\\/www.palmatin.com\\\/pl\\\/#website\"},\"primaryImageOfPage\":{\"@id\":\"https:\\\/\\\/www.palmatin.com\\\/pl\\\/galeria\\\/#primaryimage\"},\"image\":{\"@id\":\"https:\\\/\\\/www.palmatin.com\\\/pl\\\/galeria\\\/#primaryimage\"},\"thumbnailUrl\":\"https:\\\/\\\/www.palmatin.com\\\/wp-content\\\/uploads\\\/2018\\\/08\\\/log_houses.jpg\",\"datePublished\":\"2023-11-23T06:58:58+00:00\",\"dateModified\":\"2023-11-23T14:07:57+00:00\",\"description\":\"Odkryj pi\u0119kne domy z bali - Obrazy z r\u00f3\u017cnych wn\u0119trz dom\u00f3w z bali, dom\u00f3w z bali na zewn\u0105trz i w budowie o domach zbudowanych przez Palmatin\",\"breadcrumb\":{\"@id\":\"https:\\\/\\\/www.palmatin.com\\\/pl\\\/galeria\\\/#breadcrumb\"},\"inLanguage\":\"pl-PL\",\"potentialAction\":[{\"@type\":\"ReadAction\",\"target\":[\"https:\\\/\\\/www.palmatin.com\\\/pl\\\/galeria\\\/\"]}]},{\"@type\":\"ImageObject\",\"inLanguage\":\"pl-PL\",\"@id\":\"https:\\\/\\\/www.palmatin.com\\\/pl\\\/galeria\\\/#primaryimage\",\"url\":\"https:\\\/\\\/www.palmatin.com\\\/wp-content\\\/uploads\\\/2018\\\/08\\\/log_houses.jpg\",\"contentUrl\":\"https:\\\/\\\/www.palmatin.com\\\/wp-content\\\/uploads\\\/2018\\\/08\\\/log_houses.jpg\",\"width\":1920,\"height\":300},{\"@type\":\"BreadcrumbList\",\"@id\":\"https:\\\/\\\/www.palmatin.com\\\/pl\\\/galeria\\\/#breadcrumb\",\"itemListElement\":[{\"@type\":\"ListItem\",\"position\":1,\"name\":\"Home\",\"item\":\"https:\\\/\\\/www.palmatin.com\\\/pl\\\/\"},{\"@type\":\"ListItem\",\"position\":2,\"name\":\"Galeria\"}]},{\"@type\":\"WebSite\",\"@id\":\"https:\\\/\\\/www.palmatin.com\\\/pl\\\/#website\",\"url\":\"https:\\\/\\\/www.palmatin.com\\\/pl\\\/\",\"name\":\"Palmatin.com\",\"description\":\"Custom made wooden houses from project to assembly.\",\"publisher\":{\"@id\":\"https:\\\/\\\/www.palmatin.com\\\/pl\\\/#organization\"},\"inLanguage\":\"pl-PL\"},{\"@type\":[\"Organization\",\"Place\",\"HomeAndConstructionBusiness\"],\"@id\":\"https:\\\/\\\/www.palmatin.com\\\/pl\\\/#organization\",\"name\":\"Palmatin\",\"alternateName\":\"Palmatin Wooden Houses\",\"url\":\"https:\\\/\\\/www.palmatin.com\\\/pl\\\/\",\"logo\":{\"@id\":\"https:\\\/\\\/www.palmatin.com\\\/pl\\\/galeria\\\/#local-main-organization-logo\"},\"image\":{\"@id\":\"https:\\\/\\\/www.palmatin.com\\\/pl\\\/galeria\\\/#local-main-organization-logo\"},\"sameAs\":[\"https:\\\/\\\/www.facebook.com\\\/palmatin.wooden.houses\",\"https:\\\/\\\/x.com\\\/palmatinhouses\",\"https:\\\/\\\/www.instagram.com\\\/palmatinwoodenhouses\\\/\",\"https:\\\/\\\/www.linkedin.com\\\/company\\\/palmatin-wooden-houses\",\"https:\\\/\\\/www.pinterest.com\\\/palmatin\\\/\",\"https:\\\/\\\/www.youtube.com\\\/channel\\\/UCS3v-T7tq4sPU5YkEvukfYg\"],\"description\":\"Palmatin wooden houses are expertly crafted, sustainable prefabricated element houses and log homes renowned for their durability, energy efficiency, and elegant Nordic design. Combining traditional building techniques with modern technology, Palmatin delivers customized living spaces that blend seamlessly with nature, ensuring comfort, quality, and eco-friendly living for generations.\",\"legalName\":\"Palmatin O\u00dc\",\"foundingDate\":\"1995-05-12\",\"numberOfEmployees\":{\"@type\":\"QuantitativeValue\",\"minValue\":\"11\",\"maxValue\":\"50\"},\"address\":{\"@id\":\"https:\\\/\\\/www.palmatin.com\\\/pl\\\/galeria\\\/#local-main-place-address\"},\"telephone\":[\"(+372) 605 48 95\"],\"openingHoursSpecification\":[{\"@type\":\"OpeningHoursSpecification\",\"dayOfWeek\":[\"Monday\",\"Tuesday\",\"Wednesday\",\"Thursday\",\"Friday\"],\"opens\":\"08:00\",\"closes\":\"17:00\"},{\"@type\":\"OpeningHoursSpecification\",\"dayOfWeek\":[\"Saturday\",\"Sunday\"],\"opens\":\"00:00\",\"closes\":\"00:00\"}],\"email\":\"info@palmatin.com\",\"faxNumber\":\"(+372) 605 48 92\",\"areaServed\":\"world\",\"vatID\":\"EE100240388\",\"priceRange\":\"$$$\",\"currenciesAccepted\":\"Euros\"},{\"@type\":\"PostalAddress\",\"@id\":\"https:\\\/\\\/www.palmatin.com\\\/pl\\\/galeria\\\/#local-main-place-address\",\"streetAddress\":\"Tammi tee 40b\",\"addressLocality\":\"Rannamoeisa\",\"postalCode\":\"76906\",\"addressRegion\":\"Harju parish\",\"addressCountry\":\"EE\"},{\"@type\":\"ImageObject\",\"inLanguage\":\"pl-PL\",\"@id\":\"https:\\\/\\\/www.palmatin.com\\\/pl\\\/galeria\\\/#local-main-organization-logo\",\"url\":\"https:\\\/\\\/www.palmatin.com\\\/wp-content\\\/uploads\\\/2022\\\/11\\\/Logo_wrt.jpg\",\"contentUrl\":\"https:\\\/\\\/www.palmatin.com\\\/wp-content\\\/uploads\\\/2022\\\/11\\\/Logo_wrt.jpg\",\"width\":1458,\"height\":857,\"caption\":\"Palmatin\"}]}<\/script>\n<meta name=\"geo.placename\" content=\"Rannamoeisa\" \/>\n<meta name=\"geo.region\" content=\"Estonia\" \/>\n<!-- \/ Yoast SEO Premium plugin. -->","yoast_head_json":{"title":"Galeria zdj\u0119\u0107 dom\u00f3w z bali z pi\u0119knymi zdj\u0119ciami dom\u00f3w z bali","description":"Odkryj pi\u0119kne domy z bali - Obrazy z r\u00f3\u017cnych wn\u0119trz dom\u00f3w z bali, dom\u00f3w z bali na zewn\u0105trz i w budowie o domach zbudowanych przez Palmatin","robots":{"index":"index","follow":"follow","max-snippet":"max-snippet:-1","max-image-preview":"max-image-preview:large","max-video-preview":"max-video-preview:-1"},"canonical":"https:\/\/www.palmatin.com\/pl\/galeria\/","og_locale":"pl_PL","og_type":"article","og_title":"Galeria","og_description":"Tutaj mo\u017cesz przegl\u0105da\u0107 nasz\u0105 obszern\u0105 i pi\u0119kn\u0105 galeri\u0119 zdj\u0119\u0107 dom\u00f3w z bali. Oto niekt\u00f3re z naszych realizacji dom\u00f3w z bali na przestrzeni lat. Nasza","og_url":"https:\/\/www.palmatin.com\/pl\/galeria\/","og_site_name":"Palmatin.com","article_publisher":"https:\/\/www.facebook.com\/palmatin.wooden.houses","article_modified_time":"2023-11-23T14:07:57+00:00","og_image":[{"width":1920,"height":300,"url":"https:\/\/www.palmatin.com\/wp-content\/uploads\/2018\/08\/log_houses.jpg","type":"image\/jpeg"}],"twitter_card":"summary_large_image","twitter_site":"@palmatinhouses","twitter_misc":{"Szacowany czas czytania":"1 minuta"},"schema":{"@context":"https:\/\/schema.org","@graph":[{"@type":"WebPage","@id":"https:\/\/www.palmatin.com\/pl\/galeria\/","url":"https:\/\/www.palmatin.com\/pl\/galeria\/","name":"Galeria zdj\u0119\u0107 dom\u00f3w z bali z pi\u0119knymi zdj\u0119ciami dom\u00f3w z bali","isPartOf":{"@id":"https:\/\/www.palmatin.com\/pl\/#website"},"primaryImageOfPage":{"@id":"https:\/\/www.palmatin.com\/pl\/galeria\/#primaryimage"},"image":{"@id":"https:\/\/www.palmatin.com\/pl\/galeria\/#primaryimage"},"thumbnailUrl":"https:\/\/www.palmatin.com\/wp-content\/uploads\/2018\/08\/log_houses.jpg","datePublished":"2023-11-23T06:58:58+00:00","dateModified":"2023-11-23T14:07:57+00:00","description":"Odkryj pi\u0119kne domy z bali - Obrazy z r\u00f3\u017cnych wn\u0119trz dom\u00f3w z bali, dom\u00f3w z bali na zewn\u0105trz i w budowie o domach zbudowanych przez Palmatin","breadcrumb":{"@id":"https:\/\/www.palmatin.com\/pl\/galeria\/#breadcrumb"},"inLanguage":"pl-PL","potentialAction":[{"@type":"ReadAction","target":["https:\/\/www.palmatin.com\/pl\/galeria\/"]}]},{"@type":"ImageObject","inLanguage":"pl-PL","@id":"https:\/\/www.palmatin.com\/pl\/galeria\/#primaryimage","url":"https:\/\/www.palmatin.com\/wp-content\/uploads\/2018\/08\/log_houses.jpg","contentUrl":"https:\/\/www.palmatin.com\/wp-content\/uploads\/2018\/08\/log_houses.jpg","width":1920,"height":300},{"@type":"BreadcrumbList","@id":"https:\/\/www.palmatin.com\/pl\/galeria\/#breadcrumb","itemListElement":[{"@type":"ListItem","position":1,"name":"Home","item":"https:\/\/www.palmatin.com\/pl\/"},{"@type":"ListItem","position":2,"name":"Galeria"}]},{"@type":"WebSite","@id":"https:\/\/www.palmatin.com\/pl\/#website","url":"https:\/\/www.palmatin.com\/pl\/","name":"Palmatin.com","description":"Custom made wooden houses from project to assembly.","publisher":{"@id":"https:\/\/www.palmatin.com\/pl\/#organization"},"inLanguage":"pl-PL"},{"@type":["Organization","Place","HomeAndConstructionBusiness"],"@id":"https:\/\/www.palmatin.com\/pl\/#organization","name":"Palmatin","alternateName":"Palmatin Wooden Houses","url":"https:\/\/www.palmatin.com\/pl\/","logo":{"@id":"https:\/\/www.palmatin.com\/pl\/galeria\/#local-main-organization-logo"},"image":{"@id":"https:\/\/www.palmatin.com\/pl\/galeria\/#local-main-organization-logo"},"sameAs":["https:\/\/www.facebook.com\/palmatin.wooden.houses","https:\/\/x.com\/palmatinhouses","https:\/\/www.instagram.com\/palmatinwoodenhouses\/","https:\/\/www.linkedin.com\/company\/palmatin-wooden-houses","https:\/\/www.pinterest.com\/palmatin\/","https:\/\/www.youtube.com\/channel\/UCS3v-T7tq4sPU5YkEvukfYg"],"description":"Palmatin wooden houses are expertly crafted, sustainable prefabricated element houses and log homes renowned for their durability, energy efficiency, and elegant Nordic design. Combining traditional building techniques with modern technology, Palmatin delivers customized living spaces that blend seamlessly with nature, ensuring comfort, quality, and eco-friendly living for generations.","legalName":"Palmatin O\u00dc","foundingDate":"1995-05-12","numberOfEmployees":{"@type":"QuantitativeValue","minValue":"11","maxValue":"50"},"address":{"@id":"https:\/\/www.palmatin.com\/pl\/galeria\/#local-main-place-address"},"telephone":["(+372) 605 48 95"],"openingHoursSpecification":[{"@type":"OpeningHoursSpecification","dayOfWeek":["Monday","Tuesday","Wednesday","Thursday","Friday"],"opens":"08:00","closes":"17:00"},{"@type":"OpeningHoursSpecification","dayOfWeek":["Saturday","Sunday"],"opens":"00:00","closes":"00:00"}],"email":"info@palmatin.com","faxNumber":"(+372) 605 48 92","areaServed":"world","vatID":"EE100240388","priceRange":"$$$","currenciesAccepted":"Euros"},{"@type":"PostalAddress","@id":"https:\/\/www.palmatin.com\/pl\/galeria\/#local-main-place-address","streetAddress":"Tammi tee 40b","addressLocality":"Rannamoeisa","postalCode":"76906","addressRegion":"Harju parish","addressCountry":"EE"},{"@type":"ImageObject","inLanguage":"pl-PL","@id":"https:\/\/www.palmatin.com\/pl\/galeria\/#local-main-organization-logo","url":"https:\/\/www.palmatin.com\/wp-content\/uploads\/2022\/11\/Logo_wrt.jpg","contentUrl":"https:\/\/www.palmatin.com\/wp-content\/uploads\/2022\/11\/Logo_wrt.jpg","width":1458,"height":857,"caption":"Palmatin"}]},"geo.placename":"Rannamoeisa","geo.region":"Estonia"},"_links":{"self":[{"href":"https:\/\/www.palmatin.com\/pl\/wp-json\/wp\/v2\/pages\/100492","targetHints":{"allow":["GET"]}}],"collection":[{"href":"https:\/\/www.palmatin.com\/pl\/wp-json\/wp\/v2\/pages"}],"about":[{"href":"https:\/\/www.palmatin.com\/pl\/wp-json\/wp\/v2\/types\/page"}],"author":[{"embeddable":true,"href":"https:\/\/www.palmatin.com\/pl\/wp-json\/wp\/v2\/users\/1"}],"replies":[{"embeddable":true,"href":"https:\/\/www.palmatin.com\/pl\/wp-json\/wp\/v2\/comments?post=100492"}],"version-history":[{"count":0,"href":"https:\/\/www.palmatin.com\/pl\/wp-json\/wp\/v2\/pages\/100492\/revisions"}],"wp:featuredmedia":[{"embeddable":true,"href":"https:\/\/www.palmatin.com\/pl\/wp-json\/wp\/v2\/media\/100179"}],"wp:attachment":[{"href":"https:\/\/www.palmatin.com\/pl\/wp-json\/wp\/v2\/media?parent=100492"}],"curies":[{"name":"wp","href":"https:\/\/api.w.org\/{rel}","templated":true}]}}