{"id":100474,"date":"2023-11-23T06:39:08","date_gmt":"2023-11-23T06:39:08","guid":{"rendered":"https:\/\/www.palmatin.com\/log-house-technology\/nierozliczajacy-sie-dziennik\/"},"modified":"2023-11-23T14:13:49","modified_gmt":"2023-11-23T14:13:49","slug":"nierozliczajacy-sie-dziennik","status":"publish","type":"page","link":"https:\/\/www.palmatin.com\/pl\/technologia-domow-z-bali\/nierozliczajacy-sie-dziennik\/","title":{"rendered":"Nierozliczaj\u0105cy si\u0119 dziennik"},"content":{"rendered":"<h1>Konstrukcja nieosiadaj\u0105ca<\/h1>\n<p>&nbsp;<\/p>\n<h2>Wprowadzenie<\/h2>\n<p>Konstrukcja z bali nieosiadaj\u0105cych to popularna metoda budowania konstrukcji przy u\u017cyciu bali, kt\u00f3re nie osiadaj\u0105 ani nie kurcz\u0105 si\u0119 z up\u0142ywem czasu. W przeciwie\u0144stwie do tradycyjnych dom\u00f3w z bali, kt\u00f3re mog\u0105 osiada\u0107, konstrukcja z bali bez osiadania ma kilka zalet. Na tej stronie om\u00f3wimy zalety konstrukcji z bali bez osiadania.<\/p>\n<h2>1. Stabilno\u015b\u0107 strukturalna<\/h2>\n<p>Jedn\u0105 z kluczowych zalet konstrukcji z bali nieosiadaj\u0105cych jest jej stabilno\u015b\u0107 strukturalna. Bale stosowane w konstrukcjach z bali nieosiadaj\u0105cych to zazwyczaj bale konstrukcyjne lub laminowane, kt\u00f3re zosta\u0142y specjalnie zaprojektowane, aby by\u0142y odporne na osiadanie. K\u0142ody te s\u0105 produkowane z precyzj\u0105 i poddawane rygorystycznym \u015brodkom kontroli jako\u015bci. W rezultacie nieosiadaj\u0105ce domy z bali zachowuj\u0105 swoj\u0105 integralno\u015b\u0107 strukturaln\u0105 przez d\u0142ugi czas, zmniejszaj\u0105c potrzeb\u0119 kosztownych napraw lub konserwacji.<\/p>\n<h2>2. Efektywno\u015b\u0107 energetyczna<\/h2>\n<p>Nieosiadaj\u0105ca konstrukcja z bali zapewnia doskona\u0142\u0105 wydajno\u015b\u0107 energetyczn\u0105. \u015acis\u0142e dopasowanie i zaawansowane techniki uszczelniania stosowane w tej metodzie konstrukcyjnej minimalizuj\u0105 przecieki powietrza i poprawiaj\u0105 izolacj\u0119. Bale dzia\u0142aj\u0105 jak naturalne izolatory, pomagaj\u0105c utrzyma\u0107 komfortow\u0105 temperatur\u0119 wewn\u0105trz domu przy jednoczesnym obni\u017ceniu koszt\u00f3w ogrzewania i ch\u0142odzenia. Najwy\u017csza efektywno\u015b\u0107 energetyczna dom\u00f3w z bali nieosiadaj\u0105cych przyczynia si\u0119 do d\u0142ugoterminowych oszcz\u0119dno\u015bci energii i mniejszego wp\u0142ywu na \u015brodowisko.<\/p>\n<h2>3. Zwi\u0119kszona estetyka<\/h2>\n<p>Konstrukcja z bali nieosiadaj\u0105cych oferuje lepsz\u0105 estetyk\u0119 w por\u00f3wnaniu do tradycyjnych dom\u00f3w z bali. Bale in\u017cynieryjne stosowane w konstrukcjach z bali nieosiadaj\u0105cych zapewniaj\u0105 g\u0142adki i jednolity wygl\u0105d, tworz\u0105c atrakcyjn\u0105 wizualnie struktur\u0119. Bale te mog\u0105 by\u0107 wst\u0119pnie wyko\u0144czone lub zabejcowane w celu uzyskania po\u017c\u0105danego wygl\u0105du i mo\u017cna je \u0142atwo dostosowa\u0107 do indywidualnych preferencji. Nieosiadaj\u0105ce domy z bali \u0142\u0105cz\u0105 w sobie ponadczasowe pi\u0119kno bali z nowoczesnymi mo\u017cliwo\u015bciami projektowania, co czyni je atrakcyjnym wyborem dla wielu w\u0142a\u015bcicieli dom\u00f3w. <a href=\"https:\/\/www.palmatin.com\/blog\/log-house-benefits\/\">Pe\u0142ny przegl\u0105d zalet dom\u00f3w<\/a> z bali.<\/p>\n<h2>4. Ograniczona konserwacja<\/h2>\n<p>Kolejn\u0105 zalet\u0105 konstrukcji z bali nieosiadaj\u0105cych s\u0105 mniejsze wymagania w zakresie konserwacji. Poniewa\u017c nieosiadaj\u0105ce bale nie kurcz\u0105 si\u0119 ani nie osiadaj\u0105, eliminuj\u0105 potrzeb\u0119 regularnych regulacji lub ponownego uszczelniania, co mo\u017ce by\u0107 konieczne w tradycyjnych domach z bali. Stabilno\u015b\u0107 nieosiadaj\u0105cych dom\u00f3w z bali minimalizuje wyst\u0119powanie szczelin lub p\u0119kni\u0119\u0107, zmniejszaj\u0105c ryzyko infiltracji powietrza lub wody. Dzi\u0119ki ni\u017cszym wymaganiom konserwacyjnym w\u0142a\u015bciciele dom\u00f3w mog\u0105 cieszy\u0107 si\u0119 wi\u0119ksz\u0105 ilo\u015bci\u0105 czasu i zasob\u00f3w na inne dzia\u0142ania.<\/p>\n<h2>5. Trwa\u0142o\u015b\u0107<\/h2>\n<p>Nieosiadaj\u0105ca konstrukcja z bali jest znana ze swojej trwa\u0142o\u015bci. Bale in\u017cynieryjne stosowane w tej metodzie budowy s\u0105 zaprojektowane tak, aby by\u0142y odporne na czynniki \u015brodowiskowe, takie jak wilgo\u0107, wahania temperatury i uszkodzenia spowodowane przez owady. K\u0142ody te s\u0105 zabezpieczone przed rozk\u0142adem, gniciem i szkodnikami, zapewniaj\u0105c d\u0142ugowieczno\u015b\u0107 konstrukcji. Nieosiadaj\u0105ce domy z bali s\u0105 budowane z my\u015bl\u0105 o przetrwaniu pokole\u0144, zapewniaj\u0105c solidn\u0105 inwestycj\u0119 i dziedzictwo dla przysz\u0142ych w\u0142a\u015bcicieli dom\u00f3w.<\/p>\n<h2>Wnioski<\/h2>\n<p>Konstrukcja z bali nieosiadaj\u0105cych oferuje szereg korzy\u015bci, kt\u00f3re sprawiaj\u0105, \u017ce jest to atrakcyjna opcja dla os\u00f3b poszukuj\u0105cych domu z bali o stabilno\u015bci strukturalnej, efektywno\u015bci energetycznej, zwi\u0119kszonej estetyce, ograniczonej konserwacji i trwa\u0142o\u015bci. Niezale\u017cnie od tego, czy szukasz g\u0142\u00f3wnej rezydencji, miejsca na wakacje, czy unikalnego rozwi\u0105zania architektonicznego, domy z bali zapewniaj\u0105 po\u0142\u0105czenie naturalnego pi\u0119kna i nowoczesnych technik budowlanych, kt\u00f3re mog\u0105 spe\u0142ni\u0107 Twoj\u0105 wizj\u0119.<\/p>\n<p>&nbsp;<\/p>\n","protected":false},"excerpt":{"rendered":"<p>Konstrukcja nieosiadaj\u0105ca &nbsp; Wprowadzenie Konstrukcja z bali nieosiadaj\u0105cych to popularna metoda budowania konstrukcji przy u\u017cyciu bali, kt\u00f3re nie osiadaj\u0105 ani nie kurcz\u0105 si\u0119 z up\u0142ywem czasu. W przeciwie\u0144stwie do tradycyjnych dom\u00f3w z bali, kt\u00f3re mog\u0105 osiada\u0107, konstrukcja z bali bez osiadania ma kilka zalet. Na tej stronie om\u00f3wimy zalety konstrukcji z bali bez osiadania. 1. &hellip; <a href=\"https:\/\/www.palmatin.com\/pl\/technologia-domow-z-bali\/nierozliczajacy-sie-dziennik\/\">Continued<\/a><\/p>\n","protected":false},"author":3,"featured_media":95868,"parent":100215,"menu_order":0,"comment_status":"closed","ping_status":"closed","template":"views\/template-page.blade.php","meta":{"_acf_changed":false,"footnotes":""},"class_list":["post-100474","page","type-page","status-publish","has-post-thumbnail","hentry"],"acf":[],"yoast_head":"<!-- This site is optimized with the Yoast SEO Premium plugin v27.3 (Yoast SEO v27.3) - https:\/\/yoast.com\/product\/yoast-seo-premium-wordpress\/ -->\n<title>Nierozliczaj\u0105cy si\u0119 dziennik korzy\u015bci i rozwi\u0105zania - Palmatin.com<\/title>\n<meta name=\"description\" content=\"Nieosiadaj\u0105ca konstrukcja z bali oferuje szereg korzy\u015bci, kt\u00f3re sprawiaj\u0105, \u017ce jest to dobra opcja dla tych, kt\u00f3rzy szukaj\u0105 domu z bali o stabilno\u015bci strukturalnej\" \/>\n<meta name=\"robots\" content=\"index, follow, max-snippet:-1, max-image-preview:large, max-video-preview:-1\" \/>\n<link rel=\"canonical\" href=\"https:\/\/www.palmatin.com\/pl\/technologia-domow-z-bali\/nierozliczajacy-sie-dziennik\/\" \/>\n<meta property=\"og:locale\" content=\"pl_PL\" \/>\n<meta property=\"og:type\" content=\"article\" \/>\n<meta property=\"og:title\" content=\"Nierozliczaj\u0105cy si\u0119 dziennik\" \/>\n<meta property=\"og:description\" content=\"Konstrukcja nieosiadaj\u0105ca &nbsp; Wprowadzenie Konstrukcja z bali nieosiadaj\u0105cych to popularna metoda budowania konstrukcji przy u\u017cyciu bali, kt\u00f3re nie\" \/>\n<meta property=\"og:url\" content=\"https:\/\/www.palmatin.com\/pl\/technologia-domow-z-bali\/nierozliczajacy-sie-dziennik\/\" \/>\n<meta property=\"og:site_name\" content=\"Palmatin.com\" \/>\n<meta property=\"article:publisher\" content=\"https:\/\/www.facebook.com\/palmatin.wooden.houses\" \/>\n<meta property=\"article:modified_time\" content=\"2023-11-23T14:13:49+00:00\" \/>\n<meta property=\"og:image\" content=\"https:\/\/www.palmatin.com\/wp-content\/uploads\/2023\/06\/mittevajuv-palk-scaled.jpg\" \/>\n\t<meta property=\"og:image:width\" content=\"1920\" \/>\n\t<meta property=\"og:image:height\" content=\"2560\" \/>\n\t<meta property=\"og:image:type\" content=\"image\/jpeg\" \/>\n<meta name=\"twitter:card\" content=\"summary_large_image\" \/>\n<meta name=\"twitter:site\" content=\"@palmatinhouses\" \/>\n<meta name=\"twitter:label1\" content=\"Szacowany czas czytania\" \/>\n\t<meta name=\"twitter:data1\" content=\"3 minuty\" \/>\n<script type=\"application\/ld+json\" class=\"yoast-schema-graph\">{\"@context\":\"https:\\\/\\\/schema.org\",\"@graph\":[{\"@type\":\"WebPage\",\"@id\":\"https:\\\/\\\/www.palmatin.com\\\/pl\\\/technologia-domow-z-bali\\\/nierozliczajacy-sie-dziennik\\\/\",\"url\":\"https:\\\/\\\/www.palmatin.com\\\/pl\\\/technologia-domow-z-bali\\\/nierozliczajacy-sie-dziennik\\\/\",\"name\":\"Nierozliczaj\u0105cy si\u0119 dziennik korzy\u015bci i rozwi\u0105zania - Palmatin.com\",\"isPartOf\":{\"@id\":\"https:\\\/\\\/www.palmatin.com\\\/pl\\\/#website\"},\"primaryImageOfPage\":{\"@id\":\"https:\\\/\\\/www.palmatin.com\\\/pl\\\/technologia-domow-z-bali\\\/nierozliczajacy-sie-dziennik\\\/#primaryimage\"},\"image\":{\"@id\":\"https:\\\/\\\/www.palmatin.com\\\/pl\\\/technologia-domow-z-bali\\\/nierozliczajacy-sie-dziennik\\\/#primaryimage\"},\"thumbnailUrl\":\"https:\\\/\\\/www.palmatin.com\\\/wp-content\\\/uploads\\\/2023\\\/06\\\/mittevajuv-palk-scaled.jpg\",\"datePublished\":\"2023-11-23T06:39:08+00:00\",\"dateModified\":\"2023-11-23T14:13:49+00:00\",\"description\":\"Nieosiadaj\u0105ca konstrukcja z bali oferuje szereg korzy\u015bci, kt\u00f3re sprawiaj\u0105, \u017ce jest to dobra opcja dla tych, kt\u00f3rzy szukaj\u0105 domu z bali o stabilno\u015bci strukturalnej\",\"breadcrumb\":{\"@id\":\"https:\\\/\\\/www.palmatin.com\\\/pl\\\/technologia-domow-z-bali\\\/nierozliczajacy-sie-dziennik\\\/#breadcrumb\"},\"inLanguage\":\"pl-PL\",\"potentialAction\":[{\"@type\":\"ReadAction\",\"target\":[\"https:\\\/\\\/www.palmatin.com\\\/pl\\\/technologia-domow-z-bali\\\/nierozliczajacy-sie-dziennik\\\/\"]}]},{\"@type\":\"ImageObject\",\"inLanguage\":\"pl-PL\",\"@id\":\"https:\\\/\\\/www.palmatin.com\\\/pl\\\/technologia-domow-z-bali\\\/nierozliczajacy-sie-dziennik\\\/#primaryimage\",\"url\":\"https:\\\/\\\/www.palmatin.com\\\/wp-content\\\/uploads\\\/2023\\\/06\\\/mittevajuv-palk-scaled.jpg\",\"contentUrl\":\"https:\\\/\\\/www.palmatin.com\\\/wp-content\\\/uploads\\\/2023\\\/06\\\/mittevajuv-palk-scaled.jpg\",\"width\":1920,\"height\":2560,\"caption\":\"non-settling log\"},{\"@type\":\"BreadcrumbList\",\"@id\":\"https:\\\/\\\/www.palmatin.com\\\/pl\\\/technologia-domow-z-bali\\\/nierozliczajacy-sie-dziennik\\\/#breadcrumb\",\"itemListElement\":[{\"@type\":\"ListItem\",\"position\":1,\"name\":\"Home\",\"item\":\"https:\\\/\\\/www.palmatin.com\\\/pl\\\/\"},{\"@type\":\"ListItem\",\"position\":2,\"name\":\"Technologia dom\u00f3w z bali\",\"item\":\"https:\\\/\\\/www.palmatin.com\\\/pl\\\/technologia-domow-z-bali\\\/\"},{\"@type\":\"ListItem\",\"position\":3,\"name\":\"Nierozliczaj\u0105cy si\u0119 dziennik\"}]},{\"@type\":\"WebSite\",\"@id\":\"https:\\\/\\\/www.palmatin.com\\\/pl\\\/#website\",\"url\":\"https:\\\/\\\/www.palmatin.com\\\/pl\\\/\",\"name\":\"Palmatin.com\",\"description\":\"Custom made wooden houses from project to assembly.\",\"publisher\":{\"@id\":\"https:\\\/\\\/www.palmatin.com\\\/pl\\\/#organization\"},\"inLanguage\":\"pl-PL\"},{\"@type\":[\"Organization\",\"Place\",\"HomeAndConstructionBusiness\"],\"@id\":\"https:\\\/\\\/www.palmatin.com\\\/pl\\\/#organization\",\"name\":\"Palmatin\",\"alternateName\":\"Palmatin Wooden Houses\",\"url\":\"https:\\\/\\\/www.palmatin.com\\\/pl\\\/\",\"logo\":{\"@id\":\"https:\\\/\\\/www.palmatin.com\\\/pl\\\/technologia-domow-z-bali\\\/nierozliczajacy-sie-dziennik\\\/#local-main-organization-logo\"},\"image\":{\"@id\":\"https:\\\/\\\/www.palmatin.com\\\/pl\\\/technologia-domow-z-bali\\\/nierozliczajacy-sie-dziennik\\\/#local-main-organization-logo\"},\"sameAs\":[\"https:\\\/\\\/www.facebook.com\\\/palmatin.wooden.houses\",\"https:\\\/\\\/x.com\\\/palmatinhouses\",\"https:\\\/\\\/www.instagram.com\\\/palmatinwoodenhouses\\\/\",\"https:\\\/\\\/www.linkedin.com\\\/company\\\/palmatin-wooden-houses\",\"https:\\\/\\\/www.pinterest.com\\\/palmatin\\\/\",\"https:\\\/\\\/www.youtube.com\\\/channel\\\/UCS3v-T7tq4sPU5YkEvukfYg\"],\"description\":\"Palmatin wooden houses are expertly crafted, sustainable prefabricated element houses and log homes renowned for their durability, energy efficiency, and elegant Nordic design. Combining traditional building techniques with modern technology, Palmatin delivers customized living spaces that blend seamlessly with nature, ensuring comfort, quality, and eco-friendly living for generations.\",\"legalName\":\"Palmatin O\u00dc\",\"foundingDate\":\"1995-05-12\",\"numberOfEmployees\":{\"@type\":\"QuantitativeValue\",\"minValue\":\"11\",\"maxValue\":\"50\"},\"address\":{\"@id\":\"https:\\\/\\\/www.palmatin.com\\\/pl\\\/technologia-domow-z-bali\\\/nierozliczajacy-sie-dziennik\\\/#local-main-place-address\"},\"telephone\":[\"(+372) 605 48 95\"],\"openingHoursSpecification\":[{\"@type\":\"OpeningHoursSpecification\",\"dayOfWeek\":[\"Monday\",\"Tuesday\",\"Wednesday\",\"Thursday\",\"Friday\"],\"opens\":\"08:00\",\"closes\":\"17:00\"},{\"@type\":\"OpeningHoursSpecification\",\"dayOfWeek\":[\"Saturday\",\"Sunday\"],\"opens\":\"00:00\",\"closes\":\"00:00\"}],\"email\":\"info@palmatin.com\",\"faxNumber\":\"(+372) 605 48 92\",\"areaServed\":\"world\",\"vatID\":\"EE100240388\",\"priceRange\":\"$$$\",\"currenciesAccepted\":\"Euros\"},{\"@type\":\"PostalAddress\",\"@id\":\"https:\\\/\\\/www.palmatin.com\\\/pl\\\/technologia-domow-z-bali\\\/nierozliczajacy-sie-dziennik\\\/#local-main-place-address\",\"streetAddress\":\"Tammi tee 40b\",\"addressLocality\":\"Rannamoeisa\",\"postalCode\":\"76906\",\"addressRegion\":\"Harju parish\",\"addressCountry\":\"EE\"},{\"@type\":\"ImageObject\",\"inLanguage\":\"pl-PL\",\"@id\":\"https:\\\/\\\/www.palmatin.com\\\/pl\\\/technologia-domow-z-bali\\\/nierozliczajacy-sie-dziennik\\\/#local-main-organization-logo\",\"url\":\"https:\\\/\\\/www.palmatin.com\\\/wp-content\\\/uploads\\\/2022\\\/11\\\/Logo_wrt.jpg\",\"contentUrl\":\"https:\\\/\\\/www.palmatin.com\\\/wp-content\\\/uploads\\\/2022\\\/11\\\/Logo_wrt.jpg\",\"width\":1458,\"height\":857,\"caption\":\"Palmatin\"}]}<\/script>\n<meta name=\"geo.placename\" content=\"Rannamoeisa\" \/>\n<meta name=\"geo.region\" content=\"Estonia\" \/>\n<!-- \/ Yoast SEO Premium plugin. -->","yoast_head_json":{"title":"Nierozliczaj\u0105cy si\u0119 dziennik korzy\u015bci i rozwi\u0105zania - Palmatin.com","description":"Nieosiadaj\u0105ca konstrukcja z bali oferuje szereg korzy\u015bci, kt\u00f3re sprawiaj\u0105, \u017ce jest to dobra opcja dla tych, kt\u00f3rzy szukaj\u0105 domu z bali o stabilno\u015bci strukturalnej","robots":{"index":"index","follow":"follow","max-snippet":"max-snippet:-1","max-image-preview":"max-image-preview:large","max-video-preview":"max-video-preview:-1"},"canonical":"https:\/\/www.palmatin.com\/pl\/technologia-domow-z-bali\/nierozliczajacy-sie-dziennik\/","og_locale":"pl_PL","og_type":"article","og_title":"Nierozliczaj\u0105cy si\u0119 dziennik","og_description":"Konstrukcja nieosiadaj\u0105ca &nbsp; Wprowadzenie Konstrukcja z bali nieosiadaj\u0105cych to popularna metoda budowania konstrukcji przy u\u017cyciu bali, kt\u00f3re nie","og_url":"https:\/\/www.palmatin.com\/pl\/technologia-domow-z-bali\/nierozliczajacy-sie-dziennik\/","og_site_name":"Palmatin.com","article_publisher":"https:\/\/www.facebook.com\/palmatin.wooden.houses","article_modified_time":"2023-11-23T14:13:49+00:00","og_image":[{"width":1920,"height":2560,"url":"https:\/\/www.palmatin.com\/wp-content\/uploads\/2023\/06\/mittevajuv-palk-scaled.jpg","type":"image\/jpeg"}],"twitter_card":"summary_large_image","twitter_site":"@palmatinhouses","twitter_misc":{"Szacowany czas czytania":"3 minuty"},"schema":{"@context":"https:\/\/schema.org","@graph":[{"@type":"WebPage","@id":"https:\/\/www.palmatin.com\/pl\/technologia-domow-z-bali\/nierozliczajacy-sie-dziennik\/","url":"https:\/\/www.palmatin.com\/pl\/technologia-domow-z-bali\/nierozliczajacy-sie-dziennik\/","name":"Nierozliczaj\u0105cy si\u0119 dziennik korzy\u015bci i rozwi\u0105zania - Palmatin.com","isPartOf":{"@id":"https:\/\/www.palmatin.com\/pl\/#website"},"primaryImageOfPage":{"@id":"https:\/\/www.palmatin.com\/pl\/technologia-domow-z-bali\/nierozliczajacy-sie-dziennik\/#primaryimage"},"image":{"@id":"https:\/\/www.palmatin.com\/pl\/technologia-domow-z-bali\/nierozliczajacy-sie-dziennik\/#primaryimage"},"thumbnailUrl":"https:\/\/www.palmatin.com\/wp-content\/uploads\/2023\/06\/mittevajuv-palk-scaled.jpg","datePublished":"2023-11-23T06:39:08+00:00","dateModified":"2023-11-23T14:13:49+00:00","description":"Nieosiadaj\u0105ca konstrukcja z bali oferuje szereg korzy\u015bci, kt\u00f3re sprawiaj\u0105, \u017ce jest to dobra opcja dla tych, kt\u00f3rzy szukaj\u0105 domu z bali o stabilno\u015bci strukturalnej","breadcrumb":{"@id":"https:\/\/www.palmatin.com\/pl\/technologia-domow-z-bali\/nierozliczajacy-sie-dziennik\/#breadcrumb"},"inLanguage":"pl-PL","potentialAction":[{"@type":"ReadAction","target":["https:\/\/www.palmatin.com\/pl\/technologia-domow-z-bali\/nierozliczajacy-sie-dziennik\/"]}]},{"@type":"ImageObject","inLanguage":"pl-PL","@id":"https:\/\/www.palmatin.com\/pl\/technologia-domow-z-bali\/nierozliczajacy-sie-dziennik\/#primaryimage","url":"https:\/\/www.palmatin.com\/wp-content\/uploads\/2023\/06\/mittevajuv-palk-scaled.jpg","contentUrl":"https:\/\/www.palmatin.com\/wp-content\/uploads\/2023\/06\/mittevajuv-palk-scaled.jpg","width":1920,"height":2560,"caption":"non-settling log"},{"@type":"BreadcrumbList","@id":"https:\/\/www.palmatin.com\/pl\/technologia-domow-z-bali\/nierozliczajacy-sie-dziennik\/#breadcrumb","itemListElement":[{"@type":"ListItem","position":1,"name":"Home","item":"https:\/\/www.palmatin.com\/pl\/"},{"@type":"ListItem","position":2,"name":"Technologia dom\u00f3w z bali","item":"https:\/\/www.palmatin.com\/pl\/technologia-domow-z-bali\/"},{"@type":"ListItem","position":3,"name":"Nierozliczaj\u0105cy si\u0119 dziennik"}]},{"@type":"WebSite","@id":"https:\/\/www.palmatin.com\/pl\/#website","url":"https:\/\/www.palmatin.com\/pl\/","name":"Palmatin.com","description":"Custom made wooden houses from project to assembly.","publisher":{"@id":"https:\/\/www.palmatin.com\/pl\/#organization"},"inLanguage":"pl-PL"},{"@type":["Organization","Place","HomeAndConstructionBusiness"],"@id":"https:\/\/www.palmatin.com\/pl\/#organization","name":"Palmatin","alternateName":"Palmatin Wooden Houses","url":"https:\/\/www.palmatin.com\/pl\/","logo":{"@id":"https:\/\/www.palmatin.com\/pl\/technologia-domow-z-bali\/nierozliczajacy-sie-dziennik\/#local-main-organization-logo"},"image":{"@id":"https:\/\/www.palmatin.com\/pl\/technologia-domow-z-bali\/nierozliczajacy-sie-dziennik\/#local-main-organization-logo"},"sameAs":["https:\/\/www.facebook.com\/palmatin.wooden.houses","https:\/\/x.com\/palmatinhouses","https:\/\/www.instagram.com\/palmatinwoodenhouses\/","https:\/\/www.linkedin.com\/company\/palmatin-wooden-houses","https:\/\/www.pinterest.com\/palmatin\/","https:\/\/www.youtube.com\/channel\/UCS3v-T7tq4sPU5YkEvukfYg"],"description":"Palmatin wooden houses are expertly crafted, sustainable prefabricated element houses and log homes renowned for their durability, energy efficiency, and elegant Nordic design. Combining traditional building techniques with modern technology, Palmatin delivers customized living spaces that blend seamlessly with nature, ensuring comfort, quality, and eco-friendly living for generations.","legalName":"Palmatin O\u00dc","foundingDate":"1995-05-12","numberOfEmployees":{"@type":"QuantitativeValue","minValue":"11","maxValue":"50"},"address":{"@id":"https:\/\/www.palmatin.com\/pl\/technologia-domow-z-bali\/nierozliczajacy-sie-dziennik\/#local-main-place-address"},"telephone":["(+372) 605 48 95"],"openingHoursSpecification":[{"@type":"OpeningHoursSpecification","dayOfWeek":["Monday","Tuesday","Wednesday","Thursday","Friday"],"opens":"08:00","closes":"17:00"},{"@type":"OpeningHoursSpecification","dayOfWeek":["Saturday","Sunday"],"opens":"00:00","closes":"00:00"}],"email":"info@palmatin.com","faxNumber":"(+372) 605 48 92","areaServed":"world","vatID":"EE100240388","priceRange":"$$$","currenciesAccepted":"Euros"},{"@type":"PostalAddress","@id":"https:\/\/www.palmatin.com\/pl\/technologia-domow-z-bali\/nierozliczajacy-sie-dziennik\/#local-main-place-address","streetAddress":"Tammi tee 40b","addressLocality":"Rannamoeisa","postalCode":"76906","addressRegion":"Harju parish","addressCountry":"EE"},{"@type":"ImageObject","inLanguage":"pl-PL","@id":"https:\/\/www.palmatin.com\/pl\/technologia-domow-z-bali\/nierozliczajacy-sie-dziennik\/#local-main-organization-logo","url":"https:\/\/www.palmatin.com\/wp-content\/uploads\/2022\/11\/Logo_wrt.jpg","contentUrl":"https:\/\/www.palmatin.com\/wp-content\/uploads\/2022\/11\/Logo_wrt.jpg","width":1458,"height":857,"caption":"Palmatin"}]},"geo.placename":"Rannamoeisa","geo.region":"Estonia"},"_links":{"self":[{"href":"https:\/\/www.palmatin.com\/pl\/wp-json\/wp\/v2\/pages\/100474","targetHints":{"allow":["GET"]}}],"collection":[{"href":"https:\/\/www.palmatin.com\/pl\/wp-json\/wp\/v2\/pages"}],"about":[{"href":"https:\/\/www.palmatin.com\/pl\/wp-json\/wp\/v2\/types\/page"}],"author":[{"embeddable":true,"href":"https:\/\/www.palmatin.com\/pl\/wp-json\/wp\/v2\/users\/3"}],"replies":[{"embeddable":true,"href":"https:\/\/www.palmatin.com\/pl\/wp-json\/wp\/v2\/comments?post=100474"}],"version-history":[{"count":0,"href":"https:\/\/www.palmatin.com\/pl\/wp-json\/wp\/v2\/pages\/100474\/revisions"}],"up":[{"embeddable":true,"href":"https:\/\/www.palmatin.com\/pl\/wp-json\/wp\/v2\/pages\/100215"}],"wp:featuredmedia":[{"embeddable":true,"href":"https:\/\/www.palmatin.com\/pl\/wp-json\/wp\/v2\/media\/95868"}],"wp:attachment":[{"href":"https:\/\/www.palmatin.com\/pl\/wp-json\/wp\/v2\/media?parent=100474"}],"curies":[{"name":"wp","href":"https:\/\/api.w.org\/{rel}","templated":true}]}}