{"id":100392,"date":"2018-07-02T10:24:14","date_gmt":"2018-07-02T10:24:14","guid":{"rendered":"https:\/\/www.palmatin.com\/planning-guide\/"},"modified":"2023-11-24T06:39:52","modified_gmt":"2023-11-24T06:39:52","slug":"przewodnik-planowania-domu-z-bali","status":"publish","type":"page","link":"https:\/\/www.palmatin.com\/pl\/przewodnik-planowania-domu-z-bali\/","title":{"rendered":"Przewodnik planowania domu z bali"},"content":{"rendered":"","protected":false},"excerpt":{"rendered":"","protected":false},"author":1,"featured_media":100179,"parent":0,"menu_order":0,"comment_status":"closed","ping_status":"closed","template":"views\/template-content-blocks.blade.php","meta":{"_acf_changed":false,"footnotes":""},"class_list":["post-100392","page","type-page","status-publish","has-post-thumbnail","hentry"],"acf":[],"yoast_head":"<!-- This site is optimized with the Yoast SEO Premium plugin v27.3 (Yoast SEO v27.3) - https:\/\/yoast.com\/product\/yoast-seo-premium-wordpress\/ -->\n<title>Budowa domu z bali: przewodnik planowania domu z bali | Jak zacz\u0105\u0107<\/title>\n<meta name=\"description\" content=\"Budowa domu z bali. Poradnik planowania domu z bali - wszystko, co musisz wiedzie\u0107 w jednym miejscu! Sprawd\u017a wszystkie szczeg\u00f3\u0142y dotycz\u0105ce budowy domu z bali.\" \/>\n<meta name=\"robots\" content=\"index, follow, max-snippet:-1, max-image-preview:large, max-video-preview:-1\" \/>\n<link rel=\"canonical\" href=\"https:\/\/www.palmatin.com\/pl\/przewodnik-planowania-domu-z-bali\/\" \/>\n<meta property=\"og:locale\" content=\"pl_PL\" \/>\n<meta property=\"og:type\" content=\"article\" \/>\n<meta property=\"og:title\" content=\"Przewodnik planowania domu z bali\" \/>\n<meta property=\"og:url\" content=\"https:\/\/www.palmatin.com\/pl\/przewodnik-planowania-domu-z-bali\/\" \/>\n<meta property=\"og:site_name\" content=\"Palmatin.com\" \/>\n<meta property=\"article:publisher\" content=\"https:\/\/www.facebook.com\/palmatin.wooden.houses\" \/>\n<meta property=\"article:modified_time\" content=\"2023-11-24T06:39:52+00:00\" \/>\n<meta property=\"og:image\" content=\"https:\/\/www.palmatin.com\/wp-content\/uploads\/2018\/08\/log_houses.jpg\" \/>\n\t<meta property=\"og:image:width\" content=\"1920\" \/>\n\t<meta property=\"og:image:height\" content=\"300\" \/>\n\t<meta property=\"og:image:type\" content=\"image\/jpeg\" \/>\n<meta name=\"twitter:card\" content=\"summary_large_image\" \/>\n<meta name=\"twitter:site\" content=\"@palmatinhouses\" \/>\n<script type=\"application\/ld+json\" class=\"yoast-schema-graph\">{\"@context\":\"https:\\\/\\\/schema.org\",\"@graph\":[{\"@type\":\"WebPage\",\"@id\":\"https:\\\/\\\/www.palmatin.com\\\/pl\\\/przewodnik-planowania-domu-z-bali\\\/\",\"url\":\"https:\\\/\\\/www.palmatin.com\\\/pl\\\/przewodnik-planowania-domu-z-bali\\\/\",\"name\":\"Budowa domu z bali: przewodnik planowania domu z bali | Jak zacz\u0105\u0107\",\"isPartOf\":{\"@id\":\"https:\\\/\\\/www.palmatin.com\\\/pl\\\/#website\"},\"primaryImageOfPage\":{\"@id\":\"https:\\\/\\\/www.palmatin.com\\\/pl\\\/przewodnik-planowania-domu-z-bali\\\/#primaryimage\"},\"image\":{\"@id\":\"https:\\\/\\\/www.palmatin.com\\\/pl\\\/przewodnik-planowania-domu-z-bali\\\/#primaryimage\"},\"thumbnailUrl\":\"https:\\\/\\\/www.palmatin.com\\\/wp-content\\\/uploads\\\/2018\\\/08\\\/log_houses.jpg\",\"datePublished\":\"2018-07-02T10:24:14+00:00\",\"dateModified\":\"2023-11-24T06:39:52+00:00\",\"description\":\"Budowa domu z bali. Poradnik planowania domu z bali - wszystko, co musisz wiedzie\u0107 w jednym miejscu! Sprawd\u017a wszystkie szczeg\u00f3\u0142y dotycz\u0105ce budowy domu z bali.\",\"breadcrumb\":{\"@id\":\"https:\\\/\\\/www.palmatin.com\\\/pl\\\/przewodnik-planowania-domu-z-bali\\\/#breadcrumb\"},\"inLanguage\":\"pl-PL\",\"potentialAction\":[{\"@type\":\"ReadAction\",\"target\":[\"https:\\\/\\\/www.palmatin.com\\\/pl\\\/przewodnik-planowania-domu-z-bali\\\/\"]}]},{\"@type\":\"ImageObject\",\"inLanguage\":\"pl-PL\",\"@id\":\"https:\\\/\\\/www.palmatin.com\\\/pl\\\/przewodnik-planowania-domu-z-bali\\\/#primaryimage\",\"url\":\"https:\\\/\\\/www.palmatin.com\\\/wp-content\\\/uploads\\\/2018\\\/08\\\/log_houses.jpg\",\"contentUrl\":\"https:\\\/\\\/www.palmatin.com\\\/wp-content\\\/uploads\\\/2018\\\/08\\\/log_houses.jpg\",\"width\":1920,\"height\":300},{\"@type\":\"BreadcrumbList\",\"@id\":\"https:\\\/\\\/www.palmatin.com\\\/pl\\\/przewodnik-planowania-domu-z-bali\\\/#breadcrumb\",\"itemListElement\":[{\"@type\":\"ListItem\",\"position\":1,\"name\":\"Home\",\"item\":\"https:\\\/\\\/www.palmatin.com\\\/pl\\\/\"},{\"@type\":\"ListItem\",\"position\":2,\"name\":\"Przewodnik planowania domu z bali\"}]},{\"@type\":\"WebSite\",\"@id\":\"https:\\\/\\\/www.palmatin.com\\\/pl\\\/#website\",\"url\":\"https:\\\/\\\/www.palmatin.com\\\/pl\\\/\",\"name\":\"Palmatin.com\",\"description\":\"Custom made wooden houses from project to assembly.\",\"publisher\":{\"@id\":\"https:\\\/\\\/www.palmatin.com\\\/pl\\\/#organization\"},\"inLanguage\":\"pl-PL\"},{\"@type\":[\"Organization\",\"Place\",\"HomeAndConstructionBusiness\"],\"@id\":\"https:\\\/\\\/www.palmatin.com\\\/pl\\\/#organization\",\"name\":\"Palmatin\",\"alternateName\":\"Palmatin Wooden Houses\",\"url\":\"https:\\\/\\\/www.palmatin.com\\\/pl\\\/\",\"logo\":{\"@id\":\"https:\\\/\\\/www.palmatin.com\\\/pl\\\/przewodnik-planowania-domu-z-bali\\\/#local-main-organization-logo\"},\"image\":{\"@id\":\"https:\\\/\\\/www.palmatin.com\\\/pl\\\/przewodnik-planowania-domu-z-bali\\\/#local-main-organization-logo\"},\"sameAs\":[\"https:\\\/\\\/www.facebook.com\\\/palmatin.wooden.houses\",\"https:\\\/\\\/x.com\\\/palmatinhouses\",\"https:\\\/\\\/www.instagram.com\\\/palmatinwoodenhouses\\\/\",\"https:\\\/\\\/www.linkedin.com\\\/company\\\/palmatin-wooden-houses\",\"https:\\\/\\\/www.pinterest.com\\\/palmatin\\\/\",\"https:\\\/\\\/www.youtube.com\\\/channel\\\/UCS3v-T7tq4sPU5YkEvukfYg\"],\"description\":\"Palmatin wooden houses are expertly crafted, sustainable prefabricated element houses and log homes renowned for their durability, energy efficiency, and elegant Nordic design. Combining traditional building techniques with modern technology, Palmatin delivers customized living spaces that blend seamlessly with nature, ensuring comfort, quality, and eco-friendly living for generations.\",\"legalName\":\"Palmatin O\u00dc\",\"foundingDate\":\"1995-05-12\",\"numberOfEmployees\":{\"@type\":\"QuantitativeValue\",\"minValue\":\"11\",\"maxValue\":\"50\"},\"address\":{\"@id\":\"https:\\\/\\\/www.palmatin.com\\\/pl\\\/przewodnik-planowania-domu-z-bali\\\/#local-main-place-address\"},\"telephone\":[\"(+372) 605 48 95\"],\"openingHoursSpecification\":[{\"@type\":\"OpeningHoursSpecification\",\"dayOfWeek\":[\"Monday\",\"Tuesday\",\"Wednesday\",\"Thursday\",\"Friday\"],\"opens\":\"08:00\",\"closes\":\"17:00\"},{\"@type\":\"OpeningHoursSpecification\",\"dayOfWeek\":[\"Saturday\",\"Sunday\"],\"opens\":\"00:00\",\"closes\":\"00:00\"}],\"email\":\"info@palmatin.com\",\"faxNumber\":\"(+372) 605 48 92\",\"areaServed\":\"world\",\"vatID\":\"EE100240388\",\"priceRange\":\"$$$\",\"currenciesAccepted\":\"Euros\"},{\"@type\":\"PostalAddress\",\"@id\":\"https:\\\/\\\/www.palmatin.com\\\/pl\\\/przewodnik-planowania-domu-z-bali\\\/#local-main-place-address\",\"streetAddress\":\"Tammi tee 40b\",\"addressLocality\":\"Rannamoeisa\",\"postalCode\":\"76906\",\"addressRegion\":\"Harju parish\",\"addressCountry\":\"EE\"},{\"@type\":\"ImageObject\",\"inLanguage\":\"pl-PL\",\"@id\":\"https:\\\/\\\/www.palmatin.com\\\/pl\\\/przewodnik-planowania-domu-z-bali\\\/#local-main-organization-logo\",\"url\":\"https:\\\/\\\/www.palmatin.com\\\/wp-content\\\/uploads\\\/2022\\\/11\\\/Logo_wrt.jpg\",\"contentUrl\":\"https:\\\/\\\/www.palmatin.com\\\/wp-content\\\/uploads\\\/2022\\\/11\\\/Logo_wrt.jpg\",\"width\":1458,\"height\":857,\"caption\":\"Palmatin\"}]}<\/script>\n<meta name=\"geo.placename\" content=\"Rannamoeisa\" \/>\n<meta name=\"geo.region\" content=\"Estonia\" \/>\n<!-- \/ Yoast SEO Premium plugin. -->","yoast_head_json":{"title":"Budowa domu z bali: przewodnik planowania domu z bali | Jak zacz\u0105\u0107","description":"Budowa domu z bali. Poradnik planowania domu z bali - wszystko, co musisz wiedzie\u0107 w jednym miejscu! Sprawd\u017a wszystkie szczeg\u00f3\u0142y dotycz\u0105ce budowy domu z bali.","robots":{"index":"index","follow":"follow","max-snippet":"max-snippet:-1","max-image-preview":"max-image-preview:large","max-video-preview":"max-video-preview:-1"},"canonical":"https:\/\/www.palmatin.com\/pl\/przewodnik-planowania-domu-z-bali\/","og_locale":"pl_PL","og_type":"article","og_title":"Przewodnik planowania domu z bali","og_url":"https:\/\/www.palmatin.com\/pl\/przewodnik-planowania-domu-z-bali\/","og_site_name":"Palmatin.com","article_publisher":"https:\/\/www.facebook.com\/palmatin.wooden.houses","article_modified_time":"2023-11-24T06:39:52+00:00","og_image":[{"width":1920,"height":300,"url":"https:\/\/www.palmatin.com\/wp-content\/uploads\/2018\/08\/log_houses.jpg","type":"image\/jpeg"}],"twitter_card":"summary_large_image","twitter_site":"@palmatinhouses","schema":{"@context":"https:\/\/schema.org","@graph":[{"@type":"WebPage","@id":"https:\/\/www.palmatin.com\/pl\/przewodnik-planowania-domu-z-bali\/","url":"https:\/\/www.palmatin.com\/pl\/przewodnik-planowania-domu-z-bali\/","name":"Budowa domu z bali: przewodnik planowania domu z bali | Jak zacz\u0105\u0107","isPartOf":{"@id":"https:\/\/www.palmatin.com\/pl\/#website"},"primaryImageOfPage":{"@id":"https:\/\/www.palmatin.com\/pl\/przewodnik-planowania-domu-z-bali\/#primaryimage"},"image":{"@id":"https:\/\/www.palmatin.com\/pl\/przewodnik-planowania-domu-z-bali\/#primaryimage"},"thumbnailUrl":"https:\/\/www.palmatin.com\/wp-content\/uploads\/2018\/08\/log_houses.jpg","datePublished":"2018-07-02T10:24:14+00:00","dateModified":"2023-11-24T06:39:52+00:00","description":"Budowa domu z bali. Poradnik planowania domu z bali - wszystko, co musisz wiedzie\u0107 w jednym miejscu! Sprawd\u017a wszystkie szczeg\u00f3\u0142y dotycz\u0105ce budowy domu z bali.","breadcrumb":{"@id":"https:\/\/www.palmatin.com\/pl\/przewodnik-planowania-domu-z-bali\/#breadcrumb"},"inLanguage":"pl-PL","potentialAction":[{"@type":"ReadAction","target":["https:\/\/www.palmatin.com\/pl\/przewodnik-planowania-domu-z-bali\/"]}]},{"@type":"ImageObject","inLanguage":"pl-PL","@id":"https:\/\/www.palmatin.com\/pl\/przewodnik-planowania-domu-z-bali\/#primaryimage","url":"https:\/\/www.palmatin.com\/wp-content\/uploads\/2018\/08\/log_houses.jpg","contentUrl":"https:\/\/www.palmatin.com\/wp-content\/uploads\/2018\/08\/log_houses.jpg","width":1920,"height":300},{"@type":"BreadcrumbList","@id":"https:\/\/www.palmatin.com\/pl\/przewodnik-planowania-domu-z-bali\/#breadcrumb","itemListElement":[{"@type":"ListItem","position":1,"name":"Home","item":"https:\/\/www.palmatin.com\/pl\/"},{"@type":"ListItem","position":2,"name":"Przewodnik planowania domu z bali"}]},{"@type":"WebSite","@id":"https:\/\/www.palmatin.com\/pl\/#website","url":"https:\/\/www.palmatin.com\/pl\/","name":"Palmatin.com","description":"Custom made wooden houses from project to assembly.","publisher":{"@id":"https:\/\/www.palmatin.com\/pl\/#organization"},"inLanguage":"pl-PL"},{"@type":["Organization","Place","HomeAndConstructionBusiness"],"@id":"https:\/\/www.palmatin.com\/pl\/#organization","name":"Palmatin","alternateName":"Palmatin Wooden Houses","url":"https:\/\/www.palmatin.com\/pl\/","logo":{"@id":"https:\/\/www.palmatin.com\/pl\/przewodnik-planowania-domu-z-bali\/#local-main-organization-logo"},"image":{"@id":"https:\/\/www.palmatin.com\/pl\/przewodnik-planowania-domu-z-bali\/#local-main-organization-logo"},"sameAs":["https:\/\/www.facebook.com\/palmatin.wooden.houses","https:\/\/x.com\/palmatinhouses","https:\/\/www.instagram.com\/palmatinwoodenhouses\/","https:\/\/www.linkedin.com\/company\/palmatin-wooden-houses","https:\/\/www.pinterest.com\/palmatin\/","https:\/\/www.youtube.com\/channel\/UCS3v-T7tq4sPU5YkEvukfYg"],"description":"Palmatin wooden houses are expertly crafted, sustainable prefabricated element houses and log homes renowned for their durability, energy efficiency, and elegant Nordic design. Combining traditional building techniques with modern technology, Palmatin delivers customized living spaces that blend seamlessly with nature, ensuring comfort, quality, and eco-friendly living for generations.","legalName":"Palmatin O\u00dc","foundingDate":"1995-05-12","numberOfEmployees":{"@type":"QuantitativeValue","minValue":"11","maxValue":"50"},"address":{"@id":"https:\/\/www.palmatin.com\/pl\/przewodnik-planowania-domu-z-bali\/#local-main-place-address"},"telephone":["(+372) 605 48 95"],"openingHoursSpecification":[{"@type":"OpeningHoursSpecification","dayOfWeek":["Monday","Tuesday","Wednesday","Thursday","Friday"],"opens":"08:00","closes":"17:00"},{"@type":"OpeningHoursSpecification","dayOfWeek":["Saturday","Sunday"],"opens":"00:00","closes":"00:00"}],"email":"info@palmatin.com","faxNumber":"(+372) 605 48 92","areaServed":"world","vatID":"EE100240388","priceRange":"$$$","currenciesAccepted":"Euros"},{"@type":"PostalAddress","@id":"https:\/\/www.palmatin.com\/pl\/przewodnik-planowania-domu-z-bali\/#local-main-place-address","streetAddress":"Tammi tee 40b","addressLocality":"Rannamoeisa","postalCode":"76906","addressRegion":"Harju parish","addressCountry":"EE"},{"@type":"ImageObject","inLanguage":"pl-PL","@id":"https:\/\/www.palmatin.com\/pl\/przewodnik-planowania-domu-z-bali\/#local-main-organization-logo","url":"https:\/\/www.palmatin.com\/wp-content\/uploads\/2022\/11\/Logo_wrt.jpg","contentUrl":"https:\/\/www.palmatin.com\/wp-content\/uploads\/2022\/11\/Logo_wrt.jpg","width":1458,"height":857,"caption":"Palmatin"}]},"geo.placename":"Rannamoeisa","geo.region":"Estonia"},"_links":{"self":[{"href":"https:\/\/www.palmatin.com\/pl\/wp-json\/wp\/v2\/pages\/100392","targetHints":{"allow":["GET"]}}],"collection":[{"href":"https:\/\/www.palmatin.com\/pl\/wp-json\/wp\/v2\/pages"}],"about":[{"href":"https:\/\/www.palmatin.com\/pl\/wp-json\/wp\/v2\/types\/page"}],"author":[{"embeddable":true,"href":"https:\/\/www.palmatin.com\/pl\/wp-json\/wp\/v2\/users\/1"}],"replies":[{"embeddable":true,"href":"https:\/\/www.palmatin.com\/pl\/wp-json\/wp\/v2\/comments?post=100392"}],"version-history":[{"count":0,"href":"https:\/\/www.palmatin.com\/pl\/wp-json\/wp\/v2\/pages\/100392\/revisions"}],"wp:featuredmedia":[{"embeddable":true,"href":"https:\/\/www.palmatin.com\/pl\/wp-json\/wp\/v2\/media\/100179"}],"wp:attachment":[{"href":"https:\/\/www.palmatin.com\/pl\/wp-json\/wp\/v2\/media?parent=100392"}],"curies":[{"name":"wp","href":"https:\/\/api.w.org\/{rel}","templated":true}]}}