{"id":100227,"date":"2023-09-06T06:02:12","date_gmt":"2023-09-06T06:02:12","guid":{"rendered":"https:\/\/www.palmatin.com\/wooden-houses-prefabricated-house-kits\/"},"modified":"2024-03-12T07:05:35","modified_gmt":"2024-03-12T07:05:35","slug":"zestawy-domow-prefabrykowanych-drewnianych","status":"publish","type":"page","link":"https:\/\/www.palmatin.com\/pl\/","title":{"rendered":"Strona g\u0142\u00f3wna"},"content":{"rendered":"<h1><span style=\"color: #ffffff;\">Domy drewniane i zestawy dom\u00f3w prefabrykowanych<\/span><\/h1>\n","protected":false},"excerpt":{"rendered":"<p>Domy drewniane i zestawy dom\u00f3w prefabrykowanych<\/p>\n","protected":false},"author":1,"featured_media":0,"parent":0,"menu_order":0,"comment_status":"closed","ping_status":"open","template":"views\/template-home.blade.php","meta":{"_acf_changed":false,"footnotes":""},"class_list":["post-100227","page","type-page","status-publish","hentry"],"acf":[],"yoast_head":"<!-- This site is optimized with the Yoast SEO Premium plugin v27.3 (Yoast SEO v27.4) - https:\/\/yoast.com\/product\/yoast-seo-premium-wordpress\/ -->\n<title>Domy drewniane i domy prefabrykowane od producenta Palmatin<\/title>\n<meta name=\"description\" content=\"Drewniany dom, wykonany na zam\u00f3wienie, od projektu do monta\u017cu! Produkcja dom\u00f3w z bali i dom\u00f3w prefabrykowanych. Znajd\u017a sw\u00f3j styl lub dostosuj go do swoich potrzeb\" \/>\n<meta name=\"robots\" content=\"index, follow, max-snippet:-1, max-image-preview:large, max-video-preview:-1\" \/>\n<link rel=\"canonical\" href=\"https:\/\/www.palmatin.com\/pl\/\" \/>\n<meta property=\"og:locale\" content=\"pl_PL\" \/>\n<meta property=\"og:type\" content=\"article\" \/>\n<meta property=\"og:title\" content=\"Strona g\u0142\u00f3wna\" \/>\n<meta property=\"og:description\" content=\"Domy drewniane i zestawy dom\u00f3w prefabrykowanych\" \/>\n<meta property=\"og:url\" content=\"https:\/\/www.palmatin.com\/pl\/\" \/>\n<meta property=\"og:site_name\" content=\"Palmatin.com\" \/>\n<meta property=\"article:publisher\" content=\"https:\/\/www.facebook.com\/palmatin.wooden.houses\" \/>\n<meta property=\"article:modified_time\" content=\"2024-03-12T07:05:35+00:00\" \/>\n<meta property=\"og:image\" content=\"https:\/\/www.palmatin.com\/wp-content\/uploads\/2020\/05\/Prefabricated-houses-catalogue-EN.jpg\" \/>\n\t<meta property=\"og:image:width\" content=\"1000\" \/>\n\t<meta property=\"og:image:height\" content=\"707\" \/>\n\t<meta property=\"og:image:type\" content=\"image\/jpeg\" \/>\n<meta name=\"twitter:card\" content=\"summary_large_image\" \/>\n<meta name=\"twitter:site\" content=\"@palmatinhouses\" \/>\n<meta name=\"twitter:label1\" content=\"Szacowany czas czytania\" \/>\n\t<meta name=\"twitter:data1\" content=\"1 minuta\" \/>\n<script type=\"application\/ld+json\" class=\"yoast-schema-graph\">{\"@context\":\"https:\\\/\\\/schema.org\",\"@graph\":[{\"@type\":\"WebPage\",\"@id\":\"https:\\\/\\\/www.palmatin.com\\\/pl\\\/\",\"url\":\"https:\\\/\\\/www.palmatin.com\\\/pl\\\/\",\"name\":\"Domy drewniane i domy prefabrykowane od producenta Palmatin\",\"isPartOf\":{\"@id\":\"https:\\\/\\\/www.palmatin.com\\\/pl\\\/#website\"},\"datePublished\":\"2023-09-06T06:02:12+00:00\",\"dateModified\":\"2024-03-12T07:05:35+00:00\",\"description\":\"Drewniany dom, wykonany na zam\u00f3wienie, od projektu do monta\u017cu! Produkcja dom\u00f3w z bali i dom\u00f3w prefabrykowanych. Znajd\u017a sw\u00f3j styl lub dostosuj go do swoich potrzeb\",\"breadcrumb\":{\"@id\":\"https:\\\/\\\/www.palmatin.com\\\/pl\\\/#breadcrumb\"},\"inLanguage\":\"pl-PL\",\"potentialAction\":[{\"@type\":\"ReadAction\",\"target\":[\"https:\\\/\\\/www.palmatin.com\\\/pl\\\/\"]}]},{\"@type\":\"BreadcrumbList\",\"@id\":\"https:\\\/\\\/www.palmatin.com\\\/pl\\\/#breadcrumb\",\"itemListElement\":[{\"@type\":\"ListItem\",\"position\":1,\"name\":\"Home\",\"item\":\"https:\\\/\\\/www.palmatin.com\\\/pl\\\/\"},{\"@type\":\"ListItem\",\"position\":2,\"name\":\"Strona g\u0142\u00f3wna\"}]},{\"@type\":\"WebSite\",\"@id\":\"https:\\\/\\\/www.palmatin.com\\\/pl\\\/#website\",\"url\":\"https:\\\/\\\/www.palmatin.com\\\/pl\\\/\",\"name\":\"Palmatin.com\",\"description\":\"Custom made wooden houses from project to assembly.\",\"publisher\":{\"@id\":\"https:\\\/\\\/www.palmatin.com\\\/pl\\\/#organization\"},\"inLanguage\":\"pl-PL\"},{\"@type\":[\"Organization\",\"Place\",\"HomeAndConstructionBusiness\"],\"@id\":\"https:\\\/\\\/www.palmatin.com\\\/pl\\\/#organization\",\"name\":\"Palmatin\",\"alternateName\":\"Palmatin Wooden Houses\",\"url\":\"https:\\\/\\\/www.palmatin.com\\\/pl\\\/\",\"logo\":{\"@id\":\"https:\\\/\\\/www.palmatin.com\\\/pl\\\/#local-main-organization-logo\"},\"image\":{\"@id\":\"https:\\\/\\\/www.palmatin.com\\\/pl\\\/#local-main-organization-logo\"},\"sameAs\":[\"https:\\\/\\\/www.facebook.com\\\/palmatin.wooden.houses\",\"https:\\\/\\\/x.com\\\/palmatinhouses\",\"https:\\\/\\\/www.instagram.com\\\/palmatinwoodenhouses\\\/\",\"https:\\\/\\\/www.linkedin.com\\\/company\\\/palmatin-wooden-houses\",\"https:\\\/\\\/www.pinterest.com\\\/palmatin\\\/\",\"https:\\\/\\\/www.youtube.com\\\/channel\\\/UCS3v-T7tq4sPU5YkEvukfYg\"],\"description\":\"Palmatin wooden houses are expertly crafted, sustainable prefabricated element houses and log homes renowned for their durability, energy efficiency, and elegant Nordic design. Combining traditional building techniques with modern technology, Palmatin delivers customized living spaces that blend seamlessly with nature, ensuring comfort, quality, and eco-friendly living for generations.\",\"legalName\":\"Palmatin O\u00dc\",\"foundingDate\":\"1995-05-12\",\"numberOfEmployees\":{\"@type\":\"QuantitativeValue\",\"minValue\":\"11\",\"maxValue\":\"50\"},\"address\":{\"@id\":\"https:\\\/\\\/www.palmatin.com\\\/pl\\\/#local-main-place-address\"},\"telephone\":[\"(+372) 605 48 95\"],\"openingHoursSpecification\":[{\"@type\":\"OpeningHoursSpecification\",\"dayOfWeek\":[\"Monday\",\"Tuesday\",\"Wednesday\",\"Thursday\",\"Friday\"],\"opens\":\"08:00\",\"closes\":\"17:00\"},{\"@type\":\"OpeningHoursSpecification\",\"dayOfWeek\":[\"Saturday\",\"Sunday\"],\"opens\":\"00:00\",\"closes\":\"00:00\"}],\"email\":\"info@palmatin.com\",\"faxNumber\":\"(+372) 605 48 92\",\"areaServed\":\"world\",\"vatID\":\"EE100240388\",\"priceRange\":\"$$$\",\"currenciesAccepted\":\"Euros\"},{\"@type\":\"PostalAddress\",\"@id\":\"https:\\\/\\\/www.palmatin.com\\\/pl\\\/#local-main-place-address\",\"streetAddress\":\"Tammi tee 40b\",\"addressLocality\":\"Rannamoeisa\",\"postalCode\":\"76906\",\"addressRegion\":\"Harju parish\",\"addressCountry\":\"EE\"},{\"@type\":\"ImageObject\",\"inLanguage\":\"pl-PL\",\"@id\":\"https:\\\/\\\/www.palmatin.com\\\/pl\\\/#local-main-organization-logo\",\"url\":\"https:\\\/\\\/www.palmatin.com\\\/wp-content\\\/uploads\\\/2022\\\/11\\\/Logo_wrt.jpg\",\"contentUrl\":\"https:\\\/\\\/www.palmatin.com\\\/wp-content\\\/uploads\\\/2022\\\/11\\\/Logo_wrt.jpg\",\"width\":1458,\"height\":857,\"caption\":\"Palmatin\"}]}<\/script>\n<meta name=\"geo.placename\" content=\"Rannamoeisa\" \/>\n<meta name=\"geo.region\" content=\"Estonia\" \/>\n<!-- \/ Yoast SEO Premium plugin. -->","yoast_head_json":{"title":"Domy drewniane i domy prefabrykowane od producenta Palmatin","description":"Drewniany dom, wykonany na zam\u00f3wienie, od projektu do monta\u017cu! Produkcja dom\u00f3w z bali i dom\u00f3w prefabrykowanych. Znajd\u017a sw\u00f3j styl lub dostosuj go do swoich potrzeb","robots":{"index":"index","follow":"follow","max-snippet":"max-snippet:-1","max-image-preview":"max-image-preview:large","max-video-preview":"max-video-preview:-1"},"canonical":"https:\/\/www.palmatin.com\/pl\/","og_locale":"pl_PL","og_type":"article","og_title":"Strona g\u0142\u00f3wna","og_description":"Domy drewniane i zestawy dom\u00f3w prefabrykowanych","og_url":"https:\/\/www.palmatin.com\/pl\/","og_site_name":"Palmatin.com","article_publisher":"https:\/\/www.facebook.com\/palmatin.wooden.houses","article_modified_time":"2024-03-12T07:05:35+00:00","og_image":[{"width":1000,"height":707,"url":"https:\/\/www.palmatin.com\/wp-content\/uploads\/2020\/05\/Prefabricated-houses-catalogue-EN.jpg","type":"image\/jpeg"}],"twitter_card":"summary_large_image","twitter_site":"@palmatinhouses","twitter_misc":{"Szacowany czas czytania":"1 minuta"},"schema":{"@context":"https:\/\/schema.org","@graph":[{"@type":"WebPage","@id":"https:\/\/www.palmatin.com\/pl\/","url":"https:\/\/www.palmatin.com\/pl\/","name":"Domy drewniane i domy prefabrykowane od producenta Palmatin","isPartOf":{"@id":"https:\/\/www.palmatin.com\/pl\/#website"},"datePublished":"2023-09-06T06:02:12+00:00","dateModified":"2024-03-12T07:05:35+00:00","description":"Drewniany dom, wykonany na zam\u00f3wienie, od projektu do monta\u017cu! Produkcja dom\u00f3w z bali i dom\u00f3w prefabrykowanych. Znajd\u017a sw\u00f3j styl lub dostosuj go do swoich potrzeb","breadcrumb":{"@id":"https:\/\/www.palmatin.com\/pl\/#breadcrumb"},"inLanguage":"pl-PL","potentialAction":[{"@type":"ReadAction","target":["https:\/\/www.palmatin.com\/pl\/"]}]},{"@type":"BreadcrumbList","@id":"https:\/\/www.palmatin.com\/pl\/#breadcrumb","itemListElement":[{"@type":"ListItem","position":1,"name":"Home","item":"https:\/\/www.palmatin.com\/pl\/"},{"@type":"ListItem","position":2,"name":"Strona g\u0142\u00f3wna"}]},{"@type":"WebSite","@id":"https:\/\/www.palmatin.com\/pl\/#website","url":"https:\/\/www.palmatin.com\/pl\/","name":"Palmatin.com","description":"Custom made wooden houses from project to assembly.","publisher":{"@id":"https:\/\/www.palmatin.com\/pl\/#organization"},"inLanguage":"pl-PL"},{"@type":["Organization","Place","HomeAndConstructionBusiness"],"@id":"https:\/\/www.palmatin.com\/pl\/#organization","name":"Palmatin","alternateName":"Palmatin Wooden Houses","url":"https:\/\/www.palmatin.com\/pl\/","logo":{"@id":"https:\/\/www.palmatin.com\/pl\/#local-main-organization-logo"},"image":{"@id":"https:\/\/www.palmatin.com\/pl\/#local-main-organization-logo"},"sameAs":["https:\/\/www.facebook.com\/palmatin.wooden.houses","https:\/\/x.com\/palmatinhouses","https:\/\/www.instagram.com\/palmatinwoodenhouses\/","https:\/\/www.linkedin.com\/company\/palmatin-wooden-houses","https:\/\/www.pinterest.com\/palmatin\/","https:\/\/www.youtube.com\/channel\/UCS3v-T7tq4sPU5YkEvukfYg"],"description":"Palmatin wooden houses are expertly crafted, sustainable prefabricated element houses and log homes renowned for their durability, energy efficiency, and elegant Nordic design. Combining traditional building techniques with modern technology, Palmatin delivers customized living spaces that blend seamlessly with nature, ensuring comfort, quality, and eco-friendly living for generations.","legalName":"Palmatin O\u00dc","foundingDate":"1995-05-12","numberOfEmployees":{"@type":"QuantitativeValue","minValue":"11","maxValue":"50"},"address":{"@id":"https:\/\/www.palmatin.com\/pl\/#local-main-place-address"},"telephone":["(+372) 605 48 95"],"openingHoursSpecification":[{"@type":"OpeningHoursSpecification","dayOfWeek":["Monday","Tuesday","Wednesday","Thursday","Friday"],"opens":"08:00","closes":"17:00"},{"@type":"OpeningHoursSpecification","dayOfWeek":["Saturday","Sunday"],"opens":"00:00","closes":"00:00"}],"email":"info@palmatin.com","faxNumber":"(+372) 605 48 92","areaServed":"world","vatID":"EE100240388","priceRange":"$$$","currenciesAccepted":"Euros"},{"@type":"PostalAddress","@id":"https:\/\/www.palmatin.com\/pl\/#local-main-place-address","streetAddress":"Tammi tee 40b","addressLocality":"Rannamoeisa","postalCode":"76906","addressRegion":"Harju parish","addressCountry":"EE"},{"@type":"ImageObject","inLanguage":"pl-PL","@id":"https:\/\/www.palmatin.com\/pl\/#local-main-organization-logo","url":"https:\/\/www.palmatin.com\/wp-content\/uploads\/2022\/11\/Logo_wrt.jpg","contentUrl":"https:\/\/www.palmatin.com\/wp-content\/uploads\/2022\/11\/Logo_wrt.jpg","width":1458,"height":857,"caption":"Palmatin"}]},"geo.placename":"Rannamoeisa","geo.region":"Estonia"},"_links":{"self":[{"href":"https:\/\/www.palmatin.com\/pl\/wp-json\/wp\/v2\/pages\/100227","targetHints":{"allow":["GET"]}}],"collection":[{"href":"https:\/\/www.palmatin.com\/pl\/wp-json\/wp\/v2\/pages"}],"about":[{"href":"https:\/\/www.palmatin.com\/pl\/wp-json\/wp\/v2\/types\/page"}],"author":[{"embeddable":true,"href":"https:\/\/www.palmatin.com\/pl\/wp-json\/wp\/v2\/users\/1"}],"replies":[{"embeddable":true,"href":"https:\/\/www.palmatin.com\/pl\/wp-json\/wp\/v2\/comments?post=100227"}],"version-history":[{"count":0,"href":"https:\/\/www.palmatin.com\/pl\/wp-json\/wp\/v2\/pages\/100227\/revisions"}],"wp:attachment":[{"href":"https:\/\/www.palmatin.com\/pl\/wp-json\/wp\/v2\/media?parent=100227"}],"curies":[{"name":"wp","href":"https:\/\/api.w.org\/{rel}","templated":true}]}}