{"id":100221,"date":"2019-04-17T11:22:58","date_gmt":"2019-04-17T11:22:58","guid":{"rendered":"https:\/\/www.palmatin.com\/thank-you-for-your-interest-in-our-log-houses\/"},"modified":"2023-11-24T06:37:31","modified_gmt":"2023-11-24T06:37:31","slug":"dziekujemy-za-zainteresowanie-naszymi-domami-z-bali","status":"publish","type":"page","link":"https:\/\/www.palmatin.com\/pl\/dziekujemy-za-zainteresowanie-naszymi-domami-z-bali\/","title":{"rendered":"Dzi\u0119kujemy za zainteresowanie naszymi domami z bali"},"content":{"rendered":"<p style=\"text-align: center;\">Link z katalogiem naszych produkt\u00f3w zosta\u0142 wys\u0142any na Tw\u00f3j adres e-mail.<\/p>\n","protected":false},"excerpt":{"rendered":"<p>Link z katalogiem naszych produkt\u00f3w zosta\u0142 wys\u0142any na Tw\u00f3j adres e-mail.<\/p>\n","protected":false},"author":2,"featured_media":100179,"parent":0,"menu_order":0,"comment_status":"closed","ping_status":"closed","template":"views\/template-page.blade.php","meta":{"_acf_changed":false,"footnotes":""},"class_list":["post-100221","page","type-page","status-publish","has-post-thumbnail","hentry"],"acf":[],"yoast_head":"<!-- This site is optimized with the Yoast SEO Premium plugin v27.3 (Yoast SEO v27.4) - https:\/\/yoast.com\/product\/yoast-seo-premium-wordpress\/ -->\n<title>Dzi\u0119kujemy za zainteresowanie naszymi domami z bali - Domy drewniane Palmatin<\/title>\n<meta name=\"description\" content=\"Link z katalogiem naszych produkt\u00f3w zosta\u0142 wys\u0142any na Tw\u00f3j adres e-mail.\" \/>\n<meta name=\"robots\" content=\"index, follow, max-snippet:-1, max-image-preview:large, max-video-preview:-1\" \/>\n<link rel=\"canonical\" href=\"https:\/\/www.palmatin.com\/pl\/dziekujemy-za-zainteresowanie-naszymi-domami-z-bali\/\" \/>\n<meta property=\"og:locale\" content=\"pl_PL\" \/>\n<meta property=\"og:type\" content=\"article\" \/>\n<meta property=\"og:title\" content=\"Dzi\u0119kujemy za zainteresowanie naszymi domami z bali\" \/>\n<meta property=\"og:description\" content=\"Link z katalogiem naszych produkt\u00f3w zosta\u0142 wys\u0142any na Tw\u00f3j adres e-mail.\" \/>\n<meta property=\"og:url\" content=\"https:\/\/www.palmatin.com\/pl\/dziekujemy-za-zainteresowanie-naszymi-domami-z-bali\/\" \/>\n<meta property=\"og:site_name\" content=\"Palmatin.com\" \/>\n<meta property=\"article:publisher\" content=\"https:\/\/www.facebook.com\/palmatin.wooden.houses\" \/>\n<meta property=\"article:modified_time\" content=\"2023-11-24T06:37:31+00:00\" \/>\n<meta property=\"og:image\" content=\"https:\/\/www.palmatin.com\/wp-content\/uploads\/2018\/08\/log_houses.jpg\" \/>\n\t<meta property=\"og:image:width\" content=\"1920\" \/>\n\t<meta property=\"og:image:height\" content=\"300\" \/>\n\t<meta property=\"og:image:type\" content=\"image\/jpeg\" \/>\n<meta name=\"twitter:card\" content=\"summary_large_image\" \/>\n<meta name=\"twitter:site\" content=\"@palmatinhouses\" \/>\n<script type=\"application\/ld+json\" class=\"yoast-schema-graph\">{\"@context\":\"https:\\\/\\\/schema.org\",\"@graph\":[{\"@type\":\"WebPage\",\"@id\":\"https:\\\/\\\/www.palmatin.com\\\/pl\\\/dziekujemy-za-zainteresowanie-naszymi-domami-z-bali\\\/\",\"url\":\"https:\\\/\\\/www.palmatin.com\\\/pl\\\/dziekujemy-za-zainteresowanie-naszymi-domami-z-bali\\\/\",\"name\":\"Dzi\u0119kujemy za zainteresowanie naszymi domami z bali - Domy drewniane Palmatin\",\"isPartOf\":{\"@id\":\"https:\\\/\\\/www.palmatin.com\\\/pl\\\/#website\"},\"primaryImageOfPage\":{\"@id\":\"https:\\\/\\\/www.palmatin.com\\\/pl\\\/dziekujemy-za-zainteresowanie-naszymi-domami-z-bali\\\/#primaryimage\"},\"image\":{\"@id\":\"https:\\\/\\\/www.palmatin.com\\\/pl\\\/dziekujemy-za-zainteresowanie-naszymi-domami-z-bali\\\/#primaryimage\"},\"thumbnailUrl\":\"https:\\\/\\\/www.palmatin.com\\\/wp-content\\\/uploads\\\/2018\\\/08\\\/log_houses.jpg\",\"datePublished\":\"2019-04-17T11:22:58+00:00\",\"dateModified\":\"2023-11-24T06:37:31+00:00\",\"description\":\"Link z katalogiem naszych produkt\u00f3w zosta\u0142 wys\u0142any na Tw\u00f3j adres e-mail.\",\"breadcrumb\":{\"@id\":\"https:\\\/\\\/www.palmatin.com\\\/pl\\\/dziekujemy-za-zainteresowanie-naszymi-domami-z-bali\\\/#breadcrumb\"},\"inLanguage\":\"pl-PL\",\"potentialAction\":[{\"@type\":\"ReadAction\",\"target\":[\"https:\\\/\\\/www.palmatin.com\\\/pl\\\/dziekujemy-za-zainteresowanie-naszymi-domami-z-bali\\\/\"]}]},{\"@type\":\"ImageObject\",\"inLanguage\":\"pl-PL\",\"@id\":\"https:\\\/\\\/www.palmatin.com\\\/pl\\\/dziekujemy-za-zainteresowanie-naszymi-domami-z-bali\\\/#primaryimage\",\"url\":\"https:\\\/\\\/www.palmatin.com\\\/wp-content\\\/uploads\\\/2018\\\/08\\\/log_houses.jpg\",\"contentUrl\":\"https:\\\/\\\/www.palmatin.com\\\/wp-content\\\/uploads\\\/2018\\\/08\\\/log_houses.jpg\",\"width\":1920,\"height\":300},{\"@type\":\"BreadcrumbList\",\"@id\":\"https:\\\/\\\/www.palmatin.com\\\/pl\\\/dziekujemy-za-zainteresowanie-naszymi-domami-z-bali\\\/#breadcrumb\",\"itemListElement\":[{\"@type\":\"ListItem\",\"position\":1,\"name\":\"Home\",\"item\":\"https:\\\/\\\/www.palmatin.com\\\/pl\\\/\"},{\"@type\":\"ListItem\",\"position\":2,\"name\":\"Dzi\u0119kujemy za zainteresowanie naszymi domami z bali\"}]},{\"@type\":\"WebSite\",\"@id\":\"https:\\\/\\\/www.palmatin.com\\\/pl\\\/#website\",\"url\":\"https:\\\/\\\/www.palmatin.com\\\/pl\\\/\",\"name\":\"Palmatin.com\",\"description\":\"Custom made wooden houses from project to assembly.\",\"publisher\":{\"@id\":\"https:\\\/\\\/www.palmatin.com\\\/pl\\\/#organization\"},\"inLanguage\":\"pl-PL\"},{\"@type\":[\"Organization\",\"Place\",\"HomeAndConstructionBusiness\"],\"@id\":\"https:\\\/\\\/www.palmatin.com\\\/pl\\\/#organization\",\"name\":\"Palmatin\",\"alternateName\":\"Palmatin Wooden Houses\",\"url\":\"https:\\\/\\\/www.palmatin.com\\\/pl\\\/\",\"logo\":{\"@id\":\"https:\\\/\\\/www.palmatin.com\\\/pl\\\/dziekujemy-za-zainteresowanie-naszymi-domami-z-bali\\\/#local-main-organization-logo\"},\"image\":{\"@id\":\"https:\\\/\\\/www.palmatin.com\\\/pl\\\/dziekujemy-za-zainteresowanie-naszymi-domami-z-bali\\\/#local-main-organization-logo\"},\"sameAs\":[\"https:\\\/\\\/www.facebook.com\\\/palmatin.wooden.houses\",\"https:\\\/\\\/x.com\\\/palmatinhouses\",\"https:\\\/\\\/www.instagram.com\\\/palmatinwoodenhouses\\\/\",\"https:\\\/\\\/www.linkedin.com\\\/company\\\/palmatin-wooden-houses\",\"https:\\\/\\\/www.pinterest.com\\\/palmatin\\\/\",\"https:\\\/\\\/www.youtube.com\\\/channel\\\/UCS3v-T7tq4sPU5YkEvukfYg\"],\"description\":\"Palmatin wooden houses are expertly crafted, sustainable prefabricated element houses and log homes renowned for their durability, energy efficiency, and elegant Nordic design. Combining traditional building techniques with modern technology, Palmatin delivers customized living spaces that blend seamlessly with nature, ensuring comfort, quality, and eco-friendly living for generations.\",\"legalName\":\"Palmatin O\u00dc\",\"foundingDate\":\"1995-05-12\",\"numberOfEmployees\":{\"@type\":\"QuantitativeValue\",\"minValue\":\"11\",\"maxValue\":\"50\"},\"address\":{\"@id\":\"https:\\\/\\\/www.palmatin.com\\\/pl\\\/dziekujemy-za-zainteresowanie-naszymi-domami-z-bali\\\/#local-main-place-address\"},\"telephone\":[\"(+372) 605 48 95\"],\"openingHoursSpecification\":[{\"@type\":\"OpeningHoursSpecification\",\"dayOfWeek\":[\"Monday\",\"Tuesday\",\"Wednesday\",\"Thursday\",\"Friday\"],\"opens\":\"08:00\",\"closes\":\"17:00\"},{\"@type\":\"OpeningHoursSpecification\",\"dayOfWeek\":[\"Saturday\",\"Sunday\"],\"opens\":\"00:00\",\"closes\":\"00:00\"}],\"email\":\"info@palmatin.com\",\"faxNumber\":\"(+372) 605 48 92\",\"areaServed\":\"world\",\"vatID\":\"EE100240388\",\"priceRange\":\"$$$\",\"currenciesAccepted\":\"Euros\"},{\"@type\":\"PostalAddress\",\"@id\":\"https:\\\/\\\/www.palmatin.com\\\/pl\\\/dziekujemy-za-zainteresowanie-naszymi-domami-z-bali\\\/#local-main-place-address\",\"streetAddress\":\"Tammi tee 40b\",\"addressLocality\":\"Rannamoeisa\",\"postalCode\":\"76906\",\"addressRegion\":\"Harju parish\",\"addressCountry\":\"EE\"},{\"@type\":\"ImageObject\",\"inLanguage\":\"pl-PL\",\"@id\":\"https:\\\/\\\/www.palmatin.com\\\/pl\\\/dziekujemy-za-zainteresowanie-naszymi-domami-z-bali\\\/#local-main-organization-logo\",\"url\":\"https:\\\/\\\/www.palmatin.com\\\/wp-content\\\/uploads\\\/2022\\\/11\\\/Logo_wrt.jpg\",\"contentUrl\":\"https:\\\/\\\/www.palmatin.com\\\/wp-content\\\/uploads\\\/2022\\\/11\\\/Logo_wrt.jpg\",\"width\":1458,\"height\":857,\"caption\":\"Palmatin\"}]}<\/script>\n<meta name=\"geo.placename\" content=\"Rannamoeisa\" \/>\n<meta name=\"geo.region\" content=\"Estonia\" \/>\n<!-- \/ Yoast SEO Premium plugin. -->","yoast_head_json":{"title":"Dzi\u0119kujemy za zainteresowanie naszymi domami z bali - Domy drewniane Palmatin","description":"Link z katalogiem naszych produkt\u00f3w zosta\u0142 wys\u0142any na Tw\u00f3j adres e-mail.","robots":{"index":"index","follow":"follow","max-snippet":"max-snippet:-1","max-image-preview":"max-image-preview:large","max-video-preview":"max-video-preview:-1"},"canonical":"https:\/\/www.palmatin.com\/pl\/dziekujemy-za-zainteresowanie-naszymi-domami-z-bali\/","og_locale":"pl_PL","og_type":"article","og_title":"Dzi\u0119kujemy za zainteresowanie naszymi domami z bali","og_description":"Link z katalogiem naszych produkt\u00f3w zosta\u0142 wys\u0142any na Tw\u00f3j adres e-mail.","og_url":"https:\/\/www.palmatin.com\/pl\/dziekujemy-za-zainteresowanie-naszymi-domami-z-bali\/","og_site_name":"Palmatin.com","article_publisher":"https:\/\/www.facebook.com\/palmatin.wooden.houses","article_modified_time":"2023-11-24T06:37:31+00:00","og_image":[{"width":1920,"height":300,"url":"https:\/\/www.palmatin.com\/wp-content\/uploads\/2018\/08\/log_houses.jpg","type":"image\/jpeg"}],"twitter_card":"summary_large_image","twitter_site":"@palmatinhouses","schema":{"@context":"https:\/\/schema.org","@graph":[{"@type":"WebPage","@id":"https:\/\/www.palmatin.com\/pl\/dziekujemy-za-zainteresowanie-naszymi-domami-z-bali\/","url":"https:\/\/www.palmatin.com\/pl\/dziekujemy-za-zainteresowanie-naszymi-domami-z-bali\/","name":"Dzi\u0119kujemy za zainteresowanie naszymi domami z bali - Domy drewniane Palmatin","isPartOf":{"@id":"https:\/\/www.palmatin.com\/pl\/#website"},"primaryImageOfPage":{"@id":"https:\/\/www.palmatin.com\/pl\/dziekujemy-za-zainteresowanie-naszymi-domami-z-bali\/#primaryimage"},"image":{"@id":"https:\/\/www.palmatin.com\/pl\/dziekujemy-za-zainteresowanie-naszymi-domami-z-bali\/#primaryimage"},"thumbnailUrl":"https:\/\/www.palmatin.com\/wp-content\/uploads\/2018\/08\/log_houses.jpg","datePublished":"2019-04-17T11:22:58+00:00","dateModified":"2023-11-24T06:37:31+00:00","description":"Link z katalogiem naszych produkt\u00f3w zosta\u0142 wys\u0142any na Tw\u00f3j adres e-mail.","breadcrumb":{"@id":"https:\/\/www.palmatin.com\/pl\/dziekujemy-za-zainteresowanie-naszymi-domami-z-bali\/#breadcrumb"},"inLanguage":"pl-PL","potentialAction":[{"@type":"ReadAction","target":["https:\/\/www.palmatin.com\/pl\/dziekujemy-za-zainteresowanie-naszymi-domami-z-bali\/"]}]},{"@type":"ImageObject","inLanguage":"pl-PL","@id":"https:\/\/www.palmatin.com\/pl\/dziekujemy-za-zainteresowanie-naszymi-domami-z-bali\/#primaryimage","url":"https:\/\/www.palmatin.com\/wp-content\/uploads\/2018\/08\/log_houses.jpg","contentUrl":"https:\/\/www.palmatin.com\/wp-content\/uploads\/2018\/08\/log_houses.jpg","width":1920,"height":300},{"@type":"BreadcrumbList","@id":"https:\/\/www.palmatin.com\/pl\/dziekujemy-za-zainteresowanie-naszymi-domami-z-bali\/#breadcrumb","itemListElement":[{"@type":"ListItem","position":1,"name":"Home","item":"https:\/\/www.palmatin.com\/pl\/"},{"@type":"ListItem","position":2,"name":"Dzi\u0119kujemy za zainteresowanie naszymi domami z bali"}]},{"@type":"WebSite","@id":"https:\/\/www.palmatin.com\/pl\/#website","url":"https:\/\/www.palmatin.com\/pl\/","name":"Palmatin.com","description":"Custom made wooden houses from project to assembly.","publisher":{"@id":"https:\/\/www.palmatin.com\/pl\/#organization"},"inLanguage":"pl-PL"},{"@type":["Organization","Place","HomeAndConstructionBusiness"],"@id":"https:\/\/www.palmatin.com\/pl\/#organization","name":"Palmatin","alternateName":"Palmatin Wooden Houses","url":"https:\/\/www.palmatin.com\/pl\/","logo":{"@id":"https:\/\/www.palmatin.com\/pl\/dziekujemy-za-zainteresowanie-naszymi-domami-z-bali\/#local-main-organization-logo"},"image":{"@id":"https:\/\/www.palmatin.com\/pl\/dziekujemy-za-zainteresowanie-naszymi-domami-z-bali\/#local-main-organization-logo"},"sameAs":["https:\/\/www.facebook.com\/palmatin.wooden.houses","https:\/\/x.com\/palmatinhouses","https:\/\/www.instagram.com\/palmatinwoodenhouses\/","https:\/\/www.linkedin.com\/company\/palmatin-wooden-houses","https:\/\/www.pinterest.com\/palmatin\/","https:\/\/www.youtube.com\/channel\/UCS3v-T7tq4sPU5YkEvukfYg"],"description":"Palmatin wooden houses are expertly crafted, sustainable prefabricated element houses and log homes renowned for their durability, energy efficiency, and elegant Nordic design. Combining traditional building techniques with modern technology, Palmatin delivers customized living spaces that blend seamlessly with nature, ensuring comfort, quality, and eco-friendly living for generations.","legalName":"Palmatin O\u00dc","foundingDate":"1995-05-12","numberOfEmployees":{"@type":"QuantitativeValue","minValue":"11","maxValue":"50"},"address":{"@id":"https:\/\/www.palmatin.com\/pl\/dziekujemy-za-zainteresowanie-naszymi-domami-z-bali\/#local-main-place-address"},"telephone":["(+372) 605 48 95"],"openingHoursSpecification":[{"@type":"OpeningHoursSpecification","dayOfWeek":["Monday","Tuesday","Wednesday","Thursday","Friday"],"opens":"08:00","closes":"17:00"},{"@type":"OpeningHoursSpecification","dayOfWeek":["Saturday","Sunday"],"opens":"00:00","closes":"00:00"}],"email":"info@palmatin.com","faxNumber":"(+372) 605 48 92","areaServed":"world","vatID":"EE100240388","priceRange":"$$$","currenciesAccepted":"Euros"},{"@type":"PostalAddress","@id":"https:\/\/www.palmatin.com\/pl\/dziekujemy-za-zainteresowanie-naszymi-domami-z-bali\/#local-main-place-address","streetAddress":"Tammi tee 40b","addressLocality":"Rannamoeisa","postalCode":"76906","addressRegion":"Harju parish","addressCountry":"EE"},{"@type":"ImageObject","inLanguage":"pl-PL","@id":"https:\/\/www.palmatin.com\/pl\/dziekujemy-za-zainteresowanie-naszymi-domami-z-bali\/#local-main-organization-logo","url":"https:\/\/www.palmatin.com\/wp-content\/uploads\/2022\/11\/Logo_wrt.jpg","contentUrl":"https:\/\/www.palmatin.com\/wp-content\/uploads\/2022\/11\/Logo_wrt.jpg","width":1458,"height":857,"caption":"Palmatin"}]},"geo.placename":"Rannamoeisa","geo.region":"Estonia"},"_links":{"self":[{"href":"https:\/\/www.palmatin.com\/pl\/wp-json\/wp\/v2\/pages\/100221","targetHints":{"allow":["GET"]}}],"collection":[{"href":"https:\/\/www.palmatin.com\/pl\/wp-json\/wp\/v2\/pages"}],"about":[{"href":"https:\/\/www.palmatin.com\/pl\/wp-json\/wp\/v2\/types\/page"}],"author":[{"embeddable":true,"href":"https:\/\/www.palmatin.com\/pl\/wp-json\/wp\/v2\/users\/2"}],"replies":[{"embeddable":true,"href":"https:\/\/www.palmatin.com\/pl\/wp-json\/wp\/v2\/comments?post=100221"}],"version-history":[{"count":0,"href":"https:\/\/www.palmatin.com\/pl\/wp-json\/wp\/v2\/pages\/100221\/revisions"}],"wp:featuredmedia":[{"embeddable":true,"href":"https:\/\/www.palmatin.com\/pl\/wp-json\/wp\/v2\/media\/100179"}],"wp:attachment":[{"href":"https:\/\/www.palmatin.com\/pl\/wp-json\/wp\/v2\/media?parent=100221"}],"curies":[{"name":"wp","href":"https:\/\/api.w.org\/{rel}","templated":true}]}}