{"id":100217,"date":"2022-12-05T10:25:55","date_gmt":"2022-12-05T10:25:55","guid":{"rendered":"https:\/\/www.palmatin.com\/houses\/"},"modified":"2023-11-22T13:12:48","modified_gmt":"2023-11-22T13:12:48","slug":"houses","status":"publish","type":"page","link":"https:\/\/www.palmatin.com\/pl\/houses\/","title":{"rendered":"Domy prefabrykowane i domy drewniane"},"content":{"rendered":"<div style=\"width: 75%; margin: 0 auto; text-align: left;\">\n<p class=\"lead\">Palmatin Ltd jest firm\u0105 rodzinn\u0105, w 100% opart\u0105 na esto\u0144skim kapitale prywatnym. Firma zajmuje si\u0119 projektowaniem, produkcj\u0105 i budow\u0105 dom\u00f3w z bali od 1995 roku i jest dumna ze swojego wk\u0142adu w edukacj\u0119 przysz\u0142ych producent\u00f3w i budowniczych dom\u00f3w z drewna.<\/p>\n<p>Zesp\u00f3\u0142 Palmatin jest do\u015bwiadczony, kompetentny i wieloj\u0119zyczny, biegle w\u0142ada j\u0119zykiem angielskim, esto\u0144skim, fi\u0144skim, francuskim, niemieckim, w\u0142oskim i rosyjskim. Pomogli\u015bmy zbudowa\u0107 tysi\u0105ce dom\u00f3w z bali i dom\u00f3w prefabrykowanych w ca\u0142ej Europie.<\/p>\n<p><a href=\"https:\/\/www.palmatin.com\/houses\/log-houses\/\"><img decoding=\"async\" width=\"510\" height=\"263\" class=\"wp-image-11611 alignright\" src=\"https:\/\/www.palmatin.com\/wp-content\/uploads\/2019\/05\/houses_category-min-510x263.jpg\" data-fancybox=\"image\" srcset=\"https:\/\/www.palmatin.com\/wp-content\/uploads\/2019\/05\/houses_category-min-510x263.jpg 510w, https:\/\/www.palmatin.com\/wp-content\/uploads\/2019\/05\/houses_category-min-768x396.jpg 768w, https:\/\/www.palmatin.com\/wp-content\/uploads\/2019\/05\/houses_category-min-1024x528.jpg 1024w, https:\/\/www.palmatin.com\/wp-content\/uploads\/2019\/05\/houses_category-min.jpg 1590w\" sizes=\"(max-width: 510px) 100vw, 510px\" \/><\/a>Nasze profesjonalne zespo\u0142y produkcyjne, in\u017cynieryjne i bud\u017cetowe maj\u0105 wieloletnie do\u015bwiadczenie w swoich dziedzinach. Zadowolenie klienta jest dla nas najwy\u017cszym priorytetem. Ich do\u015bwiadczenie i wiedza na temat przemys\u0142u drzewnego s\u0105 nieocenione, a tak\u017ce mog\u0105 s\u0142u\u017cy\u0107 rad\u0105 w zakresie bud\u017cetowania. Ponadto zesp\u00f3\u0142 in\u017cynier\u00f3w Palmatin sk\u0142ada si\u0119 z profesjonalist\u00f3w z du\u017cym do\u015bwiadczeniem w bran\u017cy. Po\u015bwi\u0119caj\u0105 si\u0119 tworzeniu dom\u00f3w prefabrykowanych o najwy\u017cszych standardach jako\u015bci, zapewniaj\u0105c, \u017ce ich klienci s\u0105 zadowoleni z rezultatu.<\/p>\n<p>Domy prefabrykowane produkowane przez Palmatin s\u0105 zaprojektowane tak, aby by\u0142y energooszcz\u0119dne i przyjazne dla \u015brodowiska. Metody budowy zapewniaj\u0105, \u017ce nasze domy prefabrykowane s\u0105 budowane przy minimalnym zak\u0142\u00f3ceniu \u015brodowiska i niskim \u015bladzie w\u0119glowym. \u015aciany dom\u00f3w wykonane s\u0105 z litych bali lub drewnianych ram, kt\u00f3re s\u0105 traktowane specjalnym rozwi\u0105zaniem, aby chroni\u0107 je przed \u017cywio\u0142ami. \u015aciany s\u0105 izolowane we\u0142n\u0105 mineraln\u0105, aby utrzyma\u0107 komfortow\u0105 temperatur\u0119 wewn\u0105trz domu.<\/p>\n<p><a href=\"https:\/\/www.palmatin.com\/houses\/prefab-houses\/\"><img decoding=\"async\" width=\"510\" height=\"263\" class=\"wp-image-11601 alignright\" src=\"https:\/\/www.palmatin.com\/wp-content\/uploads\/2019\/05\/houses_category2-min-510x263.jpg\" data-fancybox=\"image\" srcset=\"https:\/\/www.palmatin.com\/wp-content\/uploads\/2019\/05\/houses_category2-min-510x263.jpg 510w, https:\/\/www.palmatin.com\/wp-content\/uploads\/2019\/05\/houses_category2-min-768x396.jpg 768w, https:\/\/www.palmatin.com\/wp-content\/uploads\/2019\/05\/houses_category2-min-1024x528.jpg 1024w, https:\/\/www.palmatin.com\/wp-content\/uploads\/2019\/05\/houses_category2-min.jpg 1590w\" sizes=\"(max-width: 510px) 100vw, 510px\" \/><\/a>Palmatin jest r\u00f3wnie\u017c liderem w budownictwie szkieletowym, wykorzystuj\u0105c najnowsze technologie do tworzenia dom\u00f3w, kt\u00f3re s\u0105 zar\u00f3wno solidne, jak i estetyczne. U\u017cywamy wysokiej jako\u015bci materia\u0142\u00f3w do tworzenia dom\u00f3w prefabrykowanych, kt\u00f3re s\u0105 mocne i trwa\u0142e, a jednocze\u015bnie lekkie i \u0142atwe w monta\u017cu. Zastosowanie nowoczesnych technik i materia\u0142\u00f3w oznacza, \u017ce domy prefabrykowane maj\u0105 niskie koszty utrzymania, co czyni je atrakcyjn\u0105 alternatyw\u0105 dla tradycyjnych dom\u00f3w murowanych.<\/p>\n<p>Naszym celem jest dostarczanie najwy\u017cszej jako\u015bci dom\u00f3w z bali i dom\u00f3w prefabrykowanych. Dzi\u0119ki wieloletniemu do\u015bwiadczeniu w bran\u017cy mo\u017cemy udzieli\u0107 porad i wskaz\u00f3wek dotycz\u0105cych najlepszego projektu, materia\u0142\u00f3w i metod konstrukcyjnych, aby zapewni\u0107 najlepszy mo\u017cliwy rezultat. Palmatin to zaufana marka w bran\u017cy, a nasze zaanga\u017cowanie w zadowolenie klienta jest idealnym wyborem, je\u015bli chcesz zbudowa\u0107 dom z bali lub dom prefabrykowany.<\/p>\n<\/div>\n","protected":false},"excerpt":{"rendered":"<p>Palmatin Ltd jest firm\u0105 rodzinn\u0105, w 100% opart\u0105 na esto\u0144skim kapitale prywatnym. Firma zajmuje si\u0119 projektowaniem, produkcj\u0105 i budow\u0105 dom\u00f3w z bali od 1995 roku i jest dumna ze swojego wk\u0142adu w edukacj\u0119 przysz\u0142ych producent\u00f3w i budowniczych dom\u00f3w z drewna. Zesp\u00f3\u0142 Palmatin jest do\u015bwiadczony, kompetentny i wieloj\u0119zyczny, biegle w\u0142ada j\u0119zykiem angielskim, esto\u0144skim, fi\u0144skim, francuskim, niemieckim, &hellip; <a href=\"https:\/\/www.palmatin.com\/pl\/houses\/\">Continued<\/a><\/p>\n","protected":false},"author":1,"featured_media":100179,"parent":0,"menu_order":0,"comment_status":"closed","ping_status":"closed","template":"views\/template-houses.blade.php","meta":{"_acf_changed":false,"footnotes":""},"class_list":["post-100217","page","type-page","status-publish","has-post-thumbnail","hentry"],"acf":[],"yoast_head":"<!-- This site is optimized with the Yoast SEO Premium plugin v27.3 (Yoast SEO v27.3) - https:\/\/yoast.com\/product\/yoast-seo-premium-wordpress\/ -->\n<title>Ceny dom\u00f3w prefabrykowanych i drewnianych, zestawy premium firmy Palmatin<\/title>\n<meta name=\"description\" content=\"Domy prefabrykowane i domy drewniane, od domk\u00f3w letniskowych po budynki u\u017cyteczno\u015bci publicznej. Znajd\u017a sw\u00f3j idealny dom spo\u015br\u00f3d dziesi\u0105tek projekt\u00f3w i modeli dom\u00f3w z bali.\" \/>\n<meta name=\"robots\" content=\"index, follow, max-snippet:-1, max-image-preview:large, max-video-preview:-1\" \/>\n<link rel=\"canonical\" href=\"https:\/\/www.palmatin.com\/pl\/houses\/\" \/>\n<meta property=\"og:locale\" content=\"pl_PL\" \/>\n<meta property=\"og:type\" content=\"article\" \/>\n<meta property=\"og:title\" content=\"Domy prefabrykowane i domy drewniane\" \/>\n<meta property=\"og:description\" content=\"Palmatin Ltd jest firm\u0105 rodzinn\u0105, w 100% opart\u0105 na esto\u0144skim kapitale prywatnym. Firma zajmuje si\u0119 projektowaniem, produkcj\u0105 i budow\u0105 dom\u00f3w z bali od 1995\" \/>\n<meta property=\"og:url\" content=\"https:\/\/www.palmatin.com\/pl\/houses\/\" \/>\n<meta property=\"og:site_name\" content=\"Palmatin.com\" \/>\n<meta property=\"article:publisher\" content=\"https:\/\/www.facebook.com\/palmatin.wooden.houses\" \/>\n<meta property=\"article:modified_time\" content=\"2023-11-22T13:12:48+00:00\" \/>\n<meta property=\"og:image\" content=\"https:\/\/www.palmatin.com\/wp-content\/uploads\/2018\/08\/log_houses.jpg\" \/>\n\t<meta property=\"og:image:width\" content=\"1920\" \/>\n\t<meta property=\"og:image:height\" content=\"300\" \/>\n\t<meta property=\"og:image:type\" content=\"image\/jpeg\" \/>\n<meta name=\"twitter:card\" content=\"summary_large_image\" \/>\n<meta name=\"twitter:site\" content=\"@palmatinhouses\" \/>\n<meta name=\"twitter:label1\" content=\"Szacowany czas czytania\" \/>\n\t<meta name=\"twitter:data1\" content=\"3 minuty\" \/>\n<script type=\"application\/ld+json\" class=\"yoast-schema-graph\">{\"@context\":\"https:\\\/\\\/schema.org\",\"@graph\":[{\"@type\":\"WebPage\",\"@id\":\"https:\\\/\\\/www.palmatin.com\\\/pl\\\/houses\\\/\",\"url\":\"https:\\\/\\\/www.palmatin.com\\\/pl\\\/houses\\\/\",\"name\":\"Ceny dom\u00f3w prefabrykowanych i drewnianych, zestawy premium firmy Palmatin\",\"isPartOf\":{\"@id\":\"https:\\\/\\\/www.palmatin.com\\\/pl\\\/#website\"},\"primaryImageOfPage\":{\"@id\":\"https:\\\/\\\/www.palmatin.com\\\/pl\\\/houses\\\/#primaryimage\"},\"image\":{\"@id\":\"https:\\\/\\\/www.palmatin.com\\\/pl\\\/houses\\\/#primaryimage\"},\"thumbnailUrl\":\"https:\\\/\\\/www.palmatin.com\\\/wp-content\\\/uploads\\\/2018\\\/08\\\/log_houses.jpg\",\"datePublished\":\"2022-12-05T10:25:55+00:00\",\"dateModified\":\"2023-11-22T13:12:48+00:00\",\"description\":\"Domy prefabrykowane i domy drewniane, od domk\u00f3w letniskowych po budynki u\u017cyteczno\u015bci publicznej. Znajd\u017a sw\u00f3j idealny dom spo\u015br\u00f3d dziesi\u0105tek projekt\u00f3w i modeli dom\u00f3w z bali.\",\"breadcrumb\":{\"@id\":\"https:\\\/\\\/www.palmatin.com\\\/pl\\\/houses\\\/#breadcrumb\"},\"inLanguage\":\"pl-PL\",\"potentialAction\":[{\"@type\":\"ReadAction\",\"target\":[\"https:\\\/\\\/www.palmatin.com\\\/pl\\\/houses\\\/\"]}]},{\"@type\":\"ImageObject\",\"inLanguage\":\"pl-PL\",\"@id\":\"https:\\\/\\\/www.palmatin.com\\\/pl\\\/houses\\\/#primaryimage\",\"url\":\"https:\\\/\\\/www.palmatin.com\\\/wp-content\\\/uploads\\\/2018\\\/08\\\/log_houses.jpg\",\"contentUrl\":\"https:\\\/\\\/www.palmatin.com\\\/wp-content\\\/uploads\\\/2018\\\/08\\\/log_houses.jpg\",\"width\":1920,\"height\":300},{\"@type\":\"BreadcrumbList\",\"@id\":\"https:\\\/\\\/www.palmatin.com\\\/pl\\\/houses\\\/#breadcrumb\",\"itemListElement\":[{\"@type\":\"ListItem\",\"position\":1,\"name\":\"Home\",\"item\":\"https:\\\/\\\/www.palmatin.com\\\/pl\\\/\"},{\"@type\":\"ListItem\",\"position\":2,\"name\":\"Domy prefabrykowane i domy drewniane\"}]},{\"@type\":\"WebSite\",\"@id\":\"https:\\\/\\\/www.palmatin.com\\\/pl\\\/#website\",\"url\":\"https:\\\/\\\/www.palmatin.com\\\/pl\\\/\",\"name\":\"Palmatin.com\",\"description\":\"Custom made wooden houses from project to assembly.\",\"publisher\":{\"@id\":\"https:\\\/\\\/www.palmatin.com\\\/pl\\\/#organization\"},\"inLanguage\":\"pl-PL\"},{\"@type\":[\"Organization\",\"Place\",\"HomeAndConstructionBusiness\"],\"@id\":\"https:\\\/\\\/www.palmatin.com\\\/pl\\\/#organization\",\"name\":\"Palmatin\",\"alternateName\":\"Palmatin Wooden Houses\",\"url\":\"https:\\\/\\\/www.palmatin.com\\\/pl\\\/\",\"logo\":{\"@id\":\"https:\\\/\\\/www.palmatin.com\\\/pl\\\/houses\\\/#local-main-organization-logo\"},\"image\":{\"@id\":\"https:\\\/\\\/www.palmatin.com\\\/pl\\\/houses\\\/#local-main-organization-logo\"},\"sameAs\":[\"https:\\\/\\\/www.facebook.com\\\/palmatin.wooden.houses\",\"https:\\\/\\\/x.com\\\/palmatinhouses\",\"https:\\\/\\\/www.instagram.com\\\/palmatinwoodenhouses\\\/\",\"https:\\\/\\\/www.linkedin.com\\\/company\\\/palmatin-wooden-houses\",\"https:\\\/\\\/www.pinterest.com\\\/palmatin\\\/\",\"https:\\\/\\\/www.youtube.com\\\/channel\\\/UCS3v-T7tq4sPU5YkEvukfYg\"],\"description\":\"Palmatin wooden houses are expertly crafted, sustainable prefabricated element houses and log homes renowned for their durability, energy efficiency, and elegant Nordic design. Combining traditional building techniques with modern technology, Palmatin delivers customized living spaces that blend seamlessly with nature, ensuring comfort, quality, and eco-friendly living for generations.\",\"legalName\":\"Palmatin O\u00dc\",\"foundingDate\":\"1995-05-12\",\"numberOfEmployees\":{\"@type\":\"QuantitativeValue\",\"minValue\":\"11\",\"maxValue\":\"50\"},\"address\":{\"@id\":\"https:\\\/\\\/www.palmatin.com\\\/pl\\\/houses\\\/#local-main-place-address\"},\"telephone\":[\"(+372) 605 48 95\"],\"openingHoursSpecification\":[{\"@type\":\"OpeningHoursSpecification\",\"dayOfWeek\":[\"Monday\",\"Tuesday\",\"Wednesday\",\"Thursday\",\"Friday\"],\"opens\":\"08:00\",\"closes\":\"17:00\"},{\"@type\":\"OpeningHoursSpecification\",\"dayOfWeek\":[\"Saturday\",\"Sunday\"],\"opens\":\"00:00\",\"closes\":\"00:00\"}],\"email\":\"info@palmatin.com\",\"faxNumber\":\"(+372) 605 48 92\",\"areaServed\":\"world\",\"vatID\":\"EE100240388\",\"priceRange\":\"$$$\",\"currenciesAccepted\":\"Euros\"},{\"@type\":\"PostalAddress\",\"@id\":\"https:\\\/\\\/www.palmatin.com\\\/pl\\\/houses\\\/#local-main-place-address\",\"streetAddress\":\"Tammi tee 40b\",\"addressLocality\":\"Rannamoeisa\",\"postalCode\":\"76906\",\"addressRegion\":\"Harju parish\",\"addressCountry\":\"EE\"},{\"@type\":\"ImageObject\",\"inLanguage\":\"pl-PL\",\"@id\":\"https:\\\/\\\/www.palmatin.com\\\/pl\\\/houses\\\/#local-main-organization-logo\",\"url\":\"https:\\\/\\\/www.palmatin.com\\\/wp-content\\\/uploads\\\/2022\\\/11\\\/Logo_wrt.jpg\",\"contentUrl\":\"https:\\\/\\\/www.palmatin.com\\\/wp-content\\\/uploads\\\/2022\\\/11\\\/Logo_wrt.jpg\",\"width\":1458,\"height\":857,\"caption\":\"Palmatin\"}]}<\/script>\n<meta name=\"geo.placename\" content=\"Rannamoeisa\" \/>\n<meta name=\"geo.region\" content=\"Estonia\" \/>\n<!-- \/ Yoast SEO Premium plugin. -->","yoast_head_json":{"title":"Ceny dom\u00f3w prefabrykowanych i drewnianych, zestawy premium firmy Palmatin","description":"Domy prefabrykowane i domy drewniane, od domk\u00f3w letniskowych po budynki u\u017cyteczno\u015bci publicznej. Znajd\u017a sw\u00f3j idealny dom spo\u015br\u00f3d dziesi\u0105tek projekt\u00f3w i modeli dom\u00f3w z bali.","robots":{"index":"index","follow":"follow","max-snippet":"max-snippet:-1","max-image-preview":"max-image-preview:large","max-video-preview":"max-video-preview:-1"},"canonical":"https:\/\/www.palmatin.com\/pl\/houses\/","og_locale":"pl_PL","og_type":"article","og_title":"Domy prefabrykowane i domy drewniane","og_description":"Palmatin Ltd jest firm\u0105 rodzinn\u0105, w 100% opart\u0105 na esto\u0144skim kapitale prywatnym. Firma zajmuje si\u0119 projektowaniem, produkcj\u0105 i budow\u0105 dom\u00f3w z bali od 1995","og_url":"https:\/\/www.palmatin.com\/pl\/houses\/","og_site_name":"Palmatin.com","article_publisher":"https:\/\/www.facebook.com\/palmatin.wooden.houses","article_modified_time":"2023-11-22T13:12:48+00:00","og_image":[{"width":1920,"height":300,"url":"https:\/\/www.palmatin.com\/wp-content\/uploads\/2018\/08\/log_houses.jpg","type":"image\/jpeg"}],"twitter_card":"summary_large_image","twitter_site":"@palmatinhouses","twitter_misc":{"Szacowany czas czytania":"3 minuty"},"schema":{"@context":"https:\/\/schema.org","@graph":[{"@type":"WebPage","@id":"https:\/\/www.palmatin.com\/pl\/houses\/","url":"https:\/\/www.palmatin.com\/pl\/houses\/","name":"Ceny dom\u00f3w prefabrykowanych i drewnianych, zestawy premium firmy Palmatin","isPartOf":{"@id":"https:\/\/www.palmatin.com\/pl\/#website"},"primaryImageOfPage":{"@id":"https:\/\/www.palmatin.com\/pl\/houses\/#primaryimage"},"image":{"@id":"https:\/\/www.palmatin.com\/pl\/houses\/#primaryimage"},"thumbnailUrl":"https:\/\/www.palmatin.com\/wp-content\/uploads\/2018\/08\/log_houses.jpg","datePublished":"2022-12-05T10:25:55+00:00","dateModified":"2023-11-22T13:12:48+00:00","description":"Domy prefabrykowane i domy drewniane, od domk\u00f3w letniskowych po budynki u\u017cyteczno\u015bci publicznej. Znajd\u017a sw\u00f3j idealny dom spo\u015br\u00f3d dziesi\u0105tek projekt\u00f3w i modeli dom\u00f3w z bali.","breadcrumb":{"@id":"https:\/\/www.palmatin.com\/pl\/houses\/#breadcrumb"},"inLanguage":"pl-PL","potentialAction":[{"@type":"ReadAction","target":["https:\/\/www.palmatin.com\/pl\/houses\/"]}]},{"@type":"ImageObject","inLanguage":"pl-PL","@id":"https:\/\/www.palmatin.com\/pl\/houses\/#primaryimage","url":"https:\/\/www.palmatin.com\/wp-content\/uploads\/2018\/08\/log_houses.jpg","contentUrl":"https:\/\/www.palmatin.com\/wp-content\/uploads\/2018\/08\/log_houses.jpg","width":1920,"height":300},{"@type":"BreadcrumbList","@id":"https:\/\/www.palmatin.com\/pl\/houses\/#breadcrumb","itemListElement":[{"@type":"ListItem","position":1,"name":"Home","item":"https:\/\/www.palmatin.com\/pl\/"},{"@type":"ListItem","position":2,"name":"Domy prefabrykowane i domy drewniane"}]},{"@type":"WebSite","@id":"https:\/\/www.palmatin.com\/pl\/#website","url":"https:\/\/www.palmatin.com\/pl\/","name":"Palmatin.com","description":"Custom made wooden houses from project to assembly.","publisher":{"@id":"https:\/\/www.palmatin.com\/pl\/#organization"},"inLanguage":"pl-PL"},{"@type":["Organization","Place","HomeAndConstructionBusiness"],"@id":"https:\/\/www.palmatin.com\/pl\/#organization","name":"Palmatin","alternateName":"Palmatin Wooden Houses","url":"https:\/\/www.palmatin.com\/pl\/","logo":{"@id":"https:\/\/www.palmatin.com\/pl\/houses\/#local-main-organization-logo"},"image":{"@id":"https:\/\/www.palmatin.com\/pl\/houses\/#local-main-organization-logo"},"sameAs":["https:\/\/www.facebook.com\/palmatin.wooden.houses","https:\/\/x.com\/palmatinhouses","https:\/\/www.instagram.com\/palmatinwoodenhouses\/","https:\/\/www.linkedin.com\/company\/palmatin-wooden-houses","https:\/\/www.pinterest.com\/palmatin\/","https:\/\/www.youtube.com\/channel\/UCS3v-T7tq4sPU5YkEvukfYg"],"description":"Palmatin wooden houses are expertly crafted, sustainable prefabricated element houses and log homes renowned for their durability, energy efficiency, and elegant Nordic design. Combining traditional building techniques with modern technology, Palmatin delivers customized living spaces that blend seamlessly with nature, ensuring comfort, quality, and eco-friendly living for generations.","legalName":"Palmatin O\u00dc","foundingDate":"1995-05-12","numberOfEmployees":{"@type":"QuantitativeValue","minValue":"11","maxValue":"50"},"address":{"@id":"https:\/\/www.palmatin.com\/pl\/houses\/#local-main-place-address"},"telephone":["(+372) 605 48 95"],"openingHoursSpecification":[{"@type":"OpeningHoursSpecification","dayOfWeek":["Monday","Tuesday","Wednesday","Thursday","Friday"],"opens":"08:00","closes":"17:00"},{"@type":"OpeningHoursSpecification","dayOfWeek":["Saturday","Sunday"],"opens":"00:00","closes":"00:00"}],"email":"info@palmatin.com","faxNumber":"(+372) 605 48 92","areaServed":"world","vatID":"EE100240388","priceRange":"$$$","currenciesAccepted":"Euros"},{"@type":"PostalAddress","@id":"https:\/\/www.palmatin.com\/pl\/houses\/#local-main-place-address","streetAddress":"Tammi tee 40b","addressLocality":"Rannamoeisa","postalCode":"76906","addressRegion":"Harju parish","addressCountry":"EE"},{"@type":"ImageObject","inLanguage":"pl-PL","@id":"https:\/\/www.palmatin.com\/pl\/houses\/#local-main-organization-logo","url":"https:\/\/www.palmatin.com\/wp-content\/uploads\/2022\/11\/Logo_wrt.jpg","contentUrl":"https:\/\/www.palmatin.com\/wp-content\/uploads\/2022\/11\/Logo_wrt.jpg","width":1458,"height":857,"caption":"Palmatin"}]},"geo.placename":"Rannamoeisa","geo.region":"Estonia"},"_links":{"self":[{"href":"https:\/\/www.palmatin.com\/pl\/wp-json\/wp\/v2\/pages\/100217","targetHints":{"allow":["GET"]}}],"collection":[{"href":"https:\/\/www.palmatin.com\/pl\/wp-json\/wp\/v2\/pages"}],"about":[{"href":"https:\/\/www.palmatin.com\/pl\/wp-json\/wp\/v2\/types\/page"}],"author":[{"embeddable":true,"href":"https:\/\/www.palmatin.com\/pl\/wp-json\/wp\/v2\/users\/1"}],"replies":[{"embeddable":true,"href":"https:\/\/www.palmatin.com\/pl\/wp-json\/wp\/v2\/comments?post=100217"}],"version-history":[{"count":0,"href":"https:\/\/www.palmatin.com\/pl\/wp-json\/wp\/v2\/pages\/100217\/revisions"}],"wp:featuredmedia":[{"embeddable":true,"href":"https:\/\/www.palmatin.com\/pl\/wp-json\/wp\/v2\/media\/100179"}],"wp:attachment":[{"href":"https:\/\/www.palmatin.com\/pl\/wp-json\/wp\/v2\/media?parent=100217"}],"curies":[{"name":"wp","href":"https:\/\/api.w.org\/{rel}","templated":true}]}}