{"id":9341,"date":"2023-02-27T05:59:28","date_gmt":"2023-02-27T05:59:28","guid":{"rendered":"https:\/\/www.palmatin.com\/prefabricated-house\/"},"modified":"2023-11-30T15:05:44","modified_gmt":"2023-11-30T15:05:44","slug":"prefabricated-house","status":"publish","type":"page","link":"https:\/\/www.palmatin.com\/nl\/prefabricated-house\/","title":{"rendered":"Nordic geprefabriceerde huizen in Groot-Brittanni\u00eb"},"content":{"rendered":"<p data-pm-slice=\"1 1 []\">Een van de belangrijkste voordelen van geprefabriceerde huizen is hun ontwerpgerichte aanpak. Omdat ze in een fabriek worden gebouwd, kunnen prefabs worden ontworpen met een mate van precisie en aandacht voor detail die onmogelijk te bereiken is met traditionele bouwmethoden op locatie. Dit maakt het mogelijk om huizen te cre\u00ebren die echt ge\u00efnspireerd zijn door de nieuwste idee\u00ebn op het gebied van interieurontwerp.<\/p>\n","protected":false},"excerpt":{"rendered":"<p>Een van de belangrijkste voordelen van geprefabriceerde huizen is hun ontwerpgerichte aanpak. Omdat ze in een fabriek worden gebouwd, kunnen prefabs worden ontworpen met een mate van precisie en aandacht voor detail die onmogelijk te bereiken is met traditionele bouwmethoden op locatie. Dit maakt het mogelijk om huizen te cre\u00ebren die echt ge\u00efnspireerd zijn door &hellip; <a href=\"https:\/\/www.palmatin.com\/nl\/prefabricated-house\/\">Vervolgd<\/a><\/p>\n","protected":false},"author":1,"featured_media":1799,"parent":0,"menu_order":0,"comment_status":"closed","ping_status":"closed","template":"views\/template-content-blocks.blade.php","meta":{"_acf_changed":false,"footnotes":""},"class_list":["post-9341","page","type-page","status-publish","has-post-thumbnail","hentry"],"acf":[],"yoast_head":"<!-- This site is optimized with the Yoast SEO Premium plugin v27.3 (Yoast SEO v27.4) - https:\/\/yoast.com\/product\/yoast-seo-premium-wordpress\/ -->\n<title>Geprefabriceerd huis, naar wens aan te passen - Houten Huizen<\/title>\n<meta name=\"description\" content=\"Een prefab huis is een moderne manier om een duurzaam huis te bouwen. Lees meer over de aanpassingsopties, bekijk de plattegronden en indelingen.\" \/>\n<meta name=\"robots\" content=\"index, follow, max-snippet:-1, max-image-preview:large, max-video-preview:-1\" \/>\n<link rel=\"canonical\" href=\"https:\/\/www.palmatin.com\/nl\/prefabricated-house\/\" \/>\n<meta property=\"og:locale\" content=\"nl_NL\" \/>\n<meta property=\"og:type\" content=\"article\" \/>\n<meta property=\"og:title\" content=\"Nordic geprefabriceerde huizen in Groot-Brittanni\u00eb\" \/>\n<meta property=\"og:description\" content=\"Een van de belangrijkste voordelen van geprefabriceerde huizen is hun ontwerpgerichte aanpak. Omdat ze in een fabriek worden gebouwd, kunnen prefabs\" \/>\n<meta property=\"og:url\" content=\"https:\/\/www.palmatin.com\/nl\/prefabricated-house\/\" \/>\n<meta property=\"og:site_name\" content=\"Palmatin.com\" \/>\n<meta property=\"article:publisher\" content=\"https:\/\/www.facebook.com\/palmatin.wooden.houses\" \/>\n<meta property=\"article:modified_time\" content=\"2023-11-30T15:05:44+00:00\" \/>\n<meta property=\"og:image\" content=\"https:\/\/www.palmatin.com\/wp-content\/uploads\/2018\/08\/prefab_house.jpg\" \/>\n\t<meta property=\"og:image:width\" content=\"1920\" \/>\n\t<meta property=\"og:image:height\" content=\"300\" \/>\n\t<meta property=\"og:image:type\" content=\"image\/jpeg\" \/>\n<meta name=\"twitter:card\" content=\"summary_large_image\" \/>\n<meta name=\"twitter:site\" content=\"@palmatinhouses\" \/>\n<meta name=\"twitter:label1\" content=\"Geschatte leestijd\" \/>\n\t<meta name=\"twitter:data1\" content=\"1 minuut\" \/>\n<script type=\"application\/ld+json\" class=\"yoast-schema-graph\">{\"@context\":\"https:\\\/\\\/schema.org\",\"@graph\":[{\"@type\":\"WebPage\",\"@id\":\"https:\\\/\\\/www.palmatin.com\\\/nl\\\/prefabricated-house\\\/\",\"url\":\"https:\\\/\\\/www.palmatin.com\\\/nl\\\/prefabricated-house\\\/\",\"name\":\"Geprefabriceerd huis, naar wens aan te passen - Houten Huizen\",\"isPartOf\":{\"@id\":\"https:\\\/\\\/www.palmatin.com\\\/nl\\\/#website\"},\"primaryImageOfPage\":{\"@id\":\"https:\\\/\\\/www.palmatin.com\\\/nl\\\/prefabricated-house\\\/#primaryimage\"},\"image\":{\"@id\":\"https:\\\/\\\/www.palmatin.com\\\/nl\\\/prefabricated-house\\\/#primaryimage\"},\"thumbnailUrl\":\"https:\\\/\\\/www.palmatin.com\\\/wp-content\\\/uploads\\\/2018\\\/08\\\/prefab_house.jpg\",\"datePublished\":\"2023-02-27T05:59:28+00:00\",\"dateModified\":\"2023-11-30T15:05:44+00:00\",\"description\":\"Een prefab huis is een moderne manier om een duurzaam huis te bouwen. Lees meer over de aanpassingsopties, bekijk de plattegronden en indelingen.\",\"breadcrumb\":{\"@id\":\"https:\\\/\\\/www.palmatin.com\\\/nl\\\/prefabricated-house\\\/#breadcrumb\"},\"inLanguage\":\"nl-NL\",\"potentialAction\":[{\"@type\":\"ReadAction\",\"target\":[\"https:\\\/\\\/www.palmatin.com\\\/nl\\\/prefabricated-house\\\/\"]}]},{\"@type\":\"ImageObject\",\"inLanguage\":\"nl-NL\",\"@id\":\"https:\\\/\\\/www.palmatin.com\\\/nl\\\/prefabricated-house\\\/#primaryimage\",\"url\":\"https:\\\/\\\/www.palmatin.com\\\/wp-content\\\/uploads\\\/2018\\\/08\\\/prefab_house.jpg\",\"contentUrl\":\"https:\\\/\\\/www.palmatin.com\\\/wp-content\\\/uploads\\\/2018\\\/08\\\/prefab_house.jpg\",\"width\":1920,\"height\":300},{\"@type\":\"BreadcrumbList\",\"@id\":\"https:\\\/\\\/www.palmatin.com\\\/nl\\\/prefabricated-house\\\/#breadcrumb\",\"itemListElement\":[{\"@type\":\"ListItem\",\"position\":1,\"name\":\"Home\",\"item\":\"https:\\\/\\\/www.palmatin.com\\\/nl\\\/\"},{\"@type\":\"ListItem\",\"position\":2,\"name\":\"Nordic geprefabriceerde huizen in Groot-Brittanni\u00eb\"}]},{\"@type\":\"WebSite\",\"@id\":\"https:\\\/\\\/www.palmatin.com\\\/nl\\\/#website\",\"url\":\"https:\\\/\\\/www.palmatin.com\\\/nl\\\/\",\"name\":\"Palmatin.com\",\"description\":\"Custom made wooden houses from project to assembly.\",\"publisher\":{\"@id\":\"https:\\\/\\\/www.palmatin.com\\\/nl\\\/#organization\"},\"inLanguage\":\"nl-NL\"},{\"@type\":[\"Organization\",\"Place\",\"HomeAndConstructionBusiness\"],\"@id\":\"https:\\\/\\\/www.palmatin.com\\\/nl\\\/#organization\",\"name\":\"Palmatin\",\"alternateName\":\"Palmatin Wooden Houses\",\"url\":\"https:\\\/\\\/www.palmatin.com\\\/nl\\\/\",\"logo\":{\"@id\":\"https:\\\/\\\/www.palmatin.com\\\/nl\\\/prefabricated-house\\\/#local-main-organization-logo\"},\"image\":{\"@id\":\"https:\\\/\\\/www.palmatin.com\\\/nl\\\/prefabricated-house\\\/#local-main-organization-logo\"},\"sameAs\":[\"https:\\\/\\\/www.facebook.com\\\/palmatin.wooden.houses\",\"https:\\\/\\\/x.com\\\/palmatinhouses\",\"https:\\\/\\\/www.instagram.com\\\/palmatinwoodenhouses\\\/\",\"https:\\\/\\\/www.linkedin.com\\\/company\\\/palmatin-wooden-houses\",\"https:\\\/\\\/www.pinterest.com\\\/palmatin\\\/\",\"https:\\\/\\\/www.youtube.com\\\/channel\\\/UCS3v-T7tq4sPU5YkEvukfYg\"],\"description\":\"Palmatin wooden houses are expertly crafted, sustainable prefabricated element houses and log homes renowned for their durability, energy efficiency, and elegant Nordic design. Combining traditional building techniques with modern technology, Palmatin delivers customized living spaces that blend seamlessly with nature, ensuring comfort, quality, and eco-friendly living for generations.\",\"legalName\":\"Palmatin O\u00dc\",\"foundingDate\":\"1995-05-12\",\"numberOfEmployees\":{\"@type\":\"QuantitativeValue\",\"minValue\":\"11\",\"maxValue\":\"50\"},\"address\":{\"@id\":\"https:\\\/\\\/www.palmatin.com\\\/nl\\\/prefabricated-house\\\/#local-main-place-address\"},\"telephone\":[\"(+372) 605 48 95\"],\"openingHoursSpecification\":[{\"@type\":\"OpeningHoursSpecification\",\"dayOfWeek\":[\"Monday\",\"Tuesday\",\"Wednesday\",\"Thursday\",\"Friday\"],\"opens\":\"08:00\",\"closes\":\"17:00\"},{\"@type\":\"OpeningHoursSpecification\",\"dayOfWeek\":[\"Saturday\",\"Sunday\"],\"opens\":\"00:00\",\"closes\":\"00:00\"}],\"email\":\"info@palmatin.com\",\"faxNumber\":\"(+372) 605 48 92\",\"areaServed\":\"world\",\"vatID\":\"EE100240388\",\"priceRange\":\"$$$\",\"currenciesAccepted\":\"Euros\"},{\"@type\":\"PostalAddress\",\"@id\":\"https:\\\/\\\/www.palmatin.com\\\/nl\\\/prefabricated-house\\\/#local-main-place-address\",\"streetAddress\":\"Tammi tee 40b\",\"addressLocality\":\"Rannamoeisa\",\"postalCode\":\"76906\",\"addressRegion\":\"Harju parish\",\"addressCountry\":\"EE\"},{\"@type\":\"ImageObject\",\"inLanguage\":\"nl-NL\",\"@id\":\"https:\\\/\\\/www.palmatin.com\\\/nl\\\/prefabricated-house\\\/#local-main-organization-logo\",\"url\":\"https:\\\/\\\/www.palmatin.com\\\/wp-content\\\/uploads\\\/2022\\\/11\\\/Logo_wrt.jpg\",\"contentUrl\":\"https:\\\/\\\/www.palmatin.com\\\/wp-content\\\/uploads\\\/2022\\\/11\\\/Logo_wrt.jpg\",\"width\":1458,\"height\":857,\"caption\":\"Palmatin\"}]}<\/script>\n<meta name=\"geo.placename\" content=\"Rannamoeisa\" \/>\n<meta name=\"geo.region\" content=\"Estland\" \/>\n<!-- \/ Yoast SEO Premium plugin. -->","yoast_head_json":{"title":"Geprefabriceerd huis, naar wens aan te passen - Houten Huizen","description":"Een prefab huis is een moderne manier om een duurzaam huis te bouwen. Lees meer over de aanpassingsopties, bekijk de plattegronden en indelingen.","robots":{"index":"index","follow":"follow","max-snippet":"max-snippet:-1","max-image-preview":"max-image-preview:large","max-video-preview":"max-video-preview:-1"},"canonical":"https:\/\/www.palmatin.com\/nl\/prefabricated-house\/","og_locale":"nl_NL","og_type":"article","og_title":"Nordic geprefabriceerde huizen in Groot-Brittanni\u00eb","og_description":"Een van de belangrijkste voordelen van geprefabriceerde huizen is hun ontwerpgerichte aanpak. Omdat ze in een fabriek worden gebouwd, kunnen prefabs","og_url":"https:\/\/www.palmatin.com\/nl\/prefabricated-house\/","og_site_name":"Palmatin.com","article_publisher":"https:\/\/www.facebook.com\/palmatin.wooden.houses","article_modified_time":"2023-11-30T15:05:44+00:00","og_image":[{"width":1920,"height":300,"url":"https:\/\/www.palmatin.com\/wp-content\/uploads\/2018\/08\/prefab_house.jpg","type":"image\/jpeg"}],"twitter_card":"summary_large_image","twitter_site":"@palmatinhouses","twitter_misc":{"Geschatte leestijd":"1 minuut"},"schema":{"@context":"https:\/\/schema.org","@graph":[{"@type":"WebPage","@id":"https:\/\/www.palmatin.com\/nl\/prefabricated-house\/","url":"https:\/\/www.palmatin.com\/nl\/prefabricated-house\/","name":"Geprefabriceerd huis, naar wens aan te passen - Houten Huizen","isPartOf":{"@id":"https:\/\/www.palmatin.com\/nl\/#website"},"primaryImageOfPage":{"@id":"https:\/\/www.palmatin.com\/nl\/prefabricated-house\/#primaryimage"},"image":{"@id":"https:\/\/www.palmatin.com\/nl\/prefabricated-house\/#primaryimage"},"thumbnailUrl":"https:\/\/www.palmatin.com\/wp-content\/uploads\/2018\/08\/prefab_house.jpg","datePublished":"2023-02-27T05:59:28+00:00","dateModified":"2023-11-30T15:05:44+00:00","description":"Een prefab huis is een moderne manier om een duurzaam huis te bouwen. Lees meer over de aanpassingsopties, bekijk de plattegronden en indelingen.","breadcrumb":{"@id":"https:\/\/www.palmatin.com\/nl\/prefabricated-house\/#breadcrumb"},"inLanguage":"nl-NL","potentialAction":[{"@type":"ReadAction","target":["https:\/\/www.palmatin.com\/nl\/prefabricated-house\/"]}]},{"@type":"ImageObject","inLanguage":"nl-NL","@id":"https:\/\/www.palmatin.com\/nl\/prefabricated-house\/#primaryimage","url":"https:\/\/www.palmatin.com\/wp-content\/uploads\/2018\/08\/prefab_house.jpg","contentUrl":"https:\/\/www.palmatin.com\/wp-content\/uploads\/2018\/08\/prefab_house.jpg","width":1920,"height":300},{"@type":"BreadcrumbList","@id":"https:\/\/www.palmatin.com\/nl\/prefabricated-house\/#breadcrumb","itemListElement":[{"@type":"ListItem","position":1,"name":"Home","item":"https:\/\/www.palmatin.com\/nl\/"},{"@type":"ListItem","position":2,"name":"Nordic geprefabriceerde huizen in Groot-Brittanni\u00eb"}]},{"@type":"WebSite","@id":"https:\/\/www.palmatin.com\/nl\/#website","url":"https:\/\/www.palmatin.com\/nl\/","name":"Palmatin.com","description":"Custom made wooden houses from project to assembly.","publisher":{"@id":"https:\/\/www.palmatin.com\/nl\/#organization"},"inLanguage":"nl-NL"},{"@type":["Organization","Place","HomeAndConstructionBusiness"],"@id":"https:\/\/www.palmatin.com\/nl\/#organization","name":"Palmatin","alternateName":"Palmatin Wooden Houses","url":"https:\/\/www.palmatin.com\/nl\/","logo":{"@id":"https:\/\/www.palmatin.com\/nl\/prefabricated-house\/#local-main-organization-logo"},"image":{"@id":"https:\/\/www.palmatin.com\/nl\/prefabricated-house\/#local-main-organization-logo"},"sameAs":["https:\/\/www.facebook.com\/palmatin.wooden.houses","https:\/\/x.com\/palmatinhouses","https:\/\/www.instagram.com\/palmatinwoodenhouses\/","https:\/\/www.linkedin.com\/company\/palmatin-wooden-houses","https:\/\/www.pinterest.com\/palmatin\/","https:\/\/www.youtube.com\/channel\/UCS3v-T7tq4sPU5YkEvukfYg"],"description":"Palmatin wooden houses are expertly crafted, sustainable prefabricated element houses and log homes renowned for their durability, energy efficiency, and elegant Nordic design. Combining traditional building techniques with modern technology, Palmatin delivers customized living spaces that blend seamlessly with nature, ensuring comfort, quality, and eco-friendly living for generations.","legalName":"Palmatin O\u00dc","foundingDate":"1995-05-12","numberOfEmployees":{"@type":"QuantitativeValue","minValue":"11","maxValue":"50"},"address":{"@id":"https:\/\/www.palmatin.com\/nl\/prefabricated-house\/#local-main-place-address"},"telephone":["(+372) 605 48 95"],"openingHoursSpecification":[{"@type":"OpeningHoursSpecification","dayOfWeek":["Monday","Tuesday","Wednesday","Thursday","Friday"],"opens":"08:00","closes":"17:00"},{"@type":"OpeningHoursSpecification","dayOfWeek":["Saturday","Sunday"],"opens":"00:00","closes":"00:00"}],"email":"info@palmatin.com","faxNumber":"(+372) 605 48 92","areaServed":"world","vatID":"EE100240388","priceRange":"$$$","currenciesAccepted":"Euros"},{"@type":"PostalAddress","@id":"https:\/\/www.palmatin.com\/nl\/prefabricated-house\/#local-main-place-address","streetAddress":"Tammi tee 40b","addressLocality":"Rannamoeisa","postalCode":"76906","addressRegion":"Harju parish","addressCountry":"EE"},{"@type":"ImageObject","inLanguage":"nl-NL","@id":"https:\/\/www.palmatin.com\/nl\/prefabricated-house\/#local-main-organization-logo","url":"https:\/\/www.palmatin.com\/wp-content\/uploads\/2022\/11\/Logo_wrt.jpg","contentUrl":"https:\/\/www.palmatin.com\/wp-content\/uploads\/2022\/11\/Logo_wrt.jpg","width":1458,"height":857,"caption":"Palmatin"}]},"geo.placename":"Rannamoeisa","geo.region":"Estland"},"_links":{"self":[{"href":"https:\/\/www.palmatin.com\/nl\/wp-json\/wp\/v2\/pages\/9341","targetHints":{"allow":["GET"]}}],"collection":[{"href":"https:\/\/www.palmatin.com\/nl\/wp-json\/wp\/v2\/pages"}],"about":[{"href":"https:\/\/www.palmatin.com\/nl\/wp-json\/wp\/v2\/types\/page"}],"author":[{"embeddable":true,"href":"https:\/\/www.palmatin.com\/nl\/wp-json\/wp\/v2\/users\/1"}],"replies":[{"embeddable":true,"href":"https:\/\/www.palmatin.com\/nl\/wp-json\/wp\/v2\/comments?post=9341"}],"version-history":[{"count":0,"href":"https:\/\/www.palmatin.com\/nl\/wp-json\/wp\/v2\/pages\/9341\/revisions"}],"wp:featuredmedia":[{"embeddable":true,"href":"https:\/\/www.palmatin.com\/nl\/wp-json\/wp\/v2\/media\/1799"}],"wp:attachment":[{"href":"https:\/\/www.palmatin.com\/nl\/wp-json\/wp\/v2\/media?parent=9341"}],"curies":[{"name":"wp","href":"https:\/\/api.w.org\/{rel}","templated":true}]}}