{"id":9904,"date":"2018-10-19T08:12:58","date_gmt":"2018-10-19T08:12:58","guid":{"rendered":"https:\/\/www.palmatin.com\/cross-laminated-timber-panel-clt-panel\/"},"modified":"2019-05-09T10:21:52","modified_gmt":"2019-05-09T10:21:52","slug":"pannello-in-legno-lamellare-a-strati-incrociati-pannello-clt","status":"publish","type":"page","link":"https:\/\/www.palmatin.com\/it\/pannello-in-legno-lamellare-a-strati-incrociati-pannello-clt\/","title":{"rendered":"Pannello in legno lamellare a strati incrociati: pannello CLT"},"content":{"rendered":"<h3><\/h3>\n<p>&nbsp;<\/p>\n<p><strong>Il pannello in legno lamellare a strati incrociati (CLT) \u00e8 un pannello moderno, ecologico e flessibile.<\/strong><\/p>\n<p>Il pannello in legno lamellare a strati incrociati \u00e8 un robusto pannello in legno che presenta un\u2019eccellente capacit\u00e0 di carico. Si adatta alla perfezione ad ogni esigenza di design grazie alla sua flessibilit\u00e0 nelle dimensioni e alle ottime propriet\u00e0 fisiche.<\/p>\n<p>Il pannello, incollato con sezioni lamellari a strati incrociati utilizzando materie prime di alta qualit\u00e0, garantisce dimensioni assolutamente precise unite ad accuratezza e rigidit\u00e0.<\/p>\n<p>I pannelli in lamellare a strati incrociati sono ampiamente utilizzati iniziando dagli edifici residenziali fino ai progetti di costruzione di condomini su larga scala. I pannelli in legno massiccio di grandi dimensioni possono gestire facilmente le speciali esigenze statiche.<\/p>\n<p>Grazie alla sua elevata capacit\u00e0 di carico, il pannello in legno a strati incrociati costituisce una scelta eccellente per case a pi\u00f9 piani e per edifici amministrativi.<\/p>\n<p>La rapida e facile installazione degli elementi riduce significativamente il tempo necessario del lavoro di costruzione.<\/p>\n<p>La flessibilit\u00e0 nella produzione dei pannelli offre un\u2019ampia gamma di opportunit\u00e0 sia per gli architetti moderni sia per gli amanti degli stili costruttivi tradizionali.<\/p>\n<p><strong>Utilizzi:<\/strong><\/p>\n<ul>\n<li>Case private e condomini<\/li>\n<li>Case residenziali a pi\u00f9 piani<\/li>\n<li>Ampliamenti<\/li>\n<li>Sviluppo cittadino<\/li>\n<li>Ospedali e scuole<\/li>\n<li>Edifici commerciali, uffici ed edifici industriali<\/li>\n<li>Edifici agricoli<\/li>\n<li>Centri turistici e ricreativi<\/li>\n<li>Case prefabbricate<\/li>\n<\/ul>\n<p><strong>Caratteristiche:<\/strong><\/p>\n<ul>\n<li>Costruzione solida che mantiene il valore nel tempo<\/li>\n<li>Spazio extra grazie allo spessore ridotto dell\u2019elemento<\/li>\n<li>Design flessibile<\/li>\n<li>Accuratezza eccellente di forma e sezione incrociata<\/li>\n<li>Propriet\u00e0 fisiche di prima classe<\/li>\n<li>Elementi prefabbricati, installazione facile da pulire e senza polvere<\/li>\n<li>Breve periodo di installazione grazie all\u2019assenza dei tempi di attesa tecnici in cantiere<\/li>\n<li>Materiale di costruzione naturale e sostenibile<\/li>\n<li>Trattenimento di CO2<\/li>\n<\/ul>\n<h3>Produzione di pannelli in legno a strati incrociati<\/h3>\n<p>Le lamelle piallate e incrociate vengono posizionate una accanto all\u2019altra in grandi quantit\u00e0, dopo di che le lamelle vengono incollate tra loro.<\/p>\n<h4>Qualit\u00e0 dei pannelli:<\/h4>\n<p><strong>Qualit\u00e0 industriale:<\/strong><\/p>\n<p>In strutture non visibili, con tutte le propriet\u00e0 strutturali, per l\u2019utilizzo in strutture non visibili (ad es. sotto l\u2019intonaco)<\/p>\n<ul>\n<li>Le lamelle superiori sono scelte in base ai requisiti di carico della costruzione C24 nel rispetto della EN338. \u00c8 consentito un massimo del 10% di materiale C16.<\/li>\n<li>Sono consentiti cambiamenti di colore nelle lamelle (ad es. alterazione blu), cos\u00ec come rami sciolti, ricrescita e giunture di resina.<\/li>\n<li>Sulla parte esterna possono apparire aperture chiuse, tracce adesive e segni di pressione.<\/li>\n<li>Superficie piallata<\/li>\n<\/ul>\n<p><strong>Qualit\u00e0 standard:<\/strong><\/p>\n<p>Requisiti aggiuntivi per requisiti visivi<\/p>\n<ul>\n<li>Criteri pi\u00f9 rigidi per i requisiti visivi degli strati esterni, diversi dalla semplice scelta per la durezza del legno.<\/li>\n<li>Le lamelle esterne vengono selezionate come rami interi. \u00c8 possibile la presenza di rami sciolti, si consentono difetti e piccole ghiandole resinose<\/li>\n<li>Superficie piallata e carteggiata<\/li>\n<\/ul>\n<p><strong>Qualit\u00e0 dello spazio vivibile<\/strong><\/p>\n<p>Elevati requisiti per le parti visibili dell\u2019elemento. Qui si usa il pi\u00f9 elevato criterio di valutazione ottica per il legname. Lo spessore delle lamelle \u00e8 al massimo di 20 mm ed esse vengono trattate con incollaggio e pre-asciugatura, garantendo cos\u00ec una apertura minima delle giunzioni. Le lamelle sono pre-unite e, per prevenire le fessure derivanti dall\u2019asciugatura sul lato piano, non sono pi\u00f9 incollate per la lunghezza.<\/p>\n<p>Per informazione:<\/p>\n<p>Il legno \u00e8 un materiale naturale. Vi possono essere alcune variazioni sulla qualit\u00e0 della superficie, perfino con la pi\u00f9 accurata selezione delle materie prime. L\u2019aspetto di un pannello lamellare a strati incrociati \u00e8 determinato dal suo strato pi\u00f9 superficiale.<\/p>\n<h3>Carico e trasporto<\/h3>\n<p>Per garantire la velocit\u00e0 di costruzione ottimale dei pannelli di lamellare a strati incrociati, \u00e8 necessaria la pianificazione al momento dell\u2019ordine delle materie prime. In base a questa pianificazione, \u00e8 possibile progettare l\u2019intera produzione in modo che i pannelli possano essere inviati immediatamente sul luogo per l\u2019installazione. Si deve trovare una soluzione adatta tra i desideri del cliente e le possibilit\u00e0 di carico. Per avere sempre informazioni adeguate sui lotti caricati, te ne inviamo sempre notifica diversi giorni prima del carico. Ti faremo anche sapere quali pannelli sono caricati ed eviteremo i ritardi di installazione o l\u2019attesa dovuta ai dispositivi di sollevamento.<\/p>\n<p><strong>Il trasporto \u00e8 possibile con:<\/strong><br \/>\nPannelli sul piano del camion orizzontalmente<br \/>\nPannelli sul carico in piedi, cio\u00e8 verticalmente<\/p>\n<p><strong>Sollevamento dei pannelli:<\/strong><br \/>\nI pannelli di lamellare a strati incrociati sono forniti di supporto di installazione. Ci\u00f2 significa che i pannelli presentano dei cavi di imbracatura o dei punti speciali di sollevamento per la sollevazione in fabbrica e nel luogo di costruzione.<\/p>\n","protected":false},"excerpt":{"rendered":"<p>&nbsp; Il pannello in legno lamellare a strati incrociati (CLT) \u00e8 un pannello moderno, ecologico e flessibile. Il pannello in legno lamellare a strati incrociati \u00e8 un robusto pannello in legno che presenta un\u2019eccellente capacit\u00e0 di carico. Si adatta alla perfezione ad ogni esigenza di design grazie alla sua flessibilit\u00e0 nelle dimensioni e alle ottime &hellip; <a href=\"https:\/\/www.palmatin.com\/it\/pannello-in-legno-lamellare-a-strati-incrociati-pannello-clt\/\">Continua<\/a><\/p>\n","protected":false},"author":2,"featured_media":1482,"parent":0,"menu_order":0,"comment_status":"closed","ping_status":"closed","template":"views\/template-page.blade.php","meta":{"_acf_changed":false,"footnotes":""},"class_list":["post-9904","page","type-page","status-publish","has-post-thumbnail","hentry"],"acf":[],"yoast_head":"<!-- This site is optimized with the Yoast SEO Premium plugin v27.3 (Yoast SEO v27.4) - https:\/\/yoast.com\/product\/yoast-seo-premium-wordpress\/ -->\n<title>Pannello in legno lamellare a strati incrociati: pannello CLT - Palmatin.com<\/title>\n<meta name=\"description\" content=\"&nbsp; Il pannello in legno lamellare a strati incrociati (CLT) \u00e8 un pannello moderno, ecologico e flessibile. Il pannello in legno lamellare a strati\" \/>\n<meta name=\"robots\" content=\"index, follow, max-snippet:-1, max-image-preview:large, max-video-preview:-1\" \/>\n<link rel=\"canonical\" href=\"https:\/\/www.palmatin.com\/it\/pannello-in-legno-lamellare-a-strati-incrociati-pannello-clt\/\" \/>\n<meta property=\"og:locale\" content=\"it_IT\" \/>\n<meta property=\"og:type\" content=\"article\" \/>\n<meta property=\"og:title\" content=\"Pannello in legno lamellare a strati incrociati: pannello CLT\" \/>\n<meta property=\"og:description\" content=\"&nbsp; Il pannello in legno lamellare a strati incrociati (CLT) \u00e8 un pannello moderno, ecologico e flessibile. Il pannello in legno lamellare a strati\" \/>\n<meta property=\"og:url\" content=\"https:\/\/www.palmatin.com\/it\/pannello-in-legno-lamellare-a-strati-incrociati-pannello-clt\/\" \/>\n<meta property=\"og:site_name\" content=\"Palmatin.com\" \/>\n<meta property=\"article:publisher\" content=\"https:\/\/www.facebook.com\/palmatin.wooden.houses\" \/>\n<meta property=\"article:modified_time\" content=\"2019-05-09T10:21:52+00:00\" \/>\n<meta property=\"og:image\" content=\"https:\/\/www.palmatin.com\/wp-content\/uploads\/2018\/08\/log_houses.jpg\" \/>\n\t<meta property=\"og:image:width\" content=\"1920\" \/>\n\t<meta property=\"og:image:height\" content=\"300\" \/>\n\t<meta property=\"og:image:type\" content=\"image\/jpeg\" \/>\n<meta name=\"twitter:card\" content=\"summary_large_image\" \/>\n<meta name=\"twitter:site\" content=\"@palmatinhouses\" \/>\n<meta name=\"twitter:label1\" content=\"Tempo di lettura stimato\" \/>\n\t<meta name=\"twitter:data1\" content=\"4 minuti\" \/>\n<script type=\"application\/ld+json\" class=\"yoast-schema-graph\">{\"@context\":\"https:\\\/\\\/schema.org\",\"@graph\":[{\"@type\":\"WebPage\",\"@id\":\"https:\\\/\\\/www.palmatin.com\\\/it\\\/pannello-in-legno-lamellare-a-strati-incrociati-pannello-clt\\\/\",\"url\":\"https:\\\/\\\/www.palmatin.com\\\/it\\\/pannello-in-legno-lamellare-a-strati-incrociati-pannello-clt\\\/\",\"name\":\"Pannello in legno lamellare a strati incrociati: pannello CLT - Palmatin.com\",\"isPartOf\":{\"@id\":\"https:\\\/\\\/www.palmatin.com\\\/it\\\/#website\"},\"primaryImageOfPage\":{\"@id\":\"https:\\\/\\\/www.palmatin.com\\\/it\\\/pannello-in-legno-lamellare-a-strati-incrociati-pannello-clt\\\/#primaryimage\"},\"image\":{\"@id\":\"https:\\\/\\\/www.palmatin.com\\\/it\\\/pannello-in-legno-lamellare-a-strati-incrociati-pannello-clt\\\/#primaryimage\"},\"thumbnailUrl\":\"https:\\\/\\\/www.palmatin.com\\\/wp-content\\\/uploads\\\/2018\\\/08\\\/log_houses.jpg\",\"datePublished\":\"2018-10-19T08:12:58+00:00\",\"dateModified\":\"2019-05-09T10:21:52+00:00\",\"description\":\"&nbsp; Il pannello in legno lamellare a strati incrociati (CLT) \u00e8 un pannello moderno, ecologico e flessibile. Il pannello in legno lamellare a strati\",\"breadcrumb\":{\"@id\":\"https:\\\/\\\/www.palmatin.com\\\/it\\\/pannello-in-legno-lamellare-a-strati-incrociati-pannello-clt\\\/#breadcrumb\"},\"inLanguage\":\"it-IT\",\"potentialAction\":[{\"@type\":\"ReadAction\",\"target\":[\"https:\\\/\\\/www.palmatin.com\\\/it\\\/pannello-in-legno-lamellare-a-strati-incrociati-pannello-clt\\\/\"]}]},{\"@type\":\"ImageObject\",\"inLanguage\":\"it-IT\",\"@id\":\"https:\\\/\\\/www.palmatin.com\\\/it\\\/pannello-in-legno-lamellare-a-strati-incrociati-pannello-clt\\\/#primaryimage\",\"url\":\"https:\\\/\\\/www.palmatin.com\\\/wp-content\\\/uploads\\\/2018\\\/08\\\/log_houses.jpg\",\"contentUrl\":\"https:\\\/\\\/www.palmatin.com\\\/wp-content\\\/uploads\\\/2018\\\/08\\\/log_houses.jpg\",\"width\":1920,\"height\":300,\"caption\":\"Palmatin mod\u00e8le maison en rondins, page contact\"},{\"@type\":\"BreadcrumbList\",\"@id\":\"https:\\\/\\\/www.palmatin.com\\\/it\\\/pannello-in-legno-lamellare-a-strati-incrociati-pannello-clt\\\/#breadcrumb\",\"itemListElement\":[{\"@type\":\"ListItem\",\"position\":1,\"name\":\"Home\",\"item\":\"https:\\\/\\\/www.palmatin.com\\\/it\\\/\"},{\"@type\":\"ListItem\",\"position\":2,\"name\":\"Pannello in legno lamellare a strati incrociati: pannello CLT\"}]},{\"@type\":\"WebSite\",\"@id\":\"https:\\\/\\\/www.palmatin.com\\\/it\\\/#website\",\"url\":\"https:\\\/\\\/www.palmatin.com\\\/it\\\/\",\"name\":\"Palmatin.com\",\"description\":\"Custom made wooden houses from project to assembly.\",\"publisher\":{\"@id\":\"https:\\\/\\\/www.palmatin.com\\\/it\\\/#organization\"},\"inLanguage\":\"it-IT\"},{\"@type\":[\"Organization\",\"Place\",\"HomeAndConstructionBusiness\"],\"@id\":\"https:\\\/\\\/www.palmatin.com\\\/it\\\/#organization\",\"name\":\"Palmatin\",\"alternateName\":\"Palmatin Wooden Houses\",\"url\":\"https:\\\/\\\/www.palmatin.com\\\/it\\\/\",\"logo\":{\"@id\":\"https:\\\/\\\/www.palmatin.com\\\/it\\\/pannello-in-legno-lamellare-a-strati-incrociati-pannello-clt\\\/#local-main-organization-logo\"},\"image\":{\"@id\":\"https:\\\/\\\/www.palmatin.com\\\/it\\\/pannello-in-legno-lamellare-a-strati-incrociati-pannello-clt\\\/#local-main-organization-logo\"},\"sameAs\":[\"https:\\\/\\\/www.facebook.com\\\/palmatin.wooden.houses\",\"https:\\\/\\\/x.com\\\/palmatinhouses\",\"https:\\\/\\\/www.instagram.com\\\/palmatinwoodenhouses\\\/\",\"https:\\\/\\\/www.linkedin.com\\\/company\\\/palmatin-wooden-houses\",\"https:\\\/\\\/www.pinterest.com\\\/palmatin\\\/\",\"https:\\\/\\\/www.youtube.com\\\/channel\\\/UCS3v-T7tq4sPU5YkEvukfYg\"],\"description\":\"Palmatin wooden houses are expertly crafted, sustainable prefabricated element houses and log homes renowned for their durability, energy efficiency, and elegant Nordic design. Combining traditional building techniques with modern technology, Palmatin delivers customized living spaces that blend seamlessly with nature, ensuring comfort, quality, and eco-friendly living for generations.\",\"legalName\":\"Palmatin O\u00dc\",\"foundingDate\":\"1995-05-12\",\"numberOfEmployees\":{\"@type\":\"QuantitativeValue\",\"minValue\":\"11\",\"maxValue\":\"50\"},\"address\":{\"@id\":\"https:\\\/\\\/www.palmatin.com\\\/it\\\/pannello-in-legno-lamellare-a-strati-incrociati-pannello-clt\\\/#local-main-place-address\"},\"telephone\":[\"(+372) 605 48 95\"],\"openingHoursSpecification\":[{\"@type\":\"OpeningHoursSpecification\",\"dayOfWeek\":[\"Monday\",\"Tuesday\",\"Wednesday\",\"Thursday\",\"Friday\"],\"opens\":\"08:00\",\"closes\":\"17:00\"},{\"@type\":\"OpeningHoursSpecification\",\"dayOfWeek\":[\"Saturday\",\"Sunday\"],\"opens\":\"00:00\",\"closes\":\"00:00\"}],\"email\":\"info@palmatin.com\",\"faxNumber\":\"(+372) 605 48 92\",\"areaServed\":\"world\",\"vatID\":\"EE100240388\",\"priceRange\":\"$$$\",\"currenciesAccepted\":\"Euros\"},{\"@type\":\"PostalAddress\",\"@id\":\"https:\\\/\\\/www.palmatin.com\\\/it\\\/pannello-in-legno-lamellare-a-strati-incrociati-pannello-clt\\\/#local-main-place-address\",\"streetAddress\":\"Tammi tee 40b\",\"addressLocality\":\"Rannamoeisa\",\"postalCode\":\"76906\",\"addressRegion\":\"Harju parish\",\"addressCountry\":\"EE\"},{\"@type\":\"ImageObject\",\"inLanguage\":\"it-IT\",\"@id\":\"https:\\\/\\\/www.palmatin.com\\\/it\\\/pannello-in-legno-lamellare-a-strati-incrociati-pannello-clt\\\/#local-main-organization-logo\",\"url\":\"https:\\\/\\\/www.palmatin.com\\\/wp-content\\\/uploads\\\/2022\\\/11\\\/Logo_wrt.jpg\",\"contentUrl\":\"https:\\\/\\\/www.palmatin.com\\\/wp-content\\\/uploads\\\/2022\\\/11\\\/Logo_wrt.jpg\",\"width\":1458,\"height\":857,\"caption\":\"Palmatin\"}]}<\/script>\n<meta name=\"geo.placename\" content=\"Rannamoeisa\" \/>\n<meta name=\"geo.region\" content=\"Estonia\" \/>\n<!-- \/ Yoast SEO Premium plugin. -->","yoast_head_json":{"title":"Pannello in legno lamellare a strati incrociati: pannello CLT - Palmatin.com","description":"&nbsp; Il pannello in legno lamellare a strati incrociati (CLT) \u00e8 un pannello moderno, ecologico e flessibile. Il pannello in legno lamellare a strati","robots":{"index":"index","follow":"follow","max-snippet":"max-snippet:-1","max-image-preview":"max-image-preview:large","max-video-preview":"max-video-preview:-1"},"canonical":"https:\/\/www.palmatin.com\/it\/pannello-in-legno-lamellare-a-strati-incrociati-pannello-clt\/","og_locale":"it_IT","og_type":"article","og_title":"Pannello in legno lamellare a strati incrociati: pannello CLT","og_description":"&nbsp; Il pannello in legno lamellare a strati incrociati (CLT) \u00e8 un pannello moderno, ecologico e flessibile. Il pannello in legno lamellare a strati","og_url":"https:\/\/www.palmatin.com\/it\/pannello-in-legno-lamellare-a-strati-incrociati-pannello-clt\/","og_site_name":"Palmatin.com","article_publisher":"https:\/\/www.facebook.com\/palmatin.wooden.houses","article_modified_time":"2019-05-09T10:21:52+00:00","og_image":[{"width":1920,"height":300,"url":"https:\/\/www.palmatin.com\/wp-content\/uploads\/2018\/08\/log_houses.jpg","type":"image\/jpeg"}],"twitter_card":"summary_large_image","twitter_site":"@palmatinhouses","twitter_misc":{"Tempo di lettura stimato":"4 minuti"},"schema":{"@context":"https:\/\/schema.org","@graph":[{"@type":"WebPage","@id":"https:\/\/www.palmatin.com\/it\/pannello-in-legno-lamellare-a-strati-incrociati-pannello-clt\/","url":"https:\/\/www.palmatin.com\/it\/pannello-in-legno-lamellare-a-strati-incrociati-pannello-clt\/","name":"Pannello in legno lamellare a strati incrociati: pannello CLT - Palmatin.com","isPartOf":{"@id":"https:\/\/www.palmatin.com\/it\/#website"},"primaryImageOfPage":{"@id":"https:\/\/www.palmatin.com\/it\/pannello-in-legno-lamellare-a-strati-incrociati-pannello-clt\/#primaryimage"},"image":{"@id":"https:\/\/www.palmatin.com\/it\/pannello-in-legno-lamellare-a-strati-incrociati-pannello-clt\/#primaryimage"},"thumbnailUrl":"https:\/\/www.palmatin.com\/wp-content\/uploads\/2018\/08\/log_houses.jpg","datePublished":"2018-10-19T08:12:58+00:00","dateModified":"2019-05-09T10:21:52+00:00","description":"&nbsp; Il pannello in legno lamellare a strati incrociati (CLT) \u00e8 un pannello moderno, ecologico e flessibile. Il pannello in legno lamellare a strati","breadcrumb":{"@id":"https:\/\/www.palmatin.com\/it\/pannello-in-legno-lamellare-a-strati-incrociati-pannello-clt\/#breadcrumb"},"inLanguage":"it-IT","potentialAction":[{"@type":"ReadAction","target":["https:\/\/www.palmatin.com\/it\/pannello-in-legno-lamellare-a-strati-incrociati-pannello-clt\/"]}]},{"@type":"ImageObject","inLanguage":"it-IT","@id":"https:\/\/www.palmatin.com\/it\/pannello-in-legno-lamellare-a-strati-incrociati-pannello-clt\/#primaryimage","url":"https:\/\/www.palmatin.com\/wp-content\/uploads\/2018\/08\/log_houses.jpg","contentUrl":"https:\/\/www.palmatin.com\/wp-content\/uploads\/2018\/08\/log_houses.jpg","width":1920,"height":300,"caption":"Palmatin mod\u00e8le maison en rondins, page contact"},{"@type":"BreadcrumbList","@id":"https:\/\/www.palmatin.com\/it\/pannello-in-legno-lamellare-a-strati-incrociati-pannello-clt\/#breadcrumb","itemListElement":[{"@type":"ListItem","position":1,"name":"Home","item":"https:\/\/www.palmatin.com\/it\/"},{"@type":"ListItem","position":2,"name":"Pannello in legno lamellare a strati incrociati: pannello CLT"}]},{"@type":"WebSite","@id":"https:\/\/www.palmatin.com\/it\/#website","url":"https:\/\/www.palmatin.com\/it\/","name":"Palmatin.com","description":"Custom made wooden houses from project to assembly.","publisher":{"@id":"https:\/\/www.palmatin.com\/it\/#organization"},"inLanguage":"it-IT"},{"@type":["Organization","Place","HomeAndConstructionBusiness"],"@id":"https:\/\/www.palmatin.com\/it\/#organization","name":"Palmatin","alternateName":"Palmatin Wooden Houses","url":"https:\/\/www.palmatin.com\/it\/","logo":{"@id":"https:\/\/www.palmatin.com\/it\/pannello-in-legno-lamellare-a-strati-incrociati-pannello-clt\/#local-main-organization-logo"},"image":{"@id":"https:\/\/www.palmatin.com\/it\/pannello-in-legno-lamellare-a-strati-incrociati-pannello-clt\/#local-main-organization-logo"},"sameAs":["https:\/\/www.facebook.com\/palmatin.wooden.houses","https:\/\/x.com\/palmatinhouses","https:\/\/www.instagram.com\/palmatinwoodenhouses\/","https:\/\/www.linkedin.com\/company\/palmatin-wooden-houses","https:\/\/www.pinterest.com\/palmatin\/","https:\/\/www.youtube.com\/channel\/UCS3v-T7tq4sPU5YkEvukfYg"],"description":"Palmatin wooden houses are expertly crafted, sustainable prefabricated element houses and log homes renowned for their durability, energy efficiency, and elegant Nordic design. Combining traditional building techniques with modern technology, Palmatin delivers customized living spaces that blend seamlessly with nature, ensuring comfort, quality, and eco-friendly living for generations.","legalName":"Palmatin O\u00dc","foundingDate":"1995-05-12","numberOfEmployees":{"@type":"QuantitativeValue","minValue":"11","maxValue":"50"},"address":{"@id":"https:\/\/www.palmatin.com\/it\/pannello-in-legno-lamellare-a-strati-incrociati-pannello-clt\/#local-main-place-address"},"telephone":["(+372) 605 48 95"],"openingHoursSpecification":[{"@type":"OpeningHoursSpecification","dayOfWeek":["Monday","Tuesday","Wednesday","Thursday","Friday"],"opens":"08:00","closes":"17:00"},{"@type":"OpeningHoursSpecification","dayOfWeek":["Saturday","Sunday"],"opens":"00:00","closes":"00:00"}],"email":"info@palmatin.com","faxNumber":"(+372) 605 48 92","areaServed":"world","vatID":"EE100240388","priceRange":"$$$","currenciesAccepted":"Euros"},{"@type":"PostalAddress","@id":"https:\/\/www.palmatin.com\/it\/pannello-in-legno-lamellare-a-strati-incrociati-pannello-clt\/#local-main-place-address","streetAddress":"Tammi tee 40b","addressLocality":"Rannamoeisa","postalCode":"76906","addressRegion":"Harju parish","addressCountry":"EE"},{"@type":"ImageObject","inLanguage":"it-IT","@id":"https:\/\/www.palmatin.com\/it\/pannello-in-legno-lamellare-a-strati-incrociati-pannello-clt\/#local-main-organization-logo","url":"https:\/\/www.palmatin.com\/wp-content\/uploads\/2022\/11\/Logo_wrt.jpg","contentUrl":"https:\/\/www.palmatin.com\/wp-content\/uploads\/2022\/11\/Logo_wrt.jpg","width":1458,"height":857,"caption":"Palmatin"}]},"geo.placename":"Rannamoeisa","geo.region":"Estonia"},"_links":{"self":[{"href":"https:\/\/www.palmatin.com\/it\/wp-json\/wp\/v2\/pages\/9904","targetHints":{"allow":["GET"]}}],"collection":[{"href":"https:\/\/www.palmatin.com\/it\/wp-json\/wp\/v2\/pages"}],"about":[{"href":"https:\/\/www.palmatin.com\/it\/wp-json\/wp\/v2\/types\/page"}],"author":[{"embeddable":true,"href":"https:\/\/www.palmatin.com\/it\/wp-json\/wp\/v2\/users\/2"}],"replies":[{"embeddable":true,"href":"https:\/\/www.palmatin.com\/it\/wp-json\/wp\/v2\/comments?post=9904"}],"version-history":[{"count":0,"href":"https:\/\/www.palmatin.com\/it\/wp-json\/wp\/v2\/pages\/9904\/revisions"}],"wp:featuredmedia":[{"embeddable":true,"href":"https:\/\/www.palmatin.com\/it\/wp-json\/wp\/v2\/media\/1482"}],"wp:attachment":[{"href":"https:\/\/www.palmatin.com\/it\/wp-json\/wp\/v2\/media?parent=9904"}],"curies":[{"name":"wp","href":"https:\/\/api.w.org\/{rel}","templated":true}]}}