{"id":9902,"date":"2018-10-19T08:12:58","date_gmt":"2018-10-19T08:12:58","guid":{"rendered":"https:\/\/www.palmatin.com\/cross-laminated-timber-panel-clt-panel\/"},"modified":"2019-05-07T13:29:06","modified_gmt":"2019-05-07T13:29:06","slug":"panneau-en-bois-stratifie-croise-panneau-clt","status":"publish","type":"page","link":"https:\/\/www.palmatin.com\/fr\/panneau-en-bois-stratifie-croise-panneau-clt\/","title":{"rendered":"Panneau en bois stratifi\u00e9 crois\u00e9 Panneau CLT"},"content":{"rendered":"<h3><\/h3>\n<p>&nbsp;<\/p>\n<p><strong>Le panneau en bois stratifi\u00e9 crois\u00e9 (CLT) est un panneau moderne, \u00e9cologique et flexible.<\/strong><\/p>\n<p>Le panneau en bois stratifi\u00e9 crois\u00e9 est un panneau en bois robuste qui offre une excellente capacit\u00e9 de charge. Il s\u2019adapte parfaitement \u00e0 toutes les exigences de conception en raison de la flexibilit\u00e9 des dimensions du panneau et de ses tr\u00e8s bonnes propri\u00e9t\u00e9s physiques. Le panneau, coll\u00e9 \u00e0 partir de sections stratifi\u00e9es crois\u00e9es qui utilise des mati\u00e8res premi\u00e8res de haute qualit\u00e9 garantit des dimensions absolument pr\u00e9cises de panneaux ainsi que leur pr\u00e9cision et leur rigidit\u00e9.<\/p>\n<p>Les panneaux stratifi\u00e9s crois\u00e9s sont largement utilis\u00e9s : des b\u00e2timents r\u00e9sidentiels aux grands projets d\u2019immeubles d\u2019appartements. De grands panneaux en bois massif peuvent ais\u00e9ment supporter les exigences particuli\u00e8res de la statique.<\/p>\n<p>En raison de sa capacit\u00e9 portante \u00e9lev\u00e9e, le panneau en bois stratifi\u00e9 crois\u00e9 est un excellent choix pour les maisons \u00e0 plusieurs \u00e9tages et les b\u00e2timents administratifs.<\/p>\n<p>L&rsquo;installation rapide et facile des \u00e9l\u00e9ments importants r\u00e9duit le temps n\u00e9cessaire aux travaux de construction.<\/p>\n<p>La flexibilit\u00e9 de la production des panneaux offre un large \u00e9ventail de possibilit\u00e9s aux architectes contemporains et aux passionn\u00e9s de styles de construction traditionnels.<\/p>\n<p><strong>Utilisations:<\/strong><\/p>\n<ul>\n<li>Maisons et immeubles priv\u00e9s<\/li>\n<li>Maisons d&rsquo;habitation \u00e0 plusieurs \u00e9tages<\/li>\n<li>Extensions<\/li>\n<li>D\u00e9veloppement de la ville<\/li>\n<li>H\u00f4pitaux et \u00e9coles<\/li>\n<li>B\u00e2timents commerciaux, bureaux et b\u00e2timents industriels<\/li>\n<li>B\u00e2timents agricoles<\/li>\n<li>Centres de tourisme et de loisirs<\/li>\n<li>Maisons pr\u00e9fabriqu\u00e9es<\/li>\n<\/ul>\n<p><strong>Caract\u00e9ristiques:<\/strong><\/p>\n<ul>\n<li>Construction solide pr\u00e9servant la valeur<\/li>\n<li>Espace suppl\u00e9mentaire gr\u00e2ce \u00e0 l&rsquo;\u00e9paisseur r\u00e9duite de l&rsquo;\u00e9l\u00e9ment<\/li>\n<li>Conception flexible<\/li>\n<li>Excellente forme et pr\u00e9cision en coupe transversale<\/li>\n<li>Propri\u00e9t\u00e9s physiques de premi\u00e8re classe<\/li>\n<li>\u00c9l\u00e9ments pr\u00e9par\u00e9s, installation facile \u00e0 nettoyer et sans poussi\u00e8re<\/li>\n<li>Courte p\u00e9riode d&rsquo;installation gr\u00e2ce \u00e0 l\u2019absence de d\u00e9lai d\u2019attente technologique sur le chantier<\/li>\n<li>Mat\u00e9riau de construction naturel et durable<\/li>\n<li>Retient le CO<sup>2<\/sup><\/li>\n<\/ul>\n<h3>Production de panneaux en bois stratifi\u00e9 crois\u00e9<\/h3>\n<p>Les lamelles jointives et rabot\u00e9es sont plac\u00e9es c\u00f4te \u00e0 c\u00f4te, apr\u00e8s quoi les lamelles sont coll\u00e9es les unes aux autres.<\/p>\n<h4>Qualit\u00e9 des panneaux:<\/h4>\n<p><strong>Qualit\u00e9 industrielle:<\/strong><\/p>\n<p>Dans les structures non visibles, avec toutes les propri\u00e9t\u00e9s structurelles, utilisation dans des structures non visibles (par exemple, sous un panneau de gypse)<\/p>\n<ul>\n<li>Les lamelles sup\u00e9rieures sont tri\u00e9es selon les exigences de construction de roulement du C24 selon EN338. Un maximum de 10% de mat\u00e9riaux C16 est autoris\u00e9.<\/li>\n<li>Les changements de couleur pour les lamelles sont autoris\u00e9s (par exemple lors du pourrissement et bleuissement du bois), ainsi qu\u2019en cas de branches d\u00e9tach\u00e9es, de croissance de racines dans le bois et de joints en r\u00e9sine.<\/li>\n<li>Des ouvertures ferm\u00e9es dans la couche externe, des traces adh\u00e9sives et des marques de presse peuvent appara\u00eetre \u00e0 l&rsquo;ext\u00e9rieur.<\/li>\n<li>Surface rabot\u00e9e<\/li>\n<\/ul>\n<p><strong>Qualit\u00e9 standard:<\/strong><\/p>\n<p>Pr\u00e9requis suppl\u00e9mentaires pour les exigences visuelles<\/p>\n<ul>\n<li>Crit\u00e8res plus stricts pour les exigences visuelles des couches ext\u00e9rieures, contrairement \u00e0 un bois simplement tri\u00e9 pour sa duret\u00e9. Les lamelles ext\u00e9rieures sont s\u00e9lectionn\u00e9es \u00e0 partir de branches enti\u00e8res.<\/li>\n<li>De simples branches d\u00e9tach\u00e9es sont possibles, des d\u00e9fauts et des petites glandes r\u00e9sineuses sont autoris\u00e9es<\/li>\n<li>Surface rabot\u00e9e et surface de sol<\/li>\n<\/ul>\n<p><strong>Qualit\u00e9 de l&rsquo;espace de vie <\/strong><\/p>\n<p>Exigences \u00e9lev\u00e9es pour les parties visibles de l&rsquo;\u00e9l\u00e9ment. Le crit\u00e8re d&rsquo;\u00e9valuation optique le plus \u00e9lev\u00e9 pour le bois d&rsquo;\u0153uvre est utilis\u00e9 ici. L&rsquo;\u00e9paisseur des lamelles est de maximum 20 mm et elles sont trait\u00e9es avec un collage et un pr\u00e9-s\u00e9chage assurant une ouverture minimale des joints. Les lamelles sont toutes pr\u00e9-coll\u00e9es et emp\u00eachent les fissures de s\u00e9cher sur le c\u00f4t\u00e9 plat.<\/p>\n<p>Pour information:<\/p>\n<p>Le bois est un mat\u00e9riau naturel. Il peut y avoir quelques variations dans la qualit\u00e9 de la surface, m\u00eame avec la s\u00e9lection la plus minutieuse des mati\u00e8res premi\u00e8res. L&rsquo;aspect d&rsquo;un panneau stratifi\u00e9 crois\u00e9 est d\u00e9termin\u00e9 par sa couche sup\u00e9rieure.<\/p>\n<h3>Chargement et transport<\/h3>\n<p>Afin de garantir une rapidit\u00e9 de construction optimale des panneaux stratifi\u00e9s crois\u00e9s, il convient de la planifier lors de la commande des mati\u00e8res premi\u00e8res. Selon ce plan, il est possible de planifier toute la production de mani\u00e8re \u00e0 ce que les panneaux puissent \u00eatre envoy\u00e9s imm\u00e9diatement sur le site pour y \u00eatre install\u00e9s. Une solution appropri\u00e9e doit \u00eatre trouv\u00e9e entre les souhaits du client et les possibilit\u00e9s de chargement. Pour avoir toujours des informations ad\u00e9quates sur les lots charg\u00e9s, nous vous en informons toujours plusieurs jours avant le chargement. Nous vous ferons \u00e9galement savoir quels panneaux sont charg\u00e9s pour \u00e9viter les retards d&rsquo;installation ou l&rsquo;attente d&rsquo;appareils de levage.<\/p>\n<p><strong>Le transport est possible:<\/strong><br \/>\nPanneaux \u00e0 l\u2019horizontale sur le plancher du camion<br \/>\nLes panneaux d\u2019un chargement sont en position verticale<\/p>\n<p><strong>Panneaux de levage:<\/strong><br \/>\nLes panneaux stratifi\u00e9s crois\u00e9s sont fournis avec un support d&rsquo;installation. Cela signifie que les panneaux ont des \u00e9lingues ou des points de levage sp\u00e9ciaux pour les soulever en usine et sur le chantier.<\/p>\n","protected":false},"excerpt":{"rendered":"<p>&nbsp; Le panneau en bois stratifi\u00e9 crois\u00e9 (CLT) est un panneau moderne, \u00e9cologique et flexible. Le panneau en bois stratifi\u00e9 crois\u00e9 est un panneau en bois robuste qui offre une excellente capacit\u00e9 de charge. Il s\u2019adapte parfaitement \u00e0 toutes les exigences de conception en raison de la flexibilit\u00e9 des dimensions du panneau et de ses &hellip; <a href=\"https:\/\/www.palmatin.com\/fr\/panneau-en-bois-stratifie-croise-panneau-clt\/\">A continu\u00e9<\/a><\/p>\n","protected":false},"author":2,"featured_media":1477,"parent":0,"menu_order":0,"comment_status":"closed","ping_status":"closed","template":"views\/template-page.blade.php","meta":{"_acf_changed":false,"footnotes":""},"class_list":["post-9902","page","type-page","status-publish","has-post-thumbnail","hentry"],"acf":[],"yoast_head":"<!-- This site is optimized with the Yoast SEO Premium plugin v27.3 (Yoast SEO v27.5) - https:\/\/yoast.com\/product\/yoast-seo-premium-wordpress\/ -->\n<title>Panneau en bois stratifi\u00e9 crois\u00e9 Panneau CLT - Palmatin.com<\/title>\n<meta name=\"description\" content=\"&nbsp; Le panneau en bois stratifi\u00e9 crois\u00e9 (CLT) est un panneau moderne, \u00e9cologique et flexible. Le panneau en bois stratifi\u00e9 crois\u00e9 est un panneau en\" \/>\n<meta name=\"robots\" content=\"index, follow, max-snippet:-1, max-image-preview:large, max-video-preview:-1\" \/>\n<link rel=\"canonical\" href=\"https:\/\/www.palmatin.com\/fr\/panneau-en-bois-stratifie-croise-panneau-clt\/\" \/>\n<meta property=\"og:locale\" content=\"fr_FR\" \/>\n<meta property=\"og:type\" content=\"article\" \/>\n<meta property=\"og:title\" content=\"Panneau en bois stratifi\u00e9 crois\u00e9 Panneau CLT\" \/>\n<meta property=\"og:description\" content=\"&nbsp; Le panneau en bois stratifi\u00e9 crois\u00e9 (CLT) est un panneau moderne, \u00e9cologique et flexible. Le panneau en bois stratifi\u00e9 crois\u00e9 est un panneau en\" \/>\n<meta property=\"og:url\" content=\"https:\/\/www.palmatin.com\/fr\/panneau-en-bois-stratifie-croise-panneau-clt\/\" \/>\n<meta property=\"og:site_name\" content=\"Palmatin.com\" \/>\n<meta property=\"article:publisher\" content=\"https:\/\/www.facebook.com\/palmatin.wooden.houses\" \/>\n<meta property=\"article:modified_time\" content=\"2019-05-07T13:29:06+00:00\" \/>\n<meta property=\"og:image\" content=\"https:\/\/www.palmatin.com\/wp-content\/uploads\/2018\/08\/log_houses.jpg\" \/>\n\t<meta property=\"og:image:width\" content=\"1920\" \/>\n\t<meta property=\"og:image:height\" content=\"300\" \/>\n\t<meta property=\"og:image:type\" content=\"image\/jpeg\" \/>\n<meta name=\"twitter:card\" content=\"summary_large_image\" \/>\n<meta name=\"twitter:site\" content=\"@palmatinhouses\" \/>\n<meta name=\"twitter:label1\" content=\"Dur\u00e9e de lecture estim\u00e9e\" \/>\n\t<meta name=\"twitter:data1\" content=\"4 minutes\" \/>\n<script type=\"application\/ld+json\" class=\"yoast-schema-graph\">{\"@context\":\"https:\\\/\\\/schema.org\",\"@graph\":[{\"@type\":\"WebPage\",\"@id\":\"https:\\\/\\\/www.palmatin.com\\\/fr\\\/panneau-en-bois-stratifie-croise-panneau-clt\\\/\",\"url\":\"https:\\\/\\\/www.palmatin.com\\\/fr\\\/panneau-en-bois-stratifie-croise-panneau-clt\\\/\",\"name\":\"Panneau en bois stratifi\u00e9 crois\u00e9 Panneau CLT - Palmatin.com\",\"isPartOf\":{\"@id\":\"https:\\\/\\\/www.palmatin.com\\\/fr\\\/#website\"},\"primaryImageOfPage\":{\"@id\":\"https:\\\/\\\/www.palmatin.com\\\/fr\\\/panneau-en-bois-stratifie-croise-panneau-clt\\\/#primaryimage\"},\"image\":{\"@id\":\"https:\\\/\\\/www.palmatin.com\\\/fr\\\/panneau-en-bois-stratifie-croise-panneau-clt\\\/#primaryimage\"},\"thumbnailUrl\":\"https:\\\/\\\/www.palmatin.com\\\/wp-content\\\/uploads\\\/2018\\\/08\\\/log_houses.jpg\",\"datePublished\":\"2018-10-19T08:12:58+00:00\",\"dateModified\":\"2019-05-07T13:29:06+00:00\",\"description\":\"&nbsp; Le panneau en bois stratifi\u00e9 crois\u00e9 (CLT) est un panneau moderne, \u00e9cologique et flexible. Le panneau en bois stratifi\u00e9 crois\u00e9 est un panneau en\",\"breadcrumb\":{\"@id\":\"https:\\\/\\\/www.palmatin.com\\\/fr\\\/panneau-en-bois-stratifie-croise-panneau-clt\\\/#breadcrumb\"},\"inLanguage\":\"fr-FR\",\"potentialAction\":[{\"@type\":\"ReadAction\",\"target\":[\"https:\\\/\\\/www.palmatin.com\\\/fr\\\/panneau-en-bois-stratifie-croise-panneau-clt\\\/\"]}]},{\"@type\":\"ImageObject\",\"inLanguage\":\"fr-FR\",\"@id\":\"https:\\\/\\\/www.palmatin.com\\\/fr\\\/panneau-en-bois-stratifie-croise-panneau-clt\\\/#primaryimage\",\"url\":\"https:\\\/\\\/www.palmatin.com\\\/wp-content\\\/uploads\\\/2018\\\/08\\\/log_houses.jpg\",\"contentUrl\":\"https:\\\/\\\/www.palmatin.com\\\/wp-content\\\/uploads\\\/2018\\\/08\\\/log_houses.jpg\",\"width\":1920,\"height\":300,\"caption\":\"Palmatin mod\u00e8le maison en rondins\"},{\"@type\":\"BreadcrumbList\",\"@id\":\"https:\\\/\\\/www.palmatin.com\\\/fr\\\/panneau-en-bois-stratifie-croise-panneau-clt\\\/#breadcrumb\",\"itemListElement\":[{\"@type\":\"ListItem\",\"position\":1,\"name\":\"Home\",\"item\":\"https:\\\/\\\/www.palmatin.com\\\/fr\\\/\"},{\"@type\":\"ListItem\",\"position\":2,\"name\":\"Panneau en bois stratifi\u00e9 crois\u00e9 Panneau CLT\"}]},{\"@type\":\"WebSite\",\"@id\":\"https:\\\/\\\/www.palmatin.com\\\/fr\\\/#website\",\"url\":\"https:\\\/\\\/www.palmatin.com\\\/fr\\\/\",\"name\":\"Palmatin.com\",\"description\":\"Custom made wooden houses from project to assembly.\",\"publisher\":{\"@id\":\"https:\\\/\\\/www.palmatin.com\\\/fr\\\/#organization\"},\"inLanguage\":\"fr-FR\"},{\"@type\":[\"Organization\",\"Place\",\"HomeAndConstructionBusiness\"],\"@id\":\"https:\\\/\\\/www.palmatin.com\\\/fr\\\/#organization\",\"name\":\"Palmatin\",\"alternateName\":\"Palmatin Wooden Houses\",\"url\":\"https:\\\/\\\/www.palmatin.com\\\/fr\\\/\",\"logo\":{\"@id\":\"https:\\\/\\\/www.palmatin.com\\\/fr\\\/panneau-en-bois-stratifie-croise-panneau-clt\\\/#local-main-organization-logo\"},\"image\":{\"@id\":\"https:\\\/\\\/www.palmatin.com\\\/fr\\\/panneau-en-bois-stratifie-croise-panneau-clt\\\/#local-main-organization-logo\"},\"sameAs\":[\"https:\\\/\\\/www.facebook.com\\\/palmatin.wooden.houses\",\"https:\\\/\\\/x.com\\\/palmatinhouses\",\"https:\\\/\\\/www.instagram.com\\\/palmatinwoodenhouses\\\/\",\"https:\\\/\\\/www.linkedin.com\\\/company\\\/palmatin-wooden-houses\",\"https:\\\/\\\/www.pinterest.com\\\/palmatin\\\/\",\"https:\\\/\\\/www.youtube.com\\\/channel\\\/UCS3v-T7tq4sPU5YkEvukfYg\"],\"description\":\"Palmatin wooden houses are expertly crafted, sustainable prefabricated element houses and log homes renowned for their durability, energy efficiency, and elegant Nordic design. Combining traditional building techniques with modern technology, Palmatin delivers customized living spaces that blend seamlessly with nature, ensuring comfort, quality, and eco-friendly living for generations.\",\"legalName\":\"Palmatin O\u00dc\",\"foundingDate\":\"1995-05-12\",\"numberOfEmployees\":{\"@type\":\"QuantitativeValue\",\"minValue\":\"11\",\"maxValue\":\"50\"},\"address\":{\"@id\":\"https:\\\/\\\/www.palmatin.com\\\/fr\\\/panneau-en-bois-stratifie-croise-panneau-clt\\\/#local-main-place-address\"},\"telephone\":[\"(+372) 605 48 95\"],\"openingHoursSpecification\":[{\"@type\":\"OpeningHoursSpecification\",\"dayOfWeek\":[\"Monday\",\"Tuesday\",\"Wednesday\",\"Thursday\",\"Friday\"],\"opens\":\"08:00\",\"closes\":\"17:00\"},{\"@type\":\"OpeningHoursSpecification\",\"dayOfWeek\":[\"Saturday\",\"Sunday\"],\"opens\":\"00:00\",\"closes\":\"00:00\"}],\"email\":\"info@palmatin.com\",\"faxNumber\":\"(+372) 605 48 92\",\"areaServed\":\"world\",\"vatID\":\"EE100240388\",\"priceRange\":\"$$$\",\"currenciesAccepted\":\"Euros\"},{\"@type\":\"PostalAddress\",\"@id\":\"https:\\\/\\\/www.palmatin.com\\\/fr\\\/panneau-en-bois-stratifie-croise-panneau-clt\\\/#local-main-place-address\",\"streetAddress\":\"Tammi tee 40b\",\"addressLocality\":\"Rannamoeisa\",\"postalCode\":\"76906\",\"addressRegion\":\"Harju parish\",\"addressCountry\":\"EE\"},{\"@type\":\"ImageObject\",\"inLanguage\":\"fr-FR\",\"@id\":\"https:\\\/\\\/www.palmatin.com\\\/fr\\\/panneau-en-bois-stratifie-croise-panneau-clt\\\/#local-main-organization-logo\",\"url\":\"https:\\\/\\\/www.palmatin.com\\\/wp-content\\\/uploads\\\/2022\\\/11\\\/Logo_wrt.jpg\",\"contentUrl\":\"https:\\\/\\\/www.palmatin.com\\\/wp-content\\\/uploads\\\/2022\\\/11\\\/Logo_wrt.jpg\",\"width\":1458,\"height\":857,\"caption\":\"Palmatin\"}]}<\/script>\n<meta name=\"geo.placename\" content=\"Rannamoeisa\" \/>\n<meta name=\"geo.region\" content=\"Estonie\" \/>\n<!-- \/ Yoast SEO Premium plugin. -->","yoast_head_json":{"title":"Panneau en bois stratifi\u00e9 crois\u00e9 Panneau CLT - Palmatin.com","description":"&nbsp; Le panneau en bois stratifi\u00e9 crois\u00e9 (CLT) est un panneau moderne, \u00e9cologique et flexible. Le panneau en bois stratifi\u00e9 crois\u00e9 est un panneau en","robots":{"index":"index","follow":"follow","max-snippet":"max-snippet:-1","max-image-preview":"max-image-preview:large","max-video-preview":"max-video-preview:-1"},"canonical":"https:\/\/www.palmatin.com\/fr\/panneau-en-bois-stratifie-croise-panneau-clt\/","og_locale":"fr_FR","og_type":"article","og_title":"Panneau en bois stratifi\u00e9 crois\u00e9 Panneau CLT","og_description":"&nbsp; Le panneau en bois stratifi\u00e9 crois\u00e9 (CLT) est un panneau moderne, \u00e9cologique et flexible. Le panneau en bois stratifi\u00e9 crois\u00e9 est un panneau en","og_url":"https:\/\/www.palmatin.com\/fr\/panneau-en-bois-stratifie-croise-panneau-clt\/","og_site_name":"Palmatin.com","article_publisher":"https:\/\/www.facebook.com\/palmatin.wooden.houses","article_modified_time":"2019-05-07T13:29:06+00:00","og_image":[{"width":1920,"height":300,"url":"https:\/\/www.palmatin.com\/wp-content\/uploads\/2018\/08\/log_houses.jpg","type":"image\/jpeg"}],"twitter_card":"summary_large_image","twitter_site":"@palmatinhouses","twitter_misc":{"Dur\u00e9e de lecture estim\u00e9e":"4 minutes"},"schema":{"@context":"https:\/\/schema.org","@graph":[{"@type":"WebPage","@id":"https:\/\/www.palmatin.com\/fr\/panneau-en-bois-stratifie-croise-panneau-clt\/","url":"https:\/\/www.palmatin.com\/fr\/panneau-en-bois-stratifie-croise-panneau-clt\/","name":"Panneau en bois stratifi\u00e9 crois\u00e9 Panneau CLT - Palmatin.com","isPartOf":{"@id":"https:\/\/www.palmatin.com\/fr\/#website"},"primaryImageOfPage":{"@id":"https:\/\/www.palmatin.com\/fr\/panneau-en-bois-stratifie-croise-panneau-clt\/#primaryimage"},"image":{"@id":"https:\/\/www.palmatin.com\/fr\/panneau-en-bois-stratifie-croise-panneau-clt\/#primaryimage"},"thumbnailUrl":"https:\/\/www.palmatin.com\/wp-content\/uploads\/2018\/08\/log_houses.jpg","datePublished":"2018-10-19T08:12:58+00:00","dateModified":"2019-05-07T13:29:06+00:00","description":"&nbsp; Le panneau en bois stratifi\u00e9 crois\u00e9 (CLT) est un panneau moderne, \u00e9cologique et flexible. Le panneau en bois stratifi\u00e9 crois\u00e9 est un panneau en","breadcrumb":{"@id":"https:\/\/www.palmatin.com\/fr\/panneau-en-bois-stratifie-croise-panneau-clt\/#breadcrumb"},"inLanguage":"fr-FR","potentialAction":[{"@type":"ReadAction","target":["https:\/\/www.palmatin.com\/fr\/panneau-en-bois-stratifie-croise-panneau-clt\/"]}]},{"@type":"ImageObject","inLanguage":"fr-FR","@id":"https:\/\/www.palmatin.com\/fr\/panneau-en-bois-stratifie-croise-panneau-clt\/#primaryimage","url":"https:\/\/www.palmatin.com\/wp-content\/uploads\/2018\/08\/log_houses.jpg","contentUrl":"https:\/\/www.palmatin.com\/wp-content\/uploads\/2018\/08\/log_houses.jpg","width":1920,"height":300,"caption":"Palmatin mod\u00e8le maison en rondins"},{"@type":"BreadcrumbList","@id":"https:\/\/www.palmatin.com\/fr\/panneau-en-bois-stratifie-croise-panneau-clt\/#breadcrumb","itemListElement":[{"@type":"ListItem","position":1,"name":"Home","item":"https:\/\/www.palmatin.com\/fr\/"},{"@type":"ListItem","position":2,"name":"Panneau en bois stratifi\u00e9 crois\u00e9 Panneau CLT"}]},{"@type":"WebSite","@id":"https:\/\/www.palmatin.com\/fr\/#website","url":"https:\/\/www.palmatin.com\/fr\/","name":"Palmatin.com","description":"Custom made wooden houses from project to assembly.","publisher":{"@id":"https:\/\/www.palmatin.com\/fr\/#organization"},"inLanguage":"fr-FR"},{"@type":["Organization","Place","HomeAndConstructionBusiness"],"@id":"https:\/\/www.palmatin.com\/fr\/#organization","name":"Palmatin","alternateName":"Palmatin Wooden Houses","url":"https:\/\/www.palmatin.com\/fr\/","logo":{"@id":"https:\/\/www.palmatin.com\/fr\/panneau-en-bois-stratifie-croise-panneau-clt\/#local-main-organization-logo"},"image":{"@id":"https:\/\/www.palmatin.com\/fr\/panneau-en-bois-stratifie-croise-panneau-clt\/#local-main-organization-logo"},"sameAs":["https:\/\/www.facebook.com\/palmatin.wooden.houses","https:\/\/x.com\/palmatinhouses","https:\/\/www.instagram.com\/palmatinwoodenhouses\/","https:\/\/www.linkedin.com\/company\/palmatin-wooden-houses","https:\/\/www.pinterest.com\/palmatin\/","https:\/\/www.youtube.com\/channel\/UCS3v-T7tq4sPU5YkEvukfYg"],"description":"Palmatin wooden houses are expertly crafted, sustainable prefabricated element houses and log homes renowned for their durability, energy efficiency, and elegant Nordic design. Combining traditional building techniques with modern technology, Palmatin delivers customized living spaces that blend seamlessly with nature, ensuring comfort, quality, and eco-friendly living for generations.","legalName":"Palmatin O\u00dc","foundingDate":"1995-05-12","numberOfEmployees":{"@type":"QuantitativeValue","minValue":"11","maxValue":"50"},"address":{"@id":"https:\/\/www.palmatin.com\/fr\/panneau-en-bois-stratifie-croise-panneau-clt\/#local-main-place-address"},"telephone":["(+372) 605 48 95"],"openingHoursSpecification":[{"@type":"OpeningHoursSpecification","dayOfWeek":["Monday","Tuesday","Wednesday","Thursday","Friday"],"opens":"08:00","closes":"17:00"},{"@type":"OpeningHoursSpecification","dayOfWeek":["Saturday","Sunday"],"opens":"00:00","closes":"00:00"}],"email":"info@palmatin.com","faxNumber":"(+372) 605 48 92","areaServed":"world","vatID":"EE100240388","priceRange":"$$$","currenciesAccepted":"Euros"},{"@type":"PostalAddress","@id":"https:\/\/www.palmatin.com\/fr\/panneau-en-bois-stratifie-croise-panneau-clt\/#local-main-place-address","streetAddress":"Tammi tee 40b","addressLocality":"Rannamoeisa","postalCode":"76906","addressRegion":"Harju parish","addressCountry":"EE"},{"@type":"ImageObject","inLanguage":"fr-FR","@id":"https:\/\/www.palmatin.com\/fr\/panneau-en-bois-stratifie-croise-panneau-clt\/#local-main-organization-logo","url":"https:\/\/www.palmatin.com\/wp-content\/uploads\/2022\/11\/Logo_wrt.jpg","contentUrl":"https:\/\/www.palmatin.com\/wp-content\/uploads\/2022\/11\/Logo_wrt.jpg","width":1458,"height":857,"caption":"Palmatin"}]},"geo.placename":"Rannamoeisa","geo.region":"Estonie"},"_links":{"self":[{"href":"https:\/\/www.palmatin.com\/fr\/wp-json\/wp\/v2\/pages\/9902","targetHints":{"allow":["GET"]}}],"collection":[{"href":"https:\/\/www.palmatin.com\/fr\/wp-json\/wp\/v2\/pages"}],"about":[{"href":"https:\/\/www.palmatin.com\/fr\/wp-json\/wp\/v2\/types\/page"}],"author":[{"embeddable":true,"href":"https:\/\/www.palmatin.com\/fr\/wp-json\/wp\/v2\/users\/2"}],"replies":[{"embeddable":true,"href":"https:\/\/www.palmatin.com\/fr\/wp-json\/wp\/v2\/comments?post=9902"}],"version-history":[{"count":0,"href":"https:\/\/www.palmatin.com\/fr\/wp-json\/wp\/v2\/pages\/9902\/revisions"}],"wp:featuredmedia":[{"embeddable":true,"href":"https:\/\/www.palmatin.com\/fr\/wp-json\/wp\/v2\/media\/1477"}],"wp:attachment":[{"href":"https:\/\/www.palmatin.com\/fr\/wp-json\/wp\/v2\/media?parent=9902"}],"curies":[{"name":"wp","href":"https:\/\/api.w.org\/{rel}","templated":true}]}}