{"id":9867,"date":"2018-08-02T10:25:55","date_gmt":"2018-08-02T10:25:55","guid":{"rendered":"https:\/\/www.palmatin.com\/houses\/"},"modified":"2020-07-23T11:51:44","modified_gmt":"2020-07-23T11:51:44","slug":"modeles-de-maisons","status":"publish","type":"page","link":"https:\/\/www.palmatin.com\/fr\/modeles-de-maisons\/","title":{"rendered":"Mod\u00e8les de maisons"},"content":{"rendered":"<p style=\"text-align: center;\"><strong>Maisons en rondins et madriers, maisons \u00e0 ossature bois ou maisons pr\u00e9fabriqu\u00e9es, f<\/strong><strong>aite votre choix.<\/strong><\/p>\n<p>&nbsp;<\/p>\n<p style=\"text-align: center;\">Palmatin est une entreprise active qui con\u00e7oit et construit des maisons en bois depuis 1995. Notre exp\u00e9rience nous permet de r\u00e9aliser tous types de constructions et de maisons \u00e0 ossature bois, rondins de bois et pr\u00e9fabriqu\u00e9es et de fournir des solutions et conseils adapt\u00e9s.<\/p>\n<p>En accord avec nos valeurs, nous avons d\u00e9velopp\u00e9 diff\u00e9rentes cat\u00e9gories de maisons durables et \u00e0 faible consommation d\u2019\u00e9nergie. Elles diff\u00e8rent par leur technologie de fabrication. Nos mod\u00e8les de maisons se veulent uniques et fonctionnels.<\/p>\n<p>Nous proposons un large choix de plus de 85 mod\u00e8les de maisons \u00e0 ossature bois, maisons en rondins et madriers, maisons pr\u00e9fabriqu\u00e9es et autres constructions en bois. Tous les mod\u00e8les peuvent \u00eatre transform\u00e9s, modifi\u00e9s et personnalis\u00e9s selon vos id\u00e9es, vos souhaits et vos besoins.<\/p>\n<p>Vous poss\u00e9dez d\u00e9j\u00e0 une id\u00e9e pr\u00e9cise de la maison de vos r\u00eaves ?\u00a0 Envoyez-nous votre projet et vos plans.<\/p>\n<p>Nos experts, multilingues, vous accueillent en anglais, estonien, finnois, fran\u00e7ais, allemand, italien ou russe. Professionnels, ils prendront en consid\u00e9ration vos demandes avec la plus grande attention. Nos \u00e9quipes vous apporteront assistance et conseils tout au long du projet!<\/p>\n<p>&nbsp;<\/p>\n<p><a href=\"https:\/\/www.palmatin.com\/fr\/toutes-les-maisons\/\">Voir tous les mod\u00e8les.<\/a><\/p>\n<p>&nbsp;<\/p>\n<p style=\"text-align: left;\"><i>D\u00e9couvrez<\/i><em>\u00a0les mod\u00e8les dans la <a href=\"https:\/\/www.palmatin.com\/fr\/galerie\/\">galerie photos!<\/a><\/em><\/p>\n<p>&nbsp;<\/p>\n","protected":false},"excerpt":{"rendered":"<p>Maisons en rondins et madriers, maisons \u00e0 ossature bois ou maisons pr\u00e9fabriqu\u00e9es, faite votre choix. &nbsp; Palmatin est une entreprise active qui con\u00e7oit et construit des maisons en bois depuis 1995. Notre exp\u00e9rience nous permet de r\u00e9aliser tous types de constructions et de maisons \u00e0 ossature bois, rondins de bois et pr\u00e9fabriqu\u00e9es et de fournir &hellip; <a href=\"https:\/\/www.palmatin.com\/fr\/modeles-de-maisons\/\">A continu\u00e9<\/a><\/p>\n","protected":false},"author":1,"featured_media":1477,"parent":0,"menu_order":0,"comment_status":"closed","ping_status":"closed","template":"views\/template-houses.blade.php","meta":{"_acf_changed":false,"footnotes":""},"class_list":["post-9867","page","type-page","status-publish","has-post-thumbnail","hentry"],"acf":[],"yoast_head":"<!-- This site is optimized with the Yoast SEO Premium plugin v27.3 (Yoast SEO v27.4) - https:\/\/yoast.com\/product\/yoast-seo-premium-wordpress\/ -->\n<title>Mod\u00e8les de maisons ossature en bois, rondins et pr\u00e9fabriqu\u00e9es - Palmatin<\/title>\n<meta name=\"description\" content=\"Maisons en bois, maisons ossature bois, maisons bois en rondins et madriers, massifs et contrecoll\u00e9s, maisons pr\u00e9fabriqu\u00e9es. D\u00e9couvrez les mod\u00e8les Palmatin.\" \/>\n<meta name=\"robots\" content=\"index, follow, max-snippet:-1, max-image-preview:large, max-video-preview:-1\" \/>\n<link rel=\"canonical\" href=\"https:\/\/www.palmatin.com\/fr\/modeles-de-maisons\/\" \/>\n<meta property=\"og:locale\" content=\"fr_FR\" \/>\n<meta property=\"og:type\" content=\"article\" \/>\n<meta property=\"og:title\" content=\"Mod\u00e8les de maisons\" \/>\n<meta property=\"og:description\" content=\"Maisons en rondins et madriers, maisons \u00e0 ossature bois ou maisons pr\u00e9fabriqu\u00e9es, faite votre choix. &nbsp; Palmatin est une entreprise active qui con\u00e7oit\" \/>\n<meta property=\"og:url\" content=\"https:\/\/www.palmatin.com\/fr\/modeles-de-maisons\/\" \/>\n<meta property=\"og:site_name\" content=\"Palmatin.com\" \/>\n<meta property=\"article:publisher\" content=\"https:\/\/www.facebook.com\/palmatin.wooden.houses\" \/>\n<meta property=\"article:modified_time\" content=\"2020-07-23T11:51:44+00:00\" \/>\n<meta property=\"og:image\" content=\"https:\/\/www.palmatin.com\/wp-content\/uploads\/2018\/08\/log_houses.jpg\" \/>\n\t<meta property=\"og:image:width\" content=\"1920\" \/>\n\t<meta property=\"og:image:height\" content=\"300\" \/>\n\t<meta property=\"og:image:type\" content=\"image\/jpeg\" \/>\n<meta name=\"twitter:card\" content=\"summary_large_image\" \/>\n<meta name=\"twitter:site\" content=\"@palmatinhouses\" \/>\n<meta name=\"twitter:label1\" content=\"Dur\u00e9e de lecture estim\u00e9e\" \/>\n\t<meta name=\"twitter:data1\" content=\"1 minute\" \/>\n<script type=\"application\/ld+json\" class=\"yoast-schema-graph\">{\"@context\":\"https:\\\/\\\/schema.org\",\"@graph\":[{\"@type\":\"WebPage\",\"@id\":\"https:\\\/\\\/www.palmatin.com\\\/fr\\\/modeles-de-maisons\\\/\",\"url\":\"https:\\\/\\\/www.palmatin.com\\\/fr\\\/modeles-de-maisons\\\/\",\"name\":\"Mod\u00e8les de maisons ossature en bois, rondins et pr\u00e9fabriqu\u00e9es - Palmatin\",\"isPartOf\":{\"@id\":\"https:\\\/\\\/www.palmatin.com\\\/fr\\\/#website\"},\"primaryImageOfPage\":{\"@id\":\"https:\\\/\\\/www.palmatin.com\\\/fr\\\/modeles-de-maisons\\\/#primaryimage\"},\"image\":{\"@id\":\"https:\\\/\\\/www.palmatin.com\\\/fr\\\/modeles-de-maisons\\\/#primaryimage\"},\"thumbnailUrl\":\"https:\\\/\\\/www.palmatin.com\\\/wp-content\\\/uploads\\\/2018\\\/08\\\/log_houses.jpg\",\"datePublished\":\"2018-08-02T10:25:55+00:00\",\"dateModified\":\"2020-07-23T11:51:44+00:00\",\"description\":\"Maisons en bois, maisons ossature bois, maisons bois en rondins et madriers, massifs et contrecoll\u00e9s, maisons pr\u00e9fabriqu\u00e9es. D\u00e9couvrez les mod\u00e8les Palmatin.\",\"breadcrumb\":{\"@id\":\"https:\\\/\\\/www.palmatin.com\\\/fr\\\/modeles-de-maisons\\\/#breadcrumb\"},\"inLanguage\":\"fr-FR\",\"potentialAction\":[{\"@type\":\"ReadAction\",\"target\":[\"https:\\\/\\\/www.palmatin.com\\\/fr\\\/modeles-de-maisons\\\/\"]}]},{\"@type\":\"ImageObject\",\"inLanguage\":\"fr-FR\",\"@id\":\"https:\\\/\\\/www.palmatin.com\\\/fr\\\/modeles-de-maisons\\\/#primaryimage\",\"url\":\"https:\\\/\\\/www.palmatin.com\\\/wp-content\\\/uploads\\\/2018\\\/08\\\/log_houses.jpg\",\"contentUrl\":\"https:\\\/\\\/www.palmatin.com\\\/wp-content\\\/uploads\\\/2018\\\/08\\\/log_houses.jpg\",\"width\":1920,\"height\":300,\"caption\":\"Palmatin mod\u00e8le maison en rondins\"},{\"@type\":\"BreadcrumbList\",\"@id\":\"https:\\\/\\\/www.palmatin.com\\\/fr\\\/modeles-de-maisons\\\/#breadcrumb\",\"itemListElement\":[{\"@type\":\"ListItem\",\"position\":1,\"name\":\"Home\",\"item\":\"https:\\\/\\\/www.palmatin.com\\\/fr\\\/\"},{\"@type\":\"ListItem\",\"position\":2,\"name\":\"Mod\u00e8les de maisons\"}]},{\"@type\":\"WebSite\",\"@id\":\"https:\\\/\\\/www.palmatin.com\\\/fr\\\/#website\",\"url\":\"https:\\\/\\\/www.palmatin.com\\\/fr\\\/\",\"name\":\"Palmatin.com\",\"description\":\"Custom made wooden houses from project to assembly.\",\"publisher\":{\"@id\":\"https:\\\/\\\/www.palmatin.com\\\/fr\\\/#organization\"},\"inLanguage\":\"fr-FR\"},{\"@type\":[\"Organization\",\"Place\",\"HomeAndConstructionBusiness\"],\"@id\":\"https:\\\/\\\/www.palmatin.com\\\/fr\\\/#organization\",\"name\":\"Palmatin\",\"alternateName\":\"Palmatin Wooden Houses\",\"url\":\"https:\\\/\\\/www.palmatin.com\\\/fr\\\/\",\"logo\":{\"@id\":\"https:\\\/\\\/www.palmatin.com\\\/fr\\\/modeles-de-maisons\\\/#local-main-organization-logo\"},\"image\":{\"@id\":\"https:\\\/\\\/www.palmatin.com\\\/fr\\\/modeles-de-maisons\\\/#local-main-organization-logo\"},\"sameAs\":[\"https:\\\/\\\/www.facebook.com\\\/palmatin.wooden.houses\",\"https:\\\/\\\/x.com\\\/palmatinhouses\",\"https:\\\/\\\/www.instagram.com\\\/palmatinwoodenhouses\\\/\",\"https:\\\/\\\/www.linkedin.com\\\/company\\\/palmatin-wooden-houses\",\"https:\\\/\\\/www.pinterest.com\\\/palmatin\\\/\",\"https:\\\/\\\/www.youtube.com\\\/channel\\\/UCS3v-T7tq4sPU5YkEvukfYg\"],\"description\":\"Palmatin wooden houses are expertly crafted, sustainable prefabricated element houses and log homes renowned for their durability, energy efficiency, and elegant Nordic design. Combining traditional building techniques with modern technology, Palmatin delivers customized living spaces that blend seamlessly with nature, ensuring comfort, quality, and eco-friendly living for generations.\",\"legalName\":\"Palmatin O\u00dc\",\"foundingDate\":\"1995-05-12\",\"numberOfEmployees\":{\"@type\":\"QuantitativeValue\",\"minValue\":\"11\",\"maxValue\":\"50\"},\"address\":{\"@id\":\"https:\\\/\\\/www.palmatin.com\\\/fr\\\/modeles-de-maisons\\\/#local-main-place-address\"},\"telephone\":[\"(+372) 605 48 95\"],\"openingHoursSpecification\":[{\"@type\":\"OpeningHoursSpecification\",\"dayOfWeek\":[\"Monday\",\"Tuesday\",\"Wednesday\",\"Thursday\",\"Friday\"],\"opens\":\"08:00\",\"closes\":\"17:00\"},{\"@type\":\"OpeningHoursSpecification\",\"dayOfWeek\":[\"Saturday\",\"Sunday\"],\"opens\":\"00:00\",\"closes\":\"00:00\"}],\"email\":\"info@palmatin.com\",\"faxNumber\":\"(+372) 605 48 92\",\"areaServed\":\"world\",\"vatID\":\"EE100240388\",\"priceRange\":\"$$$\",\"currenciesAccepted\":\"Euros\"},{\"@type\":\"PostalAddress\",\"@id\":\"https:\\\/\\\/www.palmatin.com\\\/fr\\\/modeles-de-maisons\\\/#local-main-place-address\",\"streetAddress\":\"Tammi tee 40b\",\"addressLocality\":\"Rannamoeisa\",\"postalCode\":\"76906\",\"addressRegion\":\"Harju parish\",\"addressCountry\":\"EE\"},{\"@type\":\"ImageObject\",\"inLanguage\":\"fr-FR\",\"@id\":\"https:\\\/\\\/www.palmatin.com\\\/fr\\\/modeles-de-maisons\\\/#local-main-organization-logo\",\"url\":\"https:\\\/\\\/www.palmatin.com\\\/wp-content\\\/uploads\\\/2022\\\/11\\\/Logo_wrt.jpg\",\"contentUrl\":\"https:\\\/\\\/www.palmatin.com\\\/wp-content\\\/uploads\\\/2022\\\/11\\\/Logo_wrt.jpg\",\"width\":1458,\"height\":857,\"caption\":\"Palmatin\"}]}<\/script>\n<meta name=\"geo.placename\" content=\"Rannamoeisa\" \/>\n<meta name=\"geo.region\" content=\"Estonie\" \/>\n<!-- \/ Yoast SEO Premium plugin. -->","yoast_head_json":{"title":"Mod\u00e8les de maisons ossature en bois, rondins et pr\u00e9fabriqu\u00e9es - Palmatin","description":"Maisons en bois, maisons ossature bois, maisons bois en rondins et madriers, massifs et contrecoll\u00e9s, maisons pr\u00e9fabriqu\u00e9es. D\u00e9couvrez les mod\u00e8les Palmatin.","robots":{"index":"index","follow":"follow","max-snippet":"max-snippet:-1","max-image-preview":"max-image-preview:large","max-video-preview":"max-video-preview:-1"},"canonical":"https:\/\/www.palmatin.com\/fr\/modeles-de-maisons\/","og_locale":"fr_FR","og_type":"article","og_title":"Mod\u00e8les de maisons","og_description":"Maisons en rondins et madriers, maisons \u00e0 ossature bois ou maisons pr\u00e9fabriqu\u00e9es, faite votre choix. &nbsp; Palmatin est une entreprise active qui con\u00e7oit","og_url":"https:\/\/www.palmatin.com\/fr\/modeles-de-maisons\/","og_site_name":"Palmatin.com","article_publisher":"https:\/\/www.facebook.com\/palmatin.wooden.houses","article_modified_time":"2020-07-23T11:51:44+00:00","og_image":[{"width":1920,"height":300,"url":"https:\/\/www.palmatin.com\/wp-content\/uploads\/2018\/08\/log_houses.jpg","type":"image\/jpeg"}],"twitter_card":"summary_large_image","twitter_site":"@palmatinhouses","twitter_misc":{"Dur\u00e9e de lecture estim\u00e9e":"1 minute"},"schema":{"@context":"https:\/\/schema.org","@graph":[{"@type":"WebPage","@id":"https:\/\/www.palmatin.com\/fr\/modeles-de-maisons\/","url":"https:\/\/www.palmatin.com\/fr\/modeles-de-maisons\/","name":"Mod\u00e8les de maisons ossature en bois, rondins et pr\u00e9fabriqu\u00e9es - Palmatin","isPartOf":{"@id":"https:\/\/www.palmatin.com\/fr\/#website"},"primaryImageOfPage":{"@id":"https:\/\/www.palmatin.com\/fr\/modeles-de-maisons\/#primaryimage"},"image":{"@id":"https:\/\/www.palmatin.com\/fr\/modeles-de-maisons\/#primaryimage"},"thumbnailUrl":"https:\/\/www.palmatin.com\/wp-content\/uploads\/2018\/08\/log_houses.jpg","datePublished":"2018-08-02T10:25:55+00:00","dateModified":"2020-07-23T11:51:44+00:00","description":"Maisons en bois, maisons ossature bois, maisons bois en rondins et madriers, massifs et contrecoll\u00e9s, maisons pr\u00e9fabriqu\u00e9es. D\u00e9couvrez les mod\u00e8les Palmatin.","breadcrumb":{"@id":"https:\/\/www.palmatin.com\/fr\/modeles-de-maisons\/#breadcrumb"},"inLanguage":"fr-FR","potentialAction":[{"@type":"ReadAction","target":["https:\/\/www.palmatin.com\/fr\/modeles-de-maisons\/"]}]},{"@type":"ImageObject","inLanguage":"fr-FR","@id":"https:\/\/www.palmatin.com\/fr\/modeles-de-maisons\/#primaryimage","url":"https:\/\/www.palmatin.com\/wp-content\/uploads\/2018\/08\/log_houses.jpg","contentUrl":"https:\/\/www.palmatin.com\/wp-content\/uploads\/2018\/08\/log_houses.jpg","width":1920,"height":300,"caption":"Palmatin mod\u00e8le maison en rondins"},{"@type":"BreadcrumbList","@id":"https:\/\/www.palmatin.com\/fr\/modeles-de-maisons\/#breadcrumb","itemListElement":[{"@type":"ListItem","position":1,"name":"Home","item":"https:\/\/www.palmatin.com\/fr\/"},{"@type":"ListItem","position":2,"name":"Mod\u00e8les de maisons"}]},{"@type":"WebSite","@id":"https:\/\/www.palmatin.com\/fr\/#website","url":"https:\/\/www.palmatin.com\/fr\/","name":"Palmatin.com","description":"Custom made wooden houses from project to assembly.","publisher":{"@id":"https:\/\/www.palmatin.com\/fr\/#organization"},"inLanguage":"fr-FR"},{"@type":["Organization","Place","HomeAndConstructionBusiness"],"@id":"https:\/\/www.palmatin.com\/fr\/#organization","name":"Palmatin","alternateName":"Palmatin Wooden Houses","url":"https:\/\/www.palmatin.com\/fr\/","logo":{"@id":"https:\/\/www.palmatin.com\/fr\/modeles-de-maisons\/#local-main-organization-logo"},"image":{"@id":"https:\/\/www.palmatin.com\/fr\/modeles-de-maisons\/#local-main-organization-logo"},"sameAs":["https:\/\/www.facebook.com\/palmatin.wooden.houses","https:\/\/x.com\/palmatinhouses","https:\/\/www.instagram.com\/palmatinwoodenhouses\/","https:\/\/www.linkedin.com\/company\/palmatin-wooden-houses","https:\/\/www.pinterest.com\/palmatin\/","https:\/\/www.youtube.com\/channel\/UCS3v-T7tq4sPU5YkEvukfYg"],"description":"Palmatin wooden houses are expertly crafted, sustainable prefabricated element houses and log homes renowned for their durability, energy efficiency, and elegant Nordic design. Combining traditional building techniques with modern technology, Palmatin delivers customized living spaces that blend seamlessly with nature, ensuring comfort, quality, and eco-friendly living for generations.","legalName":"Palmatin O\u00dc","foundingDate":"1995-05-12","numberOfEmployees":{"@type":"QuantitativeValue","minValue":"11","maxValue":"50"},"address":{"@id":"https:\/\/www.palmatin.com\/fr\/modeles-de-maisons\/#local-main-place-address"},"telephone":["(+372) 605 48 95"],"openingHoursSpecification":[{"@type":"OpeningHoursSpecification","dayOfWeek":["Monday","Tuesday","Wednesday","Thursday","Friday"],"opens":"08:00","closes":"17:00"},{"@type":"OpeningHoursSpecification","dayOfWeek":["Saturday","Sunday"],"opens":"00:00","closes":"00:00"}],"email":"info@palmatin.com","faxNumber":"(+372) 605 48 92","areaServed":"world","vatID":"EE100240388","priceRange":"$$$","currenciesAccepted":"Euros"},{"@type":"PostalAddress","@id":"https:\/\/www.palmatin.com\/fr\/modeles-de-maisons\/#local-main-place-address","streetAddress":"Tammi tee 40b","addressLocality":"Rannamoeisa","postalCode":"76906","addressRegion":"Harju parish","addressCountry":"EE"},{"@type":"ImageObject","inLanguage":"fr-FR","@id":"https:\/\/www.palmatin.com\/fr\/modeles-de-maisons\/#local-main-organization-logo","url":"https:\/\/www.palmatin.com\/wp-content\/uploads\/2022\/11\/Logo_wrt.jpg","contentUrl":"https:\/\/www.palmatin.com\/wp-content\/uploads\/2022\/11\/Logo_wrt.jpg","width":1458,"height":857,"caption":"Palmatin"}]},"geo.placename":"Rannamoeisa","geo.region":"Estonie"},"_links":{"self":[{"href":"https:\/\/www.palmatin.com\/fr\/wp-json\/wp\/v2\/pages\/9867","targetHints":{"allow":["GET"]}}],"collection":[{"href":"https:\/\/www.palmatin.com\/fr\/wp-json\/wp\/v2\/pages"}],"about":[{"href":"https:\/\/www.palmatin.com\/fr\/wp-json\/wp\/v2\/types\/page"}],"author":[{"embeddable":true,"href":"https:\/\/www.palmatin.com\/fr\/wp-json\/wp\/v2\/users\/1"}],"replies":[{"embeddable":true,"href":"https:\/\/www.palmatin.com\/fr\/wp-json\/wp\/v2\/comments?post=9867"}],"version-history":[{"count":0,"href":"https:\/\/www.palmatin.com\/fr\/wp-json\/wp\/v2\/pages\/9867\/revisions"}],"wp:featuredmedia":[{"embeddable":true,"href":"https:\/\/www.palmatin.com\/fr\/wp-json\/wp\/v2\/media\/1477"}],"wp:attachment":[{"href":"https:\/\/www.palmatin.com\/fr\/wp-json\/wp\/v2\/media?parent=9867"}],"curies":[{"name":"wp","href":"https:\/\/api.w.org\/{rel}","templated":true}]}}