{"id":9846,"date":"2019-04-17T11:18:13","date_gmt":"2019-04-17T11:18:13","guid":{"rendered":"https:\/\/www.palmatin.com\/get-free-pdf-log-house-catalogue\/"},"modified":"2021-10-15T10:42:11","modified_gmt":"2021-10-15T10:42:11","slug":"recevez-gratuitement-votre-catalogues-au-format-pdf","status":"publish","type":"page","link":"https:\/\/www.palmatin.com\/fr\/recevez-gratuitement-votre-catalogues-au-format-pdf\/","title":{"rendered":"D\u00e9couvrez les catalogues Palmatin!"},"content":{"rendered":"<article id=\"post-11361\" class=\"clearfix\">\n<div class=\"entry-main\">\n<div class=\"entry-content\">\n<p style=\"text-align: center;\">T\u00e9l\u00e9chargez les catalogues et les brochures des maisons en bois, des maisons pr\u00e9fabriqu\u00e9es et des \u00e9l\u00e9ments de la maison afin d\u2019explorer et connaitre toutes les informations sur les gammes de produits et les constructions Palmatin. Un tableau comparatif vous aide \u00e0 confronter et visualiser les options et les atouts des maisons.<\/p>\n<p style=\"text-align: center;\">Utilisez ces catalogues Palmatin pour conserver les mod\u00e8les qui vous plaisent le plus. Collectez de nouvelles id\u00e9es et envies pour votre maison.<\/p>\n<p style=\"text-align: center;\"><em> Le format PDF est pratique! Il permet de consulter les documents n\u2019importe o\u00f9 et \u00e0 n\u2019importe quel moment.<\/em><\/p>\n<p><b><br \/>\nUn mod\u00e8le ou produit vous int\u00e9resse\u00a0\u00a0? <\/b><a style=\"font-weight: bold;\" href=\"https:\/\/www.palmatin.com\/fr\/contact\/\">Contactez-nous<\/a><b> pour plus d&rsquo;information<\/b><\/p>\n<\/div>\n<\/div>\n<\/article>\n","protected":false},"excerpt":{"rendered":"<p>T\u00e9l\u00e9chargez les catalogues et les brochures des maisons en bois, des maisons pr\u00e9fabriqu\u00e9es et des \u00e9l\u00e9ments de la maison afin d\u2019explorer et connaitre toutes les informations sur les gammes de produits et les constructions Palmatin. Un tableau comparatif vous aide \u00e0 confronter et visualiser les options et les atouts des maisons. Utilisez ces catalogues Palmatin &hellip; <a href=\"https:\/\/www.palmatin.com\/fr\/recevez-gratuitement-votre-catalogues-au-format-pdf\/\">A continu\u00e9<\/a><\/p>\n","protected":false},"author":2,"featured_media":1477,"parent":0,"menu_order":0,"comment_status":"closed","ping_status":"closed","template":"views\/template-content-blocks.blade.php","meta":{"_acf_changed":false,"footnotes":""},"class_list":["post-9846","page","type-page","status-publish","has-post-thumbnail","hentry"],"acf":[],"yoast_head":"<!-- This site is optimized with the Yoast SEO Premium plugin v27.3 (Yoast SEO v27.3) - https:\/\/yoast.com\/product\/yoast-seo-premium-wordpress\/ -->\n<title>D\u00e9couvrez les catalogues Palmatin! - Palmatin.com<\/title>\n<meta name=\"description\" content=\"D\u00e9couvrez les gammes de maisons en bois, maisons pr\u00e9fabriqu\u00e9es et \u00e9l\u00e9ments additionnels au travers de nos catalogues et brochures. T\u00e9l\u00e9chargement gratuit.\" \/>\n<meta name=\"robots\" content=\"index, follow, max-snippet:-1, max-image-preview:large, max-video-preview:-1\" \/>\n<link rel=\"canonical\" href=\"https:\/\/www.palmatin.com\/fr\/recevez-gratuitement-votre-catalogues-au-format-pdf\/\" \/>\n<meta property=\"og:locale\" content=\"fr_FR\" \/>\n<meta property=\"og:type\" content=\"article\" \/>\n<meta property=\"og:title\" content=\"D\u00e9couvrez les catalogues Palmatin!\" \/>\n<meta property=\"og:description\" content=\"T\u00e9l\u00e9chargez les catalogues et les brochures des maisons en bois, des maisons pr\u00e9fabriqu\u00e9es et des \u00e9l\u00e9ments de la maison afin d\u2019explorer et connaitre\" \/>\n<meta property=\"og:url\" content=\"https:\/\/www.palmatin.com\/fr\/recevez-gratuitement-votre-catalogues-au-format-pdf\/\" \/>\n<meta property=\"og:site_name\" content=\"Palmatin.com\" \/>\n<meta property=\"article:publisher\" content=\"https:\/\/www.facebook.com\/palmatin.wooden.houses\" \/>\n<meta property=\"article:modified_time\" content=\"2021-10-15T10:42:11+00:00\" \/>\n<meta property=\"og:image\" content=\"https:\/\/www.palmatin.com\/wp-content\/uploads\/2018\/08\/log_houses.jpg\" \/>\n\t<meta property=\"og:image:width\" content=\"1920\" \/>\n\t<meta property=\"og:image:height\" content=\"300\" \/>\n\t<meta property=\"og:image:type\" content=\"image\/jpeg\" \/>\n<meta name=\"twitter:card\" content=\"summary_large_image\" \/>\n<meta name=\"twitter:site\" content=\"@palmatinhouses\" \/>\n<meta name=\"twitter:label1\" content=\"Dur\u00e9e de lecture estim\u00e9e\" \/>\n\t<meta name=\"twitter:data1\" content=\"1 minute\" \/>\n<script type=\"application\/ld+json\" class=\"yoast-schema-graph\">{\"@context\":\"https:\\\/\\\/schema.org\",\"@graph\":[{\"@type\":\"WebPage\",\"@id\":\"https:\\\/\\\/www.palmatin.com\\\/fr\\\/recevez-gratuitement-votre-catalogues-au-format-pdf\\\/\",\"url\":\"https:\\\/\\\/www.palmatin.com\\\/fr\\\/recevez-gratuitement-votre-catalogues-au-format-pdf\\\/\",\"name\":\"D\u00e9couvrez les catalogues Palmatin! - Palmatin.com\",\"isPartOf\":{\"@id\":\"https:\\\/\\\/www.palmatin.com\\\/fr\\\/#website\"},\"primaryImageOfPage\":{\"@id\":\"https:\\\/\\\/www.palmatin.com\\\/fr\\\/recevez-gratuitement-votre-catalogues-au-format-pdf\\\/#primaryimage\"},\"image\":{\"@id\":\"https:\\\/\\\/www.palmatin.com\\\/fr\\\/recevez-gratuitement-votre-catalogues-au-format-pdf\\\/#primaryimage\"},\"thumbnailUrl\":\"https:\\\/\\\/www.palmatin.com\\\/wp-content\\\/uploads\\\/2018\\\/08\\\/log_houses.jpg\",\"datePublished\":\"2019-04-17T11:18:13+00:00\",\"dateModified\":\"2021-10-15T10:42:11+00:00\",\"description\":\"D\u00e9couvrez les gammes de maisons en bois, maisons pr\u00e9fabriqu\u00e9es et \u00e9l\u00e9ments additionnels au travers de nos catalogues et brochures. T\u00e9l\u00e9chargement gratuit.\",\"breadcrumb\":{\"@id\":\"https:\\\/\\\/www.palmatin.com\\\/fr\\\/recevez-gratuitement-votre-catalogues-au-format-pdf\\\/#breadcrumb\"},\"inLanguage\":\"fr-FR\",\"potentialAction\":[{\"@type\":\"ReadAction\",\"target\":[\"https:\\\/\\\/www.palmatin.com\\\/fr\\\/recevez-gratuitement-votre-catalogues-au-format-pdf\\\/\"]}]},{\"@type\":\"ImageObject\",\"inLanguage\":\"fr-FR\",\"@id\":\"https:\\\/\\\/www.palmatin.com\\\/fr\\\/recevez-gratuitement-votre-catalogues-au-format-pdf\\\/#primaryimage\",\"url\":\"https:\\\/\\\/www.palmatin.com\\\/wp-content\\\/uploads\\\/2018\\\/08\\\/log_houses.jpg\",\"contentUrl\":\"https:\\\/\\\/www.palmatin.com\\\/wp-content\\\/uploads\\\/2018\\\/08\\\/log_houses.jpg\",\"width\":1920,\"height\":300,\"caption\":\"Palmatin mod\u00e8le maison en rondins\"},{\"@type\":\"BreadcrumbList\",\"@id\":\"https:\\\/\\\/www.palmatin.com\\\/fr\\\/recevez-gratuitement-votre-catalogues-au-format-pdf\\\/#breadcrumb\",\"itemListElement\":[{\"@type\":\"ListItem\",\"position\":1,\"name\":\"Home\",\"item\":\"https:\\\/\\\/www.palmatin.com\\\/fr\\\/\"},{\"@type\":\"ListItem\",\"position\":2,\"name\":\"D\u00e9couvrez les catalogues Palmatin!\"}]},{\"@type\":\"WebSite\",\"@id\":\"https:\\\/\\\/www.palmatin.com\\\/fr\\\/#website\",\"url\":\"https:\\\/\\\/www.palmatin.com\\\/fr\\\/\",\"name\":\"Palmatin.com\",\"description\":\"Custom made wooden houses from project to assembly.\",\"publisher\":{\"@id\":\"https:\\\/\\\/www.palmatin.com\\\/fr\\\/#organization\"},\"inLanguage\":\"fr-FR\"},{\"@type\":[\"Organization\",\"Place\",\"HomeAndConstructionBusiness\"],\"@id\":\"https:\\\/\\\/www.palmatin.com\\\/fr\\\/#organization\",\"name\":\"Palmatin\",\"alternateName\":\"Palmatin Wooden Houses\",\"url\":\"https:\\\/\\\/www.palmatin.com\\\/fr\\\/\",\"logo\":{\"@id\":\"https:\\\/\\\/www.palmatin.com\\\/fr\\\/recevez-gratuitement-votre-catalogues-au-format-pdf\\\/#local-main-organization-logo\"},\"image\":{\"@id\":\"https:\\\/\\\/www.palmatin.com\\\/fr\\\/recevez-gratuitement-votre-catalogues-au-format-pdf\\\/#local-main-organization-logo\"},\"sameAs\":[\"https:\\\/\\\/www.facebook.com\\\/palmatin.wooden.houses\",\"https:\\\/\\\/x.com\\\/palmatinhouses\",\"https:\\\/\\\/www.instagram.com\\\/palmatinwoodenhouses\\\/\",\"https:\\\/\\\/www.linkedin.com\\\/company\\\/palmatin-wooden-houses\",\"https:\\\/\\\/www.pinterest.com\\\/palmatin\\\/\",\"https:\\\/\\\/www.youtube.com\\\/channel\\\/UCS3v-T7tq4sPU5YkEvukfYg\"],\"description\":\"Palmatin wooden houses are expertly crafted, sustainable prefabricated element houses and log homes renowned for their durability, energy efficiency, and elegant Nordic design. Combining traditional building techniques with modern technology, Palmatin delivers customized living spaces that blend seamlessly with nature, ensuring comfort, quality, and eco-friendly living for generations.\",\"legalName\":\"Palmatin O\u00dc\",\"foundingDate\":\"1995-05-12\",\"numberOfEmployees\":{\"@type\":\"QuantitativeValue\",\"minValue\":\"11\",\"maxValue\":\"50\"},\"address\":{\"@id\":\"https:\\\/\\\/www.palmatin.com\\\/fr\\\/recevez-gratuitement-votre-catalogues-au-format-pdf\\\/#local-main-place-address\"},\"telephone\":[\"(+372) 605 48 95\"],\"openingHoursSpecification\":[{\"@type\":\"OpeningHoursSpecification\",\"dayOfWeek\":[\"Monday\",\"Tuesday\",\"Wednesday\",\"Thursday\",\"Friday\"],\"opens\":\"08:00\",\"closes\":\"17:00\"},{\"@type\":\"OpeningHoursSpecification\",\"dayOfWeek\":[\"Saturday\",\"Sunday\"],\"opens\":\"00:00\",\"closes\":\"00:00\"}],\"email\":\"info@palmatin.com\",\"faxNumber\":\"(+372) 605 48 92\",\"areaServed\":\"world\",\"vatID\":\"EE100240388\",\"priceRange\":\"$$$\",\"currenciesAccepted\":\"Euros\"},{\"@type\":\"PostalAddress\",\"@id\":\"https:\\\/\\\/www.palmatin.com\\\/fr\\\/recevez-gratuitement-votre-catalogues-au-format-pdf\\\/#local-main-place-address\",\"streetAddress\":\"Tammi tee 40b\",\"addressLocality\":\"Rannamoeisa\",\"postalCode\":\"76906\",\"addressRegion\":\"Harju parish\",\"addressCountry\":\"EE\"},{\"@type\":\"ImageObject\",\"inLanguage\":\"fr-FR\",\"@id\":\"https:\\\/\\\/www.palmatin.com\\\/fr\\\/recevez-gratuitement-votre-catalogues-au-format-pdf\\\/#local-main-organization-logo\",\"url\":\"https:\\\/\\\/www.palmatin.com\\\/wp-content\\\/uploads\\\/2022\\\/11\\\/Logo_wrt.jpg\",\"contentUrl\":\"https:\\\/\\\/www.palmatin.com\\\/wp-content\\\/uploads\\\/2022\\\/11\\\/Logo_wrt.jpg\",\"width\":1458,\"height\":857,\"caption\":\"Palmatin\"}]}<\/script>\n<meta name=\"geo.placename\" content=\"Rannamoeisa\" \/>\n<meta name=\"geo.region\" content=\"Estonie\" \/>\n<!-- \/ Yoast SEO Premium plugin. -->","yoast_head_json":{"title":"D\u00e9couvrez les catalogues Palmatin! - Palmatin.com","description":"D\u00e9couvrez les gammes de maisons en bois, maisons pr\u00e9fabriqu\u00e9es et \u00e9l\u00e9ments additionnels au travers de nos catalogues et brochures. T\u00e9l\u00e9chargement gratuit.","robots":{"index":"index","follow":"follow","max-snippet":"max-snippet:-1","max-image-preview":"max-image-preview:large","max-video-preview":"max-video-preview:-1"},"canonical":"https:\/\/www.palmatin.com\/fr\/recevez-gratuitement-votre-catalogues-au-format-pdf\/","og_locale":"fr_FR","og_type":"article","og_title":"D\u00e9couvrez les catalogues Palmatin!","og_description":"T\u00e9l\u00e9chargez les catalogues et les brochures des maisons en bois, des maisons pr\u00e9fabriqu\u00e9es et des \u00e9l\u00e9ments de la maison afin d\u2019explorer et connaitre","og_url":"https:\/\/www.palmatin.com\/fr\/recevez-gratuitement-votre-catalogues-au-format-pdf\/","og_site_name":"Palmatin.com","article_publisher":"https:\/\/www.facebook.com\/palmatin.wooden.houses","article_modified_time":"2021-10-15T10:42:11+00:00","og_image":[{"width":1920,"height":300,"url":"https:\/\/www.palmatin.com\/wp-content\/uploads\/2018\/08\/log_houses.jpg","type":"image\/jpeg"}],"twitter_card":"summary_large_image","twitter_site":"@palmatinhouses","twitter_misc":{"Dur\u00e9e de lecture estim\u00e9e":"1 minute"},"schema":{"@context":"https:\/\/schema.org","@graph":[{"@type":"WebPage","@id":"https:\/\/www.palmatin.com\/fr\/recevez-gratuitement-votre-catalogues-au-format-pdf\/","url":"https:\/\/www.palmatin.com\/fr\/recevez-gratuitement-votre-catalogues-au-format-pdf\/","name":"D\u00e9couvrez les catalogues Palmatin! - Palmatin.com","isPartOf":{"@id":"https:\/\/www.palmatin.com\/fr\/#website"},"primaryImageOfPage":{"@id":"https:\/\/www.palmatin.com\/fr\/recevez-gratuitement-votre-catalogues-au-format-pdf\/#primaryimage"},"image":{"@id":"https:\/\/www.palmatin.com\/fr\/recevez-gratuitement-votre-catalogues-au-format-pdf\/#primaryimage"},"thumbnailUrl":"https:\/\/www.palmatin.com\/wp-content\/uploads\/2018\/08\/log_houses.jpg","datePublished":"2019-04-17T11:18:13+00:00","dateModified":"2021-10-15T10:42:11+00:00","description":"D\u00e9couvrez les gammes de maisons en bois, maisons pr\u00e9fabriqu\u00e9es et \u00e9l\u00e9ments additionnels au travers de nos catalogues et brochures. T\u00e9l\u00e9chargement gratuit.","breadcrumb":{"@id":"https:\/\/www.palmatin.com\/fr\/recevez-gratuitement-votre-catalogues-au-format-pdf\/#breadcrumb"},"inLanguage":"fr-FR","potentialAction":[{"@type":"ReadAction","target":["https:\/\/www.palmatin.com\/fr\/recevez-gratuitement-votre-catalogues-au-format-pdf\/"]}]},{"@type":"ImageObject","inLanguage":"fr-FR","@id":"https:\/\/www.palmatin.com\/fr\/recevez-gratuitement-votre-catalogues-au-format-pdf\/#primaryimage","url":"https:\/\/www.palmatin.com\/wp-content\/uploads\/2018\/08\/log_houses.jpg","contentUrl":"https:\/\/www.palmatin.com\/wp-content\/uploads\/2018\/08\/log_houses.jpg","width":1920,"height":300,"caption":"Palmatin mod\u00e8le maison en rondins"},{"@type":"BreadcrumbList","@id":"https:\/\/www.palmatin.com\/fr\/recevez-gratuitement-votre-catalogues-au-format-pdf\/#breadcrumb","itemListElement":[{"@type":"ListItem","position":1,"name":"Home","item":"https:\/\/www.palmatin.com\/fr\/"},{"@type":"ListItem","position":2,"name":"D\u00e9couvrez les catalogues Palmatin!"}]},{"@type":"WebSite","@id":"https:\/\/www.palmatin.com\/fr\/#website","url":"https:\/\/www.palmatin.com\/fr\/","name":"Palmatin.com","description":"Custom made wooden houses from project to assembly.","publisher":{"@id":"https:\/\/www.palmatin.com\/fr\/#organization"},"inLanguage":"fr-FR"},{"@type":["Organization","Place","HomeAndConstructionBusiness"],"@id":"https:\/\/www.palmatin.com\/fr\/#organization","name":"Palmatin","alternateName":"Palmatin Wooden Houses","url":"https:\/\/www.palmatin.com\/fr\/","logo":{"@id":"https:\/\/www.palmatin.com\/fr\/recevez-gratuitement-votre-catalogues-au-format-pdf\/#local-main-organization-logo"},"image":{"@id":"https:\/\/www.palmatin.com\/fr\/recevez-gratuitement-votre-catalogues-au-format-pdf\/#local-main-organization-logo"},"sameAs":["https:\/\/www.facebook.com\/palmatin.wooden.houses","https:\/\/x.com\/palmatinhouses","https:\/\/www.instagram.com\/palmatinwoodenhouses\/","https:\/\/www.linkedin.com\/company\/palmatin-wooden-houses","https:\/\/www.pinterest.com\/palmatin\/","https:\/\/www.youtube.com\/channel\/UCS3v-T7tq4sPU5YkEvukfYg"],"description":"Palmatin wooden houses are expertly crafted, sustainable prefabricated element houses and log homes renowned for their durability, energy efficiency, and elegant Nordic design. Combining traditional building techniques with modern technology, Palmatin delivers customized living spaces that blend seamlessly with nature, ensuring comfort, quality, and eco-friendly living for generations.","legalName":"Palmatin O\u00dc","foundingDate":"1995-05-12","numberOfEmployees":{"@type":"QuantitativeValue","minValue":"11","maxValue":"50"},"address":{"@id":"https:\/\/www.palmatin.com\/fr\/recevez-gratuitement-votre-catalogues-au-format-pdf\/#local-main-place-address"},"telephone":["(+372) 605 48 95"],"openingHoursSpecification":[{"@type":"OpeningHoursSpecification","dayOfWeek":["Monday","Tuesday","Wednesday","Thursday","Friday"],"opens":"08:00","closes":"17:00"},{"@type":"OpeningHoursSpecification","dayOfWeek":["Saturday","Sunday"],"opens":"00:00","closes":"00:00"}],"email":"info@palmatin.com","faxNumber":"(+372) 605 48 92","areaServed":"world","vatID":"EE100240388","priceRange":"$$$","currenciesAccepted":"Euros"},{"@type":"PostalAddress","@id":"https:\/\/www.palmatin.com\/fr\/recevez-gratuitement-votre-catalogues-au-format-pdf\/#local-main-place-address","streetAddress":"Tammi tee 40b","addressLocality":"Rannamoeisa","postalCode":"76906","addressRegion":"Harju parish","addressCountry":"EE"},{"@type":"ImageObject","inLanguage":"fr-FR","@id":"https:\/\/www.palmatin.com\/fr\/recevez-gratuitement-votre-catalogues-au-format-pdf\/#local-main-organization-logo","url":"https:\/\/www.palmatin.com\/wp-content\/uploads\/2022\/11\/Logo_wrt.jpg","contentUrl":"https:\/\/www.palmatin.com\/wp-content\/uploads\/2022\/11\/Logo_wrt.jpg","width":1458,"height":857,"caption":"Palmatin"}]},"geo.placename":"Rannamoeisa","geo.region":"Estonie"},"_links":{"self":[{"href":"https:\/\/www.palmatin.com\/fr\/wp-json\/wp\/v2\/pages\/9846","targetHints":{"allow":["GET"]}}],"collection":[{"href":"https:\/\/www.palmatin.com\/fr\/wp-json\/wp\/v2\/pages"}],"about":[{"href":"https:\/\/www.palmatin.com\/fr\/wp-json\/wp\/v2\/types\/page"}],"author":[{"embeddable":true,"href":"https:\/\/www.palmatin.com\/fr\/wp-json\/wp\/v2\/users\/2"}],"replies":[{"embeddable":true,"href":"https:\/\/www.palmatin.com\/fr\/wp-json\/wp\/v2\/comments?post=9846"}],"version-history":[{"count":0,"href":"https:\/\/www.palmatin.com\/fr\/wp-json\/wp\/v2\/pages\/9846\/revisions"}],"wp:featuredmedia":[{"embeddable":true,"href":"https:\/\/www.palmatin.com\/fr\/wp-json\/wp\/v2\/media\/1477"}],"wp:attachment":[{"href":"https:\/\/www.palmatin.com\/fr\/wp-json\/wp\/v2\/media?parent=9846"}],"curies":[{"name":"wp","href":"https:\/\/api.w.org\/{rel}","templated":true}]}}