{"id":9638,"date":"2018-08-15T10:27:43","date_gmt":"2018-08-15T10:27:43","guid":{"rendered":"https:\/\/www.palmatin.com\/enquiry\/"},"modified":"2020-07-29T12:03:09","modified_gmt":"2020-07-29T12:03:09","slug":"demande-de-devis-maison-en-bois","status":"publish","type":"page","link":"https:\/\/www.palmatin.com\/fr\/demande-de-devis-maison-en-bois\/","title":{"rendered":"Demandez votre devis"},"content":{"rendered":"<div style=\"text-align: left;\"><strong>Besoin d\u2019un prix\/devis pour votre projet de maison en bois ou pr\u00e9fabriqu\u00e9e ? Demandez votre devis d\u00e8s \u00e0 pr\u00e9sent.\u00a0<\/strong><br \/>\nRemplissez le formulaire ci-dessous et recevez un prix sur mesure correspondant \u00e0 votre projet.<br \/>\nPlus votre projet sera d\u00e9taill\u00e9, plus notre estimation sera pr\u00e9cise.<br \/>\nA la fin du formulaire, vous aurez la possibilit\u00e9 d\u2019inclure vos propres documents, qu\u2019il s\u2019agisse de vos plans de maison id\u00e9ale ou d\u2019information compl\u00e9mentaire.<\/div>\n<div><\/div>\n<p><\/p>\n<div style=\"text-align: left;\"><strong>Un <a href=\"https:\/\/www.palmatin.com\/fr\/modeles-de-maisons\/\">mod\u00e8le de maison<\/a> Palmatin en bois ou pr\u00e9fabriqu\u00e9e vous int\u00e9resse d\u00e9j\u00e0 ?<\/strong><br \/>\nRecevez une offre d\u00e9taill\u00e9e en moins de 3 secondes en utilisant la section \u00ab obtenir le prix \u00bb \u00e0 droite de l\u2019\u00e9cran, sur la page internet de la maison en question. L\u2019offre vous sera envoy\u00e9e instantan\u00e9ment apr\u00e8s le remplissage de votre adresse mail.<\/div>\n<div><\/div>\n<p><\/p>\n<div style=\"text-align: left;\">Pour plus de renseignements, vous pouvez egalement prendre contact directement avec nos \u00e9quipes. <a href=\"https:\/\/www.palmatin.com\/fr\/contact\/\">Contactez-nous!<\/a><\/div>\n<div><\/div>\n<p><\/p>\n<div style=\"text-align: left;\">Palmatin vous remercie de votre int\u00e9r\u00eat !<\/div>\n","protected":false},"excerpt":{"rendered":"<p>Besoin d\u2019un prix\/devis pour votre projet de maison en bois ou pr\u00e9fabriqu\u00e9e ? Demandez votre devis d\u00e8s \u00e0 pr\u00e9sent.\u00a0 Remplissez le formulaire ci-dessous et recevez un prix sur mesure correspondant \u00e0 votre projet. Plus votre projet sera d\u00e9taill\u00e9, plus notre estimation sera pr\u00e9cise. A la fin du formulaire, vous aurez la possibilit\u00e9 d\u2019inclure vos propres &hellip; <a href=\"https:\/\/www.palmatin.com\/fr\/demande-de-devis-maison-en-bois\/\">A continu\u00e9<\/a><\/p>\n","protected":false},"author":2,"featured_media":1477,"parent":0,"menu_order":0,"comment_status":"closed","ping_status":"closed","template":"views\/template-content-blocks.blade.php","meta":{"_acf_changed":false,"footnotes":""},"class_list":["post-9638","page","type-page","status-publish","has-post-thumbnail","hentry"],"acf":[],"yoast_head":"<!-- This site is optimized with the Yoast SEO Premium plugin v27.3 (Yoast SEO v27.5) - https:\/\/yoast.com\/product\/yoast-seo-premium-wordpress\/ -->\n<title>Devis maison en bois, pr\u00e9fabriqu\u00e9e et projet sur mesure<\/title>\n<meta name=\"description\" content=\"Demandez une estimation pour votre projet de maison en bois ou pr\u00e9fabriqu\u00e9e, une estimation sur mesure. Devis instantann\u00e9e et offres des mod\u00e8les de maisons.\" \/>\n<meta name=\"robots\" content=\"index, follow, max-snippet:-1, max-image-preview:large, max-video-preview:-1\" \/>\n<link rel=\"canonical\" href=\"https:\/\/www.palmatin.com\/fr\/demande-de-devis-maison-en-bois\/\" \/>\n<meta property=\"og:locale\" content=\"fr_FR\" \/>\n<meta property=\"og:type\" content=\"article\" \/>\n<meta property=\"og:title\" content=\"Demandez votre devis\" \/>\n<meta property=\"og:description\" content=\"Besoin d\u2019un prix\/devis pour votre projet de maison en bois ou pr\u00e9fabriqu\u00e9e ? Demandez votre devis d\u00e8s \u00e0 pr\u00e9sent.\u00a0 Remplissez le formulaire ci-dessous et\" \/>\n<meta property=\"og:url\" content=\"https:\/\/www.palmatin.com\/fr\/demande-de-devis-maison-en-bois\/\" \/>\n<meta property=\"og:site_name\" content=\"Palmatin.com\" \/>\n<meta property=\"article:publisher\" content=\"https:\/\/www.facebook.com\/palmatin.wooden.houses\" \/>\n<meta property=\"article:modified_time\" content=\"2020-07-29T12:03:09+00:00\" \/>\n<meta property=\"og:image\" content=\"https:\/\/www.palmatin.com\/wp-content\/uploads\/2018\/08\/log_houses.jpg\" \/>\n\t<meta property=\"og:image:width\" content=\"1920\" \/>\n\t<meta property=\"og:image:height\" content=\"300\" \/>\n\t<meta property=\"og:image:type\" content=\"image\/jpeg\" \/>\n<meta name=\"twitter:card\" content=\"summary_large_image\" \/>\n<meta name=\"twitter:site\" content=\"@palmatinhouses\" \/>\n<meta name=\"twitter:label1\" content=\"Dur\u00e9e de lecture estim\u00e9e\" \/>\n\t<meta name=\"twitter:data1\" content=\"1 minute\" \/>\n<script type=\"application\/ld+json\" class=\"yoast-schema-graph\">{\"@context\":\"https:\\\/\\\/schema.org\",\"@graph\":[{\"@type\":\"WebPage\",\"@id\":\"https:\\\/\\\/www.palmatin.com\\\/fr\\\/demande-de-devis-maison-en-bois\\\/\",\"url\":\"https:\\\/\\\/www.palmatin.com\\\/fr\\\/demande-de-devis-maison-en-bois\\\/\",\"name\":\"Devis maison en bois, pr\u00e9fabriqu\u00e9e et projet sur mesure\",\"isPartOf\":{\"@id\":\"https:\\\/\\\/www.palmatin.com\\\/fr\\\/#website\"},\"primaryImageOfPage\":{\"@id\":\"https:\\\/\\\/www.palmatin.com\\\/fr\\\/demande-de-devis-maison-en-bois\\\/#primaryimage\"},\"image\":{\"@id\":\"https:\\\/\\\/www.palmatin.com\\\/fr\\\/demande-de-devis-maison-en-bois\\\/#primaryimage\"},\"thumbnailUrl\":\"https:\\\/\\\/www.palmatin.com\\\/wp-content\\\/uploads\\\/2018\\\/08\\\/log_houses.jpg\",\"datePublished\":\"2018-08-15T10:27:43+00:00\",\"dateModified\":\"2020-07-29T12:03:09+00:00\",\"description\":\"Demandez une estimation pour votre projet de maison en bois ou pr\u00e9fabriqu\u00e9e, une estimation sur mesure. Devis instantann\u00e9e et offres des mod\u00e8les de maisons.\",\"breadcrumb\":{\"@id\":\"https:\\\/\\\/www.palmatin.com\\\/fr\\\/demande-de-devis-maison-en-bois\\\/#breadcrumb\"},\"inLanguage\":\"fr-FR\",\"potentialAction\":[{\"@type\":\"ReadAction\",\"target\":[\"https:\\\/\\\/www.palmatin.com\\\/fr\\\/demande-de-devis-maison-en-bois\\\/\"]}]},{\"@type\":\"ImageObject\",\"inLanguage\":\"fr-FR\",\"@id\":\"https:\\\/\\\/www.palmatin.com\\\/fr\\\/demande-de-devis-maison-en-bois\\\/#primaryimage\",\"url\":\"https:\\\/\\\/www.palmatin.com\\\/wp-content\\\/uploads\\\/2018\\\/08\\\/log_houses.jpg\",\"contentUrl\":\"https:\\\/\\\/www.palmatin.com\\\/wp-content\\\/uploads\\\/2018\\\/08\\\/log_houses.jpg\",\"width\":1920,\"height\":300,\"caption\":\"Palmatin mod\u00e8le maison en rondins\"},{\"@type\":\"BreadcrumbList\",\"@id\":\"https:\\\/\\\/www.palmatin.com\\\/fr\\\/demande-de-devis-maison-en-bois\\\/#breadcrumb\",\"itemListElement\":[{\"@type\":\"ListItem\",\"position\":1,\"name\":\"Home\",\"item\":\"https:\\\/\\\/www.palmatin.com\\\/fr\\\/\"},{\"@type\":\"ListItem\",\"position\":2,\"name\":\"Demandez votre devis\"}]},{\"@type\":\"WebSite\",\"@id\":\"https:\\\/\\\/www.palmatin.com\\\/fr\\\/#website\",\"url\":\"https:\\\/\\\/www.palmatin.com\\\/fr\\\/\",\"name\":\"Palmatin.com\",\"description\":\"Custom made wooden houses from project to assembly.\",\"publisher\":{\"@id\":\"https:\\\/\\\/www.palmatin.com\\\/fr\\\/#organization\"},\"inLanguage\":\"fr-FR\"},{\"@type\":[\"Organization\",\"Place\",\"HomeAndConstructionBusiness\"],\"@id\":\"https:\\\/\\\/www.palmatin.com\\\/fr\\\/#organization\",\"name\":\"Palmatin\",\"alternateName\":\"Palmatin Wooden Houses\",\"url\":\"https:\\\/\\\/www.palmatin.com\\\/fr\\\/\",\"logo\":{\"@id\":\"https:\\\/\\\/www.palmatin.com\\\/fr\\\/demande-de-devis-maison-en-bois\\\/#local-main-organization-logo\"},\"image\":{\"@id\":\"https:\\\/\\\/www.palmatin.com\\\/fr\\\/demande-de-devis-maison-en-bois\\\/#local-main-organization-logo\"},\"sameAs\":[\"https:\\\/\\\/www.facebook.com\\\/palmatin.wooden.houses\",\"https:\\\/\\\/x.com\\\/palmatinhouses\",\"https:\\\/\\\/www.instagram.com\\\/palmatinwoodenhouses\\\/\",\"https:\\\/\\\/www.linkedin.com\\\/company\\\/palmatin-wooden-houses\",\"https:\\\/\\\/www.pinterest.com\\\/palmatin\\\/\",\"https:\\\/\\\/www.youtube.com\\\/channel\\\/UCS3v-T7tq4sPU5YkEvukfYg\"],\"description\":\"Palmatin wooden houses are expertly crafted, sustainable prefabricated element houses and log homes renowned for their durability, energy efficiency, and elegant Nordic design. Combining traditional building techniques with modern technology, Palmatin delivers customized living spaces that blend seamlessly with nature, ensuring comfort, quality, and eco-friendly living for generations.\",\"legalName\":\"Palmatin O\u00dc\",\"foundingDate\":\"1995-05-12\",\"numberOfEmployees\":{\"@type\":\"QuantitativeValue\",\"minValue\":\"11\",\"maxValue\":\"50\"},\"address\":{\"@id\":\"https:\\\/\\\/www.palmatin.com\\\/fr\\\/demande-de-devis-maison-en-bois\\\/#local-main-place-address\"},\"telephone\":[\"(+372) 605 48 95\"],\"openingHoursSpecification\":[{\"@type\":\"OpeningHoursSpecification\",\"dayOfWeek\":[\"Monday\",\"Tuesday\",\"Wednesday\",\"Thursday\",\"Friday\"],\"opens\":\"08:00\",\"closes\":\"17:00\"},{\"@type\":\"OpeningHoursSpecification\",\"dayOfWeek\":[\"Saturday\",\"Sunday\"],\"opens\":\"00:00\",\"closes\":\"00:00\"}],\"email\":\"info@palmatin.com\",\"faxNumber\":\"(+372) 605 48 92\",\"areaServed\":\"world\",\"vatID\":\"EE100240388\",\"priceRange\":\"$$$\",\"currenciesAccepted\":\"Euros\"},{\"@type\":\"PostalAddress\",\"@id\":\"https:\\\/\\\/www.palmatin.com\\\/fr\\\/demande-de-devis-maison-en-bois\\\/#local-main-place-address\",\"streetAddress\":\"Tammi tee 40b\",\"addressLocality\":\"Rannamoeisa\",\"postalCode\":\"76906\",\"addressRegion\":\"Harju parish\",\"addressCountry\":\"EE\"},{\"@type\":\"ImageObject\",\"inLanguage\":\"fr-FR\",\"@id\":\"https:\\\/\\\/www.palmatin.com\\\/fr\\\/demande-de-devis-maison-en-bois\\\/#local-main-organization-logo\",\"url\":\"https:\\\/\\\/www.palmatin.com\\\/wp-content\\\/uploads\\\/2022\\\/11\\\/Logo_wrt.jpg\",\"contentUrl\":\"https:\\\/\\\/www.palmatin.com\\\/wp-content\\\/uploads\\\/2022\\\/11\\\/Logo_wrt.jpg\",\"width\":1458,\"height\":857,\"caption\":\"Palmatin\"}]}<\/script>\n<meta name=\"geo.placename\" content=\"Rannamoeisa\" \/>\n<meta name=\"geo.region\" content=\"Estonie\" \/>\n<!-- \/ Yoast SEO Premium plugin. -->","yoast_head_json":{"title":"Devis maison en bois, pr\u00e9fabriqu\u00e9e et projet sur mesure","description":"Demandez une estimation pour votre projet de maison en bois ou pr\u00e9fabriqu\u00e9e, une estimation sur mesure. Devis instantann\u00e9e et offres des mod\u00e8les de maisons.","robots":{"index":"index","follow":"follow","max-snippet":"max-snippet:-1","max-image-preview":"max-image-preview:large","max-video-preview":"max-video-preview:-1"},"canonical":"https:\/\/www.palmatin.com\/fr\/demande-de-devis-maison-en-bois\/","og_locale":"fr_FR","og_type":"article","og_title":"Demandez votre devis","og_description":"Besoin d\u2019un prix\/devis pour votre projet de maison en bois ou pr\u00e9fabriqu\u00e9e ? Demandez votre devis d\u00e8s \u00e0 pr\u00e9sent.\u00a0 Remplissez le formulaire ci-dessous et","og_url":"https:\/\/www.palmatin.com\/fr\/demande-de-devis-maison-en-bois\/","og_site_name":"Palmatin.com","article_publisher":"https:\/\/www.facebook.com\/palmatin.wooden.houses","article_modified_time":"2020-07-29T12:03:09+00:00","og_image":[{"width":1920,"height":300,"url":"https:\/\/www.palmatin.com\/wp-content\/uploads\/2018\/08\/log_houses.jpg","type":"image\/jpeg"}],"twitter_card":"summary_large_image","twitter_site":"@palmatinhouses","twitter_misc":{"Dur\u00e9e de lecture estim\u00e9e":"1 minute"},"schema":{"@context":"https:\/\/schema.org","@graph":[{"@type":"WebPage","@id":"https:\/\/www.palmatin.com\/fr\/demande-de-devis-maison-en-bois\/","url":"https:\/\/www.palmatin.com\/fr\/demande-de-devis-maison-en-bois\/","name":"Devis maison en bois, pr\u00e9fabriqu\u00e9e et projet sur mesure","isPartOf":{"@id":"https:\/\/www.palmatin.com\/fr\/#website"},"primaryImageOfPage":{"@id":"https:\/\/www.palmatin.com\/fr\/demande-de-devis-maison-en-bois\/#primaryimage"},"image":{"@id":"https:\/\/www.palmatin.com\/fr\/demande-de-devis-maison-en-bois\/#primaryimage"},"thumbnailUrl":"https:\/\/www.palmatin.com\/wp-content\/uploads\/2018\/08\/log_houses.jpg","datePublished":"2018-08-15T10:27:43+00:00","dateModified":"2020-07-29T12:03:09+00:00","description":"Demandez une estimation pour votre projet de maison en bois ou pr\u00e9fabriqu\u00e9e, une estimation sur mesure. Devis instantann\u00e9e et offres des mod\u00e8les de maisons.","breadcrumb":{"@id":"https:\/\/www.palmatin.com\/fr\/demande-de-devis-maison-en-bois\/#breadcrumb"},"inLanguage":"fr-FR","potentialAction":[{"@type":"ReadAction","target":["https:\/\/www.palmatin.com\/fr\/demande-de-devis-maison-en-bois\/"]}]},{"@type":"ImageObject","inLanguage":"fr-FR","@id":"https:\/\/www.palmatin.com\/fr\/demande-de-devis-maison-en-bois\/#primaryimage","url":"https:\/\/www.palmatin.com\/wp-content\/uploads\/2018\/08\/log_houses.jpg","contentUrl":"https:\/\/www.palmatin.com\/wp-content\/uploads\/2018\/08\/log_houses.jpg","width":1920,"height":300,"caption":"Palmatin mod\u00e8le maison en rondins"},{"@type":"BreadcrumbList","@id":"https:\/\/www.palmatin.com\/fr\/demande-de-devis-maison-en-bois\/#breadcrumb","itemListElement":[{"@type":"ListItem","position":1,"name":"Home","item":"https:\/\/www.palmatin.com\/fr\/"},{"@type":"ListItem","position":2,"name":"Demandez votre devis"}]},{"@type":"WebSite","@id":"https:\/\/www.palmatin.com\/fr\/#website","url":"https:\/\/www.palmatin.com\/fr\/","name":"Palmatin.com","description":"Custom made wooden houses from project to assembly.","publisher":{"@id":"https:\/\/www.palmatin.com\/fr\/#organization"},"inLanguage":"fr-FR"},{"@type":["Organization","Place","HomeAndConstructionBusiness"],"@id":"https:\/\/www.palmatin.com\/fr\/#organization","name":"Palmatin","alternateName":"Palmatin Wooden Houses","url":"https:\/\/www.palmatin.com\/fr\/","logo":{"@id":"https:\/\/www.palmatin.com\/fr\/demande-de-devis-maison-en-bois\/#local-main-organization-logo"},"image":{"@id":"https:\/\/www.palmatin.com\/fr\/demande-de-devis-maison-en-bois\/#local-main-organization-logo"},"sameAs":["https:\/\/www.facebook.com\/palmatin.wooden.houses","https:\/\/x.com\/palmatinhouses","https:\/\/www.instagram.com\/palmatinwoodenhouses\/","https:\/\/www.linkedin.com\/company\/palmatin-wooden-houses","https:\/\/www.pinterest.com\/palmatin\/","https:\/\/www.youtube.com\/channel\/UCS3v-T7tq4sPU5YkEvukfYg"],"description":"Palmatin wooden houses are expertly crafted, sustainable prefabricated element houses and log homes renowned for their durability, energy efficiency, and elegant Nordic design. Combining traditional building techniques with modern technology, Palmatin delivers customized living spaces that blend seamlessly with nature, ensuring comfort, quality, and eco-friendly living for generations.","legalName":"Palmatin O\u00dc","foundingDate":"1995-05-12","numberOfEmployees":{"@type":"QuantitativeValue","minValue":"11","maxValue":"50"},"address":{"@id":"https:\/\/www.palmatin.com\/fr\/demande-de-devis-maison-en-bois\/#local-main-place-address"},"telephone":["(+372) 605 48 95"],"openingHoursSpecification":[{"@type":"OpeningHoursSpecification","dayOfWeek":["Monday","Tuesday","Wednesday","Thursday","Friday"],"opens":"08:00","closes":"17:00"},{"@type":"OpeningHoursSpecification","dayOfWeek":["Saturday","Sunday"],"opens":"00:00","closes":"00:00"}],"email":"info@palmatin.com","faxNumber":"(+372) 605 48 92","areaServed":"world","vatID":"EE100240388","priceRange":"$$$","currenciesAccepted":"Euros"},{"@type":"PostalAddress","@id":"https:\/\/www.palmatin.com\/fr\/demande-de-devis-maison-en-bois\/#local-main-place-address","streetAddress":"Tammi tee 40b","addressLocality":"Rannamoeisa","postalCode":"76906","addressRegion":"Harju parish","addressCountry":"EE"},{"@type":"ImageObject","inLanguage":"fr-FR","@id":"https:\/\/www.palmatin.com\/fr\/demande-de-devis-maison-en-bois\/#local-main-organization-logo","url":"https:\/\/www.palmatin.com\/wp-content\/uploads\/2022\/11\/Logo_wrt.jpg","contentUrl":"https:\/\/www.palmatin.com\/wp-content\/uploads\/2022\/11\/Logo_wrt.jpg","width":1458,"height":857,"caption":"Palmatin"}]},"geo.placename":"Rannamoeisa","geo.region":"Estonie"},"_links":{"self":[{"href":"https:\/\/www.palmatin.com\/fr\/wp-json\/wp\/v2\/pages\/9638","targetHints":{"allow":["GET"]}}],"collection":[{"href":"https:\/\/www.palmatin.com\/fr\/wp-json\/wp\/v2\/pages"}],"about":[{"href":"https:\/\/www.palmatin.com\/fr\/wp-json\/wp\/v2\/types\/page"}],"author":[{"embeddable":true,"href":"https:\/\/www.palmatin.com\/fr\/wp-json\/wp\/v2\/users\/2"}],"replies":[{"embeddable":true,"href":"https:\/\/www.palmatin.com\/fr\/wp-json\/wp\/v2\/comments?post=9638"}],"version-history":[{"count":0,"href":"https:\/\/www.palmatin.com\/fr\/wp-json\/wp\/v2\/pages\/9638\/revisions"}],"wp:featuredmedia":[{"embeddable":true,"href":"https:\/\/www.palmatin.com\/fr\/wp-json\/wp\/v2\/media\/1477"}],"wp:attachment":[{"href":"https:\/\/www.palmatin.com\/fr\/wp-json\/wp\/v2\/media?parent=9638"}],"curies":[{"name":"wp","href":"https:\/\/api.w.org\/{rel}","templated":true}]}}