{"id":9379,"date":"2018-08-06T20:19:18","date_gmt":"2018-08-06T20:19:18","guid":{"rendered":"https:\/\/www.palmatin.com\/prefabricated-elements\/"},"modified":"2019-06-05T05:41:05","modified_gmt":"2019-06-05T05:41:05","slug":"elements-prefabriques","status":"publish","type":"page","link":"https:\/\/www.palmatin.com\/fr\/elements-prefabriques\/","title":{"rendered":"\u00c9l\u00e9ments pr\u00e9fabriqu\u00e9s"},"content":{"rendered":"","protected":false},"excerpt":{"rendered":"","protected":false},"author":1,"featured_media":1802,"parent":0,"menu_order":0,"comment_status":"closed","ping_status":"closed","template":"views\/template-content-blocks.blade.php","meta":{"_acf_changed":false,"footnotes":""},"class_list":["post-9379","page","type-page","status-publish","has-post-thumbnail","hentry"],"acf":[],"yoast_head":"<!-- This site is optimized with the Yoast SEO Premium plugin v27.3 (Yoast SEO v27.3) - https:\/\/yoast.com\/product\/yoast-seo-premium-wordpress\/ -->\n<title>\u00c9l\u00e9ments pr\u00e9fabriqu\u00e9s - Palmatin.com<\/title>\n<meta name=\"description\" content=\"El\u00e9ment de mur ext\u00e9rieur pr\u00e9fabriqu\u00e9 avec fa\u00e7ade en pl\u00e2tre \/ en bois, \u00c9l\u00e9ments de paroi interne pr\u00e9fabriqu\u00e9s, \u00c9l\u00e9ment de plafond pr\u00e9fabriqu\u00e9.\" \/>\n<meta name=\"robots\" content=\"index, follow, max-snippet:-1, max-image-preview:large, max-video-preview:-1\" \/>\n<link rel=\"canonical\" href=\"https:\/\/www.palmatin.com\/fr\/elements-prefabriques\/\" \/>\n<meta property=\"og:locale\" content=\"fr_FR\" \/>\n<meta property=\"og:type\" content=\"article\" \/>\n<meta property=\"og:title\" content=\"\u00c9l\u00e9ments pr\u00e9fabriqu\u00e9s\" \/>\n<meta property=\"og:url\" content=\"https:\/\/www.palmatin.com\/fr\/elements-prefabriques\/\" \/>\n<meta property=\"og:site_name\" content=\"Palmatin.com\" \/>\n<meta property=\"article:publisher\" content=\"https:\/\/www.facebook.com\/palmatin.wooden.houses\" \/>\n<meta property=\"article:modified_time\" content=\"2019-06-05T05:41:05+00:00\" \/>\n<meta property=\"og:image\" content=\"https:\/\/www.palmatin.com\/wp-content\/uploads\/2018\/08\/prefab_house.jpg\" \/>\n\t<meta property=\"og:image:width\" content=\"1920\" \/>\n\t<meta property=\"og:image:height\" content=\"300\" \/>\n\t<meta property=\"og:image:type\" content=\"image\/jpeg\" \/>\n<meta name=\"twitter:card\" content=\"summary_large_image\" \/>\n<meta name=\"twitter:site\" content=\"@palmatinhouses\" \/>\n<script type=\"application\/ld+json\" class=\"yoast-schema-graph\">{\"@context\":\"https:\\\/\\\/schema.org\",\"@graph\":[{\"@type\":\"WebPage\",\"@id\":\"https:\\\/\\\/www.palmatin.com\\\/fr\\\/elements-prefabriques\\\/\",\"url\":\"https:\\\/\\\/www.palmatin.com\\\/fr\\\/elements-prefabriques\\\/\",\"name\":\"\u00c9l\u00e9ments pr\u00e9fabriqu\u00e9s - Palmatin.com\",\"isPartOf\":{\"@id\":\"https:\\\/\\\/www.palmatin.com\\\/fr\\\/#website\"},\"primaryImageOfPage\":{\"@id\":\"https:\\\/\\\/www.palmatin.com\\\/fr\\\/elements-prefabriques\\\/#primaryimage\"},\"image\":{\"@id\":\"https:\\\/\\\/www.palmatin.com\\\/fr\\\/elements-prefabriques\\\/#primaryimage\"},\"thumbnailUrl\":\"https:\\\/\\\/www.palmatin.com\\\/wp-content\\\/uploads\\\/2018\\\/08\\\/prefab_house.jpg\",\"datePublished\":\"2018-08-06T20:19:18+00:00\",\"dateModified\":\"2019-06-05T05:41:05+00:00\",\"description\":\"El\u00e9ment de mur ext\u00e9rieur pr\u00e9fabriqu\u00e9 avec fa\u00e7ade en pl\u00e2tre \\\/ en bois, \u00c9l\u00e9ments de paroi interne pr\u00e9fabriqu\u00e9s, \u00c9l\u00e9ment de plafond pr\u00e9fabriqu\u00e9.\",\"breadcrumb\":{\"@id\":\"https:\\\/\\\/www.palmatin.com\\\/fr\\\/elements-prefabriques\\\/#breadcrumb\"},\"inLanguage\":\"fr-FR\",\"potentialAction\":[{\"@type\":\"ReadAction\",\"target\":[\"https:\\\/\\\/www.palmatin.com\\\/fr\\\/elements-prefabriques\\\/\"]}]},{\"@type\":\"ImageObject\",\"inLanguage\":\"fr-FR\",\"@id\":\"https:\\\/\\\/www.palmatin.com\\\/fr\\\/elements-prefabriques\\\/#primaryimage\",\"url\":\"https:\\\/\\\/www.palmatin.com\\\/wp-content\\\/uploads\\\/2018\\\/08\\\/prefab_house.jpg\",\"contentUrl\":\"https:\\\/\\\/www.palmatin.com\\\/wp-content\\\/uploads\\\/2018\\\/08\\\/prefab_house.jpg\",\"width\":1920,\"height\":300},{\"@type\":\"BreadcrumbList\",\"@id\":\"https:\\\/\\\/www.palmatin.com\\\/fr\\\/elements-prefabriques\\\/#breadcrumb\",\"itemListElement\":[{\"@type\":\"ListItem\",\"position\":1,\"name\":\"Home\",\"item\":\"https:\\\/\\\/www.palmatin.com\\\/fr\\\/\"},{\"@type\":\"ListItem\",\"position\":2,\"name\":\"\u00c9l\u00e9ments pr\u00e9fabriqu\u00e9s\"}]},{\"@type\":\"WebSite\",\"@id\":\"https:\\\/\\\/www.palmatin.com\\\/fr\\\/#website\",\"url\":\"https:\\\/\\\/www.palmatin.com\\\/fr\\\/\",\"name\":\"Palmatin.com\",\"description\":\"Custom made wooden houses from project to assembly.\",\"publisher\":{\"@id\":\"https:\\\/\\\/www.palmatin.com\\\/fr\\\/#organization\"},\"inLanguage\":\"fr-FR\"},{\"@type\":[\"Organization\",\"Place\",\"HomeAndConstructionBusiness\"],\"@id\":\"https:\\\/\\\/www.palmatin.com\\\/fr\\\/#organization\",\"name\":\"Palmatin\",\"alternateName\":\"Palmatin Wooden Houses\",\"url\":\"https:\\\/\\\/www.palmatin.com\\\/fr\\\/\",\"logo\":{\"@id\":\"https:\\\/\\\/www.palmatin.com\\\/fr\\\/elements-prefabriques\\\/#local-main-organization-logo\"},\"image\":{\"@id\":\"https:\\\/\\\/www.palmatin.com\\\/fr\\\/elements-prefabriques\\\/#local-main-organization-logo\"},\"sameAs\":[\"https:\\\/\\\/www.facebook.com\\\/palmatin.wooden.houses\",\"https:\\\/\\\/x.com\\\/palmatinhouses\",\"https:\\\/\\\/www.instagram.com\\\/palmatinwoodenhouses\\\/\",\"https:\\\/\\\/www.linkedin.com\\\/company\\\/palmatin-wooden-houses\",\"https:\\\/\\\/www.pinterest.com\\\/palmatin\\\/\",\"https:\\\/\\\/www.youtube.com\\\/channel\\\/UCS3v-T7tq4sPU5YkEvukfYg\"],\"description\":\"Palmatin wooden houses are expertly crafted, sustainable prefabricated element houses and log homes renowned for their durability, energy efficiency, and elegant Nordic design. Combining traditional building techniques with modern technology, Palmatin delivers customized living spaces that blend seamlessly with nature, ensuring comfort, quality, and eco-friendly living for generations.\",\"legalName\":\"Palmatin O\u00dc\",\"foundingDate\":\"1995-05-12\",\"numberOfEmployees\":{\"@type\":\"QuantitativeValue\",\"minValue\":\"11\",\"maxValue\":\"50\"},\"address\":{\"@id\":\"https:\\\/\\\/www.palmatin.com\\\/fr\\\/elements-prefabriques\\\/#local-main-place-address\"},\"telephone\":[\"(+372) 605 48 95\"],\"openingHoursSpecification\":[{\"@type\":\"OpeningHoursSpecification\",\"dayOfWeek\":[\"Monday\",\"Tuesday\",\"Wednesday\",\"Thursday\",\"Friday\"],\"opens\":\"08:00\",\"closes\":\"17:00\"},{\"@type\":\"OpeningHoursSpecification\",\"dayOfWeek\":[\"Saturday\",\"Sunday\"],\"opens\":\"00:00\",\"closes\":\"00:00\"}],\"email\":\"info@palmatin.com\",\"faxNumber\":\"(+372) 605 48 92\",\"areaServed\":\"world\",\"vatID\":\"EE100240388\",\"priceRange\":\"$$$\",\"currenciesAccepted\":\"Euros\"},{\"@type\":\"PostalAddress\",\"@id\":\"https:\\\/\\\/www.palmatin.com\\\/fr\\\/elements-prefabriques\\\/#local-main-place-address\",\"streetAddress\":\"Tammi tee 40b\",\"addressLocality\":\"Rannamoeisa\",\"postalCode\":\"76906\",\"addressRegion\":\"Harju parish\",\"addressCountry\":\"EE\"},{\"@type\":\"ImageObject\",\"inLanguage\":\"fr-FR\",\"@id\":\"https:\\\/\\\/www.palmatin.com\\\/fr\\\/elements-prefabriques\\\/#local-main-organization-logo\",\"url\":\"https:\\\/\\\/www.palmatin.com\\\/wp-content\\\/uploads\\\/2022\\\/11\\\/Logo_wrt.jpg\",\"contentUrl\":\"https:\\\/\\\/www.palmatin.com\\\/wp-content\\\/uploads\\\/2022\\\/11\\\/Logo_wrt.jpg\",\"width\":1458,\"height\":857,\"caption\":\"Palmatin\"}]}<\/script>\n<meta name=\"geo.placename\" content=\"Rannamoeisa\" \/>\n<meta name=\"geo.region\" content=\"Estonie\" \/>\n<!-- \/ Yoast SEO Premium plugin. -->","yoast_head_json":{"title":"\u00c9l\u00e9ments pr\u00e9fabriqu\u00e9s - Palmatin.com","description":"El\u00e9ment de mur ext\u00e9rieur pr\u00e9fabriqu\u00e9 avec fa\u00e7ade en pl\u00e2tre \/ en bois, \u00c9l\u00e9ments de paroi interne pr\u00e9fabriqu\u00e9s, \u00c9l\u00e9ment de plafond pr\u00e9fabriqu\u00e9.","robots":{"index":"index","follow":"follow","max-snippet":"max-snippet:-1","max-image-preview":"max-image-preview:large","max-video-preview":"max-video-preview:-1"},"canonical":"https:\/\/www.palmatin.com\/fr\/elements-prefabriques\/","og_locale":"fr_FR","og_type":"article","og_title":"\u00c9l\u00e9ments pr\u00e9fabriqu\u00e9s","og_url":"https:\/\/www.palmatin.com\/fr\/elements-prefabriques\/","og_site_name":"Palmatin.com","article_publisher":"https:\/\/www.facebook.com\/palmatin.wooden.houses","article_modified_time":"2019-06-05T05:41:05+00:00","og_image":[{"width":1920,"height":300,"url":"https:\/\/www.palmatin.com\/wp-content\/uploads\/2018\/08\/prefab_house.jpg","type":"image\/jpeg"}],"twitter_card":"summary_large_image","twitter_site":"@palmatinhouses","schema":{"@context":"https:\/\/schema.org","@graph":[{"@type":"WebPage","@id":"https:\/\/www.palmatin.com\/fr\/elements-prefabriques\/","url":"https:\/\/www.palmatin.com\/fr\/elements-prefabriques\/","name":"\u00c9l\u00e9ments pr\u00e9fabriqu\u00e9s - Palmatin.com","isPartOf":{"@id":"https:\/\/www.palmatin.com\/fr\/#website"},"primaryImageOfPage":{"@id":"https:\/\/www.palmatin.com\/fr\/elements-prefabriques\/#primaryimage"},"image":{"@id":"https:\/\/www.palmatin.com\/fr\/elements-prefabriques\/#primaryimage"},"thumbnailUrl":"https:\/\/www.palmatin.com\/wp-content\/uploads\/2018\/08\/prefab_house.jpg","datePublished":"2018-08-06T20:19:18+00:00","dateModified":"2019-06-05T05:41:05+00:00","description":"El\u00e9ment de mur ext\u00e9rieur pr\u00e9fabriqu\u00e9 avec fa\u00e7ade en pl\u00e2tre \/ en bois, \u00c9l\u00e9ments de paroi interne pr\u00e9fabriqu\u00e9s, \u00c9l\u00e9ment de plafond pr\u00e9fabriqu\u00e9.","breadcrumb":{"@id":"https:\/\/www.palmatin.com\/fr\/elements-prefabriques\/#breadcrumb"},"inLanguage":"fr-FR","potentialAction":[{"@type":"ReadAction","target":["https:\/\/www.palmatin.com\/fr\/elements-prefabriques\/"]}]},{"@type":"ImageObject","inLanguage":"fr-FR","@id":"https:\/\/www.palmatin.com\/fr\/elements-prefabriques\/#primaryimage","url":"https:\/\/www.palmatin.com\/wp-content\/uploads\/2018\/08\/prefab_house.jpg","contentUrl":"https:\/\/www.palmatin.com\/wp-content\/uploads\/2018\/08\/prefab_house.jpg","width":1920,"height":300},{"@type":"BreadcrumbList","@id":"https:\/\/www.palmatin.com\/fr\/elements-prefabriques\/#breadcrumb","itemListElement":[{"@type":"ListItem","position":1,"name":"Home","item":"https:\/\/www.palmatin.com\/fr\/"},{"@type":"ListItem","position":2,"name":"\u00c9l\u00e9ments pr\u00e9fabriqu\u00e9s"}]},{"@type":"WebSite","@id":"https:\/\/www.palmatin.com\/fr\/#website","url":"https:\/\/www.palmatin.com\/fr\/","name":"Palmatin.com","description":"Custom made wooden houses from project to assembly.","publisher":{"@id":"https:\/\/www.palmatin.com\/fr\/#organization"},"inLanguage":"fr-FR"},{"@type":["Organization","Place","HomeAndConstructionBusiness"],"@id":"https:\/\/www.palmatin.com\/fr\/#organization","name":"Palmatin","alternateName":"Palmatin Wooden Houses","url":"https:\/\/www.palmatin.com\/fr\/","logo":{"@id":"https:\/\/www.palmatin.com\/fr\/elements-prefabriques\/#local-main-organization-logo"},"image":{"@id":"https:\/\/www.palmatin.com\/fr\/elements-prefabriques\/#local-main-organization-logo"},"sameAs":["https:\/\/www.facebook.com\/palmatin.wooden.houses","https:\/\/x.com\/palmatinhouses","https:\/\/www.instagram.com\/palmatinwoodenhouses\/","https:\/\/www.linkedin.com\/company\/palmatin-wooden-houses","https:\/\/www.pinterest.com\/palmatin\/","https:\/\/www.youtube.com\/channel\/UCS3v-T7tq4sPU5YkEvukfYg"],"description":"Palmatin wooden houses are expertly crafted, sustainable prefabricated element houses and log homes renowned for their durability, energy efficiency, and elegant Nordic design. Combining traditional building techniques with modern technology, Palmatin delivers customized living spaces that blend seamlessly with nature, ensuring comfort, quality, and eco-friendly living for generations.","legalName":"Palmatin O\u00dc","foundingDate":"1995-05-12","numberOfEmployees":{"@type":"QuantitativeValue","minValue":"11","maxValue":"50"},"address":{"@id":"https:\/\/www.palmatin.com\/fr\/elements-prefabriques\/#local-main-place-address"},"telephone":["(+372) 605 48 95"],"openingHoursSpecification":[{"@type":"OpeningHoursSpecification","dayOfWeek":["Monday","Tuesday","Wednesday","Thursday","Friday"],"opens":"08:00","closes":"17:00"},{"@type":"OpeningHoursSpecification","dayOfWeek":["Saturday","Sunday"],"opens":"00:00","closes":"00:00"}],"email":"info@palmatin.com","faxNumber":"(+372) 605 48 92","areaServed":"world","vatID":"EE100240388","priceRange":"$$$","currenciesAccepted":"Euros"},{"@type":"PostalAddress","@id":"https:\/\/www.palmatin.com\/fr\/elements-prefabriques\/#local-main-place-address","streetAddress":"Tammi tee 40b","addressLocality":"Rannamoeisa","postalCode":"76906","addressRegion":"Harju parish","addressCountry":"EE"},{"@type":"ImageObject","inLanguage":"fr-FR","@id":"https:\/\/www.palmatin.com\/fr\/elements-prefabriques\/#local-main-organization-logo","url":"https:\/\/www.palmatin.com\/wp-content\/uploads\/2022\/11\/Logo_wrt.jpg","contentUrl":"https:\/\/www.palmatin.com\/wp-content\/uploads\/2022\/11\/Logo_wrt.jpg","width":1458,"height":857,"caption":"Palmatin"}]},"geo.placename":"Rannamoeisa","geo.region":"Estonie"},"_links":{"self":[{"href":"https:\/\/www.palmatin.com\/fr\/wp-json\/wp\/v2\/pages\/9379","targetHints":{"allow":["GET"]}}],"collection":[{"href":"https:\/\/www.palmatin.com\/fr\/wp-json\/wp\/v2\/pages"}],"about":[{"href":"https:\/\/www.palmatin.com\/fr\/wp-json\/wp\/v2\/types\/page"}],"author":[{"embeddable":true,"href":"https:\/\/www.palmatin.com\/fr\/wp-json\/wp\/v2\/users\/1"}],"replies":[{"embeddable":true,"href":"https:\/\/www.palmatin.com\/fr\/wp-json\/wp\/v2\/comments?post=9379"}],"version-history":[{"count":0,"href":"https:\/\/www.palmatin.com\/fr\/wp-json\/wp\/v2\/pages\/9379\/revisions"}],"wp:featuredmedia":[{"embeddable":true,"href":"https:\/\/www.palmatin.com\/fr\/wp-json\/wp\/v2\/media\/1802"}],"wp:attachment":[{"href":"https:\/\/www.palmatin.com\/fr\/wp-json\/wp\/v2\/media?parent=9379"}],"curies":[{"name":"wp","href":"https:\/\/api.w.org\/{rel}","templated":true}]}}