{"id":1476,"date":"2018-07-02T10:23:49","date_gmt":"2018-07-02T10:23:49","guid":{"rendered":"https:\/\/www.palmatin.com\/gallery\/"},"modified":"2023-11-10T06:47:24","modified_gmt":"2023-11-10T06:47:24","slug":"galerie","status":"publish","type":"page","link":"https:\/\/www.palmatin.com\/fr\/galerie\/","title":{"rendered":"Galerie"},"content":{"rendered":"<p>Ici, vous pouvez parcourir notre galerie de photos de maisons en bois massif. Voici quelques-unes de nos r\u00e9alisations en mati\u00e8re de maisons en bois au fil des ans.<\/p>\n<p>Notre galerie de photos de maisons en bois massif a \u00e9t\u00e9 divis\u00e9e en diff\u00e9rentes cat\u00e9gories. Ici vous pouvez trouver des photos de maisons en bois comme : photos d&rsquo;ext\u00e9rieur, photos d&rsquo;int\u00e9rieur, portes et fen\u00eatres, photos de construction.<\/p>\n<p>Dans la galerie de photos de maisons en bois massif, vous trouverez des photos de l&rsquo;ext\u00e9rieur de maisons finies. La galerie de l&rsquo;int\u00e9rieur des maisons en bois contient des photos int\u00e9ressantes d&rsquo;int\u00e9rieurs qui, nous l&rsquo;esp\u00e9rons, vous aideront \u00e0 prendre des d\u00e9cisions en mati\u00e8re de planification. Dans la galerie des portes et des fen\u00eatres, il existe diff\u00e9rents types de solutions de finition que vous pouvez choisir.<\/p>\n<p>Lorsque vous trouvez une maison qui vous pla\u00eet vraiment et que vous souhaitez en savoir plus sur son prix et les d\u00e9tails de sa construction, nous avons mis \u00e0 votre disposition un simple bouton de demande de renseignements. Il nous enverra des informations sur l&rsquo;image que vous avez visualis\u00e9e, votre adresse \u00e9lectronique et votre question. Nous r\u00e9pondrons rapidement \u00e0 votre demande, alors n&rsquo;h\u00e9sitez pas \u00e0 nous contacter.<\/p>\n","protected":false},"excerpt":{"rendered":"<p>Ici, vous pouvez parcourir notre galerie de photos de maisons en bois massif. Voici quelques-unes de nos r\u00e9alisations en mati\u00e8re de maisons en bois au fil des ans. Notre galerie de photos de maisons en bois massif a \u00e9t\u00e9 divis\u00e9e en diff\u00e9rentes cat\u00e9gories. Ici vous pouvez trouver des photos de maisons en bois comme : &hellip; <a href=\"https:\/\/www.palmatin.com\/fr\/galerie\/\">A continu\u00e9<\/a><\/p>\n","protected":false},"author":1,"featured_media":1477,"parent":0,"menu_order":0,"comment_status":"closed","ping_status":"closed","template":"views\/template-gallery.blade.php","meta":{"_acf_changed":false,"footnotes":""},"class_list":["post-1476","page","type-page","status-publish","has-post-thumbnail","hentry"],"acf":[],"yoast_head":"<!-- This site is optimized with the Yoast SEO Premium plugin v27.3 (Yoast SEO v27.3) - https:\/\/yoast.com\/product\/yoast-seo-premium-wordpress\/ -->\n<title>Galerie de photos de maisons en bois massif avec de belles photos de maisons en bois massif<\/title>\n<meta name=\"description\" content=\"D\u00e9couvrez de belles maisons en rondins - Images de diff\u00e9rents int\u00e9rieurs de maisons en rondins, ext\u00e9rieurs de maisons en rondins et images de maisons en cours de construction construites par Palmatin.\" \/>\n<meta name=\"robots\" content=\"index, follow, max-snippet:-1, max-image-preview:large, max-video-preview:-1\" \/>\n<link rel=\"canonical\" href=\"https:\/\/www.palmatin.com\/fr\/galerie\/\" \/>\n<meta property=\"og:locale\" content=\"fr_FR\" \/>\n<meta property=\"og:type\" content=\"article\" \/>\n<meta property=\"og:title\" content=\"Galerie\" \/>\n<meta property=\"og:description\" content=\"Ici, vous pouvez parcourir notre galerie de photos de maisons en bois massif. Voici quelques-unes de nos r\u00e9alisations en mati\u00e8re de maisons en bois au fil\" \/>\n<meta property=\"og:url\" content=\"https:\/\/www.palmatin.com\/fr\/galerie\/\" \/>\n<meta property=\"og:site_name\" content=\"Palmatin.com\" \/>\n<meta property=\"article:publisher\" content=\"https:\/\/www.facebook.com\/palmatin.wooden.houses\" \/>\n<meta property=\"article:modified_time\" content=\"2023-11-10T06:47:24+00:00\" \/>\n<meta property=\"og:image\" content=\"https:\/\/www.palmatin.com\/wp-content\/uploads\/2018\/08\/log_houses.jpg\" \/>\n\t<meta property=\"og:image:width\" content=\"1920\" \/>\n\t<meta property=\"og:image:height\" content=\"300\" \/>\n\t<meta property=\"og:image:type\" content=\"image\/jpeg\" \/>\n<meta name=\"twitter:card\" content=\"summary_large_image\" \/>\n<meta name=\"twitter:site\" content=\"@palmatinhouses\" \/>\n<meta name=\"twitter:label1\" content=\"Dur\u00e9e de lecture estim\u00e9e\" \/>\n\t<meta name=\"twitter:data1\" content=\"1 minute\" \/>\n<script type=\"application\/ld+json\" class=\"yoast-schema-graph\">{\"@context\":\"https:\\\/\\\/schema.org\",\"@graph\":[{\"@type\":\"WebPage\",\"@id\":\"https:\\\/\\\/www.palmatin.com\\\/fr\\\/galerie\\\/\",\"url\":\"https:\\\/\\\/www.palmatin.com\\\/fr\\\/galerie\\\/\",\"name\":\"Galerie de photos de maisons en bois massif avec de belles photos de maisons en bois massif\",\"isPartOf\":{\"@id\":\"https:\\\/\\\/www.palmatin.com\\\/fr\\\/#website\"},\"primaryImageOfPage\":{\"@id\":\"https:\\\/\\\/www.palmatin.com\\\/fr\\\/galerie\\\/#primaryimage\"},\"image\":{\"@id\":\"https:\\\/\\\/www.palmatin.com\\\/fr\\\/galerie\\\/#primaryimage\"},\"thumbnailUrl\":\"https:\\\/\\\/www.palmatin.com\\\/wp-content\\\/uploads\\\/2018\\\/08\\\/log_houses.jpg\",\"datePublished\":\"2018-07-02T10:23:49+00:00\",\"dateModified\":\"2023-11-10T06:47:24+00:00\",\"description\":\"D\u00e9couvrez de belles maisons en rondins - Images de diff\u00e9rents int\u00e9rieurs de maisons en rondins, ext\u00e9rieurs de maisons en rondins et images de maisons en cours de construction construites par Palmatin.\",\"breadcrumb\":{\"@id\":\"https:\\\/\\\/www.palmatin.com\\\/fr\\\/galerie\\\/#breadcrumb\"},\"inLanguage\":\"fr-FR\",\"potentialAction\":[{\"@type\":\"ReadAction\",\"target\":[\"https:\\\/\\\/www.palmatin.com\\\/fr\\\/galerie\\\/\"]}]},{\"@type\":\"ImageObject\",\"inLanguage\":\"fr-FR\",\"@id\":\"https:\\\/\\\/www.palmatin.com\\\/fr\\\/galerie\\\/#primaryimage\",\"url\":\"https:\\\/\\\/www.palmatin.com\\\/wp-content\\\/uploads\\\/2018\\\/08\\\/log_houses.jpg\",\"contentUrl\":\"https:\\\/\\\/www.palmatin.com\\\/wp-content\\\/uploads\\\/2018\\\/08\\\/log_houses.jpg\",\"width\":1920,\"height\":300,\"caption\":\"Palmatin mod\u00e8le maison en rondins\"},{\"@type\":\"BreadcrumbList\",\"@id\":\"https:\\\/\\\/www.palmatin.com\\\/fr\\\/galerie\\\/#breadcrumb\",\"itemListElement\":[{\"@type\":\"ListItem\",\"position\":1,\"name\":\"Home\",\"item\":\"https:\\\/\\\/www.palmatin.com\\\/fr\\\/\"},{\"@type\":\"ListItem\",\"position\":2,\"name\":\"Galerie\"}]},{\"@type\":\"WebSite\",\"@id\":\"https:\\\/\\\/www.palmatin.com\\\/fr\\\/#website\",\"url\":\"https:\\\/\\\/www.palmatin.com\\\/fr\\\/\",\"name\":\"Palmatin.com\",\"description\":\"Custom made wooden houses from project to assembly.\",\"publisher\":{\"@id\":\"https:\\\/\\\/www.palmatin.com\\\/fr\\\/#organization\"},\"inLanguage\":\"fr-FR\"},{\"@type\":[\"Organization\",\"Place\",\"HomeAndConstructionBusiness\"],\"@id\":\"https:\\\/\\\/www.palmatin.com\\\/fr\\\/#organization\",\"name\":\"Palmatin\",\"alternateName\":\"Palmatin Wooden Houses\",\"url\":\"https:\\\/\\\/www.palmatin.com\\\/fr\\\/\",\"logo\":{\"@id\":\"https:\\\/\\\/www.palmatin.com\\\/fr\\\/galerie\\\/#local-main-organization-logo\"},\"image\":{\"@id\":\"https:\\\/\\\/www.palmatin.com\\\/fr\\\/galerie\\\/#local-main-organization-logo\"},\"sameAs\":[\"https:\\\/\\\/www.facebook.com\\\/palmatin.wooden.houses\",\"https:\\\/\\\/x.com\\\/palmatinhouses\",\"https:\\\/\\\/www.instagram.com\\\/palmatinwoodenhouses\\\/\",\"https:\\\/\\\/www.linkedin.com\\\/company\\\/palmatin-wooden-houses\",\"https:\\\/\\\/www.pinterest.com\\\/palmatin\\\/\",\"https:\\\/\\\/www.youtube.com\\\/channel\\\/UCS3v-T7tq4sPU5YkEvukfYg\"],\"description\":\"Palmatin wooden houses are expertly crafted, sustainable prefabricated element houses and log homes renowned for their durability, energy efficiency, and elegant Nordic design. Combining traditional building techniques with modern technology, Palmatin delivers customized living spaces that blend seamlessly with nature, ensuring comfort, quality, and eco-friendly living for generations.\",\"legalName\":\"Palmatin O\u00dc\",\"foundingDate\":\"1995-05-12\",\"numberOfEmployees\":{\"@type\":\"QuantitativeValue\",\"minValue\":\"11\",\"maxValue\":\"50\"},\"address\":{\"@id\":\"https:\\\/\\\/www.palmatin.com\\\/fr\\\/galerie\\\/#local-main-place-address\"},\"telephone\":[\"(+372) 605 48 95\"],\"openingHoursSpecification\":[{\"@type\":\"OpeningHoursSpecification\",\"dayOfWeek\":[\"Monday\",\"Tuesday\",\"Wednesday\",\"Thursday\",\"Friday\"],\"opens\":\"08:00\",\"closes\":\"17:00\"},{\"@type\":\"OpeningHoursSpecification\",\"dayOfWeek\":[\"Saturday\",\"Sunday\"],\"opens\":\"00:00\",\"closes\":\"00:00\"}],\"email\":\"info@palmatin.com\",\"faxNumber\":\"(+372) 605 48 92\",\"areaServed\":\"world\",\"vatID\":\"EE100240388\",\"priceRange\":\"$$$\",\"currenciesAccepted\":\"Euros\"},{\"@type\":\"PostalAddress\",\"@id\":\"https:\\\/\\\/www.palmatin.com\\\/fr\\\/galerie\\\/#local-main-place-address\",\"streetAddress\":\"Tammi tee 40b\",\"addressLocality\":\"Rannamoeisa\",\"postalCode\":\"76906\",\"addressRegion\":\"Harju parish\",\"addressCountry\":\"EE\"},{\"@type\":\"ImageObject\",\"inLanguage\":\"fr-FR\",\"@id\":\"https:\\\/\\\/www.palmatin.com\\\/fr\\\/galerie\\\/#local-main-organization-logo\",\"url\":\"https:\\\/\\\/www.palmatin.com\\\/wp-content\\\/uploads\\\/2022\\\/11\\\/Logo_wrt.jpg\",\"contentUrl\":\"https:\\\/\\\/www.palmatin.com\\\/wp-content\\\/uploads\\\/2022\\\/11\\\/Logo_wrt.jpg\",\"width\":1458,\"height\":857,\"caption\":\"Palmatin\"}]}<\/script>\n<meta name=\"geo.placename\" content=\"Rannamoeisa\" \/>\n<meta name=\"geo.region\" content=\"Estonie\" \/>\n<!-- \/ Yoast SEO Premium plugin. -->","yoast_head_json":{"title":"Galerie de photos de maisons en bois massif avec de belles photos de maisons en bois massif","description":"D\u00e9couvrez de belles maisons en rondins - Images de diff\u00e9rents int\u00e9rieurs de maisons en rondins, ext\u00e9rieurs de maisons en rondins et images de maisons en cours de construction construites par Palmatin.","robots":{"index":"index","follow":"follow","max-snippet":"max-snippet:-1","max-image-preview":"max-image-preview:large","max-video-preview":"max-video-preview:-1"},"canonical":"https:\/\/www.palmatin.com\/fr\/galerie\/","og_locale":"fr_FR","og_type":"article","og_title":"Galerie","og_description":"Ici, vous pouvez parcourir notre galerie de photos de maisons en bois massif. Voici quelques-unes de nos r\u00e9alisations en mati\u00e8re de maisons en bois au fil","og_url":"https:\/\/www.palmatin.com\/fr\/galerie\/","og_site_name":"Palmatin.com","article_publisher":"https:\/\/www.facebook.com\/palmatin.wooden.houses","article_modified_time":"2023-11-10T06:47:24+00:00","og_image":[{"width":1920,"height":300,"url":"https:\/\/www.palmatin.com\/wp-content\/uploads\/2018\/08\/log_houses.jpg","type":"image\/jpeg"}],"twitter_card":"summary_large_image","twitter_site":"@palmatinhouses","twitter_misc":{"Dur\u00e9e de lecture estim\u00e9e":"1 minute"},"schema":{"@context":"https:\/\/schema.org","@graph":[{"@type":"WebPage","@id":"https:\/\/www.palmatin.com\/fr\/galerie\/","url":"https:\/\/www.palmatin.com\/fr\/galerie\/","name":"Galerie de photos de maisons en bois massif avec de belles photos de maisons en bois massif","isPartOf":{"@id":"https:\/\/www.palmatin.com\/fr\/#website"},"primaryImageOfPage":{"@id":"https:\/\/www.palmatin.com\/fr\/galerie\/#primaryimage"},"image":{"@id":"https:\/\/www.palmatin.com\/fr\/galerie\/#primaryimage"},"thumbnailUrl":"https:\/\/www.palmatin.com\/wp-content\/uploads\/2018\/08\/log_houses.jpg","datePublished":"2018-07-02T10:23:49+00:00","dateModified":"2023-11-10T06:47:24+00:00","description":"D\u00e9couvrez de belles maisons en rondins - Images de diff\u00e9rents int\u00e9rieurs de maisons en rondins, ext\u00e9rieurs de maisons en rondins et images de maisons en cours de construction construites par Palmatin.","breadcrumb":{"@id":"https:\/\/www.palmatin.com\/fr\/galerie\/#breadcrumb"},"inLanguage":"fr-FR","potentialAction":[{"@type":"ReadAction","target":["https:\/\/www.palmatin.com\/fr\/galerie\/"]}]},{"@type":"ImageObject","inLanguage":"fr-FR","@id":"https:\/\/www.palmatin.com\/fr\/galerie\/#primaryimage","url":"https:\/\/www.palmatin.com\/wp-content\/uploads\/2018\/08\/log_houses.jpg","contentUrl":"https:\/\/www.palmatin.com\/wp-content\/uploads\/2018\/08\/log_houses.jpg","width":1920,"height":300,"caption":"Palmatin mod\u00e8le maison en rondins"},{"@type":"BreadcrumbList","@id":"https:\/\/www.palmatin.com\/fr\/galerie\/#breadcrumb","itemListElement":[{"@type":"ListItem","position":1,"name":"Home","item":"https:\/\/www.palmatin.com\/fr\/"},{"@type":"ListItem","position":2,"name":"Galerie"}]},{"@type":"WebSite","@id":"https:\/\/www.palmatin.com\/fr\/#website","url":"https:\/\/www.palmatin.com\/fr\/","name":"Palmatin.com","description":"Custom made wooden houses from project to assembly.","publisher":{"@id":"https:\/\/www.palmatin.com\/fr\/#organization"},"inLanguage":"fr-FR"},{"@type":["Organization","Place","HomeAndConstructionBusiness"],"@id":"https:\/\/www.palmatin.com\/fr\/#organization","name":"Palmatin","alternateName":"Palmatin Wooden Houses","url":"https:\/\/www.palmatin.com\/fr\/","logo":{"@id":"https:\/\/www.palmatin.com\/fr\/galerie\/#local-main-organization-logo"},"image":{"@id":"https:\/\/www.palmatin.com\/fr\/galerie\/#local-main-organization-logo"},"sameAs":["https:\/\/www.facebook.com\/palmatin.wooden.houses","https:\/\/x.com\/palmatinhouses","https:\/\/www.instagram.com\/palmatinwoodenhouses\/","https:\/\/www.linkedin.com\/company\/palmatin-wooden-houses","https:\/\/www.pinterest.com\/palmatin\/","https:\/\/www.youtube.com\/channel\/UCS3v-T7tq4sPU5YkEvukfYg"],"description":"Palmatin wooden houses are expertly crafted, sustainable prefabricated element houses and log homes renowned for their durability, energy efficiency, and elegant Nordic design. Combining traditional building techniques with modern technology, Palmatin delivers customized living spaces that blend seamlessly with nature, ensuring comfort, quality, and eco-friendly living for generations.","legalName":"Palmatin O\u00dc","foundingDate":"1995-05-12","numberOfEmployees":{"@type":"QuantitativeValue","minValue":"11","maxValue":"50"},"address":{"@id":"https:\/\/www.palmatin.com\/fr\/galerie\/#local-main-place-address"},"telephone":["(+372) 605 48 95"],"openingHoursSpecification":[{"@type":"OpeningHoursSpecification","dayOfWeek":["Monday","Tuesday","Wednesday","Thursday","Friday"],"opens":"08:00","closes":"17:00"},{"@type":"OpeningHoursSpecification","dayOfWeek":["Saturday","Sunday"],"opens":"00:00","closes":"00:00"}],"email":"info@palmatin.com","faxNumber":"(+372) 605 48 92","areaServed":"world","vatID":"EE100240388","priceRange":"$$$","currenciesAccepted":"Euros"},{"@type":"PostalAddress","@id":"https:\/\/www.palmatin.com\/fr\/galerie\/#local-main-place-address","streetAddress":"Tammi tee 40b","addressLocality":"Rannamoeisa","postalCode":"76906","addressRegion":"Harju parish","addressCountry":"EE"},{"@type":"ImageObject","inLanguage":"fr-FR","@id":"https:\/\/www.palmatin.com\/fr\/galerie\/#local-main-organization-logo","url":"https:\/\/www.palmatin.com\/wp-content\/uploads\/2022\/11\/Logo_wrt.jpg","contentUrl":"https:\/\/www.palmatin.com\/wp-content\/uploads\/2022\/11\/Logo_wrt.jpg","width":1458,"height":857,"caption":"Palmatin"}]},"geo.placename":"Rannamoeisa","geo.region":"Estonie"},"_links":{"self":[{"href":"https:\/\/www.palmatin.com\/fr\/wp-json\/wp\/v2\/pages\/1476","targetHints":{"allow":["GET"]}}],"collection":[{"href":"https:\/\/www.palmatin.com\/fr\/wp-json\/wp\/v2\/pages"}],"about":[{"href":"https:\/\/www.palmatin.com\/fr\/wp-json\/wp\/v2\/types\/page"}],"author":[{"embeddable":true,"href":"https:\/\/www.palmatin.com\/fr\/wp-json\/wp\/v2\/users\/1"}],"replies":[{"embeddable":true,"href":"https:\/\/www.palmatin.com\/fr\/wp-json\/wp\/v2\/comments?post=1476"}],"version-history":[{"count":0,"href":"https:\/\/www.palmatin.com\/fr\/wp-json\/wp\/v2\/pages\/1476\/revisions"}],"wp:featuredmedia":[{"embeddable":true,"href":"https:\/\/www.palmatin.com\/fr\/wp-json\/wp\/v2\/media\/1477"}],"wp:attachment":[{"href":"https:\/\/www.palmatin.com\/fr\/wp-json\/wp\/v2\/media?parent=1476"}],"curies":[{"name":"wp","href":"https:\/\/api.w.org\/{rel}","templated":true}]}}