{"id":10545,"date":"2019-04-17T08:58:59","date_gmt":"2019-04-17T08:58:59","guid":{"rendered":"https:\/\/www.palmatin.com\/free-e-books\/download\/"},"modified":"2020-07-29T12:36:18","modified_gmt":"2020-07-29T12:36:18","slug":"telechargez-les-e-books","status":"publish","type":"page","link":"https:\/\/www.palmatin.com\/fr\/e-books-gratuits\/telechargez-les-e-books\/","title":{"rendered":"T\u00e9l\u00e9chargez les e-books"},"content":{"rendered":"<p>Palmatin met \u00e0 votre disposition des E-books \u00e0 t\u00e9l\u00e9charger autour de la maison et du bois, \u00e0 ossature bois et de la maison pr\u00e9fabriqu\u00e9e. De l&rsquo;entretien d&rsquo;une maison en bois \u00e0 la d\u00e9coration d&rsquo;un salon de jardin, s\u00e9lectionnez des id\u00e9es, astuces et conseils.\u00a0 Des sujets vari\u00e9s, cibl\u00e9s et abord\u00e9s en d\u00e9tails.<br \/>\nLes e-books sont \u00e0 t\u00e9l\u00e9charger gratuitement.<\/p>\n<p><em>Autour de la maison:<\/em><br \/>\n<a href=\"https:\/\/www.palmatin.com\/fr\/recevez-gratuitement-votre-catalogues-au-format-pdf\/\"><em>D\u00e9couvrez nos catalogues et brochures.\u00a0<\/em><\/a><\/p>\n<p>&nbsp;<\/p>\n<table width=\"100%\">\n<tbody>\n<tr>\n<td style=\"text-align: center; padding: 20px;\" width=\"25%\"><img decoding=\"async\" class=\"alignnone size-full wp-image-1069\" src=\"https:\/\/www.palmatin.com\/wp-content\/uploads\/2018\/10\/book1-1.jpg\" alt=\"\" width=\"100%\" \/><\/td>\n<td style=\"text-align: center; padding: 20px;\" width=\"25%\"><img decoding=\"async\" class=\"alignnone size-full wp-image-1069\" src=\"https:\/\/www.palmatin.com\/wp-content\/uploads\/2018\/10\/book2-1.jpg\" alt=\"\" width=\"100%\" \/><\/td>\n<td style=\"text-align: center; padding: 20px;\" width=\"25%\"><img decoding=\"async\" class=\"alignnone size-full wp-image-1069\" src=\"https:\/\/www.palmatin.com\/wp-content\/uploads\/2018\/10\/book3-1.jpg\" alt=\"\" width=\"100%\" \/><\/td>\n<td style=\"text-align: center; padding: 20px;\" width=\"25%\"><img decoding=\"async\" class=\"alignnone size-full wp-image-1069\" src=\"https:\/\/www.palmatin.com\/wp-content\/uploads\/2018\/10\/book4-1.jpg\" alt=\"\" width=\"100%\" \/><\/td>\n<\/tr>\n<tr>\n<td style=\"text-align: center; padding: 20px;\"><strong>12 facteurs influen\u00e7ant le prix d&rsquo;une maison en bois<\/strong><\/td>\n<td style=\"text-align: center; padding: 20px;\"><strong>Astuces pour peindre une maison en bois<\/strong><\/td>\n<td style=\"text-align: center; padding: 20px;\"><strong>Garden office<\/strong><\/td>\n<td style=\"text-align: center; padding: 20px;\"><strong>Efficacit\u00e9 \u00e9nerg\u00e9tique des maisons en bois et des maisons pr\u00e9fabriqu\u00e9es<\/strong><\/td>\n<\/tr>\n<tr>\n<td style=\"text-align: center; padding: 20px;\"><a href=\"https:\/\/www.palmatin.com\/wp-content\/uploads\/2019\/11\/12-factors-influencing-the-price-of-a-log-house-FR.pdf\" target=\"_blank\" rel=\"noopener noreferrer\">T\u00c9L\u00c9CHARGER<\/a><\/td>\n<td style=\"text-align: center; padding: 20px;\"><a href=\"https:\/\/www.palmatin.com\/wp-content\/uploads\/2019\/04\/Good-tips-for-painting-a-wooden-house.pdf\" target=\"_blank\" rel=\"noopener noreferrer\">T\u00c9L\u00c9CHARGER<\/a><\/td>\n<td style=\"text-align: center; padding: 20px;\"><a href=\"https:\/\/www.palmatin.com\/wp-content\/uploads\/2019\/04\/garden-office2.pdf\" target=\"_blank\" rel=\"noopener noreferrer\">T\u00c9L\u00c9CHARGER<\/a><\/td>\n<td style=\"text-align: center; padding: 20px;\"><a href=\"https:\/\/www.palmatin.com\/wp-content\/uploads\/2019\/04\/Energy-efficiency-of-log-houses-and-prefabricated-houses.pdf\" target=\"_blank\" rel=\"noopener noreferrer\">T\u00c9L\u00c9CHARGER<\/a><\/td>\n<\/tr>\n<\/tbody>\n<\/table>\n","protected":false},"excerpt":{"rendered":"<p>Palmatin met \u00e0 votre disposition des E-books \u00e0 t\u00e9l\u00e9charger autour de la maison et du bois, \u00e0 ossature bois et de la maison pr\u00e9fabriqu\u00e9e. De l&rsquo;entretien d&rsquo;une maison en bois \u00e0 la d\u00e9coration d&rsquo;un salon de jardin, s\u00e9lectionnez des id\u00e9es, astuces et conseils.\u00a0 Des sujets vari\u00e9s, cibl\u00e9s et abord\u00e9s en d\u00e9tails. Les e-books sont \u00e0 &hellip; <a href=\"https:\/\/www.palmatin.com\/fr\/e-books-gratuits\/telechargez-les-e-books\/\">A continu\u00e9<\/a><\/p>\n","protected":false},"author":2,"featured_media":1477,"parent":9802,"menu_order":0,"comment_status":"closed","ping_status":"closed","template":"views\/template-page.blade.php","meta":{"_acf_changed":false,"footnotes":""},"class_list":["post-10545","page","type-page","status-publish","has-post-thumbnail","hentry"],"acf":[],"yoast_head":"<!-- This site is optimized with the Yoast SEO Premium plugin v27.3 (Yoast SEO v27.4) - https:\/\/yoast.com\/product\/yoast-seo-premium-wordpress\/ -->\n<title>E-books \u00e0 t\u00e9l\u00e9charger gratuitement: autour de la maison et du bois<\/title>\n<meta name=\"description\" content=\"Autour de la maison: Palmatin met \u00e0 votre des dispositions des astuces, info et conseils sous forme de e-books \u00e0 t\u00e9l\u00e9charger! Maisons bois et pr\u00e9fabriqu\u00e9es\" \/>\n<meta name=\"robots\" content=\"index, follow, max-snippet:-1, max-image-preview:large, max-video-preview:-1\" \/>\n<link rel=\"canonical\" href=\"https:\/\/www.palmatin.com\/fr\/e-books-gratuits\/telechargez-les-e-books\/\" \/>\n<meta property=\"og:locale\" content=\"fr_FR\" \/>\n<meta property=\"og:type\" content=\"article\" \/>\n<meta property=\"og:title\" content=\"T\u00e9l\u00e9chargez les e-books\" \/>\n<meta property=\"og:description\" content=\"Palmatin met \u00e0 votre disposition des E-books \u00e0 t\u00e9l\u00e9charger autour de la maison et du bois, \u00e0 ossature bois et de la maison pr\u00e9fabriqu\u00e9e. De l&#039;entretien\" \/>\n<meta property=\"og:url\" content=\"https:\/\/www.palmatin.com\/fr\/e-books-gratuits\/telechargez-les-e-books\/\" \/>\n<meta property=\"og:site_name\" content=\"Palmatin.com\" \/>\n<meta property=\"article:publisher\" content=\"https:\/\/www.facebook.com\/palmatin.wooden.houses\" \/>\n<meta property=\"article:modified_time\" content=\"2020-07-29T12:36:18+00:00\" \/>\n<meta property=\"og:image\" content=\"https:\/\/www.palmatin.com\/wp-content\/uploads\/2018\/08\/log_houses.jpg\" \/>\n\t<meta property=\"og:image:width\" content=\"1920\" \/>\n\t<meta property=\"og:image:height\" content=\"300\" \/>\n\t<meta property=\"og:image:type\" content=\"image\/jpeg\" \/>\n<meta name=\"twitter:card\" content=\"summary_large_image\" \/>\n<meta name=\"twitter:site\" content=\"@palmatinhouses\" \/>\n<meta name=\"twitter:label1\" content=\"Dur\u00e9e de lecture estim\u00e9e\" \/>\n\t<meta name=\"twitter:data1\" content=\"1 minute\" \/>\n<script type=\"application\/ld+json\" class=\"yoast-schema-graph\">{\"@context\":\"https:\\\/\\\/schema.org\",\"@graph\":[{\"@type\":\"WebPage\",\"@id\":\"https:\\\/\\\/www.palmatin.com\\\/fr\\\/e-books-gratuits\\\/telechargez-les-e-books\\\/\",\"url\":\"https:\\\/\\\/www.palmatin.com\\\/fr\\\/e-books-gratuits\\\/telechargez-les-e-books\\\/\",\"name\":\"E-books \u00e0 t\u00e9l\u00e9charger gratuitement: autour de la maison et du bois\",\"isPartOf\":{\"@id\":\"https:\\\/\\\/www.palmatin.com\\\/fr\\\/#website\"},\"primaryImageOfPage\":{\"@id\":\"https:\\\/\\\/www.palmatin.com\\\/fr\\\/e-books-gratuits\\\/telechargez-les-e-books\\\/#primaryimage\"},\"image\":{\"@id\":\"https:\\\/\\\/www.palmatin.com\\\/fr\\\/e-books-gratuits\\\/telechargez-les-e-books\\\/#primaryimage\"},\"thumbnailUrl\":\"https:\\\/\\\/www.palmatin.com\\\/wp-content\\\/uploads\\\/2018\\\/08\\\/log_houses.jpg\",\"datePublished\":\"2019-04-17T08:58:59+00:00\",\"dateModified\":\"2020-07-29T12:36:18+00:00\",\"description\":\"Autour de la maison: Palmatin met \u00e0 votre des dispositions des astuces, info et conseils sous forme de e-books \u00e0 t\u00e9l\u00e9charger! Maisons bois et pr\u00e9fabriqu\u00e9es\",\"breadcrumb\":{\"@id\":\"https:\\\/\\\/www.palmatin.com\\\/fr\\\/e-books-gratuits\\\/telechargez-les-e-books\\\/#breadcrumb\"},\"inLanguage\":\"fr-FR\",\"potentialAction\":[{\"@type\":\"ReadAction\",\"target\":[\"https:\\\/\\\/www.palmatin.com\\\/fr\\\/e-books-gratuits\\\/telechargez-les-e-books\\\/\"]}]},{\"@type\":\"ImageObject\",\"inLanguage\":\"fr-FR\",\"@id\":\"https:\\\/\\\/www.palmatin.com\\\/fr\\\/e-books-gratuits\\\/telechargez-les-e-books\\\/#primaryimage\",\"url\":\"https:\\\/\\\/www.palmatin.com\\\/wp-content\\\/uploads\\\/2018\\\/08\\\/log_houses.jpg\",\"contentUrl\":\"https:\\\/\\\/www.palmatin.com\\\/wp-content\\\/uploads\\\/2018\\\/08\\\/log_houses.jpg\",\"width\":1920,\"height\":300,\"caption\":\"Palmatin mod\u00e8le maison en rondins\"},{\"@type\":\"BreadcrumbList\",\"@id\":\"https:\\\/\\\/www.palmatin.com\\\/fr\\\/e-books-gratuits\\\/telechargez-les-e-books\\\/#breadcrumb\",\"itemListElement\":[{\"@type\":\"ListItem\",\"position\":1,\"name\":\"Home\",\"item\":\"https:\\\/\\\/www.palmatin.com\\\/fr\\\/\"},{\"@type\":\"ListItem\",\"position\":2,\"name\":\"E-books gratuits: autour de la maison\",\"item\":\"https:\\\/\\\/www.palmatin.com\\\/fr\\\/e-books-gratuits\\\/\"},{\"@type\":\"ListItem\",\"position\":3,\"name\":\"T\u00e9l\u00e9chargez les e-books\"}]},{\"@type\":\"WebSite\",\"@id\":\"https:\\\/\\\/www.palmatin.com\\\/fr\\\/#website\",\"url\":\"https:\\\/\\\/www.palmatin.com\\\/fr\\\/\",\"name\":\"Palmatin.com\",\"description\":\"Custom made wooden houses from project to assembly.\",\"publisher\":{\"@id\":\"https:\\\/\\\/www.palmatin.com\\\/fr\\\/#organization\"},\"inLanguage\":\"fr-FR\"},{\"@type\":[\"Organization\",\"Place\",\"HomeAndConstructionBusiness\"],\"@id\":\"https:\\\/\\\/www.palmatin.com\\\/fr\\\/#organization\",\"name\":\"Palmatin\",\"alternateName\":\"Palmatin Wooden Houses\",\"url\":\"https:\\\/\\\/www.palmatin.com\\\/fr\\\/\",\"logo\":{\"@id\":\"https:\\\/\\\/www.palmatin.com\\\/fr\\\/e-books-gratuits\\\/telechargez-les-e-books\\\/#local-main-organization-logo\"},\"image\":{\"@id\":\"https:\\\/\\\/www.palmatin.com\\\/fr\\\/e-books-gratuits\\\/telechargez-les-e-books\\\/#local-main-organization-logo\"},\"sameAs\":[\"https:\\\/\\\/www.facebook.com\\\/palmatin.wooden.houses\",\"https:\\\/\\\/x.com\\\/palmatinhouses\",\"https:\\\/\\\/www.instagram.com\\\/palmatinwoodenhouses\\\/\",\"https:\\\/\\\/www.linkedin.com\\\/company\\\/palmatin-wooden-houses\",\"https:\\\/\\\/www.pinterest.com\\\/palmatin\\\/\",\"https:\\\/\\\/www.youtube.com\\\/channel\\\/UCS3v-T7tq4sPU5YkEvukfYg\"],\"description\":\"Palmatin wooden houses are expertly crafted, sustainable prefabricated element houses and log homes renowned for their durability, energy efficiency, and elegant Nordic design. Combining traditional building techniques with modern technology, Palmatin delivers customized living spaces that blend seamlessly with nature, ensuring comfort, quality, and eco-friendly living for generations.\",\"legalName\":\"Palmatin O\u00dc\",\"foundingDate\":\"1995-05-12\",\"numberOfEmployees\":{\"@type\":\"QuantitativeValue\",\"minValue\":\"11\",\"maxValue\":\"50\"},\"address\":{\"@id\":\"https:\\\/\\\/www.palmatin.com\\\/fr\\\/e-books-gratuits\\\/telechargez-les-e-books\\\/#local-main-place-address\"},\"telephone\":[\"(+372) 605 48 95\"],\"openingHoursSpecification\":[{\"@type\":\"OpeningHoursSpecification\",\"dayOfWeek\":[\"Monday\",\"Tuesday\",\"Wednesday\",\"Thursday\",\"Friday\"],\"opens\":\"08:00\",\"closes\":\"17:00\"},{\"@type\":\"OpeningHoursSpecification\",\"dayOfWeek\":[\"Saturday\",\"Sunday\"],\"opens\":\"00:00\",\"closes\":\"00:00\"}],\"email\":\"info@palmatin.com\",\"faxNumber\":\"(+372) 605 48 92\",\"areaServed\":\"world\",\"vatID\":\"EE100240388\",\"priceRange\":\"$$$\",\"currenciesAccepted\":\"Euros\"},{\"@type\":\"PostalAddress\",\"@id\":\"https:\\\/\\\/www.palmatin.com\\\/fr\\\/e-books-gratuits\\\/telechargez-les-e-books\\\/#local-main-place-address\",\"streetAddress\":\"Tammi tee 40b\",\"addressLocality\":\"Rannamoeisa\",\"postalCode\":\"76906\",\"addressRegion\":\"Harju parish\",\"addressCountry\":\"EE\"},{\"@type\":\"ImageObject\",\"inLanguage\":\"fr-FR\",\"@id\":\"https:\\\/\\\/www.palmatin.com\\\/fr\\\/e-books-gratuits\\\/telechargez-les-e-books\\\/#local-main-organization-logo\",\"url\":\"https:\\\/\\\/www.palmatin.com\\\/wp-content\\\/uploads\\\/2022\\\/11\\\/Logo_wrt.jpg\",\"contentUrl\":\"https:\\\/\\\/www.palmatin.com\\\/wp-content\\\/uploads\\\/2022\\\/11\\\/Logo_wrt.jpg\",\"width\":1458,\"height\":857,\"caption\":\"Palmatin\"}]}<\/script>\n<meta name=\"geo.placename\" content=\"Rannamoeisa\" \/>\n<meta name=\"geo.region\" content=\"Estonie\" \/>\n<!-- \/ Yoast SEO Premium plugin. -->","yoast_head_json":{"title":"E-books \u00e0 t\u00e9l\u00e9charger gratuitement: autour de la maison et du bois","description":"Autour de la maison: Palmatin met \u00e0 votre des dispositions des astuces, info et conseils sous forme de e-books \u00e0 t\u00e9l\u00e9charger! Maisons bois et pr\u00e9fabriqu\u00e9es","robots":{"index":"index","follow":"follow","max-snippet":"max-snippet:-1","max-image-preview":"max-image-preview:large","max-video-preview":"max-video-preview:-1"},"canonical":"https:\/\/www.palmatin.com\/fr\/e-books-gratuits\/telechargez-les-e-books\/","og_locale":"fr_FR","og_type":"article","og_title":"T\u00e9l\u00e9chargez les e-books","og_description":"Palmatin met \u00e0 votre disposition des E-books \u00e0 t\u00e9l\u00e9charger autour de la maison et du bois, \u00e0 ossature bois et de la maison pr\u00e9fabriqu\u00e9e. De l'entretien","og_url":"https:\/\/www.palmatin.com\/fr\/e-books-gratuits\/telechargez-les-e-books\/","og_site_name":"Palmatin.com","article_publisher":"https:\/\/www.facebook.com\/palmatin.wooden.houses","article_modified_time":"2020-07-29T12:36:18+00:00","og_image":[{"width":1920,"height":300,"url":"https:\/\/www.palmatin.com\/wp-content\/uploads\/2018\/08\/log_houses.jpg","type":"image\/jpeg"}],"twitter_card":"summary_large_image","twitter_site":"@palmatinhouses","twitter_misc":{"Dur\u00e9e de lecture estim\u00e9e":"1 minute"},"schema":{"@context":"https:\/\/schema.org","@graph":[{"@type":"WebPage","@id":"https:\/\/www.palmatin.com\/fr\/e-books-gratuits\/telechargez-les-e-books\/","url":"https:\/\/www.palmatin.com\/fr\/e-books-gratuits\/telechargez-les-e-books\/","name":"E-books \u00e0 t\u00e9l\u00e9charger gratuitement: autour de la maison et du bois","isPartOf":{"@id":"https:\/\/www.palmatin.com\/fr\/#website"},"primaryImageOfPage":{"@id":"https:\/\/www.palmatin.com\/fr\/e-books-gratuits\/telechargez-les-e-books\/#primaryimage"},"image":{"@id":"https:\/\/www.palmatin.com\/fr\/e-books-gratuits\/telechargez-les-e-books\/#primaryimage"},"thumbnailUrl":"https:\/\/www.palmatin.com\/wp-content\/uploads\/2018\/08\/log_houses.jpg","datePublished":"2019-04-17T08:58:59+00:00","dateModified":"2020-07-29T12:36:18+00:00","description":"Autour de la maison: Palmatin met \u00e0 votre des dispositions des astuces, info et conseils sous forme de e-books \u00e0 t\u00e9l\u00e9charger! Maisons bois et pr\u00e9fabriqu\u00e9es","breadcrumb":{"@id":"https:\/\/www.palmatin.com\/fr\/e-books-gratuits\/telechargez-les-e-books\/#breadcrumb"},"inLanguage":"fr-FR","potentialAction":[{"@type":"ReadAction","target":["https:\/\/www.palmatin.com\/fr\/e-books-gratuits\/telechargez-les-e-books\/"]}]},{"@type":"ImageObject","inLanguage":"fr-FR","@id":"https:\/\/www.palmatin.com\/fr\/e-books-gratuits\/telechargez-les-e-books\/#primaryimage","url":"https:\/\/www.palmatin.com\/wp-content\/uploads\/2018\/08\/log_houses.jpg","contentUrl":"https:\/\/www.palmatin.com\/wp-content\/uploads\/2018\/08\/log_houses.jpg","width":1920,"height":300,"caption":"Palmatin mod\u00e8le maison en rondins"},{"@type":"BreadcrumbList","@id":"https:\/\/www.palmatin.com\/fr\/e-books-gratuits\/telechargez-les-e-books\/#breadcrumb","itemListElement":[{"@type":"ListItem","position":1,"name":"Home","item":"https:\/\/www.palmatin.com\/fr\/"},{"@type":"ListItem","position":2,"name":"E-books gratuits: autour de la maison","item":"https:\/\/www.palmatin.com\/fr\/e-books-gratuits\/"},{"@type":"ListItem","position":3,"name":"T\u00e9l\u00e9chargez les e-books"}]},{"@type":"WebSite","@id":"https:\/\/www.palmatin.com\/fr\/#website","url":"https:\/\/www.palmatin.com\/fr\/","name":"Palmatin.com","description":"Custom made wooden houses from project to assembly.","publisher":{"@id":"https:\/\/www.palmatin.com\/fr\/#organization"},"inLanguage":"fr-FR"},{"@type":["Organization","Place","HomeAndConstructionBusiness"],"@id":"https:\/\/www.palmatin.com\/fr\/#organization","name":"Palmatin","alternateName":"Palmatin Wooden Houses","url":"https:\/\/www.palmatin.com\/fr\/","logo":{"@id":"https:\/\/www.palmatin.com\/fr\/e-books-gratuits\/telechargez-les-e-books\/#local-main-organization-logo"},"image":{"@id":"https:\/\/www.palmatin.com\/fr\/e-books-gratuits\/telechargez-les-e-books\/#local-main-organization-logo"},"sameAs":["https:\/\/www.facebook.com\/palmatin.wooden.houses","https:\/\/x.com\/palmatinhouses","https:\/\/www.instagram.com\/palmatinwoodenhouses\/","https:\/\/www.linkedin.com\/company\/palmatin-wooden-houses","https:\/\/www.pinterest.com\/palmatin\/","https:\/\/www.youtube.com\/channel\/UCS3v-T7tq4sPU5YkEvukfYg"],"description":"Palmatin wooden houses are expertly crafted, sustainable prefabricated element houses and log homes renowned for their durability, energy efficiency, and elegant Nordic design. Combining traditional building techniques with modern technology, Palmatin delivers customized living spaces that blend seamlessly with nature, ensuring comfort, quality, and eco-friendly living for generations.","legalName":"Palmatin O\u00dc","foundingDate":"1995-05-12","numberOfEmployees":{"@type":"QuantitativeValue","minValue":"11","maxValue":"50"},"address":{"@id":"https:\/\/www.palmatin.com\/fr\/e-books-gratuits\/telechargez-les-e-books\/#local-main-place-address"},"telephone":["(+372) 605 48 95"],"openingHoursSpecification":[{"@type":"OpeningHoursSpecification","dayOfWeek":["Monday","Tuesday","Wednesday","Thursday","Friday"],"opens":"08:00","closes":"17:00"},{"@type":"OpeningHoursSpecification","dayOfWeek":["Saturday","Sunday"],"opens":"00:00","closes":"00:00"}],"email":"info@palmatin.com","faxNumber":"(+372) 605 48 92","areaServed":"world","vatID":"EE100240388","priceRange":"$$$","currenciesAccepted":"Euros"},{"@type":"PostalAddress","@id":"https:\/\/www.palmatin.com\/fr\/e-books-gratuits\/telechargez-les-e-books\/#local-main-place-address","streetAddress":"Tammi tee 40b","addressLocality":"Rannamoeisa","postalCode":"76906","addressRegion":"Harju parish","addressCountry":"EE"},{"@type":"ImageObject","inLanguage":"fr-FR","@id":"https:\/\/www.palmatin.com\/fr\/e-books-gratuits\/telechargez-les-e-books\/#local-main-organization-logo","url":"https:\/\/www.palmatin.com\/wp-content\/uploads\/2022\/11\/Logo_wrt.jpg","contentUrl":"https:\/\/www.palmatin.com\/wp-content\/uploads\/2022\/11\/Logo_wrt.jpg","width":1458,"height":857,"caption":"Palmatin"}]},"geo.placename":"Rannamoeisa","geo.region":"Estonie"},"_links":{"self":[{"href":"https:\/\/www.palmatin.com\/fr\/wp-json\/wp\/v2\/pages\/10545","targetHints":{"allow":["GET"]}}],"collection":[{"href":"https:\/\/www.palmatin.com\/fr\/wp-json\/wp\/v2\/pages"}],"about":[{"href":"https:\/\/www.palmatin.com\/fr\/wp-json\/wp\/v2\/types\/page"}],"author":[{"embeddable":true,"href":"https:\/\/www.palmatin.com\/fr\/wp-json\/wp\/v2\/users\/2"}],"replies":[{"embeddable":true,"href":"https:\/\/www.palmatin.com\/fr\/wp-json\/wp\/v2\/comments?post=10545"}],"version-history":[{"count":0,"href":"https:\/\/www.palmatin.com\/fr\/wp-json\/wp\/v2\/pages\/10545\/revisions"}],"up":[{"embeddable":true,"href":"https:\/\/www.palmatin.com\/fr\/wp-json\/wp\/v2\/pages\/9802"}],"wp:featuredmedia":[{"embeddable":true,"href":"https:\/\/www.palmatin.com\/fr\/wp-json\/wp\/v2\/media\/1477"}],"wp:attachment":[{"href":"https:\/\/www.palmatin.com\/fr\/wp-json\/wp\/v2\/media?parent=10545"}],"curies":[{"name":"wp","href":"https:\/\/api.w.org\/{rel}","templated":true}]}}