{"id":9901,"date":"2018-10-19T08:12:58","date_gmt":"2018-10-19T08:12:58","guid":{"rendered":"https:\/\/www.palmatin.com\/cross-laminated-timber-panel-clt-panel\/"},"modified":"2019-05-07T13:37:54","modified_gmt":"2019-05-07T13:37:54","slug":"ristiinliimattu-massiivipuupaneeli-clt-paneeli","status":"publish","type":"page","link":"https:\/\/www.palmatin.com\/fi\/ristiinliimattu-massiivipuupaneeli-clt-paneeli\/","title":{"rendered":"Ristiinliimattu massiivipuupaneeli &#8211; CLT-paneeli"},"content":{"rendered":"<h3><\/h3>\n<p>&nbsp;<\/p>\n<p><strong>Ristiiinliimattu massiivipuu (CLT) on moderni, ymp\u00e4rist\u00f6yst\u00e4v\u00e4llinen ja joustava paneeli. <\/strong><\/p>\n<p>Ristiliimattu puupaneeli on vahva puulevy, jolla on erinomainen kantavuus. Se sopii erinomaisesti kaikkiin suunnitteluvaatimuksiin, mik\u00e4 juontuu paneelin mittojen joustavuudesta ja eritt\u00e4in hyvist\u00e4 fysikaalisista ominaisuuksista.<\/p>\n<p>Paneeli, joka on liimattu ristiliimatuista osista ja jossa k\u00e4ytet\u00e4\u00e4n korkealaatuisia raaka-aineita, takaa t\u00e4ysin tarkat paneelien mitat sek\u00e4 niiden tarkkuuden ja j\u00e4ykkyyden.<\/p>\n<p>Ristiliimattuja paneeleja k\u00e4ytet\u00e4\u00e4n laajalti aina asuinrakennuksista suuriin asuinkerrostaloihin. Suurikokoiset massiivipuupaneelit pystyv\u00e4t t\u00e4ytt\u00e4m\u00e4\u00e4n helposti staattiset vaatimukset.<\/p>\n<p>Korkean kantokyvyn ansiosta poikkileikattu puupaneeli on erinomainen valinta monikerroksisiin taloihin ja hallintorakennuksiin.<\/p>\n<p>Elementtien nopea ja helppo asennus v\u00e4hent\u00e4\u00e4 merkitt\u00e4v\u00e4sti rakennust\u00f6ihin tarvittavaa aikaa.<\/p>\n<p>Levyjen tuotannon joustavuus tarjoaa laajan valikoiman mahdollisuuksia nykyaikaisille arkkitehdeille sek\u00e4 perinteisen rakennustyylin kannattajille.<\/p>\n<p><strong>K\u00e4ytt\u00f6:<\/strong><\/p>\n<ul>\n<li>Yksityiset talot ja asuinkerrostalot<\/li>\n<li>Monikerroksiset asuinrakennukset<\/li>\n<li>Laajennukset<\/li>\n<li>Kaupungin kehitys<\/li>\n<li>Sairaalat ja koulut<\/li>\n<li>Kaupalliset rakennukset, toimistot ja teollisuusrakennukset<\/li>\n<li>Maatalouden rakennukset<\/li>\n<li>Matkailu- ja virkistyskeskukset<\/li>\n<li>Elementti talot<\/li>\n<\/ul>\n<p><strong>Ominaisuudet:<\/strong><\/p>\n<ul>\n<li>Vahva, arvonsa s\u00e4ilytt\u00e4v\u00e4 rakenne<\/li>\n<li>Lis\u00e4\u00e4 tilaa elementtien paksuuden v\u00e4hentymisen ansiosta<\/li>\n<li>Joustava muotoilu<\/li>\n<li>Erinomainen muoto ja poikkileikkaus<\/li>\n<li>Ensiluokkaiset fyysiset ominaisuudet<\/li>\n<li>Valmiit elementit, helppo puhdistaa ja p\u00f6lyt\u00f6n asennus<\/li>\n<li>Lyhyt asennusjakso, koska rakennusty\u00f6maalla ei ole teknisi\u00e4 odotusaikoja<\/li>\n<li>Luonnollinen, kest\u00e4v\u00e4 rakennusmateriaali<\/li>\n<li>CO2 pit\u00e4j\u00e4<\/li>\n<\/ul>\n<h3>Paneelien valmistus ristiliimatusta massiivipuusta<\/h3>\n<p>Sormiliitetyt ja h\u00f6yl\u00e4tyt laminaatit sijoitetaan irtotavarana vierekk\u00e4in, mink\u00e4 j\u00e4lkeen laminaatit liimataan toisiinsa.<\/p>\n<h4>Paneelien laatu:<\/h4>\n<p><strong>Teollisuuden laatu: <\/strong><\/p>\n<p>N\u00e4kym\u00e4tt\u00f6miss\u00e4 rakenteissa, joissa on kaikki rakenteelliset ominaisuudet, k\u00e4ytett\u00e4v\u00e4ksi n\u00e4kym\u00e4tt\u00f6miss\u00e4 rakenteissa (esim. kipsilevyn alla)<\/p>\n<ul>\n<li>Yl\u00e4 laminaatit jaotellaan kantavuusluokan C24 mukaisesti perustuen standardiin EN338. Enint\u00e4\u00e4n 10% C16-materiaalia on sallittu.<\/li>\n<li>Laminaattien v\u00e4rimuutokset ovat sallittuja (esim. sinist\u00e4 lahoa) sek\u00e4 l\u00f6ys\u00e4t oksat, sis\u00e4\u00e4n kasvu ja hartsiliitokset.<\/li>\n<li>Ulkokerroksessa olevat suljetut aukot, liimamaisen j\u00e4ljet \u200b\u200bja painautumis j\u00e4ljet voivat n\u00e4ky\u00e4 ulkopuolella.<\/li>\n<li>H\u00f6yl\u00e4tty pinta<\/li>\n<\/ul>\n<p><strong>Vakiolaatu: <\/strong><\/p>\n<p>Visuaalisia vaatimuksia koskevat lis\u00e4vaatimukset<\/p>\n<ul>\n<li>Ulkoisten kerrosten visuaalisia vaatimuksia koskevat tiukemmat kriteerit, toisin kuin puun lajittelu yksinkertaisesti kovuuden mukaan.<\/li>\n<li>Ulkopuoliset laminaatit valitaan kokonaisina haaroina. Yksitt\u00e4iset l\u00f6ys\u00e4t oksat ovat mahdollisia, viat ja pienet pihkaisuudet on sallittu<\/li>\n<li>H\u00f6yl\u00e4tty ja hiottu pinta<\/li>\n<\/ul>\n<p><strong>Asuintilan laatu <\/strong><br \/>\nKorkea vaatimustaso elementin n\u00e4kyville osille. T\u00e4ss\u00e4 k\u00e4ytet\u00e4\u00e4n puun korkeinta optista arviointikriteeri\u00e4. Laminaatin paksuus on max. 20 mm ja ne k\u00e4sitell\u00e4\u00e4n liimaamalla ja esikuivaamalla, mik\u00e4 varmistaa liitoskohtien mahdollisimman pienen avautumisen. Kaikki laminaatit ovat valmiiksi liitettyj\u00e4 ja est\u00e4\u00e4kseen halkeilemisen lappeellaan kuivattaessa niit\u00e4 ei en\u00e4\u00e4 liimata pituussuunnassa.<\/p>\n<p>Tiedoksi:<\/p>\n<p>Puu on luonnollinen materiaali. Pinnan laatu saattaa olla jonkin verran vaihtelevaa, vaikka raaka-aineet olisivatkin tarkimmin valittuja. Ristiliimatun paneelin ulkon\u00e4k\u00f6 m\u00e4\u00e4r\u00e4ytyy sen ylimm\u00e4n kerroksen mukaan.<\/p>\n<h3>Lastaus ja kuljetus<\/h3>\n<p>Jotta voidaan varmistaa ristiliimattujen paneelien optimaalinen rakennus nopeus, on se suunniteltava jo raaka-aineita tilattaessa. T\u00e4m\u00e4n suunnitelman ansiosta on mahdollista suunnitella koko tuotanto niin, ett\u00e4 paneelit voidaan l\u00e4hett\u00e4\u00e4 v\u00e4litt\u00f6m\u00e4sti paikalle asennettaviksi. Asiakkaan toiveiden ja lastausmahdollisuuksien v\u00e4lill\u00e4 on l\u00f6ydett\u00e4v\u00e4 sopiva ratkaisu. Asianmukaisen tiedon saamiseksi jokaisesta lastauksesta, ilmoitamme sinulle useamman p\u00e4iv\u00e4n ennen lastaamista. Ilmoitamme my\u00f6s, mitk\u00e4 paneelit lastataan ja est\u00e4mme t\u00e4ll\u00e4 muun muassa asennuksen viiv\u00e4stymist\u00e4 tai nostolaitteiden odotuttamista.<\/p>\n<p><strong>Kuljetus on mahdollista: <\/strong><br \/>\nPaneelit ovat vaakasuorassa kuorma-auton lattialla<br \/>\nKuorman paneelit ovat pystyasennossa<\/p>\n<p><strong>Paneelien nostaminen: <\/strong><br \/>\nRistiliimatuissa paneeleissa on asennustuet. T\u00e4m\u00e4 tarkoittaa sit\u00e4, ett\u00e4 paneeleissa on nostok\u00f6ydet tai erityiset nostopisteet niiden nostamiseksi tehtaalla sek\u00e4 rakennusty\u00f6maalla.<\/p>\n","protected":false},"excerpt":{"rendered":"<p>&nbsp; Ristiiinliimattu massiivipuu (CLT) on moderni, ymp\u00e4rist\u00f6yst\u00e4v\u00e4llinen ja joustava paneeli. Ristiliimattu puupaneeli on vahva puulevy, jolla on erinomainen kantavuus. Se sopii erinomaisesti kaikkiin suunnitteluvaatimuksiin, mik\u00e4 juontuu paneelin mittojen joustavuudesta ja eritt\u00e4in hyvist\u00e4 fysikaalisista ominaisuuksista. Paneeli, joka on liimattu ristiliimatuista osista ja jossa k\u00e4ytet\u00e4\u00e4n korkealaatuisia raaka-aineita, takaa t\u00e4ysin tarkat paneelien mitat sek\u00e4 niiden tarkkuuden ja j\u00e4ykkyyden. &hellip; <a href=\"https:\/\/www.palmatin.com\/fi\/ristiinliimattu-massiivipuupaneeli-clt-paneeli\/\">Jatkui<\/a><\/p>\n","protected":false},"author":2,"featured_media":1475,"parent":0,"menu_order":0,"comment_status":"closed","ping_status":"closed","template":"views\/template-page.blade.php","meta":{"_acf_changed":false,"footnotes":""},"class_list":["post-9901","page","type-page","status-publish","has-post-thumbnail","hentry"],"acf":[],"yoast_head":"<!-- This site is optimized with the Yoast SEO Premium plugin v27.3 (Yoast SEO v27.4) - https:\/\/yoast.com\/product\/yoast-seo-premium-wordpress\/ -->\n<title>Ristiinliimattu massiivipuupaneeli - CLT-paneeli - Palmatin.com<\/title>\n<meta name=\"description\" content=\"&nbsp; Ristiiinliimattu massiivipuu (CLT) on moderni, ymp\u00e4rist\u00f6yst\u00e4v\u00e4llinen ja joustava paneeli. Ristiliimattu puupaneeli on vahva puulevy, jolla on\" \/>\n<meta name=\"robots\" content=\"index, follow, max-snippet:-1, max-image-preview:large, max-video-preview:-1\" \/>\n<link rel=\"canonical\" href=\"https:\/\/www.palmatin.com\/fi\/ristiinliimattu-massiivipuupaneeli-clt-paneeli\/\" \/>\n<meta property=\"og:locale\" content=\"fi_FI\" \/>\n<meta property=\"og:type\" content=\"article\" \/>\n<meta property=\"og:title\" content=\"Ristiinliimattu massiivipuupaneeli - CLT-paneeli\" \/>\n<meta property=\"og:description\" content=\"&nbsp; Ristiiinliimattu massiivipuu (CLT) on moderni, ymp\u00e4rist\u00f6yst\u00e4v\u00e4llinen ja joustava paneeli. Ristiliimattu puupaneeli on vahva puulevy, jolla on\" \/>\n<meta property=\"og:url\" content=\"https:\/\/www.palmatin.com\/fi\/ristiinliimattu-massiivipuupaneeli-clt-paneeli\/\" \/>\n<meta property=\"og:site_name\" content=\"Palmatin.com\" \/>\n<meta property=\"article:publisher\" content=\"https:\/\/www.facebook.com\/palmatin.wooden.houses\" \/>\n<meta property=\"article:modified_time\" content=\"2019-05-07T13:37:54+00:00\" \/>\n<meta property=\"og:image\" content=\"https:\/\/www.palmatin.com\/wp-content\/uploads\/2018\/08\/log_houses.jpg\" \/>\n\t<meta property=\"og:image:width\" content=\"1920\" \/>\n\t<meta property=\"og:image:height\" content=\"300\" \/>\n\t<meta property=\"og:image:type\" content=\"image\/jpeg\" \/>\n<meta name=\"twitter:card\" content=\"summary_large_image\" \/>\n<meta name=\"twitter:site\" content=\"@palmatinhouses\" \/>\n<meta name=\"twitter:label1\" content=\"Arvioitu lukuaika\" \/>\n\t<meta name=\"twitter:data1\" content=\"3 minuuttia\" \/>\n<script type=\"application\/ld+json\" class=\"yoast-schema-graph\">{\"@context\":\"https:\\\/\\\/schema.org\",\"@graph\":[{\"@type\":\"WebPage\",\"@id\":\"https:\\\/\\\/www.palmatin.com\\\/fi\\\/ristiinliimattu-massiivipuupaneeli-clt-paneeli\\\/\",\"url\":\"https:\\\/\\\/www.palmatin.com\\\/fi\\\/ristiinliimattu-massiivipuupaneeli-clt-paneeli\\\/\",\"name\":\"Ristiinliimattu massiivipuupaneeli - CLT-paneeli - Palmatin.com\",\"isPartOf\":{\"@id\":\"https:\\\/\\\/www.palmatin.com\\\/fi\\\/#website\"},\"primaryImageOfPage\":{\"@id\":\"https:\\\/\\\/www.palmatin.com\\\/fi\\\/ristiinliimattu-massiivipuupaneeli-clt-paneeli\\\/#primaryimage\"},\"image\":{\"@id\":\"https:\\\/\\\/www.palmatin.com\\\/fi\\\/ristiinliimattu-massiivipuupaneeli-clt-paneeli\\\/#primaryimage\"},\"thumbnailUrl\":\"https:\\\/\\\/www.palmatin.com\\\/wp-content\\\/uploads\\\/2018\\\/08\\\/log_houses.jpg\",\"datePublished\":\"2018-10-19T08:12:58+00:00\",\"dateModified\":\"2019-05-07T13:37:54+00:00\",\"description\":\"&nbsp; Ristiiinliimattu massiivipuu (CLT) on moderni, ymp\u00e4rist\u00f6yst\u00e4v\u00e4llinen ja joustava paneeli. Ristiliimattu puupaneeli on vahva puulevy, jolla on\",\"breadcrumb\":{\"@id\":\"https:\\\/\\\/www.palmatin.com\\\/fi\\\/ristiinliimattu-massiivipuupaneeli-clt-paneeli\\\/#breadcrumb\"},\"inLanguage\":\"fi\",\"potentialAction\":[{\"@type\":\"ReadAction\",\"target\":[\"https:\\\/\\\/www.palmatin.com\\\/fi\\\/ristiinliimattu-massiivipuupaneeli-clt-paneeli\\\/\"]}]},{\"@type\":\"ImageObject\",\"inLanguage\":\"fi\",\"@id\":\"https:\\\/\\\/www.palmatin.com\\\/fi\\\/ristiinliimattu-massiivipuupaneeli-clt-paneeli\\\/#primaryimage\",\"url\":\"https:\\\/\\\/www.palmatin.com\\\/wp-content\\\/uploads\\\/2018\\\/08\\\/log_houses.jpg\",\"contentUrl\":\"https:\\\/\\\/www.palmatin.com\\\/wp-content\\\/uploads\\\/2018\\\/08\\\/log_houses.jpg\",\"width\":1920,\"height\":300,\"caption\":\"Palmatin mod\u00e8le maison en rondins, page contact\"},{\"@type\":\"BreadcrumbList\",\"@id\":\"https:\\\/\\\/www.palmatin.com\\\/fi\\\/ristiinliimattu-massiivipuupaneeli-clt-paneeli\\\/#breadcrumb\",\"itemListElement\":[{\"@type\":\"ListItem\",\"position\":1,\"name\":\"Home\",\"item\":\"https:\\\/\\\/www.palmatin.com\\\/fi\\\/\"},{\"@type\":\"ListItem\",\"position\":2,\"name\":\"Ristiinliimattu massiivipuupaneeli &#8211; CLT-paneeli\"}]},{\"@type\":\"WebSite\",\"@id\":\"https:\\\/\\\/www.palmatin.com\\\/fi\\\/#website\",\"url\":\"https:\\\/\\\/www.palmatin.com\\\/fi\\\/\",\"name\":\"Palmatin.com\",\"description\":\"Custom made wooden houses from project to assembly.\",\"publisher\":{\"@id\":\"https:\\\/\\\/www.palmatin.com\\\/fi\\\/#organization\"},\"inLanguage\":\"fi\"},{\"@type\":[\"Organization\",\"Place\",\"HomeAndConstructionBusiness\"],\"@id\":\"https:\\\/\\\/www.palmatin.com\\\/fi\\\/#organization\",\"name\":\"Palmatin\",\"alternateName\":\"Palmatin Wooden Houses\",\"url\":\"https:\\\/\\\/www.palmatin.com\\\/fi\\\/\",\"logo\":{\"@id\":\"https:\\\/\\\/www.palmatin.com\\\/fi\\\/ristiinliimattu-massiivipuupaneeli-clt-paneeli\\\/#local-main-organization-logo\"},\"image\":{\"@id\":\"https:\\\/\\\/www.palmatin.com\\\/fi\\\/ristiinliimattu-massiivipuupaneeli-clt-paneeli\\\/#local-main-organization-logo\"},\"sameAs\":[\"https:\\\/\\\/www.facebook.com\\\/palmatin.wooden.houses\",\"https:\\\/\\\/x.com\\\/palmatinhouses\",\"https:\\\/\\\/www.instagram.com\\\/palmatinwoodenhouses\\\/\",\"https:\\\/\\\/www.linkedin.com\\\/company\\\/palmatin-wooden-houses\",\"https:\\\/\\\/www.pinterest.com\\\/palmatin\\\/\",\"https:\\\/\\\/www.youtube.com\\\/channel\\\/UCS3v-T7tq4sPU5YkEvukfYg\"],\"description\":\"Palmatin wooden houses are expertly crafted, sustainable prefabricated element houses and log homes renowned for their durability, energy efficiency, and elegant Nordic design. Combining traditional building techniques with modern technology, Palmatin delivers customized living spaces that blend seamlessly with nature, ensuring comfort, quality, and eco-friendly living for generations.\",\"legalName\":\"Palmatin O\u00dc\",\"foundingDate\":\"1995-05-12\",\"numberOfEmployees\":{\"@type\":\"QuantitativeValue\",\"minValue\":\"11\",\"maxValue\":\"50\"},\"address\":{\"@id\":\"https:\\\/\\\/www.palmatin.com\\\/fi\\\/ristiinliimattu-massiivipuupaneeli-clt-paneeli\\\/#local-main-place-address\"},\"telephone\":[\"(+372) 605 48 95\"],\"openingHoursSpecification\":[{\"@type\":\"OpeningHoursSpecification\",\"dayOfWeek\":[\"Monday\",\"Tuesday\",\"Wednesday\",\"Thursday\",\"Friday\"],\"opens\":\"08:00\",\"closes\":\"17:00\"},{\"@type\":\"OpeningHoursSpecification\",\"dayOfWeek\":[\"Saturday\",\"Sunday\"],\"opens\":\"00:00\",\"closes\":\"00:00\"}],\"email\":\"info@palmatin.com\",\"faxNumber\":\"(+372) 605 48 92\",\"areaServed\":\"world\",\"vatID\":\"EE100240388\",\"priceRange\":\"$$$\",\"currenciesAccepted\":\"Euros\"},{\"@type\":\"PostalAddress\",\"@id\":\"https:\\\/\\\/www.palmatin.com\\\/fi\\\/ristiinliimattu-massiivipuupaneeli-clt-paneeli\\\/#local-main-place-address\",\"streetAddress\":\"Tammi tee 40b\",\"addressLocality\":\"Rannamoeisa\",\"postalCode\":\"76906\",\"addressRegion\":\"Harju parish\",\"addressCountry\":\"EE\"},{\"@type\":\"ImageObject\",\"inLanguage\":\"fi\",\"@id\":\"https:\\\/\\\/www.palmatin.com\\\/fi\\\/ristiinliimattu-massiivipuupaneeli-clt-paneeli\\\/#local-main-organization-logo\",\"url\":\"https:\\\/\\\/www.palmatin.com\\\/wp-content\\\/uploads\\\/2022\\\/11\\\/Logo_wrt.jpg\",\"contentUrl\":\"https:\\\/\\\/www.palmatin.com\\\/wp-content\\\/uploads\\\/2022\\\/11\\\/Logo_wrt.jpg\",\"width\":1458,\"height\":857,\"caption\":\"Palmatin\"}]}<\/script>\n<meta name=\"geo.placename\" content=\"Rannamoeisa\" \/>\n<meta name=\"geo.region\" content=\"Viro\" \/>\n<!-- \/ Yoast SEO Premium plugin. -->","yoast_head_json":{"title":"Ristiinliimattu massiivipuupaneeli - CLT-paneeli - Palmatin.com","description":"&nbsp; Ristiiinliimattu massiivipuu (CLT) on moderni, ymp\u00e4rist\u00f6yst\u00e4v\u00e4llinen ja joustava paneeli. Ristiliimattu puupaneeli on vahva puulevy, jolla on","robots":{"index":"index","follow":"follow","max-snippet":"max-snippet:-1","max-image-preview":"max-image-preview:large","max-video-preview":"max-video-preview:-1"},"canonical":"https:\/\/www.palmatin.com\/fi\/ristiinliimattu-massiivipuupaneeli-clt-paneeli\/","og_locale":"fi_FI","og_type":"article","og_title":"Ristiinliimattu massiivipuupaneeli - CLT-paneeli","og_description":"&nbsp; Ristiiinliimattu massiivipuu (CLT) on moderni, ymp\u00e4rist\u00f6yst\u00e4v\u00e4llinen ja joustava paneeli. Ristiliimattu puupaneeli on vahva puulevy, jolla on","og_url":"https:\/\/www.palmatin.com\/fi\/ristiinliimattu-massiivipuupaneeli-clt-paneeli\/","og_site_name":"Palmatin.com","article_publisher":"https:\/\/www.facebook.com\/palmatin.wooden.houses","article_modified_time":"2019-05-07T13:37:54+00:00","og_image":[{"width":1920,"height":300,"url":"https:\/\/www.palmatin.com\/wp-content\/uploads\/2018\/08\/log_houses.jpg","type":"image\/jpeg"}],"twitter_card":"summary_large_image","twitter_site":"@palmatinhouses","twitter_misc":{"Arvioitu lukuaika":"3 minuuttia"},"schema":{"@context":"https:\/\/schema.org","@graph":[{"@type":"WebPage","@id":"https:\/\/www.palmatin.com\/fi\/ristiinliimattu-massiivipuupaneeli-clt-paneeli\/","url":"https:\/\/www.palmatin.com\/fi\/ristiinliimattu-massiivipuupaneeli-clt-paneeli\/","name":"Ristiinliimattu massiivipuupaneeli - CLT-paneeli - Palmatin.com","isPartOf":{"@id":"https:\/\/www.palmatin.com\/fi\/#website"},"primaryImageOfPage":{"@id":"https:\/\/www.palmatin.com\/fi\/ristiinliimattu-massiivipuupaneeli-clt-paneeli\/#primaryimage"},"image":{"@id":"https:\/\/www.palmatin.com\/fi\/ristiinliimattu-massiivipuupaneeli-clt-paneeli\/#primaryimage"},"thumbnailUrl":"https:\/\/www.palmatin.com\/wp-content\/uploads\/2018\/08\/log_houses.jpg","datePublished":"2018-10-19T08:12:58+00:00","dateModified":"2019-05-07T13:37:54+00:00","description":"&nbsp; Ristiiinliimattu massiivipuu (CLT) on moderni, ymp\u00e4rist\u00f6yst\u00e4v\u00e4llinen ja joustava paneeli. Ristiliimattu puupaneeli on vahva puulevy, jolla on","breadcrumb":{"@id":"https:\/\/www.palmatin.com\/fi\/ristiinliimattu-massiivipuupaneeli-clt-paneeli\/#breadcrumb"},"inLanguage":"fi","potentialAction":[{"@type":"ReadAction","target":["https:\/\/www.palmatin.com\/fi\/ristiinliimattu-massiivipuupaneeli-clt-paneeli\/"]}]},{"@type":"ImageObject","inLanguage":"fi","@id":"https:\/\/www.palmatin.com\/fi\/ristiinliimattu-massiivipuupaneeli-clt-paneeli\/#primaryimage","url":"https:\/\/www.palmatin.com\/wp-content\/uploads\/2018\/08\/log_houses.jpg","contentUrl":"https:\/\/www.palmatin.com\/wp-content\/uploads\/2018\/08\/log_houses.jpg","width":1920,"height":300,"caption":"Palmatin mod\u00e8le maison en rondins, page contact"},{"@type":"BreadcrumbList","@id":"https:\/\/www.palmatin.com\/fi\/ristiinliimattu-massiivipuupaneeli-clt-paneeli\/#breadcrumb","itemListElement":[{"@type":"ListItem","position":1,"name":"Home","item":"https:\/\/www.palmatin.com\/fi\/"},{"@type":"ListItem","position":2,"name":"Ristiinliimattu massiivipuupaneeli &#8211; CLT-paneeli"}]},{"@type":"WebSite","@id":"https:\/\/www.palmatin.com\/fi\/#website","url":"https:\/\/www.palmatin.com\/fi\/","name":"Palmatin.com","description":"Custom made wooden houses from project to assembly.","publisher":{"@id":"https:\/\/www.palmatin.com\/fi\/#organization"},"inLanguage":"fi"},{"@type":["Organization","Place","HomeAndConstructionBusiness"],"@id":"https:\/\/www.palmatin.com\/fi\/#organization","name":"Palmatin","alternateName":"Palmatin Wooden Houses","url":"https:\/\/www.palmatin.com\/fi\/","logo":{"@id":"https:\/\/www.palmatin.com\/fi\/ristiinliimattu-massiivipuupaneeli-clt-paneeli\/#local-main-organization-logo"},"image":{"@id":"https:\/\/www.palmatin.com\/fi\/ristiinliimattu-massiivipuupaneeli-clt-paneeli\/#local-main-organization-logo"},"sameAs":["https:\/\/www.facebook.com\/palmatin.wooden.houses","https:\/\/x.com\/palmatinhouses","https:\/\/www.instagram.com\/palmatinwoodenhouses\/","https:\/\/www.linkedin.com\/company\/palmatin-wooden-houses","https:\/\/www.pinterest.com\/palmatin\/","https:\/\/www.youtube.com\/channel\/UCS3v-T7tq4sPU5YkEvukfYg"],"description":"Palmatin wooden houses are expertly crafted, sustainable prefabricated element houses and log homes renowned for their durability, energy efficiency, and elegant Nordic design. Combining traditional building techniques with modern technology, Palmatin delivers customized living spaces that blend seamlessly with nature, ensuring comfort, quality, and eco-friendly living for generations.","legalName":"Palmatin O\u00dc","foundingDate":"1995-05-12","numberOfEmployees":{"@type":"QuantitativeValue","minValue":"11","maxValue":"50"},"address":{"@id":"https:\/\/www.palmatin.com\/fi\/ristiinliimattu-massiivipuupaneeli-clt-paneeli\/#local-main-place-address"},"telephone":["(+372) 605 48 95"],"openingHoursSpecification":[{"@type":"OpeningHoursSpecification","dayOfWeek":["Monday","Tuesday","Wednesday","Thursday","Friday"],"opens":"08:00","closes":"17:00"},{"@type":"OpeningHoursSpecification","dayOfWeek":["Saturday","Sunday"],"opens":"00:00","closes":"00:00"}],"email":"info@palmatin.com","faxNumber":"(+372) 605 48 92","areaServed":"world","vatID":"EE100240388","priceRange":"$$$","currenciesAccepted":"Euros"},{"@type":"PostalAddress","@id":"https:\/\/www.palmatin.com\/fi\/ristiinliimattu-massiivipuupaneeli-clt-paneeli\/#local-main-place-address","streetAddress":"Tammi tee 40b","addressLocality":"Rannamoeisa","postalCode":"76906","addressRegion":"Harju parish","addressCountry":"EE"},{"@type":"ImageObject","inLanguage":"fi","@id":"https:\/\/www.palmatin.com\/fi\/ristiinliimattu-massiivipuupaneeli-clt-paneeli\/#local-main-organization-logo","url":"https:\/\/www.palmatin.com\/wp-content\/uploads\/2022\/11\/Logo_wrt.jpg","contentUrl":"https:\/\/www.palmatin.com\/wp-content\/uploads\/2022\/11\/Logo_wrt.jpg","width":1458,"height":857,"caption":"Palmatin"}]},"geo.placename":"Rannamoeisa","geo.region":"Viro"},"_links":{"self":[{"href":"https:\/\/www.palmatin.com\/fi\/wp-json\/wp\/v2\/pages\/9901","targetHints":{"allow":["GET"]}}],"collection":[{"href":"https:\/\/www.palmatin.com\/fi\/wp-json\/wp\/v2\/pages"}],"about":[{"href":"https:\/\/www.palmatin.com\/fi\/wp-json\/wp\/v2\/types\/page"}],"author":[{"embeddable":true,"href":"https:\/\/www.palmatin.com\/fi\/wp-json\/wp\/v2\/users\/2"}],"replies":[{"embeddable":true,"href":"https:\/\/www.palmatin.com\/fi\/wp-json\/wp\/v2\/comments?post=9901"}],"version-history":[{"count":0,"href":"https:\/\/www.palmatin.com\/fi\/wp-json\/wp\/v2\/pages\/9901\/revisions"}],"wp:featuredmedia":[{"embeddable":true,"href":"https:\/\/www.palmatin.com\/fi\/wp-json\/wp\/v2\/media\/1475"}],"wp:attachment":[{"href":"https:\/\/www.palmatin.com\/fi\/wp-json\/wp\/v2\/media?parent=9901"}],"curies":[{"name":"wp","href":"https:\/\/api.w.org\/{rel}","templated":true}]}}