{"id":9845,"date":"2019-04-17T11:18:13","date_gmt":"2019-04-17T11:18:13","guid":{"rendered":"https:\/\/www.palmatin.com\/get-free-pdf-log-house-catalogue\/"},"modified":"2021-10-15T10:38:31","modified_gmt":"2021-10-15T10:38:31","slug":"tilaa-ilmainen-pdf-hirsitalokuvasto","status":"publish","type":"page","link":"https:\/\/www.palmatin.com\/fi\/tilaa-ilmainen-pdf-hirsitalokuvasto\/","title":{"rendered":"L\u00f6yd\u00e4 Palmatin-luettelot"},"content":{"rendered":"<article id=\"post-26496\" class=\"clearfix\">\n<div class=\"entry-main\">\n<div class=\"entry-content\">\n<p style=\"text-align: center;\">Lataa luettelot ja esitteet n\u00e4hd\u00e4ksesi paremmin ja lukeaksesi kaiken tiedon talovalikoimistamme ja puisista rakenteista. Vertailevat taukukot helpottavat talojen vaihtoehtojen ja ominaisuuksien vertailussa.<\/p>\n<p style=\"text-align: center;\">Voit k\u00e4ytt\u00e4\u00e4 n\u00e4it\u00e4 luetteloita merkataksesi mielitalosi ja -designisi ja ker\u00e4t\u00e4ksesi ideoita taloosi. PDF-formaatti helpottaa dokumentteihin p\u00e4\u00e4sy\u00e4 miss\u00e4 tahansa ja voit lukea niit\u00e4 milloin tahansa.<\/p>\n<\/div>\n<\/div>\n<\/article>\n","protected":false},"excerpt":{"rendered":"<p>Lataa luettelot ja esitteet n\u00e4hd\u00e4ksesi paremmin ja lukeaksesi kaiken tiedon talovalikoimistamme ja puisista rakenteista. Vertailevat taukukot helpottavat talojen vaihtoehtojen ja ominaisuuksien vertailussa. Voit k\u00e4ytt\u00e4\u00e4 n\u00e4it\u00e4 luetteloita merkataksesi mielitalosi ja -designisi ja ker\u00e4t\u00e4ksesi ideoita taloosi. PDF-formaatti helpottaa dokumentteihin p\u00e4\u00e4sy\u00e4 miss\u00e4 tahansa ja voit lukea niit\u00e4 milloin tahansa.<\/p>\n","protected":false},"author":2,"featured_media":1475,"parent":0,"menu_order":0,"comment_status":"closed","ping_status":"closed","template":"views\/template-content-blocks.blade.php","meta":{"_acf_changed":false,"footnotes":""},"class_list":["post-9845","page","type-page","status-publish","has-post-thumbnail","hentry"],"acf":[],"yoast_head":"<!-- This site is optimized with the Yoast SEO Premium plugin v27.3 (Yoast SEO v27.4) - https:\/\/yoast.com\/product\/yoast-seo-premium-wordpress\/ -->\n<title>Tilaa ilmainen PDF-hirsitalokuvasto - Palmatin Wooden Houses<\/title>\n<meta name=\"description\" content=\"Lataa luettelot ja esitteet n\u00e4hd\u00e4ksesi paremmin ja lukeaksesi kaiken tiedon talovalikoimistamme ja puisista rakenteista. Vertailevat taukukot helpottavat\" \/>\n<meta name=\"robots\" content=\"index, follow, max-snippet:-1, max-image-preview:large, max-video-preview:-1\" \/>\n<link rel=\"canonical\" href=\"https:\/\/www.palmatin.com\/fi\/tilaa-ilmainen-pdf-hirsitalokuvasto\/\" \/>\n<meta property=\"og:locale\" content=\"fi_FI\" \/>\n<meta property=\"og:type\" content=\"article\" \/>\n<meta property=\"og:title\" content=\"L\u00f6yd\u00e4 Palmatin-luettelot\" \/>\n<meta property=\"og:description\" content=\"Lataa luettelot ja esitteet n\u00e4hd\u00e4ksesi paremmin ja lukeaksesi kaiken tiedon talovalikoimistamme ja puisista rakenteista. Vertailevat taukukot helpottavat\" \/>\n<meta property=\"og:url\" content=\"https:\/\/www.palmatin.com\/fi\/tilaa-ilmainen-pdf-hirsitalokuvasto\/\" \/>\n<meta property=\"og:site_name\" content=\"Palmatin.com\" \/>\n<meta property=\"article:publisher\" content=\"https:\/\/www.facebook.com\/palmatin.wooden.houses\" \/>\n<meta property=\"article:modified_time\" content=\"2021-10-15T10:38:31+00:00\" \/>\n<meta property=\"og:image\" content=\"https:\/\/www.palmatin.com\/wp-content\/uploads\/2018\/08\/log_houses.jpg\" \/>\n\t<meta property=\"og:image:width\" content=\"1920\" \/>\n\t<meta property=\"og:image:height\" content=\"300\" \/>\n\t<meta property=\"og:image:type\" content=\"image\/jpeg\" \/>\n<meta name=\"twitter:card\" content=\"summary_large_image\" \/>\n<meta name=\"twitter:site\" content=\"@palmatinhouses\" \/>\n<script type=\"application\/ld+json\" class=\"yoast-schema-graph\">{\"@context\":\"https:\\\/\\\/schema.org\",\"@graph\":[{\"@type\":\"WebPage\",\"@id\":\"https:\\\/\\\/www.palmatin.com\\\/fi\\\/tilaa-ilmainen-pdf-hirsitalokuvasto\\\/\",\"url\":\"https:\\\/\\\/www.palmatin.com\\\/fi\\\/tilaa-ilmainen-pdf-hirsitalokuvasto\\\/\",\"name\":\"Tilaa ilmainen PDF-hirsitalokuvasto - Palmatin Wooden Houses\",\"isPartOf\":{\"@id\":\"https:\\\/\\\/www.palmatin.com\\\/fi\\\/#website\"},\"primaryImageOfPage\":{\"@id\":\"https:\\\/\\\/www.palmatin.com\\\/fi\\\/tilaa-ilmainen-pdf-hirsitalokuvasto\\\/#primaryimage\"},\"image\":{\"@id\":\"https:\\\/\\\/www.palmatin.com\\\/fi\\\/tilaa-ilmainen-pdf-hirsitalokuvasto\\\/#primaryimage\"},\"thumbnailUrl\":\"https:\\\/\\\/www.palmatin.com\\\/wp-content\\\/uploads\\\/2018\\\/08\\\/log_houses.jpg\",\"datePublished\":\"2019-04-17T11:18:13+00:00\",\"dateModified\":\"2021-10-15T10:38:31+00:00\",\"description\":\"Lataa luettelot ja esitteet n\u00e4hd\u00e4ksesi paremmin ja lukeaksesi kaiken tiedon talovalikoimistamme ja puisista rakenteista. Vertailevat taukukot helpottavat\",\"breadcrumb\":{\"@id\":\"https:\\\/\\\/www.palmatin.com\\\/fi\\\/tilaa-ilmainen-pdf-hirsitalokuvasto\\\/#breadcrumb\"},\"inLanguage\":\"fi\",\"potentialAction\":[{\"@type\":\"ReadAction\",\"target\":[\"https:\\\/\\\/www.palmatin.com\\\/fi\\\/tilaa-ilmainen-pdf-hirsitalokuvasto\\\/\"]}]},{\"@type\":\"ImageObject\",\"inLanguage\":\"fi\",\"@id\":\"https:\\\/\\\/www.palmatin.com\\\/fi\\\/tilaa-ilmainen-pdf-hirsitalokuvasto\\\/#primaryimage\",\"url\":\"https:\\\/\\\/www.palmatin.com\\\/wp-content\\\/uploads\\\/2018\\\/08\\\/log_houses.jpg\",\"contentUrl\":\"https:\\\/\\\/www.palmatin.com\\\/wp-content\\\/uploads\\\/2018\\\/08\\\/log_houses.jpg\",\"width\":1920,\"height\":300,\"caption\":\"Palmatin mod\u00e8le maison en rondins, page contact\"},{\"@type\":\"BreadcrumbList\",\"@id\":\"https:\\\/\\\/www.palmatin.com\\\/fi\\\/tilaa-ilmainen-pdf-hirsitalokuvasto\\\/#breadcrumb\",\"itemListElement\":[{\"@type\":\"ListItem\",\"position\":1,\"name\":\"Home\",\"item\":\"https:\\\/\\\/www.palmatin.com\\\/fi\\\/\"},{\"@type\":\"ListItem\",\"position\":2,\"name\":\"L\u00f6yd\u00e4 Palmatin-luettelot\"}]},{\"@type\":\"WebSite\",\"@id\":\"https:\\\/\\\/www.palmatin.com\\\/fi\\\/#website\",\"url\":\"https:\\\/\\\/www.palmatin.com\\\/fi\\\/\",\"name\":\"Palmatin.com\",\"description\":\"Custom made wooden houses from project to assembly.\",\"publisher\":{\"@id\":\"https:\\\/\\\/www.palmatin.com\\\/fi\\\/#organization\"},\"inLanguage\":\"fi\"},{\"@type\":[\"Organization\",\"Place\",\"HomeAndConstructionBusiness\"],\"@id\":\"https:\\\/\\\/www.palmatin.com\\\/fi\\\/#organization\",\"name\":\"Palmatin\",\"alternateName\":\"Palmatin Wooden Houses\",\"url\":\"https:\\\/\\\/www.palmatin.com\\\/fi\\\/\",\"logo\":{\"@id\":\"https:\\\/\\\/www.palmatin.com\\\/fi\\\/tilaa-ilmainen-pdf-hirsitalokuvasto\\\/#local-main-organization-logo\"},\"image\":{\"@id\":\"https:\\\/\\\/www.palmatin.com\\\/fi\\\/tilaa-ilmainen-pdf-hirsitalokuvasto\\\/#local-main-organization-logo\"},\"sameAs\":[\"https:\\\/\\\/www.facebook.com\\\/palmatin.wooden.houses\",\"https:\\\/\\\/x.com\\\/palmatinhouses\",\"https:\\\/\\\/www.instagram.com\\\/palmatinwoodenhouses\\\/\",\"https:\\\/\\\/www.linkedin.com\\\/company\\\/palmatin-wooden-houses\",\"https:\\\/\\\/www.pinterest.com\\\/palmatin\\\/\",\"https:\\\/\\\/www.youtube.com\\\/channel\\\/UCS3v-T7tq4sPU5YkEvukfYg\"],\"description\":\"Palmatin wooden houses are expertly crafted, sustainable prefabricated element houses and log homes renowned for their durability, energy efficiency, and elegant Nordic design. Combining traditional building techniques with modern technology, Palmatin delivers customized living spaces that blend seamlessly with nature, ensuring comfort, quality, and eco-friendly living for generations.\",\"legalName\":\"Palmatin O\u00dc\",\"foundingDate\":\"1995-05-12\",\"numberOfEmployees\":{\"@type\":\"QuantitativeValue\",\"minValue\":\"11\",\"maxValue\":\"50\"},\"address\":{\"@id\":\"https:\\\/\\\/www.palmatin.com\\\/fi\\\/tilaa-ilmainen-pdf-hirsitalokuvasto\\\/#local-main-place-address\"},\"telephone\":[\"(+372) 605 48 95\"],\"openingHoursSpecification\":[{\"@type\":\"OpeningHoursSpecification\",\"dayOfWeek\":[\"Monday\",\"Tuesday\",\"Wednesday\",\"Thursday\",\"Friday\"],\"opens\":\"08:00\",\"closes\":\"17:00\"},{\"@type\":\"OpeningHoursSpecification\",\"dayOfWeek\":[\"Saturday\",\"Sunday\"],\"opens\":\"00:00\",\"closes\":\"00:00\"}],\"email\":\"info@palmatin.com\",\"faxNumber\":\"(+372) 605 48 92\",\"areaServed\":\"world\",\"vatID\":\"EE100240388\",\"priceRange\":\"$$$\",\"currenciesAccepted\":\"Euros\"},{\"@type\":\"PostalAddress\",\"@id\":\"https:\\\/\\\/www.palmatin.com\\\/fi\\\/tilaa-ilmainen-pdf-hirsitalokuvasto\\\/#local-main-place-address\",\"streetAddress\":\"Tammi tee 40b\",\"addressLocality\":\"Rannamoeisa\",\"postalCode\":\"76906\",\"addressRegion\":\"Harju parish\",\"addressCountry\":\"EE\"},{\"@type\":\"ImageObject\",\"inLanguage\":\"fi\",\"@id\":\"https:\\\/\\\/www.palmatin.com\\\/fi\\\/tilaa-ilmainen-pdf-hirsitalokuvasto\\\/#local-main-organization-logo\",\"url\":\"https:\\\/\\\/www.palmatin.com\\\/wp-content\\\/uploads\\\/2022\\\/11\\\/Logo_wrt.jpg\",\"contentUrl\":\"https:\\\/\\\/www.palmatin.com\\\/wp-content\\\/uploads\\\/2022\\\/11\\\/Logo_wrt.jpg\",\"width\":1458,\"height\":857,\"caption\":\"Palmatin\"}]}<\/script>\n<meta name=\"geo.placename\" content=\"Rannamoeisa\" \/>\n<meta name=\"geo.region\" content=\"Viro\" \/>\n<!-- \/ Yoast SEO Premium plugin. -->","yoast_head_json":{"title":"Tilaa ilmainen PDF-hirsitalokuvasto - Palmatin Wooden Houses","description":"Lataa luettelot ja esitteet n\u00e4hd\u00e4ksesi paremmin ja lukeaksesi kaiken tiedon talovalikoimistamme ja puisista rakenteista. Vertailevat taukukot helpottavat","robots":{"index":"index","follow":"follow","max-snippet":"max-snippet:-1","max-image-preview":"max-image-preview:large","max-video-preview":"max-video-preview:-1"},"canonical":"https:\/\/www.palmatin.com\/fi\/tilaa-ilmainen-pdf-hirsitalokuvasto\/","og_locale":"fi_FI","og_type":"article","og_title":"L\u00f6yd\u00e4 Palmatin-luettelot","og_description":"Lataa luettelot ja esitteet n\u00e4hd\u00e4ksesi paremmin ja lukeaksesi kaiken tiedon talovalikoimistamme ja puisista rakenteista. Vertailevat taukukot helpottavat","og_url":"https:\/\/www.palmatin.com\/fi\/tilaa-ilmainen-pdf-hirsitalokuvasto\/","og_site_name":"Palmatin.com","article_publisher":"https:\/\/www.facebook.com\/palmatin.wooden.houses","article_modified_time":"2021-10-15T10:38:31+00:00","og_image":[{"width":1920,"height":300,"url":"https:\/\/www.palmatin.com\/wp-content\/uploads\/2018\/08\/log_houses.jpg","type":"image\/jpeg"}],"twitter_card":"summary_large_image","twitter_site":"@palmatinhouses","schema":{"@context":"https:\/\/schema.org","@graph":[{"@type":"WebPage","@id":"https:\/\/www.palmatin.com\/fi\/tilaa-ilmainen-pdf-hirsitalokuvasto\/","url":"https:\/\/www.palmatin.com\/fi\/tilaa-ilmainen-pdf-hirsitalokuvasto\/","name":"Tilaa ilmainen PDF-hirsitalokuvasto - Palmatin Wooden Houses","isPartOf":{"@id":"https:\/\/www.palmatin.com\/fi\/#website"},"primaryImageOfPage":{"@id":"https:\/\/www.palmatin.com\/fi\/tilaa-ilmainen-pdf-hirsitalokuvasto\/#primaryimage"},"image":{"@id":"https:\/\/www.palmatin.com\/fi\/tilaa-ilmainen-pdf-hirsitalokuvasto\/#primaryimage"},"thumbnailUrl":"https:\/\/www.palmatin.com\/wp-content\/uploads\/2018\/08\/log_houses.jpg","datePublished":"2019-04-17T11:18:13+00:00","dateModified":"2021-10-15T10:38:31+00:00","description":"Lataa luettelot ja esitteet n\u00e4hd\u00e4ksesi paremmin ja lukeaksesi kaiken tiedon talovalikoimistamme ja puisista rakenteista. Vertailevat taukukot helpottavat","breadcrumb":{"@id":"https:\/\/www.palmatin.com\/fi\/tilaa-ilmainen-pdf-hirsitalokuvasto\/#breadcrumb"},"inLanguage":"fi","potentialAction":[{"@type":"ReadAction","target":["https:\/\/www.palmatin.com\/fi\/tilaa-ilmainen-pdf-hirsitalokuvasto\/"]}]},{"@type":"ImageObject","inLanguage":"fi","@id":"https:\/\/www.palmatin.com\/fi\/tilaa-ilmainen-pdf-hirsitalokuvasto\/#primaryimage","url":"https:\/\/www.palmatin.com\/wp-content\/uploads\/2018\/08\/log_houses.jpg","contentUrl":"https:\/\/www.palmatin.com\/wp-content\/uploads\/2018\/08\/log_houses.jpg","width":1920,"height":300,"caption":"Palmatin mod\u00e8le maison en rondins, page contact"},{"@type":"BreadcrumbList","@id":"https:\/\/www.palmatin.com\/fi\/tilaa-ilmainen-pdf-hirsitalokuvasto\/#breadcrumb","itemListElement":[{"@type":"ListItem","position":1,"name":"Home","item":"https:\/\/www.palmatin.com\/fi\/"},{"@type":"ListItem","position":2,"name":"L\u00f6yd\u00e4 Palmatin-luettelot"}]},{"@type":"WebSite","@id":"https:\/\/www.palmatin.com\/fi\/#website","url":"https:\/\/www.palmatin.com\/fi\/","name":"Palmatin.com","description":"Custom made wooden houses from project to assembly.","publisher":{"@id":"https:\/\/www.palmatin.com\/fi\/#organization"},"inLanguage":"fi"},{"@type":["Organization","Place","HomeAndConstructionBusiness"],"@id":"https:\/\/www.palmatin.com\/fi\/#organization","name":"Palmatin","alternateName":"Palmatin Wooden Houses","url":"https:\/\/www.palmatin.com\/fi\/","logo":{"@id":"https:\/\/www.palmatin.com\/fi\/tilaa-ilmainen-pdf-hirsitalokuvasto\/#local-main-organization-logo"},"image":{"@id":"https:\/\/www.palmatin.com\/fi\/tilaa-ilmainen-pdf-hirsitalokuvasto\/#local-main-organization-logo"},"sameAs":["https:\/\/www.facebook.com\/palmatin.wooden.houses","https:\/\/x.com\/palmatinhouses","https:\/\/www.instagram.com\/palmatinwoodenhouses\/","https:\/\/www.linkedin.com\/company\/palmatin-wooden-houses","https:\/\/www.pinterest.com\/palmatin\/","https:\/\/www.youtube.com\/channel\/UCS3v-T7tq4sPU5YkEvukfYg"],"description":"Palmatin wooden houses are expertly crafted, sustainable prefabricated element houses and log homes renowned for their durability, energy efficiency, and elegant Nordic design. Combining traditional building techniques with modern technology, Palmatin delivers customized living spaces that blend seamlessly with nature, ensuring comfort, quality, and eco-friendly living for generations.","legalName":"Palmatin O\u00dc","foundingDate":"1995-05-12","numberOfEmployees":{"@type":"QuantitativeValue","minValue":"11","maxValue":"50"},"address":{"@id":"https:\/\/www.palmatin.com\/fi\/tilaa-ilmainen-pdf-hirsitalokuvasto\/#local-main-place-address"},"telephone":["(+372) 605 48 95"],"openingHoursSpecification":[{"@type":"OpeningHoursSpecification","dayOfWeek":["Monday","Tuesday","Wednesday","Thursday","Friday"],"opens":"08:00","closes":"17:00"},{"@type":"OpeningHoursSpecification","dayOfWeek":["Saturday","Sunday"],"opens":"00:00","closes":"00:00"}],"email":"info@palmatin.com","faxNumber":"(+372) 605 48 92","areaServed":"world","vatID":"EE100240388","priceRange":"$$$","currenciesAccepted":"Euros"},{"@type":"PostalAddress","@id":"https:\/\/www.palmatin.com\/fi\/tilaa-ilmainen-pdf-hirsitalokuvasto\/#local-main-place-address","streetAddress":"Tammi tee 40b","addressLocality":"Rannamoeisa","postalCode":"76906","addressRegion":"Harju parish","addressCountry":"EE"},{"@type":"ImageObject","inLanguage":"fi","@id":"https:\/\/www.palmatin.com\/fi\/tilaa-ilmainen-pdf-hirsitalokuvasto\/#local-main-organization-logo","url":"https:\/\/www.palmatin.com\/wp-content\/uploads\/2022\/11\/Logo_wrt.jpg","contentUrl":"https:\/\/www.palmatin.com\/wp-content\/uploads\/2022\/11\/Logo_wrt.jpg","width":1458,"height":857,"caption":"Palmatin"}]},"geo.placename":"Rannamoeisa","geo.region":"Viro"},"_links":{"self":[{"href":"https:\/\/www.palmatin.com\/fi\/wp-json\/wp\/v2\/pages\/9845","targetHints":{"allow":["GET"]}}],"collection":[{"href":"https:\/\/www.palmatin.com\/fi\/wp-json\/wp\/v2\/pages"}],"about":[{"href":"https:\/\/www.palmatin.com\/fi\/wp-json\/wp\/v2\/types\/page"}],"author":[{"embeddable":true,"href":"https:\/\/www.palmatin.com\/fi\/wp-json\/wp\/v2\/users\/2"}],"replies":[{"embeddable":true,"href":"https:\/\/www.palmatin.com\/fi\/wp-json\/wp\/v2\/comments?post=9845"}],"version-history":[{"count":0,"href":"https:\/\/www.palmatin.com\/fi\/wp-json\/wp\/v2\/pages\/9845\/revisions"}],"wp:featuredmedia":[{"embeddable":true,"href":"https:\/\/www.palmatin.com\/fi\/wp-json\/wp\/v2\/media\/1475"}],"wp:attachment":[{"href":"https:\/\/www.palmatin.com\/fi\/wp-json\/wp\/v2\/media?parent=9845"}],"curies":[{"name":"wp","href":"https:\/\/api.w.org\/{rel}","templated":true}]}}