{"id":10544,"date":"2019-04-17T08:58:59","date_gmt":"2019-04-17T08:58:59","guid":{"rendered":"https:\/\/www.palmatin.com\/free-e-books\/download\/"},"modified":"2019-05-14T10:48:32","modified_gmt":"2019-05-14T10:48:32","slug":"9vpcwjbeene8ekr","status":"publish","type":"page","link":"https:\/\/www.palmatin.com\/fi\/ilmaisia-e-kirjoja\/9vpcwjbeene8ekr\/","title":{"rendered":"Lataa e-kirja"},"content":{"rendered":"<p>&nbsp;<\/p>\n<table width=\"100%\">\n<tbody>\n<tr>\n<td style=\"text-align: center; padding: 20px;\" width=\"25%\"><img decoding=\"async\" class=\"alignnone size-full wp-image-1069\" src=\"https:\/\/www.palmatin.com\/wp-content\/uploads\/2018\/10\/book1-1.jpg\" alt=\"\" width=\"100%\" \/><\/td>\n<td style=\"text-align: center; padding: 20px;\" width=\"25%\"><img decoding=\"async\" class=\"alignnone size-full wp-image-1069\" src=\"https:\/\/www.palmatin.com\/wp-content\/uploads\/2018\/10\/book2-1.jpg\" alt=\"\" width=\"100%\" \/><\/td>\n<td style=\"text-align: center; padding: 20px;\" width=\"25%\"><img decoding=\"async\" class=\"alignnone size-full wp-image-1069\" src=\"https:\/\/www.palmatin.com\/wp-content\/uploads\/2018\/10\/book3-1.jpg\" alt=\"\" width=\"100%\" \/><\/td>\n<td style=\"text-align: center; padding: 20px;\" width=\"25%\"><img decoding=\"async\" class=\"alignnone size-full wp-image-1069\" src=\"https:\/\/www.palmatin.com\/wp-content\/uploads\/2018\/10\/book4-1.jpg\" alt=\"\" width=\"100%\" \/><\/td>\n<\/tr>\n<tr>\n<td style=\"text-align: center; padding: 20px;\"><strong>12 tekij\u00e4\u00e4, jotka vaikuttavat hirsitalon hintaan<\/strong><\/td>\n<td style=\"text-align: center; padding: 20px;\"><strong>Hyvi\u00e4 vinkkej\u00e4 puutalon maalaamiseen<\/strong><\/td>\n<td style=\"text-align: center; padding: 20px;\"><strong>Puutarhatoimisto<\/strong><\/td>\n<td style=\"text-align: center; padding: 20px;\"><strong>Hirsi- ja elementtitalojen energiatehokkuus<\/strong><\/td>\n<\/tr>\n<tr>\n<td style=\"text-align: center; padding: 20px;\"><a href=\"https:\/\/www.palmatin.com\/wp-content\/uploads\/2019\/05\/12-factors-influencing-the-price-of-a-log-house-FI.pdf\" target=\"_blank\" rel=\"noopener\">LADATA<\/a><\/td>\n<td style=\"text-align: center; padding: 20px;\"><a href=\"https:\/\/www.palmatin.com\/wp-content\/uploads\/2019\/04\/Good-tips-for-painting-a-wooden-house.pdf\" target=\"_blank\" rel=\"noopener\">LADATA<\/a><\/td>\n<td style=\"text-align: center; padding: 20px;\"><a href=\"https:\/\/www.palmatin.com\/wp-content\/uploads\/2019\/04\/garden-office2.pdf\" target=\"_blank\" rel=\"noopener\">LADATA<\/a><\/td>\n<td style=\"text-align: center; padding: 20px;\"><a href=\"https:\/\/www.palmatin.com\/wp-content\/uploads\/2019\/05\/Energy-efficiency-of-log-houses-and-prefabricated-houses-FI.pdf\" target=\"_blank\" rel=\"noopener\">LADATA<\/a><\/td>\n<\/tr>\n<\/tbody>\n<\/table>\n","protected":false},"excerpt":{"rendered":"<p>&nbsp; 12 tekij\u00e4\u00e4, jotka vaikuttavat hirsitalon hintaan Hyvi\u00e4 vinkkej\u00e4 puutalon maalaamiseen Puutarhatoimisto Hirsi- ja elementtitalojen energiatehokkuus LADATA LADATA LADATA LADATA<\/p>\n","protected":false},"author":2,"featured_media":1475,"parent":9801,"menu_order":0,"comment_status":"closed","ping_status":"closed","template":"views\/template-page.blade.php","meta":{"_acf_changed":false,"footnotes":""},"class_list":["post-10544","page","type-page","status-publish","has-post-thumbnail","hentry"],"acf":[],"yoast_head":"<!-- This site is optimized with the Yoast SEO Premium plugin v27.3 (Yoast SEO v27.3) - https:\/\/yoast.com\/product\/yoast-seo-premium-wordpress\/ -->\n<title>Lataa e-kirja - Palmatin.com<\/title>\n<meta name=\"description\" content=\"&nbsp; 12 tekij\u00e4\u00e4, jotka vaikuttavat hirsitalon hintaan Hyvi\u00e4 vinkkej\u00e4 puutalon maalaamiseen Puutarhatoimisto Hirsi- ja elementtitalojen energiatehokkuus\" \/>\n<meta name=\"robots\" content=\"index, follow, max-snippet:-1, max-image-preview:large, max-video-preview:-1\" \/>\n<link rel=\"canonical\" href=\"https:\/\/www.palmatin.com\/fi\/ilmaisia-e-kirjoja\/9vpcwjbeene8ekr\/\" \/>\n<meta property=\"og:locale\" content=\"fi_FI\" \/>\n<meta property=\"og:type\" content=\"article\" \/>\n<meta property=\"og:title\" content=\"Lataa e-kirja\" \/>\n<meta property=\"og:description\" content=\"&nbsp; 12 tekij\u00e4\u00e4, jotka vaikuttavat hirsitalon hintaan Hyvi\u00e4 vinkkej\u00e4 puutalon maalaamiseen Puutarhatoimisto Hirsi- ja elementtitalojen energiatehokkuus\" \/>\n<meta property=\"og:url\" content=\"https:\/\/www.palmatin.com\/fi\/ilmaisia-e-kirjoja\/9vpcwjbeene8ekr\/\" \/>\n<meta property=\"og:site_name\" content=\"Palmatin.com\" \/>\n<meta property=\"article:publisher\" content=\"https:\/\/www.facebook.com\/palmatin.wooden.houses\" \/>\n<meta property=\"article:modified_time\" content=\"2019-05-14T10:48:32+00:00\" \/>\n<meta property=\"og:image\" content=\"https:\/\/www.palmatin.com\/wp-content\/uploads\/2018\/08\/log_houses.jpg\" \/>\n\t<meta property=\"og:image:width\" content=\"1920\" \/>\n\t<meta property=\"og:image:height\" content=\"300\" \/>\n\t<meta property=\"og:image:type\" content=\"image\/jpeg\" \/>\n<meta name=\"twitter:card\" content=\"summary_large_image\" \/>\n<meta name=\"twitter:site\" content=\"@palmatinhouses\" \/>\n<script type=\"application\/ld+json\" class=\"yoast-schema-graph\">{\"@context\":\"https:\\\/\\\/schema.org\",\"@graph\":[{\"@type\":\"WebPage\",\"@id\":\"https:\\\/\\\/www.palmatin.com\\\/fi\\\/ilmaisia-e-kirjoja\\\/9vpcwjbeene8ekr\\\/\",\"url\":\"https:\\\/\\\/www.palmatin.com\\\/fi\\\/ilmaisia-e-kirjoja\\\/9vpcwjbeene8ekr\\\/\",\"name\":\"Lataa e-kirja - Palmatin.com\",\"isPartOf\":{\"@id\":\"https:\\\/\\\/www.palmatin.com\\\/fi\\\/#website\"},\"primaryImageOfPage\":{\"@id\":\"https:\\\/\\\/www.palmatin.com\\\/fi\\\/ilmaisia-e-kirjoja\\\/9vpcwjbeene8ekr\\\/#primaryimage\"},\"image\":{\"@id\":\"https:\\\/\\\/www.palmatin.com\\\/fi\\\/ilmaisia-e-kirjoja\\\/9vpcwjbeene8ekr\\\/#primaryimage\"},\"thumbnailUrl\":\"https:\\\/\\\/www.palmatin.com\\\/wp-content\\\/uploads\\\/2018\\\/08\\\/log_houses.jpg\",\"datePublished\":\"2019-04-17T08:58:59+00:00\",\"dateModified\":\"2019-05-14T10:48:32+00:00\",\"description\":\"&nbsp; 12 tekij\u00e4\u00e4, jotka vaikuttavat hirsitalon hintaan Hyvi\u00e4 vinkkej\u00e4 puutalon maalaamiseen Puutarhatoimisto Hirsi- ja elementtitalojen energiatehokkuus\",\"breadcrumb\":{\"@id\":\"https:\\\/\\\/www.palmatin.com\\\/fi\\\/ilmaisia-e-kirjoja\\\/9vpcwjbeene8ekr\\\/#breadcrumb\"},\"inLanguage\":\"fi\",\"potentialAction\":[{\"@type\":\"ReadAction\",\"target\":[\"https:\\\/\\\/www.palmatin.com\\\/fi\\\/ilmaisia-e-kirjoja\\\/9vpcwjbeene8ekr\\\/\"]}]},{\"@type\":\"ImageObject\",\"inLanguage\":\"fi\",\"@id\":\"https:\\\/\\\/www.palmatin.com\\\/fi\\\/ilmaisia-e-kirjoja\\\/9vpcwjbeene8ekr\\\/#primaryimage\",\"url\":\"https:\\\/\\\/www.palmatin.com\\\/wp-content\\\/uploads\\\/2018\\\/08\\\/log_houses.jpg\",\"contentUrl\":\"https:\\\/\\\/www.palmatin.com\\\/wp-content\\\/uploads\\\/2018\\\/08\\\/log_houses.jpg\",\"width\":1920,\"height\":300,\"caption\":\"Palmatin mod\u00e8le maison en rondins, page contact\"},{\"@type\":\"BreadcrumbList\",\"@id\":\"https:\\\/\\\/www.palmatin.com\\\/fi\\\/ilmaisia-e-kirjoja\\\/9vpcwjbeene8ekr\\\/#breadcrumb\",\"itemListElement\":[{\"@type\":\"ListItem\",\"position\":1,\"name\":\"Home\",\"item\":\"https:\\\/\\\/www.palmatin.com\\\/fi\\\/\"},{\"@type\":\"ListItem\",\"position\":2,\"name\":\"Ilmaisia e-kirjoja\",\"item\":\"https:\\\/\\\/www.palmatin.com\\\/fi\\\/ilmaisia-e-kirjoja\\\/\"},{\"@type\":\"ListItem\",\"position\":3,\"name\":\"Lataa e-kirja\"}]},{\"@type\":\"WebSite\",\"@id\":\"https:\\\/\\\/www.palmatin.com\\\/fi\\\/#website\",\"url\":\"https:\\\/\\\/www.palmatin.com\\\/fi\\\/\",\"name\":\"Palmatin.com\",\"description\":\"Custom made wooden houses from project to assembly.\",\"publisher\":{\"@id\":\"https:\\\/\\\/www.palmatin.com\\\/fi\\\/#organization\"},\"inLanguage\":\"fi\"},{\"@type\":[\"Organization\",\"Place\",\"HomeAndConstructionBusiness\"],\"@id\":\"https:\\\/\\\/www.palmatin.com\\\/fi\\\/#organization\",\"name\":\"Palmatin\",\"alternateName\":\"Palmatin Wooden Houses\",\"url\":\"https:\\\/\\\/www.palmatin.com\\\/fi\\\/\",\"logo\":{\"@id\":\"https:\\\/\\\/www.palmatin.com\\\/fi\\\/ilmaisia-e-kirjoja\\\/9vpcwjbeene8ekr\\\/#local-main-organization-logo\"},\"image\":{\"@id\":\"https:\\\/\\\/www.palmatin.com\\\/fi\\\/ilmaisia-e-kirjoja\\\/9vpcwjbeene8ekr\\\/#local-main-organization-logo\"},\"sameAs\":[\"https:\\\/\\\/www.facebook.com\\\/palmatin.wooden.houses\",\"https:\\\/\\\/x.com\\\/palmatinhouses\",\"https:\\\/\\\/www.instagram.com\\\/palmatinwoodenhouses\\\/\",\"https:\\\/\\\/www.linkedin.com\\\/company\\\/palmatin-wooden-houses\",\"https:\\\/\\\/www.pinterest.com\\\/palmatin\\\/\",\"https:\\\/\\\/www.youtube.com\\\/channel\\\/UCS3v-T7tq4sPU5YkEvukfYg\"],\"description\":\"Palmatin wooden houses are expertly crafted, sustainable prefabricated element houses and log homes renowned for their durability, energy efficiency, and elegant Nordic design. Combining traditional building techniques with modern technology, Palmatin delivers customized living spaces that blend seamlessly with nature, ensuring comfort, quality, and eco-friendly living for generations.\",\"legalName\":\"Palmatin O\u00dc\",\"foundingDate\":\"1995-05-12\",\"numberOfEmployees\":{\"@type\":\"QuantitativeValue\",\"minValue\":\"11\",\"maxValue\":\"50\"},\"address\":{\"@id\":\"https:\\\/\\\/www.palmatin.com\\\/fi\\\/ilmaisia-e-kirjoja\\\/9vpcwjbeene8ekr\\\/#local-main-place-address\"},\"telephone\":[\"(+372) 605 48 95\"],\"openingHoursSpecification\":[{\"@type\":\"OpeningHoursSpecification\",\"dayOfWeek\":[\"Monday\",\"Tuesday\",\"Wednesday\",\"Thursday\",\"Friday\"],\"opens\":\"08:00\",\"closes\":\"17:00\"},{\"@type\":\"OpeningHoursSpecification\",\"dayOfWeek\":[\"Saturday\",\"Sunday\"],\"opens\":\"00:00\",\"closes\":\"00:00\"}],\"email\":\"info@palmatin.com\",\"faxNumber\":\"(+372) 605 48 92\",\"areaServed\":\"world\",\"vatID\":\"EE100240388\",\"priceRange\":\"$$$\",\"currenciesAccepted\":\"Euros\"},{\"@type\":\"PostalAddress\",\"@id\":\"https:\\\/\\\/www.palmatin.com\\\/fi\\\/ilmaisia-e-kirjoja\\\/9vpcwjbeene8ekr\\\/#local-main-place-address\",\"streetAddress\":\"Tammi tee 40b\",\"addressLocality\":\"Rannamoeisa\",\"postalCode\":\"76906\",\"addressRegion\":\"Harju parish\",\"addressCountry\":\"EE\"},{\"@type\":\"ImageObject\",\"inLanguage\":\"fi\",\"@id\":\"https:\\\/\\\/www.palmatin.com\\\/fi\\\/ilmaisia-e-kirjoja\\\/9vpcwjbeene8ekr\\\/#local-main-organization-logo\",\"url\":\"https:\\\/\\\/www.palmatin.com\\\/wp-content\\\/uploads\\\/2022\\\/11\\\/Logo_wrt.jpg\",\"contentUrl\":\"https:\\\/\\\/www.palmatin.com\\\/wp-content\\\/uploads\\\/2022\\\/11\\\/Logo_wrt.jpg\",\"width\":1458,\"height\":857,\"caption\":\"Palmatin\"}]}<\/script>\n<meta name=\"geo.placename\" content=\"Rannamoeisa\" \/>\n<meta name=\"geo.region\" content=\"Viro\" \/>\n<!-- \/ Yoast SEO Premium plugin. -->","yoast_head_json":{"title":"Lataa e-kirja - Palmatin.com","description":"&nbsp; 12 tekij\u00e4\u00e4, jotka vaikuttavat hirsitalon hintaan Hyvi\u00e4 vinkkej\u00e4 puutalon maalaamiseen Puutarhatoimisto Hirsi- ja elementtitalojen energiatehokkuus","robots":{"index":"index","follow":"follow","max-snippet":"max-snippet:-1","max-image-preview":"max-image-preview:large","max-video-preview":"max-video-preview:-1"},"canonical":"https:\/\/www.palmatin.com\/fi\/ilmaisia-e-kirjoja\/9vpcwjbeene8ekr\/","og_locale":"fi_FI","og_type":"article","og_title":"Lataa e-kirja","og_description":"&nbsp; 12 tekij\u00e4\u00e4, jotka vaikuttavat hirsitalon hintaan Hyvi\u00e4 vinkkej\u00e4 puutalon maalaamiseen Puutarhatoimisto Hirsi- ja elementtitalojen energiatehokkuus","og_url":"https:\/\/www.palmatin.com\/fi\/ilmaisia-e-kirjoja\/9vpcwjbeene8ekr\/","og_site_name":"Palmatin.com","article_publisher":"https:\/\/www.facebook.com\/palmatin.wooden.houses","article_modified_time":"2019-05-14T10:48:32+00:00","og_image":[{"width":1920,"height":300,"url":"https:\/\/www.palmatin.com\/wp-content\/uploads\/2018\/08\/log_houses.jpg","type":"image\/jpeg"}],"twitter_card":"summary_large_image","twitter_site":"@palmatinhouses","schema":{"@context":"https:\/\/schema.org","@graph":[{"@type":"WebPage","@id":"https:\/\/www.palmatin.com\/fi\/ilmaisia-e-kirjoja\/9vpcwjbeene8ekr\/","url":"https:\/\/www.palmatin.com\/fi\/ilmaisia-e-kirjoja\/9vpcwjbeene8ekr\/","name":"Lataa e-kirja - Palmatin.com","isPartOf":{"@id":"https:\/\/www.palmatin.com\/fi\/#website"},"primaryImageOfPage":{"@id":"https:\/\/www.palmatin.com\/fi\/ilmaisia-e-kirjoja\/9vpcwjbeene8ekr\/#primaryimage"},"image":{"@id":"https:\/\/www.palmatin.com\/fi\/ilmaisia-e-kirjoja\/9vpcwjbeene8ekr\/#primaryimage"},"thumbnailUrl":"https:\/\/www.palmatin.com\/wp-content\/uploads\/2018\/08\/log_houses.jpg","datePublished":"2019-04-17T08:58:59+00:00","dateModified":"2019-05-14T10:48:32+00:00","description":"&nbsp; 12 tekij\u00e4\u00e4, jotka vaikuttavat hirsitalon hintaan Hyvi\u00e4 vinkkej\u00e4 puutalon maalaamiseen Puutarhatoimisto Hirsi- ja elementtitalojen energiatehokkuus","breadcrumb":{"@id":"https:\/\/www.palmatin.com\/fi\/ilmaisia-e-kirjoja\/9vpcwjbeene8ekr\/#breadcrumb"},"inLanguage":"fi","potentialAction":[{"@type":"ReadAction","target":["https:\/\/www.palmatin.com\/fi\/ilmaisia-e-kirjoja\/9vpcwjbeene8ekr\/"]}]},{"@type":"ImageObject","inLanguage":"fi","@id":"https:\/\/www.palmatin.com\/fi\/ilmaisia-e-kirjoja\/9vpcwjbeene8ekr\/#primaryimage","url":"https:\/\/www.palmatin.com\/wp-content\/uploads\/2018\/08\/log_houses.jpg","contentUrl":"https:\/\/www.palmatin.com\/wp-content\/uploads\/2018\/08\/log_houses.jpg","width":1920,"height":300,"caption":"Palmatin mod\u00e8le maison en rondins, page contact"},{"@type":"BreadcrumbList","@id":"https:\/\/www.palmatin.com\/fi\/ilmaisia-e-kirjoja\/9vpcwjbeene8ekr\/#breadcrumb","itemListElement":[{"@type":"ListItem","position":1,"name":"Home","item":"https:\/\/www.palmatin.com\/fi\/"},{"@type":"ListItem","position":2,"name":"Ilmaisia e-kirjoja","item":"https:\/\/www.palmatin.com\/fi\/ilmaisia-e-kirjoja\/"},{"@type":"ListItem","position":3,"name":"Lataa e-kirja"}]},{"@type":"WebSite","@id":"https:\/\/www.palmatin.com\/fi\/#website","url":"https:\/\/www.palmatin.com\/fi\/","name":"Palmatin.com","description":"Custom made wooden houses from project to assembly.","publisher":{"@id":"https:\/\/www.palmatin.com\/fi\/#organization"},"inLanguage":"fi"},{"@type":["Organization","Place","HomeAndConstructionBusiness"],"@id":"https:\/\/www.palmatin.com\/fi\/#organization","name":"Palmatin","alternateName":"Palmatin Wooden Houses","url":"https:\/\/www.palmatin.com\/fi\/","logo":{"@id":"https:\/\/www.palmatin.com\/fi\/ilmaisia-e-kirjoja\/9vpcwjbeene8ekr\/#local-main-organization-logo"},"image":{"@id":"https:\/\/www.palmatin.com\/fi\/ilmaisia-e-kirjoja\/9vpcwjbeene8ekr\/#local-main-organization-logo"},"sameAs":["https:\/\/www.facebook.com\/palmatin.wooden.houses","https:\/\/x.com\/palmatinhouses","https:\/\/www.instagram.com\/palmatinwoodenhouses\/","https:\/\/www.linkedin.com\/company\/palmatin-wooden-houses","https:\/\/www.pinterest.com\/palmatin\/","https:\/\/www.youtube.com\/channel\/UCS3v-T7tq4sPU5YkEvukfYg"],"description":"Palmatin wooden houses are expertly crafted, sustainable prefabricated element houses and log homes renowned for their durability, energy efficiency, and elegant Nordic design. Combining traditional building techniques with modern technology, Palmatin delivers customized living spaces that blend seamlessly with nature, ensuring comfort, quality, and eco-friendly living for generations.","legalName":"Palmatin O\u00dc","foundingDate":"1995-05-12","numberOfEmployees":{"@type":"QuantitativeValue","minValue":"11","maxValue":"50"},"address":{"@id":"https:\/\/www.palmatin.com\/fi\/ilmaisia-e-kirjoja\/9vpcwjbeene8ekr\/#local-main-place-address"},"telephone":["(+372) 605 48 95"],"openingHoursSpecification":[{"@type":"OpeningHoursSpecification","dayOfWeek":["Monday","Tuesday","Wednesday","Thursday","Friday"],"opens":"08:00","closes":"17:00"},{"@type":"OpeningHoursSpecification","dayOfWeek":["Saturday","Sunday"],"opens":"00:00","closes":"00:00"}],"email":"info@palmatin.com","faxNumber":"(+372) 605 48 92","areaServed":"world","vatID":"EE100240388","priceRange":"$$$","currenciesAccepted":"Euros"},{"@type":"PostalAddress","@id":"https:\/\/www.palmatin.com\/fi\/ilmaisia-e-kirjoja\/9vpcwjbeene8ekr\/#local-main-place-address","streetAddress":"Tammi tee 40b","addressLocality":"Rannamoeisa","postalCode":"76906","addressRegion":"Harju parish","addressCountry":"EE"},{"@type":"ImageObject","inLanguage":"fi","@id":"https:\/\/www.palmatin.com\/fi\/ilmaisia-e-kirjoja\/9vpcwjbeene8ekr\/#local-main-organization-logo","url":"https:\/\/www.palmatin.com\/wp-content\/uploads\/2022\/11\/Logo_wrt.jpg","contentUrl":"https:\/\/www.palmatin.com\/wp-content\/uploads\/2022\/11\/Logo_wrt.jpg","width":1458,"height":857,"caption":"Palmatin"}]},"geo.placename":"Rannamoeisa","geo.region":"Viro"},"_links":{"self":[{"href":"https:\/\/www.palmatin.com\/fi\/wp-json\/wp\/v2\/pages\/10544","targetHints":{"allow":["GET"]}}],"collection":[{"href":"https:\/\/www.palmatin.com\/fi\/wp-json\/wp\/v2\/pages"}],"about":[{"href":"https:\/\/www.palmatin.com\/fi\/wp-json\/wp\/v2\/types\/page"}],"author":[{"embeddable":true,"href":"https:\/\/www.palmatin.com\/fi\/wp-json\/wp\/v2\/users\/2"}],"replies":[{"embeddable":true,"href":"https:\/\/www.palmatin.com\/fi\/wp-json\/wp\/v2\/comments?post=10544"}],"version-history":[{"count":0,"href":"https:\/\/www.palmatin.com\/fi\/wp-json\/wp\/v2\/pages\/10544\/revisions"}],"up":[{"embeddable":true,"href":"https:\/\/www.palmatin.com\/fi\/wp-json\/wp\/v2\/pages\/9801"}],"wp:featuredmedia":[{"embeddable":true,"href":"https:\/\/www.palmatin.com\/fi\/wp-json\/wp\/v2\/media\/1475"}],"wp:attachment":[{"href":"https:\/\/www.palmatin.com\/fi\/wp-json\/wp\/v2\/media?parent=10544"}],"curies":[{"name":"wp","href":"https:\/\/api.w.org\/{rel}","templated":true}]}}