{"id":10048,"date":"2018-07-02T10:24:39","date_gmt":"2018-07-02T10:24:39","guid":{"rendered":"https:\/\/www.palmatin.com\/contact\/"},"modified":"2023-11-30T09:33:19","modified_gmt":"2023-11-30T09:33:19","slug":"yhteystiedot","status":"publish","type":"page","link":"https:\/\/www.palmatin.com\/fi\/yhteystiedot\/","title":{"rendered":"Ota yhteytt\u00e4"},"content":{"rendered":"<p><strong>Palmatin O\u00dc<\/strong><\/p>\n<p>Aukioloajat:<\/p>\n<p>MAANANTAI &#8211; PERJANTAI<br \/>\n8:00 &#8211; 17:00 (GMT+2)<\/p>\n<p>Puh. (372) 605 48 95<br \/>\nS\u00e4hk\u00f6posti: info@palmatin.com<\/p>\n<p>Tammi tee 40b<\/p>\n<p>76906 Rannam\u00f5isa, Harjun seurakunta<\/p>\n<p>Reg.nr. 10418108<\/p>\n<p>KMKR EE100240388<\/p>\n<p>WWW: <a href=\"https:\/\/www.palmatin.com\/\">www.palmatin.com<\/a><\/p>\n<p>Facebook: <a href=\"https:\/\/www.facebook.com\/palmatin.wooden.houses\">www.facebook.com\/palmatin.wooden.houses<\/a><\/p>\n","protected":false},"excerpt":{"rendered":"<p>Palmatin O\u00dc Aukioloajat: MAANANTAI &#8211; PERJANTAI 8:00 &#8211; 17:00 (GMT+2) Puh. (372) 605 48 95 S\u00e4hk\u00f6posti: info@palmatin.com Tammi tee 40b 76906 Rannam\u00f5isa, Harjun seurakunta Reg.nr. 10418108 KMKR EE100240388 WWW: www.palmatin.com Facebook: www.facebook.com\/palmatin.wooden.houses<\/p>\n","protected":false},"author":1,"featured_media":1475,"parent":0,"menu_order":0,"comment_status":"closed","ping_status":"closed","template":"views\/template-contact.blade.php","meta":{"_acf_changed":false,"footnotes":""},"class_list":["post-10048","page","type-page","status-publish","has-post-thumbnail","hentry"],"acf":[],"yoast_head":"<!-- This site is optimized with the Yoast SEO Premium plugin v27.3 (Yoast SEO v27.4) - https:\/\/yoast.com\/product\/yoast-seo-premium-wordpress\/ -->\n<title>Palmatin hirsitalot yhteystiedot | Avoinna ma-pe 8-17 | Soita (372) 605 4895<\/title>\n<meta name=\"description\" content=\"Ota yhteytt\u00e4 (372) 605 4895. L\u00e4het\u00e4 meille projekti unelmiesi talosta ja pyyd\u00e4 hintatarjous - info@palmatin.ee. R\u00e4\u00e4t\u00e4l\u00f6idyt hirsitalot Pohjois-Euroopasta\" \/>\n<meta name=\"robots\" content=\"index, follow, max-snippet:-1, max-image-preview:large, max-video-preview:-1\" \/>\n<link rel=\"canonical\" href=\"https:\/\/www.palmatin.com\/fi\/yhteystiedot\/\" \/>\n<meta property=\"og:locale\" content=\"fi_FI\" \/>\n<meta property=\"og:type\" content=\"article\" \/>\n<meta property=\"og:title\" content=\"Ota yhteytt\u00e4\" \/>\n<meta property=\"og:description\" content=\"Palmatin O\u00dc Aukioloajat: MAANANTAI - PERJANTAI 8:00 - 17:00 (GMT+2) Puh. (372) 605 48 95 S\u00e4hk\u00f6posti: info@palmatin.com Tammi tee 40b 76906 Rannam\u00f5isa,\" \/>\n<meta property=\"og:url\" content=\"https:\/\/www.palmatin.com\/fi\/yhteystiedot\/\" \/>\n<meta property=\"og:site_name\" content=\"Palmatin.com\" \/>\n<meta property=\"article:publisher\" content=\"https:\/\/www.facebook.com\/palmatin.wooden.houses\" \/>\n<meta property=\"article:modified_time\" content=\"2023-11-30T09:33:19+00:00\" \/>\n<meta property=\"og:image\" content=\"https:\/\/www.palmatin.com\/wp-content\/uploads\/2018\/08\/log_houses.jpg\" \/>\n\t<meta property=\"og:image:width\" content=\"1920\" \/>\n\t<meta property=\"og:image:height\" content=\"300\" \/>\n\t<meta property=\"og:image:type\" content=\"image\/jpeg\" \/>\n<meta name=\"twitter:card\" content=\"summary_large_image\" \/>\n<meta name=\"twitter:site\" content=\"@palmatinhouses\" \/>\n<meta name=\"twitter:label1\" content=\"Arvioitu lukuaika\" \/>\n\t<meta name=\"twitter:data1\" content=\"1 minuutti\" \/>\n<script type=\"application\/ld+json\" class=\"yoast-schema-graph\">{\"@context\":\"https:\\\/\\\/schema.org\",\"@graph\":[{\"@type\":\"WebPage\",\"@id\":\"https:\\\/\\\/www.palmatin.com\\\/fi\\\/yhteystiedot\\\/\",\"url\":\"https:\\\/\\\/www.palmatin.com\\\/fi\\\/yhteystiedot\\\/\",\"name\":\"Palmatin hirsitalot yhteystiedot | Avoinna ma-pe 8-17 | Soita (372) 605 4895\",\"isPartOf\":{\"@id\":\"https:\\\/\\\/www.palmatin.com\\\/fi\\\/#website\"},\"primaryImageOfPage\":{\"@id\":\"https:\\\/\\\/www.palmatin.com\\\/fi\\\/yhteystiedot\\\/#primaryimage\"},\"image\":{\"@id\":\"https:\\\/\\\/www.palmatin.com\\\/fi\\\/yhteystiedot\\\/#primaryimage\"},\"thumbnailUrl\":\"https:\\\/\\\/www.palmatin.com\\\/wp-content\\\/uploads\\\/2018\\\/08\\\/log_houses.jpg\",\"datePublished\":\"2018-07-02T10:24:39+00:00\",\"dateModified\":\"2023-11-30T09:33:19+00:00\",\"description\":\"Ota yhteytt\u00e4 (372) 605 4895. L\u00e4het\u00e4 meille projekti unelmiesi talosta ja pyyd\u00e4 hintatarjous - info@palmatin.ee. R\u00e4\u00e4t\u00e4l\u00f6idyt hirsitalot Pohjois-Euroopasta\",\"breadcrumb\":{\"@id\":\"https:\\\/\\\/www.palmatin.com\\\/fi\\\/yhteystiedot\\\/#breadcrumb\"},\"inLanguage\":\"fi\",\"potentialAction\":[{\"@type\":\"ReadAction\",\"target\":[\"https:\\\/\\\/www.palmatin.com\\\/fi\\\/yhteystiedot\\\/\"]}]},{\"@type\":\"ImageObject\",\"inLanguage\":\"fi\",\"@id\":\"https:\\\/\\\/www.palmatin.com\\\/fi\\\/yhteystiedot\\\/#primaryimage\",\"url\":\"https:\\\/\\\/www.palmatin.com\\\/wp-content\\\/uploads\\\/2018\\\/08\\\/log_houses.jpg\",\"contentUrl\":\"https:\\\/\\\/www.palmatin.com\\\/wp-content\\\/uploads\\\/2018\\\/08\\\/log_houses.jpg\",\"width\":1920,\"height\":300,\"caption\":\"Palmatin mod\u00e8le maison en rondins, page contact\"},{\"@type\":\"BreadcrumbList\",\"@id\":\"https:\\\/\\\/www.palmatin.com\\\/fi\\\/yhteystiedot\\\/#breadcrumb\",\"itemListElement\":[{\"@type\":\"ListItem\",\"position\":1,\"name\":\"Home\",\"item\":\"https:\\\/\\\/www.palmatin.com\\\/fi\\\/\"},{\"@type\":\"ListItem\",\"position\":2,\"name\":\"Ota yhteytt\u00e4\"}]},{\"@type\":\"WebSite\",\"@id\":\"https:\\\/\\\/www.palmatin.com\\\/fi\\\/#website\",\"url\":\"https:\\\/\\\/www.palmatin.com\\\/fi\\\/\",\"name\":\"Palmatin.com\",\"description\":\"Custom made wooden houses from project to assembly.\",\"publisher\":{\"@id\":\"https:\\\/\\\/www.palmatin.com\\\/fi\\\/#organization\"},\"inLanguage\":\"fi\"},{\"@type\":[\"Organization\",\"Place\",\"HomeAndConstructionBusiness\"],\"@id\":\"https:\\\/\\\/www.palmatin.com\\\/fi\\\/#organization\",\"name\":\"Palmatin\",\"alternateName\":\"Palmatin Wooden Houses\",\"url\":\"https:\\\/\\\/www.palmatin.com\\\/fi\\\/\",\"logo\":{\"@id\":\"https:\\\/\\\/www.palmatin.com\\\/fi\\\/yhteystiedot\\\/#local-main-organization-logo\"},\"image\":{\"@id\":\"https:\\\/\\\/www.palmatin.com\\\/fi\\\/yhteystiedot\\\/#local-main-organization-logo\"},\"sameAs\":[\"https:\\\/\\\/www.facebook.com\\\/palmatin.wooden.houses\",\"https:\\\/\\\/x.com\\\/palmatinhouses\",\"https:\\\/\\\/www.instagram.com\\\/palmatinwoodenhouses\\\/\",\"https:\\\/\\\/www.linkedin.com\\\/company\\\/palmatin-wooden-houses\",\"https:\\\/\\\/www.pinterest.com\\\/palmatin\\\/\",\"https:\\\/\\\/www.youtube.com\\\/channel\\\/UCS3v-T7tq4sPU5YkEvukfYg\"],\"description\":\"Palmatin wooden houses are expertly crafted, sustainable prefabricated element houses and log homes renowned for their durability, energy efficiency, and elegant Nordic design. Combining traditional building techniques with modern technology, Palmatin delivers customized living spaces that blend seamlessly with nature, ensuring comfort, quality, and eco-friendly living for generations.\",\"legalName\":\"Palmatin O\u00dc\",\"foundingDate\":\"1995-05-12\",\"numberOfEmployees\":{\"@type\":\"QuantitativeValue\",\"minValue\":\"11\",\"maxValue\":\"50\"},\"address\":{\"@id\":\"https:\\\/\\\/www.palmatin.com\\\/fi\\\/yhteystiedot\\\/#local-main-place-address\"},\"telephone\":[\"(+372) 605 48 95\"],\"openingHoursSpecification\":[{\"@type\":\"OpeningHoursSpecification\",\"dayOfWeek\":[\"Monday\",\"Tuesday\",\"Wednesday\",\"Thursday\",\"Friday\"],\"opens\":\"08:00\",\"closes\":\"17:00\"},{\"@type\":\"OpeningHoursSpecification\",\"dayOfWeek\":[\"Saturday\",\"Sunday\"],\"opens\":\"00:00\",\"closes\":\"00:00\"}],\"email\":\"info@palmatin.com\",\"faxNumber\":\"(+372) 605 48 92\",\"areaServed\":\"world\",\"vatID\":\"EE100240388\",\"priceRange\":\"$$$\",\"currenciesAccepted\":\"Euros\"},{\"@type\":\"PostalAddress\",\"@id\":\"https:\\\/\\\/www.palmatin.com\\\/fi\\\/yhteystiedot\\\/#local-main-place-address\",\"streetAddress\":\"Tammi tee 40b\",\"addressLocality\":\"Rannamoeisa\",\"postalCode\":\"76906\",\"addressRegion\":\"Harju parish\",\"addressCountry\":\"EE\"},{\"@type\":\"ImageObject\",\"inLanguage\":\"fi\",\"@id\":\"https:\\\/\\\/www.palmatin.com\\\/fi\\\/yhteystiedot\\\/#local-main-organization-logo\",\"url\":\"https:\\\/\\\/www.palmatin.com\\\/wp-content\\\/uploads\\\/2022\\\/11\\\/Logo_wrt.jpg\",\"contentUrl\":\"https:\\\/\\\/www.palmatin.com\\\/wp-content\\\/uploads\\\/2022\\\/11\\\/Logo_wrt.jpg\",\"width\":1458,\"height\":857,\"caption\":\"Palmatin\"}]}<\/script>\n<meta name=\"geo.placename\" content=\"Rannamoeisa\" \/>\n<meta name=\"geo.region\" content=\"Viro\" \/>\n<!-- \/ Yoast SEO Premium plugin. -->","yoast_head_json":{"title":"Palmatin hirsitalot yhteystiedot | Avoinna ma-pe 8-17 | Soita (372) 605 4895","description":"Ota yhteytt\u00e4 (372) 605 4895. L\u00e4het\u00e4 meille projekti unelmiesi talosta ja pyyd\u00e4 hintatarjous - info@palmatin.ee. R\u00e4\u00e4t\u00e4l\u00f6idyt hirsitalot Pohjois-Euroopasta","robots":{"index":"index","follow":"follow","max-snippet":"max-snippet:-1","max-image-preview":"max-image-preview:large","max-video-preview":"max-video-preview:-1"},"canonical":"https:\/\/www.palmatin.com\/fi\/yhteystiedot\/","og_locale":"fi_FI","og_type":"article","og_title":"Ota yhteytt\u00e4","og_description":"Palmatin O\u00dc Aukioloajat: MAANANTAI - PERJANTAI 8:00 - 17:00 (GMT+2) Puh. (372) 605 48 95 S\u00e4hk\u00f6posti: info@palmatin.com Tammi tee 40b 76906 Rannam\u00f5isa,","og_url":"https:\/\/www.palmatin.com\/fi\/yhteystiedot\/","og_site_name":"Palmatin.com","article_publisher":"https:\/\/www.facebook.com\/palmatin.wooden.houses","article_modified_time":"2023-11-30T09:33:19+00:00","og_image":[{"width":1920,"height":300,"url":"https:\/\/www.palmatin.com\/wp-content\/uploads\/2018\/08\/log_houses.jpg","type":"image\/jpeg"}],"twitter_card":"summary_large_image","twitter_site":"@palmatinhouses","twitter_misc":{"Arvioitu lukuaika":"1 minuutti"},"schema":{"@context":"https:\/\/schema.org","@graph":[{"@type":"WebPage","@id":"https:\/\/www.palmatin.com\/fi\/yhteystiedot\/","url":"https:\/\/www.palmatin.com\/fi\/yhteystiedot\/","name":"Palmatin hirsitalot yhteystiedot | Avoinna ma-pe 8-17 | Soita (372) 605 4895","isPartOf":{"@id":"https:\/\/www.palmatin.com\/fi\/#website"},"primaryImageOfPage":{"@id":"https:\/\/www.palmatin.com\/fi\/yhteystiedot\/#primaryimage"},"image":{"@id":"https:\/\/www.palmatin.com\/fi\/yhteystiedot\/#primaryimage"},"thumbnailUrl":"https:\/\/www.palmatin.com\/wp-content\/uploads\/2018\/08\/log_houses.jpg","datePublished":"2018-07-02T10:24:39+00:00","dateModified":"2023-11-30T09:33:19+00:00","description":"Ota yhteytt\u00e4 (372) 605 4895. L\u00e4het\u00e4 meille projekti unelmiesi talosta ja pyyd\u00e4 hintatarjous - info@palmatin.ee. R\u00e4\u00e4t\u00e4l\u00f6idyt hirsitalot Pohjois-Euroopasta","breadcrumb":{"@id":"https:\/\/www.palmatin.com\/fi\/yhteystiedot\/#breadcrumb"},"inLanguage":"fi","potentialAction":[{"@type":"ReadAction","target":["https:\/\/www.palmatin.com\/fi\/yhteystiedot\/"]}]},{"@type":"ImageObject","inLanguage":"fi","@id":"https:\/\/www.palmatin.com\/fi\/yhteystiedot\/#primaryimage","url":"https:\/\/www.palmatin.com\/wp-content\/uploads\/2018\/08\/log_houses.jpg","contentUrl":"https:\/\/www.palmatin.com\/wp-content\/uploads\/2018\/08\/log_houses.jpg","width":1920,"height":300,"caption":"Palmatin mod\u00e8le maison en rondins, page contact"},{"@type":"BreadcrumbList","@id":"https:\/\/www.palmatin.com\/fi\/yhteystiedot\/#breadcrumb","itemListElement":[{"@type":"ListItem","position":1,"name":"Home","item":"https:\/\/www.palmatin.com\/fi\/"},{"@type":"ListItem","position":2,"name":"Ota yhteytt\u00e4"}]},{"@type":"WebSite","@id":"https:\/\/www.palmatin.com\/fi\/#website","url":"https:\/\/www.palmatin.com\/fi\/","name":"Palmatin.com","description":"Custom made wooden houses from project to assembly.","publisher":{"@id":"https:\/\/www.palmatin.com\/fi\/#organization"},"inLanguage":"fi"},{"@type":["Organization","Place","HomeAndConstructionBusiness"],"@id":"https:\/\/www.palmatin.com\/fi\/#organization","name":"Palmatin","alternateName":"Palmatin Wooden Houses","url":"https:\/\/www.palmatin.com\/fi\/","logo":{"@id":"https:\/\/www.palmatin.com\/fi\/yhteystiedot\/#local-main-organization-logo"},"image":{"@id":"https:\/\/www.palmatin.com\/fi\/yhteystiedot\/#local-main-organization-logo"},"sameAs":["https:\/\/www.facebook.com\/palmatin.wooden.houses","https:\/\/x.com\/palmatinhouses","https:\/\/www.instagram.com\/palmatinwoodenhouses\/","https:\/\/www.linkedin.com\/company\/palmatin-wooden-houses","https:\/\/www.pinterest.com\/palmatin\/","https:\/\/www.youtube.com\/channel\/UCS3v-T7tq4sPU5YkEvukfYg"],"description":"Palmatin wooden houses are expertly crafted, sustainable prefabricated element houses and log homes renowned for their durability, energy efficiency, and elegant Nordic design. Combining traditional building techniques with modern technology, Palmatin delivers customized living spaces that blend seamlessly with nature, ensuring comfort, quality, and eco-friendly living for generations.","legalName":"Palmatin O\u00dc","foundingDate":"1995-05-12","numberOfEmployees":{"@type":"QuantitativeValue","minValue":"11","maxValue":"50"},"address":{"@id":"https:\/\/www.palmatin.com\/fi\/yhteystiedot\/#local-main-place-address"},"telephone":["(+372) 605 48 95"],"openingHoursSpecification":[{"@type":"OpeningHoursSpecification","dayOfWeek":["Monday","Tuesday","Wednesday","Thursday","Friday"],"opens":"08:00","closes":"17:00"},{"@type":"OpeningHoursSpecification","dayOfWeek":["Saturday","Sunday"],"opens":"00:00","closes":"00:00"}],"email":"info@palmatin.com","faxNumber":"(+372) 605 48 92","areaServed":"world","vatID":"EE100240388","priceRange":"$$$","currenciesAccepted":"Euros"},{"@type":"PostalAddress","@id":"https:\/\/www.palmatin.com\/fi\/yhteystiedot\/#local-main-place-address","streetAddress":"Tammi tee 40b","addressLocality":"Rannamoeisa","postalCode":"76906","addressRegion":"Harju parish","addressCountry":"EE"},{"@type":"ImageObject","inLanguage":"fi","@id":"https:\/\/www.palmatin.com\/fi\/yhteystiedot\/#local-main-organization-logo","url":"https:\/\/www.palmatin.com\/wp-content\/uploads\/2022\/11\/Logo_wrt.jpg","contentUrl":"https:\/\/www.palmatin.com\/wp-content\/uploads\/2022\/11\/Logo_wrt.jpg","width":1458,"height":857,"caption":"Palmatin"}]},"geo.placename":"Rannamoeisa","geo.region":"Viro"},"_links":{"self":[{"href":"https:\/\/www.palmatin.com\/fi\/wp-json\/wp\/v2\/pages\/10048","targetHints":{"allow":["GET"]}}],"collection":[{"href":"https:\/\/www.palmatin.com\/fi\/wp-json\/wp\/v2\/pages"}],"about":[{"href":"https:\/\/www.palmatin.com\/fi\/wp-json\/wp\/v2\/types\/page"}],"author":[{"embeddable":true,"href":"https:\/\/www.palmatin.com\/fi\/wp-json\/wp\/v2\/users\/1"}],"replies":[{"embeddable":true,"href":"https:\/\/www.palmatin.com\/fi\/wp-json\/wp\/v2\/comments?post=10048"}],"version-history":[{"count":0,"href":"https:\/\/www.palmatin.com\/fi\/wp-json\/wp\/v2\/pages\/10048\/revisions"}],"wp:featuredmedia":[{"embeddable":true,"href":"https:\/\/www.palmatin.com\/fi\/wp-json\/wp\/v2\/media\/1475"}],"wp:attachment":[{"href":"https:\/\/www.palmatin.com\/fi\/wp-json\/wp\/v2\/media?parent=10048"}],"curies":[{"name":"wp","href":"https:\/\/api.w.org\/{rel}","templated":true}]}}