{"id":9900,"date":"2018-10-19T08:12:58","date_gmt":"2018-10-19T08:12:58","guid":{"rendered":"https:\/\/www.palmatin.com\/cross-laminated-timber-panel-clt-panel\/"},"modified":"2019-06-03T12:53:58","modified_gmt":"2019-06-03T12:53:58","slug":"ristkihtpuit-paneel-clt-paneel","status":"publish","type":"page","link":"https:\/\/www.palmatin.com\/et\/ristkihtpuit-paneel-clt-paneel\/","title":{"rendered":"Ristkihtpuit paneel &#8211; CLT paneel"},"content":{"rendered":"<h3><\/h3>\n<p>&nbsp;<\/p>\n<p class=\"p1\"><strong>Ristkihtpuit paneel (CLT e. cross-laminated timber) \u2013 kaasaegne, keskkonnas\u00f5bralik ja paindlik.<\/strong><\/p>\n<p class=\"p1\">Ristkihtpuit paneel on tugev, suurep\u00e4rase kandev\u00f5imega puitpaneel. See sobitub h\u00e4sti iga konstruktsiooni n\u00f5udega t\u00e4nu paindlikkusele paneeli m\u00f5\u00f5tudes ja v\u00e4ga headele f\u00fc\u00fcsikalistele omadustes.<\/p>\n<p class=\"p1\">Ristkihtidest kokkliimitud paneel, milles on kasutatud k\u00f5rge kvaliteedilisi toormaterjale garanteerib paneelide absoluutselt t\u00e4psed m\u00f5\u00f5tmed ning<span class=\"Apple-converted-space\">\u00a0 <\/span>nende t\u00e4psuse ja j\u00e4ikuse.<\/p>\n<p class=\"p1\">Ristkihtpuidust paneelid leiavad kasutust alates elumajadest kuni suuremahuliste kortermajade projektideni. Suure gabariidilised t\u00e4ispuitpaneelid saavad lihtsalt hakkama staatika erin\u00f5uetega.<\/p>\n<p class=\"p1\">T\u00e4nu suurele kandev\u00f5imele on ristkihtpuit paneel suurep\u00e4rane valik mitmekorruselistele majadele ja haldushoonetele.<\/p>\n<p class=\"p1\">Kiire ja lihtne elementide paigaldus v\u00e4hendab oluliselt ehitust\u00f6\u00f6deks kuluvat aega.<\/p>\n<p class=\"p1\">Paneelide valmistamise paindlikkus pakub laialdasi v\u00f5imalusi moodsa arhitektuuri austajatele ja traditsioonilisele ehitusstiilile p\u00fchendunuile.<\/p>\n<p class=\"p1\"><strong>Kasutuskohad:<\/strong><\/p>\n<ul>\n<li class=\"p1\">Individuaalelamud ja kortermajad<\/li>\n<li class=\"p1\">Korrusmajad<\/li>\n<li class=\"p1\">Laiendused<\/li>\n<li class=\"p1\">Linna arendus<\/li>\n<li class=\"p1\">Haiglad ja koolid<\/li>\n<li class=\"p1\">\u00c4rihooned, kontorid ja t\u00f6\u00f6stuslikud hooned<\/li>\n<li class=\"p1\">P\u00f5llumajanduslikud hooned<\/li>\n<li class=\"p1\">Turismi- ja puhkekeskused<\/li>\n<li class=\"p1\">Moodulmajad<\/li>\n<\/ul>\n<p class=\"p1\"><strong>Omadused:<\/strong><\/p>\n<ul>\n<li class=\"p1\">Tugev, v\u00e4\u00e4rtust hoidev konstruktsioon<\/li>\n<li class=\"p1\">Lisaruumi pakkuv, t\u00e4nu v\u00e4hendatud elemendi paksusele<\/li>\n<li class=\"p1\">Paindlik disain<\/li>\n<li class=\"p1\">Suurep\u00e4rane kuju- ja ristl\u00f5ike t\u00e4psus<\/li>\n<li class=\"p1\">Esmaklassilised f\u00fc\u00fcsikalised omadused<\/li>\n<li class=\"p1\">Ettevalmistatud elemendid, lihtne tolmu- ja m\u00fcravaba paigaldus<\/li>\n<li class=\"p1\">L\u00fchike paigaldusperiood t\u00e4nu tehnoloogiliste ooteaegade puudumisele ehitusel<\/li>\n<li class=\"p1\">Naturaalne, j\u00e4tkusuutlik ehitusmaterjal<\/li>\n<li class=\"p1\">CO2 hoidja<\/li>\n<\/ul>\n<h3>Ristkihtpuit paneelide tootmine<\/h3>\n<p class=\"p1\">S\u00f5rmj\u00e4tkatud ja h\u00f6\u00f6veldatud lamellid paigutatakse lahtiselt \u00fcksteise k\u00f5rvale, misj\u00e4rel lamellid liimitakse \u00fcksteise k\u00fclge.<\/p>\n<h4>Paneelide kvaliteet:<\/h4>\n<p class=\"p1\"><strong>T\u00f6\u00f6stuslik kvaliteet:<\/strong><\/p>\n<p class=\"p1\">Mitten\u00e4htavates konstruktsioonides, k\u00f5igi struktuuriliste omadustega, kasutamiseks mitten\u00e4htavates konstruktsioonides (nt. kipsplaadi alla)<\/p>\n<ul>\n<li class=\"p1\">Pealmised lamellid on sorteeritud vastavalt kandva konstruktsiooni n\u00f5uetele C24 vastavalt EN338. Maksimaalselt 10% C16 materjali on lubatud kasutada<\/li>\n<li class=\"p1\">Lamellide v\u00e4rvimuutused on lubatud (nt. sine) nagu ka lahtised oksad, koore sissekasvamine ja vaigupesad.<\/li>\n<li class=\"p1\">Suletud avad v\u00e4limises kihis, liimi j\u00e4ljed ja pressi j\u00e4ljed v\u00f5ivad v\u00e4lispinnal esineda<\/li>\n<li class=\"p1\">Pind h\u00f6\u00f6veldatud<\/li>\n<\/ul>\n<p class=\"p1\"><strong>Standard kvaliteet:<\/strong><\/p>\n<p class=\"p1\">T\u00e4iendavad n\u00f5uded visuaalsetele n\u00f5udmistele<\/p>\n<ul>\n<li class=\"p1\">Rangemad kriteeriumid v\u00e4liskihtide visuaalsetele n\u00f5udmistele lisaks lihtsalt tugevussorteeritud puidule.<\/li>\n<li class=\"p1\">V\u00e4limised lamellid on valitud terveoksalised. \u00dcksikud lahtised okas on v\u00f5imalikud, defektid ja v\u00e4ikesed vaigupesad on lubatud<\/li>\n<li class=\"p1\">H\u00f6\u00f6veldatud ja lihvitud pind<\/li>\n<\/ul>\n<p class=\"p1\"><strong>Eluruumi kvaliteet<\/strong><\/p>\n<p class=\"p1\">K\u00f5rged n\u00f5uded elemendi n\u00e4htavatele osadele. Siin kasutatakse toormaterjali valikul saematerjali k\u00f5rgeimat optilise hindamise kriteeriumit. Lamellide paksus on maksimaalselt 20 mm ja on t\u00f6\u00f6deldud ette liimimise ja ette kuivatamise teel, garanteerides minimaalse liidete avanemise. Lamellid on k\u00f5ik eelnevalt kokkuliimitud ja v\u00e4ltimaks kuivamisest tekkivaid pragusid lamelle piki enam ei liimita.<\/p>\n<p class=\"p1\"><strong>Infoks:<\/strong><\/p>\n<p class=\"p1\">Puit on naturaalne materjal. Pinnakvaliteedis v\u00f5ivad esineda m\u00f5ningad variatsioonid, seda isegi k\u00f5ige hoolikamal toormaterjali valikul. Ristkihtpaneeli v\u00e4ljan\u00e4gemine m\u00e4\u00e4ratletakse selle k\u00f5ige pealmise kihi j\u00e4rgi.<\/p>\n<h3>Laadimine ja transport<\/h3>\n<p class=\"p1\">Tagamaks ristkihtpuit paneelide optimaalne ehituskiirus tuleks see planeerida juba materjale tellides. Vastavalt sellele plaanile saab planeerida kogu tootmise nii, et paneelide valmides saab need saata kohe ehitusplatsile paigaldamiseks. Tuleb leida sobiv lahendus tellija soovide ja laadimisv\u00f5imaluste vahel. Et oleks alati olemas adekvaatne informatsioon laadimiste kohta, teavitame alati mitmed p\u00e4evad enne laadimist ette. Andes \u00fchtlasi teada, millised paneelid on koormas ja v\u00e4ltimaks paigalduse viivitusi v\u00f5i t\u00f5steseadmete ootamist.<\/p>\n<p class=\"p1\"><strong>Transportida on v\u00f5imalik:<br \/>\n<\/strong>Paneelid on auto p\u00f5randal horisontaalselt<br \/>\nPaneelid on koormas p\u00fcsti e. vertikaalselt<\/p>\n<p class=\"p1\"><strong>Paneelide t\u00f5stmine:<br \/>\n<\/strong>Ristkihtpuit paneele pakutakse koos paigaldusabiga. See t\u00e4hendab, et paneelidele on paigaldatud tropid v\u00f5i spetsiaalsed t\u00f5stekohad nende t\u00f5stmiseks tehases ja ehitusplatsil.<\/p>\n","protected":false},"excerpt":{"rendered":"<p>&nbsp; Ristkihtpuit paneel (CLT e. cross-laminated timber) \u2013 kaasaegne, keskkonnas\u00f5bralik ja paindlik. Ristkihtpuit paneel on tugev, suurep\u00e4rase kandev\u00f5imega puitpaneel. See sobitub h\u00e4sti iga konstruktsiooni n\u00f5udega t\u00e4nu paindlikkusele paneeli m\u00f5\u00f5tudes ja v\u00e4ga headele f\u00fc\u00fcsikalistele omadustes. Ristkihtidest kokkliimitud paneel, milles on kasutatud k\u00f5rge kvaliteedilisi toormaterjale garanteerib paneelide absoluutselt t\u00e4psed m\u00f5\u00f5tmed ning\u00a0 nende t\u00e4psuse ja j\u00e4ikuse. Ristkihtpuidust paneelid &hellip; <a href=\"https:\/\/www.palmatin.com\/et\/ristkihtpuit-paneel-clt-paneel\/\">J\u00e4tkub<\/a><\/p>\n","protected":false},"author":2,"featured_media":1472,"parent":0,"menu_order":0,"comment_status":"closed","ping_status":"closed","template":"views\/template-page.blade.php","meta":{"_acf_changed":false,"footnotes":""},"class_list":["post-9900","page","type-page","status-publish","has-post-thumbnail","hentry"],"acf":[],"yoast_head":"<!-- This site is optimized with the Yoast SEO Premium plugin v27.3 (Yoast SEO v27.5) - https:\/\/yoast.com\/product\/yoast-seo-premium-wordpress\/ -->\n<title>Ristkihtpuit paneel - CLT - Palmatin Wooden Houses<\/title>\n<meta name=\"description\" content=\"Ristkihtpuit paneel on tugev, suurep\u00e4rase kandev\u00f5imega puitpaneel. See sobitub h\u00e4sti iga konstruktsiooni n\u00f5udega t\u00e4nu v\u00e4ga headele f\u00fc\u00fcsikalistele omadustes.\" \/>\n<meta name=\"robots\" content=\"index, follow, max-snippet:-1, max-image-preview:large, max-video-preview:-1\" \/>\n<link rel=\"canonical\" href=\"https:\/\/www.palmatin.com\/et\/ristkihtpuit-paneel-clt-paneel\/\" \/>\n<meta property=\"og:locale\" content=\"et_EE\" \/>\n<meta property=\"og:type\" content=\"article\" \/>\n<meta property=\"og:title\" content=\"Ristkihtpuit paneel - CLT paneel\" \/>\n<meta property=\"og:description\" content=\"&nbsp; Ristkihtpuit paneel (CLT e. cross-laminated timber) \u2013 kaasaegne, keskkonnas\u00f5bralik ja paindlik. Ristkihtpuit paneel on tugev, suurep\u00e4rase\" \/>\n<meta property=\"og:url\" content=\"https:\/\/www.palmatin.com\/et\/ristkihtpuit-paneel-clt-paneel\/\" \/>\n<meta property=\"og:site_name\" content=\"Palmatin.com\" \/>\n<meta property=\"article:publisher\" content=\"https:\/\/www.facebook.com\/palmatin.wooden.houses\" \/>\n<meta property=\"article:modified_time\" content=\"2019-06-03T12:53:58+00:00\" \/>\n<meta property=\"og:image\" content=\"https:\/\/www.palmatin.com\/wp-content\/uploads\/2018\/08\/log_houses.jpg\" \/>\n\t<meta property=\"og:image:width\" content=\"1920\" \/>\n\t<meta property=\"og:image:height\" content=\"300\" \/>\n\t<meta property=\"og:image:type\" content=\"image\/jpeg\" \/>\n<meta name=\"twitter:card\" content=\"summary_large_image\" \/>\n<meta name=\"twitter:site\" content=\"@palmatinhouses\" \/>\n<meta name=\"twitter:label1\" content=\"Est. reading time\" \/>\n\t<meta name=\"twitter:data1\" content=\"3 minutit\" \/>\n<script type=\"application\/ld+json\" class=\"yoast-schema-graph\">{\"@context\":\"https:\\\/\\\/schema.org\",\"@graph\":[{\"@type\":\"WebPage\",\"@id\":\"https:\\\/\\\/www.palmatin.com\\\/et\\\/ristkihtpuit-paneel-clt-paneel\\\/\",\"url\":\"https:\\\/\\\/www.palmatin.com\\\/et\\\/ristkihtpuit-paneel-clt-paneel\\\/\",\"name\":\"Ristkihtpuit paneel - CLT - Palmatin Wooden Houses\",\"isPartOf\":{\"@id\":\"https:\\\/\\\/www.palmatin.com\\\/et\\\/#website\"},\"primaryImageOfPage\":{\"@id\":\"https:\\\/\\\/www.palmatin.com\\\/et\\\/ristkihtpuit-paneel-clt-paneel\\\/#primaryimage\"},\"image\":{\"@id\":\"https:\\\/\\\/www.palmatin.com\\\/et\\\/ristkihtpuit-paneel-clt-paneel\\\/#primaryimage\"},\"thumbnailUrl\":\"https:\\\/\\\/www.palmatin.com\\\/wp-content\\\/uploads\\\/2018\\\/08\\\/log_houses.jpg\",\"datePublished\":\"2018-10-19T08:12:58+00:00\",\"dateModified\":\"2019-06-03T12:53:58+00:00\",\"description\":\"Ristkihtpuit paneel on tugev, suurep\u00e4rase kandev\u00f5imega puitpaneel. See sobitub h\u00e4sti iga konstruktsiooni n\u00f5udega t\u00e4nu v\u00e4ga headele f\u00fc\u00fcsikalistele omadustes.\",\"breadcrumb\":{\"@id\":\"https:\\\/\\\/www.palmatin.com\\\/et\\\/ristkihtpuit-paneel-clt-paneel\\\/#breadcrumb\"},\"inLanguage\":\"et\",\"potentialAction\":[{\"@type\":\"ReadAction\",\"target\":[\"https:\\\/\\\/www.palmatin.com\\\/et\\\/ristkihtpuit-paneel-clt-paneel\\\/\"]}]},{\"@type\":\"ImageObject\",\"inLanguage\":\"et\",\"@id\":\"https:\\\/\\\/www.palmatin.com\\\/et\\\/ristkihtpuit-paneel-clt-paneel\\\/#primaryimage\",\"url\":\"https:\\\/\\\/www.palmatin.com\\\/wp-content\\\/uploads\\\/2018\\\/08\\\/log_houses.jpg\",\"contentUrl\":\"https:\\\/\\\/www.palmatin.com\\\/wp-content\\\/uploads\\\/2018\\\/08\\\/log_houses.jpg\",\"width\":1920,\"height\":300,\"caption\":\"Palmatin mod\u00e8le maison en rondins, page contact\"},{\"@type\":\"BreadcrumbList\",\"@id\":\"https:\\\/\\\/www.palmatin.com\\\/et\\\/ristkihtpuit-paneel-clt-paneel\\\/#breadcrumb\",\"itemListElement\":[{\"@type\":\"ListItem\",\"position\":1,\"name\":\"Home\",\"item\":\"https:\\\/\\\/www.palmatin.com\\\/et\\\/\"},{\"@type\":\"ListItem\",\"position\":2,\"name\":\"Ristkihtpuit paneel &#8211; CLT paneel\"}]},{\"@type\":\"WebSite\",\"@id\":\"https:\\\/\\\/www.palmatin.com\\\/et\\\/#website\",\"url\":\"https:\\\/\\\/www.palmatin.com\\\/et\\\/\",\"name\":\"Palmatin.com\",\"description\":\"Custom made wooden houses from project to assembly.\",\"publisher\":{\"@id\":\"https:\\\/\\\/www.palmatin.com\\\/et\\\/#organization\"},\"inLanguage\":\"et\"},{\"@type\":[\"Organization\",\"Place\",\"HomeAndConstructionBusiness\"],\"@id\":\"https:\\\/\\\/www.palmatin.com\\\/et\\\/#organization\",\"name\":\"Palmatin\",\"alternateName\":\"Palmatin Wooden Houses\",\"url\":\"https:\\\/\\\/www.palmatin.com\\\/et\\\/\",\"logo\":{\"@id\":\"https:\\\/\\\/www.palmatin.com\\\/et\\\/ristkihtpuit-paneel-clt-paneel\\\/#local-main-organization-logo\"},\"image\":{\"@id\":\"https:\\\/\\\/www.palmatin.com\\\/et\\\/ristkihtpuit-paneel-clt-paneel\\\/#local-main-organization-logo\"},\"sameAs\":[\"https:\\\/\\\/www.facebook.com\\\/palmatin.wooden.houses\",\"https:\\\/\\\/x.com\\\/palmatinhouses\",\"https:\\\/\\\/www.instagram.com\\\/palmatinwoodenhouses\\\/\",\"https:\\\/\\\/www.linkedin.com\\\/company\\\/palmatin-wooden-houses\",\"https:\\\/\\\/www.pinterest.com\\\/palmatin\\\/\",\"https:\\\/\\\/www.youtube.com\\\/channel\\\/UCS3v-T7tq4sPU5YkEvukfYg\"],\"description\":\"Palmatin wooden houses are expertly crafted, sustainable prefabricated element houses and log homes renowned for their durability, energy efficiency, and elegant Nordic design. Combining traditional building techniques with modern technology, Palmatin delivers customized living spaces that blend seamlessly with nature, ensuring comfort, quality, and eco-friendly living for generations.\",\"legalName\":\"Palmatin O\u00dc\",\"foundingDate\":\"1995-05-12\",\"numberOfEmployees\":{\"@type\":\"QuantitativeValue\",\"minValue\":\"11\",\"maxValue\":\"50\"},\"address\":{\"@id\":\"https:\\\/\\\/www.palmatin.com\\\/et\\\/ristkihtpuit-paneel-clt-paneel\\\/#local-main-place-address\"},\"telephone\":[\"(+372) 605 48 95\"],\"openingHoursSpecification\":[{\"@type\":\"OpeningHoursSpecification\",\"dayOfWeek\":[\"Monday\",\"Tuesday\",\"Wednesday\",\"Thursday\",\"Friday\"],\"opens\":\"08:00\",\"closes\":\"17:00\"},{\"@type\":\"OpeningHoursSpecification\",\"dayOfWeek\":[\"Saturday\",\"Sunday\"],\"opens\":\"00:00\",\"closes\":\"00:00\"}],\"email\":\"info@palmatin.com\",\"faxNumber\":\"(+372) 605 48 92\",\"areaServed\":\"world\",\"vatID\":\"EE100240388\",\"priceRange\":\"$$$\",\"currenciesAccepted\":\"Euros\"},{\"@type\":\"PostalAddress\",\"@id\":\"https:\\\/\\\/www.palmatin.com\\\/et\\\/ristkihtpuit-paneel-clt-paneel\\\/#local-main-place-address\",\"streetAddress\":\"Tammi tee 40b\",\"addressLocality\":\"Rannamoeisa\",\"postalCode\":\"76906\",\"addressRegion\":\"Harju parish\",\"addressCountry\":\"EE\"},{\"@type\":\"ImageObject\",\"inLanguage\":\"et\",\"@id\":\"https:\\\/\\\/www.palmatin.com\\\/et\\\/ristkihtpuit-paneel-clt-paneel\\\/#local-main-organization-logo\",\"url\":\"https:\\\/\\\/www.palmatin.com\\\/wp-content\\\/uploads\\\/2022\\\/11\\\/Logo_wrt.jpg\",\"contentUrl\":\"https:\\\/\\\/www.palmatin.com\\\/wp-content\\\/uploads\\\/2022\\\/11\\\/Logo_wrt.jpg\",\"width\":1458,\"height\":857,\"caption\":\"Palmatin\"}]}<\/script>\n<meta name=\"geo.placename\" content=\"Rannamoeisa\" \/>\n<meta name=\"geo.region\" content=\"Estonia\" \/>\n<!-- \/ Yoast SEO Premium plugin. -->","yoast_head_json":{"title":"Ristkihtpuit paneel - CLT - Palmatin Wooden Houses","description":"Ristkihtpuit paneel on tugev, suurep\u00e4rase kandev\u00f5imega puitpaneel. See sobitub h\u00e4sti iga konstruktsiooni n\u00f5udega t\u00e4nu v\u00e4ga headele f\u00fc\u00fcsikalistele omadustes.","robots":{"index":"index","follow":"follow","max-snippet":"max-snippet:-1","max-image-preview":"max-image-preview:large","max-video-preview":"max-video-preview:-1"},"canonical":"https:\/\/www.palmatin.com\/et\/ristkihtpuit-paneel-clt-paneel\/","og_locale":"et_EE","og_type":"article","og_title":"Ristkihtpuit paneel - CLT paneel","og_description":"&nbsp; Ristkihtpuit paneel (CLT e. cross-laminated timber) \u2013 kaasaegne, keskkonnas\u00f5bralik ja paindlik. Ristkihtpuit paneel on tugev, suurep\u00e4rase","og_url":"https:\/\/www.palmatin.com\/et\/ristkihtpuit-paneel-clt-paneel\/","og_site_name":"Palmatin.com","article_publisher":"https:\/\/www.facebook.com\/palmatin.wooden.houses","article_modified_time":"2019-06-03T12:53:58+00:00","og_image":[{"width":1920,"height":300,"url":"https:\/\/www.palmatin.com\/wp-content\/uploads\/2018\/08\/log_houses.jpg","type":"image\/jpeg"}],"twitter_card":"summary_large_image","twitter_site":"@palmatinhouses","twitter_misc":{"Est. reading time":"3 minutit"},"schema":{"@context":"https:\/\/schema.org","@graph":[{"@type":"WebPage","@id":"https:\/\/www.palmatin.com\/et\/ristkihtpuit-paneel-clt-paneel\/","url":"https:\/\/www.palmatin.com\/et\/ristkihtpuit-paneel-clt-paneel\/","name":"Ristkihtpuit paneel - CLT - Palmatin Wooden Houses","isPartOf":{"@id":"https:\/\/www.palmatin.com\/et\/#website"},"primaryImageOfPage":{"@id":"https:\/\/www.palmatin.com\/et\/ristkihtpuit-paneel-clt-paneel\/#primaryimage"},"image":{"@id":"https:\/\/www.palmatin.com\/et\/ristkihtpuit-paneel-clt-paneel\/#primaryimage"},"thumbnailUrl":"https:\/\/www.palmatin.com\/wp-content\/uploads\/2018\/08\/log_houses.jpg","datePublished":"2018-10-19T08:12:58+00:00","dateModified":"2019-06-03T12:53:58+00:00","description":"Ristkihtpuit paneel on tugev, suurep\u00e4rase kandev\u00f5imega puitpaneel. See sobitub h\u00e4sti iga konstruktsiooni n\u00f5udega t\u00e4nu v\u00e4ga headele f\u00fc\u00fcsikalistele omadustes.","breadcrumb":{"@id":"https:\/\/www.palmatin.com\/et\/ristkihtpuit-paneel-clt-paneel\/#breadcrumb"},"inLanguage":"et","potentialAction":[{"@type":"ReadAction","target":["https:\/\/www.palmatin.com\/et\/ristkihtpuit-paneel-clt-paneel\/"]}]},{"@type":"ImageObject","inLanguage":"et","@id":"https:\/\/www.palmatin.com\/et\/ristkihtpuit-paneel-clt-paneel\/#primaryimage","url":"https:\/\/www.palmatin.com\/wp-content\/uploads\/2018\/08\/log_houses.jpg","contentUrl":"https:\/\/www.palmatin.com\/wp-content\/uploads\/2018\/08\/log_houses.jpg","width":1920,"height":300,"caption":"Palmatin mod\u00e8le maison en rondins, page contact"},{"@type":"BreadcrumbList","@id":"https:\/\/www.palmatin.com\/et\/ristkihtpuit-paneel-clt-paneel\/#breadcrumb","itemListElement":[{"@type":"ListItem","position":1,"name":"Home","item":"https:\/\/www.palmatin.com\/et\/"},{"@type":"ListItem","position":2,"name":"Ristkihtpuit paneel &#8211; CLT paneel"}]},{"@type":"WebSite","@id":"https:\/\/www.palmatin.com\/et\/#website","url":"https:\/\/www.palmatin.com\/et\/","name":"Palmatin.com","description":"Custom made wooden houses from project to assembly.","publisher":{"@id":"https:\/\/www.palmatin.com\/et\/#organization"},"inLanguage":"et"},{"@type":["Organization","Place","HomeAndConstructionBusiness"],"@id":"https:\/\/www.palmatin.com\/et\/#organization","name":"Palmatin","alternateName":"Palmatin Wooden Houses","url":"https:\/\/www.palmatin.com\/et\/","logo":{"@id":"https:\/\/www.palmatin.com\/et\/ristkihtpuit-paneel-clt-paneel\/#local-main-organization-logo"},"image":{"@id":"https:\/\/www.palmatin.com\/et\/ristkihtpuit-paneel-clt-paneel\/#local-main-organization-logo"},"sameAs":["https:\/\/www.facebook.com\/palmatin.wooden.houses","https:\/\/x.com\/palmatinhouses","https:\/\/www.instagram.com\/palmatinwoodenhouses\/","https:\/\/www.linkedin.com\/company\/palmatin-wooden-houses","https:\/\/www.pinterest.com\/palmatin\/","https:\/\/www.youtube.com\/channel\/UCS3v-T7tq4sPU5YkEvukfYg"],"description":"Palmatin wooden houses are expertly crafted, sustainable prefabricated element houses and log homes renowned for their durability, energy efficiency, and elegant Nordic design. Combining traditional building techniques with modern technology, Palmatin delivers customized living spaces that blend seamlessly with nature, ensuring comfort, quality, and eco-friendly living for generations.","legalName":"Palmatin O\u00dc","foundingDate":"1995-05-12","numberOfEmployees":{"@type":"QuantitativeValue","minValue":"11","maxValue":"50"},"address":{"@id":"https:\/\/www.palmatin.com\/et\/ristkihtpuit-paneel-clt-paneel\/#local-main-place-address"},"telephone":["(+372) 605 48 95"],"openingHoursSpecification":[{"@type":"OpeningHoursSpecification","dayOfWeek":["Monday","Tuesday","Wednesday","Thursday","Friday"],"opens":"08:00","closes":"17:00"},{"@type":"OpeningHoursSpecification","dayOfWeek":["Saturday","Sunday"],"opens":"00:00","closes":"00:00"}],"email":"info@palmatin.com","faxNumber":"(+372) 605 48 92","areaServed":"world","vatID":"EE100240388","priceRange":"$$$","currenciesAccepted":"Euros"},{"@type":"PostalAddress","@id":"https:\/\/www.palmatin.com\/et\/ristkihtpuit-paneel-clt-paneel\/#local-main-place-address","streetAddress":"Tammi tee 40b","addressLocality":"Rannamoeisa","postalCode":"76906","addressRegion":"Harju parish","addressCountry":"EE"},{"@type":"ImageObject","inLanguage":"et","@id":"https:\/\/www.palmatin.com\/et\/ristkihtpuit-paneel-clt-paneel\/#local-main-organization-logo","url":"https:\/\/www.palmatin.com\/wp-content\/uploads\/2022\/11\/Logo_wrt.jpg","contentUrl":"https:\/\/www.palmatin.com\/wp-content\/uploads\/2022\/11\/Logo_wrt.jpg","width":1458,"height":857,"caption":"Palmatin"}]},"geo.placename":"Rannamoeisa","geo.region":"Estonia"},"_links":{"self":[{"href":"https:\/\/www.palmatin.com\/et\/wp-json\/wp\/v2\/pages\/9900","targetHints":{"allow":["GET"]}}],"collection":[{"href":"https:\/\/www.palmatin.com\/et\/wp-json\/wp\/v2\/pages"}],"about":[{"href":"https:\/\/www.palmatin.com\/et\/wp-json\/wp\/v2\/types\/page"}],"author":[{"embeddable":true,"href":"https:\/\/www.palmatin.com\/et\/wp-json\/wp\/v2\/users\/2"}],"replies":[{"embeddable":true,"href":"https:\/\/www.palmatin.com\/et\/wp-json\/wp\/v2\/comments?post=9900"}],"version-history":[{"count":0,"href":"https:\/\/www.palmatin.com\/et\/wp-json\/wp\/v2\/pages\/9900\/revisions"}],"wp:featuredmedia":[{"embeddable":true,"href":"https:\/\/www.palmatin.com\/et\/wp-json\/wp\/v2\/media\/1472"}],"wp:attachment":[{"href":"https:\/\/www.palmatin.com\/et\/wp-json\/wp\/v2\/media?parent=9900"}],"curies":[{"name":"wp","href":"https:\/\/api.w.org\/{rel}","templated":true}]}}