{"id":9865,"date":"2018-08-02T10:25:55","date_gmt":"2018-08-02T10:25:55","guid":{"rendered":"https:\/\/www.palmatin.com\/houses\/"},"modified":"2022-12-22T07:55:51","modified_gmt":"2022-12-22T07:55:51","slug":"majad","status":"publish","type":"page","link":"https:\/\/www.palmatin.com\/et\/majad\/","title":{"rendered":"Palkmajad ja elementmajad"},"content":{"rendered":"<h2 style=\"text-align: left;\">Palmatini palkmajade m\u00fc\u00fck<\/h2>\n<p style=\"text-align: left;\">Palmatin on tegutsenud palkmajade projekteerimise, tootmise ja ehituse valdkonnas alates 1995. aastast. Palkmaja m\u00fc\u00fck on \u00fcks meie p\u00f5hitegevusi, mille osas v\u00f5ib meid 100% usaldada. K\u00f5ik meie majad valmivad kontrollitud tehase tingimustes. Toodame kogu puitmaterjali ise. T\u00e4nu sellele saame pakkuda kindlust, et Palmatini majad on energias\u00e4\u00e4stlikud, kvaliteetsed ja kestavad kaua.<\/p>\n<h2 style=\"text-align: left;\">Kataloogimudelid ja valmis palkmajad<\/h2>\n<p style=\"text-align: left;\">Klientide elu lihtsustamiseks oleme v\u00e4lja t\u00f6\u00f6tanud erinevad kataloogimudelid, kust saate valida omale sobiva valmis palkmaja lahenduse. Valikus on nii suuremad kui v\u00e4iksemad palkmajad, mis sobivad aastaringseks elamiseks. K\u00f5iki majamudeleid saab enda soovide j\u00e4rgi kohandada ja ruumiplaane \u00fcmber kujundada.<\/p>\n<h2 style=\"text-align: left;\">Palmatini elementmajade m\u00fc\u00fck<\/h2>\n<p style=\"text-align: left;\">T\u00e4nu kiirele valmimisele ja headele soojusn\u00e4itajatele on j\u00e4rjest populaarsemaks saanud erinevat t\u00fc\u00fcpi elementmajad. Tutvu mudelitega ja uuri j\u00e4rgi, millised projektid on elementmajad laos olemas v\u00f5i saada meile oma projekt, mille j\u00e4rgi saame toota just teie soovide j\u00e4rgi valmiva eritellimusel elementmaja. Pakume ka v\u00f5tmed k\u00e4tte lahendust. Palmatinil on professionaalne tootmis-, projekteerimis- ja eelarvestuse tiim, kellel on pikaaegne kogemus. Lisaks on meil lai hulk koost\u00f6\u00f6partnereid sh erit\u00f6\u00f6de teostajad ja sisekujundajad, kes on meile abiks objektidel.<\/p>\n","protected":false},"excerpt":{"rendered":"<p>Palmatini palkmajade m\u00fc\u00fck Palmatin on tegutsenud palkmajade projekteerimise, tootmise ja ehituse valdkonnas alates 1995. aastast. Palkmaja m\u00fc\u00fck on \u00fcks meie p\u00f5hitegevusi, mille osas v\u00f5ib meid 100% usaldada. K\u00f5ik meie majad valmivad kontrollitud tehase tingimustes. Toodame kogu puitmaterjali ise. T\u00e4nu sellele saame pakkuda kindlust, et Palmatini majad on energias\u00e4\u00e4stlikud, kvaliteetsed ja kestavad kaua. Kataloogimudelid ja valmis &hellip; <a href=\"https:\/\/www.palmatin.com\/et\/majad\/\">J\u00e4tkub<\/a><\/p>\n","protected":false},"author":1,"featured_media":1472,"parent":0,"menu_order":0,"comment_status":"closed","ping_status":"closed","template":"views\/template-houses.blade.php","meta":{"_acf_changed":false,"footnotes":""},"class_list":["post-9865","page","type-page","status-publish","has-post-thumbnail","hentry"],"acf":[],"yoast_head":"<!-- This site is optimized with the Yoast SEO Premium plugin v27.3 (Yoast SEO v27.3) - https:\/\/yoast.com\/product\/yoast-seo-premium-wordpress\/ -->\n<title>Palkmajade ja elementmajade m\u00fc\u00fck - n\u00e4idismudelid hindadega - Palmatin.com<\/title>\n<meta name=\"description\" content=\"Kvaliteetsete palkmajade ja elementmajade m\u00fc\u00fck Eesti tootjalt. Leidke endale meelep\u00e4rane palkmaja v\u00f5i elementmaja. K\u00f5ik projektid on kohandatavad vastavalt soovidele.\" \/>\n<meta name=\"robots\" content=\"index, follow, max-snippet:-1, max-image-preview:large, max-video-preview:-1\" \/>\n<link rel=\"canonical\" href=\"https:\/\/www.palmatin.com\/et\/majad\/\" \/>\n<meta property=\"og:locale\" content=\"et_EE\" \/>\n<meta property=\"og:type\" content=\"article\" \/>\n<meta property=\"og:title\" content=\"Palkmajad ja elementmajad\" \/>\n<meta property=\"og:description\" content=\"Palmatini palkmajade m\u00fc\u00fck Palmatin on tegutsenud palkmajade projekteerimise, tootmise ja ehituse valdkonnas alates 1995. aastast. Palkmaja m\u00fc\u00fck on \u00fcks\" \/>\n<meta property=\"og:url\" content=\"https:\/\/www.palmatin.com\/et\/majad\/\" \/>\n<meta property=\"og:site_name\" content=\"Palmatin.com\" \/>\n<meta property=\"article:publisher\" content=\"https:\/\/www.facebook.com\/palmatin.wooden.houses\" \/>\n<meta property=\"article:modified_time\" content=\"2022-12-22T07:55:51+00:00\" \/>\n<meta property=\"og:image\" content=\"https:\/\/www.palmatin.com\/wp-content\/uploads\/2018\/08\/log_houses.jpg\" \/>\n\t<meta property=\"og:image:width\" content=\"1920\" \/>\n\t<meta property=\"og:image:height\" content=\"300\" \/>\n\t<meta property=\"og:image:type\" content=\"image\/jpeg\" \/>\n<meta name=\"twitter:card\" content=\"summary_large_image\" \/>\n<meta name=\"twitter:site\" content=\"@palmatinhouses\" \/>\n<meta name=\"twitter:label1\" content=\"Est. reading time\" \/>\n\t<meta name=\"twitter:data1\" content=\"1 minut\" \/>\n<script type=\"application\/ld+json\" class=\"yoast-schema-graph\">{\"@context\":\"https:\\\/\\\/schema.org\",\"@graph\":[{\"@type\":\"WebPage\",\"@id\":\"https:\\\/\\\/www.palmatin.com\\\/et\\\/majad\\\/\",\"url\":\"https:\\\/\\\/www.palmatin.com\\\/et\\\/majad\\\/\",\"name\":\"Palkmajade ja elementmajade m\u00fc\u00fck - n\u00e4idismudelid hindadega - Palmatin.com\",\"isPartOf\":{\"@id\":\"https:\\\/\\\/www.palmatin.com\\\/et\\\/#website\"},\"primaryImageOfPage\":{\"@id\":\"https:\\\/\\\/www.palmatin.com\\\/et\\\/majad\\\/#primaryimage\"},\"image\":{\"@id\":\"https:\\\/\\\/www.palmatin.com\\\/et\\\/majad\\\/#primaryimage\"},\"thumbnailUrl\":\"https:\\\/\\\/www.palmatin.com\\\/wp-content\\\/uploads\\\/2018\\\/08\\\/log_houses.jpg\",\"datePublished\":\"2018-08-02T10:25:55+00:00\",\"dateModified\":\"2022-12-22T07:55:51+00:00\",\"description\":\"Kvaliteetsete palkmajade ja elementmajade m\u00fc\u00fck Eesti tootjalt. Leidke endale meelep\u00e4rane palkmaja v\u00f5i elementmaja. K\u00f5ik projektid on kohandatavad vastavalt soovidele.\",\"breadcrumb\":{\"@id\":\"https:\\\/\\\/www.palmatin.com\\\/et\\\/majad\\\/#breadcrumb\"},\"inLanguage\":\"et\",\"potentialAction\":[{\"@type\":\"ReadAction\",\"target\":[\"https:\\\/\\\/www.palmatin.com\\\/et\\\/majad\\\/\"]}]},{\"@type\":\"ImageObject\",\"inLanguage\":\"et\",\"@id\":\"https:\\\/\\\/www.palmatin.com\\\/et\\\/majad\\\/#primaryimage\",\"url\":\"https:\\\/\\\/www.palmatin.com\\\/wp-content\\\/uploads\\\/2018\\\/08\\\/log_houses.jpg\",\"contentUrl\":\"https:\\\/\\\/www.palmatin.com\\\/wp-content\\\/uploads\\\/2018\\\/08\\\/log_houses.jpg\",\"width\":1920,\"height\":300,\"caption\":\"Palmatin mod\u00e8le maison en rondins, page contact\"},{\"@type\":\"BreadcrumbList\",\"@id\":\"https:\\\/\\\/www.palmatin.com\\\/et\\\/majad\\\/#breadcrumb\",\"itemListElement\":[{\"@type\":\"ListItem\",\"position\":1,\"name\":\"Home\",\"item\":\"https:\\\/\\\/www.palmatin.com\\\/et\\\/\"},{\"@type\":\"ListItem\",\"position\":2,\"name\":\"Palkmajad ja elementmajad\"}]},{\"@type\":\"WebSite\",\"@id\":\"https:\\\/\\\/www.palmatin.com\\\/et\\\/#website\",\"url\":\"https:\\\/\\\/www.palmatin.com\\\/et\\\/\",\"name\":\"Palmatin.com\",\"description\":\"Custom made wooden houses from project to assembly.\",\"publisher\":{\"@id\":\"https:\\\/\\\/www.palmatin.com\\\/et\\\/#organization\"},\"inLanguage\":\"et\"},{\"@type\":[\"Organization\",\"Place\",\"HomeAndConstructionBusiness\"],\"@id\":\"https:\\\/\\\/www.palmatin.com\\\/et\\\/#organization\",\"name\":\"Palmatin\",\"alternateName\":\"Palmatin Wooden Houses\",\"url\":\"https:\\\/\\\/www.palmatin.com\\\/et\\\/\",\"logo\":{\"@id\":\"https:\\\/\\\/www.palmatin.com\\\/et\\\/majad\\\/#local-main-organization-logo\"},\"image\":{\"@id\":\"https:\\\/\\\/www.palmatin.com\\\/et\\\/majad\\\/#local-main-organization-logo\"},\"sameAs\":[\"https:\\\/\\\/www.facebook.com\\\/palmatin.wooden.houses\",\"https:\\\/\\\/x.com\\\/palmatinhouses\",\"https:\\\/\\\/www.instagram.com\\\/palmatinwoodenhouses\\\/\",\"https:\\\/\\\/www.linkedin.com\\\/company\\\/palmatin-wooden-houses\",\"https:\\\/\\\/www.pinterest.com\\\/palmatin\\\/\",\"https:\\\/\\\/www.youtube.com\\\/channel\\\/UCS3v-T7tq4sPU5YkEvukfYg\"],\"description\":\"Palmatin wooden houses are expertly crafted, sustainable prefabricated element houses and log homes renowned for their durability, energy efficiency, and elegant Nordic design. Combining traditional building techniques with modern technology, Palmatin delivers customized living spaces that blend seamlessly with nature, ensuring comfort, quality, and eco-friendly living for generations.\",\"legalName\":\"Palmatin O\u00dc\",\"foundingDate\":\"1995-05-12\",\"numberOfEmployees\":{\"@type\":\"QuantitativeValue\",\"minValue\":\"11\",\"maxValue\":\"50\"},\"address\":{\"@id\":\"https:\\\/\\\/www.palmatin.com\\\/et\\\/majad\\\/#local-main-place-address\"},\"telephone\":[\"(+372) 605 48 95\"],\"openingHoursSpecification\":[{\"@type\":\"OpeningHoursSpecification\",\"dayOfWeek\":[\"Monday\",\"Tuesday\",\"Wednesday\",\"Thursday\",\"Friday\"],\"opens\":\"08:00\",\"closes\":\"17:00\"},{\"@type\":\"OpeningHoursSpecification\",\"dayOfWeek\":[\"Saturday\",\"Sunday\"],\"opens\":\"00:00\",\"closes\":\"00:00\"}],\"email\":\"info@palmatin.com\",\"faxNumber\":\"(+372) 605 48 92\",\"areaServed\":\"world\",\"vatID\":\"EE100240388\",\"priceRange\":\"$$$\",\"currenciesAccepted\":\"Euros\"},{\"@type\":\"PostalAddress\",\"@id\":\"https:\\\/\\\/www.palmatin.com\\\/et\\\/majad\\\/#local-main-place-address\",\"streetAddress\":\"Tammi tee 40b\",\"addressLocality\":\"Rannamoeisa\",\"postalCode\":\"76906\",\"addressRegion\":\"Harju parish\",\"addressCountry\":\"EE\"},{\"@type\":\"ImageObject\",\"inLanguage\":\"et\",\"@id\":\"https:\\\/\\\/www.palmatin.com\\\/et\\\/majad\\\/#local-main-organization-logo\",\"url\":\"https:\\\/\\\/www.palmatin.com\\\/wp-content\\\/uploads\\\/2022\\\/11\\\/Logo_wrt.jpg\",\"contentUrl\":\"https:\\\/\\\/www.palmatin.com\\\/wp-content\\\/uploads\\\/2022\\\/11\\\/Logo_wrt.jpg\",\"width\":1458,\"height\":857,\"caption\":\"Palmatin\"}]}<\/script>\n<meta name=\"geo.placename\" content=\"Rannamoeisa\" \/>\n<meta name=\"geo.region\" content=\"Estonia\" \/>\n<!-- \/ Yoast SEO Premium plugin. -->","yoast_head_json":{"title":"Palkmajade ja elementmajade m\u00fc\u00fck - n\u00e4idismudelid hindadega - Palmatin.com","description":"Kvaliteetsete palkmajade ja elementmajade m\u00fc\u00fck Eesti tootjalt. Leidke endale meelep\u00e4rane palkmaja v\u00f5i elementmaja. K\u00f5ik projektid on kohandatavad vastavalt soovidele.","robots":{"index":"index","follow":"follow","max-snippet":"max-snippet:-1","max-image-preview":"max-image-preview:large","max-video-preview":"max-video-preview:-1"},"canonical":"https:\/\/www.palmatin.com\/et\/majad\/","og_locale":"et_EE","og_type":"article","og_title":"Palkmajad ja elementmajad","og_description":"Palmatini palkmajade m\u00fc\u00fck Palmatin on tegutsenud palkmajade projekteerimise, tootmise ja ehituse valdkonnas alates 1995. aastast. Palkmaja m\u00fc\u00fck on \u00fcks","og_url":"https:\/\/www.palmatin.com\/et\/majad\/","og_site_name":"Palmatin.com","article_publisher":"https:\/\/www.facebook.com\/palmatin.wooden.houses","article_modified_time":"2022-12-22T07:55:51+00:00","og_image":[{"width":1920,"height":300,"url":"https:\/\/www.palmatin.com\/wp-content\/uploads\/2018\/08\/log_houses.jpg","type":"image\/jpeg"}],"twitter_card":"summary_large_image","twitter_site":"@palmatinhouses","twitter_misc":{"Est. reading time":"1 minut"},"schema":{"@context":"https:\/\/schema.org","@graph":[{"@type":"WebPage","@id":"https:\/\/www.palmatin.com\/et\/majad\/","url":"https:\/\/www.palmatin.com\/et\/majad\/","name":"Palkmajade ja elementmajade m\u00fc\u00fck - n\u00e4idismudelid hindadega - Palmatin.com","isPartOf":{"@id":"https:\/\/www.palmatin.com\/et\/#website"},"primaryImageOfPage":{"@id":"https:\/\/www.palmatin.com\/et\/majad\/#primaryimage"},"image":{"@id":"https:\/\/www.palmatin.com\/et\/majad\/#primaryimage"},"thumbnailUrl":"https:\/\/www.palmatin.com\/wp-content\/uploads\/2018\/08\/log_houses.jpg","datePublished":"2018-08-02T10:25:55+00:00","dateModified":"2022-12-22T07:55:51+00:00","description":"Kvaliteetsete palkmajade ja elementmajade m\u00fc\u00fck Eesti tootjalt. Leidke endale meelep\u00e4rane palkmaja v\u00f5i elementmaja. K\u00f5ik projektid on kohandatavad vastavalt soovidele.","breadcrumb":{"@id":"https:\/\/www.palmatin.com\/et\/majad\/#breadcrumb"},"inLanguage":"et","potentialAction":[{"@type":"ReadAction","target":["https:\/\/www.palmatin.com\/et\/majad\/"]}]},{"@type":"ImageObject","inLanguage":"et","@id":"https:\/\/www.palmatin.com\/et\/majad\/#primaryimage","url":"https:\/\/www.palmatin.com\/wp-content\/uploads\/2018\/08\/log_houses.jpg","contentUrl":"https:\/\/www.palmatin.com\/wp-content\/uploads\/2018\/08\/log_houses.jpg","width":1920,"height":300,"caption":"Palmatin mod\u00e8le maison en rondins, page contact"},{"@type":"BreadcrumbList","@id":"https:\/\/www.palmatin.com\/et\/majad\/#breadcrumb","itemListElement":[{"@type":"ListItem","position":1,"name":"Home","item":"https:\/\/www.palmatin.com\/et\/"},{"@type":"ListItem","position":2,"name":"Palkmajad ja elementmajad"}]},{"@type":"WebSite","@id":"https:\/\/www.palmatin.com\/et\/#website","url":"https:\/\/www.palmatin.com\/et\/","name":"Palmatin.com","description":"Custom made wooden houses from project to assembly.","publisher":{"@id":"https:\/\/www.palmatin.com\/et\/#organization"},"inLanguage":"et"},{"@type":["Organization","Place","HomeAndConstructionBusiness"],"@id":"https:\/\/www.palmatin.com\/et\/#organization","name":"Palmatin","alternateName":"Palmatin Wooden Houses","url":"https:\/\/www.palmatin.com\/et\/","logo":{"@id":"https:\/\/www.palmatin.com\/et\/majad\/#local-main-organization-logo"},"image":{"@id":"https:\/\/www.palmatin.com\/et\/majad\/#local-main-organization-logo"},"sameAs":["https:\/\/www.facebook.com\/palmatin.wooden.houses","https:\/\/x.com\/palmatinhouses","https:\/\/www.instagram.com\/palmatinwoodenhouses\/","https:\/\/www.linkedin.com\/company\/palmatin-wooden-houses","https:\/\/www.pinterest.com\/palmatin\/","https:\/\/www.youtube.com\/channel\/UCS3v-T7tq4sPU5YkEvukfYg"],"description":"Palmatin wooden houses are expertly crafted, sustainable prefabricated element houses and log homes renowned for their durability, energy efficiency, and elegant Nordic design. Combining traditional building techniques with modern technology, Palmatin delivers customized living spaces that blend seamlessly with nature, ensuring comfort, quality, and eco-friendly living for generations.","legalName":"Palmatin O\u00dc","foundingDate":"1995-05-12","numberOfEmployees":{"@type":"QuantitativeValue","minValue":"11","maxValue":"50"},"address":{"@id":"https:\/\/www.palmatin.com\/et\/majad\/#local-main-place-address"},"telephone":["(+372) 605 48 95"],"openingHoursSpecification":[{"@type":"OpeningHoursSpecification","dayOfWeek":["Monday","Tuesday","Wednesday","Thursday","Friday"],"opens":"08:00","closes":"17:00"},{"@type":"OpeningHoursSpecification","dayOfWeek":["Saturday","Sunday"],"opens":"00:00","closes":"00:00"}],"email":"info@palmatin.com","faxNumber":"(+372) 605 48 92","areaServed":"world","vatID":"EE100240388","priceRange":"$$$","currenciesAccepted":"Euros"},{"@type":"PostalAddress","@id":"https:\/\/www.palmatin.com\/et\/majad\/#local-main-place-address","streetAddress":"Tammi tee 40b","addressLocality":"Rannamoeisa","postalCode":"76906","addressRegion":"Harju parish","addressCountry":"EE"},{"@type":"ImageObject","inLanguage":"et","@id":"https:\/\/www.palmatin.com\/et\/majad\/#local-main-organization-logo","url":"https:\/\/www.palmatin.com\/wp-content\/uploads\/2022\/11\/Logo_wrt.jpg","contentUrl":"https:\/\/www.palmatin.com\/wp-content\/uploads\/2022\/11\/Logo_wrt.jpg","width":1458,"height":857,"caption":"Palmatin"}]},"geo.placename":"Rannamoeisa","geo.region":"Estonia"},"_links":{"self":[{"href":"https:\/\/www.palmatin.com\/et\/wp-json\/wp\/v2\/pages\/9865","targetHints":{"allow":["GET"]}}],"collection":[{"href":"https:\/\/www.palmatin.com\/et\/wp-json\/wp\/v2\/pages"}],"about":[{"href":"https:\/\/www.palmatin.com\/et\/wp-json\/wp\/v2\/types\/page"}],"author":[{"embeddable":true,"href":"https:\/\/www.palmatin.com\/et\/wp-json\/wp\/v2\/users\/1"}],"replies":[{"embeddable":true,"href":"https:\/\/www.palmatin.com\/et\/wp-json\/wp\/v2\/comments?post=9865"}],"version-history":[{"count":0,"href":"https:\/\/www.palmatin.com\/et\/wp-json\/wp\/v2\/pages\/9865\/revisions"}],"wp:featuredmedia":[{"embeddable":true,"href":"https:\/\/www.palmatin.com\/et\/wp-json\/wp\/v2\/media\/1472"}],"wp:attachment":[{"href":"https:\/\/www.palmatin.com\/et\/wp-json\/wp\/v2\/media?parent=9865"}],"curies":[{"name":"wp","href":"https:\/\/api.w.org\/{rel}","templated":true}]}}