{"id":9844,"date":"2019-04-17T11:18:13","date_gmt":"2019-04-17T11:18:13","guid":{"rendered":"https:\/\/www.palmatin.com\/get-free-pdf-log-house-catalogue\/"},"modified":"2023-02-20T19:52:40","modified_gmt":"2023-02-20T19:52:40","slug":"saa-tasuta-pdf-palkmaja-kataloog","status":"publish","type":"page","link":"https:\/\/www.palmatin.com\/et\/saa-tasuta-pdf-palkmaja-kataloog\/","title":{"rendered":"Avasta Palmatini kataloogid"},"content":{"rendered":"<p>Laadige alla meie kataloogid ja bro\u0161\u00fc\u00fcrid, et ammutada inspiratsiooni ja tutvuda l\u00e4hemalt Palmatini majade valiku ja puitkonstruktsioonidega.<\/p>\n<p>Kataloogides olev info ja pildid ning \u00fclevaatlikud v\u00f5rdlustabelid aitavad teil paremini v\u00f5rrelda ja visualiseerida Palmatini majade v\u00f5imalusi ja erinevaid funktsioone.<\/p>\n<p>Nii saate paremini otsustada, milline v\u00f5iks olla just teile k\u00f5ige paremini sobiv maja.<\/p>\n<h3>Palmatini elementmajad<\/h3>\n<p>Energias\u00e4\u00e4stlikud <a href=\"https:\/\/www.palmatin.com\/et\/houses\/elementmaja\/\">elementmajad<\/a> koos oma rikkaliku mudelivalikuga on saanud meie klientide \u00fcheks lemmikuks. Palmatini elementmajade kataloogist leiate \u00fche- ja kahekordsed elementmaja mudelid ja nii klassikalised kui ka modernsed eramud koos elementmajade t\u00e4psemate kirjeldustega.<\/p>\n<h3>Palmatini palkmajad<\/h3>\n<p><a href=\"https:\/\/www.palmatin.com\/et\/houses\/palkmaja\/\">Palmatini palkmajad<\/a> sobivad nii suvilaks kui ka aastaringseks elamuks. Palkmajade kataloogist leiate \u00fche- ja kahekordsed palkmaja mudelid ja saate tutvuda erinevate palgiprofiilide ja pakettidega.<\/p>\n<p>Soovitame ka lugeda, milline on <a href=\"https:\/\/www.palmatin.com\/et\/palkmaja-tehnoloogia\/\">palkmaja tehnoloogia<\/a> ja millistest sammudest koosneb <a href=\"https:\/\/www.palmatin.com\/et\/palkmaja-ehitamine\/\">palkmaja ehitamine<\/a>.<\/p>\n<h3>Kasulikud hooldusjuhised ja lisav\u00f5imalused<\/h3>\n<p>Lisaks leiate siit puitmaja hooldusjuhised ja saate tutvuda lisav\u00f5imalustega, mida Palmatini majadele on v\u00f5imalik juurde tellida \u2013 nagu n\u00e4iteks saun, k\u00f6\u00f6k, kaminad, sise- ja v\u00e4lisviimistlus jne.<\/p>\n<p>Kasutage meie katalooge oma tulevase maja v\u00e4ljavalimiseks, kujundamiseks v\u00f5i sisustus- ja viimistlusideede kogumiseks. PDF-vorming v\u00f5imaldab teil katalooge mugavalt sirvida igast seadmest ja igal ajal.<\/p>\n","protected":false},"excerpt":{"rendered":"<p>Laadige alla meie kataloogid ja bro\u0161\u00fc\u00fcrid, et ammutada inspiratsiooni ja tutvuda l\u00e4hemalt Palmatini majade valiku ja puitkonstruktsioonidega. Kataloogides olev info ja pildid ning \u00fclevaatlikud v\u00f5rdlustabelid aitavad teil paremini v\u00f5rrelda ja visualiseerida Palmatini majade v\u00f5imalusi ja erinevaid funktsioone. Nii saate paremini otsustada, milline v\u00f5iks olla just teile k\u00f5ige paremini sobiv maja. Palmatini elementmajad Energias\u00e4\u00e4stlikud elementmajad koos &hellip; <a href=\"https:\/\/www.palmatin.com\/et\/saa-tasuta-pdf-palkmaja-kataloog\/\">J\u00e4tkub<\/a><\/p>\n","protected":false},"author":2,"featured_media":1472,"parent":0,"menu_order":0,"comment_status":"closed","ping_status":"closed","template":"views\/template-content-blocks.blade.php","meta":{"_acf_changed":false,"footnotes":""},"class_list":["post-9844","page","type-page","status-publish","has-post-thumbnail","hentry"],"acf":[],"yoast_head":"<!-- This site is optimized with the Yoast SEO Premium plugin v27.3 (Yoast SEO v27.4) - https:\/\/yoast.com\/product\/yoast-seo-premium-wordpress\/ -->\n<title>Tutvuge maja kataloogidega sobiva maja inspiratsiooniks - Palmatin<\/title>\n<meta name=\"description\" content=\"Neid katalooge saate kasutada oma lemmikmajade m\u00e4rkimiseks, kujundamiseks ja oma maja jaoks rohkemate ideede kogumiseks.\" \/>\n<meta name=\"robots\" content=\"index, follow, max-snippet:-1, max-image-preview:large, max-video-preview:-1\" \/>\n<link rel=\"canonical\" href=\"https:\/\/www.palmatin.com\/et\/saa-tasuta-pdf-palkmaja-kataloog\/\" \/>\n<meta property=\"og:locale\" content=\"et_EE\" \/>\n<meta property=\"og:type\" content=\"article\" \/>\n<meta property=\"og:title\" content=\"Avasta Palmatini kataloogid\" \/>\n<meta property=\"og:description\" content=\"Laadige alla meie kataloogid ja bro\u0161\u00fc\u00fcrid, et ammutada inspiratsiooni ja tutvuda l\u00e4hemalt Palmatini majade valiku ja puitkonstruktsioonidega. Kataloogides\" \/>\n<meta property=\"og:url\" content=\"https:\/\/www.palmatin.com\/et\/saa-tasuta-pdf-palkmaja-kataloog\/\" \/>\n<meta property=\"og:site_name\" content=\"Palmatin.com\" \/>\n<meta property=\"article:publisher\" content=\"https:\/\/www.facebook.com\/palmatin.wooden.houses\" \/>\n<meta property=\"article:modified_time\" content=\"2023-02-20T19:52:40+00:00\" \/>\n<meta property=\"og:image\" content=\"https:\/\/www.palmatin.com\/wp-content\/uploads\/2018\/08\/log_houses.jpg\" \/>\n\t<meta property=\"og:image:width\" content=\"1920\" \/>\n\t<meta property=\"og:image:height\" content=\"300\" \/>\n\t<meta property=\"og:image:type\" content=\"image\/jpeg\" \/>\n<meta name=\"twitter:card\" content=\"summary_large_image\" \/>\n<meta name=\"twitter:site\" content=\"@palmatinhouses\" \/>\n<meta name=\"twitter:label1\" content=\"Est. reading time\" \/>\n\t<meta name=\"twitter:data1\" content=\"1 minut\" \/>\n<script type=\"application\/ld+json\" class=\"yoast-schema-graph\">{\"@context\":\"https:\\\/\\\/schema.org\",\"@graph\":[{\"@type\":\"WebPage\",\"@id\":\"https:\\\/\\\/www.palmatin.com\\\/et\\\/saa-tasuta-pdf-palkmaja-kataloog\\\/\",\"url\":\"https:\\\/\\\/www.palmatin.com\\\/et\\\/saa-tasuta-pdf-palkmaja-kataloog\\\/\",\"name\":\"Tutvuge maja kataloogidega sobiva maja inspiratsiooniks - Palmatin\",\"isPartOf\":{\"@id\":\"https:\\\/\\\/www.palmatin.com\\\/et\\\/#website\"},\"primaryImageOfPage\":{\"@id\":\"https:\\\/\\\/www.palmatin.com\\\/et\\\/saa-tasuta-pdf-palkmaja-kataloog\\\/#primaryimage\"},\"image\":{\"@id\":\"https:\\\/\\\/www.palmatin.com\\\/et\\\/saa-tasuta-pdf-palkmaja-kataloog\\\/#primaryimage\"},\"thumbnailUrl\":\"https:\\\/\\\/www.palmatin.com\\\/wp-content\\\/uploads\\\/2018\\\/08\\\/log_houses.jpg\",\"datePublished\":\"2019-04-17T11:18:13+00:00\",\"dateModified\":\"2023-02-20T19:52:40+00:00\",\"description\":\"Neid katalooge saate kasutada oma lemmikmajade m\u00e4rkimiseks, kujundamiseks ja oma maja jaoks rohkemate ideede kogumiseks.\",\"breadcrumb\":{\"@id\":\"https:\\\/\\\/www.palmatin.com\\\/et\\\/saa-tasuta-pdf-palkmaja-kataloog\\\/#breadcrumb\"},\"inLanguage\":\"et\",\"potentialAction\":[{\"@type\":\"ReadAction\",\"target\":[\"https:\\\/\\\/www.palmatin.com\\\/et\\\/saa-tasuta-pdf-palkmaja-kataloog\\\/\"]}]},{\"@type\":\"ImageObject\",\"inLanguage\":\"et\",\"@id\":\"https:\\\/\\\/www.palmatin.com\\\/et\\\/saa-tasuta-pdf-palkmaja-kataloog\\\/#primaryimage\",\"url\":\"https:\\\/\\\/www.palmatin.com\\\/wp-content\\\/uploads\\\/2018\\\/08\\\/log_houses.jpg\",\"contentUrl\":\"https:\\\/\\\/www.palmatin.com\\\/wp-content\\\/uploads\\\/2018\\\/08\\\/log_houses.jpg\",\"width\":1920,\"height\":300,\"caption\":\"Palmatin mod\u00e8le maison en rondins, page contact\"},{\"@type\":\"BreadcrumbList\",\"@id\":\"https:\\\/\\\/www.palmatin.com\\\/et\\\/saa-tasuta-pdf-palkmaja-kataloog\\\/#breadcrumb\",\"itemListElement\":[{\"@type\":\"ListItem\",\"position\":1,\"name\":\"Home\",\"item\":\"https:\\\/\\\/www.palmatin.com\\\/et\\\/\"},{\"@type\":\"ListItem\",\"position\":2,\"name\":\"Avasta Palmatini kataloogid\"}]},{\"@type\":\"WebSite\",\"@id\":\"https:\\\/\\\/www.palmatin.com\\\/et\\\/#website\",\"url\":\"https:\\\/\\\/www.palmatin.com\\\/et\\\/\",\"name\":\"Palmatin.com\",\"description\":\"Custom made wooden houses from project to assembly.\",\"publisher\":{\"@id\":\"https:\\\/\\\/www.palmatin.com\\\/et\\\/#organization\"},\"inLanguage\":\"et\"},{\"@type\":[\"Organization\",\"Place\",\"HomeAndConstructionBusiness\"],\"@id\":\"https:\\\/\\\/www.palmatin.com\\\/et\\\/#organization\",\"name\":\"Palmatin\",\"alternateName\":\"Palmatin Wooden Houses\",\"url\":\"https:\\\/\\\/www.palmatin.com\\\/et\\\/\",\"logo\":{\"@id\":\"https:\\\/\\\/www.palmatin.com\\\/et\\\/saa-tasuta-pdf-palkmaja-kataloog\\\/#local-main-organization-logo\"},\"image\":{\"@id\":\"https:\\\/\\\/www.palmatin.com\\\/et\\\/saa-tasuta-pdf-palkmaja-kataloog\\\/#local-main-organization-logo\"},\"sameAs\":[\"https:\\\/\\\/www.facebook.com\\\/palmatin.wooden.houses\",\"https:\\\/\\\/x.com\\\/palmatinhouses\",\"https:\\\/\\\/www.instagram.com\\\/palmatinwoodenhouses\\\/\",\"https:\\\/\\\/www.linkedin.com\\\/company\\\/palmatin-wooden-houses\",\"https:\\\/\\\/www.pinterest.com\\\/palmatin\\\/\",\"https:\\\/\\\/www.youtube.com\\\/channel\\\/UCS3v-T7tq4sPU5YkEvukfYg\"],\"description\":\"Palmatin wooden houses are expertly crafted, sustainable prefabricated element houses and log homes renowned for their durability, energy efficiency, and elegant Nordic design. Combining traditional building techniques with modern technology, Palmatin delivers customized living spaces that blend seamlessly with nature, ensuring comfort, quality, and eco-friendly living for generations.\",\"legalName\":\"Palmatin O\u00dc\",\"foundingDate\":\"1995-05-12\",\"numberOfEmployees\":{\"@type\":\"QuantitativeValue\",\"minValue\":\"11\",\"maxValue\":\"50\"},\"address\":{\"@id\":\"https:\\\/\\\/www.palmatin.com\\\/et\\\/saa-tasuta-pdf-palkmaja-kataloog\\\/#local-main-place-address\"},\"telephone\":[\"(+372) 605 48 95\"],\"openingHoursSpecification\":[{\"@type\":\"OpeningHoursSpecification\",\"dayOfWeek\":[\"Monday\",\"Tuesday\",\"Wednesday\",\"Thursday\",\"Friday\"],\"opens\":\"08:00\",\"closes\":\"17:00\"},{\"@type\":\"OpeningHoursSpecification\",\"dayOfWeek\":[\"Saturday\",\"Sunday\"],\"opens\":\"00:00\",\"closes\":\"00:00\"}],\"email\":\"info@palmatin.com\",\"faxNumber\":\"(+372) 605 48 92\",\"areaServed\":\"world\",\"vatID\":\"EE100240388\",\"priceRange\":\"$$$\",\"currenciesAccepted\":\"Euros\"},{\"@type\":\"PostalAddress\",\"@id\":\"https:\\\/\\\/www.palmatin.com\\\/et\\\/saa-tasuta-pdf-palkmaja-kataloog\\\/#local-main-place-address\",\"streetAddress\":\"Tammi tee 40b\",\"addressLocality\":\"Rannamoeisa\",\"postalCode\":\"76906\",\"addressRegion\":\"Harju parish\",\"addressCountry\":\"EE\"},{\"@type\":\"ImageObject\",\"inLanguage\":\"et\",\"@id\":\"https:\\\/\\\/www.palmatin.com\\\/et\\\/saa-tasuta-pdf-palkmaja-kataloog\\\/#local-main-organization-logo\",\"url\":\"https:\\\/\\\/www.palmatin.com\\\/wp-content\\\/uploads\\\/2022\\\/11\\\/Logo_wrt.jpg\",\"contentUrl\":\"https:\\\/\\\/www.palmatin.com\\\/wp-content\\\/uploads\\\/2022\\\/11\\\/Logo_wrt.jpg\",\"width\":1458,\"height\":857,\"caption\":\"Palmatin\"}]}<\/script>\n<meta name=\"geo.placename\" content=\"Rannamoeisa\" \/>\n<meta name=\"geo.region\" content=\"Estonia\" \/>\n<!-- \/ Yoast SEO Premium plugin. -->","yoast_head_json":{"title":"Tutvuge maja kataloogidega sobiva maja inspiratsiooniks - Palmatin","description":"Neid katalooge saate kasutada oma lemmikmajade m\u00e4rkimiseks, kujundamiseks ja oma maja jaoks rohkemate ideede kogumiseks.","robots":{"index":"index","follow":"follow","max-snippet":"max-snippet:-1","max-image-preview":"max-image-preview:large","max-video-preview":"max-video-preview:-1"},"canonical":"https:\/\/www.palmatin.com\/et\/saa-tasuta-pdf-palkmaja-kataloog\/","og_locale":"et_EE","og_type":"article","og_title":"Avasta Palmatini kataloogid","og_description":"Laadige alla meie kataloogid ja bro\u0161\u00fc\u00fcrid, et ammutada inspiratsiooni ja tutvuda l\u00e4hemalt Palmatini majade valiku ja puitkonstruktsioonidega. Kataloogides","og_url":"https:\/\/www.palmatin.com\/et\/saa-tasuta-pdf-palkmaja-kataloog\/","og_site_name":"Palmatin.com","article_publisher":"https:\/\/www.facebook.com\/palmatin.wooden.houses","article_modified_time":"2023-02-20T19:52:40+00:00","og_image":[{"width":1920,"height":300,"url":"https:\/\/www.palmatin.com\/wp-content\/uploads\/2018\/08\/log_houses.jpg","type":"image\/jpeg"}],"twitter_card":"summary_large_image","twitter_site":"@palmatinhouses","twitter_misc":{"Est. reading time":"1 minut"},"schema":{"@context":"https:\/\/schema.org","@graph":[{"@type":"WebPage","@id":"https:\/\/www.palmatin.com\/et\/saa-tasuta-pdf-palkmaja-kataloog\/","url":"https:\/\/www.palmatin.com\/et\/saa-tasuta-pdf-palkmaja-kataloog\/","name":"Tutvuge maja kataloogidega sobiva maja inspiratsiooniks - Palmatin","isPartOf":{"@id":"https:\/\/www.palmatin.com\/et\/#website"},"primaryImageOfPage":{"@id":"https:\/\/www.palmatin.com\/et\/saa-tasuta-pdf-palkmaja-kataloog\/#primaryimage"},"image":{"@id":"https:\/\/www.palmatin.com\/et\/saa-tasuta-pdf-palkmaja-kataloog\/#primaryimage"},"thumbnailUrl":"https:\/\/www.palmatin.com\/wp-content\/uploads\/2018\/08\/log_houses.jpg","datePublished":"2019-04-17T11:18:13+00:00","dateModified":"2023-02-20T19:52:40+00:00","description":"Neid katalooge saate kasutada oma lemmikmajade m\u00e4rkimiseks, kujundamiseks ja oma maja jaoks rohkemate ideede kogumiseks.","breadcrumb":{"@id":"https:\/\/www.palmatin.com\/et\/saa-tasuta-pdf-palkmaja-kataloog\/#breadcrumb"},"inLanguage":"et","potentialAction":[{"@type":"ReadAction","target":["https:\/\/www.palmatin.com\/et\/saa-tasuta-pdf-palkmaja-kataloog\/"]}]},{"@type":"ImageObject","inLanguage":"et","@id":"https:\/\/www.palmatin.com\/et\/saa-tasuta-pdf-palkmaja-kataloog\/#primaryimage","url":"https:\/\/www.palmatin.com\/wp-content\/uploads\/2018\/08\/log_houses.jpg","contentUrl":"https:\/\/www.palmatin.com\/wp-content\/uploads\/2018\/08\/log_houses.jpg","width":1920,"height":300,"caption":"Palmatin mod\u00e8le maison en rondins, page contact"},{"@type":"BreadcrumbList","@id":"https:\/\/www.palmatin.com\/et\/saa-tasuta-pdf-palkmaja-kataloog\/#breadcrumb","itemListElement":[{"@type":"ListItem","position":1,"name":"Home","item":"https:\/\/www.palmatin.com\/et\/"},{"@type":"ListItem","position":2,"name":"Avasta Palmatini kataloogid"}]},{"@type":"WebSite","@id":"https:\/\/www.palmatin.com\/et\/#website","url":"https:\/\/www.palmatin.com\/et\/","name":"Palmatin.com","description":"Custom made wooden houses from project to assembly.","publisher":{"@id":"https:\/\/www.palmatin.com\/et\/#organization"},"inLanguage":"et"},{"@type":["Organization","Place","HomeAndConstructionBusiness"],"@id":"https:\/\/www.palmatin.com\/et\/#organization","name":"Palmatin","alternateName":"Palmatin Wooden Houses","url":"https:\/\/www.palmatin.com\/et\/","logo":{"@id":"https:\/\/www.palmatin.com\/et\/saa-tasuta-pdf-palkmaja-kataloog\/#local-main-organization-logo"},"image":{"@id":"https:\/\/www.palmatin.com\/et\/saa-tasuta-pdf-palkmaja-kataloog\/#local-main-organization-logo"},"sameAs":["https:\/\/www.facebook.com\/palmatin.wooden.houses","https:\/\/x.com\/palmatinhouses","https:\/\/www.instagram.com\/palmatinwoodenhouses\/","https:\/\/www.linkedin.com\/company\/palmatin-wooden-houses","https:\/\/www.pinterest.com\/palmatin\/","https:\/\/www.youtube.com\/channel\/UCS3v-T7tq4sPU5YkEvukfYg"],"description":"Palmatin wooden houses are expertly crafted, sustainable prefabricated element houses and log homes renowned for their durability, energy efficiency, and elegant Nordic design. Combining traditional building techniques with modern technology, Palmatin delivers customized living spaces that blend seamlessly with nature, ensuring comfort, quality, and eco-friendly living for generations.","legalName":"Palmatin O\u00dc","foundingDate":"1995-05-12","numberOfEmployees":{"@type":"QuantitativeValue","minValue":"11","maxValue":"50"},"address":{"@id":"https:\/\/www.palmatin.com\/et\/saa-tasuta-pdf-palkmaja-kataloog\/#local-main-place-address"},"telephone":["(+372) 605 48 95"],"openingHoursSpecification":[{"@type":"OpeningHoursSpecification","dayOfWeek":["Monday","Tuesday","Wednesday","Thursday","Friday"],"opens":"08:00","closes":"17:00"},{"@type":"OpeningHoursSpecification","dayOfWeek":["Saturday","Sunday"],"opens":"00:00","closes":"00:00"}],"email":"info@palmatin.com","faxNumber":"(+372) 605 48 92","areaServed":"world","vatID":"EE100240388","priceRange":"$$$","currenciesAccepted":"Euros"},{"@type":"PostalAddress","@id":"https:\/\/www.palmatin.com\/et\/saa-tasuta-pdf-palkmaja-kataloog\/#local-main-place-address","streetAddress":"Tammi tee 40b","addressLocality":"Rannamoeisa","postalCode":"76906","addressRegion":"Harju parish","addressCountry":"EE"},{"@type":"ImageObject","inLanguage":"et","@id":"https:\/\/www.palmatin.com\/et\/saa-tasuta-pdf-palkmaja-kataloog\/#local-main-organization-logo","url":"https:\/\/www.palmatin.com\/wp-content\/uploads\/2022\/11\/Logo_wrt.jpg","contentUrl":"https:\/\/www.palmatin.com\/wp-content\/uploads\/2022\/11\/Logo_wrt.jpg","width":1458,"height":857,"caption":"Palmatin"}]},"geo.placename":"Rannamoeisa","geo.region":"Estonia"},"_links":{"self":[{"href":"https:\/\/www.palmatin.com\/et\/wp-json\/wp\/v2\/pages\/9844","targetHints":{"allow":["GET"]}}],"collection":[{"href":"https:\/\/www.palmatin.com\/et\/wp-json\/wp\/v2\/pages"}],"about":[{"href":"https:\/\/www.palmatin.com\/et\/wp-json\/wp\/v2\/types\/page"}],"author":[{"embeddable":true,"href":"https:\/\/www.palmatin.com\/et\/wp-json\/wp\/v2\/users\/2"}],"replies":[{"embeddable":true,"href":"https:\/\/www.palmatin.com\/et\/wp-json\/wp\/v2\/comments?post=9844"}],"version-history":[{"count":0,"href":"https:\/\/www.palmatin.com\/et\/wp-json\/wp\/v2\/pages\/9844\/revisions"}],"wp:featuredmedia":[{"embeddable":true,"href":"https:\/\/www.palmatin.com\/et\/wp-json\/wp\/v2\/media\/1472"}],"wp:attachment":[{"href":"https:\/\/www.palmatin.com\/et\/wp-json\/wp\/v2\/media?parent=9844"}],"curies":[{"name":"wp","href":"https:\/\/api.w.org\/{rel}","templated":true}]}}