{"id":9377,"date":"2018-08-06T20:19:18","date_gmt":"2018-08-06T20:19:18","guid":{"rendered":"https:\/\/www.palmatin.com\/prefabricated-elements\/"},"modified":"2022-01-06T06:37:18","modified_gmt":"2022-01-06T06:37:18","slug":"elementmaja-elemendid","status":"publish","type":"page","link":"https:\/\/www.palmatin.com\/et\/elementmaja-elemendid\/","title":{"rendered":"Elementmaja elemendid"},"content":{"rendered":"<p>Elemendid on valmistatud puitkonstruktsioonil, suurelementidest, kuhu on juba tehases paigaldatud ka avat\u00e4ited (aknad ja uksed). Valminud elemendid on transpordi v\u00f5imalustest l\u00e4htuvalt kuni 12 meetrit pikad ja kuni 2,8 meetrit k\u00f5rged. Eriveoste korral, kui projektis tarvis, v\u00f5ivad puitelemendid olla ka suuremate m\u00f5\u00f5tmetega.<\/p>\n<p style=\"text-align: left;\">Puitkonstruktsioonil p\u00f5hinevad maja elemendid toodame oma majatehases vastavalt etten\u00e4htud kvaliteedin\u00f5uetele, v\u00e4litingimuste eest kaitstud keskkonnas. T\u00e4nu sellele on tagatud hoone hea kvaliteet ja soojapidavus ning hilisem maja p\u00fcstitus toimub kiiresti ja kvaliteetselt, l\u00fchikese aja jooksul.<\/p>\n<p style=\"text-align: left;\">Palmatin majatehase CNC t\u00e4isautomaatne seadmepark v\u00f5imaldab toota v\u00e4ga erineva laiuse, k\u00f5rguse ja paksusega puitkarkassil konstruktsioonielemente (seinaelemendid, vahelaeelemendid, katuseelemendid ja r\u00f5duelemendid).<br \/>\nTehase kontrollitud tingimustes toodetud puitelemendid on sobilikud erinevat t\u00fc\u00fcpi elementmajade p\u00fcstitamiseks. Palmatin elementmajad on toodetud vastavuses rahvusvahelistele ehitusnormidele ja ehitusseadustele.<br \/>\nKandvates konstruktsioonides kasutame <a href=\"https:\/\/www.palmatin.com\/wp-content\/uploads\/2020\/06\/Certificate-PC-EN-14081-Palmatin-OU-0011-v1.jpg\" data-fancybox=\"image\">tugevussorteeritud puitu<\/a> (C24). J\u00e4ikuse saavutamiseks on puitelementide tapid teostatud t\u00e4isautomaatsete puidut\u00f6\u00f6tlusmasinatega.<\/p>\n<p style=\"text-align: left;\">T\u00e4nu kompuuterjuhitavatele tootmisseadmete kasutamisele on v\u00f5imalik tapid teostada \u00e4\u00e4rmise t\u00e4psusega, v\u00f5imaldades konstruktsiooni sisse tappida puidust diagonaalid ja tapipesad. Selline lahendus suurendab oluliselt puitelemendi karkassi j\u00e4ikust ja elementmajad on seel\u00e4bi vastupidavamad erinevatele koormustele.<\/p>\n","protected":false},"excerpt":{"rendered":"<p>Elemendid on valmistatud puitkonstruktsioonil, suurelementidest, kuhu on juba tehases paigaldatud ka avat\u00e4ited (aknad ja uksed). Valminud elemendid on transpordi v\u00f5imalustest l\u00e4htuvalt kuni 12 meetrit pikad ja kuni 2,8 meetrit k\u00f5rged. Eriveoste korral, kui projektis tarvis, v\u00f5ivad puitelemendid olla ka suuremate m\u00f5\u00f5tmetega. Puitkonstruktsioonil p\u00f5hinevad maja elemendid toodame oma majatehases vastavalt etten\u00e4htud kvaliteedin\u00f5uetele, v\u00e4litingimuste eest kaitstud keskkonnas. &hellip; <a href=\"https:\/\/www.palmatin.com\/et\/elementmaja-elemendid\/\">J\u00e4tkub<\/a><\/p>\n","protected":false},"author":1,"featured_media":1800,"parent":0,"menu_order":0,"comment_status":"closed","ping_status":"closed","template":"views\/template-content-blocks.blade.php","meta":{"_acf_changed":false,"footnotes":""},"class_list":["post-9377","page","type-page","status-publish","has-post-thumbnail","hentry"],"acf":[],"yoast_head":"<!-- This site is optimized with the Yoast SEO Premium plugin v27.3 (Yoast SEO v27.3) - https:\/\/yoast.com\/product\/yoast-seo-premium-wordpress\/ -->\n<title>Elementmaja elemendid - Palmatin Wooden Houses<\/title>\n<meta name=\"description\" content=\"Elemendid on valmistatud puitkonstruktsioonil, suurelementidest, kuhu on juba tehases paigaldatud ka avat\u00e4ited.\" \/>\n<meta name=\"robots\" content=\"index, follow, max-snippet:-1, max-image-preview:large, max-video-preview:-1\" \/>\n<link rel=\"canonical\" href=\"https:\/\/www.palmatin.com\/et\/elementmaja-elemendid\/\" \/>\n<meta property=\"og:locale\" content=\"et_EE\" \/>\n<meta property=\"og:type\" content=\"article\" \/>\n<meta property=\"og:title\" content=\"Elementmaja elemendid\" \/>\n<meta property=\"og:description\" content=\"Elemendid on valmistatud puitkonstruktsioonil, suurelementidest, kuhu on juba tehases paigaldatud ka avat\u00e4ited (aknad ja uksed). Valminud elemendid on\" \/>\n<meta property=\"og:url\" content=\"https:\/\/www.palmatin.com\/et\/elementmaja-elemendid\/\" \/>\n<meta property=\"og:site_name\" content=\"Palmatin.com\" \/>\n<meta property=\"article:publisher\" content=\"https:\/\/www.facebook.com\/palmatin.wooden.houses\" \/>\n<meta property=\"article:modified_time\" content=\"2022-01-06T06:37:18+00:00\" \/>\n<meta property=\"og:image\" content=\"https:\/\/www.palmatin.com\/wp-content\/uploads\/2018\/08\/prefab_house.jpg\" \/>\n\t<meta property=\"og:image:width\" content=\"1920\" \/>\n\t<meta property=\"og:image:height\" content=\"300\" \/>\n\t<meta property=\"og:image:type\" content=\"image\/jpeg\" \/>\n<meta name=\"twitter:card\" content=\"summary_large_image\" \/>\n<meta name=\"twitter:site\" content=\"@palmatinhouses\" \/>\n<meta name=\"twitter:label1\" content=\"Est. reading time\" \/>\n\t<meta name=\"twitter:data1\" content=\"1 minut\" \/>\n<script type=\"application\/ld+json\" class=\"yoast-schema-graph\">{\"@context\":\"https:\\\/\\\/schema.org\",\"@graph\":[{\"@type\":\"WebPage\",\"@id\":\"https:\\\/\\\/www.palmatin.com\\\/et\\\/elementmaja-elemendid\\\/\",\"url\":\"https:\\\/\\\/www.palmatin.com\\\/et\\\/elementmaja-elemendid\\\/\",\"name\":\"Elementmaja elemendid - Palmatin Wooden Houses\",\"isPartOf\":{\"@id\":\"https:\\\/\\\/www.palmatin.com\\\/et\\\/#website\"},\"primaryImageOfPage\":{\"@id\":\"https:\\\/\\\/www.palmatin.com\\\/et\\\/elementmaja-elemendid\\\/#primaryimage\"},\"image\":{\"@id\":\"https:\\\/\\\/www.palmatin.com\\\/et\\\/elementmaja-elemendid\\\/#primaryimage\"},\"thumbnailUrl\":\"https:\\\/\\\/www.palmatin.com\\\/wp-content\\\/uploads\\\/2018\\\/08\\\/prefab_house.jpg\",\"datePublished\":\"2018-08-06T20:19:18+00:00\",\"dateModified\":\"2022-01-06T06:37:18+00:00\",\"description\":\"Elemendid on valmistatud puitkonstruktsioonil, suurelementidest, kuhu on juba tehases paigaldatud ka avat\u00e4ited.\",\"breadcrumb\":{\"@id\":\"https:\\\/\\\/www.palmatin.com\\\/et\\\/elementmaja-elemendid\\\/#breadcrumb\"},\"inLanguage\":\"et\",\"potentialAction\":[{\"@type\":\"ReadAction\",\"target\":[\"https:\\\/\\\/www.palmatin.com\\\/et\\\/elementmaja-elemendid\\\/\"]}]},{\"@type\":\"ImageObject\",\"inLanguage\":\"et\",\"@id\":\"https:\\\/\\\/www.palmatin.com\\\/et\\\/elementmaja-elemendid\\\/#primaryimage\",\"url\":\"https:\\\/\\\/www.palmatin.com\\\/wp-content\\\/uploads\\\/2018\\\/08\\\/prefab_house.jpg\",\"contentUrl\":\"https:\\\/\\\/www.palmatin.com\\\/wp-content\\\/uploads\\\/2018\\\/08\\\/prefab_house.jpg\",\"width\":1920,\"height\":300},{\"@type\":\"BreadcrumbList\",\"@id\":\"https:\\\/\\\/www.palmatin.com\\\/et\\\/elementmaja-elemendid\\\/#breadcrumb\",\"itemListElement\":[{\"@type\":\"ListItem\",\"position\":1,\"name\":\"Home\",\"item\":\"https:\\\/\\\/www.palmatin.com\\\/et\\\/\"},{\"@type\":\"ListItem\",\"position\":2,\"name\":\"Elementmaja elemendid\"}]},{\"@type\":\"WebSite\",\"@id\":\"https:\\\/\\\/www.palmatin.com\\\/et\\\/#website\",\"url\":\"https:\\\/\\\/www.palmatin.com\\\/et\\\/\",\"name\":\"Palmatin.com\",\"description\":\"Custom made wooden houses from project to assembly.\",\"publisher\":{\"@id\":\"https:\\\/\\\/www.palmatin.com\\\/et\\\/#organization\"},\"inLanguage\":\"et\"},{\"@type\":[\"Organization\",\"Place\",\"HomeAndConstructionBusiness\"],\"@id\":\"https:\\\/\\\/www.palmatin.com\\\/et\\\/#organization\",\"name\":\"Palmatin\",\"alternateName\":\"Palmatin Wooden Houses\",\"url\":\"https:\\\/\\\/www.palmatin.com\\\/et\\\/\",\"logo\":{\"@id\":\"https:\\\/\\\/www.palmatin.com\\\/et\\\/elementmaja-elemendid\\\/#local-main-organization-logo\"},\"image\":{\"@id\":\"https:\\\/\\\/www.palmatin.com\\\/et\\\/elementmaja-elemendid\\\/#local-main-organization-logo\"},\"sameAs\":[\"https:\\\/\\\/www.facebook.com\\\/palmatin.wooden.houses\",\"https:\\\/\\\/x.com\\\/palmatinhouses\",\"https:\\\/\\\/www.instagram.com\\\/palmatinwoodenhouses\\\/\",\"https:\\\/\\\/www.linkedin.com\\\/company\\\/palmatin-wooden-houses\",\"https:\\\/\\\/www.pinterest.com\\\/palmatin\\\/\",\"https:\\\/\\\/www.youtube.com\\\/channel\\\/UCS3v-T7tq4sPU5YkEvukfYg\"],\"description\":\"Palmatin wooden houses are expertly crafted, sustainable prefabricated element houses and log homes renowned for their durability, energy efficiency, and elegant Nordic design. Combining traditional building techniques with modern technology, Palmatin delivers customized living spaces that blend seamlessly with nature, ensuring comfort, quality, and eco-friendly living for generations.\",\"legalName\":\"Palmatin O\u00dc\",\"foundingDate\":\"1995-05-12\",\"numberOfEmployees\":{\"@type\":\"QuantitativeValue\",\"minValue\":\"11\",\"maxValue\":\"50\"},\"address\":{\"@id\":\"https:\\\/\\\/www.palmatin.com\\\/et\\\/elementmaja-elemendid\\\/#local-main-place-address\"},\"telephone\":[\"(+372) 605 48 95\"],\"openingHoursSpecification\":[{\"@type\":\"OpeningHoursSpecification\",\"dayOfWeek\":[\"Monday\",\"Tuesday\",\"Wednesday\",\"Thursday\",\"Friday\"],\"opens\":\"08:00\",\"closes\":\"17:00\"},{\"@type\":\"OpeningHoursSpecification\",\"dayOfWeek\":[\"Saturday\",\"Sunday\"],\"opens\":\"00:00\",\"closes\":\"00:00\"}],\"email\":\"info@palmatin.com\",\"faxNumber\":\"(+372) 605 48 92\",\"areaServed\":\"world\",\"vatID\":\"EE100240388\",\"priceRange\":\"$$$\",\"currenciesAccepted\":\"Euros\"},{\"@type\":\"PostalAddress\",\"@id\":\"https:\\\/\\\/www.palmatin.com\\\/et\\\/elementmaja-elemendid\\\/#local-main-place-address\",\"streetAddress\":\"Tammi tee 40b\",\"addressLocality\":\"Rannamoeisa\",\"postalCode\":\"76906\",\"addressRegion\":\"Harju parish\",\"addressCountry\":\"EE\"},{\"@type\":\"ImageObject\",\"inLanguage\":\"et\",\"@id\":\"https:\\\/\\\/www.palmatin.com\\\/et\\\/elementmaja-elemendid\\\/#local-main-organization-logo\",\"url\":\"https:\\\/\\\/www.palmatin.com\\\/wp-content\\\/uploads\\\/2022\\\/11\\\/Logo_wrt.jpg\",\"contentUrl\":\"https:\\\/\\\/www.palmatin.com\\\/wp-content\\\/uploads\\\/2022\\\/11\\\/Logo_wrt.jpg\",\"width\":1458,\"height\":857,\"caption\":\"Palmatin\"}]}<\/script>\n<meta name=\"geo.placename\" content=\"Rannamoeisa\" \/>\n<meta name=\"geo.region\" content=\"Estonia\" \/>\n<!-- \/ Yoast SEO Premium plugin. -->","yoast_head_json":{"title":"Elementmaja elemendid - Palmatin Wooden Houses","description":"Elemendid on valmistatud puitkonstruktsioonil, suurelementidest, kuhu on juba tehases paigaldatud ka avat\u00e4ited.","robots":{"index":"index","follow":"follow","max-snippet":"max-snippet:-1","max-image-preview":"max-image-preview:large","max-video-preview":"max-video-preview:-1"},"canonical":"https:\/\/www.palmatin.com\/et\/elementmaja-elemendid\/","og_locale":"et_EE","og_type":"article","og_title":"Elementmaja elemendid","og_description":"Elemendid on valmistatud puitkonstruktsioonil, suurelementidest, kuhu on juba tehases paigaldatud ka avat\u00e4ited (aknad ja uksed). Valminud elemendid on","og_url":"https:\/\/www.palmatin.com\/et\/elementmaja-elemendid\/","og_site_name":"Palmatin.com","article_publisher":"https:\/\/www.facebook.com\/palmatin.wooden.houses","article_modified_time":"2022-01-06T06:37:18+00:00","og_image":[{"width":1920,"height":300,"url":"https:\/\/www.palmatin.com\/wp-content\/uploads\/2018\/08\/prefab_house.jpg","type":"image\/jpeg"}],"twitter_card":"summary_large_image","twitter_site":"@palmatinhouses","twitter_misc":{"Est. reading time":"1 minut"},"schema":{"@context":"https:\/\/schema.org","@graph":[{"@type":"WebPage","@id":"https:\/\/www.palmatin.com\/et\/elementmaja-elemendid\/","url":"https:\/\/www.palmatin.com\/et\/elementmaja-elemendid\/","name":"Elementmaja elemendid - Palmatin Wooden Houses","isPartOf":{"@id":"https:\/\/www.palmatin.com\/et\/#website"},"primaryImageOfPage":{"@id":"https:\/\/www.palmatin.com\/et\/elementmaja-elemendid\/#primaryimage"},"image":{"@id":"https:\/\/www.palmatin.com\/et\/elementmaja-elemendid\/#primaryimage"},"thumbnailUrl":"https:\/\/www.palmatin.com\/wp-content\/uploads\/2018\/08\/prefab_house.jpg","datePublished":"2018-08-06T20:19:18+00:00","dateModified":"2022-01-06T06:37:18+00:00","description":"Elemendid on valmistatud puitkonstruktsioonil, suurelementidest, kuhu on juba tehases paigaldatud ka avat\u00e4ited.","breadcrumb":{"@id":"https:\/\/www.palmatin.com\/et\/elementmaja-elemendid\/#breadcrumb"},"inLanguage":"et","potentialAction":[{"@type":"ReadAction","target":["https:\/\/www.palmatin.com\/et\/elementmaja-elemendid\/"]}]},{"@type":"ImageObject","inLanguage":"et","@id":"https:\/\/www.palmatin.com\/et\/elementmaja-elemendid\/#primaryimage","url":"https:\/\/www.palmatin.com\/wp-content\/uploads\/2018\/08\/prefab_house.jpg","contentUrl":"https:\/\/www.palmatin.com\/wp-content\/uploads\/2018\/08\/prefab_house.jpg","width":1920,"height":300},{"@type":"BreadcrumbList","@id":"https:\/\/www.palmatin.com\/et\/elementmaja-elemendid\/#breadcrumb","itemListElement":[{"@type":"ListItem","position":1,"name":"Home","item":"https:\/\/www.palmatin.com\/et\/"},{"@type":"ListItem","position":2,"name":"Elementmaja elemendid"}]},{"@type":"WebSite","@id":"https:\/\/www.palmatin.com\/et\/#website","url":"https:\/\/www.palmatin.com\/et\/","name":"Palmatin.com","description":"Custom made wooden houses from project to assembly.","publisher":{"@id":"https:\/\/www.palmatin.com\/et\/#organization"},"inLanguage":"et"},{"@type":["Organization","Place","HomeAndConstructionBusiness"],"@id":"https:\/\/www.palmatin.com\/et\/#organization","name":"Palmatin","alternateName":"Palmatin Wooden Houses","url":"https:\/\/www.palmatin.com\/et\/","logo":{"@id":"https:\/\/www.palmatin.com\/et\/elementmaja-elemendid\/#local-main-organization-logo"},"image":{"@id":"https:\/\/www.palmatin.com\/et\/elementmaja-elemendid\/#local-main-organization-logo"},"sameAs":["https:\/\/www.facebook.com\/palmatin.wooden.houses","https:\/\/x.com\/palmatinhouses","https:\/\/www.instagram.com\/palmatinwoodenhouses\/","https:\/\/www.linkedin.com\/company\/palmatin-wooden-houses","https:\/\/www.pinterest.com\/palmatin\/","https:\/\/www.youtube.com\/channel\/UCS3v-T7tq4sPU5YkEvukfYg"],"description":"Palmatin wooden houses are expertly crafted, sustainable prefabricated element houses and log homes renowned for their durability, energy efficiency, and elegant Nordic design. Combining traditional building techniques with modern technology, Palmatin delivers customized living spaces that blend seamlessly with nature, ensuring comfort, quality, and eco-friendly living for generations.","legalName":"Palmatin O\u00dc","foundingDate":"1995-05-12","numberOfEmployees":{"@type":"QuantitativeValue","minValue":"11","maxValue":"50"},"address":{"@id":"https:\/\/www.palmatin.com\/et\/elementmaja-elemendid\/#local-main-place-address"},"telephone":["(+372) 605 48 95"],"openingHoursSpecification":[{"@type":"OpeningHoursSpecification","dayOfWeek":["Monday","Tuesday","Wednesday","Thursday","Friday"],"opens":"08:00","closes":"17:00"},{"@type":"OpeningHoursSpecification","dayOfWeek":["Saturday","Sunday"],"opens":"00:00","closes":"00:00"}],"email":"info@palmatin.com","faxNumber":"(+372) 605 48 92","areaServed":"world","vatID":"EE100240388","priceRange":"$$$","currenciesAccepted":"Euros"},{"@type":"PostalAddress","@id":"https:\/\/www.palmatin.com\/et\/elementmaja-elemendid\/#local-main-place-address","streetAddress":"Tammi tee 40b","addressLocality":"Rannamoeisa","postalCode":"76906","addressRegion":"Harju parish","addressCountry":"EE"},{"@type":"ImageObject","inLanguage":"et","@id":"https:\/\/www.palmatin.com\/et\/elementmaja-elemendid\/#local-main-organization-logo","url":"https:\/\/www.palmatin.com\/wp-content\/uploads\/2022\/11\/Logo_wrt.jpg","contentUrl":"https:\/\/www.palmatin.com\/wp-content\/uploads\/2022\/11\/Logo_wrt.jpg","width":1458,"height":857,"caption":"Palmatin"}]},"geo.placename":"Rannamoeisa","geo.region":"Estonia"},"_links":{"self":[{"href":"https:\/\/www.palmatin.com\/et\/wp-json\/wp\/v2\/pages\/9377","targetHints":{"allow":["GET"]}}],"collection":[{"href":"https:\/\/www.palmatin.com\/et\/wp-json\/wp\/v2\/pages"}],"about":[{"href":"https:\/\/www.palmatin.com\/et\/wp-json\/wp\/v2\/types\/page"}],"author":[{"embeddable":true,"href":"https:\/\/www.palmatin.com\/et\/wp-json\/wp\/v2\/users\/1"}],"replies":[{"embeddable":true,"href":"https:\/\/www.palmatin.com\/et\/wp-json\/wp\/v2\/comments?post=9377"}],"version-history":[{"count":0,"href":"https:\/\/www.palmatin.com\/et\/wp-json\/wp\/v2\/pages\/9377\/revisions"}],"wp:featuredmedia":[{"embeddable":true,"href":"https:\/\/www.palmatin.com\/et\/wp-json\/wp\/v2\/media\/1800"}],"wp:attachment":[{"href":"https:\/\/www.palmatin.com\/et\/wp-json\/wp\/v2\/media?parent=9377"}],"curies":[{"name":"wp","href":"https:\/\/api.w.org\/{rel}","templated":true}]}}