{"id":32235,"date":"2020-04-24T06:06:25","date_gmt":"2020-04-24T06:06:25","guid":{"rendered":"https:\/\/www.palmatin.com\/covid-19\/"},"modified":"2021-03-11T06:55:49","modified_gmt":"2021-03-11T06:55:49","slug":"covid-19","status":"publish","type":"page","link":"https:\/\/www.palmatin.com\/et\/covid-19\/","title":{"rendered":"COVID-19"},"content":{"rendered":"<p>&nbsp;<\/p>\n<p>Juhindume Terviseameti juhistest seoses COVID-19 koroonaviiruse puhangu kohta. Oleme oma ettev\u00f5ttes kehtestanud erinevaid meetmeid koroonaviiruse leviku v\u00e4ltimiseks.<\/p>\n<p><strong>Seoses Eestis v\u00e4ljakuulutatud h\u00e4daolukorraga peatame v\u00e4hemalt 2021 Aprilli l\u00f5puni kontoris kohapeal klientide n\u00f5ustamise ja teenindamise.<\/strong><\/p>\n<p><strong>Palmatin hoolib v\u00e4ga enda personali ning klientide tervise eest, seega soovitame Teil kasutada projektide aruteluks ja tellimuste esitamiseks Palmatini e-kanaleid.<\/strong><\/p>\n<p>T\u00f6\u00f6 liigub eelk\u00f5ige e-kanalitesse ja klientidega suhtleme telefoni ning e-posti teel. Palmatini t\u00f6\u00f6tajad on valmis k\u00f5iki oma kliente tavap\u00e4raselt aitama.<\/p>\n<p>Klientidega, kellega oli l\u00e4hiajaks kokkulepitud kohtumine, v\u00f5etakse \u00fchendust.<\/p>\n<p>Anname hoolimata riigis v\u00e4lja kuulutatud eriolukorrast parima, et t\u00e4ita v\u00f5etud lubadused ja kohustused.<\/p>\n<p>K\u00fcll palume olla valmis, et suhtlus\/tellimuste t\u00e4itmine v\u00f5tab tavap\u00e4rasest kauem aega. K\u00f5ige t\u00e4htsam on praeguses olukorras v\u00e4hendada viiruse t\u00f5ttu tekkivaid ohte<\/p>\n<p>inimestele.<\/p>\n<p>Riskipiirkonnast naasnud autojuhtidel palume j\u00e4\u00e4da koju. \u00c4\u00e4rmisel juhul teha auto k\u00fcljed lahti ja v\u00f5tta koormarihmad maha. Minna auto kabiini tagasi, et ei puutuks kokku meie t\u00f6\u00f6tajatega. Meie t\u00f6\u00f6tajad laevad auto ise t\u00fchjaks.<\/p>\n<p><strong>Kauba laadimisele saabunud autojuhtidel palume v\u00e4ltida\u00a0<\/strong><strong>l\u00e4hi<\/strong><strong>kontakti meie t\u00f6\u00f6tajatega.<\/strong><strong><br \/>\nAutojuhtidel p<\/strong><strong>alume auto laadimiseks ette valmistada ning viibida laadimist\u00f6\u00f6de ajal kabiinis.<\/strong><\/p>\n<p>&nbsp;<\/p>\n<p>T\u00e4name m\u00f5istva suhtumise eest! Olgem terved!<\/p>\n<p>Palmatin O\u00dc<\/p>\n","protected":false},"excerpt":{"rendered":"<p>&nbsp; Juhindume Terviseameti juhistest seoses COVID-19 koroonaviiruse puhangu kohta. Oleme oma ettev\u00f5ttes kehtestanud erinevaid meetmeid koroonaviiruse leviku v\u00e4ltimiseks. Seoses Eestis v\u00e4ljakuulutatud h\u00e4daolukorraga peatame v\u00e4hemalt 2021 Aprilli l\u00f5puni kontoris kohapeal klientide n\u00f5ustamise ja teenindamise. Palmatin hoolib v\u00e4ga enda personali ning klientide tervise eest, seega soovitame Teil kasutada projektide aruteluks ja tellimuste esitamiseks Palmatini e-kanaleid. T\u00f6\u00f6 liigub &hellip; <a href=\"https:\/\/www.palmatin.com\/et\/covid-19\/\">J\u00e4tkub<\/a><\/p>\n","protected":false},"author":2,"featured_media":1472,"parent":0,"menu_order":0,"comment_status":"closed","ping_status":"closed","template":"views\/template-page.blade.php","meta":{"_acf_changed":false,"footnotes":""},"class_list":["post-32235","page","type-page","status-publish","has-post-thumbnail","hentry"],"acf":[],"yoast_head":"<!-- This site is optimized with the Yoast SEO Premium plugin v27.3 (Yoast SEO v27.4) - https:\/\/yoast.com\/product\/yoast-seo-premium-wordpress\/ -->\n<title>COVID-19 - Palmatin.com<\/title>\n<meta name=\"description\" content=\"&nbsp; Juhindume Terviseameti juhistest seoses COVID-19 koroonaviiruse puhangu kohta. Oleme oma ettev\u00f5ttes kehtestanud erinevaid meetmeid koroonaviiruse\" \/>\n<meta name=\"robots\" content=\"index, follow, max-snippet:-1, max-image-preview:large, max-video-preview:-1\" \/>\n<link rel=\"canonical\" href=\"https:\/\/www.palmatin.com\/et\/covid-19\/\" \/>\n<meta property=\"og:locale\" content=\"et_EE\" \/>\n<meta property=\"og:type\" content=\"article\" \/>\n<meta property=\"og:title\" content=\"COVID-19\" \/>\n<meta property=\"og:description\" content=\"&nbsp; Juhindume Terviseameti juhistest seoses COVID-19 koroonaviiruse puhangu kohta. Oleme oma ettev\u00f5ttes kehtestanud erinevaid meetmeid koroonaviiruse\" \/>\n<meta property=\"og:url\" content=\"https:\/\/www.palmatin.com\/et\/covid-19\/\" \/>\n<meta property=\"og:site_name\" content=\"Palmatin.com\" \/>\n<meta property=\"article:publisher\" content=\"https:\/\/www.facebook.com\/palmatin.wooden.houses\" \/>\n<meta property=\"article:modified_time\" content=\"2021-03-11T06:55:49+00:00\" \/>\n<meta property=\"og:image\" content=\"https:\/\/www.palmatin.com\/wp-content\/uploads\/2018\/08\/log_houses.jpg\" \/>\n\t<meta property=\"og:image:width\" content=\"1920\" \/>\n\t<meta property=\"og:image:height\" content=\"300\" \/>\n\t<meta property=\"og:image:type\" content=\"image\/jpeg\" \/>\n<meta name=\"twitter:card\" content=\"summary_large_image\" \/>\n<meta name=\"twitter:site\" content=\"@palmatinhouses\" \/>\n<meta name=\"twitter:label1\" content=\"Est. reading time\" \/>\n\t<meta name=\"twitter:data1\" content=\"1 minut\" \/>\n<script type=\"application\/ld+json\" class=\"yoast-schema-graph\">{\"@context\":\"https:\\\/\\\/schema.org\",\"@graph\":[{\"@type\":\"WebPage\",\"@id\":\"https:\\\/\\\/www.palmatin.com\\\/et\\\/covid-19\\\/\",\"url\":\"https:\\\/\\\/www.palmatin.com\\\/et\\\/covid-19\\\/\",\"name\":\"COVID-19 - Palmatin.com\",\"isPartOf\":{\"@id\":\"https:\\\/\\\/www.palmatin.com\\\/et\\\/#website\"},\"primaryImageOfPage\":{\"@id\":\"https:\\\/\\\/www.palmatin.com\\\/et\\\/covid-19\\\/#primaryimage\"},\"image\":{\"@id\":\"https:\\\/\\\/www.palmatin.com\\\/et\\\/covid-19\\\/#primaryimage\"},\"thumbnailUrl\":\"https:\\\/\\\/www.palmatin.com\\\/wp-content\\\/uploads\\\/2018\\\/08\\\/log_houses.jpg\",\"datePublished\":\"2020-04-24T06:06:25+00:00\",\"dateModified\":\"2021-03-11T06:55:49+00:00\",\"description\":\"&nbsp; Juhindume Terviseameti juhistest seoses COVID-19 koroonaviiruse puhangu kohta. Oleme oma ettev\u00f5ttes kehtestanud erinevaid meetmeid koroonaviiruse\",\"breadcrumb\":{\"@id\":\"https:\\\/\\\/www.palmatin.com\\\/et\\\/covid-19\\\/#breadcrumb\"},\"inLanguage\":\"et\",\"potentialAction\":[{\"@type\":\"ReadAction\",\"target\":[\"https:\\\/\\\/www.palmatin.com\\\/et\\\/covid-19\\\/\"]}]},{\"@type\":\"ImageObject\",\"inLanguage\":\"et\",\"@id\":\"https:\\\/\\\/www.palmatin.com\\\/et\\\/covid-19\\\/#primaryimage\",\"url\":\"https:\\\/\\\/www.palmatin.com\\\/wp-content\\\/uploads\\\/2018\\\/08\\\/log_houses.jpg\",\"contentUrl\":\"https:\\\/\\\/www.palmatin.com\\\/wp-content\\\/uploads\\\/2018\\\/08\\\/log_houses.jpg\",\"width\":1920,\"height\":300,\"caption\":\"Palmatin mod\u00e8le maison en rondins, page contact\"},{\"@type\":\"BreadcrumbList\",\"@id\":\"https:\\\/\\\/www.palmatin.com\\\/et\\\/covid-19\\\/#breadcrumb\",\"itemListElement\":[{\"@type\":\"ListItem\",\"position\":1,\"name\":\"Home\",\"item\":\"https:\\\/\\\/www.palmatin.com\\\/et\\\/\"},{\"@type\":\"ListItem\",\"position\":2,\"name\":\"COVID-19\"}]},{\"@type\":\"WebSite\",\"@id\":\"https:\\\/\\\/www.palmatin.com\\\/et\\\/#website\",\"url\":\"https:\\\/\\\/www.palmatin.com\\\/et\\\/\",\"name\":\"Palmatin.com\",\"description\":\"Custom made wooden houses from project to assembly.\",\"publisher\":{\"@id\":\"https:\\\/\\\/www.palmatin.com\\\/et\\\/#organization\"},\"inLanguage\":\"et\"},{\"@type\":[\"Organization\",\"Place\",\"HomeAndConstructionBusiness\"],\"@id\":\"https:\\\/\\\/www.palmatin.com\\\/et\\\/#organization\",\"name\":\"Palmatin\",\"alternateName\":\"Palmatin Wooden Houses\",\"url\":\"https:\\\/\\\/www.palmatin.com\\\/et\\\/\",\"logo\":{\"@id\":\"https:\\\/\\\/www.palmatin.com\\\/et\\\/covid-19\\\/#local-main-organization-logo\"},\"image\":{\"@id\":\"https:\\\/\\\/www.palmatin.com\\\/et\\\/covid-19\\\/#local-main-organization-logo\"},\"sameAs\":[\"https:\\\/\\\/www.facebook.com\\\/palmatin.wooden.houses\",\"https:\\\/\\\/x.com\\\/palmatinhouses\",\"https:\\\/\\\/www.instagram.com\\\/palmatinwoodenhouses\\\/\",\"https:\\\/\\\/www.linkedin.com\\\/company\\\/palmatin-wooden-houses\",\"https:\\\/\\\/www.pinterest.com\\\/palmatin\\\/\",\"https:\\\/\\\/www.youtube.com\\\/channel\\\/UCS3v-T7tq4sPU5YkEvukfYg\"],\"description\":\"Palmatin wooden houses are expertly crafted, sustainable prefabricated element houses and log homes renowned for their durability, energy efficiency, and elegant Nordic design. Combining traditional building techniques with modern technology, Palmatin delivers customized living spaces that blend seamlessly with nature, ensuring comfort, quality, and eco-friendly living for generations.\",\"legalName\":\"Palmatin O\u00dc\",\"foundingDate\":\"1995-05-12\",\"numberOfEmployees\":{\"@type\":\"QuantitativeValue\",\"minValue\":\"11\",\"maxValue\":\"50\"},\"address\":{\"@id\":\"https:\\\/\\\/www.palmatin.com\\\/et\\\/covid-19\\\/#local-main-place-address\"},\"telephone\":[\"(+372) 605 48 95\"],\"openingHoursSpecification\":[{\"@type\":\"OpeningHoursSpecification\",\"dayOfWeek\":[\"Monday\",\"Tuesday\",\"Wednesday\",\"Thursday\",\"Friday\"],\"opens\":\"08:00\",\"closes\":\"17:00\"},{\"@type\":\"OpeningHoursSpecification\",\"dayOfWeek\":[\"Saturday\",\"Sunday\"],\"opens\":\"00:00\",\"closes\":\"00:00\"}],\"email\":\"info@palmatin.com\",\"faxNumber\":\"(+372) 605 48 92\",\"areaServed\":\"world\",\"vatID\":\"EE100240388\",\"priceRange\":\"$$$\",\"currenciesAccepted\":\"Euros\"},{\"@type\":\"PostalAddress\",\"@id\":\"https:\\\/\\\/www.palmatin.com\\\/et\\\/covid-19\\\/#local-main-place-address\",\"streetAddress\":\"Tammi tee 40b\",\"addressLocality\":\"Rannamoeisa\",\"postalCode\":\"76906\",\"addressRegion\":\"Harju parish\",\"addressCountry\":\"EE\"},{\"@type\":\"ImageObject\",\"inLanguage\":\"et\",\"@id\":\"https:\\\/\\\/www.palmatin.com\\\/et\\\/covid-19\\\/#local-main-organization-logo\",\"url\":\"https:\\\/\\\/www.palmatin.com\\\/wp-content\\\/uploads\\\/2022\\\/11\\\/Logo_wrt.jpg\",\"contentUrl\":\"https:\\\/\\\/www.palmatin.com\\\/wp-content\\\/uploads\\\/2022\\\/11\\\/Logo_wrt.jpg\",\"width\":1458,\"height\":857,\"caption\":\"Palmatin\"}]}<\/script>\n<meta name=\"geo.placename\" content=\"Rannamoeisa\" \/>\n<meta name=\"geo.region\" content=\"Estonia\" \/>\n<!-- \/ Yoast SEO Premium plugin. -->","yoast_head_json":{"title":"COVID-19 - Palmatin.com","description":"&nbsp; Juhindume Terviseameti juhistest seoses COVID-19 koroonaviiruse puhangu kohta. Oleme oma ettev\u00f5ttes kehtestanud erinevaid meetmeid koroonaviiruse","robots":{"index":"index","follow":"follow","max-snippet":"max-snippet:-1","max-image-preview":"max-image-preview:large","max-video-preview":"max-video-preview:-1"},"canonical":"https:\/\/www.palmatin.com\/et\/covid-19\/","og_locale":"et_EE","og_type":"article","og_title":"COVID-19","og_description":"&nbsp; Juhindume Terviseameti juhistest seoses COVID-19 koroonaviiruse puhangu kohta. Oleme oma ettev\u00f5ttes kehtestanud erinevaid meetmeid koroonaviiruse","og_url":"https:\/\/www.palmatin.com\/et\/covid-19\/","og_site_name":"Palmatin.com","article_publisher":"https:\/\/www.facebook.com\/palmatin.wooden.houses","article_modified_time":"2021-03-11T06:55:49+00:00","og_image":[{"width":1920,"height":300,"url":"https:\/\/www.palmatin.com\/wp-content\/uploads\/2018\/08\/log_houses.jpg","type":"image\/jpeg"}],"twitter_card":"summary_large_image","twitter_site":"@palmatinhouses","twitter_misc":{"Est. reading time":"1 minut"},"schema":{"@context":"https:\/\/schema.org","@graph":[{"@type":"WebPage","@id":"https:\/\/www.palmatin.com\/et\/covid-19\/","url":"https:\/\/www.palmatin.com\/et\/covid-19\/","name":"COVID-19 - Palmatin.com","isPartOf":{"@id":"https:\/\/www.palmatin.com\/et\/#website"},"primaryImageOfPage":{"@id":"https:\/\/www.palmatin.com\/et\/covid-19\/#primaryimage"},"image":{"@id":"https:\/\/www.palmatin.com\/et\/covid-19\/#primaryimage"},"thumbnailUrl":"https:\/\/www.palmatin.com\/wp-content\/uploads\/2018\/08\/log_houses.jpg","datePublished":"2020-04-24T06:06:25+00:00","dateModified":"2021-03-11T06:55:49+00:00","description":"&nbsp; Juhindume Terviseameti juhistest seoses COVID-19 koroonaviiruse puhangu kohta. Oleme oma ettev\u00f5ttes kehtestanud erinevaid meetmeid koroonaviiruse","breadcrumb":{"@id":"https:\/\/www.palmatin.com\/et\/covid-19\/#breadcrumb"},"inLanguage":"et","potentialAction":[{"@type":"ReadAction","target":["https:\/\/www.palmatin.com\/et\/covid-19\/"]}]},{"@type":"ImageObject","inLanguage":"et","@id":"https:\/\/www.palmatin.com\/et\/covid-19\/#primaryimage","url":"https:\/\/www.palmatin.com\/wp-content\/uploads\/2018\/08\/log_houses.jpg","contentUrl":"https:\/\/www.palmatin.com\/wp-content\/uploads\/2018\/08\/log_houses.jpg","width":1920,"height":300,"caption":"Palmatin mod\u00e8le maison en rondins, page contact"},{"@type":"BreadcrumbList","@id":"https:\/\/www.palmatin.com\/et\/covid-19\/#breadcrumb","itemListElement":[{"@type":"ListItem","position":1,"name":"Home","item":"https:\/\/www.palmatin.com\/et\/"},{"@type":"ListItem","position":2,"name":"COVID-19"}]},{"@type":"WebSite","@id":"https:\/\/www.palmatin.com\/et\/#website","url":"https:\/\/www.palmatin.com\/et\/","name":"Palmatin.com","description":"Custom made wooden houses from project to assembly.","publisher":{"@id":"https:\/\/www.palmatin.com\/et\/#organization"},"inLanguage":"et"},{"@type":["Organization","Place","HomeAndConstructionBusiness"],"@id":"https:\/\/www.palmatin.com\/et\/#organization","name":"Palmatin","alternateName":"Palmatin Wooden Houses","url":"https:\/\/www.palmatin.com\/et\/","logo":{"@id":"https:\/\/www.palmatin.com\/et\/covid-19\/#local-main-organization-logo"},"image":{"@id":"https:\/\/www.palmatin.com\/et\/covid-19\/#local-main-organization-logo"},"sameAs":["https:\/\/www.facebook.com\/palmatin.wooden.houses","https:\/\/x.com\/palmatinhouses","https:\/\/www.instagram.com\/palmatinwoodenhouses\/","https:\/\/www.linkedin.com\/company\/palmatin-wooden-houses","https:\/\/www.pinterest.com\/palmatin\/","https:\/\/www.youtube.com\/channel\/UCS3v-T7tq4sPU5YkEvukfYg"],"description":"Palmatin wooden houses are expertly crafted, sustainable prefabricated element houses and log homes renowned for their durability, energy efficiency, and elegant Nordic design. Combining traditional building techniques with modern technology, Palmatin delivers customized living spaces that blend seamlessly with nature, ensuring comfort, quality, and eco-friendly living for generations.","legalName":"Palmatin O\u00dc","foundingDate":"1995-05-12","numberOfEmployees":{"@type":"QuantitativeValue","minValue":"11","maxValue":"50"},"address":{"@id":"https:\/\/www.palmatin.com\/et\/covid-19\/#local-main-place-address"},"telephone":["(+372) 605 48 95"],"openingHoursSpecification":[{"@type":"OpeningHoursSpecification","dayOfWeek":["Monday","Tuesday","Wednesday","Thursday","Friday"],"opens":"08:00","closes":"17:00"},{"@type":"OpeningHoursSpecification","dayOfWeek":["Saturday","Sunday"],"opens":"00:00","closes":"00:00"}],"email":"info@palmatin.com","faxNumber":"(+372) 605 48 92","areaServed":"world","vatID":"EE100240388","priceRange":"$$$","currenciesAccepted":"Euros"},{"@type":"PostalAddress","@id":"https:\/\/www.palmatin.com\/et\/covid-19\/#local-main-place-address","streetAddress":"Tammi tee 40b","addressLocality":"Rannamoeisa","postalCode":"76906","addressRegion":"Harju parish","addressCountry":"EE"},{"@type":"ImageObject","inLanguage":"et","@id":"https:\/\/www.palmatin.com\/et\/covid-19\/#local-main-organization-logo","url":"https:\/\/www.palmatin.com\/wp-content\/uploads\/2022\/11\/Logo_wrt.jpg","contentUrl":"https:\/\/www.palmatin.com\/wp-content\/uploads\/2022\/11\/Logo_wrt.jpg","width":1458,"height":857,"caption":"Palmatin"}]},"geo.placename":"Rannamoeisa","geo.region":"Estonia"},"_links":{"self":[{"href":"https:\/\/www.palmatin.com\/et\/wp-json\/wp\/v2\/pages\/32235","targetHints":{"allow":["GET"]}}],"collection":[{"href":"https:\/\/www.palmatin.com\/et\/wp-json\/wp\/v2\/pages"}],"about":[{"href":"https:\/\/www.palmatin.com\/et\/wp-json\/wp\/v2\/types\/page"}],"author":[{"embeddable":true,"href":"https:\/\/www.palmatin.com\/et\/wp-json\/wp\/v2\/users\/2"}],"replies":[{"embeddable":true,"href":"https:\/\/www.palmatin.com\/et\/wp-json\/wp\/v2\/comments?post=32235"}],"version-history":[{"count":0,"href":"https:\/\/www.palmatin.com\/et\/wp-json\/wp\/v2\/pages\/32235\/revisions"}],"wp:featuredmedia":[{"embeddable":true,"href":"https:\/\/www.palmatin.com\/et\/wp-json\/wp\/v2\/media\/1472"}],"wp:attachment":[{"href":"https:\/\/www.palmatin.com\/et\/wp-json\/wp\/v2\/media?parent=32235"}],"curies":[{"name":"wp","href":"https:\/\/api.w.org\/{rel}","templated":true}]}}