{"id":9906,"date":"2018-10-19T08:12:58","date_gmt":"2018-10-19T08:12:58","guid":{"rendered":"https:\/\/www.palmatin.com\/cross-laminated-timber-panel-clt-panel\/"},"modified":"2019-05-08T12:35:27","modified_gmt":"2019-05-08T12:35:27","slug":"panel-de-madera-laminada-cruzada-panel-clt","status":"publish","type":"page","link":"https:\/\/www.palmatin.com\/es\/panel-de-madera-laminada-cruzada-panel-clt\/","title":{"rendered":"Panel de madera laminada cruzada &#8211; Panel CLT"},"content":{"rendered":"<h3><\/h3>\n<p>&nbsp;<\/p>\n<p><strong>El panel de madera laminada cruzada (CLT) constituye un panel moderno, ecol\u00f3gico y flexible.<\/strong><\/p>\n<p>El panel de madera laminada cruzada es un resistente panel de madera con una excelente capacidad de carga. Se adapta perfectamente a todos los requisitos de dise\u00f1o, gracias a la flexibilidad en cuanto a las medidas del panel y a sus excelentes propiedades f\u00edsicas.<\/p>\n<p>En este panel, formado por secciones laminadas cruzadas y encoladas, se utiliza materia prima de alta calidad y garantiza una absoluta precisi\u00f3n en cuanto a medidas y rigidez de los paneles.<\/p>\n<p>Los paneles de madera laminada cruzada son ampliamente utilizados desde edificios residenciales hasta proyectos de edificios de apartamentos a gran escala. Los paneles de madera maciza de gran tama\u00f1o pueden adaptarse f\u00e1cilmente a requisitos est\u00e1ticos especiales.<\/p>\n<p>Gracias a su elevada capacidad de carga, el panel de madera laminada cruzada es una excelente opci\u00f3n para casas de varias plantas y edificios de oficinas.<\/p>\n<p>La instalaci\u00f3n r\u00e1pida y f\u00e1cil de los elementos reduce significativamente el tiempo necesario para los trabajos de construcci\u00f3n.<\/p>\n<p>La flexibilidad de la producci\u00f3n de los paneles ofrece una amplia gama de oportunidades para arquitectos contempor\u00e1neos y apasionados de los estilos de construcci\u00f3n tradicionales.<\/p>\n<p><strong>Usos:<\/strong><\/p>\n<ul>\n<li>Viviendas unifamiliares y edificios de apartamentos<\/li>\n<li>Edificios residenciales de varias plantas<\/li>\n<li>Ampliaciones<\/li>\n<li>Desarrollo urbano<\/li>\n<li>Hospitales y escuelas<\/li>\n<li>Edificios comerciales, de oficinas e industriales<\/li>\n<li>Edificios agr\u00edcolas<\/li>\n<li>Centros tur\u00edsticos y de ocio<\/li>\n<li>Casas prefabricadas<\/li>\n<\/ul>\n<p><strong>Caracter\u00edsticas:<\/strong><\/p>\n<ul>\n<li>Construcci\u00f3n resistente y conservaci\u00f3n del valor<\/li>\n<li>Espacio adicional, gracias al reducido espesor del elemento<\/li>\n<li>Dise\u00f1o flexible<\/li>\n<li>Excelente precisi\u00f3n en formas y cruce de secciones<\/li>\n<li>Propiedades f\u00edsicas de primera categor\u00eda<\/li>\n<li>Elementos ya preparados, instalaci\u00f3n f\u00e1cil de limpiar y sin polvo<\/li>\n<li>Reducido tiempo de instalaci\u00f3n gracias a la ausencia de tiempos t\u00e9cnicos de espera en el sitio de construcci\u00f3n<\/li>\n<li>Material de construcci\u00f3n natural y sostenible<\/li>\n<li>Retenci\u00f3n del CO2<\/li>\n<\/ul>\n<h3>Producci\u00f3n de paneles de madera laminada cruzada<\/h3>\n<p>Se realizan uniones dentadas en las l\u00e1minas, que posteriormente son encoladas entre s\u00ed.<\/p>\n<h4>Calidad de los paneles:<\/h4>\n<p><strong>Calidad industrial:<\/strong><\/p>\n<p>En estructuras no visibles, con todas las propiedades estructurales, para uso en estructuras no visibles (p.\u00a0ej., debajo del panel de yeso).<\/p>\n<ul>\n<li>Las l\u00e1minas superiores se clasifican de acuerdo con los requisitos de carga de construcci\u00f3n de C24 seg\u00fan EN338. Se permite un m\u00e1ximo de un 10\u00a0% de material C16.<\/li>\n<li>Se permiten cambios de color en las l\u00e1minas (p.\u00a0ej., marcas azules), as\u00ed como el uso de ramas sueltas, madera revirada y nudos.<\/li>\n<li>En el exterior pueden aparecer aperturas selladas en la capa exterior, restos de adhesivo y marcas de presi\u00f3n.<\/li>\n<li>Superficie alisada<\/li>\n<\/ul>\n<p><strong>Calidad est\u00e1ndar:<\/strong><\/p>\n<p>Requisitos adicionales por exigencias visuales<\/p>\n<ul>\n<li>Criterios m\u00e1s estrictos para los requisitos visuales en las capas exteriores, frente a la clasificaci\u00f3n de madera simplemente en funci\u00f3n de su dureza.<\/li>\n<li>Las l\u00e1minas exteriores se seleccionan como ramas enteras. Son posibles ramas sueltas individuales, se permiten defectos y peque\u00f1os nudos resinosos.<\/li>\n<li>Superficie alisada y de suelo<\/li>\n<\/ul>\n<p><strong>Calidad del espacio habitable<\/strong><\/p>\n<p>Elevadas exigencias para las partes visibles del elemento. Aqu\u00ed se utiliza el m\u00e1s alto criterio de evaluaci\u00f3n visual para la madera. El grosor de las l\u00e1minas es de un m\u00e1ximo de 20 mm y se tratan mediante encolado y presecado, garantizando una apertura m\u00ednima de las uniones. Todas las l\u00e1minas se amarran previamente y, a fin de evitar grietas por el secado en el lado plano, no se vuelven a encolar a lo largo.<\/p>\n<p>Para m\u00e1s informaci\u00f3n:<\/p>\n<p>La madera es un material natural. Puede haber algunas variaciones en la calidad de la superficie, incluso con la selecci\u00f3n m\u00e1s cuidadosa de las materias primas. El aspecto visual de un panel laminado cruzado est\u00e1 determinado por su capa superior.<\/p>\n<h3>Carga y transporte<\/h3>\n<p>A fin de garantizar una velocidad \u00f3ptima de construcci\u00f3n de los paneles laminados cruzados, este aspecto debe planificarse al solicitar las materias primas. De acuerdo con este plan, es posible planificar toda la producci\u00f3n para que los paneles puedan enviarse inmediatamente al sitio para su instalaci\u00f3n. Se debe encontrar una soluci\u00f3n adecuada que tenga en cuenta los deseos del cliente y las posibilidades de carga. A fin de que tenga siempre informaci\u00f3n adecuada sobre los lotes cargados, siempre se lo notificamos varios d\u00edas antes de realizar la carga. Tambi\u00e9n le informaremos acerca los paneles que son cargados para evitar demoras en la instalaci\u00f3n o tener que esperar a los equipos de elevaci\u00f3n.<\/p>\n<p><strong>El transporte se puede realizar:<br \/>\n<\/strong>Paneles en el piso del cami\u00f3n horizontalmente<br \/>\nPaneles en carga en pie, es decir, en vertical<\/p>\n<p><strong>Izado de los paneles:<br \/>\n<\/strong>Los paneles de madera laminada cruzada se proporcionan con soporte de instalaci\u00f3n. Esto significa que los paneles tienen cuerdas de eslinga o puntos de elevaci\u00f3n espec\u00edficos para izarlos en la f\u00e1brica y en el sitio de construcci\u00f3n.<\/p>\n","protected":false},"excerpt":{"rendered":"<p>&nbsp; El panel de madera laminada cruzada (CLT) constituye un panel moderno, ecol\u00f3gico y flexible. El panel de madera laminada cruzada es un resistente panel de madera con una excelente capacidad de carga. Se adapta perfectamente a todos los requisitos de dise\u00f1o, gracias a la flexibilidad en cuanto a las medidas del panel y a &hellip; <a href=\"https:\/\/www.palmatin.com\/es\/panel-de-madera-laminada-cruzada-panel-clt\/\">Continuado<\/a><\/p>\n","protected":false},"author":2,"featured_media":1502,"parent":0,"menu_order":0,"comment_status":"closed","ping_status":"closed","template":"views\/template-page.blade.php","meta":{"_acf_changed":false,"footnotes":""},"class_list":["post-9906","page","type-page","status-publish","has-post-thumbnail","hentry"],"acf":[],"yoast_head":"<!-- This site is optimized with the Yoast SEO Premium plugin v27.3 (Yoast SEO v27.4) - https:\/\/yoast.com\/product\/yoast-seo-premium-wordpress\/ -->\n<title>Panel de madera laminada cruzada - Panel CLT - Palmatin.com<\/title>\n<meta name=\"description\" content=\"&nbsp; El panel de madera laminada cruzada (CLT) constituye un panel moderno, ecol\u00f3gico y flexible. El panel de madera laminada cruzada es un resistente\" \/>\n<meta name=\"robots\" content=\"index, follow, max-snippet:-1, max-image-preview:large, max-video-preview:-1\" \/>\n<link rel=\"canonical\" href=\"https:\/\/www.palmatin.com\/es\/panel-de-madera-laminada-cruzada-panel-clt\/\" \/>\n<meta property=\"og:locale\" content=\"es_ES\" \/>\n<meta property=\"og:type\" content=\"article\" \/>\n<meta property=\"og:title\" content=\"Panel de madera laminada cruzada - Panel CLT\" \/>\n<meta property=\"og:description\" content=\"&nbsp; El panel de madera laminada cruzada (CLT) constituye un panel moderno, ecol\u00f3gico y flexible. El panel de madera laminada cruzada es un resistente\" \/>\n<meta property=\"og:url\" content=\"https:\/\/www.palmatin.com\/es\/panel-de-madera-laminada-cruzada-panel-clt\/\" \/>\n<meta property=\"og:site_name\" content=\"Palmatin.com\" \/>\n<meta property=\"article:publisher\" content=\"https:\/\/www.facebook.com\/palmatin.wooden.houses\" \/>\n<meta property=\"article:modified_time\" content=\"2019-05-08T12:35:27+00:00\" \/>\n<meta property=\"og:image\" content=\"https:\/\/www.palmatin.com\/wp-content\/uploads\/2018\/08\/log_houses.jpg\" \/>\n\t<meta property=\"og:image:width\" content=\"1920\" \/>\n\t<meta property=\"og:image:height\" content=\"300\" \/>\n\t<meta property=\"og:image:type\" content=\"image\/jpeg\" \/>\n<meta name=\"twitter:card\" content=\"summary_large_image\" \/>\n<meta name=\"twitter:site\" content=\"@palmatinhouses\" \/>\n<meta name=\"twitter:label1\" content=\"Tiempo de lectura\" \/>\n\t<meta name=\"twitter:data1\" content=\"4 minutos\" \/>\n<script type=\"application\/ld+json\" class=\"yoast-schema-graph\">{\"@context\":\"https:\\\/\\\/schema.org\",\"@graph\":[{\"@type\":\"WebPage\",\"@id\":\"https:\\\/\\\/www.palmatin.com\\\/es\\\/panel-de-madera-laminada-cruzada-panel-clt\\\/\",\"url\":\"https:\\\/\\\/www.palmatin.com\\\/es\\\/panel-de-madera-laminada-cruzada-panel-clt\\\/\",\"name\":\"Panel de madera laminada cruzada - Panel CLT - Palmatin.com\",\"isPartOf\":{\"@id\":\"https:\\\/\\\/www.palmatin.com\\\/es\\\/#website\"},\"primaryImageOfPage\":{\"@id\":\"https:\\\/\\\/www.palmatin.com\\\/es\\\/panel-de-madera-laminada-cruzada-panel-clt\\\/#primaryimage\"},\"image\":{\"@id\":\"https:\\\/\\\/www.palmatin.com\\\/es\\\/panel-de-madera-laminada-cruzada-panel-clt\\\/#primaryimage\"},\"thumbnailUrl\":\"https:\\\/\\\/www.palmatin.com\\\/wp-content\\\/uploads\\\/2018\\\/08\\\/log_houses.jpg\",\"datePublished\":\"2018-10-19T08:12:58+00:00\",\"dateModified\":\"2019-05-08T12:35:27+00:00\",\"description\":\"&nbsp; El panel de madera laminada cruzada (CLT) constituye un panel moderno, ecol\u00f3gico y flexible. El panel de madera laminada cruzada es un resistente\",\"breadcrumb\":{\"@id\":\"https:\\\/\\\/www.palmatin.com\\\/es\\\/panel-de-madera-laminada-cruzada-panel-clt\\\/#breadcrumb\"},\"inLanguage\":\"es\",\"potentialAction\":[{\"@type\":\"ReadAction\",\"target\":[\"https:\\\/\\\/www.palmatin.com\\\/es\\\/panel-de-madera-laminada-cruzada-panel-clt\\\/\"]}]},{\"@type\":\"ImageObject\",\"inLanguage\":\"es\",\"@id\":\"https:\\\/\\\/www.palmatin.com\\\/es\\\/panel-de-madera-laminada-cruzada-panel-clt\\\/#primaryimage\",\"url\":\"https:\\\/\\\/www.palmatin.com\\\/wp-content\\\/uploads\\\/2018\\\/08\\\/log_houses.jpg\",\"contentUrl\":\"https:\\\/\\\/www.palmatin.com\\\/wp-content\\\/uploads\\\/2018\\\/08\\\/log_houses.jpg\",\"width\":1920,\"height\":300,\"caption\":\"Palmatin mod\u00e8le maison en rondins, page contact\"},{\"@type\":\"BreadcrumbList\",\"@id\":\"https:\\\/\\\/www.palmatin.com\\\/es\\\/panel-de-madera-laminada-cruzada-panel-clt\\\/#breadcrumb\",\"itemListElement\":[{\"@type\":\"ListItem\",\"position\":1,\"name\":\"Home\",\"item\":\"https:\\\/\\\/www.palmatin.com\\\/es\\\/\"},{\"@type\":\"ListItem\",\"position\":2,\"name\":\"Panel de madera laminada cruzada &#8211; Panel CLT\"}]},{\"@type\":\"WebSite\",\"@id\":\"https:\\\/\\\/www.palmatin.com\\\/es\\\/#website\",\"url\":\"https:\\\/\\\/www.palmatin.com\\\/es\\\/\",\"name\":\"Palmatin.com\",\"description\":\"Custom made wooden houses from project to assembly.\",\"publisher\":{\"@id\":\"https:\\\/\\\/www.palmatin.com\\\/es\\\/#organization\"},\"inLanguage\":\"es\"},{\"@type\":[\"Organization\",\"Place\",\"HomeAndConstructionBusiness\"],\"@id\":\"https:\\\/\\\/www.palmatin.com\\\/es\\\/#organization\",\"name\":\"Palmatin\",\"alternateName\":\"Palmatin Wooden Houses\",\"url\":\"https:\\\/\\\/www.palmatin.com\\\/es\\\/\",\"logo\":{\"@id\":\"https:\\\/\\\/www.palmatin.com\\\/es\\\/panel-de-madera-laminada-cruzada-panel-clt\\\/#local-main-organization-logo\"},\"image\":{\"@id\":\"https:\\\/\\\/www.palmatin.com\\\/es\\\/panel-de-madera-laminada-cruzada-panel-clt\\\/#local-main-organization-logo\"},\"sameAs\":[\"https:\\\/\\\/www.facebook.com\\\/palmatin.wooden.houses\",\"https:\\\/\\\/x.com\\\/palmatinhouses\",\"https:\\\/\\\/www.instagram.com\\\/palmatinwoodenhouses\\\/\",\"https:\\\/\\\/www.linkedin.com\\\/company\\\/palmatin-wooden-houses\",\"https:\\\/\\\/www.pinterest.com\\\/palmatin\\\/\",\"https:\\\/\\\/www.youtube.com\\\/channel\\\/UCS3v-T7tq4sPU5YkEvukfYg\"],\"description\":\"Palmatin wooden houses are expertly crafted, sustainable prefabricated element houses and log homes renowned for their durability, energy efficiency, and elegant Nordic design. Combining traditional building techniques with modern technology, Palmatin delivers customized living spaces that blend seamlessly with nature, ensuring comfort, quality, and eco-friendly living for generations.\",\"legalName\":\"Palmatin O\u00dc\",\"foundingDate\":\"1995-05-12\",\"numberOfEmployees\":{\"@type\":\"QuantitativeValue\",\"minValue\":\"11\",\"maxValue\":\"50\"},\"address\":{\"@id\":\"https:\\\/\\\/www.palmatin.com\\\/es\\\/panel-de-madera-laminada-cruzada-panel-clt\\\/#local-main-place-address\"},\"telephone\":[\"(+372) 605 48 95\"],\"openingHoursSpecification\":[{\"@type\":\"OpeningHoursSpecification\",\"dayOfWeek\":[\"Monday\",\"Tuesday\",\"Wednesday\",\"Thursday\",\"Friday\"],\"opens\":\"08:00\",\"closes\":\"17:00\"},{\"@type\":\"OpeningHoursSpecification\",\"dayOfWeek\":[\"Saturday\",\"Sunday\"],\"opens\":\"00:00\",\"closes\":\"00:00\"}],\"email\":\"info@palmatin.com\",\"faxNumber\":\"(+372) 605 48 92\",\"areaServed\":\"world\",\"vatID\":\"EE100240388\",\"priceRange\":\"$$$\",\"currenciesAccepted\":\"Euros\"},{\"@type\":\"PostalAddress\",\"@id\":\"https:\\\/\\\/www.palmatin.com\\\/es\\\/panel-de-madera-laminada-cruzada-panel-clt\\\/#local-main-place-address\",\"streetAddress\":\"Tammi tee 40b\",\"addressLocality\":\"Rannamoeisa\",\"postalCode\":\"76906\",\"addressRegion\":\"Harju parish\",\"addressCountry\":\"EE\"},{\"@type\":\"ImageObject\",\"inLanguage\":\"es\",\"@id\":\"https:\\\/\\\/www.palmatin.com\\\/es\\\/panel-de-madera-laminada-cruzada-panel-clt\\\/#local-main-organization-logo\",\"url\":\"https:\\\/\\\/www.palmatin.com\\\/wp-content\\\/uploads\\\/2022\\\/11\\\/Logo_wrt.jpg\",\"contentUrl\":\"https:\\\/\\\/www.palmatin.com\\\/wp-content\\\/uploads\\\/2022\\\/11\\\/Logo_wrt.jpg\",\"width\":1458,\"height\":857,\"caption\":\"Palmatin\"}]}<\/script>\n<meta name=\"geo.placename\" content=\"Rannamoeisa\" \/>\n<meta name=\"geo.region\" content=\"Estonia\" \/>\n<!-- \/ Yoast SEO Premium plugin. -->","yoast_head_json":{"title":"Panel de madera laminada cruzada - Panel CLT - Palmatin.com","description":"&nbsp; El panel de madera laminada cruzada (CLT) constituye un panel moderno, ecol\u00f3gico y flexible. El panel de madera laminada cruzada es un resistente","robots":{"index":"index","follow":"follow","max-snippet":"max-snippet:-1","max-image-preview":"max-image-preview:large","max-video-preview":"max-video-preview:-1"},"canonical":"https:\/\/www.palmatin.com\/es\/panel-de-madera-laminada-cruzada-panel-clt\/","og_locale":"es_ES","og_type":"article","og_title":"Panel de madera laminada cruzada - Panel CLT","og_description":"&nbsp; El panel de madera laminada cruzada (CLT) constituye un panel moderno, ecol\u00f3gico y flexible. El panel de madera laminada cruzada es un resistente","og_url":"https:\/\/www.palmatin.com\/es\/panel-de-madera-laminada-cruzada-panel-clt\/","og_site_name":"Palmatin.com","article_publisher":"https:\/\/www.facebook.com\/palmatin.wooden.houses","article_modified_time":"2019-05-08T12:35:27+00:00","og_image":[{"width":1920,"height":300,"url":"https:\/\/www.palmatin.com\/wp-content\/uploads\/2018\/08\/log_houses.jpg","type":"image\/jpeg"}],"twitter_card":"summary_large_image","twitter_site":"@palmatinhouses","twitter_misc":{"Tiempo de lectura":"4 minutos"},"schema":{"@context":"https:\/\/schema.org","@graph":[{"@type":"WebPage","@id":"https:\/\/www.palmatin.com\/es\/panel-de-madera-laminada-cruzada-panel-clt\/","url":"https:\/\/www.palmatin.com\/es\/panel-de-madera-laminada-cruzada-panel-clt\/","name":"Panel de madera laminada cruzada - Panel CLT - Palmatin.com","isPartOf":{"@id":"https:\/\/www.palmatin.com\/es\/#website"},"primaryImageOfPage":{"@id":"https:\/\/www.palmatin.com\/es\/panel-de-madera-laminada-cruzada-panel-clt\/#primaryimage"},"image":{"@id":"https:\/\/www.palmatin.com\/es\/panel-de-madera-laminada-cruzada-panel-clt\/#primaryimage"},"thumbnailUrl":"https:\/\/www.palmatin.com\/wp-content\/uploads\/2018\/08\/log_houses.jpg","datePublished":"2018-10-19T08:12:58+00:00","dateModified":"2019-05-08T12:35:27+00:00","description":"&nbsp; El panel de madera laminada cruzada (CLT) constituye un panel moderno, ecol\u00f3gico y flexible. El panel de madera laminada cruzada es un resistente","breadcrumb":{"@id":"https:\/\/www.palmatin.com\/es\/panel-de-madera-laminada-cruzada-panel-clt\/#breadcrumb"},"inLanguage":"es","potentialAction":[{"@type":"ReadAction","target":["https:\/\/www.palmatin.com\/es\/panel-de-madera-laminada-cruzada-panel-clt\/"]}]},{"@type":"ImageObject","inLanguage":"es","@id":"https:\/\/www.palmatin.com\/es\/panel-de-madera-laminada-cruzada-panel-clt\/#primaryimage","url":"https:\/\/www.palmatin.com\/wp-content\/uploads\/2018\/08\/log_houses.jpg","contentUrl":"https:\/\/www.palmatin.com\/wp-content\/uploads\/2018\/08\/log_houses.jpg","width":1920,"height":300,"caption":"Palmatin mod\u00e8le maison en rondins, page contact"},{"@type":"BreadcrumbList","@id":"https:\/\/www.palmatin.com\/es\/panel-de-madera-laminada-cruzada-panel-clt\/#breadcrumb","itemListElement":[{"@type":"ListItem","position":1,"name":"Home","item":"https:\/\/www.palmatin.com\/es\/"},{"@type":"ListItem","position":2,"name":"Panel de madera laminada cruzada &#8211; Panel CLT"}]},{"@type":"WebSite","@id":"https:\/\/www.palmatin.com\/es\/#website","url":"https:\/\/www.palmatin.com\/es\/","name":"Palmatin.com","description":"Custom made wooden houses from project to assembly.","publisher":{"@id":"https:\/\/www.palmatin.com\/es\/#organization"},"inLanguage":"es"},{"@type":["Organization","Place","HomeAndConstructionBusiness"],"@id":"https:\/\/www.palmatin.com\/es\/#organization","name":"Palmatin","alternateName":"Palmatin Wooden Houses","url":"https:\/\/www.palmatin.com\/es\/","logo":{"@id":"https:\/\/www.palmatin.com\/es\/panel-de-madera-laminada-cruzada-panel-clt\/#local-main-organization-logo"},"image":{"@id":"https:\/\/www.palmatin.com\/es\/panel-de-madera-laminada-cruzada-panel-clt\/#local-main-organization-logo"},"sameAs":["https:\/\/www.facebook.com\/palmatin.wooden.houses","https:\/\/x.com\/palmatinhouses","https:\/\/www.instagram.com\/palmatinwoodenhouses\/","https:\/\/www.linkedin.com\/company\/palmatin-wooden-houses","https:\/\/www.pinterest.com\/palmatin\/","https:\/\/www.youtube.com\/channel\/UCS3v-T7tq4sPU5YkEvukfYg"],"description":"Palmatin wooden houses are expertly crafted, sustainable prefabricated element houses and log homes renowned for their durability, energy efficiency, and elegant Nordic design. Combining traditional building techniques with modern technology, Palmatin delivers customized living spaces that blend seamlessly with nature, ensuring comfort, quality, and eco-friendly living for generations.","legalName":"Palmatin O\u00dc","foundingDate":"1995-05-12","numberOfEmployees":{"@type":"QuantitativeValue","minValue":"11","maxValue":"50"},"address":{"@id":"https:\/\/www.palmatin.com\/es\/panel-de-madera-laminada-cruzada-panel-clt\/#local-main-place-address"},"telephone":["(+372) 605 48 95"],"openingHoursSpecification":[{"@type":"OpeningHoursSpecification","dayOfWeek":["Monday","Tuesday","Wednesday","Thursday","Friday"],"opens":"08:00","closes":"17:00"},{"@type":"OpeningHoursSpecification","dayOfWeek":["Saturday","Sunday"],"opens":"00:00","closes":"00:00"}],"email":"info@palmatin.com","faxNumber":"(+372) 605 48 92","areaServed":"world","vatID":"EE100240388","priceRange":"$$$","currenciesAccepted":"Euros"},{"@type":"PostalAddress","@id":"https:\/\/www.palmatin.com\/es\/panel-de-madera-laminada-cruzada-panel-clt\/#local-main-place-address","streetAddress":"Tammi tee 40b","addressLocality":"Rannamoeisa","postalCode":"76906","addressRegion":"Harju parish","addressCountry":"EE"},{"@type":"ImageObject","inLanguage":"es","@id":"https:\/\/www.palmatin.com\/es\/panel-de-madera-laminada-cruzada-panel-clt\/#local-main-organization-logo","url":"https:\/\/www.palmatin.com\/wp-content\/uploads\/2022\/11\/Logo_wrt.jpg","contentUrl":"https:\/\/www.palmatin.com\/wp-content\/uploads\/2022\/11\/Logo_wrt.jpg","width":1458,"height":857,"caption":"Palmatin"}]},"geo.placename":"Rannamoeisa","geo.region":"Estonia"},"_links":{"self":[{"href":"https:\/\/www.palmatin.com\/es\/wp-json\/wp\/v2\/pages\/9906","targetHints":{"allow":["GET"]}}],"collection":[{"href":"https:\/\/www.palmatin.com\/es\/wp-json\/wp\/v2\/pages"}],"about":[{"href":"https:\/\/www.palmatin.com\/es\/wp-json\/wp\/v2\/types\/page"}],"author":[{"embeddable":true,"href":"https:\/\/www.palmatin.com\/es\/wp-json\/wp\/v2\/users\/2"}],"replies":[{"embeddable":true,"href":"https:\/\/www.palmatin.com\/es\/wp-json\/wp\/v2\/comments?post=9906"}],"version-history":[{"count":0,"href":"https:\/\/www.palmatin.com\/es\/wp-json\/wp\/v2\/pages\/9906\/revisions"}],"wp:featuredmedia":[{"embeddable":true,"href":"https:\/\/www.palmatin.com\/es\/wp-json\/wp\/v2\/media\/1502"}],"wp:attachment":[{"href":"https:\/\/www.palmatin.com\/es\/wp-json\/wp\/v2\/media?parent=9906"}],"curies":[{"name":"wp","href":"https:\/\/api.w.org\/{rel}","templated":true}]}}