{"id":9871,"date":"2018-08-02T10:25:55","date_gmt":"2018-08-02T10:25:55","guid":{"rendered":"https:\/\/www.palmatin.com\/houses\/"},"modified":"2019-05-21T08:44:31","modified_gmt":"2019-05-21T08:44:31","slug":"modelos-de-la-casa","status":"publish","type":"page","link":"https:\/\/www.palmatin.com\/es\/modelos-de-la-casa\/","title":{"rendered":"Modelos de la casa"},"content":{"rendered":"<p>PALMATIN LLC es una organizaci\u00f3n empresarial e industrial Estonia (l\u00edder mundial en el sector de la fabricaci\u00f3n y construcci\u00f3n de casas de madera) con el 100% del capital privado. Somos pioneros en crear ideas, proyectar, fabricar y construir viviendas de madera desde 1995. La direcci\u00f3n y el consejo de la empresa contribuyen a la educaci\u00f3n y promoci\u00f3n de futuros fabricantes y constructores de casas de madera (con patentes, innovaciones t\u00e9cnicas e industriales y productos de \u00faltima generaci\u00f3n; con numerosas referencias en libros especializados con arquitectura en madera de pino y abeto tomando parte en procesos examinadores de institutos polit\u00e9cnicos y liderando nuevos retos en este campo. Nuestro equipo de ventas es experto y multiling\u00fce. Hablamos con fluidez ingl\u00e9s, estonio, espa\u00f1ol, franc\u00e9s, alem\u00e1n, italiano y ruso.<\/p>\n","protected":false},"excerpt":{"rendered":"<p>PALMATIN LLC es una organizaci\u00f3n empresarial e industrial Estonia (l\u00edder mundial en el sector de la fabricaci\u00f3n y construcci\u00f3n de casas de madera) con el 100% del capital privado. Somos pioneros en crear ideas, proyectar, fabricar y construir viviendas de madera desde 1995. La direcci\u00f3n y el consejo de la empresa contribuyen a la educaci\u00f3n &hellip; <a href=\"https:\/\/www.palmatin.com\/es\/modelos-de-la-casa\/\">Continuado<\/a><\/p>\n","protected":false},"author":1,"featured_media":1502,"parent":0,"menu_order":0,"comment_status":"closed","ping_status":"closed","template":"views\/template-houses.blade.php","meta":{"_acf_changed":false,"footnotes":""},"class_list":["post-9871","page","type-page","status-publish","has-post-thumbnail","hentry"],"acf":[],"yoast_head":"<!-- This site is optimized with the Yoast SEO Premium plugin v27.3 (Yoast SEO v27.4) - https:\/\/yoast.com\/product\/yoast-seo-premium-wordpress\/ -->\n<title>Casas troncos - Palmatin Wooden Houses<\/title>\n<meta name=\"description\" content=\"PALMATIN LLC es una organizaci\u00f3n empresarial e industrial Estonia (l\u00edder mundial en el sector de la fabricaci\u00f3n y construcci\u00f3n de casas de madera) con el\" \/>\n<meta name=\"robots\" content=\"index, follow, max-snippet:-1, max-image-preview:large, max-video-preview:-1\" \/>\n<link rel=\"canonical\" href=\"https:\/\/www.palmatin.com\/es\/modelos-de-la-casa\/\" \/>\n<meta property=\"og:locale\" content=\"es_ES\" \/>\n<meta property=\"og:type\" content=\"article\" \/>\n<meta property=\"og:title\" content=\"Modelos de la casa\" \/>\n<meta property=\"og:description\" content=\"PALMATIN LLC es una organizaci\u00f3n empresarial e industrial Estonia (l\u00edder mundial en el sector de la fabricaci\u00f3n y construcci\u00f3n de casas de madera) con el\" \/>\n<meta property=\"og:url\" content=\"https:\/\/www.palmatin.com\/es\/modelos-de-la-casa\/\" \/>\n<meta property=\"og:site_name\" content=\"Palmatin.com\" \/>\n<meta property=\"article:publisher\" content=\"https:\/\/www.facebook.com\/palmatin.wooden.houses\" \/>\n<meta property=\"article:modified_time\" content=\"2019-05-21T08:44:31+00:00\" \/>\n<meta property=\"og:image\" content=\"https:\/\/www.palmatin.com\/wp-content\/uploads\/2018\/08\/log_houses.jpg\" \/>\n\t<meta property=\"og:image:width\" content=\"1920\" \/>\n\t<meta property=\"og:image:height\" content=\"300\" \/>\n\t<meta property=\"og:image:type\" content=\"image\/jpeg\" \/>\n<meta name=\"twitter:card\" content=\"summary_large_image\" \/>\n<meta name=\"twitter:site\" content=\"@palmatinhouses\" \/>\n<meta name=\"twitter:label1\" content=\"Tiempo de lectura\" \/>\n\t<meta name=\"twitter:data1\" content=\"1 minuto\" \/>\n<script type=\"application\/ld+json\" class=\"yoast-schema-graph\">{\"@context\":\"https:\\\/\\\/schema.org\",\"@graph\":[{\"@type\":\"WebPage\",\"@id\":\"https:\\\/\\\/www.palmatin.com\\\/es\\\/modelos-de-la-casa\\\/\",\"url\":\"https:\\\/\\\/www.palmatin.com\\\/es\\\/modelos-de-la-casa\\\/\",\"name\":\"Casas troncos - Palmatin Wooden Houses\",\"isPartOf\":{\"@id\":\"https:\\\/\\\/www.palmatin.com\\\/es\\\/#website\"},\"primaryImageOfPage\":{\"@id\":\"https:\\\/\\\/www.palmatin.com\\\/es\\\/modelos-de-la-casa\\\/#primaryimage\"},\"image\":{\"@id\":\"https:\\\/\\\/www.palmatin.com\\\/es\\\/modelos-de-la-casa\\\/#primaryimage\"},\"thumbnailUrl\":\"https:\\\/\\\/www.palmatin.com\\\/wp-content\\\/uploads\\\/2018\\\/08\\\/log_houses.jpg\",\"datePublished\":\"2018-08-02T10:25:55+00:00\",\"dateModified\":\"2019-05-21T08:44:31+00:00\",\"description\":\"PALMATIN LLC es una organizaci\u00f3n empresarial e industrial Estonia (l\u00edder mundial en el sector de la fabricaci\u00f3n y construcci\u00f3n de casas de madera) con el\",\"breadcrumb\":{\"@id\":\"https:\\\/\\\/www.palmatin.com\\\/es\\\/modelos-de-la-casa\\\/#breadcrumb\"},\"inLanguage\":\"es\",\"potentialAction\":[{\"@type\":\"ReadAction\",\"target\":[\"https:\\\/\\\/www.palmatin.com\\\/es\\\/modelos-de-la-casa\\\/\"]}]},{\"@type\":\"ImageObject\",\"inLanguage\":\"es\",\"@id\":\"https:\\\/\\\/www.palmatin.com\\\/es\\\/modelos-de-la-casa\\\/#primaryimage\",\"url\":\"https:\\\/\\\/www.palmatin.com\\\/wp-content\\\/uploads\\\/2018\\\/08\\\/log_houses.jpg\",\"contentUrl\":\"https:\\\/\\\/www.palmatin.com\\\/wp-content\\\/uploads\\\/2018\\\/08\\\/log_houses.jpg\",\"width\":1920,\"height\":300,\"caption\":\"Palmatin mod\u00e8le maison en rondins, page contact\"},{\"@type\":\"BreadcrumbList\",\"@id\":\"https:\\\/\\\/www.palmatin.com\\\/es\\\/modelos-de-la-casa\\\/#breadcrumb\",\"itemListElement\":[{\"@type\":\"ListItem\",\"position\":1,\"name\":\"Home\",\"item\":\"https:\\\/\\\/www.palmatin.com\\\/es\\\/\"},{\"@type\":\"ListItem\",\"position\":2,\"name\":\"Modelos de la casa\"}]},{\"@type\":\"WebSite\",\"@id\":\"https:\\\/\\\/www.palmatin.com\\\/es\\\/#website\",\"url\":\"https:\\\/\\\/www.palmatin.com\\\/es\\\/\",\"name\":\"Palmatin.com\",\"description\":\"Custom made wooden houses from project to assembly.\",\"publisher\":{\"@id\":\"https:\\\/\\\/www.palmatin.com\\\/es\\\/#organization\"},\"inLanguage\":\"es\"},{\"@type\":[\"Organization\",\"Place\",\"HomeAndConstructionBusiness\"],\"@id\":\"https:\\\/\\\/www.palmatin.com\\\/es\\\/#organization\",\"name\":\"Palmatin\",\"alternateName\":\"Palmatin Wooden Houses\",\"url\":\"https:\\\/\\\/www.palmatin.com\\\/es\\\/\",\"logo\":{\"@id\":\"https:\\\/\\\/www.palmatin.com\\\/es\\\/modelos-de-la-casa\\\/#local-main-organization-logo\"},\"image\":{\"@id\":\"https:\\\/\\\/www.palmatin.com\\\/es\\\/modelos-de-la-casa\\\/#local-main-organization-logo\"},\"sameAs\":[\"https:\\\/\\\/www.facebook.com\\\/palmatin.wooden.houses\",\"https:\\\/\\\/x.com\\\/palmatinhouses\",\"https:\\\/\\\/www.instagram.com\\\/palmatinwoodenhouses\\\/\",\"https:\\\/\\\/www.linkedin.com\\\/company\\\/palmatin-wooden-houses\",\"https:\\\/\\\/www.pinterest.com\\\/palmatin\\\/\",\"https:\\\/\\\/www.youtube.com\\\/channel\\\/UCS3v-T7tq4sPU5YkEvukfYg\"],\"description\":\"Palmatin wooden houses are expertly crafted, sustainable prefabricated element houses and log homes renowned for their durability, energy efficiency, and elegant Nordic design. Combining traditional building techniques with modern technology, Palmatin delivers customized living spaces that blend seamlessly with nature, ensuring comfort, quality, and eco-friendly living for generations.\",\"legalName\":\"Palmatin O\u00dc\",\"foundingDate\":\"1995-05-12\",\"numberOfEmployees\":{\"@type\":\"QuantitativeValue\",\"minValue\":\"11\",\"maxValue\":\"50\"},\"address\":{\"@id\":\"https:\\\/\\\/www.palmatin.com\\\/es\\\/modelos-de-la-casa\\\/#local-main-place-address\"},\"telephone\":[\"(+372) 605 48 95\"],\"openingHoursSpecification\":[{\"@type\":\"OpeningHoursSpecification\",\"dayOfWeek\":[\"Monday\",\"Tuesday\",\"Wednesday\",\"Thursday\",\"Friday\"],\"opens\":\"08:00\",\"closes\":\"17:00\"},{\"@type\":\"OpeningHoursSpecification\",\"dayOfWeek\":[\"Saturday\",\"Sunday\"],\"opens\":\"00:00\",\"closes\":\"00:00\"}],\"email\":\"info@palmatin.com\",\"faxNumber\":\"(+372) 605 48 92\",\"areaServed\":\"world\",\"vatID\":\"EE100240388\",\"priceRange\":\"$$$\",\"currenciesAccepted\":\"Euros\"},{\"@type\":\"PostalAddress\",\"@id\":\"https:\\\/\\\/www.palmatin.com\\\/es\\\/modelos-de-la-casa\\\/#local-main-place-address\",\"streetAddress\":\"Tammi tee 40b\",\"addressLocality\":\"Rannamoeisa\",\"postalCode\":\"76906\",\"addressRegion\":\"Harju parish\",\"addressCountry\":\"EE\"},{\"@type\":\"ImageObject\",\"inLanguage\":\"es\",\"@id\":\"https:\\\/\\\/www.palmatin.com\\\/es\\\/modelos-de-la-casa\\\/#local-main-organization-logo\",\"url\":\"https:\\\/\\\/www.palmatin.com\\\/wp-content\\\/uploads\\\/2022\\\/11\\\/Logo_wrt.jpg\",\"contentUrl\":\"https:\\\/\\\/www.palmatin.com\\\/wp-content\\\/uploads\\\/2022\\\/11\\\/Logo_wrt.jpg\",\"width\":1458,\"height\":857,\"caption\":\"Palmatin\"}]}<\/script>\n<meta name=\"geo.placename\" content=\"Rannamoeisa\" \/>\n<meta name=\"geo.region\" content=\"Estonia\" \/>\n<!-- \/ Yoast SEO Premium plugin. -->","yoast_head_json":{"title":"Casas troncos - Palmatin Wooden Houses","description":"PALMATIN LLC es una organizaci\u00f3n empresarial e industrial Estonia (l\u00edder mundial en el sector de la fabricaci\u00f3n y construcci\u00f3n de casas de madera) con el","robots":{"index":"index","follow":"follow","max-snippet":"max-snippet:-1","max-image-preview":"max-image-preview:large","max-video-preview":"max-video-preview:-1"},"canonical":"https:\/\/www.palmatin.com\/es\/modelos-de-la-casa\/","og_locale":"es_ES","og_type":"article","og_title":"Modelos de la casa","og_description":"PALMATIN LLC es una organizaci\u00f3n empresarial e industrial Estonia (l\u00edder mundial en el sector de la fabricaci\u00f3n y construcci\u00f3n de casas de madera) con el","og_url":"https:\/\/www.palmatin.com\/es\/modelos-de-la-casa\/","og_site_name":"Palmatin.com","article_publisher":"https:\/\/www.facebook.com\/palmatin.wooden.houses","article_modified_time":"2019-05-21T08:44:31+00:00","og_image":[{"width":1920,"height":300,"url":"https:\/\/www.palmatin.com\/wp-content\/uploads\/2018\/08\/log_houses.jpg","type":"image\/jpeg"}],"twitter_card":"summary_large_image","twitter_site":"@palmatinhouses","twitter_misc":{"Tiempo de lectura":"1 minuto"},"schema":{"@context":"https:\/\/schema.org","@graph":[{"@type":"WebPage","@id":"https:\/\/www.palmatin.com\/es\/modelos-de-la-casa\/","url":"https:\/\/www.palmatin.com\/es\/modelos-de-la-casa\/","name":"Casas troncos - Palmatin Wooden Houses","isPartOf":{"@id":"https:\/\/www.palmatin.com\/es\/#website"},"primaryImageOfPage":{"@id":"https:\/\/www.palmatin.com\/es\/modelos-de-la-casa\/#primaryimage"},"image":{"@id":"https:\/\/www.palmatin.com\/es\/modelos-de-la-casa\/#primaryimage"},"thumbnailUrl":"https:\/\/www.palmatin.com\/wp-content\/uploads\/2018\/08\/log_houses.jpg","datePublished":"2018-08-02T10:25:55+00:00","dateModified":"2019-05-21T08:44:31+00:00","description":"PALMATIN LLC es una organizaci\u00f3n empresarial e industrial Estonia (l\u00edder mundial en el sector de la fabricaci\u00f3n y construcci\u00f3n de casas de madera) con el","breadcrumb":{"@id":"https:\/\/www.palmatin.com\/es\/modelos-de-la-casa\/#breadcrumb"},"inLanguage":"es","potentialAction":[{"@type":"ReadAction","target":["https:\/\/www.palmatin.com\/es\/modelos-de-la-casa\/"]}]},{"@type":"ImageObject","inLanguage":"es","@id":"https:\/\/www.palmatin.com\/es\/modelos-de-la-casa\/#primaryimage","url":"https:\/\/www.palmatin.com\/wp-content\/uploads\/2018\/08\/log_houses.jpg","contentUrl":"https:\/\/www.palmatin.com\/wp-content\/uploads\/2018\/08\/log_houses.jpg","width":1920,"height":300,"caption":"Palmatin mod\u00e8le maison en rondins, page contact"},{"@type":"BreadcrumbList","@id":"https:\/\/www.palmatin.com\/es\/modelos-de-la-casa\/#breadcrumb","itemListElement":[{"@type":"ListItem","position":1,"name":"Home","item":"https:\/\/www.palmatin.com\/es\/"},{"@type":"ListItem","position":2,"name":"Modelos de la casa"}]},{"@type":"WebSite","@id":"https:\/\/www.palmatin.com\/es\/#website","url":"https:\/\/www.palmatin.com\/es\/","name":"Palmatin.com","description":"Custom made wooden houses from project to assembly.","publisher":{"@id":"https:\/\/www.palmatin.com\/es\/#organization"},"inLanguage":"es"},{"@type":["Organization","Place","HomeAndConstructionBusiness"],"@id":"https:\/\/www.palmatin.com\/es\/#organization","name":"Palmatin","alternateName":"Palmatin Wooden Houses","url":"https:\/\/www.palmatin.com\/es\/","logo":{"@id":"https:\/\/www.palmatin.com\/es\/modelos-de-la-casa\/#local-main-organization-logo"},"image":{"@id":"https:\/\/www.palmatin.com\/es\/modelos-de-la-casa\/#local-main-organization-logo"},"sameAs":["https:\/\/www.facebook.com\/palmatin.wooden.houses","https:\/\/x.com\/palmatinhouses","https:\/\/www.instagram.com\/palmatinwoodenhouses\/","https:\/\/www.linkedin.com\/company\/palmatin-wooden-houses","https:\/\/www.pinterest.com\/palmatin\/","https:\/\/www.youtube.com\/channel\/UCS3v-T7tq4sPU5YkEvukfYg"],"description":"Palmatin wooden houses are expertly crafted, sustainable prefabricated element houses and log homes renowned for their durability, energy efficiency, and elegant Nordic design. Combining traditional building techniques with modern technology, Palmatin delivers customized living spaces that blend seamlessly with nature, ensuring comfort, quality, and eco-friendly living for generations.","legalName":"Palmatin O\u00dc","foundingDate":"1995-05-12","numberOfEmployees":{"@type":"QuantitativeValue","minValue":"11","maxValue":"50"},"address":{"@id":"https:\/\/www.palmatin.com\/es\/modelos-de-la-casa\/#local-main-place-address"},"telephone":["(+372) 605 48 95"],"openingHoursSpecification":[{"@type":"OpeningHoursSpecification","dayOfWeek":["Monday","Tuesday","Wednesday","Thursday","Friday"],"opens":"08:00","closes":"17:00"},{"@type":"OpeningHoursSpecification","dayOfWeek":["Saturday","Sunday"],"opens":"00:00","closes":"00:00"}],"email":"info@palmatin.com","faxNumber":"(+372) 605 48 92","areaServed":"world","vatID":"EE100240388","priceRange":"$$$","currenciesAccepted":"Euros"},{"@type":"PostalAddress","@id":"https:\/\/www.palmatin.com\/es\/modelos-de-la-casa\/#local-main-place-address","streetAddress":"Tammi tee 40b","addressLocality":"Rannamoeisa","postalCode":"76906","addressRegion":"Harju parish","addressCountry":"EE"},{"@type":"ImageObject","inLanguage":"es","@id":"https:\/\/www.palmatin.com\/es\/modelos-de-la-casa\/#local-main-organization-logo","url":"https:\/\/www.palmatin.com\/wp-content\/uploads\/2022\/11\/Logo_wrt.jpg","contentUrl":"https:\/\/www.palmatin.com\/wp-content\/uploads\/2022\/11\/Logo_wrt.jpg","width":1458,"height":857,"caption":"Palmatin"}]},"geo.placename":"Rannamoeisa","geo.region":"Estonia"},"_links":{"self":[{"href":"https:\/\/www.palmatin.com\/es\/wp-json\/wp\/v2\/pages\/9871","targetHints":{"allow":["GET"]}}],"collection":[{"href":"https:\/\/www.palmatin.com\/es\/wp-json\/wp\/v2\/pages"}],"about":[{"href":"https:\/\/www.palmatin.com\/es\/wp-json\/wp\/v2\/types\/page"}],"author":[{"embeddable":true,"href":"https:\/\/www.palmatin.com\/es\/wp-json\/wp\/v2\/users\/1"}],"replies":[{"embeddable":true,"href":"https:\/\/www.palmatin.com\/es\/wp-json\/wp\/v2\/comments?post=9871"}],"version-history":[{"count":0,"href":"https:\/\/www.palmatin.com\/es\/wp-json\/wp\/v2\/pages\/9871\/revisions"}],"wp:featuredmedia":[{"embeddable":true,"href":"https:\/\/www.palmatin.com\/es\/wp-json\/wp\/v2\/media\/1502"}],"wp:attachment":[{"href":"https:\/\/www.palmatin.com\/es\/wp-json\/wp\/v2\/media?parent=9871"}],"curies":[{"name":"wp","href":"https:\/\/api.w.org\/{rel}","templated":true}]}}