{"id":9850,"date":"2019-04-17T11:18:13","date_gmt":"2019-04-17T11:18:13","guid":{"rendered":"https:\/\/www.palmatin.com\/get-free-pdf-log-house-catalogue\/"},"modified":"2021-10-15T10:55:10","modified_gmt":"2021-10-15T10:55:10","slug":"adquiera-gratis-el-catalogo-de-casas-de-madera-en-pdf","status":"publish","type":"page","link":"https:\/\/www.palmatin.com\/es\/adquiera-gratis-el-catalogo-de-casas-de-madera-en-pdf\/","title":{"rendered":"Descubra los cat\u00e1logos de Palmatin"},"content":{"rendered":"<article id=\"post-95390\" class=\"clearfix\">\n<div class=\"entry-main\">\n<div class=\"entry-content\">\n<p style=\"text-align: center;\">Descargue los cat\u00e1logos y folletos para ver de cerca y leer toda la informaci\u00f3n sobre las gamas de casas y construcciones de madera. Las tablas comparativas le ayudar\u00e1n a comparar y visualizar las opciones y caracter\u00edsticas de las casas.<\/p>\n<p style=\"text-align: center;\">Puede usar estos cat\u00e1logos para marcar sus casas favoritas, dise\u00f1ar y encontrar m\u00e1s ideas para su casa. El formato PDF facilita el acceso a los documentos en cualquier lugar y su lectura en cualquier momento.<\/p>\n<\/div>\n<\/div>\n<\/article>\n","protected":false},"excerpt":{"rendered":"<p>Descargue los cat\u00e1logos y folletos para ver de cerca y leer toda la informaci\u00f3n sobre las gamas de casas y construcciones de madera. Las tablas comparativas le ayudar\u00e1n a comparar y visualizar las opciones y caracter\u00edsticas de las casas. Puede usar estos cat\u00e1logos para marcar sus casas favoritas, dise\u00f1ar y encontrar m\u00e1s ideas para su &hellip; <a href=\"https:\/\/www.palmatin.com\/es\/adquiera-gratis-el-catalogo-de-casas-de-madera-en-pdf\/\">Continuado<\/a><\/p>\n","protected":false},"author":2,"featured_media":1502,"parent":0,"menu_order":0,"comment_status":"closed","ping_status":"closed","template":"views\/template-content-blocks.blade.php","meta":{"_acf_changed":false,"footnotes":""},"class_list":["post-9850","page","type-page","status-publish","has-post-thumbnail","hentry"],"acf":[],"yoast_head":"<!-- This site is optimized with the Yoast SEO Premium plugin v27.3 (Yoast SEO v27.3) - https:\/\/yoast.com\/product\/yoast-seo-premium-wordpress\/ -->\n<title>Adquiera gratis el catalogo de casas de madera en PDF - Palmatin Wooden Houses<\/title>\n<meta name=\"description\" content=\"Descargue los cat\u00e1logos y folletos para ver de cerca y leer toda la informaci\u00f3n sobre las gamas de casas y construcciones de madera. Las tablas\" \/>\n<meta name=\"robots\" content=\"index, follow, max-snippet:-1, max-image-preview:large, max-video-preview:-1\" \/>\n<link rel=\"canonical\" href=\"https:\/\/www.palmatin.com\/es\/adquiera-gratis-el-catalogo-de-casas-de-madera-en-pdf\/\" \/>\n<meta property=\"og:locale\" content=\"es_ES\" \/>\n<meta property=\"og:type\" content=\"article\" \/>\n<meta property=\"og:title\" content=\"Descubra los cat\u00e1logos de Palmatin\" \/>\n<meta property=\"og:description\" content=\"Descargue los cat\u00e1logos y folletos para ver de cerca y leer toda la informaci\u00f3n sobre las gamas de casas y construcciones de madera. Las tablas\" \/>\n<meta property=\"og:url\" content=\"https:\/\/www.palmatin.com\/es\/adquiera-gratis-el-catalogo-de-casas-de-madera-en-pdf\/\" \/>\n<meta property=\"og:site_name\" content=\"Palmatin.com\" \/>\n<meta property=\"article:publisher\" content=\"https:\/\/www.facebook.com\/palmatin.wooden.houses\" \/>\n<meta property=\"article:modified_time\" content=\"2021-10-15T10:55:10+00:00\" \/>\n<meta property=\"og:image\" content=\"https:\/\/www.palmatin.com\/wp-content\/uploads\/2018\/08\/log_houses.jpg\" \/>\n\t<meta property=\"og:image:width\" content=\"1920\" \/>\n\t<meta property=\"og:image:height\" content=\"300\" \/>\n\t<meta property=\"og:image:type\" content=\"image\/jpeg\" \/>\n<meta name=\"twitter:card\" content=\"summary_large_image\" \/>\n<meta name=\"twitter:site\" content=\"@palmatinhouses\" \/>\n<script type=\"application\/ld+json\" class=\"yoast-schema-graph\">{\"@context\":\"https:\\\/\\\/schema.org\",\"@graph\":[{\"@type\":\"WebPage\",\"@id\":\"https:\\\/\\\/www.palmatin.com\\\/es\\\/adquiera-gratis-el-catalogo-de-casas-de-madera-en-pdf\\\/\",\"url\":\"https:\\\/\\\/www.palmatin.com\\\/es\\\/adquiera-gratis-el-catalogo-de-casas-de-madera-en-pdf\\\/\",\"name\":\"Adquiera gratis el catalogo de casas de madera en PDF - Palmatin Wooden Houses\",\"isPartOf\":{\"@id\":\"https:\\\/\\\/www.palmatin.com\\\/es\\\/#website\"},\"primaryImageOfPage\":{\"@id\":\"https:\\\/\\\/www.palmatin.com\\\/es\\\/adquiera-gratis-el-catalogo-de-casas-de-madera-en-pdf\\\/#primaryimage\"},\"image\":{\"@id\":\"https:\\\/\\\/www.palmatin.com\\\/es\\\/adquiera-gratis-el-catalogo-de-casas-de-madera-en-pdf\\\/#primaryimage\"},\"thumbnailUrl\":\"https:\\\/\\\/www.palmatin.com\\\/wp-content\\\/uploads\\\/2018\\\/08\\\/log_houses.jpg\",\"datePublished\":\"2019-04-17T11:18:13+00:00\",\"dateModified\":\"2021-10-15T10:55:10+00:00\",\"description\":\"Descargue los cat\u00e1logos y folletos para ver de cerca y leer toda la informaci\u00f3n sobre las gamas de casas y construcciones de madera. Las tablas\",\"breadcrumb\":{\"@id\":\"https:\\\/\\\/www.palmatin.com\\\/es\\\/adquiera-gratis-el-catalogo-de-casas-de-madera-en-pdf\\\/#breadcrumb\"},\"inLanguage\":\"es\",\"potentialAction\":[{\"@type\":\"ReadAction\",\"target\":[\"https:\\\/\\\/www.palmatin.com\\\/es\\\/adquiera-gratis-el-catalogo-de-casas-de-madera-en-pdf\\\/\"]}]},{\"@type\":\"ImageObject\",\"inLanguage\":\"es\",\"@id\":\"https:\\\/\\\/www.palmatin.com\\\/es\\\/adquiera-gratis-el-catalogo-de-casas-de-madera-en-pdf\\\/#primaryimage\",\"url\":\"https:\\\/\\\/www.palmatin.com\\\/wp-content\\\/uploads\\\/2018\\\/08\\\/log_houses.jpg\",\"contentUrl\":\"https:\\\/\\\/www.palmatin.com\\\/wp-content\\\/uploads\\\/2018\\\/08\\\/log_houses.jpg\",\"width\":1920,\"height\":300,\"caption\":\"Palmatin mod\u00e8le maison en rondins, page contact\"},{\"@type\":\"BreadcrumbList\",\"@id\":\"https:\\\/\\\/www.palmatin.com\\\/es\\\/adquiera-gratis-el-catalogo-de-casas-de-madera-en-pdf\\\/#breadcrumb\",\"itemListElement\":[{\"@type\":\"ListItem\",\"position\":1,\"name\":\"Home\",\"item\":\"https:\\\/\\\/www.palmatin.com\\\/es\\\/\"},{\"@type\":\"ListItem\",\"position\":2,\"name\":\"Descubra los cat\u00e1logos de Palmatin\"}]},{\"@type\":\"WebSite\",\"@id\":\"https:\\\/\\\/www.palmatin.com\\\/es\\\/#website\",\"url\":\"https:\\\/\\\/www.palmatin.com\\\/es\\\/\",\"name\":\"Palmatin.com\",\"description\":\"Custom made wooden houses from project to assembly.\",\"publisher\":{\"@id\":\"https:\\\/\\\/www.palmatin.com\\\/es\\\/#organization\"},\"inLanguage\":\"es\"},{\"@type\":[\"Organization\",\"Place\",\"HomeAndConstructionBusiness\"],\"@id\":\"https:\\\/\\\/www.palmatin.com\\\/es\\\/#organization\",\"name\":\"Palmatin\",\"alternateName\":\"Palmatin Wooden Houses\",\"url\":\"https:\\\/\\\/www.palmatin.com\\\/es\\\/\",\"logo\":{\"@id\":\"https:\\\/\\\/www.palmatin.com\\\/es\\\/adquiera-gratis-el-catalogo-de-casas-de-madera-en-pdf\\\/#local-main-organization-logo\"},\"image\":{\"@id\":\"https:\\\/\\\/www.palmatin.com\\\/es\\\/adquiera-gratis-el-catalogo-de-casas-de-madera-en-pdf\\\/#local-main-organization-logo\"},\"sameAs\":[\"https:\\\/\\\/www.facebook.com\\\/palmatin.wooden.houses\",\"https:\\\/\\\/x.com\\\/palmatinhouses\",\"https:\\\/\\\/www.instagram.com\\\/palmatinwoodenhouses\\\/\",\"https:\\\/\\\/www.linkedin.com\\\/company\\\/palmatin-wooden-houses\",\"https:\\\/\\\/www.pinterest.com\\\/palmatin\\\/\",\"https:\\\/\\\/www.youtube.com\\\/channel\\\/UCS3v-T7tq4sPU5YkEvukfYg\"],\"description\":\"Palmatin wooden houses are expertly crafted, sustainable prefabricated element houses and log homes renowned for their durability, energy efficiency, and elegant Nordic design. Combining traditional building techniques with modern technology, Palmatin delivers customized living spaces that blend seamlessly with nature, ensuring comfort, quality, and eco-friendly living for generations.\",\"legalName\":\"Palmatin O\u00dc\",\"foundingDate\":\"1995-05-12\",\"numberOfEmployees\":{\"@type\":\"QuantitativeValue\",\"minValue\":\"11\",\"maxValue\":\"50\"},\"address\":{\"@id\":\"https:\\\/\\\/www.palmatin.com\\\/es\\\/adquiera-gratis-el-catalogo-de-casas-de-madera-en-pdf\\\/#local-main-place-address\"},\"telephone\":[\"(+372) 605 48 95\"],\"openingHoursSpecification\":[{\"@type\":\"OpeningHoursSpecification\",\"dayOfWeek\":[\"Monday\",\"Tuesday\",\"Wednesday\",\"Thursday\",\"Friday\"],\"opens\":\"08:00\",\"closes\":\"17:00\"},{\"@type\":\"OpeningHoursSpecification\",\"dayOfWeek\":[\"Saturday\",\"Sunday\"],\"opens\":\"00:00\",\"closes\":\"00:00\"}],\"email\":\"info@palmatin.com\",\"faxNumber\":\"(+372) 605 48 92\",\"areaServed\":\"world\",\"vatID\":\"EE100240388\",\"priceRange\":\"$$$\",\"currenciesAccepted\":\"Euros\"},{\"@type\":\"PostalAddress\",\"@id\":\"https:\\\/\\\/www.palmatin.com\\\/es\\\/adquiera-gratis-el-catalogo-de-casas-de-madera-en-pdf\\\/#local-main-place-address\",\"streetAddress\":\"Tammi tee 40b\",\"addressLocality\":\"Rannamoeisa\",\"postalCode\":\"76906\",\"addressRegion\":\"Harju parish\",\"addressCountry\":\"EE\"},{\"@type\":\"ImageObject\",\"inLanguage\":\"es\",\"@id\":\"https:\\\/\\\/www.palmatin.com\\\/es\\\/adquiera-gratis-el-catalogo-de-casas-de-madera-en-pdf\\\/#local-main-organization-logo\",\"url\":\"https:\\\/\\\/www.palmatin.com\\\/wp-content\\\/uploads\\\/2022\\\/11\\\/Logo_wrt.jpg\",\"contentUrl\":\"https:\\\/\\\/www.palmatin.com\\\/wp-content\\\/uploads\\\/2022\\\/11\\\/Logo_wrt.jpg\",\"width\":1458,\"height\":857,\"caption\":\"Palmatin\"}]}<\/script>\n<meta name=\"geo.placename\" content=\"Rannamoeisa\" \/>\n<meta name=\"geo.region\" content=\"Estonia\" \/>\n<!-- \/ Yoast SEO Premium plugin. -->","yoast_head_json":{"title":"Adquiera gratis el catalogo de casas de madera en PDF - Palmatin Wooden Houses","description":"Descargue los cat\u00e1logos y folletos para ver de cerca y leer toda la informaci\u00f3n sobre las gamas de casas y construcciones de madera. Las tablas","robots":{"index":"index","follow":"follow","max-snippet":"max-snippet:-1","max-image-preview":"max-image-preview:large","max-video-preview":"max-video-preview:-1"},"canonical":"https:\/\/www.palmatin.com\/es\/adquiera-gratis-el-catalogo-de-casas-de-madera-en-pdf\/","og_locale":"es_ES","og_type":"article","og_title":"Descubra los cat\u00e1logos de Palmatin","og_description":"Descargue los cat\u00e1logos y folletos para ver de cerca y leer toda la informaci\u00f3n sobre las gamas de casas y construcciones de madera. Las tablas","og_url":"https:\/\/www.palmatin.com\/es\/adquiera-gratis-el-catalogo-de-casas-de-madera-en-pdf\/","og_site_name":"Palmatin.com","article_publisher":"https:\/\/www.facebook.com\/palmatin.wooden.houses","article_modified_time":"2021-10-15T10:55:10+00:00","og_image":[{"width":1920,"height":300,"url":"https:\/\/www.palmatin.com\/wp-content\/uploads\/2018\/08\/log_houses.jpg","type":"image\/jpeg"}],"twitter_card":"summary_large_image","twitter_site":"@palmatinhouses","schema":{"@context":"https:\/\/schema.org","@graph":[{"@type":"WebPage","@id":"https:\/\/www.palmatin.com\/es\/adquiera-gratis-el-catalogo-de-casas-de-madera-en-pdf\/","url":"https:\/\/www.palmatin.com\/es\/adquiera-gratis-el-catalogo-de-casas-de-madera-en-pdf\/","name":"Adquiera gratis el catalogo de casas de madera en PDF - Palmatin Wooden Houses","isPartOf":{"@id":"https:\/\/www.palmatin.com\/es\/#website"},"primaryImageOfPage":{"@id":"https:\/\/www.palmatin.com\/es\/adquiera-gratis-el-catalogo-de-casas-de-madera-en-pdf\/#primaryimage"},"image":{"@id":"https:\/\/www.palmatin.com\/es\/adquiera-gratis-el-catalogo-de-casas-de-madera-en-pdf\/#primaryimage"},"thumbnailUrl":"https:\/\/www.palmatin.com\/wp-content\/uploads\/2018\/08\/log_houses.jpg","datePublished":"2019-04-17T11:18:13+00:00","dateModified":"2021-10-15T10:55:10+00:00","description":"Descargue los cat\u00e1logos y folletos para ver de cerca y leer toda la informaci\u00f3n sobre las gamas de casas y construcciones de madera. Las tablas","breadcrumb":{"@id":"https:\/\/www.palmatin.com\/es\/adquiera-gratis-el-catalogo-de-casas-de-madera-en-pdf\/#breadcrumb"},"inLanguage":"es","potentialAction":[{"@type":"ReadAction","target":["https:\/\/www.palmatin.com\/es\/adquiera-gratis-el-catalogo-de-casas-de-madera-en-pdf\/"]}]},{"@type":"ImageObject","inLanguage":"es","@id":"https:\/\/www.palmatin.com\/es\/adquiera-gratis-el-catalogo-de-casas-de-madera-en-pdf\/#primaryimage","url":"https:\/\/www.palmatin.com\/wp-content\/uploads\/2018\/08\/log_houses.jpg","contentUrl":"https:\/\/www.palmatin.com\/wp-content\/uploads\/2018\/08\/log_houses.jpg","width":1920,"height":300,"caption":"Palmatin mod\u00e8le maison en rondins, page contact"},{"@type":"BreadcrumbList","@id":"https:\/\/www.palmatin.com\/es\/adquiera-gratis-el-catalogo-de-casas-de-madera-en-pdf\/#breadcrumb","itemListElement":[{"@type":"ListItem","position":1,"name":"Home","item":"https:\/\/www.palmatin.com\/es\/"},{"@type":"ListItem","position":2,"name":"Descubra los cat\u00e1logos de Palmatin"}]},{"@type":"WebSite","@id":"https:\/\/www.palmatin.com\/es\/#website","url":"https:\/\/www.palmatin.com\/es\/","name":"Palmatin.com","description":"Custom made wooden houses from project to assembly.","publisher":{"@id":"https:\/\/www.palmatin.com\/es\/#organization"},"inLanguage":"es"},{"@type":["Organization","Place","HomeAndConstructionBusiness"],"@id":"https:\/\/www.palmatin.com\/es\/#organization","name":"Palmatin","alternateName":"Palmatin Wooden Houses","url":"https:\/\/www.palmatin.com\/es\/","logo":{"@id":"https:\/\/www.palmatin.com\/es\/adquiera-gratis-el-catalogo-de-casas-de-madera-en-pdf\/#local-main-organization-logo"},"image":{"@id":"https:\/\/www.palmatin.com\/es\/adquiera-gratis-el-catalogo-de-casas-de-madera-en-pdf\/#local-main-organization-logo"},"sameAs":["https:\/\/www.facebook.com\/palmatin.wooden.houses","https:\/\/x.com\/palmatinhouses","https:\/\/www.instagram.com\/palmatinwoodenhouses\/","https:\/\/www.linkedin.com\/company\/palmatin-wooden-houses","https:\/\/www.pinterest.com\/palmatin\/","https:\/\/www.youtube.com\/channel\/UCS3v-T7tq4sPU5YkEvukfYg"],"description":"Palmatin wooden houses are expertly crafted, sustainable prefabricated element houses and log homes renowned for their durability, energy efficiency, and elegant Nordic design. Combining traditional building techniques with modern technology, Palmatin delivers customized living spaces that blend seamlessly with nature, ensuring comfort, quality, and eco-friendly living for generations.","legalName":"Palmatin O\u00dc","foundingDate":"1995-05-12","numberOfEmployees":{"@type":"QuantitativeValue","minValue":"11","maxValue":"50"},"address":{"@id":"https:\/\/www.palmatin.com\/es\/adquiera-gratis-el-catalogo-de-casas-de-madera-en-pdf\/#local-main-place-address"},"telephone":["(+372) 605 48 95"],"openingHoursSpecification":[{"@type":"OpeningHoursSpecification","dayOfWeek":["Monday","Tuesday","Wednesday","Thursday","Friday"],"opens":"08:00","closes":"17:00"},{"@type":"OpeningHoursSpecification","dayOfWeek":["Saturday","Sunday"],"opens":"00:00","closes":"00:00"}],"email":"info@palmatin.com","faxNumber":"(+372) 605 48 92","areaServed":"world","vatID":"EE100240388","priceRange":"$$$","currenciesAccepted":"Euros"},{"@type":"PostalAddress","@id":"https:\/\/www.palmatin.com\/es\/adquiera-gratis-el-catalogo-de-casas-de-madera-en-pdf\/#local-main-place-address","streetAddress":"Tammi tee 40b","addressLocality":"Rannamoeisa","postalCode":"76906","addressRegion":"Harju parish","addressCountry":"EE"},{"@type":"ImageObject","inLanguage":"es","@id":"https:\/\/www.palmatin.com\/es\/adquiera-gratis-el-catalogo-de-casas-de-madera-en-pdf\/#local-main-organization-logo","url":"https:\/\/www.palmatin.com\/wp-content\/uploads\/2022\/11\/Logo_wrt.jpg","contentUrl":"https:\/\/www.palmatin.com\/wp-content\/uploads\/2022\/11\/Logo_wrt.jpg","width":1458,"height":857,"caption":"Palmatin"}]},"geo.placename":"Rannamoeisa","geo.region":"Estonia"},"_links":{"self":[{"href":"https:\/\/www.palmatin.com\/es\/wp-json\/wp\/v2\/pages\/9850","targetHints":{"allow":["GET"]}}],"collection":[{"href":"https:\/\/www.palmatin.com\/es\/wp-json\/wp\/v2\/pages"}],"about":[{"href":"https:\/\/www.palmatin.com\/es\/wp-json\/wp\/v2\/types\/page"}],"author":[{"embeddable":true,"href":"https:\/\/www.palmatin.com\/es\/wp-json\/wp\/v2\/users\/2"}],"replies":[{"embeddable":true,"href":"https:\/\/www.palmatin.com\/es\/wp-json\/wp\/v2\/comments?post=9850"}],"version-history":[{"count":0,"href":"https:\/\/www.palmatin.com\/es\/wp-json\/wp\/v2\/pages\/9850\/revisions"}],"wp:featuredmedia":[{"embeddable":true,"href":"https:\/\/www.palmatin.com\/es\/wp-json\/wp\/v2\/media\/1502"}],"wp:attachment":[{"href":"https:\/\/www.palmatin.com\/es\/wp-json\/wp\/v2\/media?parent=9850"}],"curies":[{"name":"wp","href":"https:\/\/api.w.org\/{rel}","templated":true}]}}