{"id":1501,"date":"2018-07-02T10:23:49","date_gmt":"2018-07-02T10:23:49","guid":{"rendered":"https:\/\/www.palmatin.com\/gallery\/"},"modified":"2023-11-10T06:47:23","modified_gmt":"2023-11-10T06:47:23","slug":"fotos","status":"publish","type":"page","link":"https:\/\/www.palmatin.com\/es\/fotos\/","title":{"rendered":"Galer\u00eda"},"content":{"rendered":"<p>Aqu\u00ed puede navegar por nuestra amplia y hermosa galer\u00eda de fotos de casas de troncos. Estos son algunos de nuestros trabajos en casas de troncos a lo largo de los a\u00f1os.<\/p>\n<p>Nuestra galer\u00eda de fotos de casas de troncos se ha dividido en diferentes categor\u00edas. Aqu\u00ed puede encontrar fotos de casas de madera como: fotos exteriores, fotos interiores, puertas y ventanas, fotos en construcci\u00f3n.<\/p>\n<p>En la galer\u00eda de fotos de exteriores de casas de troncos encontrar\u00e1 fotos de exteriores de casas terminadas. La galer\u00eda de interiores de casas de troncos contiene algunas fotos interesantes de interiores y esperamos que le ayuden a tomar algunas decisiones de planificaci\u00f3n. En la galer\u00eda de puertas y ventanas hay diferentes tipos de soluciones de acabado que puede elegir.<\/p>\n<p>Cuando encuentre una casa que le guste y quiera saber m\u00e1s sobre sus precios y detalles de construcci\u00f3n, hemos puesto a su disposici\u00f3n un sencillo bot\u00f3n de consulta. Nos enviar\u00e1 informaci\u00f3n sobre la imagen que estaba viendo, su direcci\u00f3n de correo electr\u00f3nico y su pregunta. Responderemos r\u00e1pidamente a su consulta, as\u00ed que adelante, p\u00f3ngase en contacto con nosotros.<\/p>\n","protected":false},"excerpt":{"rendered":"<p>Aqu\u00ed puede navegar por nuestra amplia y hermosa galer\u00eda de fotos de casas de troncos. Estos son algunos de nuestros trabajos en casas de troncos a lo largo de los a\u00f1os. Nuestra galer\u00eda de fotos de casas de troncos se ha dividido en diferentes categor\u00edas. Aqu\u00ed puede encontrar fotos de casas de madera como: fotos &hellip; <a href=\"https:\/\/www.palmatin.com\/es\/fotos\/\">Continuado<\/a><\/p>\n","protected":false},"author":1,"featured_media":1502,"parent":0,"menu_order":0,"comment_status":"closed","ping_status":"closed","template":"views\/template-gallery.blade.php","meta":{"_acf_changed":false,"footnotes":""},"class_list":["post-1501","page","type-page","status-publish","has-post-thumbnail","hentry"],"acf":[],"yoast_head":"<!-- This site is optimized with the Yoast SEO Premium plugin v27.3 (Yoast SEO v27.3) - https:\/\/yoast.com\/product\/yoast-seo-premium-wordpress\/ -->\n<title>Galer\u00eda de fotos de casas de troncos con hermosas fotos de casas de troncos<\/title>\n<meta name=\"description\" content=\"Descubra hermosas casas de troncos - Im\u00e1genes de diferentes interiores de casas de troncos, exteriores de casas de troncos- e im\u00e1genes en construcci\u00f3n sobre casas construidas por Palmatin\" \/>\n<meta name=\"robots\" content=\"index, follow, max-snippet:-1, max-image-preview:large, max-video-preview:-1\" \/>\n<link rel=\"canonical\" href=\"https:\/\/www.palmatin.com\/es\/fotos\/\" \/>\n<meta property=\"og:locale\" content=\"es_ES\" \/>\n<meta property=\"og:type\" content=\"article\" \/>\n<meta property=\"og:title\" content=\"Galer\u00eda\" \/>\n<meta property=\"og:description\" content=\"Aqu\u00ed puede navegar por nuestra amplia y hermosa galer\u00eda de fotos de casas de troncos. Estos son algunos de nuestros trabajos en casas de troncos a lo\" \/>\n<meta property=\"og:url\" content=\"https:\/\/www.palmatin.com\/es\/fotos\/\" \/>\n<meta property=\"og:site_name\" content=\"Palmatin.com\" \/>\n<meta property=\"article:publisher\" content=\"https:\/\/www.facebook.com\/palmatin.wooden.houses\" \/>\n<meta property=\"article:modified_time\" content=\"2023-11-10T06:47:23+00:00\" \/>\n<meta property=\"og:image\" content=\"https:\/\/www.palmatin.com\/wp-content\/uploads\/2018\/08\/log_houses.jpg\" \/>\n\t<meta property=\"og:image:width\" content=\"1920\" \/>\n\t<meta property=\"og:image:height\" content=\"300\" \/>\n\t<meta property=\"og:image:type\" content=\"image\/jpeg\" \/>\n<meta name=\"twitter:card\" content=\"summary_large_image\" \/>\n<meta name=\"twitter:site\" content=\"@palmatinhouses\" \/>\n<meta name=\"twitter:label1\" content=\"Tiempo de lectura\" \/>\n\t<meta name=\"twitter:data1\" content=\"1 minuto\" \/>\n<script type=\"application\/ld+json\" class=\"yoast-schema-graph\">{\"@context\":\"https:\\\/\\\/schema.org\",\"@graph\":[{\"@type\":\"WebPage\",\"@id\":\"https:\\\/\\\/www.palmatin.com\\\/es\\\/fotos\\\/\",\"url\":\"https:\\\/\\\/www.palmatin.com\\\/es\\\/fotos\\\/\",\"name\":\"Galer\u00eda de fotos de casas de troncos con hermosas fotos de casas de troncos\",\"isPartOf\":{\"@id\":\"https:\\\/\\\/www.palmatin.com\\\/es\\\/#website\"},\"primaryImageOfPage\":{\"@id\":\"https:\\\/\\\/www.palmatin.com\\\/es\\\/fotos\\\/#primaryimage\"},\"image\":{\"@id\":\"https:\\\/\\\/www.palmatin.com\\\/es\\\/fotos\\\/#primaryimage\"},\"thumbnailUrl\":\"https:\\\/\\\/www.palmatin.com\\\/wp-content\\\/uploads\\\/2018\\\/08\\\/log_houses.jpg\",\"datePublished\":\"2018-07-02T10:23:49+00:00\",\"dateModified\":\"2023-11-10T06:47:23+00:00\",\"description\":\"Descubra hermosas casas de troncos - Im\u00e1genes de diferentes interiores de casas de troncos, exteriores de casas de troncos- e im\u00e1genes en construcci\u00f3n sobre casas construidas por Palmatin\",\"breadcrumb\":{\"@id\":\"https:\\\/\\\/www.palmatin.com\\\/es\\\/fotos\\\/#breadcrumb\"},\"inLanguage\":\"es\",\"potentialAction\":[{\"@type\":\"ReadAction\",\"target\":[\"https:\\\/\\\/www.palmatin.com\\\/es\\\/fotos\\\/\"]}]},{\"@type\":\"ImageObject\",\"inLanguage\":\"es\",\"@id\":\"https:\\\/\\\/www.palmatin.com\\\/es\\\/fotos\\\/#primaryimage\",\"url\":\"https:\\\/\\\/www.palmatin.com\\\/wp-content\\\/uploads\\\/2018\\\/08\\\/log_houses.jpg\",\"contentUrl\":\"https:\\\/\\\/www.palmatin.com\\\/wp-content\\\/uploads\\\/2018\\\/08\\\/log_houses.jpg\",\"width\":1920,\"height\":300,\"caption\":\"Palmatin mod\u00e8le maison en rondins, page contact\"},{\"@type\":\"BreadcrumbList\",\"@id\":\"https:\\\/\\\/www.palmatin.com\\\/es\\\/fotos\\\/#breadcrumb\",\"itemListElement\":[{\"@type\":\"ListItem\",\"position\":1,\"name\":\"Home\",\"item\":\"https:\\\/\\\/www.palmatin.com\\\/es\\\/\"},{\"@type\":\"ListItem\",\"position\":2,\"name\":\"Galer\u00eda\"}]},{\"@type\":\"WebSite\",\"@id\":\"https:\\\/\\\/www.palmatin.com\\\/es\\\/#website\",\"url\":\"https:\\\/\\\/www.palmatin.com\\\/es\\\/\",\"name\":\"Palmatin.com\",\"description\":\"Custom made wooden houses from project to assembly.\",\"publisher\":{\"@id\":\"https:\\\/\\\/www.palmatin.com\\\/es\\\/#organization\"},\"inLanguage\":\"es\"},{\"@type\":[\"Organization\",\"Place\",\"HomeAndConstructionBusiness\"],\"@id\":\"https:\\\/\\\/www.palmatin.com\\\/es\\\/#organization\",\"name\":\"Palmatin\",\"alternateName\":\"Palmatin Wooden Houses\",\"url\":\"https:\\\/\\\/www.palmatin.com\\\/es\\\/\",\"logo\":{\"@id\":\"https:\\\/\\\/www.palmatin.com\\\/es\\\/fotos\\\/#local-main-organization-logo\"},\"image\":{\"@id\":\"https:\\\/\\\/www.palmatin.com\\\/es\\\/fotos\\\/#local-main-organization-logo\"},\"sameAs\":[\"https:\\\/\\\/www.facebook.com\\\/palmatin.wooden.houses\",\"https:\\\/\\\/x.com\\\/palmatinhouses\",\"https:\\\/\\\/www.instagram.com\\\/palmatinwoodenhouses\\\/\",\"https:\\\/\\\/www.linkedin.com\\\/company\\\/palmatin-wooden-houses\",\"https:\\\/\\\/www.pinterest.com\\\/palmatin\\\/\",\"https:\\\/\\\/www.youtube.com\\\/channel\\\/UCS3v-T7tq4sPU5YkEvukfYg\"],\"description\":\"Palmatin wooden houses are expertly crafted, sustainable prefabricated element houses and log homes renowned for their durability, energy efficiency, and elegant Nordic design. Combining traditional building techniques with modern technology, Palmatin delivers customized living spaces that blend seamlessly with nature, ensuring comfort, quality, and eco-friendly living for generations.\",\"legalName\":\"Palmatin O\u00dc\",\"foundingDate\":\"1995-05-12\",\"numberOfEmployees\":{\"@type\":\"QuantitativeValue\",\"minValue\":\"11\",\"maxValue\":\"50\"},\"address\":{\"@id\":\"https:\\\/\\\/www.palmatin.com\\\/es\\\/fotos\\\/#local-main-place-address\"},\"telephone\":[\"(+372) 605 48 95\"],\"openingHoursSpecification\":[{\"@type\":\"OpeningHoursSpecification\",\"dayOfWeek\":[\"Monday\",\"Tuesday\",\"Wednesday\",\"Thursday\",\"Friday\"],\"opens\":\"08:00\",\"closes\":\"17:00\"},{\"@type\":\"OpeningHoursSpecification\",\"dayOfWeek\":[\"Saturday\",\"Sunday\"],\"opens\":\"00:00\",\"closes\":\"00:00\"}],\"email\":\"info@palmatin.com\",\"faxNumber\":\"(+372) 605 48 92\",\"areaServed\":\"world\",\"vatID\":\"EE100240388\",\"priceRange\":\"$$$\",\"currenciesAccepted\":\"Euros\"},{\"@type\":\"PostalAddress\",\"@id\":\"https:\\\/\\\/www.palmatin.com\\\/es\\\/fotos\\\/#local-main-place-address\",\"streetAddress\":\"Tammi tee 40b\",\"addressLocality\":\"Rannamoeisa\",\"postalCode\":\"76906\",\"addressRegion\":\"Harju parish\",\"addressCountry\":\"EE\"},{\"@type\":\"ImageObject\",\"inLanguage\":\"es\",\"@id\":\"https:\\\/\\\/www.palmatin.com\\\/es\\\/fotos\\\/#local-main-organization-logo\",\"url\":\"https:\\\/\\\/www.palmatin.com\\\/wp-content\\\/uploads\\\/2022\\\/11\\\/Logo_wrt.jpg\",\"contentUrl\":\"https:\\\/\\\/www.palmatin.com\\\/wp-content\\\/uploads\\\/2022\\\/11\\\/Logo_wrt.jpg\",\"width\":1458,\"height\":857,\"caption\":\"Palmatin\"}]}<\/script>\n<meta name=\"geo.placename\" content=\"Rannamoeisa\" \/>\n<meta name=\"geo.region\" content=\"Estonia\" \/>\n<!-- \/ Yoast SEO Premium plugin. -->","yoast_head_json":{"title":"Galer\u00eda de fotos de casas de troncos con hermosas fotos de casas de troncos","description":"Descubra hermosas casas de troncos - Im\u00e1genes de diferentes interiores de casas de troncos, exteriores de casas de troncos- e im\u00e1genes en construcci\u00f3n sobre casas construidas por Palmatin","robots":{"index":"index","follow":"follow","max-snippet":"max-snippet:-1","max-image-preview":"max-image-preview:large","max-video-preview":"max-video-preview:-1"},"canonical":"https:\/\/www.palmatin.com\/es\/fotos\/","og_locale":"es_ES","og_type":"article","og_title":"Galer\u00eda","og_description":"Aqu\u00ed puede navegar por nuestra amplia y hermosa galer\u00eda de fotos de casas de troncos. Estos son algunos de nuestros trabajos en casas de troncos a lo","og_url":"https:\/\/www.palmatin.com\/es\/fotos\/","og_site_name":"Palmatin.com","article_publisher":"https:\/\/www.facebook.com\/palmatin.wooden.houses","article_modified_time":"2023-11-10T06:47:23+00:00","og_image":[{"width":1920,"height":300,"url":"https:\/\/www.palmatin.com\/wp-content\/uploads\/2018\/08\/log_houses.jpg","type":"image\/jpeg"}],"twitter_card":"summary_large_image","twitter_site":"@palmatinhouses","twitter_misc":{"Tiempo de lectura":"1 minuto"},"schema":{"@context":"https:\/\/schema.org","@graph":[{"@type":"WebPage","@id":"https:\/\/www.palmatin.com\/es\/fotos\/","url":"https:\/\/www.palmatin.com\/es\/fotos\/","name":"Galer\u00eda de fotos de casas de troncos con hermosas fotos de casas de troncos","isPartOf":{"@id":"https:\/\/www.palmatin.com\/es\/#website"},"primaryImageOfPage":{"@id":"https:\/\/www.palmatin.com\/es\/fotos\/#primaryimage"},"image":{"@id":"https:\/\/www.palmatin.com\/es\/fotos\/#primaryimage"},"thumbnailUrl":"https:\/\/www.palmatin.com\/wp-content\/uploads\/2018\/08\/log_houses.jpg","datePublished":"2018-07-02T10:23:49+00:00","dateModified":"2023-11-10T06:47:23+00:00","description":"Descubra hermosas casas de troncos - Im\u00e1genes de diferentes interiores de casas de troncos, exteriores de casas de troncos- e im\u00e1genes en construcci\u00f3n sobre casas construidas por Palmatin","breadcrumb":{"@id":"https:\/\/www.palmatin.com\/es\/fotos\/#breadcrumb"},"inLanguage":"es","potentialAction":[{"@type":"ReadAction","target":["https:\/\/www.palmatin.com\/es\/fotos\/"]}]},{"@type":"ImageObject","inLanguage":"es","@id":"https:\/\/www.palmatin.com\/es\/fotos\/#primaryimage","url":"https:\/\/www.palmatin.com\/wp-content\/uploads\/2018\/08\/log_houses.jpg","contentUrl":"https:\/\/www.palmatin.com\/wp-content\/uploads\/2018\/08\/log_houses.jpg","width":1920,"height":300,"caption":"Palmatin mod\u00e8le maison en rondins, page contact"},{"@type":"BreadcrumbList","@id":"https:\/\/www.palmatin.com\/es\/fotos\/#breadcrumb","itemListElement":[{"@type":"ListItem","position":1,"name":"Home","item":"https:\/\/www.palmatin.com\/es\/"},{"@type":"ListItem","position":2,"name":"Galer\u00eda"}]},{"@type":"WebSite","@id":"https:\/\/www.palmatin.com\/es\/#website","url":"https:\/\/www.palmatin.com\/es\/","name":"Palmatin.com","description":"Custom made wooden houses from project to assembly.","publisher":{"@id":"https:\/\/www.palmatin.com\/es\/#organization"},"inLanguage":"es"},{"@type":["Organization","Place","HomeAndConstructionBusiness"],"@id":"https:\/\/www.palmatin.com\/es\/#organization","name":"Palmatin","alternateName":"Palmatin Wooden Houses","url":"https:\/\/www.palmatin.com\/es\/","logo":{"@id":"https:\/\/www.palmatin.com\/es\/fotos\/#local-main-organization-logo"},"image":{"@id":"https:\/\/www.palmatin.com\/es\/fotos\/#local-main-organization-logo"},"sameAs":["https:\/\/www.facebook.com\/palmatin.wooden.houses","https:\/\/x.com\/palmatinhouses","https:\/\/www.instagram.com\/palmatinwoodenhouses\/","https:\/\/www.linkedin.com\/company\/palmatin-wooden-houses","https:\/\/www.pinterest.com\/palmatin\/","https:\/\/www.youtube.com\/channel\/UCS3v-T7tq4sPU5YkEvukfYg"],"description":"Palmatin wooden houses are expertly crafted, sustainable prefabricated element houses and log homes renowned for their durability, energy efficiency, and elegant Nordic design. Combining traditional building techniques with modern technology, Palmatin delivers customized living spaces that blend seamlessly with nature, ensuring comfort, quality, and eco-friendly living for generations.","legalName":"Palmatin O\u00dc","foundingDate":"1995-05-12","numberOfEmployees":{"@type":"QuantitativeValue","minValue":"11","maxValue":"50"},"address":{"@id":"https:\/\/www.palmatin.com\/es\/fotos\/#local-main-place-address"},"telephone":["(+372) 605 48 95"],"openingHoursSpecification":[{"@type":"OpeningHoursSpecification","dayOfWeek":["Monday","Tuesday","Wednesday","Thursday","Friday"],"opens":"08:00","closes":"17:00"},{"@type":"OpeningHoursSpecification","dayOfWeek":["Saturday","Sunday"],"opens":"00:00","closes":"00:00"}],"email":"info@palmatin.com","faxNumber":"(+372) 605 48 92","areaServed":"world","vatID":"EE100240388","priceRange":"$$$","currenciesAccepted":"Euros"},{"@type":"PostalAddress","@id":"https:\/\/www.palmatin.com\/es\/fotos\/#local-main-place-address","streetAddress":"Tammi tee 40b","addressLocality":"Rannamoeisa","postalCode":"76906","addressRegion":"Harju parish","addressCountry":"EE"},{"@type":"ImageObject","inLanguage":"es","@id":"https:\/\/www.palmatin.com\/es\/fotos\/#local-main-organization-logo","url":"https:\/\/www.palmatin.com\/wp-content\/uploads\/2022\/11\/Logo_wrt.jpg","contentUrl":"https:\/\/www.palmatin.com\/wp-content\/uploads\/2022\/11\/Logo_wrt.jpg","width":1458,"height":857,"caption":"Palmatin"}]},"geo.placename":"Rannamoeisa","geo.region":"Estonia"},"_links":{"self":[{"href":"https:\/\/www.palmatin.com\/es\/wp-json\/wp\/v2\/pages\/1501","targetHints":{"allow":["GET"]}}],"collection":[{"href":"https:\/\/www.palmatin.com\/es\/wp-json\/wp\/v2\/pages"}],"about":[{"href":"https:\/\/www.palmatin.com\/es\/wp-json\/wp\/v2\/types\/page"}],"author":[{"embeddable":true,"href":"https:\/\/www.palmatin.com\/es\/wp-json\/wp\/v2\/users\/1"}],"replies":[{"embeddable":true,"href":"https:\/\/www.palmatin.com\/es\/wp-json\/wp\/v2\/comments?post=1501"}],"version-history":[{"count":0,"href":"https:\/\/www.palmatin.com\/es\/wp-json\/wp\/v2\/pages\/1501\/revisions"}],"wp:featuredmedia":[{"embeddable":true,"href":"https:\/\/www.palmatin.com\/es\/wp-json\/wp\/v2\/media\/1502"}],"wp:attachment":[{"href":"https:\/\/www.palmatin.com\/es\/wp-json\/wp\/v2\/media?parent=1501"}],"curies":[{"name":"wp","href":"https:\/\/api.w.org\/{rel}","templated":true}]}}