{"id":9903,"date":"2018-10-19T08:12:58","date_gmt":"2018-10-19T08:12:58","guid":{"rendered":"https:\/\/www.palmatin.com\/cross-laminated-timber-panel-clt-panel\/"},"modified":"2020-07-22T11:55:42","modified_gmt":"2020-07-22T11:55:42","slug":"brettsperrholzplatten-bsp-platten","status":"publish","type":"page","link":"https:\/\/www.palmatin.com\/de\/brettsperrholzplatten-bsp-platten\/","title":{"rendered":"Brettsperrholzplatten \u2013 BSP-Platten"},"content":{"rendered":"<h3><\/h3>\n<p>&nbsp;<\/p>\n<p><strong>Brettsperrholzplatten (BSP) sind moderne, umweltfreundliche und flexible Platten.<\/strong><\/p>\n<p>Brettsperrholzplatten sind starke Holzplatten mit hervorragender Tragf\u00e4higkeit. Aufgrund der Flexibilit\u00e4t in den Abmessungen der Platten und ihren hervorragenden physikalischen Eigenschaften treffen sie jede Gestaltungsanforderung perfekt.<\/p>\n<p>Die Platten, die aus Brettsperrholzsektionen bestehen und hochwertige Rohstoffe verwenden, garantieren absolut pr\u00e4zise Abmessungen der Platten sowie deren Genauigkeit und Stabilit\u00e4t.<\/p>\n<p>Brettsperrholzplatten werden h\u00e4ufig verwendet, angefangen bei Wohngeb\u00e4uden bis hin zu gro\u00dfen Mehrfamilienhausprojekten. Gro\u00dfe Massivholzplatten werden den besonderen Anforderungen der Statik problemlos gerecht.<\/p>\n<p>Aufgrund ihrer gro\u00dfen Tragf\u00e4higkeit sind Brettsperrholzplatten eine ausgezeichnete Wahl f\u00fcr mehrst\u00f6ckige H\u00e4user und Verwaltungsgeb\u00e4ude.<\/p>\n<p>Die schnelle und einfache Montage der Elemente reduziert den Zeitaufwand f\u00fcr die Bauarbeiten erheblich.<\/p>\n<p>Die Flexibilit\u00e4t der Plattenproduktion bietet zeitgen\u00f6ssischen Architekten und Anh\u00e4ngern traditionelle Baustile eine Vielzahl an M\u00f6glichkeiten.<\/p>\n<p><strong>Verwendung:<\/strong><\/p>\n<ul>\n<li>Private H\u00e4user und Mehrfamilienh\u00e4user<\/li>\n<li>Mehrst\u00f6ckige Wohnh\u00e4user<\/li>\n<li>Erweiterungen<\/li>\n<li>Stadtentwicklung<\/li>\n<li>Krankenh\u00e4user und Schulen<\/li>\n<li>Gesch\u00e4ftsgeb\u00e4ude, B\u00fcros und Industriegeb\u00e4ude<\/li>\n<li>Landwirtschaftliche Geb\u00e4ude<\/li>\n<li>Tourismus- und Freizeiteinrichtungen<\/li>\n<li>Fertigh\u00e4user<\/li>\n<\/ul>\n<p><strong>Eigenschaften:<\/strong><\/p>\n<ul>\n<li>Robuste, wertwahrende Konstruktion<\/li>\n<li>Zus\u00e4tzlicher Raum dank der reduzierten St\u00e4rke der Elemente<\/li>\n<li>Flexibles Design<\/li>\n<li>Ausgezeichnete Form und Querschnittskonstanz<\/li>\n<li>Erstklassige physikalische Eigenschaften<\/li>\n<li>Vorgefertigte Elemente, leicht zu reinigen und staubfrei montierbar<\/li>\n<li>Kurze Montagezeit aufgrund fehlender technologischer Wartezeiten auf der Baustelle<\/li>\n<li>Nat\u00fcrliches, nachhaltiges Baumaterial<\/li>\n<li>CO2-Speicher<\/li>\n<\/ul>\n<h3>Herstellung von Platten aus Brettsperrholz<\/h3>\n<p>Handgelegte und -gehobelte Lamellen werden lose nebeneinander platziert, woraufhin sie miteinander verklebt werden.<\/p>\n<h4>Qualit\u00e4t der Platten:<\/h4>\n<p><strong>Industrielle Qualit\u00e4t:<\/strong><\/p>\n<p>Alle strukturellen Eigenschaften zur Verwendung in nicht sichtbaren Strukturen (z. B. unter der Gipsplatte)<\/p>\n<ul>\n<li>Die oberen Lamellen sind nach den Anforderungen der Lagerkonstruktion von C24 gem\u00e4\u00df EN338 sortiert. Es sind maximal 10 % an C16-Materialien zul\u00e4ssig.<\/li>\n<li>Farbver\u00e4nderungen in den Lamellen sind zul\u00e4ssig (z. B. Blauf\u00e4ule) sowie lose \u00c4ste, Einwachsen und Harzverbindungen.<\/li>\n<li>An der Au\u00dfenseite k\u00f6nnen geschlossene \u00d6ffnungen in der Au\u00dfenschicht, Klebespuren und<\/li>\n<li>Druckstellen auftreten.<\/li>\n<li>Oberfl\u00e4che gehobelt<\/li>\n<\/ul>\n<p><strong>Standardqualit\u00e4t:<\/strong><\/p>\n<p>Zus\u00e4tzliche visuelle Anforderungen<\/p>\n<ul>\n<li>Strengere visuelle Kriterien f\u00fcr die Au\u00dfenschichten, im Gegensatz zu einfach nach H\u00e4rte sortiertem Holz.<\/li>\n<li>Die \u00e4u\u00dferen Lamellen werden als ganze \u00c4ste ausgew\u00e4hlt. Einzelne lose \u00c4ste sind m\u00f6glich, Defekte und kleine Harzdr\u00fcsen sind erlaubt<\/li>\n<li>Gehobelte und geschliffene Oberfl\u00e4che<\/li>\n<\/ul>\n<p><strong>Qualit\u00e4t des Wohnraums<\/strong><\/p>\n<p>Hohe Anforderungen an die sichtbaren Teile der Elemente. An dieser Stelle wird das h\u00f6chste optische Bewertungskriterium f\u00fcr Schnittholz verwendet. Die St\u00e4rke der Lamellen betr\u00e4gt max. 20 mm und sie werden mit Kleben und Vortrocknen behandelt, um ein minimales \u00d6ffnen der Fugen zu gew\u00e4hrleisten. Die Lamellen sind alle vorverfestigt und um das Austrocknen von Rissen auf der flachen Seite zu verhindern, werden sie in der L\u00e4nge nicht mehr verklebt.<\/p>\n<p>Zur Information:<\/p>\n<p>Holz ist ein nat\u00fcrliches Material. Auch bei einer sorgf\u00e4ltigen Auswahl der Rohstoffe kann es zu Abweichungen in der Qualit\u00e4t der Oberfl\u00e4che kommen. Das Aussehen einer Brettsperrholzplatte wird durch ihre oberste Schicht bestimmt.<\/p>\n<h3>Verladung und Transport<\/h3>\n<p>Um die optimale Konstruktionsgeschwindigkeit der Brettsperrholzplatten zu gew\u00e4hrleisten, sollten Verladung und Transport bei der Bestellung der Rohmaterialien mit eingeplant werden. Nach diesem Plan ist es m\u00f6glich, die gesamte Produktion so zu planen, dass die Paneele sofort zur Montage an die Baustelle geschickt werden k\u00f6nnen. Eine passende L\u00f6sung muss zwischen den W\u00fcnschen des Kunden und den Ladem\u00f6glichkeiten gefunden werden. Damit Sie immer \u00fcber ausreichende Informationen \u00fcber die geladenen Materialien verf\u00fcgen, benachrichtigen wir Sie immer einige Tage vor der Verladung. Wir informieren Sie auch dar\u00fcber, welche Platten verladen werden, und verhindern Verz\u00f6gerungen bei der Montage oder das Warten auf Hubvorrichtungen.<\/p>\n<p><strong>M\u00f6glicher Transport:<\/strong><br \/>\nPlatten waagerecht auf dem Boden des LKW<br \/>\nPlatten werden senkrecht verladen<\/p>\n<p><strong>Das Aufstellen der Platten:<\/strong><br \/>\nBrettsperrholzplatten werden mit einer Montageunterst\u00fctzung bereitgestellt. Das bedeutet, dass die Platten mit Anschlagseilen oder speziellen Anschlagpunkten zum Anheben im Werk und auf der Baustelle ausgestattet sind.<\/p>\n","protected":false},"excerpt":{"rendered":"<p>&nbsp; Brettsperrholzplatten (BSP) sind moderne, umweltfreundliche und flexible Platten. Brettsperrholzplatten sind starke Holzplatten mit hervorragender Tragf\u00e4higkeit. Aufgrund der Flexibilit\u00e4t in den Abmessungen der Platten und ihren hervorragenden physikalischen Eigenschaften treffen sie jede Gestaltungsanforderung perfekt. Die Platten, die aus Brettsperrholzsektionen bestehen und hochwertige Rohstoffe verwenden, garantieren absolut pr\u00e4zise Abmessungen der Platten sowie deren Genauigkeit und Stabilit\u00e4t. &hellip; <a href=\"https:\/\/www.palmatin.com\/de\/brettsperrholzplatten-bsp-platten\/\">Fortsetzung<\/a><\/p>\n","protected":false},"author":2,"featured_media":1489,"parent":0,"menu_order":0,"comment_status":"closed","ping_status":"closed","template":"views\/template-page.blade.php","meta":{"_acf_changed":false,"footnotes":""},"class_list":["post-9903","page","type-page","status-publish","has-post-thumbnail","hentry"],"acf":[],"yoast_head":"<!-- This site is optimized with the Yoast SEO Premium plugin v27.3 (Yoast SEO v27.4) - https:\/\/yoast.com\/product\/yoast-seo-premium-wordpress\/ -->\n<title>Brettsperrholzplatten \u2013 BSP-Platten - Palmatin.com<\/title>\n<meta name=\"description\" content=\"&nbsp; Brettsperrholzplatten (BSP) sind moderne, umweltfreundliche und flexible Platten. Brettsperrholzplatten sind starke Holzplatten mit hervorragender\" \/>\n<meta name=\"robots\" content=\"index, follow, max-snippet:-1, max-image-preview:large, max-video-preview:-1\" \/>\n<link rel=\"canonical\" href=\"https:\/\/www.palmatin.com\/de\/brettsperrholzplatten-bsp-platten\/\" \/>\n<meta property=\"og:locale\" content=\"de_DE\" \/>\n<meta property=\"og:type\" content=\"article\" \/>\n<meta property=\"og:title\" content=\"Brettsperrholzplatten \u2013 BSP-Platten\" \/>\n<meta property=\"og:description\" content=\"&nbsp; Brettsperrholzplatten (BSP) sind moderne, umweltfreundliche und flexible Platten. Brettsperrholzplatten sind starke Holzplatten mit hervorragender\" \/>\n<meta property=\"og:url\" content=\"https:\/\/www.palmatin.com\/de\/brettsperrholzplatten-bsp-platten\/\" \/>\n<meta property=\"og:site_name\" content=\"Palmatin.com\" \/>\n<meta property=\"article:publisher\" content=\"https:\/\/www.facebook.com\/palmatin.wooden.houses\" \/>\n<meta property=\"article:modified_time\" content=\"2020-07-22T11:55:42+00:00\" \/>\n<meta property=\"og:image\" content=\"https:\/\/www.palmatin.com\/wp-content\/uploads\/2018\/08\/log_houses.jpg\" \/>\n\t<meta property=\"og:image:width\" content=\"1920\" \/>\n\t<meta property=\"og:image:height\" content=\"300\" \/>\n\t<meta property=\"og:image:type\" content=\"image\/jpeg\" \/>\n<meta name=\"twitter:card\" content=\"summary_large_image\" \/>\n<meta name=\"twitter:site\" content=\"@palmatinhouses\" \/>\n<meta name=\"twitter:label1\" content=\"Gesch\u00e4tzte Lesezeit\" \/>\n\t<meta name=\"twitter:data1\" content=\"3\u00a0Minuten\" \/>\n<script type=\"application\/ld+json\" class=\"yoast-schema-graph\">{\"@context\":\"https:\\\/\\\/schema.org\",\"@graph\":[{\"@type\":\"WebPage\",\"@id\":\"https:\\\/\\\/www.palmatin.com\\\/de\\\/brettsperrholzplatten-bsp-platten\\\/\",\"url\":\"https:\\\/\\\/www.palmatin.com\\\/de\\\/brettsperrholzplatten-bsp-platten\\\/\",\"name\":\"Brettsperrholzplatten \u2013 BSP-Platten - Palmatin.com\",\"isPartOf\":{\"@id\":\"https:\\\/\\\/www.palmatin.com\\\/de\\\/#website\"},\"primaryImageOfPage\":{\"@id\":\"https:\\\/\\\/www.palmatin.com\\\/de\\\/brettsperrholzplatten-bsp-platten\\\/#primaryimage\"},\"image\":{\"@id\":\"https:\\\/\\\/www.palmatin.com\\\/de\\\/brettsperrholzplatten-bsp-platten\\\/#primaryimage\"},\"thumbnailUrl\":\"https:\\\/\\\/www.palmatin.com\\\/wp-content\\\/uploads\\\/2018\\\/08\\\/log_houses.jpg\",\"datePublished\":\"2018-10-19T08:12:58+00:00\",\"dateModified\":\"2020-07-22T11:55:42+00:00\",\"description\":\"&nbsp; Brettsperrholzplatten (BSP) sind moderne, umweltfreundliche und flexible Platten. Brettsperrholzplatten sind starke Holzplatten mit hervorragender\",\"breadcrumb\":{\"@id\":\"https:\\\/\\\/www.palmatin.com\\\/de\\\/brettsperrholzplatten-bsp-platten\\\/#breadcrumb\"},\"inLanguage\":\"de\",\"potentialAction\":[{\"@type\":\"ReadAction\",\"target\":[\"https:\\\/\\\/www.palmatin.com\\\/de\\\/brettsperrholzplatten-bsp-platten\\\/\"]}]},{\"@type\":\"ImageObject\",\"inLanguage\":\"de\",\"@id\":\"https:\\\/\\\/www.palmatin.com\\\/de\\\/brettsperrholzplatten-bsp-platten\\\/#primaryimage\",\"url\":\"https:\\\/\\\/www.palmatin.com\\\/wp-content\\\/uploads\\\/2018\\\/08\\\/log_houses.jpg\",\"contentUrl\":\"https:\\\/\\\/www.palmatin.com\\\/wp-content\\\/uploads\\\/2018\\\/08\\\/log_houses.jpg\",\"width\":1920,\"height\":300,\"caption\":\"Palmatin mod\u00e8le maison en rondins, page contact\"},{\"@type\":\"BreadcrumbList\",\"@id\":\"https:\\\/\\\/www.palmatin.com\\\/de\\\/brettsperrholzplatten-bsp-platten\\\/#breadcrumb\",\"itemListElement\":[{\"@type\":\"ListItem\",\"position\":1,\"name\":\"Home\",\"item\":\"https:\\\/\\\/www.palmatin.com\\\/de\\\/\"},{\"@type\":\"ListItem\",\"position\":2,\"name\":\"Brettsperrholzplatten \u2013 BSP-Platten\"}]},{\"@type\":\"WebSite\",\"@id\":\"https:\\\/\\\/www.palmatin.com\\\/de\\\/#website\",\"url\":\"https:\\\/\\\/www.palmatin.com\\\/de\\\/\",\"name\":\"Palmatin.com\",\"description\":\"Custom made wooden houses from project to assembly.\",\"publisher\":{\"@id\":\"https:\\\/\\\/www.palmatin.com\\\/de\\\/#organization\"},\"inLanguage\":\"de\"},{\"@type\":[\"Organization\",\"Place\",\"HomeAndConstructionBusiness\"],\"@id\":\"https:\\\/\\\/www.palmatin.com\\\/de\\\/#organization\",\"name\":\"Palmatin\",\"alternateName\":\"Palmatin Wooden Houses\",\"url\":\"https:\\\/\\\/www.palmatin.com\\\/de\\\/\",\"logo\":{\"@id\":\"https:\\\/\\\/www.palmatin.com\\\/de\\\/brettsperrholzplatten-bsp-platten\\\/#local-main-organization-logo\"},\"image\":{\"@id\":\"https:\\\/\\\/www.palmatin.com\\\/de\\\/brettsperrholzplatten-bsp-platten\\\/#local-main-organization-logo\"},\"sameAs\":[\"https:\\\/\\\/www.facebook.com\\\/palmatin.wooden.houses\",\"https:\\\/\\\/x.com\\\/palmatinhouses\",\"https:\\\/\\\/www.instagram.com\\\/palmatinwoodenhouses\\\/\",\"https:\\\/\\\/www.linkedin.com\\\/company\\\/palmatin-wooden-houses\",\"https:\\\/\\\/www.pinterest.com\\\/palmatin\\\/\",\"https:\\\/\\\/www.youtube.com\\\/channel\\\/UCS3v-T7tq4sPU5YkEvukfYg\"],\"description\":\"Palmatin wooden houses are expertly crafted, sustainable prefabricated element houses and log homes renowned for their durability, energy efficiency, and elegant Nordic design. Combining traditional building techniques with modern technology, Palmatin delivers customized living spaces that blend seamlessly with nature, ensuring comfort, quality, and eco-friendly living for generations.\",\"legalName\":\"Palmatin O\u00dc\",\"foundingDate\":\"1995-05-12\",\"numberOfEmployees\":{\"@type\":\"QuantitativeValue\",\"minValue\":\"11\",\"maxValue\":\"50\"},\"address\":{\"@id\":\"https:\\\/\\\/www.palmatin.com\\\/de\\\/brettsperrholzplatten-bsp-platten\\\/#local-main-place-address\"},\"telephone\":[\"(+372) 605 48 95\"],\"openingHoursSpecification\":[{\"@type\":\"OpeningHoursSpecification\",\"dayOfWeek\":[\"Monday\",\"Tuesday\",\"Wednesday\",\"Thursday\",\"Friday\"],\"opens\":\"08:00\",\"closes\":\"17:00\"},{\"@type\":\"OpeningHoursSpecification\",\"dayOfWeek\":[\"Saturday\",\"Sunday\"],\"opens\":\"00:00\",\"closes\":\"00:00\"}],\"email\":\"info@palmatin.com\",\"faxNumber\":\"(+372) 605 48 92\",\"areaServed\":\"world\",\"vatID\":\"EE100240388\",\"priceRange\":\"$$$\",\"currenciesAccepted\":\"Euros\"},{\"@type\":\"PostalAddress\",\"@id\":\"https:\\\/\\\/www.palmatin.com\\\/de\\\/brettsperrholzplatten-bsp-platten\\\/#local-main-place-address\",\"streetAddress\":\"Tammi tee 40b\",\"addressLocality\":\"Rannamoeisa\",\"postalCode\":\"76906\",\"addressRegion\":\"Harju parish\",\"addressCountry\":\"EE\"},{\"@type\":\"ImageObject\",\"inLanguage\":\"de\",\"@id\":\"https:\\\/\\\/www.palmatin.com\\\/de\\\/brettsperrholzplatten-bsp-platten\\\/#local-main-organization-logo\",\"url\":\"https:\\\/\\\/www.palmatin.com\\\/wp-content\\\/uploads\\\/2022\\\/11\\\/Logo_wrt.jpg\",\"contentUrl\":\"https:\\\/\\\/www.palmatin.com\\\/wp-content\\\/uploads\\\/2022\\\/11\\\/Logo_wrt.jpg\",\"width\":1458,\"height\":857,\"caption\":\"Palmatin\"}]}<\/script>\n<meta name=\"geo.placename\" content=\"Rannamoeisa\" \/>\n<meta name=\"geo.region\" content=\"Estland\" \/>\n<!-- \/ Yoast SEO Premium plugin. -->","yoast_head_json":{"title":"Brettsperrholzplatten \u2013 BSP-Platten - Palmatin.com","description":"&nbsp; Brettsperrholzplatten (BSP) sind moderne, umweltfreundliche und flexible Platten. Brettsperrholzplatten sind starke Holzplatten mit hervorragender","robots":{"index":"index","follow":"follow","max-snippet":"max-snippet:-1","max-image-preview":"max-image-preview:large","max-video-preview":"max-video-preview:-1"},"canonical":"https:\/\/www.palmatin.com\/de\/brettsperrholzplatten-bsp-platten\/","og_locale":"de_DE","og_type":"article","og_title":"Brettsperrholzplatten \u2013 BSP-Platten","og_description":"&nbsp; Brettsperrholzplatten (BSP) sind moderne, umweltfreundliche und flexible Platten. Brettsperrholzplatten sind starke Holzplatten mit hervorragender","og_url":"https:\/\/www.palmatin.com\/de\/brettsperrholzplatten-bsp-platten\/","og_site_name":"Palmatin.com","article_publisher":"https:\/\/www.facebook.com\/palmatin.wooden.houses","article_modified_time":"2020-07-22T11:55:42+00:00","og_image":[{"width":1920,"height":300,"url":"https:\/\/www.palmatin.com\/wp-content\/uploads\/2018\/08\/log_houses.jpg","type":"image\/jpeg"}],"twitter_card":"summary_large_image","twitter_site":"@palmatinhouses","twitter_misc":{"Gesch\u00e4tzte Lesezeit":"3\u00a0Minuten"},"schema":{"@context":"https:\/\/schema.org","@graph":[{"@type":"WebPage","@id":"https:\/\/www.palmatin.com\/de\/brettsperrholzplatten-bsp-platten\/","url":"https:\/\/www.palmatin.com\/de\/brettsperrholzplatten-bsp-platten\/","name":"Brettsperrholzplatten \u2013 BSP-Platten - Palmatin.com","isPartOf":{"@id":"https:\/\/www.palmatin.com\/de\/#website"},"primaryImageOfPage":{"@id":"https:\/\/www.palmatin.com\/de\/brettsperrholzplatten-bsp-platten\/#primaryimage"},"image":{"@id":"https:\/\/www.palmatin.com\/de\/brettsperrholzplatten-bsp-platten\/#primaryimage"},"thumbnailUrl":"https:\/\/www.palmatin.com\/wp-content\/uploads\/2018\/08\/log_houses.jpg","datePublished":"2018-10-19T08:12:58+00:00","dateModified":"2020-07-22T11:55:42+00:00","description":"&nbsp; Brettsperrholzplatten (BSP) sind moderne, umweltfreundliche und flexible Platten. Brettsperrholzplatten sind starke Holzplatten mit hervorragender","breadcrumb":{"@id":"https:\/\/www.palmatin.com\/de\/brettsperrholzplatten-bsp-platten\/#breadcrumb"},"inLanguage":"de","potentialAction":[{"@type":"ReadAction","target":["https:\/\/www.palmatin.com\/de\/brettsperrholzplatten-bsp-platten\/"]}]},{"@type":"ImageObject","inLanguage":"de","@id":"https:\/\/www.palmatin.com\/de\/brettsperrholzplatten-bsp-platten\/#primaryimage","url":"https:\/\/www.palmatin.com\/wp-content\/uploads\/2018\/08\/log_houses.jpg","contentUrl":"https:\/\/www.palmatin.com\/wp-content\/uploads\/2018\/08\/log_houses.jpg","width":1920,"height":300,"caption":"Palmatin mod\u00e8le maison en rondins, page contact"},{"@type":"BreadcrumbList","@id":"https:\/\/www.palmatin.com\/de\/brettsperrholzplatten-bsp-platten\/#breadcrumb","itemListElement":[{"@type":"ListItem","position":1,"name":"Home","item":"https:\/\/www.palmatin.com\/de\/"},{"@type":"ListItem","position":2,"name":"Brettsperrholzplatten \u2013 BSP-Platten"}]},{"@type":"WebSite","@id":"https:\/\/www.palmatin.com\/de\/#website","url":"https:\/\/www.palmatin.com\/de\/","name":"Palmatin.com","description":"Custom made wooden houses from project to assembly.","publisher":{"@id":"https:\/\/www.palmatin.com\/de\/#organization"},"inLanguage":"de"},{"@type":["Organization","Place","HomeAndConstructionBusiness"],"@id":"https:\/\/www.palmatin.com\/de\/#organization","name":"Palmatin","alternateName":"Palmatin Wooden Houses","url":"https:\/\/www.palmatin.com\/de\/","logo":{"@id":"https:\/\/www.palmatin.com\/de\/brettsperrholzplatten-bsp-platten\/#local-main-organization-logo"},"image":{"@id":"https:\/\/www.palmatin.com\/de\/brettsperrholzplatten-bsp-platten\/#local-main-organization-logo"},"sameAs":["https:\/\/www.facebook.com\/palmatin.wooden.houses","https:\/\/x.com\/palmatinhouses","https:\/\/www.instagram.com\/palmatinwoodenhouses\/","https:\/\/www.linkedin.com\/company\/palmatin-wooden-houses","https:\/\/www.pinterest.com\/palmatin\/","https:\/\/www.youtube.com\/channel\/UCS3v-T7tq4sPU5YkEvukfYg"],"description":"Palmatin wooden houses are expertly crafted, sustainable prefabricated element houses and log homes renowned for their durability, energy efficiency, and elegant Nordic design. Combining traditional building techniques with modern technology, Palmatin delivers customized living spaces that blend seamlessly with nature, ensuring comfort, quality, and eco-friendly living for generations.","legalName":"Palmatin O\u00dc","foundingDate":"1995-05-12","numberOfEmployees":{"@type":"QuantitativeValue","minValue":"11","maxValue":"50"},"address":{"@id":"https:\/\/www.palmatin.com\/de\/brettsperrholzplatten-bsp-platten\/#local-main-place-address"},"telephone":["(+372) 605 48 95"],"openingHoursSpecification":[{"@type":"OpeningHoursSpecification","dayOfWeek":["Monday","Tuesday","Wednesday","Thursday","Friday"],"opens":"08:00","closes":"17:00"},{"@type":"OpeningHoursSpecification","dayOfWeek":["Saturday","Sunday"],"opens":"00:00","closes":"00:00"}],"email":"info@palmatin.com","faxNumber":"(+372) 605 48 92","areaServed":"world","vatID":"EE100240388","priceRange":"$$$","currenciesAccepted":"Euros"},{"@type":"PostalAddress","@id":"https:\/\/www.palmatin.com\/de\/brettsperrholzplatten-bsp-platten\/#local-main-place-address","streetAddress":"Tammi tee 40b","addressLocality":"Rannamoeisa","postalCode":"76906","addressRegion":"Harju parish","addressCountry":"EE"},{"@type":"ImageObject","inLanguage":"de","@id":"https:\/\/www.palmatin.com\/de\/brettsperrholzplatten-bsp-platten\/#local-main-organization-logo","url":"https:\/\/www.palmatin.com\/wp-content\/uploads\/2022\/11\/Logo_wrt.jpg","contentUrl":"https:\/\/www.palmatin.com\/wp-content\/uploads\/2022\/11\/Logo_wrt.jpg","width":1458,"height":857,"caption":"Palmatin"}]},"geo.placename":"Rannamoeisa","geo.region":"Estland"},"_links":{"self":[{"href":"https:\/\/www.palmatin.com\/de\/wp-json\/wp\/v2\/pages\/9903","targetHints":{"allow":["GET"]}}],"collection":[{"href":"https:\/\/www.palmatin.com\/de\/wp-json\/wp\/v2\/pages"}],"about":[{"href":"https:\/\/www.palmatin.com\/de\/wp-json\/wp\/v2\/types\/page"}],"author":[{"embeddable":true,"href":"https:\/\/www.palmatin.com\/de\/wp-json\/wp\/v2\/users\/2"}],"replies":[{"embeddable":true,"href":"https:\/\/www.palmatin.com\/de\/wp-json\/wp\/v2\/comments?post=9903"}],"version-history":[{"count":0,"href":"https:\/\/www.palmatin.com\/de\/wp-json\/wp\/v2\/pages\/9903\/revisions"}],"wp:featuredmedia":[{"embeddable":true,"href":"https:\/\/www.palmatin.com\/de\/wp-json\/wp\/v2\/media\/1489"}],"wp:attachment":[{"href":"https:\/\/www.palmatin.com\/de\/wp-json\/wp\/v2\/media?parent=9903"}],"curies":[{"name":"wp","href":"https:\/\/api.w.org\/{rel}","templated":true}]}}