{"id":9847,"date":"2019-04-17T11:18:13","date_gmt":"2019-04-17T11:18:13","guid":{"rendered":"https:\/\/www.palmatin.com\/get-free-pdf-log-house-catalogue\/"},"modified":"2024-09-18T13:48:07","modified_gmt":"2024-09-18T13:48:07","slug":"fordern-sie-unseren-kostenlosen-katalog-mit-den-attraktiven-blockhaus-musterloesungen-an","status":"publish","type":"page","link":"https:\/\/www.palmatin.com\/de\/fordern-sie-unseren-kostenlosen-katalog-mit-den-attraktiven-blockhaus-musterloesungen-an\/","title":{"rendered":"Entdecken Sie die Palmatin-Kataloge"},"content":{"rendered":"<article id=\"post-11362\" class=\"clearfix\">\n<div class=\"entry-main\">\n<div class=\"entry-content\">\n<p style=\"text-align: center;\">Laden Sie unsere Kataloge und Brosch\u00fcren herunter, um sich die Hausserien und Holzkonstruktionen genau anzusehen und alle n\u00f6tigen Informationen dar\u00fcber zu erhalten. Mithilfe der Vergleichstabellen k\u00f6nnen Sie die Optionen und Funktionen der H\u00e4user vergleichen und visualisieren.<\/p>\n<p style=\"text-align: center;\">Mit diesen Katalogen k\u00f6nnen Sie Ihre Lieblingsh\u00e4user markieren, entwerfen und weitere Ideen f\u00fcr Ihr Haus sammeln. Dank dem PDF-Format k\u00f6nnen Sie von \u00fcberall auf die Dokumente zugreifen und sie jederzeit lesen.<\/p>\n<\/div>\n<\/div>\n<\/article>\n","protected":false},"excerpt":{"rendered":"<p>Laden Sie unsere Kataloge und Brosch\u00fcren herunter, um sich die Hausserien und Holzkonstruktionen genau anzusehen und alle n\u00f6tigen Informationen dar\u00fcber zu erhalten. Mithilfe der Vergleichstabellen k\u00f6nnen Sie die Optionen und Funktionen der H\u00e4user vergleichen und visualisieren. Mit diesen Katalogen k\u00f6nnen Sie Ihre Lieblingsh\u00e4user markieren, entwerfen und weitere Ideen f\u00fcr Ihr Haus sammeln. Dank dem PDF-Format &hellip; <a href=\"https:\/\/www.palmatin.com\/de\/fordern-sie-unseren-kostenlosen-katalog-mit-den-attraktiven-blockhaus-musterloesungen-an\/\">Fortsetzung<\/a><\/p>\n","protected":false},"author":2,"featured_media":1489,"parent":0,"menu_order":0,"comment_status":"closed","ping_status":"closed","template":"views\/template-content-blocks.blade.php","meta":{"_acf_changed":false,"footnotes":""},"class_list":["post-9847","page","type-page","status-publish","has-post-thumbnail","hentry"],"acf":[],"yoast_head":"<!-- This site is optimized with the Yoast SEO Premium plugin v27.3 (Yoast SEO v27.3) - https:\/\/yoast.com\/product\/yoast-seo-premium-wordpress\/ -->\n<title>Entdecken Sie die Palmatin-Kataloge - Palmatin.com<\/title>\n<meta name=\"description\" content=\"Laden Sie unsere Kataloge und Brosch\u00fcren herunter, um sich die Hausserien und Holzkonstruktionen genau anzusehen und alle n\u00f6tigen Informationen dar\u00fcber zu\" \/>\n<meta name=\"robots\" content=\"index, follow, max-snippet:-1, max-image-preview:large, max-video-preview:-1\" \/>\n<link rel=\"canonical\" href=\"https:\/\/www.palmatin.com\/de\/fordern-sie-unseren-kostenlosen-katalog-mit-den-attraktiven-blockhaus-musterloesungen-an\/\" \/>\n<meta property=\"og:locale\" content=\"de_DE\" \/>\n<meta property=\"og:type\" content=\"article\" \/>\n<meta property=\"og:title\" content=\"Entdecken Sie die Palmatin-Kataloge\" \/>\n<meta property=\"og:description\" content=\"Laden Sie unsere Kataloge und Brosch\u00fcren herunter, um sich die Hausserien und Holzkonstruktionen genau anzusehen und alle n\u00f6tigen Informationen dar\u00fcber zu\" \/>\n<meta property=\"og:url\" content=\"https:\/\/www.palmatin.com\/de\/fordern-sie-unseren-kostenlosen-katalog-mit-den-attraktiven-blockhaus-musterloesungen-an\/\" \/>\n<meta property=\"og:site_name\" content=\"Palmatin.com\" \/>\n<meta property=\"article:publisher\" content=\"https:\/\/www.facebook.com\/palmatin.wooden.houses\" \/>\n<meta property=\"article:modified_time\" content=\"2024-09-18T13:48:07+00:00\" \/>\n<meta property=\"og:image\" content=\"https:\/\/www.palmatin.com\/wp-content\/uploads\/2018\/08\/log_houses.jpg\" \/>\n\t<meta property=\"og:image:width\" content=\"1920\" \/>\n\t<meta property=\"og:image:height\" content=\"300\" \/>\n\t<meta property=\"og:image:type\" content=\"image\/jpeg\" \/>\n<meta name=\"twitter:card\" content=\"summary_large_image\" \/>\n<meta name=\"twitter:site\" content=\"@palmatinhouses\" \/>\n<meta name=\"twitter:label1\" content=\"Gesch\u00e4tzte Lesezeit\" \/>\n\t<meta name=\"twitter:data1\" content=\"1\u00a0Minute\" \/>\n<script type=\"application\/ld+json\" class=\"yoast-schema-graph\">{\"@context\":\"https:\\\/\\\/schema.org\",\"@graph\":[{\"@type\":\"WebPage\",\"@id\":\"https:\\\/\\\/www.palmatin.com\\\/de\\\/fordern-sie-unseren-kostenlosen-katalog-mit-den-attraktiven-blockhaus-musterloesungen-an\\\/\",\"url\":\"https:\\\/\\\/www.palmatin.com\\\/de\\\/fordern-sie-unseren-kostenlosen-katalog-mit-den-attraktiven-blockhaus-musterloesungen-an\\\/\",\"name\":\"Entdecken Sie die Palmatin-Kataloge - Palmatin.com\",\"isPartOf\":{\"@id\":\"https:\\\/\\\/www.palmatin.com\\\/de\\\/#website\"},\"primaryImageOfPage\":{\"@id\":\"https:\\\/\\\/www.palmatin.com\\\/de\\\/fordern-sie-unseren-kostenlosen-katalog-mit-den-attraktiven-blockhaus-musterloesungen-an\\\/#primaryimage\"},\"image\":{\"@id\":\"https:\\\/\\\/www.palmatin.com\\\/de\\\/fordern-sie-unseren-kostenlosen-katalog-mit-den-attraktiven-blockhaus-musterloesungen-an\\\/#primaryimage\"},\"thumbnailUrl\":\"https:\\\/\\\/www.palmatin.com\\\/wp-content\\\/uploads\\\/2018\\\/08\\\/log_houses.jpg\",\"datePublished\":\"2019-04-17T11:18:13+00:00\",\"dateModified\":\"2024-09-18T13:48:07+00:00\",\"description\":\"Laden Sie unsere Kataloge und Brosch\u00fcren herunter, um sich die Hausserien und Holzkonstruktionen genau anzusehen und alle n\u00f6tigen Informationen dar\u00fcber zu\",\"breadcrumb\":{\"@id\":\"https:\\\/\\\/www.palmatin.com\\\/de\\\/fordern-sie-unseren-kostenlosen-katalog-mit-den-attraktiven-blockhaus-musterloesungen-an\\\/#breadcrumb\"},\"inLanguage\":\"de\",\"potentialAction\":[{\"@type\":\"ReadAction\",\"target\":[\"https:\\\/\\\/www.palmatin.com\\\/de\\\/fordern-sie-unseren-kostenlosen-katalog-mit-den-attraktiven-blockhaus-musterloesungen-an\\\/\"]}]},{\"@type\":\"ImageObject\",\"inLanguage\":\"de\",\"@id\":\"https:\\\/\\\/www.palmatin.com\\\/de\\\/fordern-sie-unseren-kostenlosen-katalog-mit-den-attraktiven-blockhaus-musterloesungen-an\\\/#primaryimage\",\"url\":\"https:\\\/\\\/www.palmatin.com\\\/wp-content\\\/uploads\\\/2018\\\/08\\\/log_houses.jpg\",\"contentUrl\":\"https:\\\/\\\/www.palmatin.com\\\/wp-content\\\/uploads\\\/2018\\\/08\\\/log_houses.jpg\",\"width\":1920,\"height\":300,\"caption\":\"Palmatin mod\u00e8le maison en rondins, page contact\"},{\"@type\":\"BreadcrumbList\",\"@id\":\"https:\\\/\\\/www.palmatin.com\\\/de\\\/fordern-sie-unseren-kostenlosen-katalog-mit-den-attraktiven-blockhaus-musterloesungen-an\\\/#breadcrumb\",\"itemListElement\":[{\"@type\":\"ListItem\",\"position\":1,\"name\":\"Home\",\"item\":\"https:\\\/\\\/www.palmatin.com\\\/de\\\/\"},{\"@type\":\"ListItem\",\"position\":2,\"name\":\"Entdecken Sie die Palmatin-Kataloge\"}]},{\"@type\":\"WebSite\",\"@id\":\"https:\\\/\\\/www.palmatin.com\\\/de\\\/#website\",\"url\":\"https:\\\/\\\/www.palmatin.com\\\/de\\\/\",\"name\":\"Palmatin.com\",\"description\":\"Custom made wooden houses from project to assembly.\",\"publisher\":{\"@id\":\"https:\\\/\\\/www.palmatin.com\\\/de\\\/#organization\"},\"inLanguage\":\"de\"},{\"@type\":[\"Organization\",\"Place\",\"HomeAndConstructionBusiness\"],\"@id\":\"https:\\\/\\\/www.palmatin.com\\\/de\\\/#organization\",\"name\":\"Palmatin\",\"alternateName\":\"Palmatin Wooden Houses\",\"url\":\"https:\\\/\\\/www.palmatin.com\\\/de\\\/\",\"logo\":{\"@id\":\"https:\\\/\\\/www.palmatin.com\\\/de\\\/fordern-sie-unseren-kostenlosen-katalog-mit-den-attraktiven-blockhaus-musterloesungen-an\\\/#local-main-organization-logo\"},\"image\":{\"@id\":\"https:\\\/\\\/www.palmatin.com\\\/de\\\/fordern-sie-unseren-kostenlosen-katalog-mit-den-attraktiven-blockhaus-musterloesungen-an\\\/#local-main-organization-logo\"},\"sameAs\":[\"https:\\\/\\\/www.facebook.com\\\/palmatin.wooden.houses\",\"https:\\\/\\\/x.com\\\/palmatinhouses\",\"https:\\\/\\\/www.instagram.com\\\/palmatinwoodenhouses\\\/\",\"https:\\\/\\\/www.linkedin.com\\\/company\\\/palmatin-wooden-houses\",\"https:\\\/\\\/www.pinterest.com\\\/palmatin\\\/\",\"https:\\\/\\\/www.youtube.com\\\/channel\\\/UCS3v-T7tq4sPU5YkEvukfYg\"],\"description\":\"Palmatin wooden houses are expertly crafted, sustainable prefabricated element houses and log homes renowned for their durability, energy efficiency, and elegant Nordic design. Combining traditional building techniques with modern technology, Palmatin delivers customized living spaces that blend seamlessly with nature, ensuring comfort, quality, and eco-friendly living for generations.\",\"legalName\":\"Palmatin O\u00dc\",\"foundingDate\":\"1995-05-12\",\"numberOfEmployees\":{\"@type\":\"QuantitativeValue\",\"minValue\":\"11\",\"maxValue\":\"50\"},\"address\":{\"@id\":\"https:\\\/\\\/www.palmatin.com\\\/de\\\/fordern-sie-unseren-kostenlosen-katalog-mit-den-attraktiven-blockhaus-musterloesungen-an\\\/#local-main-place-address\"},\"telephone\":[\"(+372) 605 48 95\"],\"openingHoursSpecification\":[{\"@type\":\"OpeningHoursSpecification\",\"dayOfWeek\":[\"Monday\",\"Tuesday\",\"Wednesday\",\"Thursday\",\"Friday\"],\"opens\":\"08:00\",\"closes\":\"17:00\"},{\"@type\":\"OpeningHoursSpecification\",\"dayOfWeek\":[\"Saturday\",\"Sunday\"],\"opens\":\"00:00\",\"closes\":\"00:00\"}],\"email\":\"info@palmatin.com\",\"faxNumber\":\"(+372) 605 48 92\",\"areaServed\":\"world\",\"vatID\":\"EE100240388\",\"priceRange\":\"$$$\",\"currenciesAccepted\":\"Euros\"},{\"@type\":\"PostalAddress\",\"@id\":\"https:\\\/\\\/www.palmatin.com\\\/de\\\/fordern-sie-unseren-kostenlosen-katalog-mit-den-attraktiven-blockhaus-musterloesungen-an\\\/#local-main-place-address\",\"streetAddress\":\"Tammi tee 40b\",\"addressLocality\":\"Rannamoeisa\",\"postalCode\":\"76906\",\"addressRegion\":\"Harju parish\",\"addressCountry\":\"EE\"},{\"@type\":\"ImageObject\",\"inLanguage\":\"de\",\"@id\":\"https:\\\/\\\/www.palmatin.com\\\/de\\\/fordern-sie-unseren-kostenlosen-katalog-mit-den-attraktiven-blockhaus-musterloesungen-an\\\/#local-main-organization-logo\",\"url\":\"https:\\\/\\\/www.palmatin.com\\\/wp-content\\\/uploads\\\/2022\\\/11\\\/Logo_wrt.jpg\",\"contentUrl\":\"https:\\\/\\\/www.palmatin.com\\\/wp-content\\\/uploads\\\/2022\\\/11\\\/Logo_wrt.jpg\",\"width\":1458,\"height\":857,\"caption\":\"Palmatin\"}]}<\/script>\n<meta name=\"geo.placename\" content=\"Rannamoeisa\" \/>\n<meta name=\"geo.region\" content=\"Estland\" \/>\n<!-- \/ Yoast SEO Premium plugin. -->","yoast_head_json":{"title":"Entdecken Sie die Palmatin-Kataloge - Palmatin.com","description":"Laden Sie unsere Kataloge und Brosch\u00fcren herunter, um sich die Hausserien und Holzkonstruktionen genau anzusehen und alle n\u00f6tigen Informationen dar\u00fcber zu","robots":{"index":"index","follow":"follow","max-snippet":"max-snippet:-1","max-image-preview":"max-image-preview:large","max-video-preview":"max-video-preview:-1"},"canonical":"https:\/\/www.palmatin.com\/de\/fordern-sie-unseren-kostenlosen-katalog-mit-den-attraktiven-blockhaus-musterloesungen-an\/","og_locale":"de_DE","og_type":"article","og_title":"Entdecken Sie die Palmatin-Kataloge","og_description":"Laden Sie unsere Kataloge und Brosch\u00fcren herunter, um sich die Hausserien und Holzkonstruktionen genau anzusehen und alle n\u00f6tigen Informationen dar\u00fcber zu","og_url":"https:\/\/www.palmatin.com\/de\/fordern-sie-unseren-kostenlosen-katalog-mit-den-attraktiven-blockhaus-musterloesungen-an\/","og_site_name":"Palmatin.com","article_publisher":"https:\/\/www.facebook.com\/palmatin.wooden.houses","article_modified_time":"2024-09-18T13:48:07+00:00","og_image":[{"width":1920,"height":300,"url":"https:\/\/www.palmatin.com\/wp-content\/uploads\/2018\/08\/log_houses.jpg","type":"image\/jpeg"}],"twitter_card":"summary_large_image","twitter_site":"@palmatinhouses","twitter_misc":{"Gesch\u00e4tzte Lesezeit":"1\u00a0Minute"},"schema":{"@context":"https:\/\/schema.org","@graph":[{"@type":"WebPage","@id":"https:\/\/www.palmatin.com\/de\/fordern-sie-unseren-kostenlosen-katalog-mit-den-attraktiven-blockhaus-musterloesungen-an\/","url":"https:\/\/www.palmatin.com\/de\/fordern-sie-unseren-kostenlosen-katalog-mit-den-attraktiven-blockhaus-musterloesungen-an\/","name":"Entdecken Sie die Palmatin-Kataloge - Palmatin.com","isPartOf":{"@id":"https:\/\/www.palmatin.com\/de\/#website"},"primaryImageOfPage":{"@id":"https:\/\/www.palmatin.com\/de\/fordern-sie-unseren-kostenlosen-katalog-mit-den-attraktiven-blockhaus-musterloesungen-an\/#primaryimage"},"image":{"@id":"https:\/\/www.palmatin.com\/de\/fordern-sie-unseren-kostenlosen-katalog-mit-den-attraktiven-blockhaus-musterloesungen-an\/#primaryimage"},"thumbnailUrl":"https:\/\/www.palmatin.com\/wp-content\/uploads\/2018\/08\/log_houses.jpg","datePublished":"2019-04-17T11:18:13+00:00","dateModified":"2024-09-18T13:48:07+00:00","description":"Laden Sie unsere Kataloge und Brosch\u00fcren herunter, um sich die Hausserien und Holzkonstruktionen genau anzusehen und alle n\u00f6tigen Informationen dar\u00fcber zu","breadcrumb":{"@id":"https:\/\/www.palmatin.com\/de\/fordern-sie-unseren-kostenlosen-katalog-mit-den-attraktiven-blockhaus-musterloesungen-an\/#breadcrumb"},"inLanguage":"de","potentialAction":[{"@type":"ReadAction","target":["https:\/\/www.palmatin.com\/de\/fordern-sie-unseren-kostenlosen-katalog-mit-den-attraktiven-blockhaus-musterloesungen-an\/"]}]},{"@type":"ImageObject","inLanguage":"de","@id":"https:\/\/www.palmatin.com\/de\/fordern-sie-unseren-kostenlosen-katalog-mit-den-attraktiven-blockhaus-musterloesungen-an\/#primaryimage","url":"https:\/\/www.palmatin.com\/wp-content\/uploads\/2018\/08\/log_houses.jpg","contentUrl":"https:\/\/www.palmatin.com\/wp-content\/uploads\/2018\/08\/log_houses.jpg","width":1920,"height":300,"caption":"Palmatin mod\u00e8le maison en rondins, page contact"},{"@type":"BreadcrumbList","@id":"https:\/\/www.palmatin.com\/de\/fordern-sie-unseren-kostenlosen-katalog-mit-den-attraktiven-blockhaus-musterloesungen-an\/#breadcrumb","itemListElement":[{"@type":"ListItem","position":1,"name":"Home","item":"https:\/\/www.palmatin.com\/de\/"},{"@type":"ListItem","position":2,"name":"Entdecken Sie die Palmatin-Kataloge"}]},{"@type":"WebSite","@id":"https:\/\/www.palmatin.com\/de\/#website","url":"https:\/\/www.palmatin.com\/de\/","name":"Palmatin.com","description":"Custom made wooden houses from project to assembly.","publisher":{"@id":"https:\/\/www.palmatin.com\/de\/#organization"},"inLanguage":"de"},{"@type":["Organization","Place","HomeAndConstructionBusiness"],"@id":"https:\/\/www.palmatin.com\/de\/#organization","name":"Palmatin","alternateName":"Palmatin Wooden Houses","url":"https:\/\/www.palmatin.com\/de\/","logo":{"@id":"https:\/\/www.palmatin.com\/de\/fordern-sie-unseren-kostenlosen-katalog-mit-den-attraktiven-blockhaus-musterloesungen-an\/#local-main-organization-logo"},"image":{"@id":"https:\/\/www.palmatin.com\/de\/fordern-sie-unseren-kostenlosen-katalog-mit-den-attraktiven-blockhaus-musterloesungen-an\/#local-main-organization-logo"},"sameAs":["https:\/\/www.facebook.com\/palmatin.wooden.houses","https:\/\/x.com\/palmatinhouses","https:\/\/www.instagram.com\/palmatinwoodenhouses\/","https:\/\/www.linkedin.com\/company\/palmatin-wooden-houses","https:\/\/www.pinterest.com\/palmatin\/","https:\/\/www.youtube.com\/channel\/UCS3v-T7tq4sPU5YkEvukfYg"],"description":"Palmatin wooden houses are expertly crafted, sustainable prefabricated element houses and log homes renowned for their durability, energy efficiency, and elegant Nordic design. Combining traditional building techniques with modern technology, Palmatin delivers customized living spaces that blend seamlessly with nature, ensuring comfort, quality, and eco-friendly living for generations.","legalName":"Palmatin O\u00dc","foundingDate":"1995-05-12","numberOfEmployees":{"@type":"QuantitativeValue","minValue":"11","maxValue":"50"},"address":{"@id":"https:\/\/www.palmatin.com\/de\/fordern-sie-unseren-kostenlosen-katalog-mit-den-attraktiven-blockhaus-musterloesungen-an\/#local-main-place-address"},"telephone":["(+372) 605 48 95"],"openingHoursSpecification":[{"@type":"OpeningHoursSpecification","dayOfWeek":["Monday","Tuesday","Wednesday","Thursday","Friday"],"opens":"08:00","closes":"17:00"},{"@type":"OpeningHoursSpecification","dayOfWeek":["Saturday","Sunday"],"opens":"00:00","closes":"00:00"}],"email":"info@palmatin.com","faxNumber":"(+372) 605 48 92","areaServed":"world","vatID":"EE100240388","priceRange":"$$$","currenciesAccepted":"Euros"},{"@type":"PostalAddress","@id":"https:\/\/www.palmatin.com\/de\/fordern-sie-unseren-kostenlosen-katalog-mit-den-attraktiven-blockhaus-musterloesungen-an\/#local-main-place-address","streetAddress":"Tammi tee 40b","addressLocality":"Rannamoeisa","postalCode":"76906","addressRegion":"Harju parish","addressCountry":"EE"},{"@type":"ImageObject","inLanguage":"de","@id":"https:\/\/www.palmatin.com\/de\/fordern-sie-unseren-kostenlosen-katalog-mit-den-attraktiven-blockhaus-musterloesungen-an\/#local-main-organization-logo","url":"https:\/\/www.palmatin.com\/wp-content\/uploads\/2022\/11\/Logo_wrt.jpg","contentUrl":"https:\/\/www.palmatin.com\/wp-content\/uploads\/2022\/11\/Logo_wrt.jpg","width":1458,"height":857,"caption":"Palmatin"}]},"geo.placename":"Rannamoeisa","geo.region":"Estland"},"_links":{"self":[{"href":"https:\/\/www.palmatin.com\/de\/wp-json\/wp\/v2\/pages\/9847","targetHints":{"allow":["GET"]}}],"collection":[{"href":"https:\/\/www.palmatin.com\/de\/wp-json\/wp\/v2\/pages"}],"about":[{"href":"https:\/\/www.palmatin.com\/de\/wp-json\/wp\/v2\/types\/page"}],"author":[{"embeddable":true,"href":"https:\/\/www.palmatin.com\/de\/wp-json\/wp\/v2\/users\/2"}],"replies":[{"embeddable":true,"href":"https:\/\/www.palmatin.com\/de\/wp-json\/wp\/v2\/comments?post=9847"}],"version-history":[{"count":0,"href":"https:\/\/www.palmatin.com\/de\/wp-json\/wp\/v2\/pages\/9847\/revisions"}],"wp:featuredmedia":[{"embeddable":true,"href":"https:\/\/www.palmatin.com\/de\/wp-json\/wp\/v2\/media\/1489"}],"wp:attachment":[{"href":"https:\/\/www.palmatin.com\/de\/wp-json\/wp\/v2\/media?parent=9847"}],"curies":[{"name":"wp","href":"https:\/\/api.w.org\/{rel}","templated":true}]}}