{"id":32238,"date":"2020-04-24T06:06:25","date_gmt":"2020-04-24T06:06:25","guid":{"rendered":"https:\/\/www.palmatin.com\/covid-19\/"},"modified":"2021-03-11T06:58:58","modified_gmt":"2021-03-11T06:58:58","slug":"covid-19","status":"publish","type":"page","link":"https:\/\/www.palmatin.com\/de\/covid-19\/","title":{"rendered":"COVID-19"},"content":{"rendered":"<p>&nbsp;<\/p>\n<p>Der Ausnahmezustand in Estland wegen der COVID-19 Pandemie veranlasst uns zu ver\u00e4ndertem Verhalten.<br \/>\nWir haben verschiedene Ma\u00dfnahmen getroffen, um die Verbreitung des Virus in unserem Unternehmen zu verhindern:<\/p>\n<p>Kundendienst und Besuche in unseren B\u00fcros sind bis mindestens 30.April 2021 ausgesetzt.<br \/>\nWie gewohnt werden Mitarbeiter von Palmatin Sie als Kunden \u00fcber Telefon und E-Mail kompetent und freundlich unterst\u00fctzen und Ihre Fragen beantworten.<br \/>\nPalmatin sch\u00e4tzt die Gesundheit seiner Mitarbeiter und Kunden sehr. Wir empfehlen Ihnen daher, die digitalen Medien von Palmatin zu nutzen, um Projekte zu besprechen und Bestellungen aufzugeben.<\/p>\n<p>Alle Kunden, die einen Termin vereinbart haben, werden kontaktiert, um die n\u00e4chsten Schritte zu besprechen.<br \/>\nTrotz des Ausnahmezustands werden wir unser Bestes tun, um unsere Versprechen und Verpflichtungen einzuhalten.<\/p>\n<p>Wir bitten Sie jedoch, geduldig und darauf vorbereitet zu sein, dass die Kommunikation und Auftragserf\u00fcllung l\u00e4nger als gew\u00f6hnlich dauern kann. In dieser Situation ist es am wichtigsten, das Risiko f\u00fcr alle Beteiligten zu minimieren.<br \/>\nFahrer, die aus einem Risikobereich zur\u00fcckkehren, werden gebeten, zu Hause zu bleiben. Fahrer die sich zum Beladen auf unserem Betriebsgel\u00e4nde aufhalten bitten wir die Ladefl\u00e4chen so zu \u00f6ffnen und vorzubereiten, dass unsere<\/p>\n<p>Mitarbeiter laden k\u00f6nnen. Gehen Sie zur\u00fcck in die Kabine, um jeglichen Kontakt mit unseren Mitarbeitern zu vermeiden bis die Beladung beendet ist.<br \/>\nNach dem Ladevorgang sollte der Fahrer die Ladungssicherung pr\u00fcfen, ohne Kontakt mit unseren Mitarbeitern zu suchen.<\/p>\n<p>Die Richtlinien des Gesundheitsamtes in Bezug auf den Ausbruch des COVID-19-Coronavirus setzen wir damit um.<\/p>\n<p>Das ganze Palmatin-Team bedankt sich f\u00fcr Ihr Verst\u00e4ndnis,<br \/>\nbleiben Sie gesund<\/p>\n<p>Palmatin O\u00dc<\/p>\n","protected":false},"excerpt":{"rendered":"<p>&nbsp; Der Ausnahmezustand in Estland wegen der COVID-19 Pandemie veranlasst uns zu ver\u00e4ndertem Verhalten. Wir haben verschiedene Ma\u00dfnahmen getroffen, um die Verbreitung des Virus in unserem Unternehmen zu verhindern: Kundendienst und Besuche in unseren B\u00fcros sind bis mindestens 30.April 2021 ausgesetzt. Wie gewohnt werden Mitarbeiter von Palmatin Sie als Kunden \u00fcber Telefon und E-Mail kompetent &hellip; <a href=\"https:\/\/www.palmatin.com\/de\/covid-19\/\">Fortsetzung<\/a><\/p>\n","protected":false},"author":2,"featured_media":1489,"parent":0,"menu_order":0,"comment_status":"closed","ping_status":"closed","template":"views\/template-page.blade.php","meta":{"_acf_changed":false,"footnotes":""},"class_list":["post-32238","page","type-page","status-publish","has-post-thumbnail","hentry"],"acf":[],"yoast_head":"<!-- This site is optimized with the Yoast SEO Premium plugin v27.3 (Yoast SEO v27.4) - https:\/\/yoast.com\/product\/yoast-seo-premium-wordpress\/ -->\n<title>COVID-19 - Palmatin.com<\/title>\n<meta name=\"description\" content=\"&nbsp; Der Ausnahmezustand in Estland wegen der COVID-19 Pandemie veranlasst uns zu ver\u00e4ndertem Verhalten. Wir haben verschiedene Ma\u00dfnahmen getroffen, um\" \/>\n<meta name=\"robots\" content=\"index, follow, max-snippet:-1, max-image-preview:large, max-video-preview:-1\" \/>\n<link rel=\"canonical\" href=\"https:\/\/www.palmatin.com\/de\/covid-19\/\" \/>\n<meta property=\"og:locale\" content=\"de_DE\" \/>\n<meta property=\"og:type\" content=\"article\" \/>\n<meta property=\"og:title\" content=\"COVID-19\" \/>\n<meta property=\"og:description\" content=\"&nbsp; Der Ausnahmezustand in Estland wegen der COVID-19 Pandemie veranlasst uns zu ver\u00e4ndertem Verhalten. Wir haben verschiedene Ma\u00dfnahmen getroffen, um\" \/>\n<meta property=\"og:url\" content=\"https:\/\/www.palmatin.com\/de\/covid-19\/\" \/>\n<meta property=\"og:site_name\" content=\"Palmatin.com\" \/>\n<meta property=\"article:publisher\" content=\"https:\/\/www.facebook.com\/palmatin.wooden.houses\" \/>\n<meta property=\"article:modified_time\" content=\"2021-03-11T06:58:58+00:00\" \/>\n<meta property=\"og:image\" content=\"https:\/\/www.palmatin.com\/wp-content\/uploads\/2018\/08\/log_houses.jpg\" \/>\n\t<meta property=\"og:image:width\" content=\"1920\" \/>\n\t<meta property=\"og:image:height\" content=\"300\" \/>\n\t<meta property=\"og:image:type\" content=\"image\/jpeg\" \/>\n<meta name=\"twitter:card\" content=\"summary_large_image\" \/>\n<meta name=\"twitter:site\" content=\"@palmatinhouses\" \/>\n<meta name=\"twitter:label1\" content=\"Gesch\u00e4tzte Lesezeit\" \/>\n\t<meta name=\"twitter:data1\" content=\"2\u00a0Minuten\" \/>\n<script type=\"application\/ld+json\" class=\"yoast-schema-graph\">{\"@context\":\"https:\\\/\\\/schema.org\",\"@graph\":[{\"@type\":\"WebPage\",\"@id\":\"https:\\\/\\\/www.palmatin.com\\\/de\\\/covid-19\\\/\",\"url\":\"https:\\\/\\\/www.palmatin.com\\\/de\\\/covid-19\\\/\",\"name\":\"COVID-19 - Palmatin.com\",\"isPartOf\":{\"@id\":\"https:\\\/\\\/www.palmatin.com\\\/de\\\/#website\"},\"primaryImageOfPage\":{\"@id\":\"https:\\\/\\\/www.palmatin.com\\\/de\\\/covid-19\\\/#primaryimage\"},\"image\":{\"@id\":\"https:\\\/\\\/www.palmatin.com\\\/de\\\/covid-19\\\/#primaryimage\"},\"thumbnailUrl\":\"https:\\\/\\\/www.palmatin.com\\\/wp-content\\\/uploads\\\/2018\\\/08\\\/log_houses.jpg\",\"datePublished\":\"2020-04-24T06:06:25+00:00\",\"dateModified\":\"2021-03-11T06:58:58+00:00\",\"description\":\"&nbsp; Der Ausnahmezustand in Estland wegen der COVID-19 Pandemie veranlasst uns zu ver\u00e4ndertem Verhalten. Wir haben verschiedene Ma\u00dfnahmen getroffen, um\",\"breadcrumb\":{\"@id\":\"https:\\\/\\\/www.palmatin.com\\\/de\\\/covid-19\\\/#breadcrumb\"},\"inLanguage\":\"de\",\"potentialAction\":[{\"@type\":\"ReadAction\",\"target\":[\"https:\\\/\\\/www.palmatin.com\\\/de\\\/covid-19\\\/\"]}]},{\"@type\":\"ImageObject\",\"inLanguage\":\"de\",\"@id\":\"https:\\\/\\\/www.palmatin.com\\\/de\\\/covid-19\\\/#primaryimage\",\"url\":\"https:\\\/\\\/www.palmatin.com\\\/wp-content\\\/uploads\\\/2018\\\/08\\\/log_houses.jpg\",\"contentUrl\":\"https:\\\/\\\/www.palmatin.com\\\/wp-content\\\/uploads\\\/2018\\\/08\\\/log_houses.jpg\",\"width\":1920,\"height\":300,\"caption\":\"Palmatin mod\u00e8le maison en rondins, page contact\"},{\"@type\":\"BreadcrumbList\",\"@id\":\"https:\\\/\\\/www.palmatin.com\\\/de\\\/covid-19\\\/#breadcrumb\",\"itemListElement\":[{\"@type\":\"ListItem\",\"position\":1,\"name\":\"Home\",\"item\":\"https:\\\/\\\/www.palmatin.com\\\/de\\\/\"},{\"@type\":\"ListItem\",\"position\":2,\"name\":\"COVID-19\"}]},{\"@type\":\"WebSite\",\"@id\":\"https:\\\/\\\/www.palmatin.com\\\/de\\\/#website\",\"url\":\"https:\\\/\\\/www.palmatin.com\\\/de\\\/\",\"name\":\"Palmatin.com\",\"description\":\"Custom made wooden houses from project to assembly.\",\"publisher\":{\"@id\":\"https:\\\/\\\/www.palmatin.com\\\/de\\\/#organization\"},\"inLanguage\":\"de\"},{\"@type\":[\"Organization\",\"Place\",\"HomeAndConstructionBusiness\"],\"@id\":\"https:\\\/\\\/www.palmatin.com\\\/de\\\/#organization\",\"name\":\"Palmatin\",\"alternateName\":\"Palmatin Wooden Houses\",\"url\":\"https:\\\/\\\/www.palmatin.com\\\/de\\\/\",\"logo\":{\"@id\":\"https:\\\/\\\/www.palmatin.com\\\/de\\\/covid-19\\\/#local-main-organization-logo\"},\"image\":{\"@id\":\"https:\\\/\\\/www.palmatin.com\\\/de\\\/covid-19\\\/#local-main-organization-logo\"},\"sameAs\":[\"https:\\\/\\\/www.facebook.com\\\/palmatin.wooden.houses\",\"https:\\\/\\\/x.com\\\/palmatinhouses\",\"https:\\\/\\\/www.instagram.com\\\/palmatinwoodenhouses\\\/\",\"https:\\\/\\\/www.linkedin.com\\\/company\\\/palmatin-wooden-houses\",\"https:\\\/\\\/www.pinterest.com\\\/palmatin\\\/\",\"https:\\\/\\\/www.youtube.com\\\/channel\\\/UCS3v-T7tq4sPU5YkEvukfYg\"],\"description\":\"Palmatin wooden houses are expertly crafted, sustainable prefabricated element houses and log homes renowned for their durability, energy efficiency, and elegant Nordic design. Combining traditional building techniques with modern technology, Palmatin delivers customized living spaces that blend seamlessly with nature, ensuring comfort, quality, and eco-friendly living for generations.\",\"legalName\":\"Palmatin O\u00dc\",\"foundingDate\":\"1995-05-12\",\"numberOfEmployees\":{\"@type\":\"QuantitativeValue\",\"minValue\":\"11\",\"maxValue\":\"50\"},\"address\":{\"@id\":\"https:\\\/\\\/www.palmatin.com\\\/de\\\/covid-19\\\/#local-main-place-address\"},\"telephone\":[\"(+372) 605 48 95\"],\"openingHoursSpecification\":[{\"@type\":\"OpeningHoursSpecification\",\"dayOfWeek\":[\"Monday\",\"Tuesday\",\"Wednesday\",\"Thursday\",\"Friday\"],\"opens\":\"08:00\",\"closes\":\"17:00\"},{\"@type\":\"OpeningHoursSpecification\",\"dayOfWeek\":[\"Saturday\",\"Sunday\"],\"opens\":\"00:00\",\"closes\":\"00:00\"}],\"email\":\"info@palmatin.com\",\"faxNumber\":\"(+372) 605 48 92\",\"areaServed\":\"world\",\"vatID\":\"EE100240388\",\"priceRange\":\"$$$\",\"currenciesAccepted\":\"Euros\"},{\"@type\":\"PostalAddress\",\"@id\":\"https:\\\/\\\/www.palmatin.com\\\/de\\\/covid-19\\\/#local-main-place-address\",\"streetAddress\":\"Tammi tee 40b\",\"addressLocality\":\"Rannamoeisa\",\"postalCode\":\"76906\",\"addressRegion\":\"Harju parish\",\"addressCountry\":\"EE\"},{\"@type\":\"ImageObject\",\"inLanguage\":\"de\",\"@id\":\"https:\\\/\\\/www.palmatin.com\\\/de\\\/covid-19\\\/#local-main-organization-logo\",\"url\":\"https:\\\/\\\/www.palmatin.com\\\/wp-content\\\/uploads\\\/2022\\\/11\\\/Logo_wrt.jpg\",\"contentUrl\":\"https:\\\/\\\/www.palmatin.com\\\/wp-content\\\/uploads\\\/2022\\\/11\\\/Logo_wrt.jpg\",\"width\":1458,\"height\":857,\"caption\":\"Palmatin\"}]}<\/script>\n<meta name=\"geo.placename\" content=\"Rannamoeisa\" \/>\n<meta name=\"geo.region\" content=\"Estland\" \/>\n<!-- \/ Yoast SEO Premium plugin. -->","yoast_head_json":{"title":"COVID-19 - Palmatin.com","description":"&nbsp; Der Ausnahmezustand in Estland wegen der COVID-19 Pandemie veranlasst uns zu ver\u00e4ndertem Verhalten. Wir haben verschiedene Ma\u00dfnahmen getroffen, um","robots":{"index":"index","follow":"follow","max-snippet":"max-snippet:-1","max-image-preview":"max-image-preview:large","max-video-preview":"max-video-preview:-1"},"canonical":"https:\/\/www.palmatin.com\/de\/covid-19\/","og_locale":"de_DE","og_type":"article","og_title":"COVID-19","og_description":"&nbsp; Der Ausnahmezustand in Estland wegen der COVID-19 Pandemie veranlasst uns zu ver\u00e4ndertem Verhalten. Wir haben verschiedene Ma\u00dfnahmen getroffen, um","og_url":"https:\/\/www.palmatin.com\/de\/covid-19\/","og_site_name":"Palmatin.com","article_publisher":"https:\/\/www.facebook.com\/palmatin.wooden.houses","article_modified_time":"2021-03-11T06:58:58+00:00","og_image":[{"width":1920,"height":300,"url":"https:\/\/www.palmatin.com\/wp-content\/uploads\/2018\/08\/log_houses.jpg","type":"image\/jpeg"}],"twitter_card":"summary_large_image","twitter_site":"@palmatinhouses","twitter_misc":{"Gesch\u00e4tzte Lesezeit":"2\u00a0Minuten"},"schema":{"@context":"https:\/\/schema.org","@graph":[{"@type":"WebPage","@id":"https:\/\/www.palmatin.com\/de\/covid-19\/","url":"https:\/\/www.palmatin.com\/de\/covid-19\/","name":"COVID-19 - Palmatin.com","isPartOf":{"@id":"https:\/\/www.palmatin.com\/de\/#website"},"primaryImageOfPage":{"@id":"https:\/\/www.palmatin.com\/de\/covid-19\/#primaryimage"},"image":{"@id":"https:\/\/www.palmatin.com\/de\/covid-19\/#primaryimage"},"thumbnailUrl":"https:\/\/www.palmatin.com\/wp-content\/uploads\/2018\/08\/log_houses.jpg","datePublished":"2020-04-24T06:06:25+00:00","dateModified":"2021-03-11T06:58:58+00:00","description":"&nbsp; Der Ausnahmezustand in Estland wegen der COVID-19 Pandemie veranlasst uns zu ver\u00e4ndertem Verhalten. Wir haben verschiedene Ma\u00dfnahmen getroffen, um","breadcrumb":{"@id":"https:\/\/www.palmatin.com\/de\/covid-19\/#breadcrumb"},"inLanguage":"de","potentialAction":[{"@type":"ReadAction","target":["https:\/\/www.palmatin.com\/de\/covid-19\/"]}]},{"@type":"ImageObject","inLanguage":"de","@id":"https:\/\/www.palmatin.com\/de\/covid-19\/#primaryimage","url":"https:\/\/www.palmatin.com\/wp-content\/uploads\/2018\/08\/log_houses.jpg","contentUrl":"https:\/\/www.palmatin.com\/wp-content\/uploads\/2018\/08\/log_houses.jpg","width":1920,"height":300,"caption":"Palmatin mod\u00e8le maison en rondins, page contact"},{"@type":"BreadcrumbList","@id":"https:\/\/www.palmatin.com\/de\/covid-19\/#breadcrumb","itemListElement":[{"@type":"ListItem","position":1,"name":"Home","item":"https:\/\/www.palmatin.com\/de\/"},{"@type":"ListItem","position":2,"name":"COVID-19"}]},{"@type":"WebSite","@id":"https:\/\/www.palmatin.com\/de\/#website","url":"https:\/\/www.palmatin.com\/de\/","name":"Palmatin.com","description":"Custom made wooden houses from project to assembly.","publisher":{"@id":"https:\/\/www.palmatin.com\/de\/#organization"},"inLanguage":"de"},{"@type":["Organization","Place","HomeAndConstructionBusiness"],"@id":"https:\/\/www.palmatin.com\/de\/#organization","name":"Palmatin","alternateName":"Palmatin Wooden Houses","url":"https:\/\/www.palmatin.com\/de\/","logo":{"@id":"https:\/\/www.palmatin.com\/de\/covid-19\/#local-main-organization-logo"},"image":{"@id":"https:\/\/www.palmatin.com\/de\/covid-19\/#local-main-organization-logo"},"sameAs":["https:\/\/www.facebook.com\/palmatin.wooden.houses","https:\/\/x.com\/palmatinhouses","https:\/\/www.instagram.com\/palmatinwoodenhouses\/","https:\/\/www.linkedin.com\/company\/palmatin-wooden-houses","https:\/\/www.pinterest.com\/palmatin\/","https:\/\/www.youtube.com\/channel\/UCS3v-T7tq4sPU5YkEvukfYg"],"description":"Palmatin wooden houses are expertly crafted, sustainable prefabricated element houses and log homes renowned for their durability, energy efficiency, and elegant Nordic design. Combining traditional building techniques with modern technology, Palmatin delivers customized living spaces that blend seamlessly with nature, ensuring comfort, quality, and eco-friendly living for generations.","legalName":"Palmatin O\u00dc","foundingDate":"1995-05-12","numberOfEmployees":{"@type":"QuantitativeValue","minValue":"11","maxValue":"50"},"address":{"@id":"https:\/\/www.palmatin.com\/de\/covid-19\/#local-main-place-address"},"telephone":["(+372) 605 48 95"],"openingHoursSpecification":[{"@type":"OpeningHoursSpecification","dayOfWeek":["Monday","Tuesday","Wednesday","Thursday","Friday"],"opens":"08:00","closes":"17:00"},{"@type":"OpeningHoursSpecification","dayOfWeek":["Saturday","Sunday"],"opens":"00:00","closes":"00:00"}],"email":"info@palmatin.com","faxNumber":"(+372) 605 48 92","areaServed":"world","vatID":"EE100240388","priceRange":"$$$","currenciesAccepted":"Euros"},{"@type":"PostalAddress","@id":"https:\/\/www.palmatin.com\/de\/covid-19\/#local-main-place-address","streetAddress":"Tammi tee 40b","addressLocality":"Rannamoeisa","postalCode":"76906","addressRegion":"Harju parish","addressCountry":"EE"},{"@type":"ImageObject","inLanguage":"de","@id":"https:\/\/www.palmatin.com\/de\/covid-19\/#local-main-organization-logo","url":"https:\/\/www.palmatin.com\/wp-content\/uploads\/2022\/11\/Logo_wrt.jpg","contentUrl":"https:\/\/www.palmatin.com\/wp-content\/uploads\/2022\/11\/Logo_wrt.jpg","width":1458,"height":857,"caption":"Palmatin"}]},"geo.placename":"Rannamoeisa","geo.region":"Estland"},"_links":{"self":[{"href":"https:\/\/www.palmatin.com\/de\/wp-json\/wp\/v2\/pages\/32238","targetHints":{"allow":["GET"]}}],"collection":[{"href":"https:\/\/www.palmatin.com\/de\/wp-json\/wp\/v2\/pages"}],"about":[{"href":"https:\/\/www.palmatin.com\/de\/wp-json\/wp\/v2\/types\/page"}],"author":[{"embeddable":true,"href":"https:\/\/www.palmatin.com\/de\/wp-json\/wp\/v2\/users\/2"}],"replies":[{"embeddable":true,"href":"https:\/\/www.palmatin.com\/de\/wp-json\/wp\/v2\/comments?post=32238"}],"version-history":[{"count":0,"href":"https:\/\/www.palmatin.com\/de\/wp-json\/wp\/v2\/pages\/32238\/revisions"}],"wp:featuredmedia":[{"embeddable":true,"href":"https:\/\/www.palmatin.com\/de\/wp-json\/wp\/v2\/media\/1489"}],"wp:attachment":[{"href":"https:\/\/www.palmatin.com\/de\/wp-json\/wp\/v2\/media?parent=32238"}],"curies":[{"name":"wp","href":"https:\/\/api.w.org\/{rel}","templated":true}]}}