{"id":1488,"date":"2018-07-02T10:23:49","date_gmt":"2018-07-02T10:23:49","guid":{"rendered":"https:\/\/www.palmatin.com\/gallery\/"},"modified":"2023-11-10T06:47:23","modified_gmt":"2023-11-10T06:47:23","slug":"bildergalerie","status":"publish","type":"page","link":"https:\/\/www.palmatin.com\/de\/bildergalerie\/","title":{"rendered":"Galerie"},"content":{"rendered":"<p>Hier k\u00f6nnen Sie in unserer umfangreichen und sch\u00f6nen Blockhaus-Bildergalerie st\u00f6bern. Hier sehen Sie einige unserer Blockhausprojekte aus den letzten Jahren.<\/p>\n<p>Unsere Blockhaus-Bildergalerie ist in verschiedene Kategorien unterteilt. Hier finden Sie Bilder von Blockh\u00e4usern, wie z.B.: Au\u00dfenfotos, Innenfotos, T\u00fcren&amp;Fenster, Fotos im Bau.<\/p>\n<p>In der Galerie der Bilder von Blockh\u00e4usern finden Sie Fotos von fertigen H\u00e4usern im Au\u00dfenbereich. Die Galerie der Innenr\u00e4ume von Blockh\u00e4usern enth\u00e4lt einige interessante Fotos von Innenr\u00e4umen, die Ihnen hoffentlich bei Ihren Planungsentscheidungen helfen werden. In der T\u00fcren- und Fenstergalerie gibt es verschiedene Arten von Endbearbeitungsl\u00f6sungen, die Sie w\u00e4hlen k\u00f6nnen.<\/p>\n<p>Wenn Sie ein Haus gefunden haben, das Ihnen besonders gut gef\u00e4llt, und Sie mehr \u00fcber die Preise und die Bauweise wissen m\u00f6chten, haben wir f\u00fcr Sie eine einfache Anfragefunktion eingerichtet. Es sendet uns Informationen \u00fcber das Bild, das Sie angesehen haben, Ihre E-Mail-Adresse und Ihre Frage. Wir werden Ihre Anfrage umgehend beantworten, also nehmen Sie Kontakt mit uns auf.<\/p>\n","protected":false},"excerpt":{"rendered":"<p>Hier k\u00f6nnen Sie in unserer umfangreichen und sch\u00f6nen Blockhaus-Bildergalerie st\u00f6bern. Hier sehen Sie einige unserer Blockhausprojekte aus den letzten Jahren. Unsere Blockhaus-Bildergalerie ist in verschiedene Kategorien unterteilt. Hier finden Sie Bilder von Blockh\u00e4usern, wie z.B.: Au\u00dfenfotos, Innenfotos, T\u00fcren&amp;Fenster, Fotos im Bau. In der Galerie der Bilder von Blockh\u00e4usern finden Sie Fotos von fertigen H\u00e4usern im &hellip; <a href=\"https:\/\/www.palmatin.com\/de\/bildergalerie\/\">Fortsetzung<\/a><\/p>\n","protected":false},"author":1,"featured_media":1489,"parent":0,"menu_order":0,"comment_status":"closed","ping_status":"closed","template":"views\/template-gallery.blade.php","meta":{"_acf_changed":false,"footnotes":""},"class_list":["post-1488","page","type-page","status-publish","has-post-thumbnail","hentry"],"acf":[],"yoast_head":"<!-- This site is optimized with the Yoast SEO Premium plugin v27.3 (Yoast SEO v27.5) - https:\/\/yoast.com\/product\/yoast-seo-premium-wordpress\/ -->\n<title>Blockhaus Bildergalerie mit sch\u00f6nen Fotos von Blockh\u00e4usern<\/title>\n<meta name=\"description\" content=\"Entdecken Sie sch\u00f6ne Blockh\u00e4user - Bilder von verschiedenen Blockhaus Interieurs, Blockhaus Exterieur- und im Bau befindliche Bilder von H\u00e4usern gebaut von Palmatin\" \/>\n<meta name=\"robots\" content=\"index, follow, max-snippet:-1, max-image-preview:large, max-video-preview:-1\" \/>\n<link rel=\"canonical\" href=\"https:\/\/www.palmatin.com\/de\/bildergalerie\/\" \/>\n<meta property=\"og:locale\" content=\"de_DE\" \/>\n<meta property=\"og:type\" content=\"article\" \/>\n<meta property=\"og:title\" content=\"Galerie\" \/>\n<meta property=\"og:description\" content=\"Hier k\u00f6nnen Sie in unserer umfangreichen und sch\u00f6nen Blockhaus-Bildergalerie st\u00f6bern. Hier sehen Sie einige unserer Blockhausprojekte aus den letzten\" \/>\n<meta property=\"og:url\" content=\"https:\/\/www.palmatin.com\/de\/bildergalerie\/\" \/>\n<meta property=\"og:site_name\" content=\"Palmatin.com\" \/>\n<meta property=\"article:publisher\" content=\"https:\/\/www.facebook.com\/palmatin.wooden.houses\" \/>\n<meta property=\"article:modified_time\" content=\"2023-11-10T06:47:23+00:00\" \/>\n<meta property=\"og:image\" content=\"https:\/\/www.palmatin.com\/wp-content\/uploads\/2018\/08\/log_houses.jpg\" \/>\n\t<meta property=\"og:image:width\" content=\"1920\" \/>\n\t<meta property=\"og:image:height\" content=\"300\" \/>\n\t<meta property=\"og:image:type\" content=\"image\/jpeg\" \/>\n<meta name=\"twitter:card\" content=\"summary_large_image\" \/>\n<meta name=\"twitter:site\" content=\"@palmatinhouses\" \/>\n<meta name=\"twitter:label1\" content=\"Gesch\u00e4tzte Lesezeit\" \/>\n\t<meta name=\"twitter:data1\" content=\"1\u00a0Minute\" \/>\n<script type=\"application\/ld+json\" class=\"yoast-schema-graph\">{\"@context\":\"https:\\\/\\\/schema.org\",\"@graph\":[{\"@type\":\"WebPage\",\"@id\":\"https:\\\/\\\/www.palmatin.com\\\/de\\\/bildergalerie\\\/\",\"url\":\"https:\\\/\\\/www.palmatin.com\\\/de\\\/bildergalerie\\\/\",\"name\":\"Blockhaus Bildergalerie mit sch\u00f6nen Fotos von Blockh\u00e4usern\",\"isPartOf\":{\"@id\":\"https:\\\/\\\/www.palmatin.com\\\/de\\\/#website\"},\"primaryImageOfPage\":{\"@id\":\"https:\\\/\\\/www.palmatin.com\\\/de\\\/bildergalerie\\\/#primaryimage\"},\"image\":{\"@id\":\"https:\\\/\\\/www.palmatin.com\\\/de\\\/bildergalerie\\\/#primaryimage\"},\"thumbnailUrl\":\"https:\\\/\\\/www.palmatin.com\\\/wp-content\\\/uploads\\\/2018\\\/08\\\/log_houses.jpg\",\"datePublished\":\"2018-07-02T10:23:49+00:00\",\"dateModified\":\"2023-11-10T06:47:23+00:00\",\"description\":\"Entdecken Sie sch\u00f6ne Blockh\u00e4user - Bilder von verschiedenen Blockhaus Interieurs, Blockhaus Exterieur- und im Bau befindliche Bilder von H\u00e4usern gebaut von Palmatin\",\"breadcrumb\":{\"@id\":\"https:\\\/\\\/www.palmatin.com\\\/de\\\/bildergalerie\\\/#breadcrumb\"},\"inLanguage\":\"de\",\"potentialAction\":[{\"@type\":\"ReadAction\",\"target\":[\"https:\\\/\\\/www.palmatin.com\\\/de\\\/bildergalerie\\\/\"]}]},{\"@type\":\"ImageObject\",\"inLanguage\":\"de\",\"@id\":\"https:\\\/\\\/www.palmatin.com\\\/de\\\/bildergalerie\\\/#primaryimage\",\"url\":\"https:\\\/\\\/www.palmatin.com\\\/wp-content\\\/uploads\\\/2018\\\/08\\\/log_houses.jpg\",\"contentUrl\":\"https:\\\/\\\/www.palmatin.com\\\/wp-content\\\/uploads\\\/2018\\\/08\\\/log_houses.jpg\",\"width\":1920,\"height\":300,\"caption\":\"Palmatin mod\u00e8le maison en rondins, page contact\"},{\"@type\":\"BreadcrumbList\",\"@id\":\"https:\\\/\\\/www.palmatin.com\\\/de\\\/bildergalerie\\\/#breadcrumb\",\"itemListElement\":[{\"@type\":\"ListItem\",\"position\":1,\"name\":\"Home\",\"item\":\"https:\\\/\\\/www.palmatin.com\\\/de\\\/\"},{\"@type\":\"ListItem\",\"position\":2,\"name\":\"Galerie\"}]},{\"@type\":\"WebSite\",\"@id\":\"https:\\\/\\\/www.palmatin.com\\\/de\\\/#website\",\"url\":\"https:\\\/\\\/www.palmatin.com\\\/de\\\/\",\"name\":\"Palmatin.com\",\"description\":\"Custom made wooden houses from project to assembly.\",\"publisher\":{\"@id\":\"https:\\\/\\\/www.palmatin.com\\\/de\\\/#organization\"},\"inLanguage\":\"de\"},{\"@type\":[\"Organization\",\"Place\",\"HomeAndConstructionBusiness\"],\"@id\":\"https:\\\/\\\/www.palmatin.com\\\/de\\\/#organization\",\"name\":\"Palmatin\",\"alternateName\":\"Palmatin Wooden Houses\",\"url\":\"https:\\\/\\\/www.palmatin.com\\\/de\\\/\",\"logo\":{\"@id\":\"https:\\\/\\\/www.palmatin.com\\\/de\\\/bildergalerie\\\/#local-main-organization-logo\"},\"image\":{\"@id\":\"https:\\\/\\\/www.palmatin.com\\\/de\\\/bildergalerie\\\/#local-main-organization-logo\"},\"sameAs\":[\"https:\\\/\\\/www.facebook.com\\\/palmatin.wooden.houses\",\"https:\\\/\\\/x.com\\\/palmatinhouses\",\"https:\\\/\\\/www.instagram.com\\\/palmatinwoodenhouses\\\/\",\"https:\\\/\\\/www.linkedin.com\\\/company\\\/palmatin-wooden-houses\",\"https:\\\/\\\/www.pinterest.com\\\/palmatin\\\/\",\"https:\\\/\\\/www.youtube.com\\\/channel\\\/UCS3v-T7tq4sPU5YkEvukfYg\"],\"description\":\"Palmatin wooden houses are expertly crafted, sustainable prefabricated element houses and log homes renowned for their durability, energy efficiency, and elegant Nordic design. Combining traditional building techniques with modern technology, Palmatin delivers customized living spaces that blend seamlessly with nature, ensuring comfort, quality, and eco-friendly living for generations.\",\"legalName\":\"Palmatin O\u00dc\",\"foundingDate\":\"1995-05-12\",\"numberOfEmployees\":{\"@type\":\"QuantitativeValue\",\"minValue\":\"11\",\"maxValue\":\"50\"},\"address\":{\"@id\":\"https:\\\/\\\/www.palmatin.com\\\/de\\\/bildergalerie\\\/#local-main-place-address\"},\"telephone\":[\"(+372) 605 48 95\"],\"openingHoursSpecification\":[{\"@type\":\"OpeningHoursSpecification\",\"dayOfWeek\":[\"Monday\",\"Tuesday\",\"Wednesday\",\"Thursday\",\"Friday\"],\"opens\":\"08:00\",\"closes\":\"17:00\"},{\"@type\":\"OpeningHoursSpecification\",\"dayOfWeek\":[\"Saturday\",\"Sunday\"],\"opens\":\"00:00\",\"closes\":\"00:00\"}],\"email\":\"info@palmatin.com\",\"faxNumber\":\"(+372) 605 48 92\",\"areaServed\":\"world\",\"vatID\":\"EE100240388\",\"priceRange\":\"$$$\",\"currenciesAccepted\":\"Euros\"},{\"@type\":\"PostalAddress\",\"@id\":\"https:\\\/\\\/www.palmatin.com\\\/de\\\/bildergalerie\\\/#local-main-place-address\",\"streetAddress\":\"Tammi tee 40b\",\"addressLocality\":\"Rannamoeisa\",\"postalCode\":\"76906\",\"addressRegion\":\"Harju parish\",\"addressCountry\":\"EE\"},{\"@type\":\"ImageObject\",\"inLanguage\":\"de\",\"@id\":\"https:\\\/\\\/www.palmatin.com\\\/de\\\/bildergalerie\\\/#local-main-organization-logo\",\"url\":\"https:\\\/\\\/www.palmatin.com\\\/wp-content\\\/uploads\\\/2022\\\/11\\\/Logo_wrt.jpg\",\"contentUrl\":\"https:\\\/\\\/www.palmatin.com\\\/wp-content\\\/uploads\\\/2022\\\/11\\\/Logo_wrt.jpg\",\"width\":1458,\"height\":857,\"caption\":\"Palmatin\"}]}<\/script>\n<meta name=\"geo.placename\" content=\"Rannamoeisa\" \/>\n<meta name=\"geo.region\" content=\"Estland\" \/>\n<!-- \/ Yoast SEO Premium plugin. -->","yoast_head_json":{"title":"Blockhaus Bildergalerie mit sch\u00f6nen Fotos von Blockh\u00e4usern","description":"Entdecken Sie sch\u00f6ne Blockh\u00e4user - Bilder von verschiedenen Blockhaus Interieurs, Blockhaus Exterieur- und im Bau befindliche Bilder von H\u00e4usern gebaut von Palmatin","robots":{"index":"index","follow":"follow","max-snippet":"max-snippet:-1","max-image-preview":"max-image-preview:large","max-video-preview":"max-video-preview:-1"},"canonical":"https:\/\/www.palmatin.com\/de\/bildergalerie\/","og_locale":"de_DE","og_type":"article","og_title":"Galerie","og_description":"Hier k\u00f6nnen Sie in unserer umfangreichen und sch\u00f6nen Blockhaus-Bildergalerie st\u00f6bern. Hier sehen Sie einige unserer Blockhausprojekte aus den letzten","og_url":"https:\/\/www.palmatin.com\/de\/bildergalerie\/","og_site_name":"Palmatin.com","article_publisher":"https:\/\/www.facebook.com\/palmatin.wooden.houses","article_modified_time":"2023-11-10T06:47:23+00:00","og_image":[{"width":1920,"height":300,"url":"https:\/\/www.palmatin.com\/wp-content\/uploads\/2018\/08\/log_houses.jpg","type":"image\/jpeg"}],"twitter_card":"summary_large_image","twitter_site":"@palmatinhouses","twitter_misc":{"Gesch\u00e4tzte Lesezeit":"1\u00a0Minute"},"schema":{"@context":"https:\/\/schema.org","@graph":[{"@type":"WebPage","@id":"https:\/\/www.palmatin.com\/de\/bildergalerie\/","url":"https:\/\/www.palmatin.com\/de\/bildergalerie\/","name":"Blockhaus Bildergalerie mit sch\u00f6nen Fotos von Blockh\u00e4usern","isPartOf":{"@id":"https:\/\/www.palmatin.com\/de\/#website"},"primaryImageOfPage":{"@id":"https:\/\/www.palmatin.com\/de\/bildergalerie\/#primaryimage"},"image":{"@id":"https:\/\/www.palmatin.com\/de\/bildergalerie\/#primaryimage"},"thumbnailUrl":"https:\/\/www.palmatin.com\/wp-content\/uploads\/2018\/08\/log_houses.jpg","datePublished":"2018-07-02T10:23:49+00:00","dateModified":"2023-11-10T06:47:23+00:00","description":"Entdecken Sie sch\u00f6ne Blockh\u00e4user - Bilder von verschiedenen Blockhaus Interieurs, Blockhaus Exterieur- und im Bau befindliche Bilder von H\u00e4usern gebaut von Palmatin","breadcrumb":{"@id":"https:\/\/www.palmatin.com\/de\/bildergalerie\/#breadcrumb"},"inLanguage":"de","potentialAction":[{"@type":"ReadAction","target":["https:\/\/www.palmatin.com\/de\/bildergalerie\/"]}]},{"@type":"ImageObject","inLanguage":"de","@id":"https:\/\/www.palmatin.com\/de\/bildergalerie\/#primaryimage","url":"https:\/\/www.palmatin.com\/wp-content\/uploads\/2018\/08\/log_houses.jpg","contentUrl":"https:\/\/www.palmatin.com\/wp-content\/uploads\/2018\/08\/log_houses.jpg","width":1920,"height":300,"caption":"Palmatin mod\u00e8le maison en rondins, page contact"},{"@type":"BreadcrumbList","@id":"https:\/\/www.palmatin.com\/de\/bildergalerie\/#breadcrumb","itemListElement":[{"@type":"ListItem","position":1,"name":"Home","item":"https:\/\/www.palmatin.com\/de\/"},{"@type":"ListItem","position":2,"name":"Galerie"}]},{"@type":"WebSite","@id":"https:\/\/www.palmatin.com\/de\/#website","url":"https:\/\/www.palmatin.com\/de\/","name":"Palmatin.com","description":"Custom made wooden houses from project to assembly.","publisher":{"@id":"https:\/\/www.palmatin.com\/de\/#organization"},"inLanguage":"de"},{"@type":["Organization","Place","HomeAndConstructionBusiness"],"@id":"https:\/\/www.palmatin.com\/de\/#organization","name":"Palmatin","alternateName":"Palmatin Wooden Houses","url":"https:\/\/www.palmatin.com\/de\/","logo":{"@id":"https:\/\/www.palmatin.com\/de\/bildergalerie\/#local-main-organization-logo"},"image":{"@id":"https:\/\/www.palmatin.com\/de\/bildergalerie\/#local-main-organization-logo"},"sameAs":["https:\/\/www.facebook.com\/palmatin.wooden.houses","https:\/\/x.com\/palmatinhouses","https:\/\/www.instagram.com\/palmatinwoodenhouses\/","https:\/\/www.linkedin.com\/company\/palmatin-wooden-houses","https:\/\/www.pinterest.com\/palmatin\/","https:\/\/www.youtube.com\/channel\/UCS3v-T7tq4sPU5YkEvukfYg"],"description":"Palmatin wooden houses are expertly crafted, sustainable prefabricated element houses and log homes renowned for their durability, energy efficiency, and elegant Nordic design. Combining traditional building techniques with modern technology, Palmatin delivers customized living spaces that blend seamlessly with nature, ensuring comfort, quality, and eco-friendly living for generations.","legalName":"Palmatin O\u00dc","foundingDate":"1995-05-12","numberOfEmployees":{"@type":"QuantitativeValue","minValue":"11","maxValue":"50"},"address":{"@id":"https:\/\/www.palmatin.com\/de\/bildergalerie\/#local-main-place-address"},"telephone":["(+372) 605 48 95"],"openingHoursSpecification":[{"@type":"OpeningHoursSpecification","dayOfWeek":["Monday","Tuesday","Wednesday","Thursday","Friday"],"opens":"08:00","closes":"17:00"},{"@type":"OpeningHoursSpecification","dayOfWeek":["Saturday","Sunday"],"opens":"00:00","closes":"00:00"}],"email":"info@palmatin.com","faxNumber":"(+372) 605 48 92","areaServed":"world","vatID":"EE100240388","priceRange":"$$$","currenciesAccepted":"Euros"},{"@type":"PostalAddress","@id":"https:\/\/www.palmatin.com\/de\/bildergalerie\/#local-main-place-address","streetAddress":"Tammi tee 40b","addressLocality":"Rannamoeisa","postalCode":"76906","addressRegion":"Harju parish","addressCountry":"EE"},{"@type":"ImageObject","inLanguage":"de","@id":"https:\/\/www.palmatin.com\/de\/bildergalerie\/#local-main-organization-logo","url":"https:\/\/www.palmatin.com\/wp-content\/uploads\/2022\/11\/Logo_wrt.jpg","contentUrl":"https:\/\/www.palmatin.com\/wp-content\/uploads\/2022\/11\/Logo_wrt.jpg","width":1458,"height":857,"caption":"Palmatin"}]},"geo.placename":"Rannamoeisa","geo.region":"Estland"},"_links":{"self":[{"href":"https:\/\/www.palmatin.com\/de\/wp-json\/wp\/v2\/pages\/1488","targetHints":{"allow":["GET"]}}],"collection":[{"href":"https:\/\/www.palmatin.com\/de\/wp-json\/wp\/v2\/pages"}],"about":[{"href":"https:\/\/www.palmatin.com\/de\/wp-json\/wp\/v2\/types\/page"}],"author":[{"embeddable":true,"href":"https:\/\/www.palmatin.com\/de\/wp-json\/wp\/v2\/users\/1"}],"replies":[{"embeddable":true,"href":"https:\/\/www.palmatin.com\/de\/wp-json\/wp\/v2\/comments?post=1488"}],"version-history":[{"count":0,"href":"https:\/\/www.palmatin.com\/de\/wp-json\/wp\/v2\/pages\/1488\/revisions"}],"wp:featuredmedia":[{"embeddable":true,"href":"https:\/\/www.palmatin.com\/de\/wp-json\/wp\/v2\/media\/1489"}],"wp:attachment":[{"href":"https:\/\/www.palmatin.com\/de\/wp-json\/wp\/v2\/media?parent=1488"}],"curies":[{"name":"wp","href":"https:\/\/api.w.org\/{rel}","templated":true}]}}