{"id":10959,"date":"2019-03-27T07:40:34","date_gmt":"2019-03-27T07:40:34","guid":{"rendered":"https:\/\/www.palmatin.com\/e-mail-with-a-link-to-price-offer-has-been-sent-to-your-mailbox\/"},"modified":"2019-05-13T13:18:16","modified_gmt":"2019-05-13T13:18:16","slug":"ihnen-wurde-eine-e-mail-mit-einem-link-zu-unseren-standardangeboten-geschickt","status":"publish","type":"page","link":"https:\/\/www.palmatin.com\/de\/ihnen-wurde-eine-e-mail-mit-einem-link-zu-unseren-standardangeboten-geschickt\/","title":{"rendered":"Ihnen wurde eine E-Mail mit einem Link zu unseren Standardangeboten geschickt."},"content":{"rendered":"<p style=\"text-align: center;\">Vielen Dank f\u00fcr Ihre Anfrage.<\/p>\n<p style=\"text-align: center;\"><a href=\"https:\/\/www.palmatin.com\/de\/musterhaeuser\/\">In der Zwischenzeit k\u00f6nnen Sie sich von unseren anderen Musterh\u00e4usern inspirieren lassen.<\/a><\/p>\n","protected":false},"excerpt":{"rendered":"<p>Vielen Dank f\u00fcr Ihre Anfrage. In der Zwischenzeit k\u00f6nnen Sie sich von unseren anderen Musterh\u00e4usern inspirieren lassen.<\/p>\n","protected":false},"author":1,"featured_media":1489,"parent":0,"menu_order":0,"comment_status":"closed","ping_status":"closed","template":"views\/template-page.blade.php","meta":{"_acf_changed":false,"footnotes":""},"class_list":["post-10959","page","type-page","status-publish","has-post-thumbnail","hentry"],"acf":[],"yoast_head":"<!-- This site is optimized with the Yoast SEO Premium plugin v27.3 (Yoast SEO v27.4) - https:\/\/yoast.com\/product\/yoast-seo-premium-wordpress\/ -->\n<title>Ihnen wurde eine E-Mail mit einem Link zu unseren Standardangeboten geschickt. - Palmatin.com<\/title>\n<meta name=\"description\" content=\"Vielen Dank f\u00fcr Ihre Anfrage. In der Zwischenzeit k\u00f6nnen Sie sich von unseren anderen Musterh\u00e4usern inspirieren lassen.\" \/>\n<meta name=\"robots\" content=\"index, follow, max-snippet:-1, max-image-preview:large, max-video-preview:-1\" \/>\n<link rel=\"canonical\" href=\"https:\/\/www.palmatin.com\/de\/ihnen-wurde-eine-e-mail-mit-einem-link-zu-unseren-standardangeboten-geschickt\/\" \/>\n<meta property=\"og:locale\" content=\"de_DE\" \/>\n<meta property=\"og:type\" content=\"article\" \/>\n<meta property=\"og:title\" content=\"Ihnen wurde eine E-Mail mit einem Link zu unseren Standardangeboten geschickt.\" \/>\n<meta property=\"og:description\" content=\"Vielen Dank f\u00fcr Ihre Anfrage. In der Zwischenzeit k\u00f6nnen Sie sich von unseren anderen Musterh\u00e4usern inspirieren lassen.\" \/>\n<meta property=\"og:url\" content=\"https:\/\/www.palmatin.com\/de\/ihnen-wurde-eine-e-mail-mit-einem-link-zu-unseren-standardangeboten-geschickt\/\" \/>\n<meta property=\"og:site_name\" content=\"Palmatin.com\" \/>\n<meta property=\"article:publisher\" content=\"https:\/\/www.facebook.com\/palmatin.wooden.houses\" \/>\n<meta property=\"article:modified_time\" content=\"2019-05-13T13:18:16+00:00\" \/>\n<meta property=\"og:image\" content=\"https:\/\/www.palmatin.com\/wp-content\/uploads\/2018\/08\/log_houses.jpg\" \/>\n\t<meta property=\"og:image:width\" content=\"1920\" \/>\n\t<meta property=\"og:image:height\" content=\"300\" \/>\n\t<meta property=\"og:image:type\" content=\"image\/jpeg\" \/>\n<meta name=\"twitter:card\" content=\"summary_large_image\" \/>\n<meta name=\"twitter:site\" content=\"@palmatinhouses\" \/>\n<script type=\"application\/ld+json\" class=\"yoast-schema-graph\">{\"@context\":\"https:\\\/\\\/schema.org\",\"@graph\":[{\"@type\":\"WebPage\",\"@id\":\"https:\\\/\\\/www.palmatin.com\\\/de\\\/ihnen-wurde-eine-e-mail-mit-einem-link-zu-unseren-standardangeboten-geschickt\\\/\",\"url\":\"https:\\\/\\\/www.palmatin.com\\\/de\\\/ihnen-wurde-eine-e-mail-mit-einem-link-zu-unseren-standardangeboten-geschickt\\\/\",\"name\":\"Ihnen wurde eine E-Mail mit einem Link zu unseren Standardangeboten geschickt. - Palmatin.com\",\"isPartOf\":{\"@id\":\"https:\\\/\\\/www.palmatin.com\\\/de\\\/#website\"},\"primaryImageOfPage\":{\"@id\":\"https:\\\/\\\/www.palmatin.com\\\/de\\\/ihnen-wurde-eine-e-mail-mit-einem-link-zu-unseren-standardangeboten-geschickt\\\/#primaryimage\"},\"image\":{\"@id\":\"https:\\\/\\\/www.palmatin.com\\\/de\\\/ihnen-wurde-eine-e-mail-mit-einem-link-zu-unseren-standardangeboten-geschickt\\\/#primaryimage\"},\"thumbnailUrl\":\"https:\\\/\\\/www.palmatin.com\\\/wp-content\\\/uploads\\\/2018\\\/08\\\/log_houses.jpg\",\"datePublished\":\"2019-03-27T07:40:34+00:00\",\"dateModified\":\"2019-05-13T13:18:16+00:00\",\"description\":\"Vielen Dank f\u00fcr Ihre Anfrage. In der Zwischenzeit k\u00f6nnen Sie sich von unseren anderen Musterh\u00e4usern inspirieren lassen.\",\"breadcrumb\":{\"@id\":\"https:\\\/\\\/www.palmatin.com\\\/de\\\/ihnen-wurde-eine-e-mail-mit-einem-link-zu-unseren-standardangeboten-geschickt\\\/#breadcrumb\"},\"inLanguage\":\"de\",\"potentialAction\":[{\"@type\":\"ReadAction\",\"target\":[\"https:\\\/\\\/www.palmatin.com\\\/de\\\/ihnen-wurde-eine-e-mail-mit-einem-link-zu-unseren-standardangeboten-geschickt\\\/\"]}]},{\"@type\":\"ImageObject\",\"inLanguage\":\"de\",\"@id\":\"https:\\\/\\\/www.palmatin.com\\\/de\\\/ihnen-wurde-eine-e-mail-mit-einem-link-zu-unseren-standardangeboten-geschickt\\\/#primaryimage\",\"url\":\"https:\\\/\\\/www.palmatin.com\\\/wp-content\\\/uploads\\\/2018\\\/08\\\/log_houses.jpg\",\"contentUrl\":\"https:\\\/\\\/www.palmatin.com\\\/wp-content\\\/uploads\\\/2018\\\/08\\\/log_houses.jpg\",\"width\":1920,\"height\":300,\"caption\":\"Palmatin mod\u00e8le maison en rondins, page contact\"},{\"@type\":\"BreadcrumbList\",\"@id\":\"https:\\\/\\\/www.palmatin.com\\\/de\\\/ihnen-wurde-eine-e-mail-mit-einem-link-zu-unseren-standardangeboten-geschickt\\\/#breadcrumb\",\"itemListElement\":[{\"@type\":\"ListItem\",\"position\":1,\"name\":\"Home\",\"item\":\"https:\\\/\\\/www.palmatin.com\\\/de\\\/\"},{\"@type\":\"ListItem\",\"position\":2,\"name\":\"Ihnen wurde eine E-Mail mit einem Link zu unseren Standardangeboten geschickt.\"}]},{\"@type\":\"WebSite\",\"@id\":\"https:\\\/\\\/www.palmatin.com\\\/de\\\/#website\",\"url\":\"https:\\\/\\\/www.palmatin.com\\\/de\\\/\",\"name\":\"Palmatin.com\",\"description\":\"Custom made wooden houses from project to assembly.\",\"publisher\":{\"@id\":\"https:\\\/\\\/www.palmatin.com\\\/de\\\/#organization\"},\"inLanguage\":\"de\"},{\"@type\":[\"Organization\",\"Place\",\"HomeAndConstructionBusiness\"],\"@id\":\"https:\\\/\\\/www.palmatin.com\\\/de\\\/#organization\",\"name\":\"Palmatin\",\"alternateName\":\"Palmatin Wooden Houses\",\"url\":\"https:\\\/\\\/www.palmatin.com\\\/de\\\/\",\"logo\":{\"@id\":\"https:\\\/\\\/www.palmatin.com\\\/de\\\/ihnen-wurde-eine-e-mail-mit-einem-link-zu-unseren-standardangeboten-geschickt\\\/#local-main-organization-logo\"},\"image\":{\"@id\":\"https:\\\/\\\/www.palmatin.com\\\/de\\\/ihnen-wurde-eine-e-mail-mit-einem-link-zu-unseren-standardangeboten-geschickt\\\/#local-main-organization-logo\"},\"sameAs\":[\"https:\\\/\\\/www.facebook.com\\\/palmatin.wooden.houses\",\"https:\\\/\\\/x.com\\\/palmatinhouses\",\"https:\\\/\\\/www.instagram.com\\\/palmatinwoodenhouses\\\/\",\"https:\\\/\\\/www.linkedin.com\\\/company\\\/palmatin-wooden-houses\",\"https:\\\/\\\/www.pinterest.com\\\/palmatin\\\/\",\"https:\\\/\\\/www.youtube.com\\\/channel\\\/UCS3v-T7tq4sPU5YkEvukfYg\"],\"description\":\"Palmatin wooden houses are expertly crafted, sustainable prefabricated element houses and log homes renowned for their durability, energy efficiency, and elegant Nordic design. Combining traditional building techniques with modern technology, Palmatin delivers customized living spaces that blend seamlessly with nature, ensuring comfort, quality, and eco-friendly living for generations.\",\"legalName\":\"Palmatin O\u00dc\",\"foundingDate\":\"1995-05-12\",\"numberOfEmployees\":{\"@type\":\"QuantitativeValue\",\"minValue\":\"11\",\"maxValue\":\"50\"},\"address\":{\"@id\":\"https:\\\/\\\/www.palmatin.com\\\/de\\\/ihnen-wurde-eine-e-mail-mit-einem-link-zu-unseren-standardangeboten-geschickt\\\/#local-main-place-address\"},\"telephone\":[\"(+372) 605 48 95\"],\"openingHoursSpecification\":[{\"@type\":\"OpeningHoursSpecification\",\"dayOfWeek\":[\"Monday\",\"Tuesday\",\"Wednesday\",\"Thursday\",\"Friday\"],\"opens\":\"08:00\",\"closes\":\"17:00\"},{\"@type\":\"OpeningHoursSpecification\",\"dayOfWeek\":[\"Saturday\",\"Sunday\"],\"opens\":\"00:00\",\"closes\":\"00:00\"}],\"email\":\"info@palmatin.com\",\"faxNumber\":\"(+372) 605 48 92\",\"areaServed\":\"world\",\"vatID\":\"EE100240388\",\"priceRange\":\"$$$\",\"currenciesAccepted\":\"Euros\"},{\"@type\":\"PostalAddress\",\"@id\":\"https:\\\/\\\/www.palmatin.com\\\/de\\\/ihnen-wurde-eine-e-mail-mit-einem-link-zu-unseren-standardangeboten-geschickt\\\/#local-main-place-address\",\"streetAddress\":\"Tammi tee 40b\",\"addressLocality\":\"Rannamoeisa\",\"postalCode\":\"76906\",\"addressRegion\":\"Harju parish\",\"addressCountry\":\"EE\"},{\"@type\":\"ImageObject\",\"inLanguage\":\"de\",\"@id\":\"https:\\\/\\\/www.palmatin.com\\\/de\\\/ihnen-wurde-eine-e-mail-mit-einem-link-zu-unseren-standardangeboten-geschickt\\\/#local-main-organization-logo\",\"url\":\"https:\\\/\\\/www.palmatin.com\\\/wp-content\\\/uploads\\\/2022\\\/11\\\/Logo_wrt.jpg\",\"contentUrl\":\"https:\\\/\\\/www.palmatin.com\\\/wp-content\\\/uploads\\\/2022\\\/11\\\/Logo_wrt.jpg\",\"width\":1458,\"height\":857,\"caption\":\"Palmatin\"}]}<\/script>\n<meta name=\"geo.placename\" content=\"Rannamoeisa\" \/>\n<meta name=\"geo.region\" content=\"Estland\" \/>\n<!-- \/ Yoast SEO Premium plugin. -->","yoast_head_json":{"title":"Ihnen wurde eine E-Mail mit einem Link zu unseren Standardangeboten geschickt. - Palmatin.com","description":"Vielen Dank f\u00fcr Ihre Anfrage. In der Zwischenzeit k\u00f6nnen Sie sich von unseren anderen Musterh\u00e4usern inspirieren lassen.","robots":{"index":"index","follow":"follow","max-snippet":"max-snippet:-1","max-image-preview":"max-image-preview:large","max-video-preview":"max-video-preview:-1"},"canonical":"https:\/\/www.palmatin.com\/de\/ihnen-wurde-eine-e-mail-mit-einem-link-zu-unseren-standardangeboten-geschickt\/","og_locale":"de_DE","og_type":"article","og_title":"Ihnen wurde eine E-Mail mit einem Link zu unseren Standardangeboten geschickt.","og_description":"Vielen Dank f\u00fcr Ihre Anfrage. In der Zwischenzeit k\u00f6nnen Sie sich von unseren anderen Musterh\u00e4usern inspirieren lassen.","og_url":"https:\/\/www.palmatin.com\/de\/ihnen-wurde-eine-e-mail-mit-einem-link-zu-unseren-standardangeboten-geschickt\/","og_site_name":"Palmatin.com","article_publisher":"https:\/\/www.facebook.com\/palmatin.wooden.houses","article_modified_time":"2019-05-13T13:18:16+00:00","og_image":[{"width":1920,"height":300,"url":"https:\/\/www.palmatin.com\/wp-content\/uploads\/2018\/08\/log_houses.jpg","type":"image\/jpeg"}],"twitter_card":"summary_large_image","twitter_site":"@palmatinhouses","schema":{"@context":"https:\/\/schema.org","@graph":[{"@type":"WebPage","@id":"https:\/\/www.palmatin.com\/de\/ihnen-wurde-eine-e-mail-mit-einem-link-zu-unseren-standardangeboten-geschickt\/","url":"https:\/\/www.palmatin.com\/de\/ihnen-wurde-eine-e-mail-mit-einem-link-zu-unseren-standardangeboten-geschickt\/","name":"Ihnen wurde eine E-Mail mit einem Link zu unseren Standardangeboten geschickt. - Palmatin.com","isPartOf":{"@id":"https:\/\/www.palmatin.com\/de\/#website"},"primaryImageOfPage":{"@id":"https:\/\/www.palmatin.com\/de\/ihnen-wurde-eine-e-mail-mit-einem-link-zu-unseren-standardangeboten-geschickt\/#primaryimage"},"image":{"@id":"https:\/\/www.palmatin.com\/de\/ihnen-wurde-eine-e-mail-mit-einem-link-zu-unseren-standardangeboten-geschickt\/#primaryimage"},"thumbnailUrl":"https:\/\/www.palmatin.com\/wp-content\/uploads\/2018\/08\/log_houses.jpg","datePublished":"2019-03-27T07:40:34+00:00","dateModified":"2019-05-13T13:18:16+00:00","description":"Vielen Dank f\u00fcr Ihre Anfrage. In der Zwischenzeit k\u00f6nnen Sie sich von unseren anderen Musterh\u00e4usern inspirieren lassen.","breadcrumb":{"@id":"https:\/\/www.palmatin.com\/de\/ihnen-wurde-eine-e-mail-mit-einem-link-zu-unseren-standardangeboten-geschickt\/#breadcrumb"},"inLanguage":"de","potentialAction":[{"@type":"ReadAction","target":["https:\/\/www.palmatin.com\/de\/ihnen-wurde-eine-e-mail-mit-einem-link-zu-unseren-standardangeboten-geschickt\/"]}]},{"@type":"ImageObject","inLanguage":"de","@id":"https:\/\/www.palmatin.com\/de\/ihnen-wurde-eine-e-mail-mit-einem-link-zu-unseren-standardangeboten-geschickt\/#primaryimage","url":"https:\/\/www.palmatin.com\/wp-content\/uploads\/2018\/08\/log_houses.jpg","contentUrl":"https:\/\/www.palmatin.com\/wp-content\/uploads\/2018\/08\/log_houses.jpg","width":1920,"height":300,"caption":"Palmatin mod\u00e8le maison en rondins, page contact"},{"@type":"BreadcrumbList","@id":"https:\/\/www.palmatin.com\/de\/ihnen-wurde-eine-e-mail-mit-einem-link-zu-unseren-standardangeboten-geschickt\/#breadcrumb","itemListElement":[{"@type":"ListItem","position":1,"name":"Home","item":"https:\/\/www.palmatin.com\/de\/"},{"@type":"ListItem","position":2,"name":"Ihnen wurde eine E-Mail mit einem Link zu unseren Standardangeboten geschickt."}]},{"@type":"WebSite","@id":"https:\/\/www.palmatin.com\/de\/#website","url":"https:\/\/www.palmatin.com\/de\/","name":"Palmatin.com","description":"Custom made wooden houses from project to assembly.","publisher":{"@id":"https:\/\/www.palmatin.com\/de\/#organization"},"inLanguage":"de"},{"@type":["Organization","Place","HomeAndConstructionBusiness"],"@id":"https:\/\/www.palmatin.com\/de\/#organization","name":"Palmatin","alternateName":"Palmatin Wooden Houses","url":"https:\/\/www.palmatin.com\/de\/","logo":{"@id":"https:\/\/www.palmatin.com\/de\/ihnen-wurde-eine-e-mail-mit-einem-link-zu-unseren-standardangeboten-geschickt\/#local-main-organization-logo"},"image":{"@id":"https:\/\/www.palmatin.com\/de\/ihnen-wurde-eine-e-mail-mit-einem-link-zu-unseren-standardangeboten-geschickt\/#local-main-organization-logo"},"sameAs":["https:\/\/www.facebook.com\/palmatin.wooden.houses","https:\/\/x.com\/palmatinhouses","https:\/\/www.instagram.com\/palmatinwoodenhouses\/","https:\/\/www.linkedin.com\/company\/palmatin-wooden-houses","https:\/\/www.pinterest.com\/palmatin\/","https:\/\/www.youtube.com\/channel\/UCS3v-T7tq4sPU5YkEvukfYg"],"description":"Palmatin wooden houses are expertly crafted, sustainable prefabricated element houses and log homes renowned for their durability, energy efficiency, and elegant Nordic design. Combining traditional building techniques with modern technology, Palmatin delivers customized living spaces that blend seamlessly with nature, ensuring comfort, quality, and eco-friendly living for generations.","legalName":"Palmatin O\u00dc","foundingDate":"1995-05-12","numberOfEmployees":{"@type":"QuantitativeValue","minValue":"11","maxValue":"50"},"address":{"@id":"https:\/\/www.palmatin.com\/de\/ihnen-wurde-eine-e-mail-mit-einem-link-zu-unseren-standardangeboten-geschickt\/#local-main-place-address"},"telephone":["(+372) 605 48 95"],"openingHoursSpecification":[{"@type":"OpeningHoursSpecification","dayOfWeek":["Monday","Tuesday","Wednesday","Thursday","Friday"],"opens":"08:00","closes":"17:00"},{"@type":"OpeningHoursSpecification","dayOfWeek":["Saturday","Sunday"],"opens":"00:00","closes":"00:00"}],"email":"info@palmatin.com","faxNumber":"(+372) 605 48 92","areaServed":"world","vatID":"EE100240388","priceRange":"$$$","currenciesAccepted":"Euros"},{"@type":"PostalAddress","@id":"https:\/\/www.palmatin.com\/de\/ihnen-wurde-eine-e-mail-mit-einem-link-zu-unseren-standardangeboten-geschickt\/#local-main-place-address","streetAddress":"Tammi tee 40b","addressLocality":"Rannamoeisa","postalCode":"76906","addressRegion":"Harju parish","addressCountry":"EE"},{"@type":"ImageObject","inLanguage":"de","@id":"https:\/\/www.palmatin.com\/de\/ihnen-wurde-eine-e-mail-mit-einem-link-zu-unseren-standardangeboten-geschickt\/#local-main-organization-logo","url":"https:\/\/www.palmatin.com\/wp-content\/uploads\/2022\/11\/Logo_wrt.jpg","contentUrl":"https:\/\/www.palmatin.com\/wp-content\/uploads\/2022\/11\/Logo_wrt.jpg","width":1458,"height":857,"caption":"Palmatin"}]},"geo.placename":"Rannamoeisa","geo.region":"Estland"},"_links":{"self":[{"href":"https:\/\/www.palmatin.com\/de\/wp-json\/wp\/v2\/pages\/10959","targetHints":{"allow":["GET"]}}],"collection":[{"href":"https:\/\/www.palmatin.com\/de\/wp-json\/wp\/v2\/pages"}],"about":[{"href":"https:\/\/www.palmatin.com\/de\/wp-json\/wp\/v2\/types\/page"}],"author":[{"embeddable":true,"href":"https:\/\/www.palmatin.com\/de\/wp-json\/wp\/v2\/users\/1"}],"replies":[{"embeddable":true,"href":"https:\/\/www.palmatin.com\/de\/wp-json\/wp\/v2\/comments?post=10959"}],"version-history":[{"count":0,"href":"https:\/\/www.palmatin.com\/de\/wp-json\/wp\/v2\/pages\/10959\/revisions"}],"wp:featuredmedia":[{"embeddable":true,"href":"https:\/\/www.palmatin.com\/de\/wp-json\/wp\/v2\/media\/1489"}],"wp:attachment":[{"href":"https:\/\/www.palmatin.com\/de\/wp-json\/wp\/v2\/media?parent=10959"}],"curies":[{"name":"wp","href":"https:\/\/api.w.org\/{rel}","templated":true}]}}